{"id":8806,"date":"2019-11-06T10:29:15","date_gmt":"2019-11-06T10:29:15","guid":{"rendered":"https:\/\/www.tiandeproducts.co.uk\/kisiel-pektynowy-z-borowkami-i-jagodami15g\/"},"modified":"2021-02-05T18:20:23","modified_gmt":"2021-02-05T18:20:23","slug":"kisiel-pektynowy-z-borowkami-i-jagodami15g","status":"publish","type":"product","link":"https:\/\/tiandeproducts.co.uk\/pl\/kisiel-pektynowy-z-borowkami-i-jagodami15g\/","title":{"rendered":"Kisiel pektynowy z bor\u00f3wkami i jagodami,15g"},"content":{"rendered":"<div class=\"description\">\n<p><img decoding=\"async\" style=\"max-width: 16px; margin-right: 5px;\" src=\"https:\/\/tiandeproducts.co.uk\/wp-content\/uploads\/points-green.svg\" \/>\u00a0Earn 2 points worth \u00a30.10 when buying this product<\/p>\n<p>Kisiel pektynowy z sokiem z jag\u00f3d i bor\u00f3wekami \u201eOdm\u0142adzaj\u0105cy\u201c pomo\u017ce Ci cofn\u0105\u0107 czas!<\/p>\n<p>Bez skrobi, wzmacniaczy smaku, konserwant\u00f3w i barwik\u00f3w &#8211; tylko naturalne sk\u0142adniki i zaledwie 38 kcal w jednej porcji!<\/p>\n<p>Kisiel od TianDe zawiera b\u0142onnik owsiany, kt\u00f3ry oczyszcza organizm, aktywny prebiotyk inulin\u0119 i pektyny. Znajduj\u0105 si\u0119 w nim tak\u017ce same \u201eodm\u0142adzaj\u0105ce\u201c sk\u0142adniki: bor\u00f3wki, jagody, imbir. Zawieraj\u0105 one specjalne sk\u0142adniki \u2013 antocyjany \u2013 naturalne barwniki, kt\u00f3re nadaj\u0105 owocom i jagodom wyrazisty kolor. Antocyjany to silne antyoksydanty, kt\u00f3re:<br \/>\n&#8211; chroni\u0105 organizm przed wolnymi rodnikami, czyli przed\u0142u\u017caj\u0105 m\u0142odo\u015b\u0107;<br \/>\n&#8211; zmniejszaj\u0105 krucho\u015b\u0107 i \u0142amliwo\u015b\u0107 naczy\u0144 krwiono\u015bnych.<\/p>\n<p>Kisiel pektynowy to smaczny spos\u00f3b na to, aby wspom\u00f3c sw\u00f3j uk\u0142ad pokarmowy! B\u0119dzie idealn\u0105 przek\u0105sk\u0105 lub uzupe\u0142nieniem podstawowych posi\u0142k\u00f3w i zajmie honorowe miejsce w Twojej codziennej diecie!<\/p>\n<p>Zapomnij o problemach z trawieniem, teraz Tw\u00f3j organizm b\u0119dzie pracowa\u0107 bez przeszk\u00f3d!<\/p>\n<p>Sk\u0142ad: fruktoza maltodekstryna; inulina, substancja zag\u0119szczaj\u0105ca: pektyna (8,2%); sproszkowane owoce bor\u00f3wek (6,5%), sok jagodowy w proszku (5,4%), b\u0142onnik owsiany, substancja zag\u0119szczaj\u0105ca: guma ksantanowa; substancja przeciwutleniaj\u0105ca: kwas cytrynowy; imbir w proszku, substancja s\u0142odz\u0105ca: glikozydy stewiolowe.<br \/>\nPrzechowywanie: w suchym i ch\u0142odnym miejscu w temperaturze do 25\u00b0C i przy wilgotno\u015bci wzgl\u0119dnej powietrza &lt;75%.<br \/>\nKraj pochodzenia: Rosja<br \/>\nDystrybutor: ISTA CORPORATION, s.r.o, Pob\u0159e\u017en\u00ed 370 \/ 4, 186 00 Praga 8, Republika Czeska<\/p>\n<\/div>\n<div class=\"instruction\">\n<p><strong>ZASTOSOWANIE:<\/strong><\/p>\n<p>Doda\u0107 180-200 ml gor\u0105cej wody, dok\u0142adnie wymiesza\u0107, w ci\u0105gu 2-3 minut produkt jest gotowy do spo\u017cycia. Zu\u017cy\u0107 tu\u017c po otwarciu.<\/p>\n<\/div>\n","protected":false},"excerpt":{"rendered":"<p>\u00a0Earn 2 points worth \u00a30.10 when buying this product Kisiel pektynowy z sokiem z jag\u00f3d i bor\u00f3wekami \u201eOdm\u0142adzaj\u0105cy\u201c pomo\u017ce Ci cofn\u0105\u0107 czas! Bez skrobi, wzmacniaczy smaku, konserwant\u00f3w i barwik\u00f3w &#8211; tylko naturalne sk\u0142adniki i zaledwie 38 kcal w jednej porcji! Kisiel od TianDe zawiera b\u0142onnik owsiany, kt\u00f3ry oczyszcza organizm, aktywny prebiotyk inulin\u0119 i pektyny. Znajduj\u0105 [&#8230;]\n","protected":false},"featured_media":6771,"comment_status":"open","ping_status":"closed","template":"","meta":[],"product_cat":[773,1371],"product_tag":[],"class_list":{"0":"post-8806","1":"product","2":"type-product","3":"status-publish","4":"has-post-thumbnail","6":"product_cat-dla-domu","7":"product_cat-zdrowe-jedzenie","9":"first","10":"outofstock","11":"shipping-taxable","12":"purchasable","13":"product-type-simple"},"yoast_head":"<!-- This site is optimized with the Yoast SEO plugin v23.6 - https:\/\/yoast.com\/wordpress\/plugins\/seo\/ -->\n<title>Kisiel pektynowy z bor\u00f3wkami i jagodami,15g - TianDe Online Shop - Beauty &amp; Health<\/title>\n<meta name=\"robots\" content=\"index, follow, max-snippet:-1, max-image-preview:large, max-video-preview:-1\" \/>\n<link rel=\"canonical\" href=\"https:\/\/tiandeproducts.co.uk\/pl\/kisiel-pektynowy-z-borowkami-i-jagodami15g\/\" \/>\n<meta property=\"og:locale\" content=\"pl_PL\" \/>\n<meta property=\"og:type\" content=\"article\" \/>\n<meta property=\"og:title\" content=\"Kisiel pektynowy z bor\u00f3wkami i jagodami,15g - TianDe Online Shop - Beauty &amp; Health\" \/>\n<meta property=\"og:description\" content=\"\u00a0Earn 2 points worth \u00a30.10 when buying this product Kisiel pektynowy z sokiem z jag\u00f3d i bor\u00f3wekami \u201eOdm\u0142adzaj\u0105cy\u201c pomo\u017ce Ci cofn\u0105\u0107 czas! Bez skrobi, wzmacniaczy smaku, konserwant\u00f3w i barwik\u00f3w &#8211; tylko naturalne sk\u0142adniki i zaledwie 38 kcal w jednej porcji! Kisiel od TianDe zawiera b\u0142onnik owsiany, kt\u00f3ry oczyszcza organizm, aktywny prebiotyk inulin\u0119 i pektyny. Znajduj\u0105 [...]\" \/>\n<meta property=\"og:url\" content=\"https:\/\/tiandeproducts.co.uk\/pl\/kisiel-pektynowy-z-borowkami-i-jagodami15g\/\" \/>\n<meta property=\"og:site_name\" content=\"TianDe Online Shop - Beauty &amp; Health\" \/>\n<meta property=\"article:publisher\" content=\"https:\/\/www.facebook.com\/tiande.products.england\/\" \/>\n<meta property=\"article:modified_time\" content=\"2021-02-05T18:20:23+00:00\" \/>\n<meta property=\"og:image\" content=\"https:\/\/tiandeproducts.co.uk\/wp-content\/uploads\/195432jpg.jpg\" \/>\n\t<meta property=\"og:image:width\" content=\"700\" \/>\n\t<meta property=\"og:image:height\" content=\"700\" \/>\n\t<meta property=\"og:image:type\" content=\"image\/jpeg\" \/>\n<meta name=\"twitter:card\" content=\"summary_large_image\" \/>\n<meta name=\"twitter:label1\" content=\"Szacowany czas czytania\" \/>\n\t<meta name=\"twitter:data1\" content=\"1 minuta\" \/>\n<script type=\"application\/ld+json\" class=\"yoast-schema-graph\">{\"@context\":\"https:\/\/schema.org\",\"@graph\":[{\"@type\":\"WebPage\",\"@id\":\"https:\/\/tiandeproducts.co.uk\/pl\/kisiel-pektynowy-z-borowkami-i-jagodami15g\/\",\"url\":\"https:\/\/tiandeproducts.co.uk\/pl\/kisiel-pektynowy-z-borowkami-i-jagodami15g\/\",\"name\":\"Kisiel pektynowy z bor\u00f3wkami i jagodami,15g - TianDe Online Shop - Beauty &amp; Health\",\"isPartOf\":{\"@id\":\"https:\/\/tiandeproducts.co.uk\/#website\"},\"primaryImageOfPage\":{\"@id\":\"https:\/\/tiandeproducts.co.uk\/pl\/kisiel-pektynowy-z-borowkami-i-jagodami15g\/#primaryimage\"},\"image\":{\"@id\":\"https:\/\/tiandeproducts.co.uk\/pl\/kisiel-pektynowy-z-borowkami-i-jagodami15g\/#primaryimage\"},\"thumbnailUrl\":\"https:\/\/tiandeproducts.co.uk\/wp-content\/uploads\/195432jpg.jpg\",\"datePublished\":\"2019-11-06T10:29:15+00:00\",\"dateModified\":\"2021-02-05T18:20:23+00:00\",\"breadcrumb\":{\"@id\":\"https:\/\/tiandeproducts.co.uk\/pl\/kisiel-pektynowy-z-borowkami-i-jagodami15g\/#breadcrumb\"},\"inLanguage\":\"pl-PL\",\"potentialAction\":[{\"@type\":\"ReadAction\",\"target\":[\"https:\/\/tiandeproducts.co.uk\/pl\/kisiel-pektynowy-z-borowkami-i-jagodami15g\/\"]}]},{\"@type\":\"ImageObject\",\"inLanguage\":\"pl-PL\",\"@id\":\"https:\/\/tiandeproducts.co.uk\/pl\/kisiel-pektynowy-z-borowkami-i-jagodami15g\/#primaryimage\",\"url\":\"https:\/\/tiandeproducts.co.uk\/wp-content\/uploads\/195432jpg.jpg\",\"contentUrl\":\"https:\/\/tiandeproducts.co.uk\/wp-content\/uploads\/195432jpg.jpg\",\"width\":700,\"height\":700},{\"@type\":\"BreadcrumbList\",\"@id\":\"https:\/\/tiandeproducts.co.uk\/pl\/kisiel-pektynowy-z-borowkami-i-jagodami15g\/#breadcrumb\",\"itemListElement\":[{\"@type\":\"ListItem\",\"position\":1,\"name\":\"Home\",\"item\":\"https:\/\/tiandeproducts.co.uk\/pl\/\"},{\"@type\":\"ListItem\",\"position\":2,\"name\":\"Shop\",\"item\":\"https:\/\/tiandeproducts.co.uk\/pl\/shop-2\/\"},{\"@type\":\"ListItem\",\"position\":3,\"name\":\"Kisiel pektynowy z bor\u00f3wkami i jagodami,15g\"}]},{\"@type\":\"WebSite\",\"@id\":\"https:\/\/tiandeproducts.co.uk\/#website\",\"url\":\"https:\/\/tiandeproducts.co.uk\/\",\"name\":\"TianDe Online Shop - Beauty & Health\",\"description\":\"Traditional Chinese Medicine\",\"potentialAction\":[{\"@type\":\"SearchAction\",\"target\":{\"@type\":\"EntryPoint\",\"urlTemplate\":\"https:\/\/tiandeproducts.co.uk\/?s={search_term_string}\"},\"query-input\":{\"@type\":\"PropertyValueSpecification\",\"valueRequired\":true,\"valueName\":\"search_term_string\"}}],\"inLanguage\":\"pl-PL\"}]}<\/script>\n<!-- \/ Yoast SEO plugin. -->","yoast_head_json":{"title":"Kisiel pektynowy z bor\u00f3wkami i jagodami,15g - TianDe Online Shop - Beauty &amp; Health","robots":{"index":"index","follow":"follow","max-snippet":"max-snippet:-1","max-image-preview":"max-image-preview:large","max-video-preview":"max-video-preview:-1"},"canonical":"https:\/\/tiandeproducts.co.uk\/pl\/kisiel-pektynowy-z-borowkami-i-jagodami15g\/","og_locale":"pl_PL","og_type":"article","og_title":"Kisiel pektynowy z bor\u00f3wkami i jagodami,15g - TianDe Online Shop - Beauty &amp; Health","og_description":"\u00a0Earn 2 points worth \u00a30.10 when buying this product Kisiel pektynowy z sokiem z jag\u00f3d i bor\u00f3wekami \u201eOdm\u0142adzaj\u0105cy\u201c pomo\u017ce Ci cofn\u0105\u0107 czas! Bez skrobi, wzmacniaczy smaku, konserwant\u00f3w i barwik\u00f3w &#8211; tylko naturalne sk\u0142adniki i zaledwie 38 kcal w jednej porcji! Kisiel od TianDe zawiera b\u0142onnik owsiany, kt\u00f3ry oczyszcza organizm, aktywny prebiotyk inulin\u0119 i pektyny. Znajduj\u0105 [...]","og_url":"https:\/\/tiandeproducts.co.uk\/pl\/kisiel-pektynowy-z-borowkami-i-jagodami15g\/","og_site_name":"TianDe Online Shop - Beauty &amp; Health","article_publisher":"https:\/\/www.facebook.com\/tiande.products.england\/","article_modified_time":"2021-02-05T18:20:23+00:00","og_image":[{"width":700,"height":700,"url":"https:\/\/tiandeproducts.co.uk\/wp-content\/uploads\/195432jpg.jpg","type":"image\/jpeg"}],"twitter_card":"summary_large_image","twitter_misc":{"Szacowany czas czytania":"1 minuta"},"schema":{"@context":"https:\/\/schema.org","@graph":[{"@type":"WebPage","@id":"https:\/\/tiandeproducts.co.uk\/pl\/kisiel-pektynowy-z-borowkami-i-jagodami15g\/","url":"https:\/\/tiandeproducts.co.uk\/pl\/kisiel-pektynowy-z-borowkami-i-jagodami15g\/","name":"Kisiel pektynowy z bor\u00f3wkami i jagodami,15g - TianDe Online Shop - Beauty &amp; Health","isPartOf":{"@id":"https:\/\/tiandeproducts.co.uk\/#website"},"primaryImageOfPage":{"@id":"https:\/\/tiandeproducts.co.uk\/pl\/kisiel-pektynowy-z-borowkami-i-jagodami15g\/#primaryimage"},"image":{"@id":"https:\/\/tiandeproducts.co.uk\/pl\/kisiel-pektynowy-z-borowkami-i-jagodami15g\/#primaryimage"},"thumbnailUrl":"https:\/\/tiandeproducts.co.uk\/wp-content\/uploads\/195432jpg.jpg","datePublished":"2019-11-06T10:29:15+00:00","dateModified":"2021-02-05T18:20:23+00:00","breadcrumb":{"@id":"https:\/\/tiandeproducts.co.uk\/pl\/kisiel-pektynowy-z-borowkami-i-jagodami15g\/#breadcrumb"},"inLanguage":"pl-PL","potentialAction":[{"@type":"ReadAction","target":["https:\/\/tiandeproducts.co.uk\/pl\/kisiel-pektynowy-z-borowkami-i-jagodami15g\/"]}]},{"@type":"ImageObject","inLanguage":"pl-PL","@id":"https:\/\/tiandeproducts.co.uk\/pl\/kisiel-pektynowy-z-borowkami-i-jagodami15g\/#primaryimage","url":"https:\/\/tiandeproducts.co.uk\/wp-content\/uploads\/195432jpg.jpg","contentUrl":"https:\/\/tiandeproducts.co.uk\/wp-content\/uploads\/195432jpg.jpg","width":700,"height":700},{"@type":"BreadcrumbList","@id":"https:\/\/tiandeproducts.co.uk\/pl\/kisiel-pektynowy-z-borowkami-i-jagodami15g\/#breadcrumb","itemListElement":[{"@type":"ListItem","position":1,"name":"Home","item":"https:\/\/tiandeproducts.co.uk\/pl\/"},{"@type":"ListItem","position":2,"name":"Shop","item":"https:\/\/tiandeproducts.co.uk\/pl\/shop-2\/"},{"@type":"ListItem","position":3,"name":"Kisiel pektynowy z bor\u00f3wkami i jagodami,15g"}]},{"@type":"WebSite","@id":"https:\/\/tiandeproducts.co.uk\/#website","url":"https:\/\/tiandeproducts.co.uk\/","name":"TianDe Online Shop - Beauty & Health","description":"Traditional Chinese Medicine","potentialAction":[{"@type":"SearchAction","target":{"@type":"EntryPoint","urlTemplate":"https:\/\/tiandeproducts.co.uk\/?s={search_term_string}"},"query-input":{"@type":"PropertyValueSpecification","valueRequired":true,"valueName":"search_term_string"}}],"inLanguage":"pl-PL"}]}},"_links":{"self":[{"href":"https:\/\/tiandeproducts.co.uk\/pl\/wp-json\/wp\/v2\/product\/8806","targetHints":{"allow":["GET"]}}],"collection":[{"href":"https:\/\/tiandeproducts.co.uk\/pl\/wp-json\/wp\/v2\/product"}],"about":[{"href":"https:\/\/tiandeproducts.co.uk\/pl\/wp-json\/wp\/v2\/types\/product"}],"replies":[{"embeddable":true,"href":"https:\/\/tiandeproducts.co.uk\/pl\/wp-json\/wp\/v2\/comments?post=8806"}],"wp:featuredmedia":[{"embeddable":true,"href":"https:\/\/tiandeproducts.co.uk\/pl\/wp-json\/wp\/v2\/media\/6771"}],"wp:attachment":[{"href":"https:\/\/tiandeproducts.co.uk\/pl\/wp-json\/wp\/v2\/media?parent=8806"}],"wp:term":[{"taxonomy":"product_cat","embeddable":true,"href":"https:\/\/tiandeproducts.co.uk\/pl\/wp-json\/wp\/v2\/product_cat?post=8806"},{"taxonomy":"product_tag","embeddable":true,"href":"https:\/\/tiandeproducts.co.uk\/pl\/wp-json\/wp\/v2\/product_tag?post=8806"}],"curies":[{"name":"wp","href":"https:\/\/api.w.org\/{rel}","templated":true}]}}