{"id":8804,"date":"2019-11-06T10:24:55","date_gmt":"2019-11-06T10:24:55","guid":{"rendered":"https:\/\/www.tiandeproducts.co.uk\/zupa-kremowa-z-brokulem-dynia-i-soczewica25g\/"},"modified":"2021-02-05T18:25:58","modified_gmt":"2021-02-05T18:25:58","slug":"zupa-kremowa-z-brokulem-dynia-i-soczewica25g","status":"publish","type":"product","link":"https:\/\/tiandeproducts.co.uk\/pl\/zupa-kremowa-z-brokulem-dynia-i-soczewica25g\/","title":{"rendered":"Zupa kremowa z broku\u0142em, dyni\u0105 i soczewic\u0105,25g"},"content":{"rendered":"<div class=\"description\">\n<p><img decoding=\"async\" style=\"max-width: 16px; margin-right: 5px;\" src=\"https:\/\/tiandeproducts.co.uk\/wp-content\/uploads\/points-green.svg\" \/>\u00a0Earn 2 points worth \u00a30.10 when buying this product<\/p>\n<p>Zupa kremowa z broku\u0142em, dyni\u0105 i soczewic\u0105 to idealnie zbilansowane warzywa i zio\u0142a, a zaledwie 5 minut Twojego czasu! Jest idealna dla os\u00f3b, kt\u00f3re chc\u0105 zadba\u0107 o swoj\u0105 figur\u0119, gdy\u017c w ka\u017cdej porcji znajduje si\u0119 zaledwie 36 kalorii!<\/p>\n<p>Zupa kremowa od TianDe jest przygotowana w 100% z produkt\u00f3w naturalnych i nie zawiera konserwant\u00f3w. Ciesz si\u0119 zdrowymi posi\u0142kami i nie tra\u0107 wolnego czasu na gotowanie!<\/p>\n<p>Jaki jest sk\u0142ad zupy? Naturalne warzywa i zio\u0142a, a tak\u017ce substancje aktywne, kt\u00f3re maj\u0105 niewiarygodnie korzystny wp\u0142yw na organizm! To inulina &#8211; rozpuszczalny b\u0142onnik poprawiaj\u0105cy trawienie oraz lecytyna &#8211; materia\u0142 budulcowy b\u0142on kom\u00f3rkowych.<\/p>\n<p>Sk\u0142adniki aktywne zupy kremowej s\u0105 \u017ar\u00f3d\u0142em niezast\u0105pionych dla organizmu substancji: \u201esportowych\u201c, \u201eintelektualnych\u201c i \u201eregeneruj\u0105cych\u201c aminokwas\u00f3w, witaminy C &#8211; g\u0142\u00f3wnego \u201etowarzysza\u201c odporno\u015bci oraz skwalenu, \u201eregeneratora\u201c kom\u00f3rek.<\/p>\n<p>Zupa kremowa od TianDe zauwa\u017calnie u\u0142atwia proces trawienia. Zawiera niezb\u0119dne dla cz\u0142owieka produkty bia\u0142kowe, warzywa i w\u0119glowodany z\u0142o\u017cone. W zwi\u0105zku z tym, \u017ce posi\u0142ek zawiera ma\u0142o t\u0142uszczu, a sk\u0142adniki s\u0105 drobno zmielone, jest on z \u0142atwo\u015bci\u0105 trawiony w uk\u0142adzie pokarmowym. Witaminy i mikroelementy szybko si\u0119 wch\u0142aniaj\u0105, a z\u0142ogi i toksyny r\u00f3wnie szybko s\u0105 usuwane z organizmu. Zupa kremowa wspomaga w\u0142asn\u0105 flor\u0119 bakteryjn\u0105 jelit i poprawia ich perystaltyk\u0119.<\/p>\n<p>Dzi\u0119ki w\u0142a\u015bciwo\u015bciom warzyw wchodz\u0105cych w sk\u0142ad posi\u0142ku, zupa kremowa pomaga odbudowa\u0107 odporno\u015b\u0107. Zawiera warzywa kapustowate &#8211; broku\u0142y i szpinak, \u017ar\u00f3d\u0142o specjalnej substancji \u2013 indolo-3-karbinolu, kt\u00f3ry dobroczynnie wp\u0142ywa na uk\u0142ad rozrodczy kobiet i m\u0119\u017cczyzn. Ciesz si\u0119 odmiennym smakiem z korzy\u015bci\u0105 dla zdrowia!<\/p>\n<p>Sk\u0142ad: p\u0142atki ziemniaczane, m\u0105ka amarantusowa, m\u0105ka z soczewicy (15%), inulina, sproszkowany broku\u0142 (8%), sproszkowana dynia (7%), sproszkowany szpinak, emulgator: lecytyna s\u0142onecznikowa; syrop skrobiowy, olej s\u0142onecznikowy, papryka mielona, sproszkowana marchew, s\u00f3l spo\u017cywcza, sproszkowany koper, sproszkowany czosnek, substancje przeciwzbrylaj\u0105ce: ditlenek krzemu; ziele angielskie, kazeinian sodu, stabilizatory: fosforany potasu, polifosforany; emulgatory: mono- i diglicerydy kwas\u00f3w t\u0142uszczowych oraz stearoilomleczan sodu, przeciwutleniacz: kwas askorbinowy.<br \/>\nPrzechowywanie: przechowywa\u0107 w suchym i ch\u0142odnym miejscu w temperaturze do 25 \u00b0 C i przy wilgotno\u015bci wzgl\u0119dnej powietrza &lt;75%.<br \/>\nKraj pochodzenia: Rosja<br \/>\nDystrybutor: ISTA CORPORATION, s.r.o, Pob\u0159e\u017en\u00ed 370 \/ 4, 186 00 Praga 8, Republika Czeska<\/p>\n<\/div>\n<div class=\"instruction\">\n<p><strong>ZASTOSOWANIE:<\/strong><\/p>\n<p>Doda\u0107 100-120 ml gor\u0105cej wody, dok\u0142adnie wymiesza\u0107, po 2-3 minutach produkt jest gotowy do spo\u017cycia. Spo\u017cy\u0107 tu\u017c po otwarciu.<\/p>\n<\/div>\n","protected":false},"excerpt":{"rendered":"<p>\u00a0Earn 2 points worth \u00a30.10 when buying this product Zupa kremowa z broku\u0142em, dyni\u0105 i soczewic\u0105 to idealnie zbilansowane warzywa i zio\u0142a, a zaledwie 5 minut Twojego czasu! Jest idealna dla os\u00f3b, kt\u00f3re chc\u0105 zadba\u0107 o swoj\u0105 figur\u0119, gdy\u017c w ka\u017cdej porcji znajduje si\u0119 zaledwie 36 kalorii! Zupa kremowa od TianDe jest przygotowana w 100% [&#8230;]\n","protected":false},"featured_media":6761,"comment_status":"open","ping_status":"closed","template":"","meta":[],"product_cat":[773,1371],"product_tag":[],"class_list":{"0":"post-8804","1":"product","2":"type-product","3":"status-publish","4":"has-post-thumbnail","6":"product_cat-dla-domu","7":"product_cat-zdrowe-jedzenie","9":"first","10":"outofstock","11":"shipping-taxable","12":"purchasable","13":"product-type-simple"},"yoast_head":"<!-- This site is optimized with the Yoast SEO plugin v23.6 - https:\/\/yoast.com\/wordpress\/plugins\/seo\/ -->\n<title>Zupa kremowa z broku\u0142em, dyni\u0105 i soczewic\u0105,25g - TianDe Online Shop - Beauty &amp; Health<\/title>\n<meta name=\"robots\" content=\"index, follow, max-snippet:-1, max-image-preview:large, max-video-preview:-1\" \/>\n<link rel=\"canonical\" href=\"https:\/\/tiandeproducts.co.uk\/pl\/zupa-kremowa-z-brokulem-dynia-i-soczewica25g\/\" \/>\n<meta property=\"og:locale\" content=\"pl_PL\" \/>\n<meta property=\"og:type\" content=\"article\" \/>\n<meta property=\"og:title\" content=\"Zupa kremowa z broku\u0142em, dyni\u0105 i soczewic\u0105,25g - TianDe Online Shop - Beauty &amp; Health\" \/>\n<meta property=\"og:description\" content=\"\u00a0Earn 2 points worth \u00a30.10 when buying this product Zupa kremowa z broku\u0142em, dyni\u0105 i soczewic\u0105 to idealnie zbilansowane warzywa i zio\u0142a, a zaledwie 5 minut Twojego czasu! Jest idealna dla os\u00f3b, kt\u00f3re chc\u0105 zadba\u0107 o swoj\u0105 figur\u0119, gdy\u017c w ka\u017cdej porcji znajduje si\u0119 zaledwie 36 kalorii! Zupa kremowa od TianDe jest przygotowana w 100% [...]\" \/>\n<meta property=\"og:url\" content=\"https:\/\/tiandeproducts.co.uk\/pl\/zupa-kremowa-z-brokulem-dynia-i-soczewica25g\/\" \/>\n<meta property=\"og:site_name\" content=\"TianDe Online Shop - Beauty &amp; Health\" \/>\n<meta property=\"article:publisher\" content=\"https:\/\/www.facebook.com\/tiande.products.england\/\" \/>\n<meta property=\"article:modified_time\" content=\"2021-02-05T18:25:58+00:00\" \/>\n<meta property=\"og:image\" content=\"https:\/\/tiandeproducts.co.uk\/wp-content\/uploads\/195434.jpg\" \/>\n\t<meta property=\"og:image:width\" content=\"700\" \/>\n\t<meta property=\"og:image:height\" content=\"700\" \/>\n\t<meta property=\"og:image:type\" content=\"image\/jpeg\" \/>\n<meta name=\"twitter:card\" content=\"summary_large_image\" \/>\n<meta name=\"twitter:label1\" content=\"Szacowany czas czytania\" \/>\n\t<meta name=\"twitter:data1\" content=\"2 minuty\" \/>\n<script type=\"application\/ld+json\" class=\"yoast-schema-graph\">{\"@context\":\"https:\/\/schema.org\",\"@graph\":[{\"@type\":\"WebPage\",\"@id\":\"https:\/\/tiandeproducts.co.uk\/pl\/zupa-kremowa-z-brokulem-dynia-i-soczewica25g\/\",\"url\":\"https:\/\/tiandeproducts.co.uk\/pl\/zupa-kremowa-z-brokulem-dynia-i-soczewica25g\/\",\"name\":\"Zupa kremowa z broku\u0142em, dyni\u0105 i soczewic\u0105,25g - TianDe Online Shop - Beauty &amp; Health\",\"isPartOf\":{\"@id\":\"https:\/\/tiandeproducts.co.uk\/#website\"},\"primaryImageOfPage\":{\"@id\":\"https:\/\/tiandeproducts.co.uk\/pl\/zupa-kremowa-z-brokulem-dynia-i-soczewica25g\/#primaryimage\"},\"image\":{\"@id\":\"https:\/\/tiandeproducts.co.uk\/pl\/zupa-kremowa-z-brokulem-dynia-i-soczewica25g\/#primaryimage\"},\"thumbnailUrl\":\"https:\/\/tiandeproducts.co.uk\/wp-content\/uploads\/195434.jpg\",\"datePublished\":\"2019-11-06T10:24:55+00:00\",\"dateModified\":\"2021-02-05T18:25:58+00:00\",\"breadcrumb\":{\"@id\":\"https:\/\/tiandeproducts.co.uk\/pl\/zupa-kremowa-z-brokulem-dynia-i-soczewica25g\/#breadcrumb\"},\"inLanguage\":\"pl-PL\",\"potentialAction\":[{\"@type\":\"ReadAction\",\"target\":[\"https:\/\/tiandeproducts.co.uk\/pl\/zupa-kremowa-z-brokulem-dynia-i-soczewica25g\/\"]}]},{\"@type\":\"ImageObject\",\"inLanguage\":\"pl-PL\",\"@id\":\"https:\/\/tiandeproducts.co.uk\/pl\/zupa-kremowa-z-brokulem-dynia-i-soczewica25g\/#primaryimage\",\"url\":\"https:\/\/tiandeproducts.co.uk\/wp-content\/uploads\/195434.jpg\",\"contentUrl\":\"https:\/\/tiandeproducts.co.uk\/wp-content\/uploads\/195434.jpg\",\"width\":700,\"height\":700},{\"@type\":\"BreadcrumbList\",\"@id\":\"https:\/\/tiandeproducts.co.uk\/pl\/zupa-kremowa-z-brokulem-dynia-i-soczewica25g\/#breadcrumb\",\"itemListElement\":[{\"@type\":\"ListItem\",\"position\":1,\"name\":\"Home\",\"item\":\"https:\/\/tiandeproducts.co.uk\/pl\/\"},{\"@type\":\"ListItem\",\"position\":2,\"name\":\"Shop\",\"item\":\"https:\/\/tiandeproducts.co.uk\/pl\/shop-2\/\"},{\"@type\":\"ListItem\",\"position\":3,\"name\":\"Zupa kremowa z broku\u0142em, dyni\u0105 i soczewic\u0105,25g\"}]},{\"@type\":\"WebSite\",\"@id\":\"https:\/\/tiandeproducts.co.uk\/#website\",\"url\":\"https:\/\/tiandeproducts.co.uk\/\",\"name\":\"TianDe Online Shop - Beauty & Health\",\"description\":\"Traditional Chinese Medicine\",\"potentialAction\":[{\"@type\":\"SearchAction\",\"target\":{\"@type\":\"EntryPoint\",\"urlTemplate\":\"https:\/\/tiandeproducts.co.uk\/?s={search_term_string}\"},\"query-input\":{\"@type\":\"PropertyValueSpecification\",\"valueRequired\":true,\"valueName\":\"search_term_string\"}}],\"inLanguage\":\"pl-PL\"}]}<\/script>\n<!-- \/ Yoast SEO plugin. -->","yoast_head_json":{"title":"Zupa kremowa z broku\u0142em, dyni\u0105 i soczewic\u0105,25g - TianDe Online Shop - Beauty &amp; Health","robots":{"index":"index","follow":"follow","max-snippet":"max-snippet:-1","max-image-preview":"max-image-preview:large","max-video-preview":"max-video-preview:-1"},"canonical":"https:\/\/tiandeproducts.co.uk\/pl\/zupa-kremowa-z-brokulem-dynia-i-soczewica25g\/","og_locale":"pl_PL","og_type":"article","og_title":"Zupa kremowa z broku\u0142em, dyni\u0105 i soczewic\u0105,25g - TianDe Online Shop - Beauty &amp; Health","og_description":"\u00a0Earn 2 points worth \u00a30.10 when buying this product Zupa kremowa z broku\u0142em, dyni\u0105 i soczewic\u0105 to idealnie zbilansowane warzywa i zio\u0142a, a zaledwie 5 minut Twojego czasu! Jest idealna dla os\u00f3b, kt\u00f3re chc\u0105 zadba\u0107 o swoj\u0105 figur\u0119, gdy\u017c w ka\u017cdej porcji znajduje si\u0119 zaledwie 36 kalorii! Zupa kremowa od TianDe jest przygotowana w 100% [...]","og_url":"https:\/\/tiandeproducts.co.uk\/pl\/zupa-kremowa-z-brokulem-dynia-i-soczewica25g\/","og_site_name":"TianDe Online Shop - Beauty &amp; Health","article_publisher":"https:\/\/www.facebook.com\/tiande.products.england\/","article_modified_time":"2021-02-05T18:25:58+00:00","og_image":[{"width":700,"height":700,"url":"https:\/\/tiandeproducts.co.uk\/wp-content\/uploads\/195434.jpg","type":"image\/jpeg"}],"twitter_card":"summary_large_image","twitter_misc":{"Szacowany czas czytania":"2 minuty"},"schema":{"@context":"https:\/\/schema.org","@graph":[{"@type":"WebPage","@id":"https:\/\/tiandeproducts.co.uk\/pl\/zupa-kremowa-z-brokulem-dynia-i-soczewica25g\/","url":"https:\/\/tiandeproducts.co.uk\/pl\/zupa-kremowa-z-brokulem-dynia-i-soczewica25g\/","name":"Zupa kremowa z broku\u0142em, dyni\u0105 i soczewic\u0105,25g - TianDe Online Shop - Beauty &amp; Health","isPartOf":{"@id":"https:\/\/tiandeproducts.co.uk\/#website"},"primaryImageOfPage":{"@id":"https:\/\/tiandeproducts.co.uk\/pl\/zupa-kremowa-z-brokulem-dynia-i-soczewica25g\/#primaryimage"},"image":{"@id":"https:\/\/tiandeproducts.co.uk\/pl\/zupa-kremowa-z-brokulem-dynia-i-soczewica25g\/#primaryimage"},"thumbnailUrl":"https:\/\/tiandeproducts.co.uk\/wp-content\/uploads\/195434.jpg","datePublished":"2019-11-06T10:24:55+00:00","dateModified":"2021-02-05T18:25:58+00:00","breadcrumb":{"@id":"https:\/\/tiandeproducts.co.uk\/pl\/zupa-kremowa-z-brokulem-dynia-i-soczewica25g\/#breadcrumb"},"inLanguage":"pl-PL","potentialAction":[{"@type":"ReadAction","target":["https:\/\/tiandeproducts.co.uk\/pl\/zupa-kremowa-z-brokulem-dynia-i-soczewica25g\/"]}]},{"@type":"ImageObject","inLanguage":"pl-PL","@id":"https:\/\/tiandeproducts.co.uk\/pl\/zupa-kremowa-z-brokulem-dynia-i-soczewica25g\/#primaryimage","url":"https:\/\/tiandeproducts.co.uk\/wp-content\/uploads\/195434.jpg","contentUrl":"https:\/\/tiandeproducts.co.uk\/wp-content\/uploads\/195434.jpg","width":700,"height":700},{"@type":"BreadcrumbList","@id":"https:\/\/tiandeproducts.co.uk\/pl\/zupa-kremowa-z-brokulem-dynia-i-soczewica25g\/#breadcrumb","itemListElement":[{"@type":"ListItem","position":1,"name":"Home","item":"https:\/\/tiandeproducts.co.uk\/pl\/"},{"@type":"ListItem","position":2,"name":"Shop","item":"https:\/\/tiandeproducts.co.uk\/pl\/shop-2\/"},{"@type":"ListItem","position":3,"name":"Zupa kremowa z broku\u0142em, dyni\u0105 i soczewic\u0105,25g"}]},{"@type":"WebSite","@id":"https:\/\/tiandeproducts.co.uk\/#website","url":"https:\/\/tiandeproducts.co.uk\/","name":"TianDe Online Shop - Beauty & Health","description":"Traditional Chinese Medicine","potentialAction":[{"@type":"SearchAction","target":{"@type":"EntryPoint","urlTemplate":"https:\/\/tiandeproducts.co.uk\/?s={search_term_string}"},"query-input":{"@type":"PropertyValueSpecification","valueRequired":true,"valueName":"search_term_string"}}],"inLanguage":"pl-PL"}]}},"_links":{"self":[{"href":"https:\/\/tiandeproducts.co.uk\/pl\/wp-json\/wp\/v2\/product\/8804","targetHints":{"allow":["GET"]}}],"collection":[{"href":"https:\/\/tiandeproducts.co.uk\/pl\/wp-json\/wp\/v2\/product"}],"about":[{"href":"https:\/\/tiandeproducts.co.uk\/pl\/wp-json\/wp\/v2\/types\/product"}],"replies":[{"embeddable":true,"href":"https:\/\/tiandeproducts.co.uk\/pl\/wp-json\/wp\/v2\/comments?post=8804"}],"wp:featuredmedia":[{"embeddable":true,"href":"https:\/\/tiandeproducts.co.uk\/pl\/wp-json\/wp\/v2\/media\/6761"}],"wp:attachment":[{"href":"https:\/\/tiandeproducts.co.uk\/pl\/wp-json\/wp\/v2\/media?parent=8804"}],"wp:term":[{"taxonomy":"product_cat","embeddable":true,"href":"https:\/\/tiandeproducts.co.uk\/pl\/wp-json\/wp\/v2\/product_cat?post=8804"},{"taxonomy":"product_tag","embeddable":true,"href":"https:\/\/tiandeproducts.co.uk\/pl\/wp-json\/wp\/v2\/product_tag?post=8804"}],"curies":[{"name":"wp","href":"https:\/\/api.w.org\/{rel}","templated":true}]}}