{"id":8803,"date":"2019-11-06T10:21:48","date_gmt":"2019-11-06T10:21:48","guid":{"rendered":"https:\/\/www.tiandeproducts.co.uk\/kaszka-gryczano-amarantusowa-z-grzybami-shiitake35g\/"},"modified":"2021-02-05T18:27:25","modified_gmt":"2021-02-05T18:27:25","slug":"kaszka-gryczano-amarantusowa-z-grzybami-shiitake35g","status":"publish","type":"product","link":"https:\/\/tiandeproducts.co.uk\/pl\/kaszka-gryczano-amarantusowa-z-grzybami-shiitake35g\/","title":{"rendered":"Kaszka gryczano-amarantusowa z grzybami shiitake,35g"},"content":{"rendered":"<div class=\"description\">\n<p><img decoding=\"async\" style=\"max-width: 16px; margin-right: 5px;\" src=\"https:\/\/tiandeproducts.co.uk\/wp-content\/uploads\/points-green.svg\" \/>\u00a0Earn 2 points worth \u00a30.10 when buying this product<\/p>\n<p>Dlaczego uznaje si\u0119, \u017ce kasza to najlepszy spos\u00f3b na \u015bniadanie, idealna potrawa na obiad czy kolacj\u0119? To bardzo proste: kasze to rodzaj zb\u00f3\u017c bogatych w b\u0142onnik, witaminy, cenne bia\u0142ko ro\u015blinne, d\u0142ugo rozk\u0142adaj\u0105ce si\u0119 w\u0119glowodany, a jednocze\u015bnie stosunkowo niskokalorycznych. Kasza daje uczucie syto\u015bci na d\u0142ugo, nie obci\u0105\u017ca dodatkowo uk\u0142adu pokarmowego, uczy przestrzegania regularnego od\u017cywiania, zmusza organizm do \u201epobudki\u201c i niepodjadania mi\u0119dzy posi\u0142kami. Wszystko to pomaga je\u015b\u0107 mniej \u2013 jest to szczeg\u00f3lnie korzystne, je\u015bli starasz si\u0119 kontrolowa\u0107 ilo\u015b\u0107 jedzenia na drodze do smuk\u0142ej sylwetki.<\/p>\n<p>Kasza gryczano-amarantusowa z grzybami shiitake od TianDe to wspania\u0142y smak i korzy\u015bci! Nie trzeba jej gotowa\u0107, wystarczy zala\u0107 wrz\u0105tkiem, a po kilku minutach smaczny i od\u017cywczy posi\u0142ek b\u0119dzie gotowy!<\/p>\n<p>To znakomite wsparcie dla funkcjonowania uk\u0142adu pokarmowego.<br \/>\n&#8211; B\u0142onnik, kt\u00f3ry znajduje si\u0119 w du\u017cych ilo\u015bciach w kaszy gryczanej, pomaga zapobiec zaka\u017ceniom bakteryjnym jelit, a nawet przybieraniu na wadze.<br \/>\n&#8211; Amarantus wchodz\u0105cy w sk\u0142ad kaszy to \u017ar\u00f3d\u0142o d\u0142ugowieczno\u015bci, si\u0142y i energii. Staro\u017cytni Aztekowie stosowali amarantus do karmienia noworodk\u00f3w, a ziarna tej ro\u015bliny wojownicy zabierali ze sob\u0105 na ci\u0119\u017ckie wyprawy jako \u017ar\u00f3d\u0142o si\u0142y i zdrowia.<br \/>\n&#8211; Grzyby shiitake na Wschodzie s\u0105 uznawane za symbol d\u0142ugowieczno\u015bci.<\/p>\n<p>Sk\u0142ad kaszy jest doprawiony aromatycznymi warzywami i przyprawami. Jest to produkt w 100% naturalny dla os\u00f3b, kt\u00f3re chc\u0105:<br \/>\n&#8211; unormowa\u0107 i utrzyma\u0107 wag\u0119 cia\u0142a;<br \/>\n&#8211; oczy\u015bci\u0107 organizm ze z\u0142og\u00f3w i toksyn;<br \/>\n&#8211; wspom\u00f3c prac\u0119 organ\u00f3w wewn\u0119trznych i spowolni\u0107 procesy starzenia;<br \/>\n&#8211; zwi\u0119kszy\u0107 odporno\u015b\u0107 i rzadziej chorowa\u0107.<\/p>\n<p>Uwzgl\u0119dnij w swojej diecie korzystny posi\u0142ek \u2013 kasz\u0119 gryczano-amarantusow\u0105 z grzybami shiitake!<\/p>\n<p>Sk\u0142ad: p\u0142atki gryczane (73%), kasza amarantusowa (10%), sproszkowane grzyby shiitake (5%), s\u00f3l spo\u017cywcza, emulgator: lecytyna, sproszkowana marchew, sproszkowana cebula, mielona papryka, sproszkowany koperek, sproszkowany czosnek, sproszkowane ziele angielskie, substancja przeciwzbrylaj\u0105ca: ditlenek krzemu; przeciwutleniacz: kwas askorbinowy.<br \/>\nPrzechowywanie: w suchym i ch\u0142odnym miejscu w temperaturze do 25\u00b0C i wilgotno\u015bci wzgl\u0119dnej powietrza &lt;75%.<br \/>\nKraj pochodzenia: Rosja<br \/>\nDystrybutor: ISTA CORPORATION, s.r.o., Pob\u0159e\u017en\u00ed 370 \/ 4, 186 00 Praga 8, Republika Czeska<\/p>\n<\/div>\n<div class=\"instruction\">\n<p><strong>ZASTOSOWANIE:<\/strong><\/p>\n<p>Doda\u0107 75-80 ml gor\u0105cej wody, dok\u0142adnie wymiesza\u0107, w ci\u0105gu 3-5 minut produkt jest gotowy do spo\u017cycia. Spo\u017cy\u0107 tu\u017c po otwarciu.<\/p>\n<\/div>\n","protected":false},"excerpt":{"rendered":"<p>\u00a0Earn 2 points worth \u00a30.10 when buying this product Dlaczego uznaje si\u0119, \u017ce kasza to najlepszy spos\u00f3b na \u015bniadanie, idealna potrawa na obiad czy kolacj\u0119? To bardzo proste: kasze to rodzaj zb\u00f3\u017c bogatych w b\u0142onnik, witaminy, cenne bia\u0142ko ro\u015blinne, d\u0142ugo rozk\u0142adaj\u0105ce si\u0119 w\u0119glowodany, a jednocze\u015bnie stosunkowo niskokalorycznych. Kasza daje uczucie syto\u015bci na d\u0142ugo, nie obci\u0105\u017ca [&#8230;]\n","protected":false},"featured_media":6756,"comment_status":"open","ping_status":"closed","template":"","meta":[],"product_cat":[773,1371],"product_tag":[],"class_list":{"0":"post-8803","1":"product","2":"type-product","3":"status-publish","4":"has-post-thumbnail","6":"product_cat-dla-domu","7":"product_cat-zdrowe-jedzenie","9":"first","10":"outofstock","11":"shipping-taxable","12":"purchasable","13":"product-type-simple"},"yoast_head":"<!-- This site is optimized with the Yoast SEO plugin v23.6 - https:\/\/yoast.com\/wordpress\/plugins\/seo\/ -->\n<title>Kaszka gryczano-amarantusowa z grzybami shiitake,35g - TianDe Online Shop - Beauty &amp; Health<\/title>\n<meta name=\"robots\" content=\"index, follow, max-snippet:-1, max-image-preview:large, max-video-preview:-1\" \/>\n<link rel=\"canonical\" href=\"https:\/\/tiandeproducts.co.uk\/pl\/kaszka-gryczano-amarantusowa-z-grzybami-shiitake35g\/\" \/>\n<meta property=\"og:locale\" content=\"pl_PL\" \/>\n<meta property=\"og:type\" content=\"article\" \/>\n<meta property=\"og:title\" content=\"Kaszka gryczano-amarantusowa z grzybami shiitake,35g - TianDe Online Shop - Beauty &amp; Health\" \/>\n<meta property=\"og:description\" content=\"\u00a0Earn 2 points worth \u00a30.10 when buying this product Dlaczego uznaje si\u0119, \u017ce kasza to najlepszy spos\u00f3b na \u015bniadanie, idealna potrawa na obiad czy kolacj\u0119? To bardzo proste: kasze to rodzaj zb\u00f3\u017c bogatych w b\u0142onnik, witaminy, cenne bia\u0142ko ro\u015blinne, d\u0142ugo rozk\u0142adaj\u0105ce si\u0119 w\u0119glowodany, a jednocze\u015bnie stosunkowo niskokalorycznych. Kasza daje uczucie syto\u015bci na d\u0142ugo, nie obci\u0105\u017ca [...]\" \/>\n<meta property=\"og:url\" content=\"https:\/\/tiandeproducts.co.uk\/pl\/kaszka-gryczano-amarantusowa-z-grzybami-shiitake35g\/\" \/>\n<meta property=\"og:site_name\" content=\"TianDe Online Shop - Beauty &amp; Health\" \/>\n<meta property=\"article:publisher\" content=\"https:\/\/www.facebook.com\/tiande.products.england\/\" \/>\n<meta property=\"article:modified_time\" content=\"2021-02-05T18:27:25+00:00\" \/>\n<meta property=\"og:image\" content=\"https:\/\/tiandeproducts.co.uk\/wp-content\/uploads\/195433jpg.jpg\" \/>\n\t<meta property=\"og:image:width\" content=\"700\" \/>\n\t<meta property=\"og:image:height\" content=\"700\" \/>\n\t<meta property=\"og:image:type\" content=\"image\/jpeg\" \/>\n<meta name=\"twitter:card\" content=\"summary_large_image\" \/>\n<meta name=\"twitter:label1\" content=\"Szacowany czas czytania\" \/>\n\t<meta name=\"twitter:data1\" content=\"2 minuty\" \/>\n<script type=\"application\/ld+json\" class=\"yoast-schema-graph\">{\"@context\":\"https:\/\/schema.org\",\"@graph\":[{\"@type\":\"WebPage\",\"@id\":\"https:\/\/tiandeproducts.co.uk\/pl\/kaszka-gryczano-amarantusowa-z-grzybami-shiitake35g\/\",\"url\":\"https:\/\/tiandeproducts.co.uk\/pl\/kaszka-gryczano-amarantusowa-z-grzybami-shiitake35g\/\",\"name\":\"Kaszka gryczano-amarantusowa z grzybami shiitake,35g - TianDe Online Shop - Beauty &amp; Health\",\"isPartOf\":{\"@id\":\"https:\/\/tiandeproducts.co.uk\/#website\"},\"primaryImageOfPage\":{\"@id\":\"https:\/\/tiandeproducts.co.uk\/pl\/kaszka-gryczano-amarantusowa-z-grzybami-shiitake35g\/#primaryimage\"},\"image\":{\"@id\":\"https:\/\/tiandeproducts.co.uk\/pl\/kaszka-gryczano-amarantusowa-z-grzybami-shiitake35g\/#primaryimage\"},\"thumbnailUrl\":\"https:\/\/tiandeproducts.co.uk\/wp-content\/uploads\/195433jpg.jpg\",\"datePublished\":\"2019-11-06T10:21:48+00:00\",\"dateModified\":\"2021-02-05T18:27:25+00:00\",\"breadcrumb\":{\"@id\":\"https:\/\/tiandeproducts.co.uk\/pl\/kaszka-gryczano-amarantusowa-z-grzybami-shiitake35g\/#breadcrumb\"},\"inLanguage\":\"pl-PL\",\"potentialAction\":[{\"@type\":\"ReadAction\",\"target\":[\"https:\/\/tiandeproducts.co.uk\/pl\/kaszka-gryczano-amarantusowa-z-grzybami-shiitake35g\/\"]}]},{\"@type\":\"ImageObject\",\"inLanguage\":\"pl-PL\",\"@id\":\"https:\/\/tiandeproducts.co.uk\/pl\/kaszka-gryczano-amarantusowa-z-grzybami-shiitake35g\/#primaryimage\",\"url\":\"https:\/\/tiandeproducts.co.uk\/wp-content\/uploads\/195433jpg.jpg\",\"contentUrl\":\"https:\/\/tiandeproducts.co.uk\/wp-content\/uploads\/195433jpg.jpg\",\"width\":700,\"height\":700},{\"@type\":\"BreadcrumbList\",\"@id\":\"https:\/\/tiandeproducts.co.uk\/pl\/kaszka-gryczano-amarantusowa-z-grzybami-shiitake35g\/#breadcrumb\",\"itemListElement\":[{\"@type\":\"ListItem\",\"position\":1,\"name\":\"Home\",\"item\":\"https:\/\/tiandeproducts.co.uk\/pl\/\"},{\"@type\":\"ListItem\",\"position\":2,\"name\":\"Shop\",\"item\":\"https:\/\/tiandeproducts.co.uk\/pl\/shop-2\/\"},{\"@type\":\"ListItem\",\"position\":3,\"name\":\"Kaszka gryczano-amarantusowa z grzybami shiitake,35g\"}]},{\"@type\":\"WebSite\",\"@id\":\"https:\/\/tiandeproducts.co.uk\/#website\",\"url\":\"https:\/\/tiandeproducts.co.uk\/\",\"name\":\"TianDe Online Shop - Beauty & Health\",\"description\":\"Traditional Chinese Medicine\",\"potentialAction\":[{\"@type\":\"SearchAction\",\"target\":{\"@type\":\"EntryPoint\",\"urlTemplate\":\"https:\/\/tiandeproducts.co.uk\/?s={search_term_string}\"},\"query-input\":{\"@type\":\"PropertyValueSpecification\",\"valueRequired\":true,\"valueName\":\"search_term_string\"}}],\"inLanguage\":\"pl-PL\"}]}<\/script>\n<!-- \/ Yoast SEO plugin. -->","yoast_head_json":{"title":"Kaszka gryczano-amarantusowa z grzybami shiitake,35g - TianDe Online Shop - Beauty &amp; Health","robots":{"index":"index","follow":"follow","max-snippet":"max-snippet:-1","max-image-preview":"max-image-preview:large","max-video-preview":"max-video-preview:-1"},"canonical":"https:\/\/tiandeproducts.co.uk\/pl\/kaszka-gryczano-amarantusowa-z-grzybami-shiitake35g\/","og_locale":"pl_PL","og_type":"article","og_title":"Kaszka gryczano-amarantusowa z grzybami shiitake,35g - TianDe Online Shop - Beauty &amp; Health","og_description":"\u00a0Earn 2 points worth \u00a30.10 when buying this product Dlaczego uznaje si\u0119, \u017ce kasza to najlepszy spos\u00f3b na \u015bniadanie, idealna potrawa na obiad czy kolacj\u0119? To bardzo proste: kasze to rodzaj zb\u00f3\u017c bogatych w b\u0142onnik, witaminy, cenne bia\u0142ko ro\u015blinne, d\u0142ugo rozk\u0142adaj\u0105ce si\u0119 w\u0119glowodany, a jednocze\u015bnie stosunkowo niskokalorycznych. Kasza daje uczucie syto\u015bci na d\u0142ugo, nie obci\u0105\u017ca [...]","og_url":"https:\/\/tiandeproducts.co.uk\/pl\/kaszka-gryczano-amarantusowa-z-grzybami-shiitake35g\/","og_site_name":"TianDe Online Shop - Beauty &amp; Health","article_publisher":"https:\/\/www.facebook.com\/tiande.products.england\/","article_modified_time":"2021-02-05T18:27:25+00:00","og_image":[{"width":700,"height":700,"url":"https:\/\/tiandeproducts.co.uk\/wp-content\/uploads\/195433jpg.jpg","type":"image\/jpeg"}],"twitter_card":"summary_large_image","twitter_misc":{"Szacowany czas czytania":"2 minuty"},"schema":{"@context":"https:\/\/schema.org","@graph":[{"@type":"WebPage","@id":"https:\/\/tiandeproducts.co.uk\/pl\/kaszka-gryczano-amarantusowa-z-grzybami-shiitake35g\/","url":"https:\/\/tiandeproducts.co.uk\/pl\/kaszka-gryczano-amarantusowa-z-grzybami-shiitake35g\/","name":"Kaszka gryczano-amarantusowa z grzybami shiitake,35g - TianDe Online Shop - Beauty &amp; Health","isPartOf":{"@id":"https:\/\/tiandeproducts.co.uk\/#website"},"primaryImageOfPage":{"@id":"https:\/\/tiandeproducts.co.uk\/pl\/kaszka-gryczano-amarantusowa-z-grzybami-shiitake35g\/#primaryimage"},"image":{"@id":"https:\/\/tiandeproducts.co.uk\/pl\/kaszka-gryczano-amarantusowa-z-grzybami-shiitake35g\/#primaryimage"},"thumbnailUrl":"https:\/\/tiandeproducts.co.uk\/wp-content\/uploads\/195433jpg.jpg","datePublished":"2019-11-06T10:21:48+00:00","dateModified":"2021-02-05T18:27:25+00:00","breadcrumb":{"@id":"https:\/\/tiandeproducts.co.uk\/pl\/kaszka-gryczano-amarantusowa-z-grzybami-shiitake35g\/#breadcrumb"},"inLanguage":"pl-PL","potentialAction":[{"@type":"ReadAction","target":["https:\/\/tiandeproducts.co.uk\/pl\/kaszka-gryczano-amarantusowa-z-grzybami-shiitake35g\/"]}]},{"@type":"ImageObject","inLanguage":"pl-PL","@id":"https:\/\/tiandeproducts.co.uk\/pl\/kaszka-gryczano-amarantusowa-z-grzybami-shiitake35g\/#primaryimage","url":"https:\/\/tiandeproducts.co.uk\/wp-content\/uploads\/195433jpg.jpg","contentUrl":"https:\/\/tiandeproducts.co.uk\/wp-content\/uploads\/195433jpg.jpg","width":700,"height":700},{"@type":"BreadcrumbList","@id":"https:\/\/tiandeproducts.co.uk\/pl\/kaszka-gryczano-amarantusowa-z-grzybami-shiitake35g\/#breadcrumb","itemListElement":[{"@type":"ListItem","position":1,"name":"Home","item":"https:\/\/tiandeproducts.co.uk\/pl\/"},{"@type":"ListItem","position":2,"name":"Shop","item":"https:\/\/tiandeproducts.co.uk\/pl\/shop-2\/"},{"@type":"ListItem","position":3,"name":"Kaszka gryczano-amarantusowa z grzybami shiitake,35g"}]},{"@type":"WebSite","@id":"https:\/\/tiandeproducts.co.uk\/#website","url":"https:\/\/tiandeproducts.co.uk\/","name":"TianDe Online Shop - Beauty & Health","description":"Traditional Chinese Medicine","potentialAction":[{"@type":"SearchAction","target":{"@type":"EntryPoint","urlTemplate":"https:\/\/tiandeproducts.co.uk\/?s={search_term_string}"},"query-input":{"@type":"PropertyValueSpecification","valueRequired":true,"valueName":"search_term_string"}}],"inLanguage":"pl-PL"}]}},"_links":{"self":[{"href":"https:\/\/tiandeproducts.co.uk\/pl\/wp-json\/wp\/v2\/product\/8803","targetHints":{"allow":["GET"]}}],"collection":[{"href":"https:\/\/tiandeproducts.co.uk\/pl\/wp-json\/wp\/v2\/product"}],"about":[{"href":"https:\/\/tiandeproducts.co.uk\/pl\/wp-json\/wp\/v2\/types\/product"}],"replies":[{"embeddable":true,"href":"https:\/\/tiandeproducts.co.uk\/pl\/wp-json\/wp\/v2\/comments?post=8803"}],"wp:featuredmedia":[{"embeddable":true,"href":"https:\/\/tiandeproducts.co.uk\/pl\/wp-json\/wp\/v2\/media\/6756"}],"wp:attachment":[{"href":"https:\/\/tiandeproducts.co.uk\/pl\/wp-json\/wp\/v2\/media?parent=8803"}],"wp:term":[{"taxonomy":"product_cat","embeddable":true,"href":"https:\/\/tiandeproducts.co.uk\/pl\/wp-json\/wp\/v2\/product_cat?post=8803"},{"taxonomy":"product_tag","embeddable":true,"href":"https:\/\/tiandeproducts.co.uk\/pl\/wp-json\/wp\/v2\/product_tag?post=8803"}],"curies":[{"name":"wp","href":"https:\/\/api.w.org\/{rel}","templated":true}]}}