{"id":5803,"date":"2016-04-01T10:38:21","date_gmt":"2016-04-01T09:38:21","guid":{"rendered":"https:\/\/www.tiandeproducts.co.uk\/maska-do-twarzy-wodorosty\/"},"modified":"2019-09-19T14:04:01","modified_gmt":"2019-09-19T13:04:01","slug":"maska-do-twarzy-wodorosty","status":"publish","type":"product","link":"https:\/\/tiandeproducts.co.uk\/pl\/maska-do-twarzy-wodorosty\/","title":{"rendered":"Maska do twarzy Wodorosty,30g"},"content":{"rendered":"<div class=\"description\">\n<p>Maseczka w 100% sk\u0142ada si\u0119 z zarodnik\u00f3w brunatnicy Laminaria japonica &#8211; \u017ar\u00f3d\u0142a kwasu alginowego o d\u0142ugotrwa\u0142ym dzia\u0142aniu nawil\u017caj\u0105cym oraz aminokwas\u00f3w, witamin i minera\u0142\u00f3w niezb\u0119dnych dla prawid\u0142owego funkcjonowania strukturalnych element\u00f3w sk\u00f3ry.<\/p>\n<p>Rezultat:<br \/>\n&#8211; wi\u0119ksza elastyczno\u015b\u0107, stymulacja syntezy kolagenu;<br \/>\n&#8211; podniesiony kontur twarzy, zmniejszona widoczno\u015b\u0107 zmarszczek;<br \/>\n&#8211; sk\u00f3ra zyskuje \u015bwie\u017cy kolor, jest idealnie g\u0142adka i spr\u0119\u017cysta.<\/p>\n<p>Nie zawiera konserwant\u00f3w i innych dodatk\u00f3w syntetycznych.<\/p>\n<\/div>\n<div class=\"instruction\">\n<p><strong>ZASTOSOWANIE:<\/strong><\/p>\n<p>3-4 \u0142y\u017ceczki zarodnik\u00f3w rozpu\u015bci\u0107 w gor\u0105cej wodzie, a\u017c do uzyskania plastycznej masy, rozci\u0105gn\u0105\u0107. Po wykonaniu w maseczce otwor\u00f3w na oczy, nos i usta, na\u0142o\u017cy\u0107 na twarz i szyj\u0119. Po up\u0142ywie 15-20 minut zdj\u0105\u0107, przemy\u0107 twarz wod\u0105. Pozosta\u0142o\u015bci rozpuszczonej.<\/p>\n<\/div>\n","protected":false},"excerpt":{"rendered":"<p>Maseczka w 100% sk\u0142ada si\u0119 z zarodnik\u00f3w brunatnicy Laminaria japonica &#8211; \u017ar\u00f3d\u0142a kwasu alginowego o d\u0142ugotrwa\u0142ym dzia\u0142aniu nawil\u017caj\u0105cym oraz aminokwas\u00f3w, witamin i minera\u0142\u00f3w niezb\u0119dnych dla prawid\u0142owego funkcjonowania strukturalnych element\u00f3w sk\u00f3ry. Rezultat: &#8211; wi\u0119ksza elastyczno\u015b\u0107, stymulacja syntezy kolagenu; &#8211; podniesiony kontur twarzy, zmniejszona widoczno\u015b\u0107 zmarszczek; &#8211; sk\u00f3ra zyskuje \u015bwie\u017cy kolor, jest idealnie g\u0142adka i spr\u0119\u017cysta. Nie [&#8230;]\n","protected":false},"featured_media":255,"comment_status":"closed","ping_status":"closed","template":"","meta":[],"product_cat":[746,573,769,754],"product_tag":[],"class_list":{"0":"post-5803","1":"product","2":"type-product","3":"status-publish","4":"has-post-thumbnail","6":"product_cat-do-twarzy","7":"product_cat-marine-collagen-pl","8":"product_cat-maseczki-na-twarz","9":"product_cat-nawilzajacy","11":"first","12":"instock","13":"shipping-taxable","14":"purchasable","15":"product-type-simple"},"yoast_head":"<!-- This site is optimized with the Yoast SEO plugin v23.6 - https:\/\/yoast.com\/wordpress\/plugins\/seo\/ -->\n<title>Maska do twarzy Wodorosty,30g - TianDe Online Shop - Beauty &amp; Health<\/title>\n<meta name=\"robots\" content=\"index, follow, max-snippet:-1, max-image-preview:large, max-video-preview:-1\" \/>\n<link rel=\"canonical\" href=\"https:\/\/tiandeproducts.co.uk\/pl\/maska-do-twarzy-wodorosty\/\" \/>\n<meta property=\"og:locale\" content=\"pl_PL\" \/>\n<meta property=\"og:type\" content=\"article\" \/>\n<meta property=\"og:title\" content=\"Maska do twarzy Wodorosty,30g - TianDe Online Shop - Beauty &amp; Health\" \/>\n<meta property=\"og:description\" content=\"Maseczka w 100% sk\u0142ada si\u0119 z zarodnik\u00f3w brunatnicy Laminaria japonica &#8211; \u017ar\u00f3d\u0142a kwasu alginowego o d\u0142ugotrwa\u0142ym dzia\u0142aniu nawil\u017caj\u0105cym oraz aminokwas\u00f3w, witamin i minera\u0142\u00f3w niezb\u0119dnych dla prawid\u0142owego funkcjonowania strukturalnych element\u00f3w sk\u00f3ry. Rezultat: &#8211; wi\u0119ksza elastyczno\u015b\u0107, stymulacja syntezy kolagenu; &#8211; podniesiony kontur twarzy, zmniejszona widoczno\u015b\u0107 zmarszczek; &#8211; sk\u00f3ra zyskuje \u015bwie\u017cy kolor, jest idealnie g\u0142adka i spr\u0119\u017cysta. Nie [...]\" \/>\n<meta property=\"og:url\" content=\"https:\/\/tiandeproducts.co.uk\/pl\/maska-do-twarzy-wodorosty\/\" \/>\n<meta property=\"og:site_name\" content=\"TianDe Online Shop - Beauty &amp; Health\" \/>\n<meta property=\"article:publisher\" content=\"https:\/\/www.facebook.com\/tiande.products.england\/\" \/>\n<meta property=\"article:modified_time\" content=\"2019-09-19T13:04:01+00:00\" \/>\n<meta property=\"og:image\" content=\"https:\/\/tiandeproducts.co.uk\/wp-content\/uploads\/2016\/04\/50113.png\" \/>\n\t<meta property=\"og:image:width\" content=\"700\" \/>\n\t<meta property=\"og:image:height\" content=\"700\" \/>\n\t<meta property=\"og:image:type\" content=\"image\/png\" \/>\n<meta name=\"twitter:card\" content=\"summary_large_image\" \/>\n<meta name=\"twitter:label1\" content=\"Szacowany czas czytania\" \/>\n\t<meta name=\"twitter:data1\" content=\"1 minuta\" \/>\n<script type=\"application\/ld+json\" class=\"yoast-schema-graph\">{\"@context\":\"https:\/\/schema.org\",\"@graph\":[{\"@type\":\"WebPage\",\"@id\":\"https:\/\/tiandeproducts.co.uk\/pl\/maska-do-twarzy-wodorosty\/\",\"url\":\"https:\/\/tiandeproducts.co.uk\/pl\/maska-do-twarzy-wodorosty\/\",\"name\":\"Maska do twarzy Wodorosty,30g - TianDe Online Shop - Beauty &amp; Health\",\"isPartOf\":{\"@id\":\"https:\/\/tiandeproducts.co.uk\/#website\"},\"primaryImageOfPage\":{\"@id\":\"https:\/\/tiandeproducts.co.uk\/pl\/maska-do-twarzy-wodorosty\/#primaryimage\"},\"image\":{\"@id\":\"https:\/\/tiandeproducts.co.uk\/pl\/maska-do-twarzy-wodorosty\/#primaryimage\"},\"thumbnailUrl\":\"https:\/\/tiandeproducts.co.uk\/wp-content\/uploads\/2016\/04\/50113.png\",\"datePublished\":\"2016-04-01T09:38:21+00:00\",\"dateModified\":\"2019-09-19T13:04:01+00:00\",\"breadcrumb\":{\"@id\":\"https:\/\/tiandeproducts.co.uk\/pl\/maska-do-twarzy-wodorosty\/#breadcrumb\"},\"inLanguage\":\"pl-PL\",\"potentialAction\":[{\"@type\":\"ReadAction\",\"target\":[\"https:\/\/tiandeproducts.co.uk\/pl\/maska-do-twarzy-wodorosty\/\"]}]},{\"@type\":\"ImageObject\",\"inLanguage\":\"pl-PL\",\"@id\":\"https:\/\/tiandeproducts.co.uk\/pl\/maska-do-twarzy-wodorosty\/#primaryimage\",\"url\":\"https:\/\/tiandeproducts.co.uk\/wp-content\/uploads\/2016\/04\/50113.png\",\"contentUrl\":\"https:\/\/tiandeproducts.co.uk\/wp-content\/uploads\/2016\/04\/50113.png\",\"width\":700,\"height\":700,\"caption\":\"Marine Collection - 100% Seaweed Face Mask, 30 g-0\"},{\"@type\":\"BreadcrumbList\",\"@id\":\"https:\/\/tiandeproducts.co.uk\/pl\/maska-do-twarzy-wodorosty\/#breadcrumb\",\"itemListElement\":[{\"@type\":\"ListItem\",\"position\":1,\"name\":\"Home\",\"item\":\"https:\/\/tiandeproducts.co.uk\/pl\/\"},{\"@type\":\"ListItem\",\"position\":2,\"name\":\"Shop\",\"item\":\"https:\/\/tiandeproducts.co.uk\/pl\/shop-2\/\"},{\"@type\":\"ListItem\",\"position\":3,\"name\":\"Maska do twarzy Wodorosty,30g\"}]},{\"@type\":\"WebSite\",\"@id\":\"https:\/\/tiandeproducts.co.uk\/#website\",\"url\":\"https:\/\/tiandeproducts.co.uk\/\",\"name\":\"TianDe Online Shop - Beauty & Health\",\"description\":\"Traditional Chinese Medicine\",\"potentialAction\":[{\"@type\":\"SearchAction\",\"target\":{\"@type\":\"EntryPoint\",\"urlTemplate\":\"https:\/\/tiandeproducts.co.uk\/?s={search_term_string}\"},\"query-input\":{\"@type\":\"PropertyValueSpecification\",\"valueRequired\":true,\"valueName\":\"search_term_string\"}}],\"inLanguage\":\"pl-PL\"}]}<\/script>\n<!-- \/ Yoast SEO plugin. -->","yoast_head_json":{"title":"Maska do twarzy Wodorosty,30g - TianDe Online Shop - Beauty &amp; Health","robots":{"index":"index","follow":"follow","max-snippet":"max-snippet:-1","max-image-preview":"max-image-preview:large","max-video-preview":"max-video-preview:-1"},"canonical":"https:\/\/tiandeproducts.co.uk\/pl\/maska-do-twarzy-wodorosty\/","og_locale":"pl_PL","og_type":"article","og_title":"Maska do twarzy Wodorosty,30g - TianDe Online Shop - Beauty &amp; Health","og_description":"Maseczka w 100% sk\u0142ada si\u0119 z zarodnik\u00f3w brunatnicy Laminaria japonica &#8211; \u017ar\u00f3d\u0142a kwasu alginowego o d\u0142ugotrwa\u0142ym dzia\u0142aniu nawil\u017caj\u0105cym oraz aminokwas\u00f3w, witamin i minera\u0142\u00f3w niezb\u0119dnych dla prawid\u0142owego funkcjonowania strukturalnych element\u00f3w sk\u00f3ry. Rezultat: &#8211; wi\u0119ksza elastyczno\u015b\u0107, stymulacja syntezy kolagenu; &#8211; podniesiony kontur twarzy, zmniejszona widoczno\u015b\u0107 zmarszczek; &#8211; sk\u00f3ra zyskuje \u015bwie\u017cy kolor, jest idealnie g\u0142adka i spr\u0119\u017cysta. Nie [...]","og_url":"https:\/\/tiandeproducts.co.uk\/pl\/maska-do-twarzy-wodorosty\/","og_site_name":"TianDe Online Shop - Beauty &amp; Health","article_publisher":"https:\/\/www.facebook.com\/tiande.products.england\/","article_modified_time":"2019-09-19T13:04:01+00:00","og_image":[{"width":700,"height":700,"url":"https:\/\/tiandeproducts.co.uk\/wp-content\/uploads\/2016\/04\/50113.png","type":"image\/png"}],"twitter_card":"summary_large_image","twitter_misc":{"Szacowany czas czytania":"1 minuta"},"schema":{"@context":"https:\/\/schema.org","@graph":[{"@type":"WebPage","@id":"https:\/\/tiandeproducts.co.uk\/pl\/maska-do-twarzy-wodorosty\/","url":"https:\/\/tiandeproducts.co.uk\/pl\/maska-do-twarzy-wodorosty\/","name":"Maska do twarzy Wodorosty,30g - TianDe Online Shop - Beauty &amp; Health","isPartOf":{"@id":"https:\/\/tiandeproducts.co.uk\/#website"},"primaryImageOfPage":{"@id":"https:\/\/tiandeproducts.co.uk\/pl\/maska-do-twarzy-wodorosty\/#primaryimage"},"image":{"@id":"https:\/\/tiandeproducts.co.uk\/pl\/maska-do-twarzy-wodorosty\/#primaryimage"},"thumbnailUrl":"https:\/\/tiandeproducts.co.uk\/wp-content\/uploads\/2016\/04\/50113.png","datePublished":"2016-04-01T09:38:21+00:00","dateModified":"2019-09-19T13:04:01+00:00","breadcrumb":{"@id":"https:\/\/tiandeproducts.co.uk\/pl\/maska-do-twarzy-wodorosty\/#breadcrumb"},"inLanguage":"pl-PL","potentialAction":[{"@type":"ReadAction","target":["https:\/\/tiandeproducts.co.uk\/pl\/maska-do-twarzy-wodorosty\/"]}]},{"@type":"ImageObject","inLanguage":"pl-PL","@id":"https:\/\/tiandeproducts.co.uk\/pl\/maska-do-twarzy-wodorosty\/#primaryimage","url":"https:\/\/tiandeproducts.co.uk\/wp-content\/uploads\/2016\/04\/50113.png","contentUrl":"https:\/\/tiandeproducts.co.uk\/wp-content\/uploads\/2016\/04\/50113.png","width":700,"height":700,"caption":"Marine Collection - 100% Seaweed Face Mask, 30 g-0"},{"@type":"BreadcrumbList","@id":"https:\/\/tiandeproducts.co.uk\/pl\/maska-do-twarzy-wodorosty\/#breadcrumb","itemListElement":[{"@type":"ListItem","position":1,"name":"Home","item":"https:\/\/tiandeproducts.co.uk\/pl\/"},{"@type":"ListItem","position":2,"name":"Shop","item":"https:\/\/tiandeproducts.co.uk\/pl\/shop-2\/"},{"@type":"ListItem","position":3,"name":"Maska do twarzy Wodorosty,30g"}]},{"@type":"WebSite","@id":"https:\/\/tiandeproducts.co.uk\/#website","url":"https:\/\/tiandeproducts.co.uk\/","name":"TianDe Online Shop - Beauty & Health","description":"Traditional Chinese Medicine","potentialAction":[{"@type":"SearchAction","target":{"@type":"EntryPoint","urlTemplate":"https:\/\/tiandeproducts.co.uk\/?s={search_term_string}"},"query-input":{"@type":"PropertyValueSpecification","valueRequired":true,"valueName":"search_term_string"}}],"inLanguage":"pl-PL"}]}},"_links":{"self":[{"href":"https:\/\/tiandeproducts.co.uk\/pl\/wp-json\/wp\/v2\/product\/5803","targetHints":{"allow":["GET"]}}],"collection":[{"href":"https:\/\/tiandeproducts.co.uk\/pl\/wp-json\/wp\/v2\/product"}],"about":[{"href":"https:\/\/tiandeproducts.co.uk\/pl\/wp-json\/wp\/v2\/types\/product"}],"replies":[{"embeddable":true,"href":"https:\/\/tiandeproducts.co.uk\/pl\/wp-json\/wp\/v2\/comments?post=5803"}],"wp:featuredmedia":[{"embeddable":true,"href":"https:\/\/tiandeproducts.co.uk\/pl\/wp-json\/wp\/v2\/media\/255"}],"wp:attachment":[{"href":"https:\/\/tiandeproducts.co.uk\/pl\/wp-json\/wp\/v2\/media?parent=5803"}],"wp:term":[{"taxonomy":"product_cat","embeddable":true,"href":"https:\/\/tiandeproducts.co.uk\/pl\/wp-json\/wp\/v2\/product_cat?post=5803"},{"taxonomy":"product_tag","embeddable":true,"href":"https:\/\/tiandeproducts.co.uk\/pl\/wp-json\/wp\/v2\/product_tag?post=5803"}],"curies":[{"name":"wp","href":"https:\/\/api.w.org\/{rel}","templated":true}]}}