{"id":5800,"date":"2016-04-01T10:06:11","date_gmt":"2016-04-01T09:06:11","guid":{"rendered":"https:\/\/www.tiandeproducts.co.uk\/krem-odmladzajacy-na-dzien30g\/"},"modified":"2019-10-17T12:46:33","modified_gmt":"2019-10-17T11:46:33","slug":"krem-odmladzajacy-na-dzien30g","status":"publish","type":"product","link":"https:\/\/tiandeproducts.co.uk\/pl\/krem-odmladzajacy-na-dzien30g\/","title":{"rendered":"Krem odm\u0142adzaj\u0105cy na dzie\u0144,30g"},"content":{"rendered":"<div class=\"description\">\n<p>Intensywnie nasyca sk\u00f3r\u0119 wilgoci\u0105, od\u015bwie\u017ca i tonizuje. Stymuluje syntez\u0119 kolagenu i elastycyny, sprzyja odbudowie kolagenowych w\u0142\u00f3kien dermy. Wyg\u0142adza mikrostruktur\u0119 sk\u00f3ry, zapobiegaj\u0105c powstawaniu zmarszczek, chroni przed negatywnym dzia\u0142aniem wolnych rodnik\u00f3w.<\/p>\n<p>Kolagen morski swoj\u0105 struktur\u0105 najbardziej zbli\u017cony jest do kolagenu ludzkiego, dlatego sk\u00f3ra przyswaja go maksymalnie skutecznie. \u0179r\u00f3d\u0142em morskiego kolagenu dla \u015brodk\u00f3w Marine Collagen s\u0142u\u017c\u0105 proteiny ze sk\u00f3ry g\u0142\u0119bokowodnego dorsza i bisiora ( z greckiego byssos \u2013 \u201ecienka Mytilus Edulis, tworz\u0105cej cienkie, ale bardzo mocne bia\u0142kowe nici, kt\u00f3rymi przyczepia si\u0119 do kamieni, piasku i innych przedmiot\u00f3w pod wod\u0105. Z takich nici w dawnych czasach robiono luksusow\u0105 tkanin\u0119 pod nazw\u0105 \u201emorski jedwab\u201d\u2013 by\u0142a na tyle delikatna i lekka, \u017ce para r\u0119kawiczek, wykonanych z niej mie\u015bci\u0142a si\u0119 w malutkiej skorupce orzecha w\u0142oskiego.<\/p>\n<p>\u015arodki linii Marine Collagen zaleca si\u0119 stosowa\u0107 od 35 roku \u017cycia.<\/p>\n<\/div>\n<div class=\"instruction\">\n<p><strong>ZASTOSOWANIE:<\/strong><\/p>\n<p>Na\u0142\u00f3\u017c niewielk\u0105 ilo\u015b\u0107 kremu na oczyszczon\u0105 sk\u00f3r\u0119 twarzy i szyi stosuj\u0105c ruch okr\u0119\u017cny oraz omijaj\u0105c okolice oczu.<\/p>\n<\/div>\n","protected":false},"excerpt":{"rendered":"<p>Intensywnie nasyca sk\u00f3r\u0119 wilgoci\u0105, od\u015bwie\u017ca i tonizuje. Stymuluje syntez\u0119 kolagenu i elastycyny, sprzyja odbudowie kolagenowych w\u0142\u00f3kien dermy. Wyg\u0142adza mikrostruktur\u0119 sk\u00f3ry, zapobiegaj\u0105c powstawaniu zmarszczek, chroni przed negatywnym dzia\u0142aniem wolnych rodnik\u00f3w. Kolagen morski swoj\u0105 struktur\u0105 najbardziej zbli\u017cony jest do kolagenu ludzkiego, dlatego sk\u00f3ra przyswaja go maksymalnie skutecznie. \u0179r\u00f3d\u0142em morskiego kolagenu dla \u015brodk\u00f3w Marine Collagen s\u0142u\u017c\u0105 proteiny ze [&#8230;]\n","protected":false},"featured_media":6087,"comment_status":"closed","ping_status":"closed","template":"","meta":[],"product_cat":[746,866,573,876],"product_tag":[],"class_list":{"0":"post-5800","1":"product","2":"type-product","3":"status-publish","4":"has-post-thumbnail","6":"product_cat-do-twarzy","7":"product_cat-korekcja-zmarszczek","8":"product_cat-marine-collagen-pl","9":"product_cat-pielegnacja-anti-aging","11":"first","12":"outofstock","13":"shipping-taxable","14":"purchasable","15":"product-type-simple"},"yoast_head":"<!-- This site is optimized with the Yoast SEO plugin v23.6 - https:\/\/yoast.com\/wordpress\/plugins\/seo\/ -->\n<title>Krem odm\u0142adzaj\u0105cy na dzie\u0144,30g - TianDe Online Shop - Beauty &amp; Health<\/title>\n<meta name=\"robots\" content=\"index, follow, max-snippet:-1, max-image-preview:large, max-video-preview:-1\" \/>\n<link rel=\"canonical\" href=\"https:\/\/tiandeproducts.co.uk\/pl\/krem-odmladzajacy-na-dzien30g\/\" \/>\n<meta property=\"og:locale\" content=\"pl_PL\" \/>\n<meta property=\"og:type\" content=\"article\" \/>\n<meta property=\"og:title\" content=\"Krem odm\u0142adzaj\u0105cy na dzie\u0144,30g - TianDe Online Shop - Beauty &amp; Health\" \/>\n<meta property=\"og:description\" content=\"Intensywnie nasyca sk\u00f3r\u0119 wilgoci\u0105, od\u015bwie\u017ca i tonizuje. Stymuluje syntez\u0119 kolagenu i elastycyny, sprzyja odbudowie kolagenowych w\u0142\u00f3kien dermy. Wyg\u0142adza mikrostruktur\u0119 sk\u00f3ry, zapobiegaj\u0105c powstawaniu zmarszczek, chroni przed negatywnym dzia\u0142aniem wolnych rodnik\u00f3w. Kolagen morski swoj\u0105 struktur\u0105 najbardziej zbli\u017cony jest do kolagenu ludzkiego, dlatego sk\u00f3ra przyswaja go maksymalnie skutecznie. \u0179r\u00f3d\u0142em morskiego kolagenu dla \u015brodk\u00f3w Marine Collagen s\u0142u\u017c\u0105 proteiny ze [...]\" \/>\n<meta property=\"og:url\" content=\"https:\/\/tiandeproducts.co.uk\/pl\/krem-odmladzajacy-na-dzien30g\/\" \/>\n<meta property=\"og:site_name\" content=\"TianDe Online Shop - Beauty &amp; Health\" \/>\n<meta property=\"article:publisher\" content=\"https:\/\/www.facebook.com\/tiande.products.england\/\" \/>\n<meta property=\"article:modified_time\" content=\"2019-10-17T11:46:33+00:00\" \/>\n<meta property=\"og:image\" content=\"https:\/\/tiandeproducts.co.uk\/wp-content\/uploads\/13501.png\" \/>\n\t<meta property=\"og:image:width\" content=\"700\" \/>\n\t<meta property=\"og:image:height\" content=\"700\" \/>\n\t<meta property=\"og:image:type\" content=\"image\/png\" \/>\n<meta name=\"twitter:card\" content=\"summary_large_image\" \/>\n<meta name=\"twitter:label1\" content=\"Szacowany czas czytania\" \/>\n\t<meta name=\"twitter:data1\" content=\"1 minuta\" \/>\n<script type=\"application\/ld+json\" class=\"yoast-schema-graph\">{\"@context\":\"https:\/\/schema.org\",\"@graph\":[{\"@type\":\"WebPage\",\"@id\":\"https:\/\/tiandeproducts.co.uk\/pl\/krem-odmladzajacy-na-dzien30g\/\",\"url\":\"https:\/\/tiandeproducts.co.uk\/pl\/krem-odmladzajacy-na-dzien30g\/\",\"name\":\"Krem odm\u0142adzaj\u0105cy na dzie\u0144,30g - TianDe Online Shop - Beauty &amp; Health\",\"isPartOf\":{\"@id\":\"https:\/\/tiandeproducts.co.uk\/#website\"},\"primaryImageOfPage\":{\"@id\":\"https:\/\/tiandeproducts.co.uk\/pl\/krem-odmladzajacy-na-dzien30g\/#primaryimage\"},\"image\":{\"@id\":\"https:\/\/tiandeproducts.co.uk\/pl\/krem-odmladzajacy-na-dzien30g\/#primaryimage\"},\"thumbnailUrl\":\"https:\/\/tiandeproducts.co.uk\/wp-content\/uploads\/13501.png\",\"datePublished\":\"2016-04-01T09:06:11+00:00\",\"dateModified\":\"2019-10-17T11:46:33+00:00\",\"breadcrumb\":{\"@id\":\"https:\/\/tiandeproducts.co.uk\/pl\/krem-odmladzajacy-na-dzien30g\/#breadcrumb\"},\"inLanguage\":\"pl-PL\",\"potentialAction\":[{\"@type\":\"ReadAction\",\"target\":[\"https:\/\/tiandeproducts.co.uk\/pl\/krem-odmladzajacy-na-dzien30g\/\"]}]},{\"@type\":\"ImageObject\",\"inLanguage\":\"pl-PL\",\"@id\":\"https:\/\/tiandeproducts.co.uk\/pl\/krem-odmladzajacy-na-dzien30g\/#primaryimage\",\"url\":\"https:\/\/tiandeproducts.co.uk\/wp-content\/uploads\/13501.png\",\"contentUrl\":\"https:\/\/tiandeproducts.co.uk\/wp-content\/uploads\/13501.png\",\"width\":700,\"height\":700},{\"@type\":\"BreadcrumbList\",\"@id\":\"https:\/\/tiandeproducts.co.uk\/pl\/krem-odmladzajacy-na-dzien30g\/#breadcrumb\",\"itemListElement\":[{\"@type\":\"ListItem\",\"position\":1,\"name\":\"Home\",\"item\":\"https:\/\/tiandeproducts.co.uk\/pl\/\"},{\"@type\":\"ListItem\",\"position\":2,\"name\":\"Shop\",\"item\":\"https:\/\/tiandeproducts.co.uk\/pl\/shop-2\/\"},{\"@type\":\"ListItem\",\"position\":3,\"name\":\"Krem odm\u0142adzaj\u0105cy na dzie\u0144,30g\"}]},{\"@type\":\"WebSite\",\"@id\":\"https:\/\/tiandeproducts.co.uk\/#website\",\"url\":\"https:\/\/tiandeproducts.co.uk\/\",\"name\":\"TianDe Online Shop - Beauty & Health\",\"description\":\"Traditional Chinese Medicine\",\"potentialAction\":[{\"@type\":\"SearchAction\",\"target\":{\"@type\":\"EntryPoint\",\"urlTemplate\":\"https:\/\/tiandeproducts.co.uk\/?s={search_term_string}\"},\"query-input\":{\"@type\":\"PropertyValueSpecification\",\"valueRequired\":true,\"valueName\":\"search_term_string\"}}],\"inLanguage\":\"pl-PL\"}]}<\/script>\n<!-- \/ Yoast SEO plugin. -->","yoast_head_json":{"title":"Krem odm\u0142adzaj\u0105cy na dzie\u0144,30g - TianDe Online Shop - Beauty &amp; Health","robots":{"index":"index","follow":"follow","max-snippet":"max-snippet:-1","max-image-preview":"max-image-preview:large","max-video-preview":"max-video-preview:-1"},"canonical":"https:\/\/tiandeproducts.co.uk\/pl\/krem-odmladzajacy-na-dzien30g\/","og_locale":"pl_PL","og_type":"article","og_title":"Krem odm\u0142adzaj\u0105cy na dzie\u0144,30g - TianDe Online Shop - Beauty &amp; Health","og_description":"Intensywnie nasyca sk\u00f3r\u0119 wilgoci\u0105, od\u015bwie\u017ca i tonizuje. Stymuluje syntez\u0119 kolagenu i elastycyny, sprzyja odbudowie kolagenowych w\u0142\u00f3kien dermy. Wyg\u0142adza mikrostruktur\u0119 sk\u00f3ry, zapobiegaj\u0105c powstawaniu zmarszczek, chroni przed negatywnym dzia\u0142aniem wolnych rodnik\u00f3w. Kolagen morski swoj\u0105 struktur\u0105 najbardziej zbli\u017cony jest do kolagenu ludzkiego, dlatego sk\u00f3ra przyswaja go maksymalnie skutecznie. \u0179r\u00f3d\u0142em morskiego kolagenu dla \u015brodk\u00f3w Marine Collagen s\u0142u\u017c\u0105 proteiny ze [...]","og_url":"https:\/\/tiandeproducts.co.uk\/pl\/krem-odmladzajacy-na-dzien30g\/","og_site_name":"TianDe Online Shop - Beauty &amp; Health","article_publisher":"https:\/\/www.facebook.com\/tiande.products.england\/","article_modified_time":"2019-10-17T11:46:33+00:00","og_image":[{"width":700,"height":700,"url":"https:\/\/tiandeproducts.co.uk\/wp-content\/uploads\/13501.png","type":"image\/png"}],"twitter_card":"summary_large_image","twitter_misc":{"Szacowany czas czytania":"1 minuta"},"schema":{"@context":"https:\/\/schema.org","@graph":[{"@type":"WebPage","@id":"https:\/\/tiandeproducts.co.uk\/pl\/krem-odmladzajacy-na-dzien30g\/","url":"https:\/\/tiandeproducts.co.uk\/pl\/krem-odmladzajacy-na-dzien30g\/","name":"Krem odm\u0142adzaj\u0105cy na dzie\u0144,30g - TianDe Online Shop - Beauty &amp; Health","isPartOf":{"@id":"https:\/\/tiandeproducts.co.uk\/#website"},"primaryImageOfPage":{"@id":"https:\/\/tiandeproducts.co.uk\/pl\/krem-odmladzajacy-na-dzien30g\/#primaryimage"},"image":{"@id":"https:\/\/tiandeproducts.co.uk\/pl\/krem-odmladzajacy-na-dzien30g\/#primaryimage"},"thumbnailUrl":"https:\/\/tiandeproducts.co.uk\/wp-content\/uploads\/13501.png","datePublished":"2016-04-01T09:06:11+00:00","dateModified":"2019-10-17T11:46:33+00:00","breadcrumb":{"@id":"https:\/\/tiandeproducts.co.uk\/pl\/krem-odmladzajacy-na-dzien30g\/#breadcrumb"},"inLanguage":"pl-PL","potentialAction":[{"@type":"ReadAction","target":["https:\/\/tiandeproducts.co.uk\/pl\/krem-odmladzajacy-na-dzien30g\/"]}]},{"@type":"ImageObject","inLanguage":"pl-PL","@id":"https:\/\/tiandeproducts.co.uk\/pl\/krem-odmladzajacy-na-dzien30g\/#primaryimage","url":"https:\/\/tiandeproducts.co.uk\/wp-content\/uploads\/13501.png","contentUrl":"https:\/\/tiandeproducts.co.uk\/wp-content\/uploads\/13501.png","width":700,"height":700},{"@type":"BreadcrumbList","@id":"https:\/\/tiandeproducts.co.uk\/pl\/krem-odmladzajacy-na-dzien30g\/#breadcrumb","itemListElement":[{"@type":"ListItem","position":1,"name":"Home","item":"https:\/\/tiandeproducts.co.uk\/pl\/"},{"@type":"ListItem","position":2,"name":"Shop","item":"https:\/\/tiandeproducts.co.uk\/pl\/shop-2\/"},{"@type":"ListItem","position":3,"name":"Krem odm\u0142adzaj\u0105cy na dzie\u0144,30g"}]},{"@type":"WebSite","@id":"https:\/\/tiandeproducts.co.uk\/#website","url":"https:\/\/tiandeproducts.co.uk\/","name":"TianDe Online Shop - Beauty & Health","description":"Traditional Chinese Medicine","potentialAction":[{"@type":"SearchAction","target":{"@type":"EntryPoint","urlTemplate":"https:\/\/tiandeproducts.co.uk\/?s={search_term_string}"},"query-input":{"@type":"PropertyValueSpecification","valueRequired":true,"valueName":"search_term_string"}}],"inLanguage":"pl-PL"}]}},"_links":{"self":[{"href":"https:\/\/tiandeproducts.co.uk\/pl\/wp-json\/wp\/v2\/product\/5800","targetHints":{"allow":["GET"]}}],"collection":[{"href":"https:\/\/tiandeproducts.co.uk\/pl\/wp-json\/wp\/v2\/product"}],"about":[{"href":"https:\/\/tiandeproducts.co.uk\/pl\/wp-json\/wp\/v2\/types\/product"}],"replies":[{"embeddable":true,"href":"https:\/\/tiandeproducts.co.uk\/pl\/wp-json\/wp\/v2\/comments?post=5800"}],"wp:featuredmedia":[{"embeddable":true,"href":"https:\/\/tiandeproducts.co.uk\/pl\/wp-json\/wp\/v2\/media\/6087"}],"wp:attachment":[{"href":"https:\/\/tiandeproducts.co.uk\/pl\/wp-json\/wp\/v2\/media?parent=5800"}],"wp:term":[{"taxonomy":"product_cat","embeddable":true,"href":"https:\/\/tiandeproducts.co.uk\/pl\/wp-json\/wp\/v2\/product_cat?post=5800"},{"taxonomy":"product_tag","embeddable":true,"href":"https:\/\/tiandeproducts.co.uk\/pl\/wp-json\/wp\/v2\/product_tag?post=5800"}],"curies":[{"name":"wp","href":"https:\/\/api.w.org\/{rel}","templated":true}]}}