{"id":5791,"date":"2016-04-03T13:43:27","date_gmt":"2016-04-03T12:43:27","guid":{"rendered":"https:\/\/www.tiandeproducts.co.uk\/zel-modelujacy-kontury-twarzy150g\/"},"modified":"2020-01-23T16:12:14","modified_gmt":"2020-01-23T16:12:14","slug":"zel-modelujacy-kontury-twarzy150g","status":"publish","type":"product","link":"https:\/\/tiandeproducts.co.uk\/pl\/zel-modelujacy-kontury-twarzy150g\/","title":{"rendered":"\u017bel modeluj\u0105cy kontury twarzy,150g"},"content":{"rendered":"<div class=\"description\">\n<p>Napina i wzmacnia sk\u00f3r\u0119, podnosz\u0105c stopie\u0144 j\u0119drno\u015b\u0107. Hamuje procesy starzenia si\u0119 sk\u00f3ry, sprzyja zmniejszeniu g\u0142\u0119boko\u015bci zmarszczek, zarysowuje si\u0119 kontur twarzy. Aktywny kompleks z kofein\u0105 poprawia drena\u017c limfatyczny.<\/p>\n<p>Bia\u0142ko m\u0142odej sk\u00f3ry w 70% sk\u0142ada si\u0119 z kolagenu. Osoby bli\u017cej 30 proces syntezy koleganu zaczyna spowalnia\u0107. Z wiekiem zmienia si\u0119 tak\u017ce jako\u015b\u0107 kolagenu: traci w\u0142a\u015bciwo\u015bci gromadzenia wilgoci, staje si\u0119 mniej spr\u0119\u017cysty i elastyczny. \u015arodki linii Collagen Active zawieraj\u0105 hydrolizowany kolagen, kt\u00f3ry odbudowuje bia\u0142kowe w\u0142\u00f3kna sk\u00f3ry, wyd\u0142u\u017caj\u0105c jej m\u0142odo\u015b\u0107.<\/p>\n<p>\u015arodki linii Collagen Active zaleca si\u0119 stosowa\u0107 od 35 roku \u017cycia.<\/p>\n<\/div>\n<div class=\"instruction\">\n<p><strong>ZASTOSOWANIE:<\/strong><\/p>\n<p>Powolnymi ma\u0142ymi, okr\u0119\u017cnymi ruchami nanie\u015b\u0107 niewielk\u0105 ilo\u015b\u0107 kremu na oczyszczon\u0105 sk\u00f3r\u0119 twarzy i szyi, pomin\u0105\u0107 okolice oczu. Preparat zaleca si\u0119 stosowa\u0107 w po\u0142\u0105czeniu z koryguj\u0105c\u0105, kryszta\u0142ow\u0105 mask\u0105 kolagenow\u0105 i masa\u017cem. Do codziennego stosowania.<\/p>\n<\/div>\n","protected":false},"excerpt":{"rendered":"<p>Napina i wzmacnia sk\u00f3r\u0119, podnosz\u0105c stopie\u0144 j\u0119drno\u015b\u0107. Hamuje procesy starzenia si\u0119 sk\u00f3ry, sprzyja zmniejszeniu g\u0142\u0119boko\u015bci zmarszczek, zarysowuje si\u0119 kontur twarzy. Aktywny kompleks z kofein\u0105 poprawia drena\u017c limfatyczny. Bia\u0142ko m\u0142odej sk\u00f3ry w 70% sk\u0142ada si\u0119 z kolagenu. Osoby bli\u017cej 30 proces syntezy koleganu zaczyna spowalnia\u0107. Z wiekiem zmienia si\u0119 tak\u017ce jako\u015b\u0107 kolagenu: traci w\u0142a\u015bciwo\u015bci gromadzenia wilgoci, [&#8230;]\n","protected":false},"featured_media":285,"comment_status":"closed","ping_status":"closed","template":"","meta":[],"product_cat":[537,746,866,876,753],"product_tag":[],"class_list":{"0":"post-5791","1":"product","2":"type-product","3":"status-publish","4":"has-post-thumbnail","6":"product_cat-collagen-active-pl","7":"product_cat-do-twarzy","8":"product_cat-korekcja-zmarszczek","9":"product_cat-pielegnacja-anti-aging","10":"product_cat-podnoszenie","12":"first","13":"instock","14":"shipping-taxable","15":"purchasable","16":"product-type-simple"},"yoast_head":"<!-- This site is optimized with the Yoast SEO plugin v23.6 - https:\/\/yoast.com\/wordpress\/plugins\/seo\/ -->\n<title>\u017bel modeluj\u0105cy kontury twarzy,150g - TianDe Online Shop - Beauty &amp; Health<\/title>\n<meta name=\"robots\" content=\"index, follow, max-snippet:-1, max-image-preview:large, max-video-preview:-1\" \/>\n<link rel=\"canonical\" href=\"https:\/\/tiandeproducts.co.uk\/pl\/zel-modelujacy-kontury-twarzy150g\/\" \/>\n<meta property=\"og:locale\" content=\"pl_PL\" \/>\n<meta property=\"og:type\" content=\"article\" \/>\n<meta property=\"og:title\" content=\"\u017bel modeluj\u0105cy kontury twarzy,150g - TianDe Online Shop - Beauty &amp; Health\" \/>\n<meta property=\"og:description\" content=\"Napina i wzmacnia sk\u00f3r\u0119, podnosz\u0105c stopie\u0144 j\u0119drno\u015b\u0107. Hamuje procesy starzenia si\u0119 sk\u00f3ry, sprzyja zmniejszeniu g\u0142\u0119boko\u015bci zmarszczek, zarysowuje si\u0119 kontur twarzy. Aktywny kompleks z kofein\u0105 poprawia drena\u017c limfatyczny. Bia\u0142ko m\u0142odej sk\u00f3ry w 70% sk\u0142ada si\u0119 z kolagenu. Osoby bli\u017cej 30 proces syntezy koleganu zaczyna spowalnia\u0107. Z wiekiem zmienia si\u0119 tak\u017ce jako\u015b\u0107 kolagenu: traci w\u0142a\u015bciwo\u015bci gromadzenia wilgoci, [...]\" \/>\n<meta property=\"og:url\" content=\"https:\/\/tiandeproducts.co.uk\/pl\/zel-modelujacy-kontury-twarzy150g\/\" \/>\n<meta property=\"og:site_name\" content=\"TianDe Online Shop - Beauty &amp; Health\" \/>\n<meta property=\"article:publisher\" content=\"https:\/\/www.facebook.com\/tiande.products.england\/\" \/>\n<meta property=\"article:modified_time\" content=\"2020-01-23T16:12:14+00:00\" \/>\n<meta property=\"og:image\" content=\"https:\/\/tiandeproducts.co.uk\/wp-content\/uploads\/2016\/04\/12707_new.png\" \/>\n\t<meta property=\"og:image:width\" content=\"700\" \/>\n\t<meta property=\"og:image:height\" content=\"700\" \/>\n\t<meta property=\"og:image:type\" content=\"image\/png\" \/>\n<meta name=\"twitter:card\" content=\"summary_large_image\" \/>\n<meta name=\"twitter:label1\" content=\"Szacowany czas czytania\" \/>\n\t<meta name=\"twitter:data1\" content=\"1 minuta\" \/>\n<script type=\"application\/ld+json\" class=\"yoast-schema-graph\">{\"@context\":\"https:\/\/schema.org\",\"@graph\":[{\"@type\":\"WebPage\",\"@id\":\"https:\/\/tiandeproducts.co.uk\/pl\/zel-modelujacy-kontury-twarzy150g\/\",\"url\":\"https:\/\/tiandeproducts.co.uk\/pl\/zel-modelujacy-kontury-twarzy150g\/\",\"name\":\"\u017bel modeluj\u0105cy kontury twarzy,150g - TianDe Online Shop - Beauty &amp; Health\",\"isPartOf\":{\"@id\":\"https:\/\/tiandeproducts.co.uk\/#website\"},\"primaryImageOfPage\":{\"@id\":\"https:\/\/tiandeproducts.co.uk\/pl\/zel-modelujacy-kontury-twarzy150g\/#primaryimage\"},\"image\":{\"@id\":\"https:\/\/tiandeproducts.co.uk\/pl\/zel-modelujacy-kontury-twarzy150g\/#primaryimage\"},\"thumbnailUrl\":\"https:\/\/tiandeproducts.co.uk\/wp-content\/uploads\/2016\/04\/12707_new.png\",\"datePublished\":\"2016-04-03T12:43:27+00:00\",\"dateModified\":\"2020-01-23T16:12:14+00:00\",\"breadcrumb\":{\"@id\":\"https:\/\/tiandeproducts.co.uk\/pl\/zel-modelujacy-kontury-twarzy150g\/#breadcrumb\"},\"inLanguage\":\"pl-PL\",\"potentialAction\":[{\"@type\":\"ReadAction\",\"target\":[\"https:\/\/tiandeproducts.co.uk\/pl\/zel-modelujacy-kontury-twarzy150g\/\"]}]},{\"@type\":\"ImageObject\",\"inLanguage\":\"pl-PL\",\"@id\":\"https:\/\/tiandeproducts.co.uk\/pl\/zel-modelujacy-kontury-twarzy150g\/#primaryimage\",\"url\":\"https:\/\/tiandeproducts.co.uk\/wp-content\/uploads\/2016\/04\/12707_new.png\",\"contentUrl\":\"https:\/\/tiandeproducts.co.uk\/wp-content\/uploads\/2016\/04\/12707_new.png\",\"width\":700,\"height\":700,\"caption\":\"\\\"Collagen Active 35+\\\"Extra-Firming Face Contouring Gel,150g-0\"},{\"@type\":\"BreadcrumbList\",\"@id\":\"https:\/\/tiandeproducts.co.uk\/pl\/zel-modelujacy-kontury-twarzy150g\/#breadcrumb\",\"itemListElement\":[{\"@type\":\"ListItem\",\"position\":1,\"name\":\"Home\",\"item\":\"https:\/\/tiandeproducts.co.uk\/pl\/\"},{\"@type\":\"ListItem\",\"position\":2,\"name\":\"Shop\",\"item\":\"https:\/\/tiandeproducts.co.uk\/pl\/shop-2\/\"},{\"@type\":\"ListItem\",\"position\":3,\"name\":\"\u017bel modeluj\u0105cy kontury twarzy,150g\"}]},{\"@type\":\"WebSite\",\"@id\":\"https:\/\/tiandeproducts.co.uk\/#website\",\"url\":\"https:\/\/tiandeproducts.co.uk\/\",\"name\":\"TianDe Online Shop - Beauty & Health\",\"description\":\"Traditional Chinese Medicine\",\"potentialAction\":[{\"@type\":\"SearchAction\",\"target\":{\"@type\":\"EntryPoint\",\"urlTemplate\":\"https:\/\/tiandeproducts.co.uk\/?s={search_term_string}\"},\"query-input\":{\"@type\":\"PropertyValueSpecification\",\"valueRequired\":true,\"valueName\":\"search_term_string\"}}],\"inLanguage\":\"pl-PL\"}]}<\/script>\n<!-- \/ Yoast SEO plugin. -->","yoast_head_json":{"title":"\u017bel modeluj\u0105cy kontury twarzy,150g - TianDe Online Shop - Beauty &amp; Health","robots":{"index":"index","follow":"follow","max-snippet":"max-snippet:-1","max-image-preview":"max-image-preview:large","max-video-preview":"max-video-preview:-1"},"canonical":"https:\/\/tiandeproducts.co.uk\/pl\/zel-modelujacy-kontury-twarzy150g\/","og_locale":"pl_PL","og_type":"article","og_title":"\u017bel modeluj\u0105cy kontury twarzy,150g - TianDe Online Shop - Beauty &amp; Health","og_description":"Napina i wzmacnia sk\u00f3r\u0119, podnosz\u0105c stopie\u0144 j\u0119drno\u015b\u0107. Hamuje procesy starzenia si\u0119 sk\u00f3ry, sprzyja zmniejszeniu g\u0142\u0119boko\u015bci zmarszczek, zarysowuje si\u0119 kontur twarzy. Aktywny kompleks z kofein\u0105 poprawia drena\u017c limfatyczny. Bia\u0142ko m\u0142odej sk\u00f3ry w 70% sk\u0142ada si\u0119 z kolagenu. Osoby bli\u017cej 30 proces syntezy koleganu zaczyna spowalnia\u0107. Z wiekiem zmienia si\u0119 tak\u017ce jako\u015b\u0107 kolagenu: traci w\u0142a\u015bciwo\u015bci gromadzenia wilgoci, [...]","og_url":"https:\/\/tiandeproducts.co.uk\/pl\/zel-modelujacy-kontury-twarzy150g\/","og_site_name":"TianDe Online Shop - Beauty &amp; Health","article_publisher":"https:\/\/www.facebook.com\/tiande.products.england\/","article_modified_time":"2020-01-23T16:12:14+00:00","og_image":[{"width":700,"height":700,"url":"https:\/\/tiandeproducts.co.uk\/wp-content\/uploads\/2016\/04\/12707_new.png","type":"image\/png"}],"twitter_card":"summary_large_image","twitter_misc":{"Szacowany czas czytania":"1 minuta"},"schema":{"@context":"https:\/\/schema.org","@graph":[{"@type":"WebPage","@id":"https:\/\/tiandeproducts.co.uk\/pl\/zel-modelujacy-kontury-twarzy150g\/","url":"https:\/\/tiandeproducts.co.uk\/pl\/zel-modelujacy-kontury-twarzy150g\/","name":"\u017bel modeluj\u0105cy kontury twarzy,150g - TianDe Online Shop - Beauty &amp; Health","isPartOf":{"@id":"https:\/\/tiandeproducts.co.uk\/#website"},"primaryImageOfPage":{"@id":"https:\/\/tiandeproducts.co.uk\/pl\/zel-modelujacy-kontury-twarzy150g\/#primaryimage"},"image":{"@id":"https:\/\/tiandeproducts.co.uk\/pl\/zel-modelujacy-kontury-twarzy150g\/#primaryimage"},"thumbnailUrl":"https:\/\/tiandeproducts.co.uk\/wp-content\/uploads\/2016\/04\/12707_new.png","datePublished":"2016-04-03T12:43:27+00:00","dateModified":"2020-01-23T16:12:14+00:00","breadcrumb":{"@id":"https:\/\/tiandeproducts.co.uk\/pl\/zel-modelujacy-kontury-twarzy150g\/#breadcrumb"},"inLanguage":"pl-PL","potentialAction":[{"@type":"ReadAction","target":["https:\/\/tiandeproducts.co.uk\/pl\/zel-modelujacy-kontury-twarzy150g\/"]}]},{"@type":"ImageObject","inLanguage":"pl-PL","@id":"https:\/\/tiandeproducts.co.uk\/pl\/zel-modelujacy-kontury-twarzy150g\/#primaryimage","url":"https:\/\/tiandeproducts.co.uk\/wp-content\/uploads\/2016\/04\/12707_new.png","contentUrl":"https:\/\/tiandeproducts.co.uk\/wp-content\/uploads\/2016\/04\/12707_new.png","width":700,"height":700,"caption":"\"Collagen Active 35+\"Extra-Firming Face Contouring Gel,150g-0"},{"@type":"BreadcrumbList","@id":"https:\/\/tiandeproducts.co.uk\/pl\/zel-modelujacy-kontury-twarzy150g\/#breadcrumb","itemListElement":[{"@type":"ListItem","position":1,"name":"Home","item":"https:\/\/tiandeproducts.co.uk\/pl\/"},{"@type":"ListItem","position":2,"name":"Shop","item":"https:\/\/tiandeproducts.co.uk\/pl\/shop-2\/"},{"@type":"ListItem","position":3,"name":"\u017bel modeluj\u0105cy kontury twarzy,150g"}]},{"@type":"WebSite","@id":"https:\/\/tiandeproducts.co.uk\/#website","url":"https:\/\/tiandeproducts.co.uk\/","name":"TianDe Online Shop - Beauty & Health","description":"Traditional Chinese Medicine","potentialAction":[{"@type":"SearchAction","target":{"@type":"EntryPoint","urlTemplate":"https:\/\/tiandeproducts.co.uk\/?s={search_term_string}"},"query-input":{"@type":"PropertyValueSpecification","valueRequired":true,"valueName":"search_term_string"}}],"inLanguage":"pl-PL"}]}},"_links":{"self":[{"href":"https:\/\/tiandeproducts.co.uk\/pl\/wp-json\/wp\/v2\/product\/5791","targetHints":{"allow":["GET"]}}],"collection":[{"href":"https:\/\/tiandeproducts.co.uk\/pl\/wp-json\/wp\/v2\/product"}],"about":[{"href":"https:\/\/tiandeproducts.co.uk\/pl\/wp-json\/wp\/v2\/types\/product"}],"replies":[{"embeddable":true,"href":"https:\/\/tiandeproducts.co.uk\/pl\/wp-json\/wp\/v2\/comments?post=5791"}],"wp:featuredmedia":[{"embeddable":true,"href":"https:\/\/tiandeproducts.co.uk\/pl\/wp-json\/wp\/v2\/media\/285"}],"wp:attachment":[{"href":"https:\/\/tiandeproducts.co.uk\/pl\/wp-json\/wp\/v2\/media?parent=5791"}],"wp:term":[{"taxonomy":"product_cat","embeddable":true,"href":"https:\/\/tiandeproducts.co.uk\/pl\/wp-json\/wp\/v2\/product_cat?post=5791"},{"taxonomy":"product_tag","embeddable":true,"href":"https:\/\/tiandeproducts.co.uk\/pl\/wp-json\/wp\/v2\/product_tag?post=5791"}],"curies":[{"name":"wp","href":"https:\/\/api.w.org\/{rel}","templated":true}]}}