{"id":5779,"date":"2016-04-03T14:52:46","date_gmt":"2016-04-03T13:52:46","guid":{"rendered":"https:\/\/www.tiandeproducts.co.uk\/przeciwzmarszczkowy-krem-zel-pod-oczy30g\/"},"modified":"2019-11-01T09:07:50","modified_gmt":"2019-11-01T09:07:50","slug":"przeciwzmarszczkowy-krem-zel-pod-oczy30g","status":"publish","type":"product","link":"https:\/\/tiandeproducts.co.uk\/pl\/przeciwzmarszczkowy-krem-zel-pod-oczy30g\/","title":{"rendered":"Przeciwzmarszczkowy krem-\u017cel pod oczy,30g"},"content":{"rendered":"<div class=\"description\">\n<p>Piel\u0119gnuje delikatn\u0105 sk\u00f3r\u0119 wok\u00f3\u0142 oczu, zapewnia g\u0142\u0119bokie nawil\u017cenie i od\u017cywienie. Odbudowuje struktur\u0119 w\u0142okien kolagenowtch, aktywuj\u0105c regeneratywne procesy kom\u00f3rkowe.<\/p>\n<p>Zaleca si\u0119 stosowanie od 35 roku \u017cycia.<\/p>\n<\/div>\n<div class=\"instruction\">\n<p><strong>ZASTOSOWANIE:<\/strong><\/p>\n<p>Na\u0142\u00f3\u017c lekkimi poklepuj\u0105cymi ruchami na sk\u00f3r\u0119 wok\u00f3\u0142 oczu. Nie masuj!<\/p>\n<\/div>\n","protected":false},"excerpt":{"rendered":"<p>Piel\u0119gnuje delikatn\u0105 sk\u00f3r\u0119 wok\u00f3\u0142 oczu, zapewnia g\u0142\u0119bokie nawil\u017cenie i od\u017cywienie. Odbudowuje struktur\u0119 w\u0142okien kolagenowtch, aktywuj\u0105c regeneratywne procesy kom\u00f3rkowe. Zaleca si\u0119 stosowanie od 35 roku \u017cycia. ZASTOSOWANIE: Na\u0142\u00f3\u017c lekkimi poklepuj\u0105cymi ruchami na sk\u00f3r\u0119 wok\u00f3\u0142 oczu. Nie masuj!<\/p>\n","protected":false},"featured_media":310,"comment_status":"closed","ping_status":"closed","template":"","meta":[],"product_cat":[746,870,871,615],"product_tag":[],"class_list":{"0":"post-5779","1":"product","2":"type-product","3":"status-publish","4":"has-post-thumbnail","6":"product_cat-do-twarzy","7":"product_cat-pielegnacja-skory-wokol-oczu","8":"product_cat-pielegnacja-skory-wokol-oczu-pl","9":"product_cat-zhenfei-perfect-pl","11":"first","12":"instock","13":"shipping-taxable","14":"purchasable","15":"product-type-simple"},"yoast_head":"<!-- This site is optimized with the Yoast SEO plugin v23.6 - https:\/\/yoast.com\/wordpress\/plugins\/seo\/ -->\n<title>Przeciwzmarszczkowy krem-\u017cel pod oczy,30g - TianDe Online Shop - Beauty &amp; Health<\/title>\n<meta name=\"robots\" content=\"index, follow, max-snippet:-1, max-image-preview:large, max-video-preview:-1\" \/>\n<link rel=\"canonical\" href=\"https:\/\/tiandeproducts.co.uk\/pl\/przeciwzmarszczkowy-krem-zel-pod-oczy30g\/\" \/>\n<meta property=\"og:locale\" content=\"pl_PL\" \/>\n<meta property=\"og:type\" content=\"article\" \/>\n<meta property=\"og:title\" content=\"Przeciwzmarszczkowy krem-\u017cel pod oczy,30g - TianDe Online Shop - Beauty &amp; Health\" \/>\n<meta property=\"og:description\" content=\"Piel\u0119gnuje delikatn\u0105 sk\u00f3r\u0119 wok\u00f3\u0142 oczu, zapewnia g\u0142\u0119bokie nawil\u017cenie i od\u017cywienie. Odbudowuje struktur\u0119 w\u0142okien kolagenowtch, aktywuj\u0105c regeneratywne procesy kom\u00f3rkowe. Zaleca si\u0119 stosowanie od 35 roku \u017cycia. ZASTOSOWANIE: Na\u0142\u00f3\u017c lekkimi poklepuj\u0105cymi ruchami na sk\u00f3r\u0119 wok\u00f3\u0142 oczu. Nie masuj!\" \/>\n<meta property=\"og:url\" content=\"https:\/\/tiandeproducts.co.uk\/pl\/przeciwzmarszczkowy-krem-zel-pod-oczy30g\/\" \/>\n<meta property=\"og:site_name\" content=\"TianDe Online Shop - Beauty &amp; Health\" \/>\n<meta property=\"article:publisher\" content=\"https:\/\/www.facebook.com\/tiande.products.england\/\" \/>\n<meta property=\"article:modified_time\" content=\"2019-11-01T09:07:50+00:00\" \/>\n<meta property=\"og:image\" content=\"https:\/\/tiandeproducts.co.uk\/wp-content\/uploads\/2016\/04\/12806_new.png\" \/>\n\t<meta property=\"og:image:width\" content=\"700\" \/>\n\t<meta property=\"og:image:height\" content=\"700\" \/>\n\t<meta property=\"og:image:type\" content=\"image\/png\" \/>\n<meta name=\"twitter:card\" content=\"summary_large_image\" \/>\n<script type=\"application\/ld+json\" class=\"yoast-schema-graph\">{\"@context\":\"https:\/\/schema.org\",\"@graph\":[{\"@type\":\"WebPage\",\"@id\":\"https:\/\/tiandeproducts.co.uk\/pl\/przeciwzmarszczkowy-krem-zel-pod-oczy30g\/\",\"url\":\"https:\/\/tiandeproducts.co.uk\/pl\/przeciwzmarszczkowy-krem-zel-pod-oczy30g\/\",\"name\":\"Przeciwzmarszczkowy krem-\u017cel pod oczy,30g - TianDe Online Shop - Beauty &amp; Health\",\"isPartOf\":{\"@id\":\"https:\/\/tiandeproducts.co.uk\/#website\"},\"primaryImageOfPage\":{\"@id\":\"https:\/\/tiandeproducts.co.uk\/pl\/przeciwzmarszczkowy-krem-zel-pod-oczy30g\/#primaryimage\"},\"image\":{\"@id\":\"https:\/\/tiandeproducts.co.uk\/pl\/przeciwzmarszczkowy-krem-zel-pod-oczy30g\/#primaryimage\"},\"thumbnailUrl\":\"https:\/\/tiandeproducts.co.uk\/wp-content\/uploads\/2016\/04\/12806_new.png\",\"datePublished\":\"2016-04-03T13:52:46+00:00\",\"dateModified\":\"2019-11-01T09:07:50+00:00\",\"breadcrumb\":{\"@id\":\"https:\/\/tiandeproducts.co.uk\/pl\/przeciwzmarszczkowy-krem-zel-pod-oczy30g\/#breadcrumb\"},\"inLanguage\":\"pl-PL\",\"potentialAction\":[{\"@type\":\"ReadAction\",\"target\":[\"https:\/\/tiandeproducts.co.uk\/pl\/przeciwzmarszczkowy-krem-zel-pod-oczy30g\/\"]}]},{\"@type\":\"ImageObject\",\"inLanguage\":\"pl-PL\",\"@id\":\"https:\/\/tiandeproducts.co.uk\/pl\/przeciwzmarszczkowy-krem-zel-pod-oczy30g\/#primaryimage\",\"url\":\"https:\/\/tiandeproducts.co.uk\/wp-content\/uploads\/2016\/04\/12806_new.png\",\"contentUrl\":\"https:\/\/tiandeproducts.co.uk\/wp-content\/uploads\/2016\/04\/12806_new.png\",\"width\":700,\"height\":700,\"caption\":\"\\\"Zhenfei Perfect 35+\\\" Anti-Wrinkle Eye Cream-Gel,30g-0\"},{\"@type\":\"BreadcrumbList\",\"@id\":\"https:\/\/tiandeproducts.co.uk\/pl\/przeciwzmarszczkowy-krem-zel-pod-oczy30g\/#breadcrumb\",\"itemListElement\":[{\"@type\":\"ListItem\",\"position\":1,\"name\":\"Home\",\"item\":\"https:\/\/tiandeproducts.co.uk\/pl\/\"},{\"@type\":\"ListItem\",\"position\":2,\"name\":\"Shop\",\"item\":\"https:\/\/tiandeproducts.co.uk\/pl\/shop-2\/\"},{\"@type\":\"ListItem\",\"position\":3,\"name\":\"Przeciwzmarszczkowy krem-\u017cel pod oczy,30g\"}]},{\"@type\":\"WebSite\",\"@id\":\"https:\/\/tiandeproducts.co.uk\/#website\",\"url\":\"https:\/\/tiandeproducts.co.uk\/\",\"name\":\"TianDe Online Shop - Beauty & Health\",\"description\":\"Traditional Chinese Medicine\",\"potentialAction\":[{\"@type\":\"SearchAction\",\"target\":{\"@type\":\"EntryPoint\",\"urlTemplate\":\"https:\/\/tiandeproducts.co.uk\/?s={search_term_string}\"},\"query-input\":{\"@type\":\"PropertyValueSpecification\",\"valueRequired\":true,\"valueName\":\"search_term_string\"}}],\"inLanguage\":\"pl-PL\"}]}<\/script>\n<!-- \/ Yoast SEO plugin. -->","yoast_head_json":{"title":"Przeciwzmarszczkowy krem-\u017cel pod oczy,30g - TianDe Online Shop - Beauty &amp; Health","robots":{"index":"index","follow":"follow","max-snippet":"max-snippet:-1","max-image-preview":"max-image-preview:large","max-video-preview":"max-video-preview:-1"},"canonical":"https:\/\/tiandeproducts.co.uk\/pl\/przeciwzmarszczkowy-krem-zel-pod-oczy30g\/","og_locale":"pl_PL","og_type":"article","og_title":"Przeciwzmarszczkowy krem-\u017cel pod oczy,30g - TianDe Online Shop - Beauty &amp; Health","og_description":"Piel\u0119gnuje delikatn\u0105 sk\u00f3r\u0119 wok\u00f3\u0142 oczu, zapewnia g\u0142\u0119bokie nawil\u017cenie i od\u017cywienie. Odbudowuje struktur\u0119 w\u0142okien kolagenowtch, aktywuj\u0105c regeneratywne procesy kom\u00f3rkowe. Zaleca si\u0119 stosowanie od 35 roku \u017cycia. ZASTOSOWANIE: Na\u0142\u00f3\u017c lekkimi poklepuj\u0105cymi ruchami na sk\u00f3r\u0119 wok\u00f3\u0142 oczu. Nie masuj!","og_url":"https:\/\/tiandeproducts.co.uk\/pl\/przeciwzmarszczkowy-krem-zel-pod-oczy30g\/","og_site_name":"TianDe Online Shop - Beauty &amp; Health","article_publisher":"https:\/\/www.facebook.com\/tiande.products.england\/","article_modified_time":"2019-11-01T09:07:50+00:00","og_image":[{"width":700,"height":700,"url":"https:\/\/tiandeproducts.co.uk\/wp-content\/uploads\/2016\/04\/12806_new.png","type":"image\/png"}],"twitter_card":"summary_large_image","schema":{"@context":"https:\/\/schema.org","@graph":[{"@type":"WebPage","@id":"https:\/\/tiandeproducts.co.uk\/pl\/przeciwzmarszczkowy-krem-zel-pod-oczy30g\/","url":"https:\/\/tiandeproducts.co.uk\/pl\/przeciwzmarszczkowy-krem-zel-pod-oczy30g\/","name":"Przeciwzmarszczkowy krem-\u017cel pod oczy,30g - TianDe Online Shop - Beauty &amp; Health","isPartOf":{"@id":"https:\/\/tiandeproducts.co.uk\/#website"},"primaryImageOfPage":{"@id":"https:\/\/tiandeproducts.co.uk\/pl\/przeciwzmarszczkowy-krem-zel-pod-oczy30g\/#primaryimage"},"image":{"@id":"https:\/\/tiandeproducts.co.uk\/pl\/przeciwzmarszczkowy-krem-zel-pod-oczy30g\/#primaryimage"},"thumbnailUrl":"https:\/\/tiandeproducts.co.uk\/wp-content\/uploads\/2016\/04\/12806_new.png","datePublished":"2016-04-03T13:52:46+00:00","dateModified":"2019-11-01T09:07:50+00:00","breadcrumb":{"@id":"https:\/\/tiandeproducts.co.uk\/pl\/przeciwzmarszczkowy-krem-zel-pod-oczy30g\/#breadcrumb"},"inLanguage":"pl-PL","potentialAction":[{"@type":"ReadAction","target":["https:\/\/tiandeproducts.co.uk\/pl\/przeciwzmarszczkowy-krem-zel-pod-oczy30g\/"]}]},{"@type":"ImageObject","inLanguage":"pl-PL","@id":"https:\/\/tiandeproducts.co.uk\/pl\/przeciwzmarszczkowy-krem-zel-pod-oczy30g\/#primaryimage","url":"https:\/\/tiandeproducts.co.uk\/wp-content\/uploads\/2016\/04\/12806_new.png","contentUrl":"https:\/\/tiandeproducts.co.uk\/wp-content\/uploads\/2016\/04\/12806_new.png","width":700,"height":700,"caption":"\"Zhenfei Perfect 35+\" Anti-Wrinkle Eye Cream-Gel,30g-0"},{"@type":"BreadcrumbList","@id":"https:\/\/tiandeproducts.co.uk\/pl\/przeciwzmarszczkowy-krem-zel-pod-oczy30g\/#breadcrumb","itemListElement":[{"@type":"ListItem","position":1,"name":"Home","item":"https:\/\/tiandeproducts.co.uk\/pl\/"},{"@type":"ListItem","position":2,"name":"Shop","item":"https:\/\/tiandeproducts.co.uk\/pl\/shop-2\/"},{"@type":"ListItem","position":3,"name":"Przeciwzmarszczkowy krem-\u017cel pod oczy,30g"}]},{"@type":"WebSite","@id":"https:\/\/tiandeproducts.co.uk\/#website","url":"https:\/\/tiandeproducts.co.uk\/","name":"TianDe Online Shop - Beauty & Health","description":"Traditional Chinese Medicine","potentialAction":[{"@type":"SearchAction","target":{"@type":"EntryPoint","urlTemplate":"https:\/\/tiandeproducts.co.uk\/?s={search_term_string}"},"query-input":{"@type":"PropertyValueSpecification","valueRequired":true,"valueName":"search_term_string"}}],"inLanguage":"pl-PL"}]}},"_links":{"self":[{"href":"https:\/\/tiandeproducts.co.uk\/pl\/wp-json\/wp\/v2\/product\/5779","targetHints":{"allow":["GET"]}}],"collection":[{"href":"https:\/\/tiandeproducts.co.uk\/pl\/wp-json\/wp\/v2\/product"}],"about":[{"href":"https:\/\/tiandeproducts.co.uk\/pl\/wp-json\/wp\/v2\/types\/product"}],"replies":[{"embeddable":true,"href":"https:\/\/tiandeproducts.co.uk\/pl\/wp-json\/wp\/v2\/comments?post=5779"}],"wp:featuredmedia":[{"embeddable":true,"href":"https:\/\/tiandeproducts.co.uk\/pl\/wp-json\/wp\/v2\/media\/310"}],"wp:attachment":[{"href":"https:\/\/tiandeproducts.co.uk\/pl\/wp-json\/wp\/v2\/media?parent=5779"}],"wp:term":[{"taxonomy":"product_cat","embeddable":true,"href":"https:\/\/tiandeproducts.co.uk\/pl\/wp-json\/wp\/v2\/product_cat?post=5779"},{"taxonomy":"product_tag","embeddable":true,"href":"https:\/\/tiandeproducts.co.uk\/pl\/wp-json\/wp\/v2\/product_tag?post=5779"}],"curies":[{"name":"wp","href":"https:\/\/api.w.org\/{rel}","templated":true}]}}