{"id":5767,"date":"2016-04-03T15:29:16","date_gmt":"2016-04-03T14:29:16","guid":{"rendered":"https:\/\/www.tiandeproducts.co.uk\/regenerujace-serum-w-kapsulkach\/"},"modified":"2023-11-11T18:14:33","modified_gmt":"2023-11-11T18:14:33","slug":"regenerujace-serum-w-kapsulkach","status":"publish","type":"product","link":"https:\/\/tiandeproducts.co.uk\/pl\/regenerujace-serum-w-kapsulkach\/","title":{"rendered":"Regeneruj\u0105ce serum w kapsu\u0142kach,36 szt."},"content":{"rendered":"<div class=\"description\">\n<p>Serum zapewnia sk\u00f3rze ekstra nasycone od\u017cywienie, pomaga w walce z oznakami starzenia, chroni\u0105c kom\u00f3rki przed dzia\u0142aniem wolnych rodnik\u00f3w, a tak\u017ce utrzymuje optymalny poziom nawil\u017cenia.<\/p>\n<p>Serum \u2013 zawiera najwi\u0119cej aktywnych sk\u0142adnik\u00f3w, dlatego ca\u0142kowicie zasadnie nazywano go \u201ekoncentratem pi\u0119kna\u201d: Ilo\u015b\u0107 biologicznie aktywnych sk\u0142adnik\u00f3w w tych kosmetykach jest \u015brednio o 10 razy wi\u0119cej ni\u017c w kremach. Zalet kosmetycznego serum Corrective Serum TianDe:<br \/>\n\u2022 nie zawiera konserwant\u00f3w;<br \/>\n\u2022 wysoki procent zawarcia naturalnych sk\u0142adnik\u00f3w (hydralizowany jedwab \u2013 40%, olejek z wiesio\u0142ka \u2013 16,8%, olejek z jojoba\u2013 6%, olejek z pestek jojoba\u2013 6%, witamina \u0415 \u2013 4%, ceramidy \u2013 3%) sprzyjaj\u0105 redukcji zmarszczek, przywracaj\u0105 j\u0119drno\u015b\u0107 sk\u00f3ry;<br \/>\n\u2022 efekt zastosowania jest widoczny natychmiast: sk\u00f3ra b\u0142yskawicznie otrzymuje niezb\u0119dn\u0105 ilo\u015b\u0107 aktywnych sk\u0142adnik\u00f3w w najbardziej przyswajalnej formie.<\/p>\n<\/div>\n<div class=\"instruction\">\n<p><strong>ZASTOSOWANIE:<\/strong><\/p>\n<p>Delikatnymi poklepuj\u0105cymi ruchami nanie\u015b \u015brodek na oczyszczon\u0105 sk\u00f3r\u0119 wok\u00f3\u0142 oczu 1-2 razy dziennie.<\/p>\n<p>Mo\u017ce by\u0107 stosowany dora\u017anie &#8211; kiedy niezb\u0119dna jest pilna pomoc sk\u00f3rze przy usuwaniu \u015blad\u00f3w zm\u0119czenia, jak i profilaktycznie &#8211; po 10-15 dni dla kompleksowej i g\u0142\u0119bokiej regenracji, do 3-4 razy do roku.<\/p>\n<\/div>\n","protected":false},"excerpt":{"rendered":"<p>Serum zapewnia sk\u00f3rze ekstra nasycone od\u017cywienie, pomaga w walce z oznakami starzenia, chroni\u0105c kom\u00f3rki przed dzia\u0142aniem wolnych rodnik\u00f3w, a tak\u017ce utrzymuje optymalny poziom nawil\u017cenia. Serum \u2013 zawiera najwi\u0119cej aktywnych sk\u0142adnik\u00f3w, dlatego ca\u0142kowicie zasadnie nazywano go \u201ekoncentratem pi\u0119kna\u201d: Ilo\u015b\u0107 biologicznie aktywnych sk\u0142adnik\u00f3w w tych kosmetykach jest \u015brednio o 10 razy wi\u0119cej ni\u017c w kremach. Zalet kosmetycznego [&#8230;]\n","protected":false},"featured_media":335,"comment_status":"closed","ping_status":"closed","template":"","meta":[],"product_cat":[540,746,901,876,868],"product_tag":[],"class_list":{"0":"post-5767","1":"product","2":"type-product","3":"status-publish","4":"has-post-thumbnail","6":"product_cat-corrective-serum-pl","7":"product_cat-do-twarzy","8":"product_cat-nawodnienie-i-odzywienie","9":"product_cat-pielegnacja-anti-aging","10":"product_cat-produkty-specjalistyczne","12":"first","13":"instock","14":"shipping-taxable","15":"purchasable","16":"product-type-simple"},"yoast_head":"<!-- This site is optimized with the Yoast SEO plugin v23.6 - https:\/\/yoast.com\/wordpress\/plugins\/seo\/ -->\n<title>Regeneruj\u0105ce serum w kapsu\u0142kach,36 szt. - TianDe Online Shop - Beauty &amp; Health<\/title>\n<meta name=\"robots\" content=\"index, follow, max-snippet:-1, max-image-preview:large, max-video-preview:-1\" \/>\n<link rel=\"canonical\" href=\"https:\/\/tiandeproducts.co.uk\/pl\/regenerujace-serum-w-kapsulkach\/\" \/>\n<meta property=\"og:locale\" content=\"pl_PL\" \/>\n<meta property=\"og:type\" content=\"article\" \/>\n<meta property=\"og:title\" content=\"Regeneruj\u0105ce serum w kapsu\u0142kach,36 szt. - TianDe Online Shop - Beauty &amp; Health\" \/>\n<meta property=\"og:description\" content=\"Serum zapewnia sk\u00f3rze ekstra nasycone od\u017cywienie, pomaga w walce z oznakami starzenia, chroni\u0105c kom\u00f3rki przed dzia\u0142aniem wolnych rodnik\u00f3w, a tak\u017ce utrzymuje optymalny poziom nawil\u017cenia. Serum \u2013 zawiera najwi\u0119cej aktywnych sk\u0142adnik\u00f3w, dlatego ca\u0142kowicie zasadnie nazywano go \u201ekoncentratem pi\u0119kna\u201d: Ilo\u015b\u0107 biologicznie aktywnych sk\u0142adnik\u00f3w w tych kosmetykach jest \u015brednio o 10 razy wi\u0119cej ni\u017c w kremach. Zalet kosmetycznego [...]\" \/>\n<meta property=\"og:url\" content=\"https:\/\/tiandeproducts.co.uk\/pl\/regenerujace-serum-w-kapsulkach\/\" \/>\n<meta property=\"og:site_name\" content=\"TianDe Online Shop - Beauty &amp; Health\" \/>\n<meta property=\"article:publisher\" content=\"https:\/\/www.facebook.com\/tiande.products.england\/\" \/>\n<meta property=\"article:modified_time\" content=\"2023-11-11T18:14:33+00:00\" \/>\n<meta property=\"og:image\" content=\"https:\/\/tiandeproducts.co.uk\/wp-content\/uploads\/2016\/04\/10101_new.png\" \/>\n\t<meta property=\"og:image:width\" content=\"700\" \/>\n\t<meta property=\"og:image:height\" content=\"700\" \/>\n\t<meta property=\"og:image:type\" content=\"image\/png\" \/>\n<meta name=\"twitter:card\" content=\"summary_large_image\" \/>\n<meta name=\"twitter:label1\" content=\"Szacowany czas czytania\" \/>\n\t<meta name=\"twitter:data1\" content=\"1 minuta\" \/>\n<script type=\"application\/ld+json\" class=\"yoast-schema-graph\">{\"@context\":\"https:\/\/schema.org\",\"@graph\":[{\"@type\":\"WebPage\",\"@id\":\"https:\/\/tiandeproducts.co.uk\/pl\/regenerujace-serum-w-kapsulkach\/\",\"url\":\"https:\/\/tiandeproducts.co.uk\/pl\/regenerujace-serum-w-kapsulkach\/\",\"name\":\"Regeneruj\u0105ce serum w kapsu\u0142kach,36 szt. - TianDe Online Shop - Beauty &amp; Health\",\"isPartOf\":{\"@id\":\"https:\/\/tiandeproducts.co.uk\/#website\"},\"primaryImageOfPage\":{\"@id\":\"https:\/\/tiandeproducts.co.uk\/pl\/regenerujace-serum-w-kapsulkach\/#primaryimage\"},\"image\":{\"@id\":\"https:\/\/tiandeproducts.co.uk\/pl\/regenerujace-serum-w-kapsulkach\/#primaryimage\"},\"thumbnailUrl\":\"https:\/\/tiandeproducts.co.uk\/wp-content\/uploads\/2016\/04\/10101_new.png\",\"datePublished\":\"2016-04-03T14:29:16+00:00\",\"dateModified\":\"2023-11-11T18:14:33+00:00\",\"breadcrumb\":{\"@id\":\"https:\/\/tiandeproducts.co.uk\/pl\/regenerujace-serum-w-kapsulkach\/#breadcrumb\"},\"inLanguage\":\"pl-PL\",\"potentialAction\":[{\"@type\":\"ReadAction\",\"target\":[\"https:\/\/tiandeproducts.co.uk\/pl\/regenerujace-serum-w-kapsulkach\/\"]}]},{\"@type\":\"ImageObject\",\"inLanguage\":\"pl-PL\",\"@id\":\"https:\/\/tiandeproducts.co.uk\/pl\/regenerujace-serum-w-kapsulkach\/#primaryimage\",\"url\":\"https:\/\/tiandeproducts.co.uk\/wp-content\/uploads\/2016\/04\/10101_new.png\",\"contentUrl\":\"https:\/\/tiandeproducts.co.uk\/wp-content\/uploads\/2016\/04\/10101_new.png\",\"width\":700,\"height\":700,\"caption\":\"Facial Corrective Serum,Improves Metabolism,36pcs-0\"},{\"@type\":\"BreadcrumbList\",\"@id\":\"https:\/\/tiandeproducts.co.uk\/pl\/regenerujace-serum-w-kapsulkach\/#breadcrumb\",\"itemListElement\":[{\"@type\":\"ListItem\",\"position\":1,\"name\":\"Home\",\"item\":\"https:\/\/tiandeproducts.co.uk\/pl\/\"},{\"@type\":\"ListItem\",\"position\":2,\"name\":\"Shop\",\"item\":\"https:\/\/tiandeproducts.co.uk\/pl\/shop-2\/\"},{\"@type\":\"ListItem\",\"position\":3,\"name\":\"Regeneruj\u0105ce serum w kapsu\u0142kach,36 szt.\"}]},{\"@type\":\"WebSite\",\"@id\":\"https:\/\/tiandeproducts.co.uk\/#website\",\"url\":\"https:\/\/tiandeproducts.co.uk\/\",\"name\":\"TianDe Online Shop - Beauty & Health\",\"description\":\"Traditional Chinese Medicine\",\"potentialAction\":[{\"@type\":\"SearchAction\",\"target\":{\"@type\":\"EntryPoint\",\"urlTemplate\":\"https:\/\/tiandeproducts.co.uk\/?s={search_term_string}\"},\"query-input\":{\"@type\":\"PropertyValueSpecification\",\"valueRequired\":true,\"valueName\":\"search_term_string\"}}],\"inLanguage\":\"pl-PL\"}]}<\/script>\n<!-- \/ Yoast SEO plugin. -->","yoast_head_json":{"title":"Regeneruj\u0105ce serum w kapsu\u0142kach,36 szt. - TianDe Online Shop - Beauty &amp; Health","robots":{"index":"index","follow":"follow","max-snippet":"max-snippet:-1","max-image-preview":"max-image-preview:large","max-video-preview":"max-video-preview:-1"},"canonical":"https:\/\/tiandeproducts.co.uk\/pl\/regenerujace-serum-w-kapsulkach\/","og_locale":"pl_PL","og_type":"article","og_title":"Regeneruj\u0105ce serum w kapsu\u0142kach,36 szt. - TianDe Online Shop - Beauty &amp; Health","og_description":"Serum zapewnia sk\u00f3rze ekstra nasycone od\u017cywienie, pomaga w walce z oznakami starzenia, chroni\u0105c kom\u00f3rki przed dzia\u0142aniem wolnych rodnik\u00f3w, a tak\u017ce utrzymuje optymalny poziom nawil\u017cenia. Serum \u2013 zawiera najwi\u0119cej aktywnych sk\u0142adnik\u00f3w, dlatego ca\u0142kowicie zasadnie nazywano go \u201ekoncentratem pi\u0119kna\u201d: Ilo\u015b\u0107 biologicznie aktywnych sk\u0142adnik\u00f3w w tych kosmetykach jest \u015brednio o 10 razy wi\u0119cej ni\u017c w kremach. Zalet kosmetycznego [...]","og_url":"https:\/\/tiandeproducts.co.uk\/pl\/regenerujace-serum-w-kapsulkach\/","og_site_name":"TianDe Online Shop - Beauty &amp; Health","article_publisher":"https:\/\/www.facebook.com\/tiande.products.england\/","article_modified_time":"2023-11-11T18:14:33+00:00","og_image":[{"width":700,"height":700,"url":"https:\/\/tiandeproducts.co.uk\/wp-content\/uploads\/2016\/04\/10101_new.png","type":"image\/png"}],"twitter_card":"summary_large_image","twitter_misc":{"Szacowany czas czytania":"1 minuta"},"schema":{"@context":"https:\/\/schema.org","@graph":[{"@type":"WebPage","@id":"https:\/\/tiandeproducts.co.uk\/pl\/regenerujace-serum-w-kapsulkach\/","url":"https:\/\/tiandeproducts.co.uk\/pl\/regenerujace-serum-w-kapsulkach\/","name":"Regeneruj\u0105ce serum w kapsu\u0142kach,36 szt. - TianDe Online Shop - Beauty &amp; Health","isPartOf":{"@id":"https:\/\/tiandeproducts.co.uk\/#website"},"primaryImageOfPage":{"@id":"https:\/\/tiandeproducts.co.uk\/pl\/regenerujace-serum-w-kapsulkach\/#primaryimage"},"image":{"@id":"https:\/\/tiandeproducts.co.uk\/pl\/regenerujace-serum-w-kapsulkach\/#primaryimage"},"thumbnailUrl":"https:\/\/tiandeproducts.co.uk\/wp-content\/uploads\/2016\/04\/10101_new.png","datePublished":"2016-04-03T14:29:16+00:00","dateModified":"2023-11-11T18:14:33+00:00","breadcrumb":{"@id":"https:\/\/tiandeproducts.co.uk\/pl\/regenerujace-serum-w-kapsulkach\/#breadcrumb"},"inLanguage":"pl-PL","potentialAction":[{"@type":"ReadAction","target":["https:\/\/tiandeproducts.co.uk\/pl\/regenerujace-serum-w-kapsulkach\/"]}]},{"@type":"ImageObject","inLanguage":"pl-PL","@id":"https:\/\/tiandeproducts.co.uk\/pl\/regenerujace-serum-w-kapsulkach\/#primaryimage","url":"https:\/\/tiandeproducts.co.uk\/wp-content\/uploads\/2016\/04\/10101_new.png","contentUrl":"https:\/\/tiandeproducts.co.uk\/wp-content\/uploads\/2016\/04\/10101_new.png","width":700,"height":700,"caption":"Facial Corrective Serum,Improves Metabolism,36pcs-0"},{"@type":"BreadcrumbList","@id":"https:\/\/tiandeproducts.co.uk\/pl\/regenerujace-serum-w-kapsulkach\/#breadcrumb","itemListElement":[{"@type":"ListItem","position":1,"name":"Home","item":"https:\/\/tiandeproducts.co.uk\/pl\/"},{"@type":"ListItem","position":2,"name":"Shop","item":"https:\/\/tiandeproducts.co.uk\/pl\/shop-2\/"},{"@type":"ListItem","position":3,"name":"Regeneruj\u0105ce serum w kapsu\u0142kach,36 szt."}]},{"@type":"WebSite","@id":"https:\/\/tiandeproducts.co.uk\/#website","url":"https:\/\/tiandeproducts.co.uk\/","name":"TianDe Online Shop - Beauty & Health","description":"Traditional Chinese Medicine","potentialAction":[{"@type":"SearchAction","target":{"@type":"EntryPoint","urlTemplate":"https:\/\/tiandeproducts.co.uk\/?s={search_term_string}"},"query-input":{"@type":"PropertyValueSpecification","valueRequired":true,"valueName":"search_term_string"}}],"inLanguage":"pl-PL"}]}},"_links":{"self":[{"href":"https:\/\/tiandeproducts.co.uk\/pl\/wp-json\/wp\/v2\/product\/5767","targetHints":{"allow":["GET"]}}],"collection":[{"href":"https:\/\/tiandeproducts.co.uk\/pl\/wp-json\/wp\/v2\/product"}],"about":[{"href":"https:\/\/tiandeproducts.co.uk\/pl\/wp-json\/wp\/v2\/types\/product"}],"replies":[{"embeddable":true,"href":"https:\/\/tiandeproducts.co.uk\/pl\/wp-json\/wp\/v2\/comments?post=5767"}],"wp:featuredmedia":[{"embeddable":true,"href":"https:\/\/tiandeproducts.co.uk\/pl\/wp-json\/wp\/v2\/media\/335"}],"wp:attachment":[{"href":"https:\/\/tiandeproducts.co.uk\/pl\/wp-json\/wp\/v2\/media?parent=5767"}],"wp:term":[{"taxonomy":"product_cat","embeddable":true,"href":"https:\/\/tiandeproducts.co.uk\/pl\/wp-json\/wp\/v2\/product_cat?post=5767"},{"taxonomy":"product_tag","embeddable":true,"href":"https:\/\/tiandeproducts.co.uk\/pl\/wp-json\/wp\/v2\/product_tag?post=5767"}],"curies":[{"name":"wp","href":"https:\/\/api.w.org\/{rel}","templated":true}]}}