{"id":5750,"date":"2016-04-04T14:56:30","date_gmt":"2016-04-04T13:56:30","guid":{"rendered":"https:\/\/www.tiandeproducts.co.uk\/balsam-do-wlosow-wzmacniajacy-cebulki-wlosowe-z-wyciagiem-ling-zhi220g\/"},"modified":"2020-11-08T12:09:51","modified_gmt":"2020-11-08T12:09:51","slug":"balsam-do-wlosow-wzmacniajacy-cebulki-wlosowe-z-wyciagiem-ling-zhi220g","status":"publish","type":"product","link":"https:\/\/tiandeproducts.co.uk\/pl\/balsam-do-wlosow-wzmacniajacy-cebulki-wlosowe-z-wyciagiem-ling-zhi220g\/","title":{"rendered":"Balsam do w\u0142os\u00f3w wzmacniaj\u0105cy cebulki w\u0142osowe z wyci\u0105giem Ling Zhi,220g"},"content":{"rendered":"<div class=\"description\">\n<p>Komponenty, zawarte w sk\u0142adzie balsamu sprzyjaj\u0105 wzmocnieniu cebulek, przyszpieszeniu podzia\u0142u kom\u00f3rek, odbudowie wzrostu w\u0142os\u00f3w. Zapobiegaj\u0105 wypadaniu w\u0142os\u00f3w, odbudowuj\u0105 ich struktur\u0119 po farbowaniu i chemicznych procedurach. W\u0142osy d\u0142u\u017cej pozostaj\u0105 czyste, b\u0142yszcz\u0105ce, zdrowe, l\u015bni\u0105ce, maj\u0105 wi\u0119ksz\u0105 obj\u0119to\u015b\u0107, staj\u0105 si\u0119 g\u0119stsze, \u0142atwo si\u0119 je rozczesuje.<\/p>\n<\/div>\n<div class=\"instruction\">\n<p><strong>ZASTOSOWANIE:<\/strong><\/p>\n<p>R\u00f3wnomiernie rozprowad\u017a na czystych wilgotnych w\u0142osach. Po 2-3 minutach dok\u0142adnie sp\u0142ucz wod\u0105.<\/p>\n<\/div>\n","protected":false},"excerpt":{"rendered":"<p>Komponenty, zawarte w sk\u0142adzie balsamu sprzyjaj\u0105 wzmocnieniu cebulek, przyszpieszeniu podzia\u0142u kom\u00f3rek, odbudowie wzrostu w\u0142os\u00f3w. Zapobiegaj\u0105 wypadaniu w\u0142os\u00f3w, odbudowuj\u0105 ich struktur\u0119 po farbowaniu i chemicznych procedurach. W\u0142osy d\u0142u\u017cej pozostaj\u0105 czyste, b\u0142yszcz\u0105ce, zdrowe, l\u015bni\u0105ce, maj\u0105 wi\u0119ksz\u0105 obj\u0119to\u015b\u0107, staj\u0105 si\u0119 g\u0119stsze, \u0142atwo si\u0119 je rozczesuje. ZASTOSOWANIE: R\u00f3wnomiernie rozprowad\u017a na czystych wilgotnych w\u0142osach. Po 2-3 minutach dok\u0142adnie sp\u0142ucz wod\u0105.<\/p>\n","protected":false},"featured_media":425,"comment_status":"closed","ping_status":"closed","template":"","meta":[],"product_cat":[795,843,660,851,853],"product_tag":[],"class_list":{"0":"post-5750","1":"product","2":"type-product","3":"status-publish","4":"has-post-thumbnail","6":"product_cat-balsamy","7":"product_cat-do-wlosow","8":"product_cat-ling-zhi-pl","9":"product_cat-skuteczna-ochrona","10":"product_cat-witalnosc","12":"first","13":"instock","14":"shipping-taxable","15":"purchasable","16":"product-type-simple"},"yoast_head":"<!-- This site is optimized with the Yoast SEO plugin v23.6 - https:\/\/yoast.com\/wordpress\/plugins\/seo\/ -->\n<title>Balsam do w\u0142os\u00f3w wzmacniaj\u0105cy cebulki w\u0142osowe z wyci\u0105giem Ling Zhi,220g - TianDe Online Shop - Beauty &amp; Health<\/title>\n<meta name=\"robots\" content=\"index, follow, max-snippet:-1, max-image-preview:large, max-video-preview:-1\" \/>\n<link rel=\"canonical\" href=\"https:\/\/tiandeproducts.co.uk\/pl\/balsam-do-wlosow-wzmacniajacy-cebulki-wlosowe-z-wyciagiem-ling-zhi220g\/\" \/>\n<meta property=\"og:locale\" content=\"pl_PL\" \/>\n<meta property=\"og:type\" content=\"article\" \/>\n<meta property=\"og:title\" content=\"Balsam do w\u0142os\u00f3w wzmacniaj\u0105cy cebulki w\u0142osowe z wyci\u0105giem Ling Zhi,220g - TianDe Online Shop - Beauty &amp; Health\" \/>\n<meta property=\"og:description\" content=\"Komponenty, zawarte w sk\u0142adzie balsamu sprzyjaj\u0105 wzmocnieniu cebulek, przyszpieszeniu podzia\u0142u kom\u00f3rek, odbudowie wzrostu w\u0142os\u00f3w. Zapobiegaj\u0105 wypadaniu w\u0142os\u00f3w, odbudowuj\u0105 ich struktur\u0119 po farbowaniu i chemicznych procedurach. W\u0142osy d\u0142u\u017cej pozostaj\u0105 czyste, b\u0142yszcz\u0105ce, zdrowe, l\u015bni\u0105ce, maj\u0105 wi\u0119ksz\u0105 obj\u0119to\u015b\u0107, staj\u0105 si\u0119 g\u0119stsze, \u0142atwo si\u0119 je rozczesuje. ZASTOSOWANIE: R\u00f3wnomiernie rozprowad\u017a na czystych wilgotnych w\u0142osach. Po 2-3 minutach dok\u0142adnie sp\u0142ucz wod\u0105.\" \/>\n<meta property=\"og:url\" content=\"https:\/\/tiandeproducts.co.uk\/pl\/balsam-do-wlosow-wzmacniajacy-cebulki-wlosowe-z-wyciagiem-ling-zhi220g\/\" \/>\n<meta property=\"og:site_name\" content=\"TianDe Online Shop - Beauty &amp; Health\" \/>\n<meta property=\"article:publisher\" content=\"https:\/\/www.facebook.com\/tiande.products.england\/\" \/>\n<meta property=\"article:modified_time\" content=\"2020-11-08T12:09:51+00:00\" \/>\n<meta property=\"og:image\" content=\"https:\/\/tiandeproducts.co.uk\/wp-content\/uploads\/2016\/04\/20109_new.png\" \/>\n\t<meta property=\"og:image:width\" content=\"700\" \/>\n\t<meta property=\"og:image:height\" content=\"700\" \/>\n\t<meta property=\"og:image:type\" content=\"image\/png\" \/>\n<meta name=\"twitter:card\" content=\"summary_large_image\" \/>\n<script type=\"application\/ld+json\" class=\"yoast-schema-graph\">{\"@context\":\"https:\/\/schema.org\",\"@graph\":[{\"@type\":\"WebPage\",\"@id\":\"https:\/\/tiandeproducts.co.uk\/pl\/balsam-do-wlosow-wzmacniajacy-cebulki-wlosowe-z-wyciagiem-ling-zhi220g\/\",\"url\":\"https:\/\/tiandeproducts.co.uk\/pl\/balsam-do-wlosow-wzmacniajacy-cebulki-wlosowe-z-wyciagiem-ling-zhi220g\/\",\"name\":\"Balsam do w\u0142os\u00f3w wzmacniaj\u0105cy cebulki w\u0142osowe z wyci\u0105giem Ling Zhi,220g - TianDe Online Shop - Beauty &amp; Health\",\"isPartOf\":{\"@id\":\"https:\/\/tiandeproducts.co.uk\/#website\"},\"primaryImageOfPage\":{\"@id\":\"https:\/\/tiandeproducts.co.uk\/pl\/balsam-do-wlosow-wzmacniajacy-cebulki-wlosowe-z-wyciagiem-ling-zhi220g\/#primaryimage\"},\"image\":{\"@id\":\"https:\/\/tiandeproducts.co.uk\/pl\/balsam-do-wlosow-wzmacniajacy-cebulki-wlosowe-z-wyciagiem-ling-zhi220g\/#primaryimage\"},\"thumbnailUrl\":\"https:\/\/tiandeproducts.co.uk\/wp-content\/uploads\/2016\/04\/20109_new.png\",\"datePublished\":\"2016-04-04T13:56:30+00:00\",\"dateModified\":\"2020-11-08T12:09:51+00:00\",\"breadcrumb\":{\"@id\":\"https:\/\/tiandeproducts.co.uk\/pl\/balsam-do-wlosow-wzmacniajacy-cebulki-wlosowe-z-wyciagiem-ling-zhi220g\/#breadcrumb\"},\"inLanguage\":\"pl-PL\",\"potentialAction\":[{\"@type\":\"ReadAction\",\"target\":[\"https:\/\/tiandeproducts.co.uk\/pl\/balsam-do-wlosow-wzmacniajacy-cebulki-wlosowe-z-wyciagiem-ling-zhi220g\/\"]}]},{\"@type\":\"ImageObject\",\"inLanguage\":\"pl-PL\",\"@id\":\"https:\/\/tiandeproducts.co.uk\/pl\/balsam-do-wlosow-wzmacniajacy-cebulki-wlosowe-z-wyciagiem-ling-zhi220g\/#primaryimage\",\"url\":\"https:\/\/tiandeproducts.co.uk\/wp-content\/uploads\/2016\/04\/20109_new.png\",\"contentUrl\":\"https:\/\/tiandeproducts.co.uk\/wp-content\/uploads\/2016\/04\/20109_new.png\",\"width\":700,\"height\":700,\"caption\":\"Lingzhi Hair Strengthening Balm,Strong Hair,220g-0\"},{\"@type\":\"BreadcrumbList\",\"@id\":\"https:\/\/tiandeproducts.co.uk\/pl\/balsam-do-wlosow-wzmacniajacy-cebulki-wlosowe-z-wyciagiem-ling-zhi220g\/#breadcrumb\",\"itemListElement\":[{\"@type\":\"ListItem\",\"position\":1,\"name\":\"Home\",\"item\":\"https:\/\/tiandeproducts.co.uk\/pl\/\"},{\"@type\":\"ListItem\",\"position\":2,\"name\":\"Shop\",\"item\":\"https:\/\/tiandeproducts.co.uk\/pl\/shop-2\/\"},{\"@type\":\"ListItem\",\"position\":3,\"name\":\"Balsam do w\u0142os\u00f3w wzmacniaj\u0105cy cebulki w\u0142osowe z wyci\u0105giem Ling Zhi,220g\"}]},{\"@type\":\"WebSite\",\"@id\":\"https:\/\/tiandeproducts.co.uk\/#website\",\"url\":\"https:\/\/tiandeproducts.co.uk\/\",\"name\":\"TianDe Online Shop - Beauty & Health\",\"description\":\"Traditional Chinese Medicine\",\"potentialAction\":[{\"@type\":\"SearchAction\",\"target\":{\"@type\":\"EntryPoint\",\"urlTemplate\":\"https:\/\/tiandeproducts.co.uk\/?s={search_term_string}\"},\"query-input\":{\"@type\":\"PropertyValueSpecification\",\"valueRequired\":true,\"valueName\":\"search_term_string\"}}],\"inLanguage\":\"pl-PL\"}]}<\/script>\n<!-- \/ Yoast SEO plugin. -->","yoast_head_json":{"title":"Balsam do w\u0142os\u00f3w wzmacniaj\u0105cy cebulki w\u0142osowe z wyci\u0105giem Ling Zhi,220g - TianDe Online Shop - Beauty &amp; Health","robots":{"index":"index","follow":"follow","max-snippet":"max-snippet:-1","max-image-preview":"max-image-preview:large","max-video-preview":"max-video-preview:-1"},"canonical":"https:\/\/tiandeproducts.co.uk\/pl\/balsam-do-wlosow-wzmacniajacy-cebulki-wlosowe-z-wyciagiem-ling-zhi220g\/","og_locale":"pl_PL","og_type":"article","og_title":"Balsam do w\u0142os\u00f3w wzmacniaj\u0105cy cebulki w\u0142osowe z wyci\u0105giem Ling Zhi,220g - TianDe Online Shop - Beauty &amp; Health","og_description":"Komponenty, zawarte w sk\u0142adzie balsamu sprzyjaj\u0105 wzmocnieniu cebulek, przyszpieszeniu podzia\u0142u kom\u00f3rek, odbudowie wzrostu w\u0142os\u00f3w. Zapobiegaj\u0105 wypadaniu w\u0142os\u00f3w, odbudowuj\u0105 ich struktur\u0119 po farbowaniu i chemicznych procedurach. W\u0142osy d\u0142u\u017cej pozostaj\u0105 czyste, b\u0142yszcz\u0105ce, zdrowe, l\u015bni\u0105ce, maj\u0105 wi\u0119ksz\u0105 obj\u0119to\u015b\u0107, staj\u0105 si\u0119 g\u0119stsze, \u0142atwo si\u0119 je rozczesuje. ZASTOSOWANIE: R\u00f3wnomiernie rozprowad\u017a na czystych wilgotnych w\u0142osach. Po 2-3 minutach dok\u0142adnie sp\u0142ucz wod\u0105.","og_url":"https:\/\/tiandeproducts.co.uk\/pl\/balsam-do-wlosow-wzmacniajacy-cebulki-wlosowe-z-wyciagiem-ling-zhi220g\/","og_site_name":"TianDe Online Shop - Beauty &amp; Health","article_publisher":"https:\/\/www.facebook.com\/tiande.products.england\/","article_modified_time":"2020-11-08T12:09:51+00:00","og_image":[{"width":700,"height":700,"url":"https:\/\/tiandeproducts.co.uk\/wp-content\/uploads\/2016\/04\/20109_new.png","type":"image\/png"}],"twitter_card":"summary_large_image","schema":{"@context":"https:\/\/schema.org","@graph":[{"@type":"WebPage","@id":"https:\/\/tiandeproducts.co.uk\/pl\/balsam-do-wlosow-wzmacniajacy-cebulki-wlosowe-z-wyciagiem-ling-zhi220g\/","url":"https:\/\/tiandeproducts.co.uk\/pl\/balsam-do-wlosow-wzmacniajacy-cebulki-wlosowe-z-wyciagiem-ling-zhi220g\/","name":"Balsam do w\u0142os\u00f3w wzmacniaj\u0105cy cebulki w\u0142osowe z wyci\u0105giem Ling Zhi,220g - TianDe Online Shop - Beauty &amp; Health","isPartOf":{"@id":"https:\/\/tiandeproducts.co.uk\/#website"},"primaryImageOfPage":{"@id":"https:\/\/tiandeproducts.co.uk\/pl\/balsam-do-wlosow-wzmacniajacy-cebulki-wlosowe-z-wyciagiem-ling-zhi220g\/#primaryimage"},"image":{"@id":"https:\/\/tiandeproducts.co.uk\/pl\/balsam-do-wlosow-wzmacniajacy-cebulki-wlosowe-z-wyciagiem-ling-zhi220g\/#primaryimage"},"thumbnailUrl":"https:\/\/tiandeproducts.co.uk\/wp-content\/uploads\/2016\/04\/20109_new.png","datePublished":"2016-04-04T13:56:30+00:00","dateModified":"2020-11-08T12:09:51+00:00","breadcrumb":{"@id":"https:\/\/tiandeproducts.co.uk\/pl\/balsam-do-wlosow-wzmacniajacy-cebulki-wlosowe-z-wyciagiem-ling-zhi220g\/#breadcrumb"},"inLanguage":"pl-PL","potentialAction":[{"@type":"ReadAction","target":["https:\/\/tiandeproducts.co.uk\/pl\/balsam-do-wlosow-wzmacniajacy-cebulki-wlosowe-z-wyciagiem-ling-zhi220g\/"]}]},{"@type":"ImageObject","inLanguage":"pl-PL","@id":"https:\/\/tiandeproducts.co.uk\/pl\/balsam-do-wlosow-wzmacniajacy-cebulki-wlosowe-z-wyciagiem-ling-zhi220g\/#primaryimage","url":"https:\/\/tiandeproducts.co.uk\/wp-content\/uploads\/2016\/04\/20109_new.png","contentUrl":"https:\/\/tiandeproducts.co.uk\/wp-content\/uploads\/2016\/04\/20109_new.png","width":700,"height":700,"caption":"Lingzhi Hair Strengthening Balm,Strong Hair,220g-0"},{"@type":"BreadcrumbList","@id":"https:\/\/tiandeproducts.co.uk\/pl\/balsam-do-wlosow-wzmacniajacy-cebulki-wlosowe-z-wyciagiem-ling-zhi220g\/#breadcrumb","itemListElement":[{"@type":"ListItem","position":1,"name":"Home","item":"https:\/\/tiandeproducts.co.uk\/pl\/"},{"@type":"ListItem","position":2,"name":"Shop","item":"https:\/\/tiandeproducts.co.uk\/pl\/shop-2\/"},{"@type":"ListItem","position":3,"name":"Balsam do w\u0142os\u00f3w wzmacniaj\u0105cy cebulki w\u0142osowe z wyci\u0105giem Ling Zhi,220g"}]},{"@type":"WebSite","@id":"https:\/\/tiandeproducts.co.uk\/#website","url":"https:\/\/tiandeproducts.co.uk\/","name":"TianDe Online Shop - Beauty & Health","description":"Traditional Chinese Medicine","potentialAction":[{"@type":"SearchAction","target":{"@type":"EntryPoint","urlTemplate":"https:\/\/tiandeproducts.co.uk\/?s={search_term_string}"},"query-input":{"@type":"PropertyValueSpecification","valueRequired":true,"valueName":"search_term_string"}}],"inLanguage":"pl-PL"}]}},"_links":{"self":[{"href":"https:\/\/tiandeproducts.co.uk\/pl\/wp-json\/wp\/v2\/product\/5750","targetHints":{"allow":["GET"]}}],"collection":[{"href":"https:\/\/tiandeproducts.co.uk\/pl\/wp-json\/wp\/v2\/product"}],"about":[{"href":"https:\/\/tiandeproducts.co.uk\/pl\/wp-json\/wp\/v2\/types\/product"}],"replies":[{"embeddable":true,"href":"https:\/\/tiandeproducts.co.uk\/pl\/wp-json\/wp\/v2\/comments?post=5750"}],"wp:featuredmedia":[{"embeddable":true,"href":"https:\/\/tiandeproducts.co.uk\/pl\/wp-json\/wp\/v2\/media\/425"}],"wp:attachment":[{"href":"https:\/\/tiandeproducts.co.uk\/pl\/wp-json\/wp\/v2\/media?parent=5750"}],"wp:term":[{"taxonomy":"product_cat","embeddable":true,"href":"https:\/\/tiandeproducts.co.uk\/pl\/wp-json\/wp\/v2\/product_cat?post=5750"},{"taxonomy":"product_tag","embeddable":true,"href":"https:\/\/tiandeproducts.co.uk\/pl\/wp-json\/wp\/v2\/product_tag?post=5750"}],"curies":[{"name":"wp","href":"https:\/\/api.w.org\/{rel}","templated":true}]}}