{"id":5747,"date":"2016-04-04T15:29:22","date_gmt":"2016-04-04T14:29:22","guid":{"rendered":"https:\/\/www.tiandeproducts.co.uk\/balsam-regeneracyjny-do-wlosow-z-wyciagiem-z-zen-szenia500g\/"},"modified":"2019-11-26T11:16:38","modified_gmt":"2019-11-26T11:16:38","slug":"balsam-regeneracyjny-do-wlosow-z-wyciagiem-z-zen-szenia500g","status":"publish","type":"product","link":"https:\/\/tiandeproducts.co.uk\/pl\/balsam-regeneracyjny-do-wlosow-z-wyciagiem-z-zen-szenia500g\/","title":{"rendered":"Balsam regeneracyjny do w\u0142os\u00f3w z wyci\u0105giem z \u017ce\u0144-szenia,500g"},"content":{"rendered":"<div class=\"description\">\n<p>Korze\u0144 \u017ce\u0144-szenia, kt\u00f3ry wchodzi w sk\u0142ad balsamu, aktywnie wspomaga odbudowa\u0107 struktur\u0119 w\u0142os\u00f3w, stymuluje ich wzrost i zapobiega wypadaniu. Zapobiega powstawaniu \u0142upie\u017cu, chroni w\u0142osy przed utrat\u0105 wilgoci. Sprawia, \u017ce w\u0142osy s\u0105 mocne, jedwabiste, \u0142atwo si\u0119 rozczesuj\u0105. Nadaje w\u0142osom obj\u0119to\u015bci. Zalecany do w\u0142os\u00f3w os\u0142abionych, poddawanych chemicznej ondulacji, farbowanych, cz\u0119sto suszonych i czesanych.<\/p>\n<\/div>\n<div class=\"instruction\">\n<p><strong>ZASTOSOWANIE:<\/strong><\/p>\n<p>Nanie\u015b\u0107 r\u00f3wnomiernie na czyste i wilgotne w\u0142osy. Pozostawi\u0107 na 2-3 minuty, a nast\u0119pnie dok\u0142adnie sp\u0142uka\u0107. Do codziennego stosowania.<\/p>\n<\/div>\n","protected":false},"excerpt":{"rendered":"<p>Korze\u0144 \u017ce\u0144-szenia, kt\u00f3ry wchodzi w sk\u0142ad balsamu, aktywnie wspomaga odbudowa\u0107 struktur\u0119 w\u0142os\u00f3w, stymuluje ich wzrost i zapobiega wypadaniu. Zapobiega powstawaniu \u0142upie\u017cu, chroni w\u0142osy przed utrat\u0105 wilgoci. Sprawia, \u017ce w\u0142osy s\u0105 mocne, jedwabiste, \u0142atwo si\u0119 rozczesuj\u0105. Nadaje w\u0142osom obj\u0119to\u015bci. Zalecany do w\u0142os\u00f3w os\u0142abionych, poddawanych chemicznej ondulacji, farbowanych, cz\u0119sto suszonych i czesanych. ZASTOSOWANIE: Nanie\u015b\u0107 r\u00f3wnomiernie na czyste [&#8230;]\n","protected":false},"featured_media":440,"comment_status":"closed","ping_status":"closed","template":"","meta":[],"product_cat":[795,843,651,851,788,853],"product_tag":[],"class_list":{"0":"post-5747","1":"product","2":"type-product","3":"status-publish","4":"has-post-thumbnail","6":"product_cat-balsamy","7":"product_cat-do-wlosow","8":"product_cat-ginseng-pl","9":"product_cat-skuteczna-ochrona","10":"product_cat-wieksza-objetosc","11":"product_cat-witalnosc","13":"first","14":"instock","15":"shipping-taxable","16":"purchasable","17":"product-type-simple"},"yoast_head":"<!-- This site is optimized with the Yoast SEO plugin v23.6 - https:\/\/yoast.com\/wordpress\/plugins\/seo\/ -->\n<title>Balsam regeneracyjny do w\u0142os\u00f3w z wyci\u0105giem z \u017ce\u0144-szenia,500g - TianDe Online Shop - Beauty &amp; Health<\/title>\n<meta name=\"robots\" content=\"index, follow, max-snippet:-1, max-image-preview:large, max-video-preview:-1\" \/>\n<link rel=\"canonical\" href=\"https:\/\/tiandeproducts.co.uk\/pl\/balsam-regeneracyjny-do-wlosow-z-wyciagiem-z-zen-szenia500g\/\" \/>\n<meta property=\"og:locale\" content=\"pl_PL\" \/>\n<meta property=\"og:type\" content=\"article\" \/>\n<meta property=\"og:title\" content=\"Balsam regeneracyjny do w\u0142os\u00f3w z wyci\u0105giem z \u017ce\u0144-szenia,500g - TianDe Online Shop - Beauty &amp; Health\" \/>\n<meta property=\"og:description\" content=\"Korze\u0144 \u017ce\u0144-szenia, kt\u00f3ry wchodzi w sk\u0142ad balsamu, aktywnie wspomaga odbudowa\u0107 struktur\u0119 w\u0142os\u00f3w, stymuluje ich wzrost i zapobiega wypadaniu. Zapobiega powstawaniu \u0142upie\u017cu, chroni w\u0142osy przed utrat\u0105 wilgoci. Sprawia, \u017ce w\u0142osy s\u0105 mocne, jedwabiste, \u0142atwo si\u0119 rozczesuj\u0105. Nadaje w\u0142osom obj\u0119to\u015bci. Zalecany do w\u0142os\u00f3w os\u0142abionych, poddawanych chemicznej ondulacji, farbowanych, cz\u0119sto suszonych i czesanych. ZASTOSOWANIE: Nanie\u015b\u0107 r\u00f3wnomiernie na czyste [...]\" \/>\n<meta property=\"og:url\" content=\"https:\/\/tiandeproducts.co.uk\/pl\/balsam-regeneracyjny-do-wlosow-z-wyciagiem-z-zen-szenia500g\/\" \/>\n<meta property=\"og:site_name\" content=\"TianDe Online Shop - Beauty &amp; Health\" \/>\n<meta property=\"article:publisher\" content=\"https:\/\/www.facebook.com\/tiande.products.england\/\" \/>\n<meta property=\"article:modified_time\" content=\"2019-11-26T11:16:38+00:00\" \/>\n<meta property=\"og:image\" content=\"https:\/\/tiandeproducts.co.uk\/wp-content\/uploads\/2016\/04\/20115_1_.png\" \/>\n\t<meta property=\"og:image:width\" content=\"700\" \/>\n\t<meta property=\"og:image:height\" content=\"700\" \/>\n\t<meta property=\"og:image:type\" content=\"image\/png\" \/>\n<meta name=\"twitter:card\" content=\"summary_large_image\" \/>\n<script type=\"application\/ld+json\" class=\"yoast-schema-graph\">{\"@context\":\"https:\/\/schema.org\",\"@graph\":[{\"@type\":\"WebPage\",\"@id\":\"https:\/\/tiandeproducts.co.uk\/pl\/balsam-regeneracyjny-do-wlosow-z-wyciagiem-z-zen-szenia500g\/\",\"url\":\"https:\/\/tiandeproducts.co.uk\/pl\/balsam-regeneracyjny-do-wlosow-z-wyciagiem-z-zen-szenia500g\/\",\"name\":\"Balsam regeneracyjny do w\u0142os\u00f3w z wyci\u0105giem z \u017ce\u0144-szenia,500g - TianDe Online Shop - Beauty &amp; Health\",\"isPartOf\":{\"@id\":\"https:\/\/tiandeproducts.co.uk\/#website\"},\"primaryImageOfPage\":{\"@id\":\"https:\/\/tiandeproducts.co.uk\/pl\/balsam-regeneracyjny-do-wlosow-z-wyciagiem-z-zen-szenia500g\/#primaryimage\"},\"image\":{\"@id\":\"https:\/\/tiandeproducts.co.uk\/pl\/balsam-regeneracyjny-do-wlosow-z-wyciagiem-z-zen-szenia500g\/#primaryimage\"},\"thumbnailUrl\":\"https:\/\/tiandeproducts.co.uk\/wp-content\/uploads\/2016\/04\/20115_1_.png\",\"datePublished\":\"2016-04-04T14:29:22+00:00\",\"dateModified\":\"2019-11-26T11:16:38+00:00\",\"breadcrumb\":{\"@id\":\"https:\/\/tiandeproducts.co.uk\/pl\/balsam-regeneracyjny-do-wlosow-z-wyciagiem-z-zen-szenia500g\/#breadcrumb\"},\"inLanguage\":\"pl-PL\",\"potentialAction\":[{\"@type\":\"ReadAction\",\"target\":[\"https:\/\/tiandeproducts.co.uk\/pl\/balsam-regeneracyjny-do-wlosow-z-wyciagiem-z-zen-szenia500g\/\"]}]},{\"@type\":\"ImageObject\",\"inLanguage\":\"pl-PL\",\"@id\":\"https:\/\/tiandeproducts.co.uk\/pl\/balsam-regeneracyjny-do-wlosow-z-wyciagiem-z-zen-szenia500g\/#primaryimage\",\"url\":\"https:\/\/tiandeproducts.co.uk\/wp-content\/uploads\/2016\/04\/20115_1_.png\",\"contentUrl\":\"https:\/\/tiandeproducts.co.uk\/wp-content\/uploads\/2016\/04\/20115_1_.png\",\"width\":700,\"height\":700,\"caption\":\"Ginseng Hair Balm, for weakened,chemically treated hair,500g-0\"},{\"@type\":\"BreadcrumbList\",\"@id\":\"https:\/\/tiandeproducts.co.uk\/pl\/balsam-regeneracyjny-do-wlosow-z-wyciagiem-z-zen-szenia500g\/#breadcrumb\",\"itemListElement\":[{\"@type\":\"ListItem\",\"position\":1,\"name\":\"Home\",\"item\":\"https:\/\/tiandeproducts.co.uk\/pl\/\"},{\"@type\":\"ListItem\",\"position\":2,\"name\":\"Shop\",\"item\":\"https:\/\/tiandeproducts.co.uk\/pl\/shop-2\/\"},{\"@type\":\"ListItem\",\"position\":3,\"name\":\"Balsam regeneracyjny do w\u0142os\u00f3w z wyci\u0105giem z \u017ce\u0144-szenia,500g\"}]},{\"@type\":\"WebSite\",\"@id\":\"https:\/\/tiandeproducts.co.uk\/#website\",\"url\":\"https:\/\/tiandeproducts.co.uk\/\",\"name\":\"TianDe Online Shop - Beauty & Health\",\"description\":\"Traditional Chinese Medicine\",\"potentialAction\":[{\"@type\":\"SearchAction\",\"target\":{\"@type\":\"EntryPoint\",\"urlTemplate\":\"https:\/\/tiandeproducts.co.uk\/?s={search_term_string}\"},\"query-input\":{\"@type\":\"PropertyValueSpecification\",\"valueRequired\":true,\"valueName\":\"search_term_string\"}}],\"inLanguage\":\"pl-PL\"}]}<\/script>\n<!-- \/ Yoast SEO plugin. -->","yoast_head_json":{"title":"Balsam regeneracyjny do w\u0142os\u00f3w z wyci\u0105giem z \u017ce\u0144-szenia,500g - TianDe Online Shop - Beauty &amp; Health","robots":{"index":"index","follow":"follow","max-snippet":"max-snippet:-1","max-image-preview":"max-image-preview:large","max-video-preview":"max-video-preview:-1"},"canonical":"https:\/\/tiandeproducts.co.uk\/pl\/balsam-regeneracyjny-do-wlosow-z-wyciagiem-z-zen-szenia500g\/","og_locale":"pl_PL","og_type":"article","og_title":"Balsam regeneracyjny do w\u0142os\u00f3w z wyci\u0105giem z \u017ce\u0144-szenia,500g - TianDe Online Shop - Beauty &amp; Health","og_description":"Korze\u0144 \u017ce\u0144-szenia, kt\u00f3ry wchodzi w sk\u0142ad balsamu, aktywnie wspomaga odbudowa\u0107 struktur\u0119 w\u0142os\u00f3w, stymuluje ich wzrost i zapobiega wypadaniu. Zapobiega powstawaniu \u0142upie\u017cu, chroni w\u0142osy przed utrat\u0105 wilgoci. Sprawia, \u017ce w\u0142osy s\u0105 mocne, jedwabiste, \u0142atwo si\u0119 rozczesuj\u0105. Nadaje w\u0142osom obj\u0119to\u015bci. Zalecany do w\u0142os\u00f3w os\u0142abionych, poddawanych chemicznej ondulacji, farbowanych, cz\u0119sto suszonych i czesanych. ZASTOSOWANIE: Nanie\u015b\u0107 r\u00f3wnomiernie na czyste [...]","og_url":"https:\/\/tiandeproducts.co.uk\/pl\/balsam-regeneracyjny-do-wlosow-z-wyciagiem-z-zen-szenia500g\/","og_site_name":"TianDe Online Shop - Beauty &amp; Health","article_publisher":"https:\/\/www.facebook.com\/tiande.products.england\/","article_modified_time":"2019-11-26T11:16:38+00:00","og_image":[{"width":700,"height":700,"url":"https:\/\/tiandeproducts.co.uk\/wp-content\/uploads\/2016\/04\/20115_1_.png","type":"image\/png"}],"twitter_card":"summary_large_image","schema":{"@context":"https:\/\/schema.org","@graph":[{"@type":"WebPage","@id":"https:\/\/tiandeproducts.co.uk\/pl\/balsam-regeneracyjny-do-wlosow-z-wyciagiem-z-zen-szenia500g\/","url":"https:\/\/tiandeproducts.co.uk\/pl\/balsam-regeneracyjny-do-wlosow-z-wyciagiem-z-zen-szenia500g\/","name":"Balsam regeneracyjny do w\u0142os\u00f3w z wyci\u0105giem z \u017ce\u0144-szenia,500g - TianDe Online Shop - Beauty &amp; Health","isPartOf":{"@id":"https:\/\/tiandeproducts.co.uk\/#website"},"primaryImageOfPage":{"@id":"https:\/\/tiandeproducts.co.uk\/pl\/balsam-regeneracyjny-do-wlosow-z-wyciagiem-z-zen-szenia500g\/#primaryimage"},"image":{"@id":"https:\/\/tiandeproducts.co.uk\/pl\/balsam-regeneracyjny-do-wlosow-z-wyciagiem-z-zen-szenia500g\/#primaryimage"},"thumbnailUrl":"https:\/\/tiandeproducts.co.uk\/wp-content\/uploads\/2016\/04\/20115_1_.png","datePublished":"2016-04-04T14:29:22+00:00","dateModified":"2019-11-26T11:16:38+00:00","breadcrumb":{"@id":"https:\/\/tiandeproducts.co.uk\/pl\/balsam-regeneracyjny-do-wlosow-z-wyciagiem-z-zen-szenia500g\/#breadcrumb"},"inLanguage":"pl-PL","potentialAction":[{"@type":"ReadAction","target":["https:\/\/tiandeproducts.co.uk\/pl\/balsam-regeneracyjny-do-wlosow-z-wyciagiem-z-zen-szenia500g\/"]}]},{"@type":"ImageObject","inLanguage":"pl-PL","@id":"https:\/\/tiandeproducts.co.uk\/pl\/balsam-regeneracyjny-do-wlosow-z-wyciagiem-z-zen-szenia500g\/#primaryimage","url":"https:\/\/tiandeproducts.co.uk\/wp-content\/uploads\/2016\/04\/20115_1_.png","contentUrl":"https:\/\/tiandeproducts.co.uk\/wp-content\/uploads\/2016\/04\/20115_1_.png","width":700,"height":700,"caption":"Ginseng Hair Balm, for weakened,chemically treated hair,500g-0"},{"@type":"BreadcrumbList","@id":"https:\/\/tiandeproducts.co.uk\/pl\/balsam-regeneracyjny-do-wlosow-z-wyciagiem-z-zen-szenia500g\/#breadcrumb","itemListElement":[{"@type":"ListItem","position":1,"name":"Home","item":"https:\/\/tiandeproducts.co.uk\/pl\/"},{"@type":"ListItem","position":2,"name":"Shop","item":"https:\/\/tiandeproducts.co.uk\/pl\/shop-2\/"},{"@type":"ListItem","position":3,"name":"Balsam regeneracyjny do w\u0142os\u00f3w z wyci\u0105giem z \u017ce\u0144-szenia,500g"}]},{"@type":"WebSite","@id":"https:\/\/tiandeproducts.co.uk\/#website","url":"https:\/\/tiandeproducts.co.uk\/","name":"TianDe Online Shop - Beauty & Health","description":"Traditional Chinese Medicine","potentialAction":[{"@type":"SearchAction","target":{"@type":"EntryPoint","urlTemplate":"https:\/\/tiandeproducts.co.uk\/?s={search_term_string}"},"query-input":{"@type":"PropertyValueSpecification","valueRequired":true,"valueName":"search_term_string"}}],"inLanguage":"pl-PL"}]}},"_links":{"self":[{"href":"https:\/\/tiandeproducts.co.uk\/pl\/wp-json\/wp\/v2\/product\/5747","targetHints":{"allow":["GET"]}}],"collection":[{"href":"https:\/\/tiandeproducts.co.uk\/pl\/wp-json\/wp\/v2\/product"}],"about":[{"href":"https:\/\/tiandeproducts.co.uk\/pl\/wp-json\/wp\/v2\/types\/product"}],"replies":[{"embeddable":true,"href":"https:\/\/tiandeproducts.co.uk\/pl\/wp-json\/wp\/v2\/comments?post=5747"}],"wp:featuredmedia":[{"embeddable":true,"href":"https:\/\/tiandeproducts.co.uk\/pl\/wp-json\/wp\/v2\/media\/440"}],"wp:attachment":[{"href":"https:\/\/tiandeproducts.co.uk\/pl\/wp-json\/wp\/v2\/media?parent=5747"}],"wp:term":[{"taxonomy":"product_cat","embeddable":true,"href":"https:\/\/tiandeproducts.co.uk\/pl\/wp-json\/wp\/v2\/product_cat?post=5747"},{"taxonomy":"product_tag","embeddable":true,"href":"https:\/\/tiandeproducts.co.uk\/pl\/wp-json\/wp\/v2\/product_tag?post=5747"}],"curies":[{"name":"wp","href":"https:\/\/api.w.org\/{rel}","templated":true}]}}