{"id":5743,"date":"2016-04-03T18:11:25","date_gmt":"2016-04-03T17:11:25","guid":{"rendered":"https:\/\/www.tiandeproducts.co.uk\/maska-do-twarzy-z-mucyna-slimaka\/"},"modified":"2019-09-19T12:34:38","modified_gmt":"2019-09-19T11:34:38","slug":"maska-do-twarzy-z-mucyna-slimaka","status":"publish","type":"product","link":"https:\/\/tiandeproducts.co.uk\/pl\/maska-do-twarzy-z-mucyna-slimaka\/","title":{"rendered":"Maska do twarzy z mucyn\u0105 \u015blimaka,1 szt."},"content":{"rendered":"<div class=\"description\">\n<p>Maska stymuluje odbudow\u0119 naturalnych funkcji sk\u00f3ry, dzi\u0119ki czemu ma efekt odm\u0142adzaj\u0105cy. Koi podra\u017cnienia, wyg\u0142adza sk\u00f3r\u0119, zmniejsza widoczno\u015b\u0107 zmarszczek, aktywnie uzupe\u0142nia brak wody, sk\u00f3ra staje si\u0119 l\u015bni\u0105ca.<\/p>\n<p>G\u0142\u00f3wnym sk\u0142adnikiem maski jest mucyna \u015blimaka (wydzielina \u015blimaka), kt\u00f3ra zawiera ogromn\u0105 ilo\u015b\u0107 cennych kosmetycznych sk\u0142adnik\u00f3w: kolagen, elastyna, witamina A, C, E, kwas hialuronowy itd. Maska jest przeznaczona do sk\u00f3ry ka\u017cdego typu i w ka\u017cdym wieku.<\/p>\n<p>W sk\u0142adzie: mucyna, puder z p\u0119k\u00f3w japo\u0144skiej r\u00f3\u017cy, peptydy owsa, hialuronian sodu.<\/p>\n<\/div>\n<div class=\"instruction\">\n<p><strong>ZASTOSOWANIE:<\/strong><\/p>\n<p>Na\u0142\u00f3\u017c mask\u0119 na oczyszczon\u0105 sk\u00f3r\u0119 twarzy i dekoltu na 15-20 minut, nast\u0119pnie zdejmij moulage i sp\u0142uszcz sk\u00f3r\u0119 wod\u0105.<\/p>\n<\/div>\n","protected":false},"excerpt":{"rendered":"<p>Maska stymuluje odbudow\u0119 naturalnych funkcji sk\u00f3ry, dzi\u0119ki czemu ma efekt odm\u0142adzaj\u0105cy. Koi podra\u017cnienia, wyg\u0142adza sk\u00f3r\u0119, zmniejsza widoczno\u015b\u0107 zmarszczek, aktywnie uzupe\u0142nia brak wody, sk\u00f3ra staje si\u0119 l\u015bni\u0105ca. G\u0142\u00f3wnym sk\u0142adnikiem maski jest mucyna \u015blimaka (wydzielina \u015blimaka), kt\u00f3ra zawiera ogromn\u0105 ilo\u015b\u0107 cennych kosmetycznych sk\u0142adnik\u00f3w: kolagen, elastyna, witamina A, C, E, kwas hialuronowy itd. Maska jest przeznaczona do sk\u00f3ry [&#8230;]\n","protected":false},"featured_media":385,"comment_status":"closed","ping_status":"closed","template":"","meta":[],"product_cat":[746,769,876,601],"product_tag":[],"class_list":{"0":"post-5743","1":"product","2":"type-product","3":"status-publish","4":"has-post-thumbnail","6":"product_cat-do-twarzy","7":"product_cat-maseczki-na-twarz","8":"product_cat-pielegnacja-anti-aging","9":"product_cat-snail-secret-pl","11":"first","12":"instock","13":"shipping-taxable","14":"purchasable","15":"product-type-simple"},"yoast_head":"<!-- This site is optimized with the Yoast SEO plugin v23.6 - https:\/\/yoast.com\/wordpress\/plugins\/seo\/ -->\n<title>Maska do twarzy z mucyn\u0105 \u015blimaka,1 szt. - TianDe Online Shop - Beauty &amp; Health<\/title>\n<meta name=\"robots\" content=\"index, follow, max-snippet:-1, max-image-preview:large, max-video-preview:-1\" \/>\n<link rel=\"canonical\" href=\"https:\/\/tiandeproducts.co.uk\/pl\/maska-do-twarzy-z-mucyna-slimaka\/\" \/>\n<meta property=\"og:locale\" content=\"pl_PL\" \/>\n<meta property=\"og:type\" content=\"article\" \/>\n<meta property=\"og:title\" content=\"Maska do twarzy z mucyn\u0105 \u015blimaka,1 szt. - TianDe Online Shop - Beauty &amp; Health\" \/>\n<meta property=\"og:description\" content=\"Maska stymuluje odbudow\u0119 naturalnych funkcji sk\u00f3ry, dzi\u0119ki czemu ma efekt odm\u0142adzaj\u0105cy. Koi podra\u017cnienia, wyg\u0142adza sk\u00f3r\u0119, zmniejsza widoczno\u015b\u0107 zmarszczek, aktywnie uzupe\u0142nia brak wody, sk\u00f3ra staje si\u0119 l\u015bni\u0105ca. G\u0142\u00f3wnym sk\u0142adnikiem maski jest mucyna \u015blimaka (wydzielina \u015blimaka), kt\u00f3ra zawiera ogromn\u0105 ilo\u015b\u0107 cennych kosmetycznych sk\u0142adnik\u00f3w: kolagen, elastyna, witamina A, C, E, kwas hialuronowy itd. Maska jest przeznaczona do sk\u00f3ry [...]\" \/>\n<meta property=\"og:url\" content=\"https:\/\/tiandeproducts.co.uk\/pl\/maska-do-twarzy-z-mucyna-slimaka\/\" \/>\n<meta property=\"og:site_name\" content=\"TianDe Online Shop - Beauty &amp; Health\" \/>\n<meta property=\"article:publisher\" content=\"https:\/\/www.facebook.com\/tiande.products.england\/\" \/>\n<meta property=\"article:modified_time\" content=\"2019-09-19T11:34:38+00:00\" \/>\n<meta property=\"og:image\" content=\"https:\/\/tiandeproducts.co.uk\/wp-content\/uploads\/2016\/04\/14603_new.png\" \/>\n\t<meta property=\"og:image:width\" content=\"700\" \/>\n\t<meta property=\"og:image:height\" content=\"700\" \/>\n\t<meta property=\"og:image:type\" content=\"image\/png\" \/>\n<meta name=\"twitter:card\" content=\"summary_large_image\" \/>\n<meta name=\"twitter:label1\" content=\"Szacowany czas czytania\" \/>\n\t<meta name=\"twitter:data1\" content=\"1 minuta\" \/>\n<script type=\"application\/ld+json\" class=\"yoast-schema-graph\">{\"@context\":\"https:\/\/schema.org\",\"@graph\":[{\"@type\":\"WebPage\",\"@id\":\"https:\/\/tiandeproducts.co.uk\/pl\/maska-do-twarzy-z-mucyna-slimaka\/\",\"url\":\"https:\/\/tiandeproducts.co.uk\/pl\/maska-do-twarzy-z-mucyna-slimaka\/\",\"name\":\"Maska do twarzy z mucyn\u0105 \u015blimaka,1 szt. - TianDe Online Shop - Beauty &amp; Health\",\"isPartOf\":{\"@id\":\"https:\/\/tiandeproducts.co.uk\/#website\"},\"primaryImageOfPage\":{\"@id\":\"https:\/\/tiandeproducts.co.uk\/pl\/maska-do-twarzy-z-mucyna-slimaka\/#primaryimage\"},\"image\":{\"@id\":\"https:\/\/tiandeproducts.co.uk\/pl\/maska-do-twarzy-z-mucyna-slimaka\/#primaryimage\"},\"thumbnailUrl\":\"https:\/\/tiandeproducts.co.uk\/wp-content\/uploads\/2016\/04\/14603_new.png\",\"datePublished\":\"2016-04-03T17:11:25+00:00\",\"dateModified\":\"2019-09-19T11:34:38+00:00\",\"breadcrumb\":{\"@id\":\"https:\/\/tiandeproducts.co.uk\/pl\/maska-do-twarzy-z-mucyna-slimaka\/#breadcrumb\"},\"inLanguage\":\"pl-PL\",\"potentialAction\":[{\"@type\":\"ReadAction\",\"target\":[\"https:\/\/tiandeproducts.co.uk\/pl\/maska-do-twarzy-z-mucyna-slimaka\/\"]}]},{\"@type\":\"ImageObject\",\"inLanguage\":\"pl-PL\",\"@id\":\"https:\/\/tiandeproducts.co.uk\/pl\/maska-do-twarzy-z-mucyna-slimaka\/#primaryimage\",\"url\":\"https:\/\/tiandeproducts.co.uk\/wp-content\/uploads\/2016\/04\/14603_new.png\",\"contentUrl\":\"https:\/\/tiandeproducts.co.uk\/wp-content\/uploads\/2016\/04\/14603_new.png\",\"width\":700,\"height\":700,\"caption\":\"Snail Mucin Facial Mask,Long-lasting youth,1pc-0\"},{\"@type\":\"BreadcrumbList\",\"@id\":\"https:\/\/tiandeproducts.co.uk\/pl\/maska-do-twarzy-z-mucyna-slimaka\/#breadcrumb\",\"itemListElement\":[{\"@type\":\"ListItem\",\"position\":1,\"name\":\"Home\",\"item\":\"https:\/\/tiandeproducts.co.uk\/pl\/\"},{\"@type\":\"ListItem\",\"position\":2,\"name\":\"Shop\",\"item\":\"https:\/\/tiandeproducts.co.uk\/pl\/shop-2\/\"},{\"@type\":\"ListItem\",\"position\":3,\"name\":\"Maska do twarzy z mucyn\u0105 \u015blimaka,1 szt.\"}]},{\"@type\":\"WebSite\",\"@id\":\"https:\/\/tiandeproducts.co.uk\/#website\",\"url\":\"https:\/\/tiandeproducts.co.uk\/\",\"name\":\"TianDe Online Shop - Beauty & Health\",\"description\":\"Traditional Chinese Medicine\",\"potentialAction\":[{\"@type\":\"SearchAction\",\"target\":{\"@type\":\"EntryPoint\",\"urlTemplate\":\"https:\/\/tiandeproducts.co.uk\/?s={search_term_string}\"},\"query-input\":{\"@type\":\"PropertyValueSpecification\",\"valueRequired\":true,\"valueName\":\"search_term_string\"}}],\"inLanguage\":\"pl-PL\"}]}<\/script>\n<!-- \/ Yoast SEO plugin. -->","yoast_head_json":{"title":"Maska do twarzy z mucyn\u0105 \u015blimaka,1 szt. - TianDe Online Shop - Beauty &amp; Health","robots":{"index":"index","follow":"follow","max-snippet":"max-snippet:-1","max-image-preview":"max-image-preview:large","max-video-preview":"max-video-preview:-1"},"canonical":"https:\/\/tiandeproducts.co.uk\/pl\/maska-do-twarzy-z-mucyna-slimaka\/","og_locale":"pl_PL","og_type":"article","og_title":"Maska do twarzy z mucyn\u0105 \u015blimaka,1 szt. - TianDe Online Shop - Beauty &amp; Health","og_description":"Maska stymuluje odbudow\u0119 naturalnych funkcji sk\u00f3ry, dzi\u0119ki czemu ma efekt odm\u0142adzaj\u0105cy. Koi podra\u017cnienia, wyg\u0142adza sk\u00f3r\u0119, zmniejsza widoczno\u015b\u0107 zmarszczek, aktywnie uzupe\u0142nia brak wody, sk\u00f3ra staje si\u0119 l\u015bni\u0105ca. G\u0142\u00f3wnym sk\u0142adnikiem maski jest mucyna \u015blimaka (wydzielina \u015blimaka), kt\u00f3ra zawiera ogromn\u0105 ilo\u015b\u0107 cennych kosmetycznych sk\u0142adnik\u00f3w: kolagen, elastyna, witamina A, C, E, kwas hialuronowy itd. Maska jest przeznaczona do sk\u00f3ry [...]","og_url":"https:\/\/tiandeproducts.co.uk\/pl\/maska-do-twarzy-z-mucyna-slimaka\/","og_site_name":"TianDe Online Shop - Beauty &amp; Health","article_publisher":"https:\/\/www.facebook.com\/tiande.products.england\/","article_modified_time":"2019-09-19T11:34:38+00:00","og_image":[{"width":700,"height":700,"url":"https:\/\/tiandeproducts.co.uk\/wp-content\/uploads\/2016\/04\/14603_new.png","type":"image\/png"}],"twitter_card":"summary_large_image","twitter_misc":{"Szacowany czas czytania":"1 minuta"},"schema":{"@context":"https:\/\/schema.org","@graph":[{"@type":"WebPage","@id":"https:\/\/tiandeproducts.co.uk\/pl\/maska-do-twarzy-z-mucyna-slimaka\/","url":"https:\/\/tiandeproducts.co.uk\/pl\/maska-do-twarzy-z-mucyna-slimaka\/","name":"Maska do twarzy z mucyn\u0105 \u015blimaka,1 szt. - TianDe Online Shop - Beauty &amp; Health","isPartOf":{"@id":"https:\/\/tiandeproducts.co.uk\/#website"},"primaryImageOfPage":{"@id":"https:\/\/tiandeproducts.co.uk\/pl\/maska-do-twarzy-z-mucyna-slimaka\/#primaryimage"},"image":{"@id":"https:\/\/tiandeproducts.co.uk\/pl\/maska-do-twarzy-z-mucyna-slimaka\/#primaryimage"},"thumbnailUrl":"https:\/\/tiandeproducts.co.uk\/wp-content\/uploads\/2016\/04\/14603_new.png","datePublished":"2016-04-03T17:11:25+00:00","dateModified":"2019-09-19T11:34:38+00:00","breadcrumb":{"@id":"https:\/\/tiandeproducts.co.uk\/pl\/maska-do-twarzy-z-mucyna-slimaka\/#breadcrumb"},"inLanguage":"pl-PL","potentialAction":[{"@type":"ReadAction","target":["https:\/\/tiandeproducts.co.uk\/pl\/maska-do-twarzy-z-mucyna-slimaka\/"]}]},{"@type":"ImageObject","inLanguage":"pl-PL","@id":"https:\/\/tiandeproducts.co.uk\/pl\/maska-do-twarzy-z-mucyna-slimaka\/#primaryimage","url":"https:\/\/tiandeproducts.co.uk\/wp-content\/uploads\/2016\/04\/14603_new.png","contentUrl":"https:\/\/tiandeproducts.co.uk\/wp-content\/uploads\/2016\/04\/14603_new.png","width":700,"height":700,"caption":"Snail Mucin Facial Mask,Long-lasting youth,1pc-0"},{"@type":"BreadcrumbList","@id":"https:\/\/tiandeproducts.co.uk\/pl\/maska-do-twarzy-z-mucyna-slimaka\/#breadcrumb","itemListElement":[{"@type":"ListItem","position":1,"name":"Home","item":"https:\/\/tiandeproducts.co.uk\/pl\/"},{"@type":"ListItem","position":2,"name":"Shop","item":"https:\/\/tiandeproducts.co.uk\/pl\/shop-2\/"},{"@type":"ListItem","position":3,"name":"Maska do twarzy z mucyn\u0105 \u015blimaka,1 szt."}]},{"@type":"WebSite","@id":"https:\/\/tiandeproducts.co.uk\/#website","url":"https:\/\/tiandeproducts.co.uk\/","name":"TianDe Online Shop - Beauty & Health","description":"Traditional Chinese Medicine","potentialAction":[{"@type":"SearchAction","target":{"@type":"EntryPoint","urlTemplate":"https:\/\/tiandeproducts.co.uk\/?s={search_term_string}"},"query-input":{"@type":"PropertyValueSpecification","valueRequired":true,"valueName":"search_term_string"}}],"inLanguage":"pl-PL"}]}},"_links":{"self":[{"href":"https:\/\/tiandeproducts.co.uk\/pl\/wp-json\/wp\/v2\/product\/5743","targetHints":{"allow":["GET"]}}],"collection":[{"href":"https:\/\/tiandeproducts.co.uk\/pl\/wp-json\/wp\/v2\/product"}],"about":[{"href":"https:\/\/tiandeproducts.co.uk\/pl\/wp-json\/wp\/v2\/types\/product"}],"replies":[{"embeddable":true,"href":"https:\/\/tiandeproducts.co.uk\/pl\/wp-json\/wp\/v2\/comments?post=5743"}],"wp:featuredmedia":[{"embeddable":true,"href":"https:\/\/tiandeproducts.co.uk\/pl\/wp-json\/wp\/v2\/media\/385"}],"wp:attachment":[{"href":"https:\/\/tiandeproducts.co.uk\/pl\/wp-json\/wp\/v2\/media?parent=5743"}],"wp:term":[{"taxonomy":"product_cat","embeddable":true,"href":"https:\/\/tiandeproducts.co.uk\/pl\/wp-json\/wp\/v2\/product_cat?post=5743"},{"taxonomy":"product_tag","embeddable":true,"href":"https:\/\/tiandeproducts.co.uk\/pl\/wp-json\/wp\/v2\/product_tag?post=5743"}],"curies":[{"name":"wp","href":"https:\/\/api.w.org\/{rel}","templated":true}]}}