{"id":5737,"date":"2016-04-04T20:17:00","date_gmt":"2016-04-04T19:17:00","guid":{"rendered":"https:\/\/www.tiandeproducts.co.uk\/nawilzajaca-kremowa-maseczka-do-twarzy-aloes35g\/"},"modified":"2019-09-19T12:26:52","modified_gmt":"2019-09-19T11:26:52","slug":"nawilzajaca-kremowa-maseczka-do-twarzy-aloes35g","status":"publish","type":"product","link":"https:\/\/tiandeproducts.co.uk\/pl\/nawilzajaca-kremowa-maseczka-do-twarzy-aloes35g\/","title":{"rendered":"Nawil\u017caj\u0105ca kremowa maseczka do twarzy Aloes,35g"},"content":{"rendered":"<div class=\"description\">\n<p>G\u0142\u0119boko nawil\u017ca sk\u00f3r\u0119, wzmacnia procesy regeneracji kom\u00f3rek, podnosi stopie\u0144 j\u0119drno\u015bci i elastyczno\u015bci, sprzyja redukcji drobnych zmarszczek. Dzia\u0142a koj\u0105co, usuwa zaczerwienienia, przywracaj\u0105c g\u0142adko\u015b\u0107 i zdrowy wygl\u0105d.<\/p>\n<\/div>\n<div class=\"instruction\">\n<p><strong>ZASTOSOWANIE:<\/strong><\/p>\n<p>Na\u0142\u00f3\u017c mask\u0119 r\u00f3znomiern\u0105 warstw\u0105 na oczyszczon\u0105 sk\u00f3r\u0119 twarzy, unikaj\u0105c okolic oczu. Po 10 minutach usu\u0144 pozosta\u0142o\u015bci za pomoc\u0105 chusteczki lub delikatnie wmasuj w sk\u00f3r\u0119. Zaleca si\u0119 stosowa\u0107 mask\u0119 codziennie w ci\u0105gu 10 dni, nast\u0119pnie 2-3 razy w tygodniu.<\/p>\n<\/div>\n","protected":false},"excerpt":{"rendered":"<p>G\u0142\u0119boko nawil\u017ca sk\u00f3r\u0119, wzmacnia procesy regeneracji kom\u00f3rek, podnosi stopie\u0144 j\u0119drno\u015bci i elastyczno\u015bci, sprzyja redukcji drobnych zmarszczek. Dzia\u0142a koj\u0105co, usuwa zaczerwienienia, przywracaj\u0105c g\u0142adko\u015b\u0107 i zdrowy wygl\u0105d. ZASTOSOWANIE: Na\u0142\u00f3\u017c mask\u0119 r\u00f3znomiern\u0105 warstw\u0105 na oczyszczon\u0105 sk\u00f3r\u0119 twarzy, unikaj\u0105c okolic oczu. Po 10 minutach usu\u0144 pozosta\u0142o\u015bci za pomoc\u0105 chusteczki lub delikatnie wmasuj w sk\u00f3r\u0119. Zaleca si\u0119 stosowa\u0107 mask\u0119 codziennie [&#8230;]\n","protected":false},"featured_media":608,"comment_status":"closed","ping_status":"closed","template":"","meta":[],"product_cat":[746,769,754,901,750,874],"product_tag":[],"class_list":{"0":"post-5737","1":"product","2":"type-product","3":"status-publish","4":"has-post-thumbnail","6":"product_cat-do-twarzy","7":"product_cat-maseczki-na-twarz","8":"product_cat-nawilzajacy","9":"product_cat-nawodnienie-i-odzywienie","10":"product_cat-odwodniona-skora","11":"product_cat-opieki-dla-skory-wrazliwej","13":"first","14":"instock","15":"shipping-taxable","16":"purchasable","17":"product-type-simple"},"yoast_head":"<!-- This site is optimized with the Yoast SEO plugin v23.6 - https:\/\/yoast.com\/wordpress\/plugins\/seo\/ -->\n<title>Nawil\u017caj\u0105ca kremowa maseczka do twarzy Aloes,35g - TianDe Online Shop - Beauty &amp; Health<\/title>\n<meta name=\"robots\" content=\"index, follow, max-snippet:-1, max-image-preview:large, max-video-preview:-1\" \/>\n<link rel=\"canonical\" href=\"https:\/\/tiandeproducts.co.uk\/pl\/nawilzajaca-kremowa-maseczka-do-twarzy-aloes35g\/\" \/>\n<meta property=\"og:locale\" content=\"pl_PL\" \/>\n<meta property=\"og:type\" content=\"article\" \/>\n<meta property=\"og:title\" content=\"Nawil\u017caj\u0105ca kremowa maseczka do twarzy Aloes,35g - TianDe Online Shop - Beauty &amp; Health\" \/>\n<meta property=\"og:description\" content=\"G\u0142\u0119boko nawil\u017ca sk\u00f3r\u0119, wzmacnia procesy regeneracji kom\u00f3rek, podnosi stopie\u0144 j\u0119drno\u015bci i elastyczno\u015bci, sprzyja redukcji drobnych zmarszczek. Dzia\u0142a koj\u0105co, usuwa zaczerwienienia, przywracaj\u0105c g\u0142adko\u015b\u0107 i zdrowy wygl\u0105d. ZASTOSOWANIE: Na\u0142\u00f3\u017c mask\u0119 r\u00f3znomiern\u0105 warstw\u0105 na oczyszczon\u0105 sk\u00f3r\u0119 twarzy, unikaj\u0105c okolic oczu. Po 10 minutach usu\u0144 pozosta\u0142o\u015bci za pomoc\u0105 chusteczki lub delikatnie wmasuj w sk\u00f3r\u0119. Zaleca si\u0119 stosowa\u0107 mask\u0119 codziennie [...]\" \/>\n<meta property=\"og:url\" content=\"https:\/\/tiandeproducts.co.uk\/pl\/nawilzajaca-kremowa-maseczka-do-twarzy-aloes35g\/\" \/>\n<meta property=\"og:site_name\" content=\"TianDe Online Shop - Beauty &amp; Health\" \/>\n<meta property=\"article:publisher\" content=\"https:\/\/www.facebook.com\/tiande.products.england\/\" \/>\n<meta property=\"article:modified_time\" content=\"2019-09-19T11:26:52+00:00\" \/>\n<meta property=\"og:image\" content=\"https:\/\/tiandeproducts.co.uk\/wp-content\/uploads\/2016\/04\/50109.png\" \/>\n\t<meta property=\"og:image:width\" content=\"700\" \/>\n\t<meta property=\"og:image:height\" content=\"700\" \/>\n\t<meta property=\"og:image:type\" content=\"image\/png\" \/>\n<meta name=\"twitter:card\" content=\"summary_large_image\" \/>\n<script type=\"application\/ld+json\" class=\"yoast-schema-graph\">{\"@context\":\"https:\/\/schema.org\",\"@graph\":[{\"@type\":\"WebPage\",\"@id\":\"https:\/\/tiandeproducts.co.uk\/pl\/nawilzajaca-kremowa-maseczka-do-twarzy-aloes35g\/\",\"url\":\"https:\/\/tiandeproducts.co.uk\/pl\/nawilzajaca-kremowa-maseczka-do-twarzy-aloes35g\/\",\"name\":\"Nawil\u017caj\u0105ca kremowa maseczka do twarzy Aloes,35g - TianDe Online Shop - Beauty &amp; Health\",\"isPartOf\":{\"@id\":\"https:\/\/tiandeproducts.co.uk\/#website\"},\"primaryImageOfPage\":{\"@id\":\"https:\/\/tiandeproducts.co.uk\/pl\/nawilzajaca-kremowa-maseczka-do-twarzy-aloes35g\/#primaryimage\"},\"image\":{\"@id\":\"https:\/\/tiandeproducts.co.uk\/pl\/nawilzajaca-kremowa-maseczka-do-twarzy-aloes35g\/#primaryimage\"},\"thumbnailUrl\":\"https:\/\/tiandeproducts.co.uk\/wp-content\/uploads\/2016\/04\/50109.png\",\"datePublished\":\"2016-04-04T19:17:00+00:00\",\"dateModified\":\"2019-09-19T11:26:52+00:00\",\"breadcrumb\":{\"@id\":\"https:\/\/tiandeproducts.co.uk\/pl\/nawilzajaca-kremowa-maseczka-do-twarzy-aloes35g\/#breadcrumb\"},\"inLanguage\":\"pl-PL\",\"potentialAction\":[{\"@type\":\"ReadAction\",\"target\":[\"https:\/\/tiandeproducts.co.uk\/pl\/nawilzajaca-kremowa-maseczka-do-twarzy-aloes35g\/\"]}]},{\"@type\":\"ImageObject\",\"inLanguage\":\"pl-PL\",\"@id\":\"https:\/\/tiandeproducts.co.uk\/pl\/nawilzajaca-kremowa-maseczka-do-twarzy-aloes35g\/#primaryimage\",\"url\":\"https:\/\/tiandeproducts.co.uk\/wp-content\/uploads\/2016\/04\/50109.png\",\"contentUrl\":\"https:\/\/tiandeproducts.co.uk\/wp-content\/uploads\/2016\/04\/50109.png\",\"width\":700,\"height\":700,\"caption\":\"Aloe Moisturizing Cream Facial Mask,Optimal balance of the skin,35g-0\"},{\"@type\":\"BreadcrumbList\",\"@id\":\"https:\/\/tiandeproducts.co.uk\/pl\/nawilzajaca-kremowa-maseczka-do-twarzy-aloes35g\/#breadcrumb\",\"itemListElement\":[{\"@type\":\"ListItem\",\"position\":1,\"name\":\"Home\",\"item\":\"https:\/\/tiandeproducts.co.uk\/pl\/\"},{\"@type\":\"ListItem\",\"position\":2,\"name\":\"Shop\",\"item\":\"https:\/\/tiandeproducts.co.uk\/pl\/shop-2\/\"},{\"@type\":\"ListItem\",\"position\":3,\"name\":\"Nawil\u017caj\u0105ca kremowa maseczka do twarzy Aloes,35g\"}]},{\"@type\":\"WebSite\",\"@id\":\"https:\/\/tiandeproducts.co.uk\/#website\",\"url\":\"https:\/\/tiandeproducts.co.uk\/\",\"name\":\"TianDe Online Shop - Beauty & Health\",\"description\":\"Traditional Chinese Medicine\",\"potentialAction\":[{\"@type\":\"SearchAction\",\"target\":{\"@type\":\"EntryPoint\",\"urlTemplate\":\"https:\/\/tiandeproducts.co.uk\/?s={search_term_string}\"},\"query-input\":{\"@type\":\"PropertyValueSpecification\",\"valueRequired\":true,\"valueName\":\"search_term_string\"}}],\"inLanguage\":\"pl-PL\"}]}<\/script>\n<!-- \/ Yoast SEO plugin. -->","yoast_head_json":{"title":"Nawil\u017caj\u0105ca kremowa maseczka do twarzy Aloes,35g - TianDe Online Shop - Beauty &amp; Health","robots":{"index":"index","follow":"follow","max-snippet":"max-snippet:-1","max-image-preview":"max-image-preview:large","max-video-preview":"max-video-preview:-1"},"canonical":"https:\/\/tiandeproducts.co.uk\/pl\/nawilzajaca-kremowa-maseczka-do-twarzy-aloes35g\/","og_locale":"pl_PL","og_type":"article","og_title":"Nawil\u017caj\u0105ca kremowa maseczka do twarzy Aloes,35g - TianDe Online Shop - Beauty &amp; Health","og_description":"G\u0142\u0119boko nawil\u017ca sk\u00f3r\u0119, wzmacnia procesy regeneracji kom\u00f3rek, podnosi stopie\u0144 j\u0119drno\u015bci i elastyczno\u015bci, sprzyja redukcji drobnych zmarszczek. Dzia\u0142a koj\u0105co, usuwa zaczerwienienia, przywracaj\u0105c g\u0142adko\u015b\u0107 i zdrowy wygl\u0105d. ZASTOSOWANIE: Na\u0142\u00f3\u017c mask\u0119 r\u00f3znomiern\u0105 warstw\u0105 na oczyszczon\u0105 sk\u00f3r\u0119 twarzy, unikaj\u0105c okolic oczu. Po 10 minutach usu\u0144 pozosta\u0142o\u015bci za pomoc\u0105 chusteczki lub delikatnie wmasuj w sk\u00f3r\u0119. Zaleca si\u0119 stosowa\u0107 mask\u0119 codziennie [...]","og_url":"https:\/\/tiandeproducts.co.uk\/pl\/nawilzajaca-kremowa-maseczka-do-twarzy-aloes35g\/","og_site_name":"TianDe Online Shop - Beauty &amp; Health","article_publisher":"https:\/\/www.facebook.com\/tiande.products.england\/","article_modified_time":"2019-09-19T11:26:52+00:00","og_image":[{"width":700,"height":700,"url":"https:\/\/tiandeproducts.co.uk\/wp-content\/uploads\/2016\/04\/50109.png","type":"image\/png"}],"twitter_card":"summary_large_image","schema":{"@context":"https:\/\/schema.org","@graph":[{"@type":"WebPage","@id":"https:\/\/tiandeproducts.co.uk\/pl\/nawilzajaca-kremowa-maseczka-do-twarzy-aloes35g\/","url":"https:\/\/tiandeproducts.co.uk\/pl\/nawilzajaca-kremowa-maseczka-do-twarzy-aloes35g\/","name":"Nawil\u017caj\u0105ca kremowa maseczka do twarzy Aloes,35g - TianDe Online Shop - Beauty &amp; Health","isPartOf":{"@id":"https:\/\/tiandeproducts.co.uk\/#website"},"primaryImageOfPage":{"@id":"https:\/\/tiandeproducts.co.uk\/pl\/nawilzajaca-kremowa-maseczka-do-twarzy-aloes35g\/#primaryimage"},"image":{"@id":"https:\/\/tiandeproducts.co.uk\/pl\/nawilzajaca-kremowa-maseczka-do-twarzy-aloes35g\/#primaryimage"},"thumbnailUrl":"https:\/\/tiandeproducts.co.uk\/wp-content\/uploads\/2016\/04\/50109.png","datePublished":"2016-04-04T19:17:00+00:00","dateModified":"2019-09-19T11:26:52+00:00","breadcrumb":{"@id":"https:\/\/tiandeproducts.co.uk\/pl\/nawilzajaca-kremowa-maseczka-do-twarzy-aloes35g\/#breadcrumb"},"inLanguage":"pl-PL","potentialAction":[{"@type":"ReadAction","target":["https:\/\/tiandeproducts.co.uk\/pl\/nawilzajaca-kremowa-maseczka-do-twarzy-aloes35g\/"]}]},{"@type":"ImageObject","inLanguage":"pl-PL","@id":"https:\/\/tiandeproducts.co.uk\/pl\/nawilzajaca-kremowa-maseczka-do-twarzy-aloes35g\/#primaryimage","url":"https:\/\/tiandeproducts.co.uk\/wp-content\/uploads\/2016\/04\/50109.png","contentUrl":"https:\/\/tiandeproducts.co.uk\/wp-content\/uploads\/2016\/04\/50109.png","width":700,"height":700,"caption":"Aloe Moisturizing Cream Facial Mask,Optimal balance of the skin,35g-0"},{"@type":"BreadcrumbList","@id":"https:\/\/tiandeproducts.co.uk\/pl\/nawilzajaca-kremowa-maseczka-do-twarzy-aloes35g\/#breadcrumb","itemListElement":[{"@type":"ListItem","position":1,"name":"Home","item":"https:\/\/tiandeproducts.co.uk\/pl\/"},{"@type":"ListItem","position":2,"name":"Shop","item":"https:\/\/tiandeproducts.co.uk\/pl\/shop-2\/"},{"@type":"ListItem","position":3,"name":"Nawil\u017caj\u0105ca kremowa maseczka do twarzy Aloes,35g"}]},{"@type":"WebSite","@id":"https:\/\/tiandeproducts.co.uk\/#website","url":"https:\/\/tiandeproducts.co.uk\/","name":"TianDe Online Shop - Beauty & Health","description":"Traditional Chinese Medicine","potentialAction":[{"@type":"SearchAction","target":{"@type":"EntryPoint","urlTemplate":"https:\/\/tiandeproducts.co.uk\/?s={search_term_string}"},"query-input":{"@type":"PropertyValueSpecification","valueRequired":true,"valueName":"search_term_string"}}],"inLanguage":"pl-PL"}]}},"_links":{"self":[{"href":"https:\/\/tiandeproducts.co.uk\/pl\/wp-json\/wp\/v2\/product\/5737","targetHints":{"allow":["GET"]}}],"collection":[{"href":"https:\/\/tiandeproducts.co.uk\/pl\/wp-json\/wp\/v2\/product"}],"about":[{"href":"https:\/\/tiandeproducts.co.uk\/pl\/wp-json\/wp\/v2\/types\/product"}],"replies":[{"embeddable":true,"href":"https:\/\/tiandeproducts.co.uk\/pl\/wp-json\/wp\/v2\/comments?post=5737"}],"wp:featuredmedia":[{"embeddable":true,"href":"https:\/\/tiandeproducts.co.uk\/pl\/wp-json\/wp\/v2\/media\/608"}],"wp:attachment":[{"href":"https:\/\/tiandeproducts.co.uk\/pl\/wp-json\/wp\/v2\/media?parent=5737"}],"wp:term":[{"taxonomy":"product_cat","embeddable":true,"href":"https:\/\/tiandeproducts.co.uk\/pl\/wp-json\/wp\/v2\/product_cat?post=5737"},{"taxonomy":"product_tag","embeddable":true,"href":"https:\/\/tiandeproducts.co.uk\/pl\/wp-json\/wp\/v2\/product_tag?post=5737"}],"curies":[{"name":"wp","href":"https:\/\/api.w.org\/{rel}","templated":true}]}}