{"id":5722,"date":"2016-04-07T22:21:42","date_gmt":"2016-04-07T21:21:42","guid":{"rendered":"https:\/\/www.tiandeproducts.co.uk\/plyn-do-mycia-naczyn-na-bazie-owocow-zapianu500ml\/"},"modified":"2020-03-22T09:20:10","modified_gmt":"2020-03-22T09:20:10","slug":"plyn-do-mycia-naczyn-na-bazie-owocow-zapianu500ml","status":"publish","type":"product","link":"https:\/\/tiandeproducts.co.uk\/pl\/plyn-do-mycia-naczyn-na-bazie-owocow-zapianu500ml\/","title":{"rendered":"P\u0142yn do mycia naczy\u0144 na bazie owoc\u00f3w zapianu,500ml"},"content":{"rendered":"<div class=\"description\">\n<p>Naturalny i bezpieczny \u015brodek do mycia. Skutecznie usuwa zanieczyszczenia r\u00f3\u017cnego rodzaju, nawet w zimnej wodzie. \u0141atwo i bez jakichkolwiek pozosta\u0142o\u015bci sp\u0142ukuje si\u0119 z naczy\u0144. Jego podstaw\u0105 jest saponina \u2013 naturalny \u015brodek spieniaj\u0105cy zawarty w skorupce orzecha mydlanego. Jest w pe\u0142ni degradowalny w otaczaj\u0105cym \u015brodowisku i nie powoduje reakcji alkalicznej. Myd\u0142o jest nie tylko ca\u0142kowicie nieszkodliwe dla zdrowia, ale ma tak\u017ce dzia\u0142anie zmi\u0119kczaj\u0105ce i przeciwzapalne dla sk\u00f3ry d\u0142oni.<\/p>\n<\/div>\n<div class=\"instruction\">\n<p><strong>ZASTOSOWANIE:<\/strong><\/p>\n<p>Wla\u0107 1-2 krople preparatu na wilgotn\u0105 g\u0105bk\u0119, wytrze\u0107 ni\u0105 naczynie i op\u0142uka\u0107 pod bie\u017c\u0105c\u0105 wod\u0105. Mo\u017cna te\u017c rozpu\u015b\u0107 1 \u0142y\u017ceczk\u0119 na 5 litr\u00f3w wody, umy\u0107 naczynia i sp\u0142uka\u0107.<\/p>\n<\/div>\n","protected":false},"excerpt":{"rendered":"<p>Naturalny i bezpieczny \u015brodek do mycia. Skutecznie usuwa zanieczyszczenia r\u00f3\u017cnego rodzaju, nawet w zimnej wodzie. \u0141atwo i bez jakichkolwiek pozosta\u0142o\u015bci sp\u0142ukuje si\u0119 z naczy\u0144. Jego podstaw\u0105 jest saponina \u2013 naturalny \u015brodek spieniaj\u0105cy zawarty w skorupce orzecha mydlanego. Jest w pe\u0142ni degradowalny w otaczaj\u0105cym \u015brodowisku i nie powoduje reakcji alkalicznej. Myd\u0142o jest nie tylko ca\u0142kowicie nieszkodliwe [&#8230;]\n","protected":false},"featured_media":948,"comment_status":"closed","ping_status":"closed","template":"","meta":[],"product_cat":[773,624,839],"product_tag":[],"class_list":{"0":"post-5722","1":"product","2":"type-product","3":"status-publish","4":"has-post-thumbnail","6":"product_cat-dla-domu","7":"product_cat-ecosphere-pl","8":"product_cat-plyn-do-mycia-naczyn","10":"first","11":"instock","12":"shipping-taxable","13":"purchasable","14":"product-type-simple"},"yoast_head":"<!-- This site is optimized with the Yoast SEO plugin v23.6 - https:\/\/yoast.com\/wordpress\/plugins\/seo\/ -->\n<title>P\u0142yn do mycia naczy\u0144 na bazie owoc\u00f3w zapianu,500ml - TianDe Online Shop - Beauty &amp; Health<\/title>\n<meta name=\"robots\" content=\"index, follow, max-snippet:-1, max-image-preview:large, max-video-preview:-1\" \/>\n<link rel=\"canonical\" href=\"https:\/\/tiandeproducts.co.uk\/pl\/plyn-do-mycia-naczyn-na-bazie-owocow-zapianu500ml\/\" \/>\n<meta property=\"og:locale\" content=\"pl_PL\" \/>\n<meta property=\"og:type\" content=\"article\" \/>\n<meta property=\"og:title\" content=\"P\u0142yn do mycia naczy\u0144 na bazie owoc\u00f3w zapianu,500ml - TianDe Online Shop - Beauty &amp; Health\" \/>\n<meta property=\"og:description\" content=\"Naturalny i bezpieczny \u015brodek do mycia. Skutecznie usuwa zanieczyszczenia r\u00f3\u017cnego rodzaju, nawet w zimnej wodzie. \u0141atwo i bez jakichkolwiek pozosta\u0142o\u015bci sp\u0142ukuje si\u0119 z naczy\u0144. Jego podstaw\u0105 jest saponina \u2013 naturalny \u015brodek spieniaj\u0105cy zawarty w skorupce orzecha mydlanego. Jest w pe\u0142ni degradowalny w otaczaj\u0105cym \u015brodowisku i nie powoduje reakcji alkalicznej. Myd\u0142o jest nie tylko ca\u0142kowicie nieszkodliwe [...]\" \/>\n<meta property=\"og:url\" content=\"https:\/\/tiandeproducts.co.uk\/pl\/plyn-do-mycia-naczyn-na-bazie-owocow-zapianu500ml\/\" \/>\n<meta property=\"og:site_name\" content=\"TianDe Online Shop - Beauty &amp; Health\" \/>\n<meta property=\"article:publisher\" content=\"https:\/\/www.facebook.com\/tiande.products.england\/\" \/>\n<meta property=\"article:modified_time\" content=\"2020-03-22T09:20:10+00:00\" \/>\n<meta property=\"og:image\" content=\"https:\/\/tiandeproducts.co.uk\/wp-content\/uploads\/2016\/04\/144303_new.png\" \/>\n\t<meta property=\"og:image:width\" content=\"700\" \/>\n\t<meta property=\"og:image:height\" content=\"700\" \/>\n\t<meta property=\"og:image:type\" content=\"image\/png\" \/>\n<meta name=\"twitter:card\" content=\"summary_large_image\" \/>\n<meta name=\"twitter:label1\" content=\"Szacowany czas czytania\" \/>\n\t<meta name=\"twitter:data1\" content=\"1 minuta\" \/>\n<script type=\"application\/ld+json\" class=\"yoast-schema-graph\">{\"@context\":\"https:\/\/schema.org\",\"@graph\":[{\"@type\":\"WebPage\",\"@id\":\"https:\/\/tiandeproducts.co.uk\/pl\/plyn-do-mycia-naczyn-na-bazie-owocow-zapianu500ml\/\",\"url\":\"https:\/\/tiandeproducts.co.uk\/pl\/plyn-do-mycia-naczyn-na-bazie-owocow-zapianu500ml\/\",\"name\":\"P\u0142yn do mycia naczy\u0144 na bazie owoc\u00f3w zapianu,500ml - TianDe Online Shop - Beauty &amp; Health\",\"isPartOf\":{\"@id\":\"https:\/\/tiandeproducts.co.uk\/#website\"},\"primaryImageOfPage\":{\"@id\":\"https:\/\/tiandeproducts.co.uk\/pl\/plyn-do-mycia-naczyn-na-bazie-owocow-zapianu500ml\/#primaryimage\"},\"image\":{\"@id\":\"https:\/\/tiandeproducts.co.uk\/pl\/plyn-do-mycia-naczyn-na-bazie-owocow-zapianu500ml\/#primaryimage\"},\"thumbnailUrl\":\"https:\/\/tiandeproducts.co.uk\/wp-content\/uploads\/2016\/04\/144303_new.png\",\"datePublished\":\"2016-04-07T21:21:42+00:00\",\"dateModified\":\"2020-03-22T09:20:10+00:00\",\"breadcrumb\":{\"@id\":\"https:\/\/tiandeproducts.co.uk\/pl\/plyn-do-mycia-naczyn-na-bazie-owocow-zapianu500ml\/#breadcrumb\"},\"inLanguage\":\"pl-PL\",\"potentialAction\":[{\"@type\":\"ReadAction\",\"target\":[\"https:\/\/tiandeproducts.co.uk\/pl\/plyn-do-mycia-naczyn-na-bazie-owocow-zapianu500ml\/\"]}]},{\"@type\":\"ImageObject\",\"inLanguage\":\"pl-PL\",\"@id\":\"https:\/\/tiandeproducts.co.uk\/pl\/plyn-do-mycia-naczyn-na-bazie-owocow-zapianu500ml\/#primaryimage\",\"url\":\"https:\/\/tiandeproducts.co.uk\/wp-content\/uploads\/2016\/04\/144303_new.png\",\"contentUrl\":\"https:\/\/tiandeproducts.co.uk\/wp-content\/uploads\/2016\/04\/144303_new.png\",\"width\":700,\"height\":700,\"caption\":\"Soap Nut Dishwashing Liquid,500ml-0\"},{\"@type\":\"BreadcrumbList\",\"@id\":\"https:\/\/tiandeproducts.co.uk\/pl\/plyn-do-mycia-naczyn-na-bazie-owocow-zapianu500ml\/#breadcrumb\",\"itemListElement\":[{\"@type\":\"ListItem\",\"position\":1,\"name\":\"Home\",\"item\":\"https:\/\/tiandeproducts.co.uk\/pl\/\"},{\"@type\":\"ListItem\",\"position\":2,\"name\":\"Shop\",\"item\":\"https:\/\/tiandeproducts.co.uk\/pl\/shop-2\/\"},{\"@type\":\"ListItem\",\"position\":3,\"name\":\"P\u0142yn do mycia naczy\u0144 na bazie owoc\u00f3w zapianu,500ml\"}]},{\"@type\":\"WebSite\",\"@id\":\"https:\/\/tiandeproducts.co.uk\/#website\",\"url\":\"https:\/\/tiandeproducts.co.uk\/\",\"name\":\"TianDe Online Shop - Beauty & Health\",\"description\":\"Traditional Chinese Medicine\",\"potentialAction\":[{\"@type\":\"SearchAction\",\"target\":{\"@type\":\"EntryPoint\",\"urlTemplate\":\"https:\/\/tiandeproducts.co.uk\/?s={search_term_string}\"},\"query-input\":{\"@type\":\"PropertyValueSpecification\",\"valueRequired\":true,\"valueName\":\"search_term_string\"}}],\"inLanguage\":\"pl-PL\"}]}<\/script>\n<!-- \/ Yoast SEO plugin. -->","yoast_head_json":{"title":"P\u0142yn do mycia naczy\u0144 na bazie owoc\u00f3w zapianu,500ml - TianDe Online Shop - Beauty &amp; Health","robots":{"index":"index","follow":"follow","max-snippet":"max-snippet:-1","max-image-preview":"max-image-preview:large","max-video-preview":"max-video-preview:-1"},"canonical":"https:\/\/tiandeproducts.co.uk\/pl\/plyn-do-mycia-naczyn-na-bazie-owocow-zapianu500ml\/","og_locale":"pl_PL","og_type":"article","og_title":"P\u0142yn do mycia naczy\u0144 na bazie owoc\u00f3w zapianu,500ml - TianDe Online Shop - Beauty &amp; Health","og_description":"Naturalny i bezpieczny \u015brodek do mycia. Skutecznie usuwa zanieczyszczenia r\u00f3\u017cnego rodzaju, nawet w zimnej wodzie. \u0141atwo i bez jakichkolwiek pozosta\u0142o\u015bci sp\u0142ukuje si\u0119 z naczy\u0144. Jego podstaw\u0105 jest saponina \u2013 naturalny \u015brodek spieniaj\u0105cy zawarty w skorupce orzecha mydlanego. Jest w pe\u0142ni degradowalny w otaczaj\u0105cym \u015brodowisku i nie powoduje reakcji alkalicznej. Myd\u0142o jest nie tylko ca\u0142kowicie nieszkodliwe [...]","og_url":"https:\/\/tiandeproducts.co.uk\/pl\/plyn-do-mycia-naczyn-na-bazie-owocow-zapianu500ml\/","og_site_name":"TianDe Online Shop - Beauty &amp; Health","article_publisher":"https:\/\/www.facebook.com\/tiande.products.england\/","article_modified_time":"2020-03-22T09:20:10+00:00","og_image":[{"width":700,"height":700,"url":"https:\/\/tiandeproducts.co.uk\/wp-content\/uploads\/2016\/04\/144303_new.png","type":"image\/png"}],"twitter_card":"summary_large_image","twitter_misc":{"Szacowany czas czytania":"1 minuta"},"schema":{"@context":"https:\/\/schema.org","@graph":[{"@type":"WebPage","@id":"https:\/\/tiandeproducts.co.uk\/pl\/plyn-do-mycia-naczyn-na-bazie-owocow-zapianu500ml\/","url":"https:\/\/tiandeproducts.co.uk\/pl\/plyn-do-mycia-naczyn-na-bazie-owocow-zapianu500ml\/","name":"P\u0142yn do mycia naczy\u0144 na bazie owoc\u00f3w zapianu,500ml - TianDe Online Shop - Beauty &amp; Health","isPartOf":{"@id":"https:\/\/tiandeproducts.co.uk\/#website"},"primaryImageOfPage":{"@id":"https:\/\/tiandeproducts.co.uk\/pl\/plyn-do-mycia-naczyn-na-bazie-owocow-zapianu500ml\/#primaryimage"},"image":{"@id":"https:\/\/tiandeproducts.co.uk\/pl\/plyn-do-mycia-naczyn-na-bazie-owocow-zapianu500ml\/#primaryimage"},"thumbnailUrl":"https:\/\/tiandeproducts.co.uk\/wp-content\/uploads\/2016\/04\/144303_new.png","datePublished":"2016-04-07T21:21:42+00:00","dateModified":"2020-03-22T09:20:10+00:00","breadcrumb":{"@id":"https:\/\/tiandeproducts.co.uk\/pl\/plyn-do-mycia-naczyn-na-bazie-owocow-zapianu500ml\/#breadcrumb"},"inLanguage":"pl-PL","potentialAction":[{"@type":"ReadAction","target":["https:\/\/tiandeproducts.co.uk\/pl\/plyn-do-mycia-naczyn-na-bazie-owocow-zapianu500ml\/"]}]},{"@type":"ImageObject","inLanguage":"pl-PL","@id":"https:\/\/tiandeproducts.co.uk\/pl\/plyn-do-mycia-naczyn-na-bazie-owocow-zapianu500ml\/#primaryimage","url":"https:\/\/tiandeproducts.co.uk\/wp-content\/uploads\/2016\/04\/144303_new.png","contentUrl":"https:\/\/tiandeproducts.co.uk\/wp-content\/uploads\/2016\/04\/144303_new.png","width":700,"height":700,"caption":"Soap Nut Dishwashing Liquid,500ml-0"},{"@type":"BreadcrumbList","@id":"https:\/\/tiandeproducts.co.uk\/pl\/plyn-do-mycia-naczyn-na-bazie-owocow-zapianu500ml\/#breadcrumb","itemListElement":[{"@type":"ListItem","position":1,"name":"Home","item":"https:\/\/tiandeproducts.co.uk\/pl\/"},{"@type":"ListItem","position":2,"name":"Shop","item":"https:\/\/tiandeproducts.co.uk\/pl\/shop-2\/"},{"@type":"ListItem","position":3,"name":"P\u0142yn do mycia naczy\u0144 na bazie owoc\u00f3w zapianu,500ml"}]},{"@type":"WebSite","@id":"https:\/\/tiandeproducts.co.uk\/#website","url":"https:\/\/tiandeproducts.co.uk\/","name":"TianDe Online Shop - Beauty & Health","description":"Traditional Chinese Medicine","potentialAction":[{"@type":"SearchAction","target":{"@type":"EntryPoint","urlTemplate":"https:\/\/tiandeproducts.co.uk\/?s={search_term_string}"},"query-input":{"@type":"PropertyValueSpecification","valueRequired":true,"valueName":"search_term_string"}}],"inLanguage":"pl-PL"}]}},"_links":{"self":[{"href":"https:\/\/tiandeproducts.co.uk\/pl\/wp-json\/wp\/v2\/product\/5722","targetHints":{"allow":["GET"]}}],"collection":[{"href":"https:\/\/tiandeproducts.co.uk\/pl\/wp-json\/wp\/v2\/product"}],"about":[{"href":"https:\/\/tiandeproducts.co.uk\/pl\/wp-json\/wp\/v2\/types\/product"}],"replies":[{"embeddable":true,"href":"https:\/\/tiandeproducts.co.uk\/pl\/wp-json\/wp\/v2\/comments?post=5722"}],"wp:featuredmedia":[{"embeddable":true,"href":"https:\/\/tiandeproducts.co.uk\/pl\/wp-json\/wp\/v2\/media\/948"}],"wp:attachment":[{"href":"https:\/\/tiandeproducts.co.uk\/pl\/wp-json\/wp\/v2\/media?parent=5722"}],"wp:term":[{"taxonomy":"product_cat","embeddable":true,"href":"https:\/\/tiandeproducts.co.uk\/pl\/wp-json\/wp\/v2\/product_cat?post=5722"},{"taxonomy":"product_tag","embeddable":true,"href":"https:\/\/tiandeproducts.co.uk\/pl\/wp-json\/wp\/v2\/product_tag?post=5722"}],"curies":[{"name":"wp","href":"https:\/\/api.w.org\/{rel}","templated":true}]}}