{"id":5721,"date":"2016-04-05T10:23:12","date_gmt":"2016-04-05T09:23:12","guid":{"rendered":"https:\/\/www.tiandeproducts.co.uk\/profilaktyczny-krem-do-stop-z-olejem-weza30g\/"},"modified":"2020-03-01T15:08:17","modified_gmt":"2020-03-01T15:08:17","slug":"profilaktyczny-krem-do-stop-z-olejem-weza30g","status":"publish","type":"product","link":"https:\/\/tiandeproducts.co.uk\/pl\/profilaktyczny-krem-do-stop-z-olejem-weza30g\/","title":{"rendered":"Profilaktyczny krem do st\u00f3p z olejem w\u0119\u017ca,30g"},"content":{"rendered":"<div class=\"description\">\n<p>Nawil\u017ca i zmi\u0119kcza sk\u00f3r\u0119 st\u00f3p oraz zapobiega ich poceniu si\u0119. Usuwa nieprzyjemny zapach, \u0142agodzi podra\u017cnienia, Nadaje sk\u00f3rze st\u00f3p zadbany wygl\u0105d.<\/p>\n<\/div>\n<div class=\"instruction\">\n<p><strong>ZASTOSOWANIE:<\/strong><\/p>\n<p>Rano i wieczorem na czyst\u0105 sk\u00f3r\u0119 st\u00f3p. Rozetrze\u0107 r\u00f3wnomiernie na ca\u0142ej powierzchni i wciera\u0107, a\u017c do ca\u0142kowitego wch\u0142oni\u0119cia.<\/p>\n<\/div>\n","protected":false},"excerpt":{"rendered":"<p>Nawil\u017ca i zmi\u0119kcza sk\u00f3r\u0119 st\u00f3p oraz zapobiega ich poceniu si\u0119. Usuwa nieprzyjemny zapach, \u0142agodzi podra\u017cnienia, Nadaje sk\u00f3rze st\u00f3p zadbany wygl\u0105d. ZASTOSOWANIE: Rano i wieczorem na czyst\u0105 sk\u00f3r\u0119 st\u00f3p. Rozetrze\u0107 r\u00f3wnomiernie na ca\u0142ej powierzchni i wciera\u0107, a\u017c do ca\u0142kowitego wch\u0142oni\u0119cia.<\/p>\n","protected":false},"featured_media":628,"comment_status":"closed","ping_status":"closed","template":"","meta":[],"product_cat":[498,739],"product_tag":[],"class_list":{"0":"post-5721","1":"product","2":"type-product","3":"status-publish","4":"has-post-thumbnail","6":"product_cat-pielegnacja-ciala","7":"product_cat-pielegnacja-stop","9":"first","10":"instock","11":"shipping-taxable","12":"purchasable","13":"product-type-simple"},"yoast_head":"<!-- This site is optimized with the Yoast SEO plugin v23.6 - https:\/\/yoast.com\/wordpress\/plugins\/seo\/ -->\n<title>Profilaktyczny krem do st\u00f3p z olejem w\u0119\u017ca,30g - TianDe Online Shop - Beauty &amp; Health<\/title>\n<meta name=\"robots\" content=\"index, follow, max-snippet:-1, max-image-preview:large, max-video-preview:-1\" \/>\n<link rel=\"canonical\" href=\"https:\/\/tiandeproducts.co.uk\/pl\/profilaktyczny-krem-do-stop-z-olejem-weza30g\/\" \/>\n<meta property=\"og:locale\" content=\"pl_PL\" \/>\n<meta property=\"og:type\" content=\"article\" \/>\n<meta property=\"og:title\" content=\"Profilaktyczny krem do st\u00f3p z olejem w\u0119\u017ca,30g - TianDe Online Shop - Beauty &amp; Health\" \/>\n<meta property=\"og:description\" content=\"Nawil\u017ca i zmi\u0119kcza sk\u00f3r\u0119 st\u00f3p oraz zapobiega ich poceniu si\u0119. Usuwa nieprzyjemny zapach, \u0142agodzi podra\u017cnienia, Nadaje sk\u00f3rze st\u00f3p zadbany wygl\u0105d. ZASTOSOWANIE: Rano i wieczorem na czyst\u0105 sk\u00f3r\u0119 st\u00f3p. Rozetrze\u0107 r\u00f3wnomiernie na ca\u0142ej powierzchni i wciera\u0107, a\u017c do ca\u0142kowitego wch\u0142oni\u0119cia.\" \/>\n<meta property=\"og:url\" content=\"https:\/\/tiandeproducts.co.uk\/pl\/profilaktyczny-krem-do-stop-z-olejem-weza30g\/\" \/>\n<meta property=\"og:site_name\" content=\"TianDe Online Shop - Beauty &amp; Health\" \/>\n<meta property=\"article:publisher\" content=\"https:\/\/www.facebook.com\/tiande.products.england\/\" \/>\n<meta property=\"article:modified_time\" content=\"2020-03-01T15:08:17+00:00\" \/>\n<meta property=\"og:image\" content=\"https:\/\/tiandeproducts.co.uk\/wp-content\/uploads\/2016\/04\/41106.png\" \/>\n\t<meta property=\"og:image:width\" content=\"700\" \/>\n\t<meta property=\"og:image:height\" content=\"700\" \/>\n\t<meta property=\"og:image:type\" content=\"image\/png\" \/>\n<meta name=\"twitter:card\" content=\"summary_large_image\" \/>\n<script type=\"application\/ld+json\" class=\"yoast-schema-graph\">{\"@context\":\"https:\/\/schema.org\",\"@graph\":[{\"@type\":\"WebPage\",\"@id\":\"https:\/\/tiandeproducts.co.uk\/pl\/profilaktyczny-krem-do-stop-z-olejem-weza30g\/\",\"url\":\"https:\/\/tiandeproducts.co.uk\/pl\/profilaktyczny-krem-do-stop-z-olejem-weza30g\/\",\"name\":\"Profilaktyczny krem do st\u00f3p z olejem w\u0119\u017ca,30g - TianDe Online Shop - Beauty &amp; Health\",\"isPartOf\":{\"@id\":\"https:\/\/tiandeproducts.co.uk\/#website\"},\"primaryImageOfPage\":{\"@id\":\"https:\/\/tiandeproducts.co.uk\/pl\/profilaktyczny-krem-do-stop-z-olejem-weza30g\/#primaryimage\"},\"image\":{\"@id\":\"https:\/\/tiandeproducts.co.uk\/pl\/profilaktyczny-krem-do-stop-z-olejem-weza30g\/#primaryimage\"},\"thumbnailUrl\":\"https:\/\/tiandeproducts.co.uk\/wp-content\/uploads\/2016\/04\/41106.png\",\"datePublished\":\"2016-04-05T09:23:12+00:00\",\"dateModified\":\"2020-03-01T15:08:17+00:00\",\"breadcrumb\":{\"@id\":\"https:\/\/tiandeproducts.co.uk\/pl\/profilaktyczny-krem-do-stop-z-olejem-weza30g\/#breadcrumb\"},\"inLanguage\":\"pl-PL\",\"potentialAction\":[{\"@type\":\"ReadAction\",\"target\":[\"https:\/\/tiandeproducts.co.uk\/pl\/profilaktyczny-krem-do-stop-z-olejem-weza30g\/\"]}]},{\"@type\":\"ImageObject\",\"inLanguage\":\"pl-PL\",\"@id\":\"https:\/\/tiandeproducts.co.uk\/pl\/profilaktyczny-krem-do-stop-z-olejem-weza30g\/#primaryimage\",\"url\":\"https:\/\/tiandeproducts.co.uk\/wp-content\/uploads\/2016\/04\/41106.png\",\"contentUrl\":\"https:\/\/tiandeproducts.co.uk\/wp-content\/uploads\/2016\/04\/41106.png\",\"width\":700,\"height\":700,\"caption\":\"Snake Oil Preventive Cream, 30 g-0\"},{\"@type\":\"BreadcrumbList\",\"@id\":\"https:\/\/tiandeproducts.co.uk\/pl\/profilaktyczny-krem-do-stop-z-olejem-weza30g\/#breadcrumb\",\"itemListElement\":[{\"@type\":\"ListItem\",\"position\":1,\"name\":\"Home\",\"item\":\"https:\/\/tiandeproducts.co.uk\/pl\/\"},{\"@type\":\"ListItem\",\"position\":2,\"name\":\"Shop\",\"item\":\"https:\/\/tiandeproducts.co.uk\/pl\/shop-2\/\"},{\"@type\":\"ListItem\",\"position\":3,\"name\":\"Profilaktyczny krem do st\u00f3p z olejem w\u0119\u017ca,30g\"}]},{\"@type\":\"WebSite\",\"@id\":\"https:\/\/tiandeproducts.co.uk\/#website\",\"url\":\"https:\/\/tiandeproducts.co.uk\/\",\"name\":\"TianDe Online Shop - Beauty & Health\",\"description\":\"Traditional Chinese Medicine\",\"potentialAction\":[{\"@type\":\"SearchAction\",\"target\":{\"@type\":\"EntryPoint\",\"urlTemplate\":\"https:\/\/tiandeproducts.co.uk\/?s={search_term_string}\"},\"query-input\":{\"@type\":\"PropertyValueSpecification\",\"valueRequired\":true,\"valueName\":\"search_term_string\"}}],\"inLanguage\":\"pl-PL\"}]}<\/script>\n<!-- \/ Yoast SEO plugin. -->","yoast_head_json":{"title":"Profilaktyczny krem do st\u00f3p z olejem w\u0119\u017ca,30g - TianDe Online Shop - Beauty &amp; Health","robots":{"index":"index","follow":"follow","max-snippet":"max-snippet:-1","max-image-preview":"max-image-preview:large","max-video-preview":"max-video-preview:-1"},"canonical":"https:\/\/tiandeproducts.co.uk\/pl\/profilaktyczny-krem-do-stop-z-olejem-weza30g\/","og_locale":"pl_PL","og_type":"article","og_title":"Profilaktyczny krem do st\u00f3p z olejem w\u0119\u017ca,30g - TianDe Online Shop - Beauty &amp; Health","og_description":"Nawil\u017ca i zmi\u0119kcza sk\u00f3r\u0119 st\u00f3p oraz zapobiega ich poceniu si\u0119. Usuwa nieprzyjemny zapach, \u0142agodzi podra\u017cnienia, Nadaje sk\u00f3rze st\u00f3p zadbany wygl\u0105d. ZASTOSOWANIE: Rano i wieczorem na czyst\u0105 sk\u00f3r\u0119 st\u00f3p. Rozetrze\u0107 r\u00f3wnomiernie na ca\u0142ej powierzchni i wciera\u0107, a\u017c do ca\u0142kowitego wch\u0142oni\u0119cia.","og_url":"https:\/\/tiandeproducts.co.uk\/pl\/profilaktyczny-krem-do-stop-z-olejem-weza30g\/","og_site_name":"TianDe Online Shop - Beauty &amp; Health","article_publisher":"https:\/\/www.facebook.com\/tiande.products.england\/","article_modified_time":"2020-03-01T15:08:17+00:00","og_image":[{"width":700,"height":700,"url":"https:\/\/tiandeproducts.co.uk\/wp-content\/uploads\/2016\/04\/41106.png","type":"image\/png"}],"twitter_card":"summary_large_image","schema":{"@context":"https:\/\/schema.org","@graph":[{"@type":"WebPage","@id":"https:\/\/tiandeproducts.co.uk\/pl\/profilaktyczny-krem-do-stop-z-olejem-weza30g\/","url":"https:\/\/tiandeproducts.co.uk\/pl\/profilaktyczny-krem-do-stop-z-olejem-weza30g\/","name":"Profilaktyczny krem do st\u00f3p z olejem w\u0119\u017ca,30g - TianDe Online Shop - Beauty &amp; Health","isPartOf":{"@id":"https:\/\/tiandeproducts.co.uk\/#website"},"primaryImageOfPage":{"@id":"https:\/\/tiandeproducts.co.uk\/pl\/profilaktyczny-krem-do-stop-z-olejem-weza30g\/#primaryimage"},"image":{"@id":"https:\/\/tiandeproducts.co.uk\/pl\/profilaktyczny-krem-do-stop-z-olejem-weza30g\/#primaryimage"},"thumbnailUrl":"https:\/\/tiandeproducts.co.uk\/wp-content\/uploads\/2016\/04\/41106.png","datePublished":"2016-04-05T09:23:12+00:00","dateModified":"2020-03-01T15:08:17+00:00","breadcrumb":{"@id":"https:\/\/tiandeproducts.co.uk\/pl\/profilaktyczny-krem-do-stop-z-olejem-weza30g\/#breadcrumb"},"inLanguage":"pl-PL","potentialAction":[{"@type":"ReadAction","target":["https:\/\/tiandeproducts.co.uk\/pl\/profilaktyczny-krem-do-stop-z-olejem-weza30g\/"]}]},{"@type":"ImageObject","inLanguage":"pl-PL","@id":"https:\/\/tiandeproducts.co.uk\/pl\/profilaktyczny-krem-do-stop-z-olejem-weza30g\/#primaryimage","url":"https:\/\/tiandeproducts.co.uk\/wp-content\/uploads\/2016\/04\/41106.png","contentUrl":"https:\/\/tiandeproducts.co.uk\/wp-content\/uploads\/2016\/04\/41106.png","width":700,"height":700,"caption":"Snake Oil Preventive Cream, 30 g-0"},{"@type":"BreadcrumbList","@id":"https:\/\/tiandeproducts.co.uk\/pl\/profilaktyczny-krem-do-stop-z-olejem-weza30g\/#breadcrumb","itemListElement":[{"@type":"ListItem","position":1,"name":"Home","item":"https:\/\/tiandeproducts.co.uk\/pl\/"},{"@type":"ListItem","position":2,"name":"Shop","item":"https:\/\/tiandeproducts.co.uk\/pl\/shop-2\/"},{"@type":"ListItem","position":3,"name":"Profilaktyczny krem do st\u00f3p z olejem w\u0119\u017ca,30g"}]},{"@type":"WebSite","@id":"https:\/\/tiandeproducts.co.uk\/#website","url":"https:\/\/tiandeproducts.co.uk\/","name":"TianDe Online Shop - Beauty & Health","description":"Traditional Chinese Medicine","potentialAction":[{"@type":"SearchAction","target":{"@type":"EntryPoint","urlTemplate":"https:\/\/tiandeproducts.co.uk\/?s={search_term_string}"},"query-input":{"@type":"PropertyValueSpecification","valueRequired":true,"valueName":"search_term_string"}}],"inLanguage":"pl-PL"}]}},"_links":{"self":[{"href":"https:\/\/tiandeproducts.co.uk\/pl\/wp-json\/wp\/v2\/product\/5721","targetHints":{"allow":["GET"]}}],"collection":[{"href":"https:\/\/tiandeproducts.co.uk\/pl\/wp-json\/wp\/v2\/product"}],"about":[{"href":"https:\/\/tiandeproducts.co.uk\/pl\/wp-json\/wp\/v2\/types\/product"}],"replies":[{"embeddable":true,"href":"https:\/\/tiandeproducts.co.uk\/pl\/wp-json\/wp\/v2\/comments?post=5721"}],"wp:featuredmedia":[{"embeddable":true,"href":"https:\/\/tiandeproducts.co.uk\/pl\/wp-json\/wp\/v2\/media\/628"}],"wp:attachment":[{"href":"https:\/\/tiandeproducts.co.uk\/pl\/wp-json\/wp\/v2\/media?parent=5721"}],"wp:term":[{"taxonomy":"product_cat","embeddable":true,"href":"https:\/\/tiandeproducts.co.uk\/pl\/wp-json\/wp\/v2\/product_cat?post=5721"},{"taxonomy":"product_tag","embeddable":true,"href":"https:\/\/tiandeproducts.co.uk\/pl\/wp-json\/wp\/v2\/product_tag?post=5721"}],"curies":[{"name":"wp","href":"https:\/\/api.w.org\/{rel}","templated":true}]}}