{"id":5707,"date":"2016-04-07T18:42:22","date_gmt":"2016-04-07T17:42:22","guid":{"rendered":"https:\/\/www.tiandeproducts.co.uk\/plaster-oczyszczajacy-na-nos-wegiel-bambusowy\/"},"modified":"2020-03-01T15:05:33","modified_gmt":"2020-03-01T15:05:33","slug":"plaster-oczyszczajacy-na-nos-wegiel-bambusowy","status":"publish","type":"product","link":"https:\/\/tiandeproducts.co.uk\/pl\/plaster-oczyszczajacy-na-nos-wegiel-bambusowy\/","title":{"rendered":"Plaster oczyszczaj\u0105cy na nos W\u0119giel bambusowy,1 szt."},"content":{"rendered":"<div class=\"description\">\n<p>Posiada doskonale dzia\u0142anie absorbuj\u0105ce, delikatnie usuwa czarne kropki i zanieczyszczenia z powierzchni sk\u00f3ry, oczyszczaj\u0105c i zw\u0119\u017caj\u0105c pory. Tworz\u0105c efekt opatrunku, plaster stymuluje procesy metaboliczne w kom\u00f3rkach sk\u00f3ry dzi\u0119ki zawartym w nim aktywnym sk\u0142adnikom. Czyni sk\u00f3r\u0119 czyst\u0105 i \u015bwie\u017c\u0105.<\/p>\n<\/div>\n<div class=\"instruction\">\n<p><strong>ZASTOSOWANIE:<\/strong><\/p>\n<p>Zdejmij ochronn\u0105 pow\u0142oczk\u0119, przyklej plaster na wcze\u015bniej oczyszczon\u0105 i nawil\u017con\u0105 wod\u0105 obszar nosa. Upewnij si\u0119, \u017ce plaster dok\u0142adnie przylega do sk\u00f3ry. Usu\u0144 po 10-15 minutach. Stosuj w miar\u0119 potrzeby 1-3 razy w tygodniu.<\/p>\n<\/div>\n","protected":false},"excerpt":{"rendered":"<p>Posiada doskonale dzia\u0142anie absorbuj\u0105ce, delikatnie usuwa czarne kropki i zanieczyszczenia z powierzchni sk\u00f3ry, oczyszczaj\u0105c i zw\u0119\u017caj\u0105c pory. Tworz\u0105c efekt opatrunku, plaster stymuluje procesy metaboliczne w kom\u00f3rkach sk\u00f3ry dzi\u0119ki zawartym w nim aktywnym sk\u0142adnikom. Czyni sk\u00f3r\u0119 czyst\u0105 i \u015bwie\u017c\u0105. ZASTOSOWANIE: Zdejmij ochronn\u0105 pow\u0142oczk\u0119, przyklej plaster na wcze\u015bniej oczyszczon\u0105 i nawil\u017con\u0105 wod\u0105 obszar nosa. Upewnij si\u0119, \u017ce [&#8230;]\n","protected":false},"featured_media":853,"comment_status":"closed","ping_status":"closed","template":"","meta":[],"product_cat":[746,880,749,758],"product_tag":[],"class_list":{"0":"post-5707","1":"product","2":"type-product","3":"status-publish","4":"has-post-thumbnail","6":"product_cat-do-twarzy","7":"product_cat-master-herb-przeciwtradzikowy","8":"product_cat-na-tradzik","9":"product_cat-problematyczna-skora","11":"first","12":"outofstock","13":"shipping-taxable","14":"purchasable","15":"product-type-simple"},"yoast_head":"<!-- This site is optimized with the Yoast SEO plugin v23.6 - https:\/\/yoast.com\/wordpress\/plugins\/seo\/ -->\n<title>Plaster oczyszczaj\u0105cy na nos W\u0119giel bambusowy,1 szt. - TianDe Online Shop - Beauty &amp; Health<\/title>\n<meta name=\"robots\" content=\"index, follow, max-snippet:-1, max-image-preview:large, max-video-preview:-1\" \/>\n<link rel=\"canonical\" href=\"https:\/\/tiandeproducts.co.uk\/pl\/plaster-oczyszczajacy-na-nos-wegiel-bambusowy\/\" \/>\n<meta property=\"og:locale\" content=\"pl_PL\" \/>\n<meta property=\"og:type\" content=\"article\" \/>\n<meta property=\"og:title\" content=\"Plaster oczyszczaj\u0105cy na nos W\u0119giel bambusowy,1 szt. - TianDe Online Shop - Beauty &amp; Health\" \/>\n<meta property=\"og:description\" content=\"Posiada doskonale dzia\u0142anie absorbuj\u0105ce, delikatnie usuwa czarne kropki i zanieczyszczenia z powierzchni sk\u00f3ry, oczyszczaj\u0105c i zw\u0119\u017caj\u0105c pory. Tworz\u0105c efekt opatrunku, plaster stymuluje procesy metaboliczne w kom\u00f3rkach sk\u00f3ry dzi\u0119ki zawartym w nim aktywnym sk\u0142adnikom. Czyni sk\u00f3r\u0119 czyst\u0105 i \u015bwie\u017c\u0105. ZASTOSOWANIE: Zdejmij ochronn\u0105 pow\u0142oczk\u0119, przyklej plaster na wcze\u015bniej oczyszczon\u0105 i nawil\u017con\u0105 wod\u0105 obszar nosa. Upewnij si\u0119, \u017ce [...]\" \/>\n<meta property=\"og:url\" content=\"https:\/\/tiandeproducts.co.uk\/pl\/plaster-oczyszczajacy-na-nos-wegiel-bambusowy\/\" \/>\n<meta property=\"og:site_name\" content=\"TianDe Online Shop - Beauty &amp; Health\" \/>\n<meta property=\"article:publisher\" content=\"https:\/\/www.facebook.com\/tiande.products.england\/\" \/>\n<meta property=\"article:modified_time\" content=\"2020-03-01T15:05:33+00:00\" \/>\n<meta property=\"og:image\" content=\"https:\/\/tiandeproducts.co.uk\/wp-content\/uploads\/2016\/04\/11325.png\" \/>\n\t<meta property=\"og:image:width\" content=\"700\" \/>\n\t<meta property=\"og:image:height\" content=\"700\" \/>\n\t<meta property=\"og:image:type\" content=\"image\/png\" \/>\n<meta name=\"twitter:card\" content=\"summary_large_image\" \/>\n<script type=\"application\/ld+json\" class=\"yoast-schema-graph\">{\"@context\":\"https:\/\/schema.org\",\"@graph\":[{\"@type\":\"WebPage\",\"@id\":\"https:\/\/tiandeproducts.co.uk\/pl\/plaster-oczyszczajacy-na-nos-wegiel-bambusowy\/\",\"url\":\"https:\/\/tiandeproducts.co.uk\/pl\/plaster-oczyszczajacy-na-nos-wegiel-bambusowy\/\",\"name\":\"Plaster oczyszczaj\u0105cy na nos W\u0119giel bambusowy,1 szt. - TianDe Online Shop - Beauty &amp; Health\",\"isPartOf\":{\"@id\":\"https:\/\/tiandeproducts.co.uk\/#website\"},\"primaryImageOfPage\":{\"@id\":\"https:\/\/tiandeproducts.co.uk\/pl\/plaster-oczyszczajacy-na-nos-wegiel-bambusowy\/#primaryimage\"},\"image\":{\"@id\":\"https:\/\/tiandeproducts.co.uk\/pl\/plaster-oczyszczajacy-na-nos-wegiel-bambusowy\/#primaryimage\"},\"thumbnailUrl\":\"https:\/\/tiandeproducts.co.uk\/wp-content\/uploads\/2016\/04\/11325.png\",\"datePublished\":\"2016-04-07T17:42:22+00:00\",\"dateModified\":\"2020-03-01T15:05:33+00:00\",\"breadcrumb\":{\"@id\":\"https:\/\/tiandeproducts.co.uk\/pl\/plaster-oczyszczajacy-na-nos-wegiel-bambusowy\/#breadcrumb\"},\"inLanguage\":\"pl-PL\",\"potentialAction\":[{\"@type\":\"ReadAction\",\"target\":[\"https:\/\/tiandeproducts.co.uk\/pl\/plaster-oczyszczajacy-na-nos-wegiel-bambusowy\/\"]}]},{\"@type\":\"ImageObject\",\"inLanguage\":\"pl-PL\",\"@id\":\"https:\/\/tiandeproducts.co.uk\/pl\/plaster-oczyszczajacy-na-nos-wegiel-bambusowy\/#primaryimage\",\"url\":\"https:\/\/tiandeproducts.co.uk\/wp-content\/uploads\/2016\/04\/11325.png\",\"contentUrl\":\"https:\/\/tiandeproducts.co.uk\/wp-content\/uploads\/2016\/04\/11325.png\",\"width\":700,\"height\":700,\"caption\":\"\\\"Master Herb\\\" Bamboo Charcoal Nasal Cleansing Strip,1pc-0\"},{\"@type\":\"BreadcrumbList\",\"@id\":\"https:\/\/tiandeproducts.co.uk\/pl\/plaster-oczyszczajacy-na-nos-wegiel-bambusowy\/#breadcrumb\",\"itemListElement\":[{\"@type\":\"ListItem\",\"position\":1,\"name\":\"Home\",\"item\":\"https:\/\/tiandeproducts.co.uk\/pl\/\"},{\"@type\":\"ListItem\",\"position\":2,\"name\":\"Shop\",\"item\":\"https:\/\/tiandeproducts.co.uk\/pl\/shop-2\/\"},{\"@type\":\"ListItem\",\"position\":3,\"name\":\"Plaster oczyszczaj\u0105cy na nos W\u0119giel bambusowy,1 szt.\"}]},{\"@type\":\"WebSite\",\"@id\":\"https:\/\/tiandeproducts.co.uk\/#website\",\"url\":\"https:\/\/tiandeproducts.co.uk\/\",\"name\":\"TianDe Online Shop - Beauty & Health\",\"description\":\"Traditional Chinese Medicine\",\"potentialAction\":[{\"@type\":\"SearchAction\",\"target\":{\"@type\":\"EntryPoint\",\"urlTemplate\":\"https:\/\/tiandeproducts.co.uk\/?s={search_term_string}\"},\"query-input\":{\"@type\":\"PropertyValueSpecification\",\"valueRequired\":true,\"valueName\":\"search_term_string\"}}],\"inLanguage\":\"pl-PL\"}]}<\/script>\n<!-- \/ Yoast SEO plugin. -->","yoast_head_json":{"title":"Plaster oczyszczaj\u0105cy na nos W\u0119giel bambusowy,1 szt. - TianDe Online Shop - Beauty &amp; Health","robots":{"index":"index","follow":"follow","max-snippet":"max-snippet:-1","max-image-preview":"max-image-preview:large","max-video-preview":"max-video-preview:-1"},"canonical":"https:\/\/tiandeproducts.co.uk\/pl\/plaster-oczyszczajacy-na-nos-wegiel-bambusowy\/","og_locale":"pl_PL","og_type":"article","og_title":"Plaster oczyszczaj\u0105cy na nos W\u0119giel bambusowy,1 szt. - TianDe Online Shop - Beauty &amp; Health","og_description":"Posiada doskonale dzia\u0142anie absorbuj\u0105ce, delikatnie usuwa czarne kropki i zanieczyszczenia z powierzchni sk\u00f3ry, oczyszczaj\u0105c i zw\u0119\u017caj\u0105c pory. Tworz\u0105c efekt opatrunku, plaster stymuluje procesy metaboliczne w kom\u00f3rkach sk\u00f3ry dzi\u0119ki zawartym w nim aktywnym sk\u0142adnikom. Czyni sk\u00f3r\u0119 czyst\u0105 i \u015bwie\u017c\u0105. ZASTOSOWANIE: Zdejmij ochronn\u0105 pow\u0142oczk\u0119, przyklej plaster na wcze\u015bniej oczyszczon\u0105 i nawil\u017con\u0105 wod\u0105 obszar nosa. Upewnij si\u0119, \u017ce [...]","og_url":"https:\/\/tiandeproducts.co.uk\/pl\/plaster-oczyszczajacy-na-nos-wegiel-bambusowy\/","og_site_name":"TianDe Online Shop - Beauty &amp; Health","article_publisher":"https:\/\/www.facebook.com\/tiande.products.england\/","article_modified_time":"2020-03-01T15:05:33+00:00","og_image":[{"width":700,"height":700,"url":"https:\/\/tiandeproducts.co.uk\/wp-content\/uploads\/2016\/04\/11325.png","type":"image\/png"}],"twitter_card":"summary_large_image","schema":{"@context":"https:\/\/schema.org","@graph":[{"@type":"WebPage","@id":"https:\/\/tiandeproducts.co.uk\/pl\/plaster-oczyszczajacy-na-nos-wegiel-bambusowy\/","url":"https:\/\/tiandeproducts.co.uk\/pl\/plaster-oczyszczajacy-na-nos-wegiel-bambusowy\/","name":"Plaster oczyszczaj\u0105cy na nos W\u0119giel bambusowy,1 szt. - TianDe Online Shop - Beauty &amp; Health","isPartOf":{"@id":"https:\/\/tiandeproducts.co.uk\/#website"},"primaryImageOfPage":{"@id":"https:\/\/tiandeproducts.co.uk\/pl\/plaster-oczyszczajacy-na-nos-wegiel-bambusowy\/#primaryimage"},"image":{"@id":"https:\/\/tiandeproducts.co.uk\/pl\/plaster-oczyszczajacy-na-nos-wegiel-bambusowy\/#primaryimage"},"thumbnailUrl":"https:\/\/tiandeproducts.co.uk\/wp-content\/uploads\/2016\/04\/11325.png","datePublished":"2016-04-07T17:42:22+00:00","dateModified":"2020-03-01T15:05:33+00:00","breadcrumb":{"@id":"https:\/\/tiandeproducts.co.uk\/pl\/plaster-oczyszczajacy-na-nos-wegiel-bambusowy\/#breadcrumb"},"inLanguage":"pl-PL","potentialAction":[{"@type":"ReadAction","target":["https:\/\/tiandeproducts.co.uk\/pl\/plaster-oczyszczajacy-na-nos-wegiel-bambusowy\/"]}]},{"@type":"ImageObject","inLanguage":"pl-PL","@id":"https:\/\/tiandeproducts.co.uk\/pl\/plaster-oczyszczajacy-na-nos-wegiel-bambusowy\/#primaryimage","url":"https:\/\/tiandeproducts.co.uk\/wp-content\/uploads\/2016\/04\/11325.png","contentUrl":"https:\/\/tiandeproducts.co.uk\/wp-content\/uploads\/2016\/04\/11325.png","width":700,"height":700,"caption":"\"Master Herb\" Bamboo Charcoal Nasal Cleansing Strip,1pc-0"},{"@type":"BreadcrumbList","@id":"https:\/\/tiandeproducts.co.uk\/pl\/plaster-oczyszczajacy-na-nos-wegiel-bambusowy\/#breadcrumb","itemListElement":[{"@type":"ListItem","position":1,"name":"Home","item":"https:\/\/tiandeproducts.co.uk\/pl\/"},{"@type":"ListItem","position":2,"name":"Shop","item":"https:\/\/tiandeproducts.co.uk\/pl\/shop-2\/"},{"@type":"ListItem","position":3,"name":"Plaster oczyszczaj\u0105cy na nos W\u0119giel bambusowy,1 szt."}]},{"@type":"WebSite","@id":"https:\/\/tiandeproducts.co.uk\/#website","url":"https:\/\/tiandeproducts.co.uk\/","name":"TianDe Online Shop - Beauty & Health","description":"Traditional Chinese Medicine","potentialAction":[{"@type":"SearchAction","target":{"@type":"EntryPoint","urlTemplate":"https:\/\/tiandeproducts.co.uk\/?s={search_term_string}"},"query-input":{"@type":"PropertyValueSpecification","valueRequired":true,"valueName":"search_term_string"}}],"inLanguage":"pl-PL"}]}},"_links":{"self":[{"href":"https:\/\/tiandeproducts.co.uk\/pl\/wp-json\/wp\/v2\/product\/5707","targetHints":{"allow":["GET"]}}],"collection":[{"href":"https:\/\/tiandeproducts.co.uk\/pl\/wp-json\/wp\/v2\/product"}],"about":[{"href":"https:\/\/tiandeproducts.co.uk\/pl\/wp-json\/wp\/v2\/types\/product"}],"replies":[{"embeddable":true,"href":"https:\/\/tiandeproducts.co.uk\/pl\/wp-json\/wp\/v2\/comments?post=5707"}],"wp:featuredmedia":[{"embeddable":true,"href":"https:\/\/tiandeproducts.co.uk\/pl\/wp-json\/wp\/v2\/media\/853"}],"wp:attachment":[{"href":"https:\/\/tiandeproducts.co.uk\/pl\/wp-json\/wp\/v2\/media?parent=5707"}],"wp:term":[{"taxonomy":"product_cat","embeddable":true,"href":"https:\/\/tiandeproducts.co.uk\/pl\/wp-json\/wp\/v2\/product_cat?post=5707"},{"taxonomy":"product_tag","embeddable":true,"href":"https:\/\/tiandeproducts.co.uk\/pl\/wp-json\/wp\/v2\/product_tag?post=5707"}],"curies":[{"name":"wp","href":"https:\/\/api.w.org\/{rel}","templated":true}]}}