{"id":5699,"date":"2016-04-05T13:26:37","date_gmt":"2016-04-05T12:26:37","guid":{"rendered":"https:\/\/www.tiandeproducts.co.uk\/zel-czyszczacy-do-twarzy100g\/"},"modified":"2022-08-20T09:20:50","modified_gmt":"2022-08-20T08:20:50","slug":"zel-czyszczacy-do-twarzy100g","status":"publish","type":"product","link":"https:\/\/tiandeproducts.co.uk\/pl\/zel-czyszczacy-do-twarzy100g\/","title":{"rendered":"\u017bel czyszcz\u0105cy do twarzy,100g"},"content":{"rendered":"<div class=\"description\">\n<p>\u017bel jest stworzony specjalnie dla codziennego oczyszczenia t\u0142ustej sk\u00f3ry. Mi\u0119kko i skutecznie usuwa zanieczyszczenia i nadmiar sebum, nie wysuszaj\u0105c sk\u00f3ry. Normalizuje prac\u0119 gruczo\u0142\u00f3w \u0142ojowych, koi sk\u00f3r\u0119, usuwa zaczerwienienia, odbudowuje poziom pH. Tworzy lekk\u0105 pian\u0119, \u0142atwo si\u0119 zmywa.<\/p>\n<\/div>\n<div class=\"instruction\">\n<p><strong>ZASTOSOWANIE:<\/strong><\/p>\n<p>W d\u0142oniach zmieszaj niewielk\u0105 ilo\u015b\u0107 \u017celu z wod\u0105 a\u017c do powstania piany, nast\u0119pnie na\u0142\u00f3\u017c na sk\u00f3r\u0119 twarzy i szyi. Masuj przez 1-2 minuty, nast\u0119pnie zmyj wod\u0105. W celu osi\u0105gni\u0119cia najlepszych rezultat\u00f3w zaleca si\u0119 stosowa\u0107 w po\u0142aczeniu z innymi kosmetykami z linii Master Herb.<\/p>\n<\/div>\n","protected":false},"excerpt":{"rendered":"<p>\u017bel jest stworzony specjalnie dla codziennego oczyszczenia t\u0142ustej sk\u00f3ry. Mi\u0119kko i skutecznie usuwa zanieczyszczenia i nadmiar sebum, nie wysuszaj\u0105c sk\u00f3ry. Normalizuje prac\u0119 gruczo\u0142\u00f3w \u0142ojowych, koi sk\u00f3r\u0119, usuwa zaczerwienienia, odbudowuje poziom pH. Tworzy lekk\u0105 pian\u0119, \u0142atwo si\u0119 zmywa. ZASTOSOWANIE: W d\u0142oniach zmieszaj niewielk\u0105 ilo\u015b\u0107 \u017celu z wod\u0105 a\u017c do powstania piany, nast\u0119pnie na\u0142\u00f3\u017c na sk\u00f3r\u0119 twarzy [&#8230;]\n","protected":false},"featured_media":743,"comment_status":"closed","ping_status":"closed","template":"","meta":[],"product_cat":[746,880,877,749,758],"product_tag":[],"class_list":{"0":"post-5699","1":"product","2":"type-product","3":"status-publish","4":"has-post-thumbnail","6":"product_cat-do-twarzy","7":"product_cat-master-herb-przeciwtradzikowy","8":"product_cat-mycie-twarzy-i-peelingi","9":"product_cat-na-tradzik","10":"product_cat-problematyczna-skora","12":"first","13":"instock","14":"shipping-taxable","15":"purchasable","16":"product-type-simple"},"yoast_head":"<!-- This site is optimized with the Yoast SEO plugin v23.6 - https:\/\/yoast.com\/wordpress\/plugins\/seo\/ -->\n<title>\u017bel czyszcz\u0105cy do twarzy,100g - TianDe Online Shop - Beauty &amp; Health<\/title>\n<meta name=\"robots\" content=\"index, follow, max-snippet:-1, max-image-preview:large, max-video-preview:-1\" \/>\n<link rel=\"canonical\" href=\"https:\/\/tiandeproducts.co.uk\/pl\/zel-czyszczacy-do-twarzy100g\/\" \/>\n<meta property=\"og:locale\" content=\"pl_PL\" \/>\n<meta property=\"og:type\" content=\"article\" \/>\n<meta property=\"og:title\" content=\"\u017bel czyszcz\u0105cy do twarzy,100g - TianDe Online Shop - Beauty &amp; Health\" \/>\n<meta property=\"og:description\" content=\"\u017bel jest stworzony specjalnie dla codziennego oczyszczenia t\u0142ustej sk\u00f3ry. Mi\u0119kko i skutecznie usuwa zanieczyszczenia i nadmiar sebum, nie wysuszaj\u0105c sk\u00f3ry. Normalizuje prac\u0119 gruczo\u0142\u00f3w \u0142ojowych, koi sk\u00f3r\u0119, usuwa zaczerwienienia, odbudowuje poziom pH. Tworzy lekk\u0105 pian\u0119, \u0142atwo si\u0119 zmywa. ZASTOSOWANIE: W d\u0142oniach zmieszaj niewielk\u0105 ilo\u015b\u0107 \u017celu z wod\u0105 a\u017c do powstania piany, nast\u0119pnie na\u0142\u00f3\u017c na sk\u00f3r\u0119 twarzy [...]\" \/>\n<meta property=\"og:url\" content=\"https:\/\/tiandeproducts.co.uk\/pl\/zel-czyszczacy-do-twarzy100g\/\" \/>\n<meta property=\"og:site_name\" content=\"TianDe Online Shop - Beauty &amp; Health\" \/>\n<meta property=\"article:publisher\" content=\"https:\/\/www.facebook.com\/tiande.products.england\/\" \/>\n<meta property=\"article:modified_time\" content=\"2022-08-20T08:20:50+00:00\" \/>\n<meta property=\"og:image\" content=\"https:\/\/tiandeproducts.co.uk\/wp-content\/uploads\/2016\/04\/11319_1.png\" \/>\n\t<meta property=\"og:image:width\" content=\"700\" \/>\n\t<meta property=\"og:image:height\" content=\"700\" \/>\n\t<meta property=\"og:image:type\" content=\"image\/png\" \/>\n<meta name=\"twitter:card\" content=\"summary_large_image\" \/>\n<script type=\"application\/ld+json\" class=\"yoast-schema-graph\">{\"@context\":\"https:\/\/schema.org\",\"@graph\":[{\"@type\":\"WebPage\",\"@id\":\"https:\/\/tiandeproducts.co.uk\/pl\/zel-czyszczacy-do-twarzy100g\/\",\"url\":\"https:\/\/tiandeproducts.co.uk\/pl\/zel-czyszczacy-do-twarzy100g\/\",\"name\":\"\u017bel czyszcz\u0105cy do twarzy,100g - TianDe Online Shop - Beauty &amp; Health\",\"isPartOf\":{\"@id\":\"https:\/\/tiandeproducts.co.uk\/#website\"},\"primaryImageOfPage\":{\"@id\":\"https:\/\/tiandeproducts.co.uk\/pl\/zel-czyszczacy-do-twarzy100g\/#primaryimage\"},\"image\":{\"@id\":\"https:\/\/tiandeproducts.co.uk\/pl\/zel-czyszczacy-do-twarzy100g\/#primaryimage\"},\"thumbnailUrl\":\"https:\/\/tiandeproducts.co.uk\/wp-content\/uploads\/2016\/04\/11319_1.png\",\"datePublished\":\"2016-04-05T12:26:37+00:00\",\"dateModified\":\"2022-08-20T08:20:50+00:00\",\"breadcrumb\":{\"@id\":\"https:\/\/tiandeproducts.co.uk\/pl\/zel-czyszczacy-do-twarzy100g\/#breadcrumb\"},\"inLanguage\":\"pl-PL\",\"potentialAction\":[{\"@type\":\"ReadAction\",\"target\":[\"https:\/\/tiandeproducts.co.uk\/pl\/zel-czyszczacy-do-twarzy100g\/\"]}]},{\"@type\":\"ImageObject\",\"inLanguage\":\"pl-PL\",\"@id\":\"https:\/\/tiandeproducts.co.uk\/pl\/zel-czyszczacy-do-twarzy100g\/#primaryimage\",\"url\":\"https:\/\/tiandeproducts.co.uk\/wp-content\/uploads\/2016\/04\/11319_1.png\",\"contentUrl\":\"https:\/\/tiandeproducts.co.uk\/wp-content\/uploads\/2016\/04\/11319_1.png\",\"width\":700,\"height\":700,\"caption\":\"Master Herb Anti-Acne Deep Cleansing Facial Gel,100g-0\"},{\"@type\":\"BreadcrumbList\",\"@id\":\"https:\/\/tiandeproducts.co.uk\/pl\/zel-czyszczacy-do-twarzy100g\/#breadcrumb\",\"itemListElement\":[{\"@type\":\"ListItem\",\"position\":1,\"name\":\"Home\",\"item\":\"https:\/\/tiandeproducts.co.uk\/pl\/\"},{\"@type\":\"ListItem\",\"position\":2,\"name\":\"Shop\",\"item\":\"https:\/\/tiandeproducts.co.uk\/pl\/shop-2\/\"},{\"@type\":\"ListItem\",\"position\":3,\"name\":\"\u017bel czyszcz\u0105cy do twarzy,100g\"}]},{\"@type\":\"WebSite\",\"@id\":\"https:\/\/tiandeproducts.co.uk\/#website\",\"url\":\"https:\/\/tiandeproducts.co.uk\/\",\"name\":\"TianDe Online Shop - Beauty & Health\",\"description\":\"Traditional Chinese Medicine\",\"potentialAction\":[{\"@type\":\"SearchAction\",\"target\":{\"@type\":\"EntryPoint\",\"urlTemplate\":\"https:\/\/tiandeproducts.co.uk\/?s={search_term_string}\"},\"query-input\":{\"@type\":\"PropertyValueSpecification\",\"valueRequired\":true,\"valueName\":\"search_term_string\"}}],\"inLanguage\":\"pl-PL\"}]}<\/script>\n<!-- \/ Yoast SEO plugin. -->","yoast_head_json":{"title":"\u017bel czyszcz\u0105cy do twarzy,100g - TianDe Online Shop - Beauty &amp; Health","robots":{"index":"index","follow":"follow","max-snippet":"max-snippet:-1","max-image-preview":"max-image-preview:large","max-video-preview":"max-video-preview:-1"},"canonical":"https:\/\/tiandeproducts.co.uk\/pl\/zel-czyszczacy-do-twarzy100g\/","og_locale":"pl_PL","og_type":"article","og_title":"\u017bel czyszcz\u0105cy do twarzy,100g - TianDe Online Shop - Beauty &amp; Health","og_description":"\u017bel jest stworzony specjalnie dla codziennego oczyszczenia t\u0142ustej sk\u00f3ry. Mi\u0119kko i skutecznie usuwa zanieczyszczenia i nadmiar sebum, nie wysuszaj\u0105c sk\u00f3ry. Normalizuje prac\u0119 gruczo\u0142\u00f3w \u0142ojowych, koi sk\u00f3r\u0119, usuwa zaczerwienienia, odbudowuje poziom pH. Tworzy lekk\u0105 pian\u0119, \u0142atwo si\u0119 zmywa. ZASTOSOWANIE: W d\u0142oniach zmieszaj niewielk\u0105 ilo\u015b\u0107 \u017celu z wod\u0105 a\u017c do powstania piany, nast\u0119pnie na\u0142\u00f3\u017c na sk\u00f3r\u0119 twarzy [...]","og_url":"https:\/\/tiandeproducts.co.uk\/pl\/zel-czyszczacy-do-twarzy100g\/","og_site_name":"TianDe Online Shop - Beauty &amp; Health","article_publisher":"https:\/\/www.facebook.com\/tiande.products.england\/","article_modified_time":"2022-08-20T08:20:50+00:00","og_image":[{"width":700,"height":700,"url":"https:\/\/tiandeproducts.co.uk\/wp-content\/uploads\/2016\/04\/11319_1.png","type":"image\/png"}],"twitter_card":"summary_large_image","schema":{"@context":"https:\/\/schema.org","@graph":[{"@type":"WebPage","@id":"https:\/\/tiandeproducts.co.uk\/pl\/zel-czyszczacy-do-twarzy100g\/","url":"https:\/\/tiandeproducts.co.uk\/pl\/zel-czyszczacy-do-twarzy100g\/","name":"\u017bel czyszcz\u0105cy do twarzy,100g - TianDe Online Shop - Beauty &amp; Health","isPartOf":{"@id":"https:\/\/tiandeproducts.co.uk\/#website"},"primaryImageOfPage":{"@id":"https:\/\/tiandeproducts.co.uk\/pl\/zel-czyszczacy-do-twarzy100g\/#primaryimage"},"image":{"@id":"https:\/\/tiandeproducts.co.uk\/pl\/zel-czyszczacy-do-twarzy100g\/#primaryimage"},"thumbnailUrl":"https:\/\/tiandeproducts.co.uk\/wp-content\/uploads\/2016\/04\/11319_1.png","datePublished":"2016-04-05T12:26:37+00:00","dateModified":"2022-08-20T08:20:50+00:00","breadcrumb":{"@id":"https:\/\/tiandeproducts.co.uk\/pl\/zel-czyszczacy-do-twarzy100g\/#breadcrumb"},"inLanguage":"pl-PL","potentialAction":[{"@type":"ReadAction","target":["https:\/\/tiandeproducts.co.uk\/pl\/zel-czyszczacy-do-twarzy100g\/"]}]},{"@type":"ImageObject","inLanguage":"pl-PL","@id":"https:\/\/tiandeproducts.co.uk\/pl\/zel-czyszczacy-do-twarzy100g\/#primaryimage","url":"https:\/\/tiandeproducts.co.uk\/wp-content\/uploads\/2016\/04\/11319_1.png","contentUrl":"https:\/\/tiandeproducts.co.uk\/wp-content\/uploads\/2016\/04\/11319_1.png","width":700,"height":700,"caption":"Master Herb Anti-Acne Deep Cleansing Facial Gel,100g-0"},{"@type":"BreadcrumbList","@id":"https:\/\/tiandeproducts.co.uk\/pl\/zel-czyszczacy-do-twarzy100g\/#breadcrumb","itemListElement":[{"@type":"ListItem","position":1,"name":"Home","item":"https:\/\/tiandeproducts.co.uk\/pl\/"},{"@type":"ListItem","position":2,"name":"Shop","item":"https:\/\/tiandeproducts.co.uk\/pl\/shop-2\/"},{"@type":"ListItem","position":3,"name":"\u017bel czyszcz\u0105cy do twarzy,100g"}]},{"@type":"WebSite","@id":"https:\/\/tiandeproducts.co.uk\/#website","url":"https:\/\/tiandeproducts.co.uk\/","name":"TianDe Online Shop - Beauty & Health","description":"Traditional Chinese Medicine","potentialAction":[{"@type":"SearchAction","target":{"@type":"EntryPoint","urlTemplate":"https:\/\/tiandeproducts.co.uk\/?s={search_term_string}"},"query-input":{"@type":"PropertyValueSpecification","valueRequired":true,"valueName":"search_term_string"}}],"inLanguage":"pl-PL"}]}},"_links":{"self":[{"href":"https:\/\/tiandeproducts.co.uk\/pl\/wp-json\/wp\/v2\/product\/5699","targetHints":{"allow":["GET"]}}],"collection":[{"href":"https:\/\/tiandeproducts.co.uk\/pl\/wp-json\/wp\/v2\/product"}],"about":[{"href":"https:\/\/tiandeproducts.co.uk\/pl\/wp-json\/wp\/v2\/types\/product"}],"replies":[{"embeddable":true,"href":"https:\/\/tiandeproducts.co.uk\/pl\/wp-json\/wp\/v2\/comments?post=5699"}],"wp:featuredmedia":[{"embeddable":true,"href":"https:\/\/tiandeproducts.co.uk\/pl\/wp-json\/wp\/v2\/media\/743"}],"wp:attachment":[{"href":"https:\/\/tiandeproducts.co.uk\/pl\/wp-json\/wp\/v2\/media?parent=5699"}],"wp:term":[{"taxonomy":"product_cat","embeddable":true,"href":"https:\/\/tiandeproducts.co.uk\/pl\/wp-json\/wp\/v2\/product_cat?post=5699"},{"taxonomy":"product_tag","embeddable":true,"href":"https:\/\/tiandeproducts.co.uk\/pl\/wp-json\/wp\/v2\/product_tag?post=5699"}],"curies":[{"name":"wp","href":"https:\/\/api.w.org\/{rel}","templated":true}]}}