{"id":5671,"date":"2016-04-19T20:41:09","date_gmt":"2016-04-19T19:41:09","guid":{"rendered":"https:\/\/www.tiandeproducts.co.uk\/tonujacy-krem-do-twarzy50g\/"},"modified":"2022-03-22T09:21:39","modified_gmt":"2022-03-22T09:21:39","slug":"tonujacy-krem-do-twarzy50g","status":"publish","type":"product","link":"https:\/\/tiandeproducts.co.uk\/pl\/tonujacy-krem-do-twarzy50g\/","title":{"rendered":"Tonuj\u0105cy krem do twarzy,50g"},"content":{"rendered":"<div class=\"description\">\n<p>\u0141\u0105czy w sobie jednocze\u015bnie w\u0142a\u015bciwo\u015bci korekta i od\u017cywczego kremu: wyr\u00f3wnuje kolor, maskuje niedoskona\u0142o\u015bci, zapewniaj\u0105c sk\u00f3rze \u015bwie\u017cy wygl\u0105d. Doskonale nawil\u017ca, chroni sk\u00f3r\u0119 przed negatywnym czynnikiem \u015brodowiska. Nadaje twarzy aksamitno\u015b\u0107 i delikatny odcie\u0144.<\/p>\n<p>Kosmetyki linii Sheep Placenta zawieraj\u0105 ekstrakty z placenty wraz z unikatowym naturalnym kompleksem biologicznie aktywnych sk\u0142adnik\u00f3w, kt\u00f3re pomagaj\u0105 starzej\u0105cym si\u0119 kom\u00f3rkom sk\u00f3ry &#8222;przypomnie\u0107 m\u0142ode czasy&#8221; i &#8211; niczym niemowl\u0119 &#8211; otrzymywa\u0107 pokarm &#8222;z \u0142y\u017ceczki&#8221;, kt\u00f3ry jest niezb\u0119dny dla aktywnego podzia\u0142u i rozwoju.<\/p>\n<p>Kosmetyki na bazie \u0142o\u017cyska zaleca si\u0119 stosowa\u0107 od 35 roku \u017cycia.<\/p>\n<\/div>\n<div class=\"instruction\">\n<p><strong>ZASTOSOWANIE:<\/strong><\/p>\n<p>Na\u0142\u00f3\u017c krem na wcze\u015bniej oczyszczon\u0105 sk\u00f3r\u0119 twarzy i szyi.<\/p>\n<\/div>\n","protected":false},"excerpt":{"rendered":"<p>\u0141\u0105czy w sobie jednocze\u015bnie w\u0142a\u015bciwo\u015bci korekta i od\u017cywczego kremu: wyr\u00f3wnuje kolor, maskuje niedoskona\u0142o\u015bci, zapewniaj\u0105c sk\u00f3rze \u015bwie\u017cy wygl\u0105d. Doskonale nawil\u017ca, chroni sk\u00f3r\u0119 przed negatywnym czynnikiem \u015brodowiska. Nadaje twarzy aksamitno\u015b\u0107 i delikatny odcie\u0144. Kosmetyki linii Sheep Placenta zawieraj\u0105 ekstrakty z placenty wraz z unikatowym naturalnym kompleksem biologicznie aktywnych sk\u0142adnik\u00f3w, kt\u00f3re pomagaj\u0105 starzej\u0105cym si\u0119 kom\u00f3rkom sk\u00f3ry &#8222;przypomnie\u0107 m\u0142ode [&#8230;]\n","protected":false},"featured_media":2725,"comment_status":"closed","ping_status":"closed","template":"","meta":[],"product_cat":[896,816,595,891],"product_tag":[],"class_list":{"0":"post-5671","1":"product","2":"type-product","3":"status-publish","4":"has-post-thumbnail","6":"product_cat-kremowy-puder","7":"product_cat-makijaz-pl","8":"product_cat-sheep-placenta-pl","9":"product_cat-twarz","11":"first","12":"instock","13":"shipping-taxable","14":"purchasable","15":"product-type-variable"},"yoast_head":"<!-- This site is optimized with the Yoast SEO plugin v23.6 - https:\/\/yoast.com\/wordpress\/plugins\/seo\/ -->\n<title>Tonuj\u0105cy krem do twarzy,50g - TianDe Online Shop - Beauty &amp; Health<\/title>\n<meta name=\"robots\" content=\"index, follow, max-snippet:-1, max-image-preview:large, max-video-preview:-1\" \/>\n<link rel=\"canonical\" href=\"https:\/\/tiandeproducts.co.uk\/pl\/tonujacy-krem-do-twarzy50g\/\" \/>\n<meta property=\"og:locale\" content=\"pl_PL\" \/>\n<meta property=\"og:type\" content=\"article\" \/>\n<meta property=\"og:title\" content=\"Tonuj\u0105cy krem do twarzy,50g - TianDe Online Shop - Beauty &amp; Health\" \/>\n<meta property=\"og:description\" content=\"\u0141\u0105czy w sobie jednocze\u015bnie w\u0142a\u015bciwo\u015bci korekta i od\u017cywczego kremu: wyr\u00f3wnuje kolor, maskuje niedoskona\u0142o\u015bci, zapewniaj\u0105c sk\u00f3rze \u015bwie\u017cy wygl\u0105d. Doskonale nawil\u017ca, chroni sk\u00f3r\u0119 przed negatywnym czynnikiem \u015brodowiska. Nadaje twarzy aksamitno\u015b\u0107 i delikatny odcie\u0144. Kosmetyki linii Sheep Placenta zawieraj\u0105 ekstrakty z placenty wraz z unikatowym naturalnym kompleksem biologicznie aktywnych sk\u0142adnik\u00f3w, kt\u00f3re pomagaj\u0105 starzej\u0105cym si\u0119 kom\u00f3rkom sk\u00f3ry &#8222;przypomnie\u0107 m\u0142ode [...]\" \/>\n<meta property=\"og:url\" content=\"https:\/\/tiandeproducts.co.uk\/pl\/tonujacy-krem-do-twarzy50g\/\" \/>\n<meta property=\"og:site_name\" content=\"TianDe Online Shop - Beauty &amp; Health\" \/>\n<meta property=\"article:publisher\" content=\"https:\/\/www.facebook.com\/tiande.products.england\/\" \/>\n<meta property=\"article:modified_time\" content=\"2022-03-22T09:21:39+00:00\" \/>\n<meta property=\"og:image\" content=\"https:\/\/tiandeproducts.co.uk\/wp-content\/uploads\/10305_\u0431\u0430\u043d\u043a\u0430.png\" \/>\n\t<meta property=\"og:image:width\" content=\"700\" \/>\n\t<meta property=\"og:image:height\" content=\"700\" \/>\n\t<meta property=\"og:image:type\" content=\"image\/png\" \/>\n<meta name=\"twitter:card\" content=\"summary_large_image\" \/>\n<meta name=\"twitter:label1\" content=\"Szacowany czas czytania\" \/>\n\t<meta name=\"twitter:data1\" content=\"1 minuta\" \/>\n<script type=\"application\/ld+json\" class=\"yoast-schema-graph\">{\"@context\":\"https:\/\/schema.org\",\"@graph\":[{\"@type\":\"WebPage\",\"@id\":\"https:\/\/tiandeproducts.co.uk\/pl\/tonujacy-krem-do-twarzy50g\/\",\"url\":\"https:\/\/tiandeproducts.co.uk\/pl\/tonujacy-krem-do-twarzy50g\/\",\"name\":\"Tonuj\u0105cy krem do twarzy,50g - TianDe Online Shop - Beauty &amp; Health\",\"isPartOf\":{\"@id\":\"https:\/\/tiandeproducts.co.uk\/#website\"},\"primaryImageOfPage\":{\"@id\":\"https:\/\/tiandeproducts.co.uk\/pl\/tonujacy-krem-do-twarzy50g\/#primaryimage\"},\"image\":{\"@id\":\"https:\/\/tiandeproducts.co.uk\/pl\/tonujacy-krem-do-twarzy50g\/#primaryimage\"},\"thumbnailUrl\":\"https:\/\/tiandeproducts.co.uk\/wp-content\/uploads\/10305_\u0431\u0430\u043d\u043a\u0430.png\",\"datePublished\":\"2016-04-19T19:41:09+00:00\",\"dateModified\":\"2022-03-22T09:21:39+00:00\",\"breadcrumb\":{\"@id\":\"https:\/\/tiandeproducts.co.uk\/pl\/tonujacy-krem-do-twarzy50g\/#breadcrumb\"},\"inLanguage\":\"pl-PL\",\"potentialAction\":[{\"@type\":\"ReadAction\",\"target\":[\"https:\/\/tiandeproducts.co.uk\/pl\/tonujacy-krem-do-twarzy50g\/\"]}]},{\"@type\":\"ImageObject\",\"inLanguage\":\"pl-PL\",\"@id\":\"https:\/\/tiandeproducts.co.uk\/pl\/tonujacy-krem-do-twarzy50g\/#primaryimage\",\"url\":\"https:\/\/tiandeproducts.co.uk\/wp-content\/uploads\/10305_\u0431\u0430\u043d\u043a\u0430.png\",\"contentUrl\":\"https:\/\/tiandeproducts.co.uk\/wp-content\/uploads\/10305_\u0431\u0430\u043d\u043a\u0430.png\",\"width\":700,\"height\":700},{\"@type\":\"BreadcrumbList\",\"@id\":\"https:\/\/tiandeproducts.co.uk\/pl\/tonujacy-krem-do-twarzy50g\/#breadcrumb\",\"itemListElement\":[{\"@type\":\"ListItem\",\"position\":1,\"name\":\"Home\",\"item\":\"https:\/\/tiandeproducts.co.uk\/pl\/\"},{\"@type\":\"ListItem\",\"position\":2,\"name\":\"Shop\",\"item\":\"https:\/\/tiandeproducts.co.uk\/pl\/shop-2\/\"},{\"@type\":\"ListItem\",\"position\":3,\"name\":\"Tonuj\u0105cy krem do twarzy,50g\"}]},{\"@type\":\"WebSite\",\"@id\":\"https:\/\/tiandeproducts.co.uk\/#website\",\"url\":\"https:\/\/tiandeproducts.co.uk\/\",\"name\":\"TianDe Online Shop - Beauty & Health\",\"description\":\"Traditional Chinese Medicine\",\"potentialAction\":[{\"@type\":\"SearchAction\",\"target\":{\"@type\":\"EntryPoint\",\"urlTemplate\":\"https:\/\/tiandeproducts.co.uk\/?s={search_term_string}\"},\"query-input\":{\"@type\":\"PropertyValueSpecification\",\"valueRequired\":true,\"valueName\":\"search_term_string\"}}],\"inLanguage\":\"pl-PL\"}]}<\/script>\n<!-- \/ Yoast SEO plugin. -->","yoast_head_json":{"title":"Tonuj\u0105cy krem do twarzy,50g - TianDe Online Shop - Beauty &amp; Health","robots":{"index":"index","follow":"follow","max-snippet":"max-snippet:-1","max-image-preview":"max-image-preview:large","max-video-preview":"max-video-preview:-1"},"canonical":"https:\/\/tiandeproducts.co.uk\/pl\/tonujacy-krem-do-twarzy50g\/","og_locale":"pl_PL","og_type":"article","og_title":"Tonuj\u0105cy krem do twarzy,50g - TianDe Online Shop - Beauty &amp; Health","og_description":"\u0141\u0105czy w sobie jednocze\u015bnie w\u0142a\u015bciwo\u015bci korekta i od\u017cywczego kremu: wyr\u00f3wnuje kolor, maskuje niedoskona\u0142o\u015bci, zapewniaj\u0105c sk\u00f3rze \u015bwie\u017cy wygl\u0105d. Doskonale nawil\u017ca, chroni sk\u00f3r\u0119 przed negatywnym czynnikiem \u015brodowiska. Nadaje twarzy aksamitno\u015b\u0107 i delikatny odcie\u0144. Kosmetyki linii Sheep Placenta zawieraj\u0105 ekstrakty z placenty wraz z unikatowym naturalnym kompleksem biologicznie aktywnych sk\u0142adnik\u00f3w, kt\u00f3re pomagaj\u0105 starzej\u0105cym si\u0119 kom\u00f3rkom sk\u00f3ry &#8222;przypomnie\u0107 m\u0142ode [...]","og_url":"https:\/\/tiandeproducts.co.uk\/pl\/tonujacy-krem-do-twarzy50g\/","og_site_name":"TianDe Online Shop - Beauty &amp; Health","article_publisher":"https:\/\/www.facebook.com\/tiande.products.england\/","article_modified_time":"2022-03-22T09:21:39+00:00","og_image":[{"width":700,"height":700,"url":"https:\/\/tiandeproducts.co.uk\/wp-content\/uploads\/10305_\u0431\u0430\u043d\u043a\u0430.png","type":"image\/png"}],"twitter_card":"summary_large_image","twitter_misc":{"Szacowany czas czytania":"1 minuta"},"schema":{"@context":"https:\/\/schema.org","@graph":[{"@type":"WebPage","@id":"https:\/\/tiandeproducts.co.uk\/pl\/tonujacy-krem-do-twarzy50g\/","url":"https:\/\/tiandeproducts.co.uk\/pl\/tonujacy-krem-do-twarzy50g\/","name":"Tonuj\u0105cy krem do twarzy,50g - TianDe Online Shop - Beauty &amp; Health","isPartOf":{"@id":"https:\/\/tiandeproducts.co.uk\/#website"},"primaryImageOfPage":{"@id":"https:\/\/tiandeproducts.co.uk\/pl\/tonujacy-krem-do-twarzy50g\/#primaryimage"},"image":{"@id":"https:\/\/tiandeproducts.co.uk\/pl\/tonujacy-krem-do-twarzy50g\/#primaryimage"},"thumbnailUrl":"https:\/\/tiandeproducts.co.uk\/wp-content\/uploads\/10305_\u0431\u0430\u043d\u043a\u0430.png","datePublished":"2016-04-19T19:41:09+00:00","dateModified":"2022-03-22T09:21:39+00:00","breadcrumb":{"@id":"https:\/\/tiandeproducts.co.uk\/pl\/tonujacy-krem-do-twarzy50g\/#breadcrumb"},"inLanguage":"pl-PL","potentialAction":[{"@type":"ReadAction","target":["https:\/\/tiandeproducts.co.uk\/pl\/tonujacy-krem-do-twarzy50g\/"]}]},{"@type":"ImageObject","inLanguage":"pl-PL","@id":"https:\/\/tiandeproducts.co.uk\/pl\/tonujacy-krem-do-twarzy50g\/#primaryimage","url":"https:\/\/tiandeproducts.co.uk\/wp-content\/uploads\/10305_\u0431\u0430\u043d\u043a\u0430.png","contentUrl":"https:\/\/tiandeproducts.co.uk\/wp-content\/uploads\/10305_\u0431\u0430\u043d\u043a\u0430.png","width":700,"height":700},{"@type":"BreadcrumbList","@id":"https:\/\/tiandeproducts.co.uk\/pl\/tonujacy-krem-do-twarzy50g\/#breadcrumb","itemListElement":[{"@type":"ListItem","position":1,"name":"Home","item":"https:\/\/tiandeproducts.co.uk\/pl\/"},{"@type":"ListItem","position":2,"name":"Shop","item":"https:\/\/tiandeproducts.co.uk\/pl\/shop-2\/"},{"@type":"ListItem","position":3,"name":"Tonuj\u0105cy krem do twarzy,50g"}]},{"@type":"WebSite","@id":"https:\/\/tiandeproducts.co.uk\/#website","url":"https:\/\/tiandeproducts.co.uk\/","name":"TianDe Online Shop - Beauty & Health","description":"Traditional Chinese Medicine","potentialAction":[{"@type":"SearchAction","target":{"@type":"EntryPoint","urlTemplate":"https:\/\/tiandeproducts.co.uk\/?s={search_term_string}"},"query-input":{"@type":"PropertyValueSpecification","valueRequired":true,"valueName":"search_term_string"}}],"inLanguage":"pl-PL"}]}},"_links":{"self":[{"href":"https:\/\/tiandeproducts.co.uk\/pl\/wp-json\/wp\/v2\/product\/5671","targetHints":{"allow":["GET"]}}],"collection":[{"href":"https:\/\/tiandeproducts.co.uk\/pl\/wp-json\/wp\/v2\/product"}],"about":[{"href":"https:\/\/tiandeproducts.co.uk\/pl\/wp-json\/wp\/v2\/types\/product"}],"replies":[{"embeddable":true,"href":"https:\/\/tiandeproducts.co.uk\/pl\/wp-json\/wp\/v2\/comments?post=5671"}],"wp:featuredmedia":[{"embeddable":true,"href":"https:\/\/tiandeproducts.co.uk\/pl\/wp-json\/wp\/v2\/media\/2725"}],"wp:attachment":[{"href":"https:\/\/tiandeproducts.co.uk\/pl\/wp-json\/wp\/v2\/media?parent=5671"}],"wp:term":[{"taxonomy":"product_cat","embeddable":true,"href":"https:\/\/tiandeproducts.co.uk\/pl\/wp-json\/wp\/v2\/product_cat?post=5671"},{"taxonomy":"product_tag","embeddable":true,"href":"https:\/\/tiandeproducts.co.uk\/pl\/wp-json\/wp\/v2\/product_tag?post=5671"}],"curies":[{"name":"wp","href":"https:\/\/api.w.org\/{rel}","templated":true}]}}