{"id":5667,"date":"2016-04-20T13:37:24","date_gmt":"2016-04-20T12:37:24","guid":{"rendered":"https:\/\/www.tiandeproducts.co.uk\/intensywnie-nawilzajaca-maseczka-na-twarz-i-szyje-kwas-hialuronowy35g\/"},"modified":"2020-03-01T15:02:19","modified_gmt":"2020-03-01T15:02:19","slug":"intensywnie-nawilzajaca-maseczka-na-twarz-i-szyje-kwas-hialuronowy35g","status":"publish","type":"product","link":"https:\/\/tiandeproducts.co.uk\/pl\/intensywnie-nawilzajaca-maseczka-na-twarz-i-szyje-kwas-hialuronowy35g\/","title":{"rendered":"Intensywnie nawil\u017caj\u0105ca maseczka na twarz i szyj\u0119 Kwas hialuronowy,35g"},"content":{"rendered":"<div class=\"description\">\n<p>Doskonale nawil\u017ca i tonizuje sk\u00f3r\u0119, niweluje uczucie sucho\u015bci i \u015bci\u0105gni\u0119cia. Odbudowuje ochronn\u0105 warstw\u0119 nask\u00f3rka, poprawia struktur\u0119 i turgor sk\u00f3ry. Przywraca poczucie komfortu i g\u0142adko\u015bci sk\u00f3ry twarzy.<\/p>\n<p>Idealny \u015brodek dla suchej sk\u00f3ry, pasuje do ka\u017cdego wieku w takich momentach, kiedy sk\u00f3ra jest \u201espragniona\u201d. Maska \u2013 to prawdziwy ratunek przed suchym powietrzem. Nawet jednokrotne jej zastosowanie przynosi wyra\u017an\u0105 ulg\u0119. Sk\u00f3ra b\u0142yskawicznie si\u0119 nawil\u017ca, a przy systematycznym stosowaniu b\u0119dziesz mog\u0142a na d\u0142ugo zachowa\u0107 m\u0142odo\u015b\u0107 sk\u00f3ry.<\/p>\n<\/div>\n<div class=\"instruction\">\n<p><strong>ZASTOSOWANIE:<\/strong><\/p>\n<p>Na oczyszczon\u0105 sk\u00f3r\u0119 wok\u00f3\u0142 oczu na\u0142\u00f3\u017c mask\u0119 na 15-20 minut, nast\u0119pnie usu\u0144 j\u0105, pozosta\u0142o\u015bci zmyj wod\u0105.<\/p>\n<\/div>\n","protected":false},"excerpt":{"rendered":"<p>Doskonale nawil\u017ca i tonizuje sk\u00f3r\u0119, niweluje uczucie sucho\u015bci i \u015bci\u0105gni\u0119cia. Odbudowuje ochronn\u0105 warstw\u0119 nask\u00f3rka, poprawia struktur\u0119 i turgor sk\u00f3ry. Przywraca poczucie komfortu i g\u0142adko\u015bci sk\u00f3ry twarzy. Idealny \u015brodek dla suchej sk\u00f3ry, pasuje do ka\u017cdego wieku w takich momentach, kiedy sk\u00f3ra jest \u201espragniona\u201d. Maska \u2013 to prawdziwy ratunek przed suchym powietrzem. Nawet jednokrotne jej zastosowanie przynosi [&#8230;]\n","protected":false},"featured_media":1021,"comment_status":"closed","ping_status":"closed","template":"","meta":[],"product_cat":[746,769,754,901,750,753,585,830],"product_tag":[],"class_list":{"0":"post-5667","1":"product","2":"type-product","3":"status-publish","4":"has-post-thumbnail","6":"product_cat-do-twarzy","7":"product_cat-maseczki-na-twarz","8":"product_cat-nawilzajacy","9":"product_cat-nawodnienie-i-odzywienie","10":"product_cat-odwodniona-skora","11":"product_cat-podnoszenie","12":"product_cat-pro-comfort-pl","13":"product_cat-promocje","15":"first","16":"outofstock","17":"shipping-taxable","18":"purchasable","19":"product-type-simple"},"yoast_head":"<!-- This site is optimized with the Yoast SEO plugin v23.6 - https:\/\/yoast.com\/wordpress\/plugins\/seo\/ -->\n<title>Intensywnie nawil\u017caj\u0105ca maseczka na twarz i szyj\u0119 Kwas hialuronowy,35g - TianDe Online Shop - Beauty &amp; Health<\/title>\n<meta name=\"robots\" content=\"index, follow, max-snippet:-1, max-image-preview:large, max-video-preview:-1\" \/>\n<link rel=\"canonical\" href=\"https:\/\/tiandeproducts.co.uk\/pl\/intensywnie-nawilzajaca-maseczka-na-twarz-i-szyje-kwas-hialuronowy35g\/\" \/>\n<meta property=\"og:locale\" content=\"pl_PL\" \/>\n<meta property=\"og:type\" content=\"article\" \/>\n<meta property=\"og:title\" content=\"Intensywnie nawil\u017caj\u0105ca maseczka na twarz i szyj\u0119 Kwas hialuronowy,35g - TianDe Online Shop - Beauty &amp; Health\" \/>\n<meta property=\"og:description\" content=\"Doskonale nawil\u017ca i tonizuje sk\u00f3r\u0119, niweluje uczucie sucho\u015bci i \u015bci\u0105gni\u0119cia. Odbudowuje ochronn\u0105 warstw\u0119 nask\u00f3rka, poprawia struktur\u0119 i turgor sk\u00f3ry. Przywraca poczucie komfortu i g\u0142adko\u015bci sk\u00f3ry twarzy. Idealny \u015brodek dla suchej sk\u00f3ry, pasuje do ka\u017cdego wieku w takich momentach, kiedy sk\u00f3ra jest \u201espragniona\u201d. Maska \u2013 to prawdziwy ratunek przed suchym powietrzem. Nawet jednokrotne jej zastosowanie przynosi [...]\" \/>\n<meta property=\"og:url\" content=\"https:\/\/tiandeproducts.co.uk\/pl\/intensywnie-nawilzajaca-maseczka-na-twarz-i-szyje-kwas-hialuronowy35g\/\" \/>\n<meta property=\"og:site_name\" content=\"TianDe Online Shop - Beauty &amp; Health\" \/>\n<meta property=\"article:publisher\" content=\"https:\/\/www.facebook.com\/tiande.products.england\/\" \/>\n<meta property=\"article:modified_time\" content=\"2020-03-01T15:02:19+00:00\" \/>\n<meta property=\"og:image\" content=\"https:\/\/tiandeproducts.co.uk\/wp-content\/uploads\/2016\/04\/52901_new.png\" \/>\n\t<meta property=\"og:image:width\" content=\"700\" \/>\n\t<meta property=\"og:image:height\" content=\"700\" \/>\n\t<meta property=\"og:image:type\" content=\"image\/png\" \/>\n<meta name=\"twitter:card\" content=\"summary_large_image\" \/>\n<meta name=\"twitter:label1\" content=\"Szacowany czas czytania\" \/>\n\t<meta name=\"twitter:data1\" content=\"1 minuta\" \/>\n<script type=\"application\/ld+json\" class=\"yoast-schema-graph\">{\"@context\":\"https:\/\/schema.org\",\"@graph\":[{\"@type\":\"WebPage\",\"@id\":\"https:\/\/tiandeproducts.co.uk\/pl\/intensywnie-nawilzajaca-maseczka-na-twarz-i-szyje-kwas-hialuronowy35g\/\",\"url\":\"https:\/\/tiandeproducts.co.uk\/pl\/intensywnie-nawilzajaca-maseczka-na-twarz-i-szyje-kwas-hialuronowy35g\/\",\"name\":\"Intensywnie nawil\u017caj\u0105ca maseczka na twarz i szyj\u0119 Kwas hialuronowy,35g - TianDe Online Shop - Beauty &amp; Health\",\"isPartOf\":{\"@id\":\"https:\/\/tiandeproducts.co.uk\/#website\"},\"primaryImageOfPage\":{\"@id\":\"https:\/\/tiandeproducts.co.uk\/pl\/intensywnie-nawilzajaca-maseczka-na-twarz-i-szyje-kwas-hialuronowy35g\/#primaryimage\"},\"image\":{\"@id\":\"https:\/\/tiandeproducts.co.uk\/pl\/intensywnie-nawilzajaca-maseczka-na-twarz-i-szyje-kwas-hialuronowy35g\/#primaryimage\"},\"thumbnailUrl\":\"https:\/\/tiandeproducts.co.uk\/wp-content\/uploads\/2016\/04\/52901_new.png\",\"datePublished\":\"2016-04-20T12:37:24+00:00\",\"dateModified\":\"2020-03-01T15:02:19+00:00\",\"breadcrumb\":{\"@id\":\"https:\/\/tiandeproducts.co.uk\/pl\/intensywnie-nawilzajaca-maseczka-na-twarz-i-szyje-kwas-hialuronowy35g\/#breadcrumb\"},\"inLanguage\":\"pl-PL\",\"potentialAction\":[{\"@type\":\"ReadAction\",\"target\":[\"https:\/\/tiandeproducts.co.uk\/pl\/intensywnie-nawilzajaca-maseczka-na-twarz-i-szyje-kwas-hialuronowy35g\/\"]}]},{\"@type\":\"ImageObject\",\"inLanguage\":\"pl-PL\",\"@id\":\"https:\/\/tiandeproducts.co.uk\/pl\/intensywnie-nawilzajaca-maseczka-na-twarz-i-szyje-kwas-hialuronowy35g\/#primaryimage\",\"url\":\"https:\/\/tiandeproducts.co.uk\/wp-content\/uploads\/2016\/04\/52901_new.png\",\"contentUrl\":\"https:\/\/tiandeproducts.co.uk\/wp-content\/uploads\/2016\/04\/52901_new.png\",\"width\":700,\"height\":700,\"caption\":\"Hyaluronic Acid Hydro Intensive Face and Neck Mask,1pc-0\"},{\"@type\":\"BreadcrumbList\",\"@id\":\"https:\/\/tiandeproducts.co.uk\/pl\/intensywnie-nawilzajaca-maseczka-na-twarz-i-szyje-kwas-hialuronowy35g\/#breadcrumb\",\"itemListElement\":[{\"@type\":\"ListItem\",\"position\":1,\"name\":\"Home\",\"item\":\"https:\/\/tiandeproducts.co.uk\/pl\/\"},{\"@type\":\"ListItem\",\"position\":2,\"name\":\"Shop\",\"item\":\"https:\/\/tiandeproducts.co.uk\/pl\/shop-2\/\"},{\"@type\":\"ListItem\",\"position\":3,\"name\":\"Intensywnie nawil\u017caj\u0105ca maseczka na twarz i szyj\u0119 Kwas hialuronowy,35g\"}]},{\"@type\":\"WebSite\",\"@id\":\"https:\/\/tiandeproducts.co.uk\/#website\",\"url\":\"https:\/\/tiandeproducts.co.uk\/\",\"name\":\"TianDe Online Shop - Beauty & Health\",\"description\":\"Traditional Chinese Medicine\",\"potentialAction\":[{\"@type\":\"SearchAction\",\"target\":{\"@type\":\"EntryPoint\",\"urlTemplate\":\"https:\/\/tiandeproducts.co.uk\/?s={search_term_string}\"},\"query-input\":{\"@type\":\"PropertyValueSpecification\",\"valueRequired\":true,\"valueName\":\"search_term_string\"}}],\"inLanguage\":\"pl-PL\"}]}<\/script>\n<!-- \/ Yoast SEO plugin. -->","yoast_head_json":{"title":"Intensywnie nawil\u017caj\u0105ca maseczka na twarz i szyj\u0119 Kwas hialuronowy,35g - TianDe Online Shop - Beauty &amp; Health","robots":{"index":"index","follow":"follow","max-snippet":"max-snippet:-1","max-image-preview":"max-image-preview:large","max-video-preview":"max-video-preview:-1"},"canonical":"https:\/\/tiandeproducts.co.uk\/pl\/intensywnie-nawilzajaca-maseczka-na-twarz-i-szyje-kwas-hialuronowy35g\/","og_locale":"pl_PL","og_type":"article","og_title":"Intensywnie nawil\u017caj\u0105ca maseczka na twarz i szyj\u0119 Kwas hialuronowy,35g - TianDe Online Shop - Beauty &amp; Health","og_description":"Doskonale nawil\u017ca i tonizuje sk\u00f3r\u0119, niweluje uczucie sucho\u015bci i \u015bci\u0105gni\u0119cia. Odbudowuje ochronn\u0105 warstw\u0119 nask\u00f3rka, poprawia struktur\u0119 i turgor sk\u00f3ry. Przywraca poczucie komfortu i g\u0142adko\u015bci sk\u00f3ry twarzy. Idealny \u015brodek dla suchej sk\u00f3ry, pasuje do ka\u017cdego wieku w takich momentach, kiedy sk\u00f3ra jest \u201espragniona\u201d. Maska \u2013 to prawdziwy ratunek przed suchym powietrzem. Nawet jednokrotne jej zastosowanie przynosi [...]","og_url":"https:\/\/tiandeproducts.co.uk\/pl\/intensywnie-nawilzajaca-maseczka-na-twarz-i-szyje-kwas-hialuronowy35g\/","og_site_name":"TianDe Online Shop - Beauty &amp; Health","article_publisher":"https:\/\/www.facebook.com\/tiande.products.england\/","article_modified_time":"2020-03-01T15:02:19+00:00","og_image":[{"width":700,"height":700,"url":"https:\/\/tiandeproducts.co.uk\/wp-content\/uploads\/2016\/04\/52901_new.png","type":"image\/png"}],"twitter_card":"summary_large_image","twitter_misc":{"Szacowany czas czytania":"1 minuta"},"schema":{"@context":"https:\/\/schema.org","@graph":[{"@type":"WebPage","@id":"https:\/\/tiandeproducts.co.uk\/pl\/intensywnie-nawilzajaca-maseczka-na-twarz-i-szyje-kwas-hialuronowy35g\/","url":"https:\/\/tiandeproducts.co.uk\/pl\/intensywnie-nawilzajaca-maseczka-na-twarz-i-szyje-kwas-hialuronowy35g\/","name":"Intensywnie nawil\u017caj\u0105ca maseczka na twarz i szyj\u0119 Kwas hialuronowy,35g - TianDe Online Shop - Beauty &amp; Health","isPartOf":{"@id":"https:\/\/tiandeproducts.co.uk\/#website"},"primaryImageOfPage":{"@id":"https:\/\/tiandeproducts.co.uk\/pl\/intensywnie-nawilzajaca-maseczka-na-twarz-i-szyje-kwas-hialuronowy35g\/#primaryimage"},"image":{"@id":"https:\/\/tiandeproducts.co.uk\/pl\/intensywnie-nawilzajaca-maseczka-na-twarz-i-szyje-kwas-hialuronowy35g\/#primaryimage"},"thumbnailUrl":"https:\/\/tiandeproducts.co.uk\/wp-content\/uploads\/2016\/04\/52901_new.png","datePublished":"2016-04-20T12:37:24+00:00","dateModified":"2020-03-01T15:02:19+00:00","breadcrumb":{"@id":"https:\/\/tiandeproducts.co.uk\/pl\/intensywnie-nawilzajaca-maseczka-na-twarz-i-szyje-kwas-hialuronowy35g\/#breadcrumb"},"inLanguage":"pl-PL","potentialAction":[{"@type":"ReadAction","target":["https:\/\/tiandeproducts.co.uk\/pl\/intensywnie-nawilzajaca-maseczka-na-twarz-i-szyje-kwas-hialuronowy35g\/"]}]},{"@type":"ImageObject","inLanguage":"pl-PL","@id":"https:\/\/tiandeproducts.co.uk\/pl\/intensywnie-nawilzajaca-maseczka-na-twarz-i-szyje-kwas-hialuronowy35g\/#primaryimage","url":"https:\/\/tiandeproducts.co.uk\/wp-content\/uploads\/2016\/04\/52901_new.png","contentUrl":"https:\/\/tiandeproducts.co.uk\/wp-content\/uploads\/2016\/04\/52901_new.png","width":700,"height":700,"caption":"Hyaluronic Acid Hydro Intensive Face and Neck Mask,1pc-0"},{"@type":"BreadcrumbList","@id":"https:\/\/tiandeproducts.co.uk\/pl\/intensywnie-nawilzajaca-maseczka-na-twarz-i-szyje-kwas-hialuronowy35g\/#breadcrumb","itemListElement":[{"@type":"ListItem","position":1,"name":"Home","item":"https:\/\/tiandeproducts.co.uk\/pl\/"},{"@type":"ListItem","position":2,"name":"Shop","item":"https:\/\/tiandeproducts.co.uk\/pl\/shop-2\/"},{"@type":"ListItem","position":3,"name":"Intensywnie nawil\u017caj\u0105ca maseczka na twarz i szyj\u0119 Kwas hialuronowy,35g"}]},{"@type":"WebSite","@id":"https:\/\/tiandeproducts.co.uk\/#website","url":"https:\/\/tiandeproducts.co.uk\/","name":"TianDe Online Shop - Beauty & Health","description":"Traditional Chinese Medicine","potentialAction":[{"@type":"SearchAction","target":{"@type":"EntryPoint","urlTemplate":"https:\/\/tiandeproducts.co.uk\/?s={search_term_string}"},"query-input":{"@type":"PropertyValueSpecification","valueRequired":true,"valueName":"search_term_string"}}],"inLanguage":"pl-PL"}]}},"_links":{"self":[{"href":"https:\/\/tiandeproducts.co.uk\/pl\/wp-json\/wp\/v2\/product\/5667","targetHints":{"allow":["GET"]}}],"collection":[{"href":"https:\/\/tiandeproducts.co.uk\/pl\/wp-json\/wp\/v2\/product"}],"about":[{"href":"https:\/\/tiandeproducts.co.uk\/pl\/wp-json\/wp\/v2\/types\/product"}],"replies":[{"embeddable":true,"href":"https:\/\/tiandeproducts.co.uk\/pl\/wp-json\/wp\/v2\/comments?post=5667"}],"wp:featuredmedia":[{"embeddable":true,"href":"https:\/\/tiandeproducts.co.uk\/pl\/wp-json\/wp\/v2\/media\/1021"}],"wp:attachment":[{"href":"https:\/\/tiandeproducts.co.uk\/pl\/wp-json\/wp\/v2\/media?parent=5667"}],"wp:term":[{"taxonomy":"product_cat","embeddable":true,"href":"https:\/\/tiandeproducts.co.uk\/pl\/wp-json\/wp\/v2\/product_cat?post=5667"},{"taxonomy":"product_tag","embeddable":true,"href":"https:\/\/tiandeproducts.co.uk\/pl\/wp-json\/wp\/v2\/product_tag?post=5667"}],"curies":[{"name":"wp","href":"https:\/\/api.w.org\/{rel}","templated":true}]}}