{"id":5588,"date":"2019-07-15T11:53:46","date_gmt":"2019-07-15T10:53:46","guid":{"rendered":"https:\/\/www.tiandeproducts.co.uk\/krem-do-stop-sezam-i-olejek-mietowy75ml\/"},"modified":"2021-02-25T11:57:39","modified_gmt":"2021-02-25T11:57:39","slug":"krem-do-stop-sezam-i-olejek-mietowy75ml","status":"publish","type":"product","link":"https:\/\/tiandeproducts.co.uk\/pl\/krem-do-stop-sezam-i-olejek-mietowy75ml\/","title":{"rendered":"Krem do st\u00f3p Sezam i olejek mi\u0119towy,75ml"},"content":{"rendered":"<div class=\"description\">\n<p><img decoding=\"async\" style=\"max-width: 16px; margin-right: 5px;\" src=\"https:\/\/tiandeproducts.co.uk\/wp-content\/uploads\/points-green.svg\" \/>\u00a0Earn 4 points worth \u00a30.20 when buying this product<\/p>\n<p>Krem zapewnia kompleksow\u0105 piel\u0119gnacj\u0119 sk\u00f3ry n\u00f3g. Doskonale zmi\u0119kcza, nawil\u017ca, zapobiega powstawaniu p\u0119kni\u0119\u0107 na stopach. Usuwa nieprzyjemny zapach i \u0142agodzi uczucie zm\u0119czenia. W po\u0142\u0105czeniu z lekkim masa\u017cem zapewnia odczucie \u015bwie\u017co\u015bci i komfortu.<\/p>\n<\/div>\n<div class=\"instruction\">\n<p><strong>ZASTOSOWANIE:<\/strong><\/p>\n<p>Nanie\u015b\u0107 krem na czyst\u0105 sk\u00f3r\u0119 n\u00f3g.<\/p>\n<\/div>\n","protected":false},"excerpt":{"rendered":"<p>\u00a0Earn 4 points worth \u00a30.20 when buying this product Krem zapewnia kompleksow\u0105 piel\u0119gnacj\u0119 sk\u00f3ry n\u00f3g. Doskonale zmi\u0119kcza, nawil\u017ca, zapobiega powstawaniu p\u0119kni\u0119\u0107 na stopach. Usuwa nieprzyjemny zapach i \u0142agodzi uczucie zm\u0119czenia. W po\u0142\u0105czeniu z lekkim masa\u017cem zapewnia odczucie \u015bwie\u017co\u015bci i komfortu. ZASTOSOWANIE: Nanie\u015b\u0107 krem na czyst\u0105 sk\u00f3r\u0119 n\u00f3g.<\/p>\n","protected":false},"featured_media":1436,"comment_status":"closed","ping_status":"closed","template":"","meta":[],"product_cat":[498,739],"product_tag":[],"class_list":{"0":"post-5588","1":"product","2":"type-product","3":"status-publish","4":"has-post-thumbnail","6":"product_cat-pielegnacja-ciala","7":"product_cat-pielegnacja-stop","9":"first","10":"instock","11":"shipping-taxable","12":"purchasable","13":"product-type-simple"},"yoast_head":"<!-- This site is optimized with the Yoast SEO plugin v23.6 - https:\/\/yoast.com\/wordpress\/plugins\/seo\/ -->\n<title>Krem do st\u00f3p Sezam i olejek mi\u0119towy,75ml - TianDe Online Shop - Beauty &amp; Health<\/title>\n<meta name=\"robots\" content=\"index, follow, max-snippet:-1, max-image-preview:large, max-video-preview:-1\" \/>\n<link rel=\"canonical\" href=\"https:\/\/tiandeproducts.co.uk\/pl\/krem-do-stop-sezam-i-olejek-mietowy75ml\/\" \/>\n<meta property=\"og:locale\" content=\"pl_PL\" \/>\n<meta property=\"og:type\" content=\"article\" \/>\n<meta property=\"og:title\" content=\"Krem do st\u00f3p Sezam i olejek mi\u0119towy,75ml - TianDe Online Shop - Beauty &amp; Health\" \/>\n<meta property=\"og:description\" content=\"\u00a0Earn 4 points worth \u00a30.20 when buying this product Krem zapewnia kompleksow\u0105 piel\u0119gnacj\u0119 sk\u00f3ry n\u00f3g. Doskonale zmi\u0119kcza, nawil\u017ca, zapobiega powstawaniu p\u0119kni\u0119\u0107 na stopach. Usuwa nieprzyjemny zapach i \u0142agodzi uczucie zm\u0119czenia. W po\u0142\u0105czeniu z lekkim masa\u017cem zapewnia odczucie \u015bwie\u017co\u015bci i komfortu. ZASTOSOWANIE: Nanie\u015b\u0107 krem na czyst\u0105 sk\u00f3r\u0119 n\u00f3g.\" \/>\n<meta property=\"og:url\" content=\"https:\/\/tiandeproducts.co.uk\/pl\/krem-do-stop-sezam-i-olejek-mietowy75ml\/\" \/>\n<meta property=\"og:site_name\" content=\"TianDe Online Shop - Beauty &amp; Health\" \/>\n<meta property=\"article:publisher\" content=\"https:\/\/www.facebook.com\/tiande.products.england\/\" \/>\n<meta property=\"article:modified_time\" content=\"2021-02-25T11:57:39+00:00\" \/>\n<meta property=\"og:image\" content=\"https:\/\/tiandeproducts.co.uk\/wp-content\/uploads\/2016\/12\/40116.png\" \/>\n\t<meta property=\"og:image:width\" content=\"700\" \/>\n\t<meta property=\"og:image:height\" content=\"700\" \/>\n\t<meta property=\"og:image:type\" content=\"image\/png\" \/>\n<meta name=\"twitter:card\" content=\"summary_large_image\" \/>\n<script type=\"application\/ld+json\" class=\"yoast-schema-graph\">{\"@context\":\"https:\/\/schema.org\",\"@graph\":[{\"@type\":\"WebPage\",\"@id\":\"https:\/\/tiandeproducts.co.uk\/pl\/krem-do-stop-sezam-i-olejek-mietowy75ml\/\",\"url\":\"https:\/\/tiandeproducts.co.uk\/pl\/krem-do-stop-sezam-i-olejek-mietowy75ml\/\",\"name\":\"Krem do st\u00f3p Sezam i olejek mi\u0119towy,75ml - TianDe Online Shop - Beauty &amp; Health\",\"isPartOf\":{\"@id\":\"https:\/\/tiandeproducts.co.uk\/#website\"},\"primaryImageOfPage\":{\"@id\":\"https:\/\/tiandeproducts.co.uk\/pl\/krem-do-stop-sezam-i-olejek-mietowy75ml\/#primaryimage\"},\"image\":{\"@id\":\"https:\/\/tiandeproducts.co.uk\/pl\/krem-do-stop-sezam-i-olejek-mietowy75ml\/#primaryimage\"},\"thumbnailUrl\":\"https:\/\/tiandeproducts.co.uk\/wp-content\/uploads\/2016\/12\/40116.png\",\"datePublished\":\"2019-07-15T10:53:46+00:00\",\"dateModified\":\"2021-02-25T11:57:39+00:00\",\"breadcrumb\":{\"@id\":\"https:\/\/tiandeproducts.co.uk\/pl\/krem-do-stop-sezam-i-olejek-mietowy75ml\/#breadcrumb\"},\"inLanguage\":\"pl-PL\",\"potentialAction\":[{\"@type\":\"ReadAction\",\"target\":[\"https:\/\/tiandeproducts.co.uk\/pl\/krem-do-stop-sezam-i-olejek-mietowy75ml\/\"]}]},{\"@type\":\"ImageObject\",\"inLanguage\":\"pl-PL\",\"@id\":\"https:\/\/tiandeproducts.co.uk\/pl\/krem-do-stop-sezam-i-olejek-mietowy75ml\/#primaryimage\",\"url\":\"https:\/\/tiandeproducts.co.uk\/wp-content\/uploads\/2016\/12\/40116.png\",\"contentUrl\":\"https:\/\/tiandeproducts.co.uk\/wp-content\/uploads\/2016\/12\/40116.png\",\"width\":700,\"height\":700,\"caption\":\"Foot cream \\\"Sesame and mint oil\\\",75 ml-0\"},{\"@type\":\"BreadcrumbList\",\"@id\":\"https:\/\/tiandeproducts.co.uk\/pl\/krem-do-stop-sezam-i-olejek-mietowy75ml\/#breadcrumb\",\"itemListElement\":[{\"@type\":\"ListItem\",\"position\":1,\"name\":\"Home\",\"item\":\"https:\/\/tiandeproducts.co.uk\/pl\/\"},{\"@type\":\"ListItem\",\"position\":2,\"name\":\"Shop\",\"item\":\"https:\/\/tiandeproducts.co.uk\/pl\/shop-2\/\"},{\"@type\":\"ListItem\",\"position\":3,\"name\":\"Krem do st\u00f3p Sezam i olejek mi\u0119towy,75ml\"}]},{\"@type\":\"WebSite\",\"@id\":\"https:\/\/tiandeproducts.co.uk\/#website\",\"url\":\"https:\/\/tiandeproducts.co.uk\/\",\"name\":\"TianDe Online Shop - Beauty & Health\",\"description\":\"Traditional Chinese Medicine\",\"potentialAction\":[{\"@type\":\"SearchAction\",\"target\":{\"@type\":\"EntryPoint\",\"urlTemplate\":\"https:\/\/tiandeproducts.co.uk\/?s={search_term_string}\"},\"query-input\":{\"@type\":\"PropertyValueSpecification\",\"valueRequired\":true,\"valueName\":\"search_term_string\"}}],\"inLanguage\":\"pl-PL\"}]}<\/script>\n<!-- \/ Yoast SEO plugin. -->","yoast_head_json":{"title":"Krem do st\u00f3p Sezam i olejek mi\u0119towy,75ml - TianDe Online Shop - Beauty &amp; Health","robots":{"index":"index","follow":"follow","max-snippet":"max-snippet:-1","max-image-preview":"max-image-preview:large","max-video-preview":"max-video-preview:-1"},"canonical":"https:\/\/tiandeproducts.co.uk\/pl\/krem-do-stop-sezam-i-olejek-mietowy75ml\/","og_locale":"pl_PL","og_type":"article","og_title":"Krem do st\u00f3p Sezam i olejek mi\u0119towy,75ml - TianDe Online Shop - Beauty &amp; Health","og_description":"\u00a0Earn 4 points worth \u00a30.20 when buying this product Krem zapewnia kompleksow\u0105 piel\u0119gnacj\u0119 sk\u00f3ry n\u00f3g. Doskonale zmi\u0119kcza, nawil\u017ca, zapobiega powstawaniu p\u0119kni\u0119\u0107 na stopach. Usuwa nieprzyjemny zapach i \u0142agodzi uczucie zm\u0119czenia. W po\u0142\u0105czeniu z lekkim masa\u017cem zapewnia odczucie \u015bwie\u017co\u015bci i komfortu. ZASTOSOWANIE: Nanie\u015b\u0107 krem na czyst\u0105 sk\u00f3r\u0119 n\u00f3g.","og_url":"https:\/\/tiandeproducts.co.uk\/pl\/krem-do-stop-sezam-i-olejek-mietowy75ml\/","og_site_name":"TianDe Online Shop - Beauty &amp; Health","article_publisher":"https:\/\/www.facebook.com\/tiande.products.england\/","article_modified_time":"2021-02-25T11:57:39+00:00","og_image":[{"width":700,"height":700,"url":"https:\/\/tiandeproducts.co.uk\/wp-content\/uploads\/2016\/12\/40116.png","type":"image\/png"}],"twitter_card":"summary_large_image","schema":{"@context":"https:\/\/schema.org","@graph":[{"@type":"WebPage","@id":"https:\/\/tiandeproducts.co.uk\/pl\/krem-do-stop-sezam-i-olejek-mietowy75ml\/","url":"https:\/\/tiandeproducts.co.uk\/pl\/krem-do-stop-sezam-i-olejek-mietowy75ml\/","name":"Krem do st\u00f3p Sezam i olejek mi\u0119towy,75ml - TianDe Online Shop - Beauty &amp; Health","isPartOf":{"@id":"https:\/\/tiandeproducts.co.uk\/#website"},"primaryImageOfPage":{"@id":"https:\/\/tiandeproducts.co.uk\/pl\/krem-do-stop-sezam-i-olejek-mietowy75ml\/#primaryimage"},"image":{"@id":"https:\/\/tiandeproducts.co.uk\/pl\/krem-do-stop-sezam-i-olejek-mietowy75ml\/#primaryimage"},"thumbnailUrl":"https:\/\/tiandeproducts.co.uk\/wp-content\/uploads\/2016\/12\/40116.png","datePublished":"2019-07-15T10:53:46+00:00","dateModified":"2021-02-25T11:57:39+00:00","breadcrumb":{"@id":"https:\/\/tiandeproducts.co.uk\/pl\/krem-do-stop-sezam-i-olejek-mietowy75ml\/#breadcrumb"},"inLanguage":"pl-PL","potentialAction":[{"@type":"ReadAction","target":["https:\/\/tiandeproducts.co.uk\/pl\/krem-do-stop-sezam-i-olejek-mietowy75ml\/"]}]},{"@type":"ImageObject","inLanguage":"pl-PL","@id":"https:\/\/tiandeproducts.co.uk\/pl\/krem-do-stop-sezam-i-olejek-mietowy75ml\/#primaryimage","url":"https:\/\/tiandeproducts.co.uk\/wp-content\/uploads\/2016\/12\/40116.png","contentUrl":"https:\/\/tiandeproducts.co.uk\/wp-content\/uploads\/2016\/12\/40116.png","width":700,"height":700,"caption":"Foot cream \"Sesame and mint oil\",75 ml-0"},{"@type":"BreadcrumbList","@id":"https:\/\/tiandeproducts.co.uk\/pl\/krem-do-stop-sezam-i-olejek-mietowy75ml\/#breadcrumb","itemListElement":[{"@type":"ListItem","position":1,"name":"Home","item":"https:\/\/tiandeproducts.co.uk\/pl\/"},{"@type":"ListItem","position":2,"name":"Shop","item":"https:\/\/tiandeproducts.co.uk\/pl\/shop-2\/"},{"@type":"ListItem","position":3,"name":"Krem do st\u00f3p Sezam i olejek mi\u0119towy,75ml"}]},{"@type":"WebSite","@id":"https:\/\/tiandeproducts.co.uk\/#website","url":"https:\/\/tiandeproducts.co.uk\/","name":"TianDe Online Shop - Beauty & Health","description":"Traditional Chinese Medicine","potentialAction":[{"@type":"SearchAction","target":{"@type":"EntryPoint","urlTemplate":"https:\/\/tiandeproducts.co.uk\/?s={search_term_string}"},"query-input":{"@type":"PropertyValueSpecification","valueRequired":true,"valueName":"search_term_string"}}],"inLanguage":"pl-PL"}]}},"_links":{"self":[{"href":"https:\/\/tiandeproducts.co.uk\/pl\/wp-json\/wp\/v2\/product\/5588","targetHints":{"allow":["GET"]}}],"collection":[{"href":"https:\/\/tiandeproducts.co.uk\/pl\/wp-json\/wp\/v2\/product"}],"about":[{"href":"https:\/\/tiandeproducts.co.uk\/pl\/wp-json\/wp\/v2\/types\/product"}],"replies":[{"embeddable":true,"href":"https:\/\/tiandeproducts.co.uk\/pl\/wp-json\/wp\/v2\/comments?post=5588"}],"wp:featuredmedia":[{"embeddable":true,"href":"https:\/\/tiandeproducts.co.uk\/pl\/wp-json\/wp\/v2\/media\/1436"}],"wp:attachment":[{"href":"https:\/\/tiandeproducts.co.uk\/pl\/wp-json\/wp\/v2\/media?parent=5588"}],"wp:term":[{"taxonomy":"product_cat","embeddable":true,"href":"https:\/\/tiandeproducts.co.uk\/pl\/wp-json\/wp\/v2\/product_cat?post=5588"},{"taxonomy":"product_tag","embeddable":true,"href":"https:\/\/tiandeproducts.co.uk\/pl\/wp-json\/wp\/v2\/product_tag?post=5588"}],"curies":[{"name":"wp","href":"https:\/\/api.w.org\/{rel}","templated":true}]}}