{"id":5586,"date":"2016-11-04T12:52:35","date_gmt":"2016-11-04T12:52:35","guid":{"rendered":"https:\/\/www.tiandeproducts.co.uk\/krem-pielegnacyjny-do-stop-z-rozmarynem-i-propolisem30g\/"},"modified":"2021-02-25T12:07:09","modified_gmt":"2021-02-25T12:07:09","slug":"krem-pielegnacyjny-do-stop-z-rozmarynem-i-propolisem30g","status":"publish","type":"product","link":"https:\/\/tiandeproducts.co.uk\/pl\/krem-pielegnacyjny-do-stop-z-rozmarynem-i-propolisem30g\/","title":{"rendered":"Krem piel\u0119gnacyjny do st\u00f3p z rozmarynem i propolisem,30g"},"content":{"rendered":"<div class=\"description\">\n<p><img decoding=\"async\" style=\"max-width: 16px; margin-right: 5px;\" src=\"https:\/\/tiandeproducts.co.uk\/wp-content\/uploads\/points-green.svg\" \/>\u00a0Earn 2 points worth \u00a30.10 when buying this product<\/p>\n<p>Dzi\u0119ki zawartym sk\u0142adom, krem skutecznie nawil\u017ca, od\u017cywia i zmi\u0119kcza sk\u00f3r\u0119 n\u00f3g, hamuj\u0105c jej rogowacenie i zapewniaj\u0105c wszechstronn\u0105 piel\u0119gnacj\u0119 od ko\u0144c\u00f3w palc\u00f3w po kolana.<\/p>\n<p>Krem nie tylko nasyca sk\u00f3r\u0119 sk\u0142adnikami od\u017cywczymi, ale r\u00f3wnie\u017c w odpowiednim czasie pozbawia j\u0105 tego, co dla niej zb\u0119dne! Na powierzchni st\u00f3p znajduje si\u0119 ponad 250 000 gruczo\u0142\u00f3w potowych, kt\u00f3re wydzielaj\u0105 toksyny. Detoksykuj\u0105ce dzia\u0142anie wyci\u0105g\u00f3w rozmarynu i propolisu pomaga sk\u00f3rze rozprawi\u0107 si\u0119 z tym obci\u0105\u017ceniem. Wyci\u0105g z mi\u0119ty od\u015bwie\u017ca i daje przyjemne uczucie ch\u0142odu.<\/p>\n<p>Zalety kremu doceni\u0105 amatorki but\u00f3w na obcasie i wszyscy, kt\u00f3rzy du\u017co czasu sp\u0119dzaj\u0105 na nogach &#8211; krem pomo\u017ce z\u0142agodzi\u0107 skutki ci\u0119\u017ckiego dnia, od\u015bwie\u017cy i zadzia\u0142a na sk\u00f3r\u0119 tonizuj\u0105co.<\/p>\n<p>Ekonomiczne opakowanie w postaci saszetki pozwala uzyska\u0107 produkt wysokiej jako\u015bci w przyst\u0119pnej cenie. 30g wystarczy na oko\u0142o miesi\u0105c codziennego stosowania.<\/p>\n<\/div>\n<div class=\"instruction\">\n<p><strong>ZASTOSOWANIE:<\/strong><\/p>\n<\/div>\n","protected":false},"excerpt":{"rendered":"<p>\u00a0Earn 2 points worth \u00a30.10 when buying this product Dzi\u0119ki zawartym sk\u0142adom, krem skutecznie nawil\u017ca, od\u017cywia i zmi\u0119kcza sk\u00f3r\u0119 n\u00f3g, hamuj\u0105c jej rogowacenie i zapewniaj\u0105c wszechstronn\u0105 piel\u0119gnacj\u0119 od ko\u0144c\u00f3w palc\u00f3w po kolana. Krem nie tylko nasyca sk\u00f3r\u0119 sk\u0142adnikami od\u017cywczymi, ale r\u00f3wnie\u017c w odpowiednim czasie pozbawia j\u0105 tego, co dla niej zb\u0119dne! Na powierzchni st\u00f3p znajduje [&#8230;]\n","protected":false},"featured_media":1386,"comment_status":"closed","ping_status":"closed","template":"","meta":[],"product_cat":[498,552,739],"product_tag":[],"class_list":{"0":"post-5586","1":"product","2":"type-product","3":"status-publish","4":"has-post-thumbnail","6":"product_cat-pielegnacja-ciala","7":"product_cat-master-herb-pl","8":"product_cat-pielegnacja-stop","10":"first","11":"outofstock","12":"shipping-taxable","13":"purchasable","14":"product-type-simple"},"yoast_head":"<!-- This site is optimized with the Yoast SEO plugin v23.6 - https:\/\/yoast.com\/wordpress\/plugins\/seo\/ -->\n<title>Krem piel\u0119gnacyjny do st\u00f3p z rozmarynem i propolisem,30g - TianDe Online Shop - Beauty &amp; Health<\/title>\n<meta name=\"robots\" content=\"index, follow, max-snippet:-1, max-image-preview:large, max-video-preview:-1\" \/>\n<link rel=\"canonical\" href=\"https:\/\/tiandeproducts.co.uk\/pl\/krem-pielegnacyjny-do-stop-z-rozmarynem-i-propolisem30g\/\" \/>\n<meta property=\"og:locale\" content=\"pl_PL\" \/>\n<meta property=\"og:type\" content=\"article\" \/>\n<meta property=\"og:title\" content=\"Krem piel\u0119gnacyjny do st\u00f3p z rozmarynem i propolisem,30g - TianDe Online Shop - Beauty &amp; Health\" \/>\n<meta property=\"og:description\" content=\"\u00a0Earn 2 points worth \u00a30.10 when buying this product Dzi\u0119ki zawartym sk\u0142adom, krem skutecznie nawil\u017ca, od\u017cywia i zmi\u0119kcza sk\u00f3r\u0119 n\u00f3g, hamuj\u0105c jej rogowacenie i zapewniaj\u0105c wszechstronn\u0105 piel\u0119gnacj\u0119 od ko\u0144c\u00f3w palc\u00f3w po kolana. Krem nie tylko nasyca sk\u00f3r\u0119 sk\u0142adnikami od\u017cywczymi, ale r\u00f3wnie\u017c w odpowiednim czasie pozbawia j\u0105 tego, co dla niej zb\u0119dne! Na powierzchni st\u00f3p znajduje [...]\" \/>\n<meta property=\"og:url\" content=\"https:\/\/tiandeproducts.co.uk\/pl\/krem-pielegnacyjny-do-stop-z-rozmarynem-i-propolisem30g\/\" \/>\n<meta property=\"og:site_name\" content=\"TianDe Online Shop - Beauty &amp; Health\" \/>\n<meta property=\"article:publisher\" content=\"https:\/\/www.facebook.com\/tiande.products.england\/\" \/>\n<meta property=\"article:modified_time\" content=\"2021-02-25T12:07:09+00:00\" \/>\n<meta property=\"og:image\" content=\"https:\/\/tiandeproducts.co.uk\/wp-content\/uploads\/2016\/11\/41327.jpg\" \/>\n\t<meta property=\"og:image:width\" content=\"700\" \/>\n\t<meta property=\"og:image:height\" content=\"700\" \/>\n\t<meta property=\"og:image:type\" content=\"image\/jpeg\" \/>\n<meta name=\"twitter:card\" content=\"summary_large_image\" \/>\n<meta name=\"twitter:label1\" content=\"Szacowany czas czytania\" \/>\n\t<meta name=\"twitter:data1\" content=\"1 minuta\" \/>\n<script type=\"application\/ld+json\" class=\"yoast-schema-graph\">{\"@context\":\"https:\/\/schema.org\",\"@graph\":[{\"@type\":\"WebPage\",\"@id\":\"https:\/\/tiandeproducts.co.uk\/pl\/krem-pielegnacyjny-do-stop-z-rozmarynem-i-propolisem30g\/\",\"url\":\"https:\/\/tiandeproducts.co.uk\/pl\/krem-pielegnacyjny-do-stop-z-rozmarynem-i-propolisem30g\/\",\"name\":\"Krem piel\u0119gnacyjny do st\u00f3p z rozmarynem i propolisem,30g - TianDe Online Shop - Beauty &amp; Health\",\"isPartOf\":{\"@id\":\"https:\/\/tiandeproducts.co.uk\/#website\"},\"primaryImageOfPage\":{\"@id\":\"https:\/\/tiandeproducts.co.uk\/pl\/krem-pielegnacyjny-do-stop-z-rozmarynem-i-propolisem30g\/#primaryimage\"},\"image\":{\"@id\":\"https:\/\/tiandeproducts.co.uk\/pl\/krem-pielegnacyjny-do-stop-z-rozmarynem-i-propolisem30g\/#primaryimage\"},\"thumbnailUrl\":\"https:\/\/tiandeproducts.co.uk\/wp-content\/uploads\/2016\/11\/41327.jpg\",\"datePublished\":\"2016-11-04T12:52:35+00:00\",\"dateModified\":\"2021-02-25T12:07:09+00:00\",\"breadcrumb\":{\"@id\":\"https:\/\/tiandeproducts.co.uk\/pl\/krem-pielegnacyjny-do-stop-z-rozmarynem-i-propolisem30g\/#breadcrumb\"},\"inLanguage\":\"pl-PL\",\"potentialAction\":[{\"@type\":\"ReadAction\",\"target\":[\"https:\/\/tiandeproducts.co.uk\/pl\/krem-pielegnacyjny-do-stop-z-rozmarynem-i-propolisem30g\/\"]}]},{\"@type\":\"ImageObject\",\"inLanguage\":\"pl-PL\",\"@id\":\"https:\/\/tiandeproducts.co.uk\/pl\/krem-pielegnacyjny-do-stop-z-rozmarynem-i-propolisem30g\/#primaryimage\",\"url\":\"https:\/\/tiandeproducts.co.uk\/wp-content\/uploads\/2016\/11\/41327.jpg\",\"contentUrl\":\"https:\/\/tiandeproducts.co.uk\/wp-content\/uploads\/2016\/11\/41327.jpg\",\"width\":700,\"height\":700,\"caption\":\"Foot Cream with Rosemary and Propolis,30g -0\"},{\"@type\":\"BreadcrumbList\",\"@id\":\"https:\/\/tiandeproducts.co.uk\/pl\/krem-pielegnacyjny-do-stop-z-rozmarynem-i-propolisem30g\/#breadcrumb\",\"itemListElement\":[{\"@type\":\"ListItem\",\"position\":1,\"name\":\"Home\",\"item\":\"https:\/\/tiandeproducts.co.uk\/pl\/\"},{\"@type\":\"ListItem\",\"position\":2,\"name\":\"Shop\",\"item\":\"https:\/\/tiandeproducts.co.uk\/pl\/shop-2\/\"},{\"@type\":\"ListItem\",\"position\":3,\"name\":\"Krem piel\u0119gnacyjny do st\u00f3p z rozmarynem i propolisem,30g\"}]},{\"@type\":\"WebSite\",\"@id\":\"https:\/\/tiandeproducts.co.uk\/#website\",\"url\":\"https:\/\/tiandeproducts.co.uk\/\",\"name\":\"TianDe Online Shop - Beauty & Health\",\"description\":\"Traditional Chinese Medicine\",\"potentialAction\":[{\"@type\":\"SearchAction\",\"target\":{\"@type\":\"EntryPoint\",\"urlTemplate\":\"https:\/\/tiandeproducts.co.uk\/?s={search_term_string}\"},\"query-input\":{\"@type\":\"PropertyValueSpecification\",\"valueRequired\":true,\"valueName\":\"search_term_string\"}}],\"inLanguage\":\"pl-PL\"}]}<\/script>\n<!-- \/ Yoast SEO plugin. -->","yoast_head_json":{"title":"Krem piel\u0119gnacyjny do st\u00f3p z rozmarynem i propolisem,30g - TianDe Online Shop - Beauty &amp; Health","robots":{"index":"index","follow":"follow","max-snippet":"max-snippet:-1","max-image-preview":"max-image-preview:large","max-video-preview":"max-video-preview:-1"},"canonical":"https:\/\/tiandeproducts.co.uk\/pl\/krem-pielegnacyjny-do-stop-z-rozmarynem-i-propolisem30g\/","og_locale":"pl_PL","og_type":"article","og_title":"Krem piel\u0119gnacyjny do st\u00f3p z rozmarynem i propolisem,30g - TianDe Online Shop - Beauty &amp; Health","og_description":"\u00a0Earn 2 points worth \u00a30.10 when buying this product Dzi\u0119ki zawartym sk\u0142adom, krem skutecznie nawil\u017ca, od\u017cywia i zmi\u0119kcza sk\u00f3r\u0119 n\u00f3g, hamuj\u0105c jej rogowacenie i zapewniaj\u0105c wszechstronn\u0105 piel\u0119gnacj\u0119 od ko\u0144c\u00f3w palc\u00f3w po kolana. Krem nie tylko nasyca sk\u00f3r\u0119 sk\u0142adnikami od\u017cywczymi, ale r\u00f3wnie\u017c w odpowiednim czasie pozbawia j\u0105 tego, co dla niej zb\u0119dne! Na powierzchni st\u00f3p znajduje [...]","og_url":"https:\/\/tiandeproducts.co.uk\/pl\/krem-pielegnacyjny-do-stop-z-rozmarynem-i-propolisem30g\/","og_site_name":"TianDe Online Shop - Beauty &amp; Health","article_publisher":"https:\/\/www.facebook.com\/tiande.products.england\/","article_modified_time":"2021-02-25T12:07:09+00:00","og_image":[{"width":700,"height":700,"url":"https:\/\/tiandeproducts.co.uk\/wp-content\/uploads\/2016\/11\/41327.jpg","type":"image\/jpeg"}],"twitter_card":"summary_large_image","twitter_misc":{"Szacowany czas czytania":"1 minuta"},"schema":{"@context":"https:\/\/schema.org","@graph":[{"@type":"WebPage","@id":"https:\/\/tiandeproducts.co.uk\/pl\/krem-pielegnacyjny-do-stop-z-rozmarynem-i-propolisem30g\/","url":"https:\/\/tiandeproducts.co.uk\/pl\/krem-pielegnacyjny-do-stop-z-rozmarynem-i-propolisem30g\/","name":"Krem piel\u0119gnacyjny do st\u00f3p z rozmarynem i propolisem,30g - TianDe Online Shop - Beauty &amp; Health","isPartOf":{"@id":"https:\/\/tiandeproducts.co.uk\/#website"},"primaryImageOfPage":{"@id":"https:\/\/tiandeproducts.co.uk\/pl\/krem-pielegnacyjny-do-stop-z-rozmarynem-i-propolisem30g\/#primaryimage"},"image":{"@id":"https:\/\/tiandeproducts.co.uk\/pl\/krem-pielegnacyjny-do-stop-z-rozmarynem-i-propolisem30g\/#primaryimage"},"thumbnailUrl":"https:\/\/tiandeproducts.co.uk\/wp-content\/uploads\/2016\/11\/41327.jpg","datePublished":"2016-11-04T12:52:35+00:00","dateModified":"2021-02-25T12:07:09+00:00","breadcrumb":{"@id":"https:\/\/tiandeproducts.co.uk\/pl\/krem-pielegnacyjny-do-stop-z-rozmarynem-i-propolisem30g\/#breadcrumb"},"inLanguage":"pl-PL","potentialAction":[{"@type":"ReadAction","target":["https:\/\/tiandeproducts.co.uk\/pl\/krem-pielegnacyjny-do-stop-z-rozmarynem-i-propolisem30g\/"]}]},{"@type":"ImageObject","inLanguage":"pl-PL","@id":"https:\/\/tiandeproducts.co.uk\/pl\/krem-pielegnacyjny-do-stop-z-rozmarynem-i-propolisem30g\/#primaryimage","url":"https:\/\/tiandeproducts.co.uk\/wp-content\/uploads\/2016\/11\/41327.jpg","contentUrl":"https:\/\/tiandeproducts.co.uk\/wp-content\/uploads\/2016\/11\/41327.jpg","width":700,"height":700,"caption":"Foot Cream with Rosemary and Propolis,30g -0"},{"@type":"BreadcrumbList","@id":"https:\/\/tiandeproducts.co.uk\/pl\/krem-pielegnacyjny-do-stop-z-rozmarynem-i-propolisem30g\/#breadcrumb","itemListElement":[{"@type":"ListItem","position":1,"name":"Home","item":"https:\/\/tiandeproducts.co.uk\/pl\/"},{"@type":"ListItem","position":2,"name":"Shop","item":"https:\/\/tiandeproducts.co.uk\/pl\/shop-2\/"},{"@type":"ListItem","position":3,"name":"Krem piel\u0119gnacyjny do st\u00f3p z rozmarynem i propolisem,30g"}]},{"@type":"WebSite","@id":"https:\/\/tiandeproducts.co.uk\/#website","url":"https:\/\/tiandeproducts.co.uk\/","name":"TianDe Online Shop - Beauty & Health","description":"Traditional Chinese Medicine","potentialAction":[{"@type":"SearchAction","target":{"@type":"EntryPoint","urlTemplate":"https:\/\/tiandeproducts.co.uk\/?s={search_term_string}"},"query-input":{"@type":"PropertyValueSpecification","valueRequired":true,"valueName":"search_term_string"}}],"inLanguage":"pl-PL"}]}},"_links":{"self":[{"href":"https:\/\/tiandeproducts.co.uk\/pl\/wp-json\/wp\/v2\/product\/5586","targetHints":{"allow":["GET"]}}],"collection":[{"href":"https:\/\/tiandeproducts.co.uk\/pl\/wp-json\/wp\/v2\/product"}],"about":[{"href":"https:\/\/tiandeproducts.co.uk\/pl\/wp-json\/wp\/v2\/types\/product"}],"replies":[{"embeddable":true,"href":"https:\/\/tiandeproducts.co.uk\/pl\/wp-json\/wp\/v2\/comments?post=5586"}],"wp:featuredmedia":[{"embeddable":true,"href":"https:\/\/tiandeproducts.co.uk\/pl\/wp-json\/wp\/v2\/media\/1386"}],"wp:attachment":[{"href":"https:\/\/tiandeproducts.co.uk\/pl\/wp-json\/wp\/v2\/media?parent=5586"}],"wp:term":[{"taxonomy":"product_cat","embeddable":true,"href":"https:\/\/tiandeproducts.co.uk\/pl\/wp-json\/wp\/v2\/product_cat?post=5586"},{"taxonomy":"product_tag","embeddable":true,"href":"https:\/\/tiandeproducts.co.uk\/pl\/wp-json\/wp\/v2\/product_tag?post=5586"}],"curies":[{"name":"wp","href":"https:\/\/api.w.org\/{rel}","templated":true}]}}