{"id":5584,"date":"2019-09-19T07:36:14","date_gmt":"2019-09-19T06:36:14","guid":{"rendered":"https:\/\/www.tiandeproducts.co.uk\/dzieciecy-krem-ochronny-do-ciala-baby-bambo50g\/"},"modified":"2021-02-25T11:56:49","modified_gmt":"2021-02-25T11:56:49","slug":"dzieciecy-krem-ochronny-do-ciala-baby-bambo50g","status":"publish","type":"product","link":"https:\/\/tiandeproducts.co.uk\/pl\/dzieciecy-krem-ochronny-do-ciala-baby-bambo50g\/","title":{"rendered":"Dzieci\u0119cy krem ochronny do cia\u0142a Baby Bambo,50g"},"content":{"rendered":"<div class=\"description\">\n<p><img decoding=\"async\" style=\"max-width: 16px; margin-right: 5px;\" src=\"https:\/\/tiandeproducts.co.uk\/wp-content\/uploads\/points-green.svg\" \/>\u00a0Earn 3 points worth \u00a30.15 when buying this product<\/p>\n<p>Sk\u00f3ra dziecka r\u00f3\u017cni si\u0119 od sk\u00f3ry osoby doros\u0142ej. Po pierwsze, jest dwa razy cie\u0144sza, a wilgo\u0107 zawarta w niej \u0142atwo wytr\u0105ca si\u0119 podczas k\u0105pieli. Po drugie, sk\u00f3ra dziecka jest bardzo podatna na uszkodzenia i mniej chroniona przed przenikaniem infekcji. Po trzecie, jest bardziej podatna na s\u0142o\u0144ce, wiatr, mr\u00f3z, wod\u0119\u2026 O sk\u00f3r\u0119 dziecka nale\u017cy dba\u0107 ju\u017c od samego urodzenia!<\/p>\n<p>Krem ochronny do sk\u00f3ry dziecka \u201eBaby Bamboo\u201d zadba o sk\u00f3r\u0119 dziecka ju\u017c od pierwszych dni jego \u017cycia. Dzi\u0119ki naturalnemu sk\u0142adowi doskonale nadaje si\u0119 do piel\u0119gnacji delikatnej i wra\u017cliwej sk\u00f3ry dziecka.<\/p>\n<p>Krem dla dzieci \u201eBaby Bamboo\u201c:<br \/>\n&#8211; od\u017cywia i nawil\u017ca delikatn\u0105 sk\u00f3r\u0119;<br \/>\n&#8211; niezawodnie chroni przed wiatrem, zimnem i ciep\u0142em;<br \/>\n&#8211; usuwa sucho\u015b\u0107, \u0142uszczenie i podra\u017cnienia;<br \/>\n&#8211; mo\u017ce usun\u0105\u0107 odparzenia.<\/p>\n<p>Krem \u201eBaby Bamboo\u201c mo\u017cna u\u017cywa\u0107 pod pieluszk\u0105 \u2013 wytwarza wodoodporn\u0105 warstw\u0119, kt\u00f3ra buduje film lipidowy chroni\u0105cy przed podra\u017cnieniami. Dzi\u0119ki tej warstwie ochronnej pielucha nie b\u0119dzie si\u0119 ociera\u0107, a dziecku nic nie b\u0119dzie przeszkadza\u0107! W przypadku podra\u017cnienia krem z\u0142agodzi sk\u00f3r\u0119.<\/p>\n<p>Krem dla dzieci \u201eBaby Bamboo\u201c jest odpowiedni nie tylko dla dzieci: Olej, witaminy i ekstrakty, kt\u00f3re zawiera, doceni\u0105 r\u00f3wnie\u017c doro\u015bli!<\/p>\n<\/div>\n<div class=\"instruction\">\n<p><strong>ZASTOSOWANIE:<\/strong><\/p>\n<p>Krem nanie\u015b\u0107 na czyst\u0105 sk\u00f3r\u0119 dziecka i wmasowa\u0107.<\/p>\n<\/div>\n","protected":false},"excerpt":{"rendered":"<p>\u00a0Earn 3 points worth \u00a30.15 when buying this product Sk\u00f3ra dziecka r\u00f3\u017cni si\u0119 od sk\u00f3ry osoby doros\u0142ej. Po pierwsze, jest dwa razy cie\u0144sza, a wilgo\u0107 zawarta w niej \u0142atwo wytr\u0105ca si\u0119 podczas k\u0105pieli. Po drugie, sk\u00f3ra dziecka jest bardzo podatna na uszkodzenia i mniej chroniona przed przenikaniem infekcji. Po trzecie, jest bardziej podatna na s\u0142o\u0144ce, [&#8230;]\n","protected":false},"featured_media":5580,"comment_status":"open","ping_status":"closed","template":"","meta":[],"product_cat":[765],"product_tag":[],"class_list":{"0":"post-5584","1":"product","2":"type-product","3":"status-publish","4":"has-post-thumbnail","6":"product_cat-dla-dzieci","8":"first","9":"outofstock","10":"downloadable","11":"shipping-taxable","12":"purchasable","13":"product-type-simple"},"yoast_head":"<!-- This site is optimized with the Yoast SEO plugin v23.6 - https:\/\/yoast.com\/wordpress\/plugins\/seo\/ -->\n<title>Dzieci\u0119cy krem ochronny do cia\u0142a Baby Bambo,50g - TianDe Online Shop - Beauty &amp; Health<\/title>\n<meta name=\"robots\" content=\"index, follow, max-snippet:-1, max-image-preview:large, max-video-preview:-1\" \/>\n<link rel=\"canonical\" href=\"https:\/\/tiandeproducts.co.uk\/pl\/dzieciecy-krem-ochronny-do-ciala-baby-bambo50g\/\" \/>\n<meta property=\"og:locale\" content=\"pl_PL\" \/>\n<meta property=\"og:type\" content=\"article\" \/>\n<meta property=\"og:title\" content=\"Dzieci\u0119cy krem ochronny do cia\u0142a Baby Bambo,50g - TianDe Online Shop - Beauty &amp; Health\" \/>\n<meta property=\"og:description\" content=\"\u00a0Earn 3 points worth \u00a30.15 when buying this product Sk\u00f3ra dziecka r\u00f3\u017cni si\u0119 od sk\u00f3ry osoby doros\u0142ej. Po pierwsze, jest dwa razy cie\u0144sza, a wilgo\u0107 zawarta w niej \u0142atwo wytr\u0105ca si\u0119 podczas k\u0105pieli. Po drugie, sk\u00f3ra dziecka jest bardzo podatna na uszkodzenia i mniej chroniona przed przenikaniem infekcji. Po trzecie, jest bardziej podatna na s\u0142o\u0144ce, [...]\" \/>\n<meta property=\"og:url\" content=\"https:\/\/tiandeproducts.co.uk\/pl\/dzieciecy-krem-ochronny-do-ciala-baby-bambo50g\/\" \/>\n<meta property=\"og:site_name\" content=\"TianDe Online Shop - Beauty &amp; Health\" \/>\n<meta property=\"article:publisher\" content=\"https:\/\/www.facebook.com\/tiande.products.england\/\" \/>\n<meta property=\"article:modified_time\" content=\"2021-02-25T11:56:49+00:00\" \/>\n<meta property=\"og:image\" content=\"https:\/\/tiandeproducts.co.uk\/wp-content\/uploads\/40124.png\" \/>\n\t<meta property=\"og:image:width\" content=\"700\" \/>\n\t<meta property=\"og:image:height\" content=\"700\" \/>\n\t<meta property=\"og:image:type\" content=\"image\/png\" \/>\n<meta name=\"twitter:card\" content=\"summary_large_image\" \/>\n<meta name=\"twitter:label1\" content=\"Szacowany czas czytania\" \/>\n\t<meta name=\"twitter:data1\" content=\"1 minuta\" \/>\n<script type=\"application\/ld+json\" class=\"yoast-schema-graph\">{\"@context\":\"https:\/\/schema.org\",\"@graph\":[{\"@type\":\"WebPage\",\"@id\":\"https:\/\/tiandeproducts.co.uk\/pl\/dzieciecy-krem-ochronny-do-ciala-baby-bambo50g\/\",\"url\":\"https:\/\/tiandeproducts.co.uk\/pl\/dzieciecy-krem-ochronny-do-ciala-baby-bambo50g\/\",\"name\":\"Dzieci\u0119cy krem ochronny do cia\u0142a Baby Bambo,50g - TianDe Online Shop - Beauty &amp; Health\",\"isPartOf\":{\"@id\":\"https:\/\/tiandeproducts.co.uk\/#website\"},\"primaryImageOfPage\":{\"@id\":\"https:\/\/tiandeproducts.co.uk\/pl\/dzieciecy-krem-ochronny-do-ciala-baby-bambo50g\/#primaryimage\"},\"image\":{\"@id\":\"https:\/\/tiandeproducts.co.uk\/pl\/dzieciecy-krem-ochronny-do-ciala-baby-bambo50g\/#primaryimage\"},\"thumbnailUrl\":\"https:\/\/tiandeproducts.co.uk\/wp-content\/uploads\/40124.png\",\"datePublished\":\"2019-09-19T06:36:14+00:00\",\"dateModified\":\"2021-02-25T11:56:49+00:00\",\"breadcrumb\":{\"@id\":\"https:\/\/tiandeproducts.co.uk\/pl\/dzieciecy-krem-ochronny-do-ciala-baby-bambo50g\/#breadcrumb\"},\"inLanguage\":\"pl-PL\",\"potentialAction\":[{\"@type\":\"ReadAction\",\"target\":[\"https:\/\/tiandeproducts.co.uk\/pl\/dzieciecy-krem-ochronny-do-ciala-baby-bambo50g\/\"]}]},{\"@type\":\"ImageObject\",\"inLanguage\":\"pl-PL\",\"@id\":\"https:\/\/tiandeproducts.co.uk\/pl\/dzieciecy-krem-ochronny-do-ciala-baby-bambo50g\/#primaryimage\",\"url\":\"https:\/\/tiandeproducts.co.uk\/wp-content\/uploads\/40124.png\",\"contentUrl\":\"https:\/\/tiandeproducts.co.uk\/wp-content\/uploads\/40124.png\",\"width\":700,\"height\":700},{\"@type\":\"BreadcrumbList\",\"@id\":\"https:\/\/tiandeproducts.co.uk\/pl\/dzieciecy-krem-ochronny-do-ciala-baby-bambo50g\/#breadcrumb\",\"itemListElement\":[{\"@type\":\"ListItem\",\"position\":1,\"name\":\"Home\",\"item\":\"https:\/\/tiandeproducts.co.uk\/pl\/\"},{\"@type\":\"ListItem\",\"position\":2,\"name\":\"Shop\",\"item\":\"https:\/\/tiandeproducts.co.uk\/pl\/shop-2\/\"},{\"@type\":\"ListItem\",\"position\":3,\"name\":\"Dzieci\u0119cy krem ochronny do cia\u0142a Baby Bambo,50g\"}]},{\"@type\":\"WebSite\",\"@id\":\"https:\/\/tiandeproducts.co.uk\/#website\",\"url\":\"https:\/\/tiandeproducts.co.uk\/\",\"name\":\"TianDe Online Shop - Beauty & Health\",\"description\":\"Traditional Chinese Medicine\",\"potentialAction\":[{\"@type\":\"SearchAction\",\"target\":{\"@type\":\"EntryPoint\",\"urlTemplate\":\"https:\/\/tiandeproducts.co.uk\/?s={search_term_string}\"},\"query-input\":{\"@type\":\"PropertyValueSpecification\",\"valueRequired\":true,\"valueName\":\"search_term_string\"}}],\"inLanguage\":\"pl-PL\"}]}<\/script>\n<!-- \/ Yoast SEO plugin. -->","yoast_head_json":{"title":"Dzieci\u0119cy krem ochronny do cia\u0142a Baby Bambo,50g - TianDe Online Shop - Beauty &amp; Health","robots":{"index":"index","follow":"follow","max-snippet":"max-snippet:-1","max-image-preview":"max-image-preview:large","max-video-preview":"max-video-preview:-1"},"canonical":"https:\/\/tiandeproducts.co.uk\/pl\/dzieciecy-krem-ochronny-do-ciala-baby-bambo50g\/","og_locale":"pl_PL","og_type":"article","og_title":"Dzieci\u0119cy krem ochronny do cia\u0142a Baby Bambo,50g - TianDe Online Shop - Beauty &amp; Health","og_description":"\u00a0Earn 3 points worth \u00a30.15 when buying this product Sk\u00f3ra dziecka r\u00f3\u017cni si\u0119 od sk\u00f3ry osoby doros\u0142ej. Po pierwsze, jest dwa razy cie\u0144sza, a wilgo\u0107 zawarta w niej \u0142atwo wytr\u0105ca si\u0119 podczas k\u0105pieli. Po drugie, sk\u00f3ra dziecka jest bardzo podatna na uszkodzenia i mniej chroniona przed przenikaniem infekcji. Po trzecie, jest bardziej podatna na s\u0142o\u0144ce, [...]","og_url":"https:\/\/tiandeproducts.co.uk\/pl\/dzieciecy-krem-ochronny-do-ciala-baby-bambo50g\/","og_site_name":"TianDe Online Shop - Beauty &amp; Health","article_publisher":"https:\/\/www.facebook.com\/tiande.products.england\/","article_modified_time":"2021-02-25T11:56:49+00:00","og_image":[{"width":700,"height":700,"url":"https:\/\/tiandeproducts.co.uk\/wp-content\/uploads\/40124.png","type":"image\/png"}],"twitter_card":"summary_large_image","twitter_misc":{"Szacowany czas czytania":"1 minuta"},"schema":{"@context":"https:\/\/schema.org","@graph":[{"@type":"WebPage","@id":"https:\/\/tiandeproducts.co.uk\/pl\/dzieciecy-krem-ochronny-do-ciala-baby-bambo50g\/","url":"https:\/\/tiandeproducts.co.uk\/pl\/dzieciecy-krem-ochronny-do-ciala-baby-bambo50g\/","name":"Dzieci\u0119cy krem ochronny do cia\u0142a Baby Bambo,50g - TianDe Online Shop - Beauty &amp; Health","isPartOf":{"@id":"https:\/\/tiandeproducts.co.uk\/#website"},"primaryImageOfPage":{"@id":"https:\/\/tiandeproducts.co.uk\/pl\/dzieciecy-krem-ochronny-do-ciala-baby-bambo50g\/#primaryimage"},"image":{"@id":"https:\/\/tiandeproducts.co.uk\/pl\/dzieciecy-krem-ochronny-do-ciala-baby-bambo50g\/#primaryimage"},"thumbnailUrl":"https:\/\/tiandeproducts.co.uk\/wp-content\/uploads\/40124.png","datePublished":"2019-09-19T06:36:14+00:00","dateModified":"2021-02-25T11:56:49+00:00","breadcrumb":{"@id":"https:\/\/tiandeproducts.co.uk\/pl\/dzieciecy-krem-ochronny-do-ciala-baby-bambo50g\/#breadcrumb"},"inLanguage":"pl-PL","potentialAction":[{"@type":"ReadAction","target":["https:\/\/tiandeproducts.co.uk\/pl\/dzieciecy-krem-ochronny-do-ciala-baby-bambo50g\/"]}]},{"@type":"ImageObject","inLanguage":"pl-PL","@id":"https:\/\/tiandeproducts.co.uk\/pl\/dzieciecy-krem-ochronny-do-ciala-baby-bambo50g\/#primaryimage","url":"https:\/\/tiandeproducts.co.uk\/wp-content\/uploads\/40124.png","contentUrl":"https:\/\/tiandeproducts.co.uk\/wp-content\/uploads\/40124.png","width":700,"height":700},{"@type":"BreadcrumbList","@id":"https:\/\/tiandeproducts.co.uk\/pl\/dzieciecy-krem-ochronny-do-ciala-baby-bambo50g\/#breadcrumb","itemListElement":[{"@type":"ListItem","position":1,"name":"Home","item":"https:\/\/tiandeproducts.co.uk\/pl\/"},{"@type":"ListItem","position":2,"name":"Shop","item":"https:\/\/tiandeproducts.co.uk\/pl\/shop-2\/"},{"@type":"ListItem","position":3,"name":"Dzieci\u0119cy krem ochronny do cia\u0142a Baby Bambo,50g"}]},{"@type":"WebSite","@id":"https:\/\/tiandeproducts.co.uk\/#website","url":"https:\/\/tiandeproducts.co.uk\/","name":"TianDe Online Shop - Beauty & Health","description":"Traditional Chinese Medicine","potentialAction":[{"@type":"SearchAction","target":{"@type":"EntryPoint","urlTemplate":"https:\/\/tiandeproducts.co.uk\/?s={search_term_string}"},"query-input":{"@type":"PropertyValueSpecification","valueRequired":true,"valueName":"search_term_string"}}],"inLanguage":"pl-PL"}]}},"_links":{"self":[{"href":"https:\/\/tiandeproducts.co.uk\/pl\/wp-json\/wp\/v2\/product\/5584","targetHints":{"allow":["GET"]}}],"collection":[{"href":"https:\/\/tiandeproducts.co.uk\/pl\/wp-json\/wp\/v2\/product"}],"about":[{"href":"https:\/\/tiandeproducts.co.uk\/pl\/wp-json\/wp\/v2\/types\/product"}],"replies":[{"embeddable":true,"href":"https:\/\/tiandeproducts.co.uk\/pl\/wp-json\/wp\/v2\/comments?post=5584"}],"wp:featuredmedia":[{"embeddable":true,"href":"https:\/\/tiandeproducts.co.uk\/pl\/wp-json\/wp\/v2\/media\/5580"}],"wp:attachment":[{"href":"https:\/\/tiandeproducts.co.uk\/pl\/wp-json\/wp\/v2\/media?parent=5584"}],"wp:term":[{"taxonomy":"product_cat","embeddable":true,"href":"https:\/\/tiandeproducts.co.uk\/pl\/wp-json\/wp\/v2\/product_cat?post=5584"},{"taxonomy":"product_tag","embeddable":true,"href":"https:\/\/tiandeproducts.co.uk\/pl\/wp-json\/wp\/v2\/product_tag?post=5584"}],"curies":[{"name":"wp","href":"https:\/\/api.w.org\/{rel}","templated":true}]}}