{"id":5569,"date":"2017-04-01T09:32:22","date_gmt":"2017-04-01T08:32:22","guid":{"rendered":"https:\/\/www.tiandeproducts.co.uk\/balsam-zmiekczajacy-usta10g\/"},"modified":"2021-02-25T11:48:28","modified_gmt":"2021-02-25T11:48:28","slug":"balsam-zmiekczajacy-usta10g","status":"publish","type":"product","link":"https:\/\/tiandeproducts.co.uk\/pl\/balsam-zmiekczajacy-usta10g\/","title":{"rendered":"Balsam zmi\u0119kczaj\u0105cy usta,10g"},"content":{"rendered":"<div class=\"description\">\n<p><img decoding=\"async\" style=\"max-width: 16px; margin-right: 5px;\" src=\"https:\/\/tiandeproducts.co.uk\/wp-content\/uploads\/points-green.svg\" \/>\u00a0Earn 7 points worth \u00a30.35 when buying this product<\/p>\n<p>Delikatne i aksamitne, mi\u0119kkie i nawil\u017cone&#8230; Usta piel\u0119gnowane balsamem Fucoidan od TianDe tak w\u0142a\u015bnie b\u0119d\u0105 namawia\u0107 do poca\u0142unku!<\/p>\n<p>Z nowym balsamem super zmi\u0119kczaj\u0105cym Twoje usta bez wzgl\u0119du na pogod\u0119 b\u0119d\u0105 pod ochron\u0105. Kosmetyk stanowi skuteczn\u0105 barier\u0119 mi\u0119dzy szkodliwym wp\u0142ywem czynnik\u00f3w zewn\u0119trznych a cienk\u0105 sk\u00f3r\u0105 ust, zapobiegaj\u0105c ich wysuszeniu i z\u0142uszczaniu si\u0119.<\/p>\n<p>Balsam zmi\u0119kczaj\u0105cy usta Fucoidan mo\u017cna u\u017cywa\u0107 nie tylko do ust. B\u0119dzie on znakomicie dzia\u0142a\u0142 na wszystkie zgrubia\u0142e fragmenty sk\u00f3ry. Niewielka ilo\u015b\u0107 balsamu pomo\u017ce Ci przywr\u00f3ci\u0107 mi\u0119kko\u015b\u0107 i delikatno\u015b\u0107 nawet sk\u00f3rze na \u0142okciach i pi\u0119tach.<\/p>\n<\/div>\n<div class=\"instruction\">\n<p><strong>ZASTOSOWANIE:<\/strong><\/p>\n<p>Nanie\u015b balsam na usta lub zgrubia\u0142e fragmenty sk\u00f3ry.<\/p>\n<\/div>\n","protected":false},"excerpt":{"rendered":"<p>\u00a0Earn 7 points worth \u00a30.35 when buying this product Delikatne i aksamitne, mi\u0119kkie i nawil\u017cone&#8230; Usta piel\u0119gnowane balsamem Fucoidan od TianDe tak w\u0142a\u015bnie b\u0119d\u0105 namawia\u0107 do poca\u0142unku! Z nowym balsamem super zmi\u0119kczaj\u0105cym Twoje usta bez wzgl\u0119du na pogod\u0119 b\u0119d\u0105 pod ochron\u0105. Kosmetyk stanowi skuteczn\u0105 barier\u0119 mi\u0119dzy szkodliwym wp\u0142ywem czynnik\u00f3w zewn\u0119trznych a cienk\u0105 sk\u00f3r\u0105 ust, zapobiegaj\u0105c [&#8230;]\n","protected":false},"featured_media":1513,"comment_status":"closed","ping_status":"closed","template":"","meta":[],"product_cat":[858,816,898],"product_tag":[],"class_list":{"0":"post-5569","1":"product","2":"type-product","3":"status-publish","4":"has-post-thumbnail","6":"product_cat-balsamy-do-ust","7":"product_cat-makijaz-pl","8":"product_cat-usta-pl","10":"first","11":"instock","12":"shipping-taxable","13":"purchasable","14":"product-type-simple"},"yoast_head":"<!-- This site is optimized with the Yoast SEO plugin v23.6 - https:\/\/yoast.com\/wordpress\/plugins\/seo\/ -->\n<title>Balsam zmi\u0119kczaj\u0105cy usta,10g - TianDe Online Shop - Beauty &amp; Health<\/title>\n<meta name=\"robots\" content=\"index, follow, max-snippet:-1, max-image-preview:large, max-video-preview:-1\" \/>\n<link rel=\"canonical\" href=\"https:\/\/tiandeproducts.co.uk\/pl\/balsam-zmiekczajacy-usta10g\/\" \/>\n<meta property=\"og:locale\" content=\"pl_PL\" \/>\n<meta property=\"og:type\" content=\"article\" \/>\n<meta property=\"og:title\" content=\"Balsam zmi\u0119kczaj\u0105cy usta,10g - TianDe Online Shop - Beauty &amp; Health\" \/>\n<meta property=\"og:description\" content=\"\u00a0Earn 7 points worth \u00a30.35 when buying this product Delikatne i aksamitne, mi\u0119kkie i nawil\u017cone&#8230; Usta piel\u0119gnowane balsamem Fucoidan od TianDe tak w\u0142a\u015bnie b\u0119d\u0105 namawia\u0107 do poca\u0142unku! Z nowym balsamem super zmi\u0119kczaj\u0105cym Twoje usta bez wzgl\u0119du na pogod\u0119 b\u0119d\u0105 pod ochron\u0105. Kosmetyk stanowi skuteczn\u0105 barier\u0119 mi\u0119dzy szkodliwym wp\u0142ywem czynnik\u00f3w zewn\u0119trznych a cienk\u0105 sk\u00f3r\u0105 ust, zapobiegaj\u0105c [...]\" \/>\n<meta property=\"og:url\" content=\"https:\/\/tiandeproducts.co.uk\/pl\/balsam-zmiekczajacy-usta10g\/\" \/>\n<meta property=\"og:site_name\" content=\"TianDe Online Shop - Beauty &amp; Health\" \/>\n<meta property=\"article:publisher\" content=\"https:\/\/www.facebook.com\/tiande.products.england\/\" \/>\n<meta property=\"article:modified_time\" content=\"2021-02-25T11:48:28+00:00\" \/>\n<meta property=\"og:image\" content=\"https:\/\/tiandeproducts.co.uk\/wp-content\/uploads\/2017\/04\/85607.jpg\" \/>\n\t<meta property=\"og:image:width\" content=\"800\" \/>\n\t<meta property=\"og:image:height\" content=\"800\" \/>\n\t<meta property=\"og:image:type\" content=\"image\/jpeg\" \/>\n<meta name=\"twitter:card\" content=\"summary_large_image\" \/>\n<meta name=\"twitter:label1\" content=\"Szacowany czas czytania\" \/>\n\t<meta name=\"twitter:data1\" content=\"1 minuta\" \/>\n<script type=\"application\/ld+json\" class=\"yoast-schema-graph\">{\"@context\":\"https:\/\/schema.org\",\"@graph\":[{\"@type\":\"WebPage\",\"@id\":\"https:\/\/tiandeproducts.co.uk\/pl\/balsam-zmiekczajacy-usta10g\/\",\"url\":\"https:\/\/tiandeproducts.co.uk\/pl\/balsam-zmiekczajacy-usta10g\/\",\"name\":\"Balsam zmi\u0119kczaj\u0105cy usta,10g - TianDe Online Shop - Beauty &amp; Health\",\"isPartOf\":{\"@id\":\"https:\/\/tiandeproducts.co.uk\/#website\"},\"primaryImageOfPage\":{\"@id\":\"https:\/\/tiandeproducts.co.uk\/pl\/balsam-zmiekczajacy-usta10g\/#primaryimage\"},\"image\":{\"@id\":\"https:\/\/tiandeproducts.co.uk\/pl\/balsam-zmiekczajacy-usta10g\/#primaryimage\"},\"thumbnailUrl\":\"https:\/\/tiandeproducts.co.uk\/wp-content\/uploads\/2017\/04\/85607.jpg\",\"datePublished\":\"2017-04-01T08:32:22+00:00\",\"dateModified\":\"2021-02-25T11:48:28+00:00\",\"breadcrumb\":{\"@id\":\"https:\/\/tiandeproducts.co.uk\/pl\/balsam-zmiekczajacy-usta10g\/#breadcrumb\"},\"inLanguage\":\"pl-PL\",\"potentialAction\":[{\"@type\":\"ReadAction\",\"target\":[\"https:\/\/tiandeproducts.co.uk\/pl\/balsam-zmiekczajacy-usta10g\/\"]}]},{\"@type\":\"ImageObject\",\"inLanguage\":\"pl-PL\",\"@id\":\"https:\/\/tiandeproducts.co.uk\/pl\/balsam-zmiekczajacy-usta10g\/#primaryimage\",\"url\":\"https:\/\/tiandeproducts.co.uk\/wp-content\/uploads\/2017\/04\/85607.jpg\",\"contentUrl\":\"https:\/\/tiandeproducts.co.uk\/wp-content\/uploads\/2017\/04\/85607.jpg\",\"width\":800,\"height\":800,\"caption\":\"Lip Soothing Balm,10g-0\"},{\"@type\":\"BreadcrumbList\",\"@id\":\"https:\/\/tiandeproducts.co.uk\/pl\/balsam-zmiekczajacy-usta10g\/#breadcrumb\",\"itemListElement\":[{\"@type\":\"ListItem\",\"position\":1,\"name\":\"Home\",\"item\":\"https:\/\/tiandeproducts.co.uk\/pl\/\"},{\"@type\":\"ListItem\",\"position\":2,\"name\":\"Shop\",\"item\":\"https:\/\/tiandeproducts.co.uk\/pl\/shop-2\/\"},{\"@type\":\"ListItem\",\"position\":3,\"name\":\"Balsam zmi\u0119kczaj\u0105cy usta,10g\"}]},{\"@type\":\"WebSite\",\"@id\":\"https:\/\/tiandeproducts.co.uk\/#website\",\"url\":\"https:\/\/tiandeproducts.co.uk\/\",\"name\":\"TianDe Online Shop - Beauty & Health\",\"description\":\"Traditional Chinese Medicine\",\"potentialAction\":[{\"@type\":\"SearchAction\",\"target\":{\"@type\":\"EntryPoint\",\"urlTemplate\":\"https:\/\/tiandeproducts.co.uk\/?s={search_term_string}\"},\"query-input\":{\"@type\":\"PropertyValueSpecification\",\"valueRequired\":true,\"valueName\":\"search_term_string\"}}],\"inLanguage\":\"pl-PL\"}]}<\/script>\n<!-- \/ Yoast SEO plugin. -->","yoast_head_json":{"title":"Balsam zmi\u0119kczaj\u0105cy usta,10g - TianDe Online Shop - Beauty &amp; Health","robots":{"index":"index","follow":"follow","max-snippet":"max-snippet:-1","max-image-preview":"max-image-preview:large","max-video-preview":"max-video-preview:-1"},"canonical":"https:\/\/tiandeproducts.co.uk\/pl\/balsam-zmiekczajacy-usta10g\/","og_locale":"pl_PL","og_type":"article","og_title":"Balsam zmi\u0119kczaj\u0105cy usta,10g - TianDe Online Shop - Beauty &amp; Health","og_description":"\u00a0Earn 7 points worth \u00a30.35 when buying this product Delikatne i aksamitne, mi\u0119kkie i nawil\u017cone&#8230; Usta piel\u0119gnowane balsamem Fucoidan od TianDe tak w\u0142a\u015bnie b\u0119d\u0105 namawia\u0107 do poca\u0142unku! Z nowym balsamem super zmi\u0119kczaj\u0105cym Twoje usta bez wzgl\u0119du na pogod\u0119 b\u0119d\u0105 pod ochron\u0105. Kosmetyk stanowi skuteczn\u0105 barier\u0119 mi\u0119dzy szkodliwym wp\u0142ywem czynnik\u00f3w zewn\u0119trznych a cienk\u0105 sk\u00f3r\u0105 ust, zapobiegaj\u0105c [...]","og_url":"https:\/\/tiandeproducts.co.uk\/pl\/balsam-zmiekczajacy-usta10g\/","og_site_name":"TianDe Online Shop - Beauty &amp; Health","article_publisher":"https:\/\/www.facebook.com\/tiande.products.england\/","article_modified_time":"2021-02-25T11:48:28+00:00","og_image":[{"width":800,"height":800,"url":"https:\/\/tiandeproducts.co.uk\/wp-content\/uploads\/2017\/04\/85607.jpg","type":"image\/jpeg"}],"twitter_card":"summary_large_image","twitter_misc":{"Szacowany czas czytania":"1 minuta"},"schema":{"@context":"https:\/\/schema.org","@graph":[{"@type":"WebPage","@id":"https:\/\/tiandeproducts.co.uk\/pl\/balsam-zmiekczajacy-usta10g\/","url":"https:\/\/tiandeproducts.co.uk\/pl\/balsam-zmiekczajacy-usta10g\/","name":"Balsam zmi\u0119kczaj\u0105cy usta,10g - TianDe Online Shop - Beauty &amp; Health","isPartOf":{"@id":"https:\/\/tiandeproducts.co.uk\/#website"},"primaryImageOfPage":{"@id":"https:\/\/tiandeproducts.co.uk\/pl\/balsam-zmiekczajacy-usta10g\/#primaryimage"},"image":{"@id":"https:\/\/tiandeproducts.co.uk\/pl\/balsam-zmiekczajacy-usta10g\/#primaryimage"},"thumbnailUrl":"https:\/\/tiandeproducts.co.uk\/wp-content\/uploads\/2017\/04\/85607.jpg","datePublished":"2017-04-01T08:32:22+00:00","dateModified":"2021-02-25T11:48:28+00:00","breadcrumb":{"@id":"https:\/\/tiandeproducts.co.uk\/pl\/balsam-zmiekczajacy-usta10g\/#breadcrumb"},"inLanguage":"pl-PL","potentialAction":[{"@type":"ReadAction","target":["https:\/\/tiandeproducts.co.uk\/pl\/balsam-zmiekczajacy-usta10g\/"]}]},{"@type":"ImageObject","inLanguage":"pl-PL","@id":"https:\/\/tiandeproducts.co.uk\/pl\/balsam-zmiekczajacy-usta10g\/#primaryimage","url":"https:\/\/tiandeproducts.co.uk\/wp-content\/uploads\/2017\/04\/85607.jpg","contentUrl":"https:\/\/tiandeproducts.co.uk\/wp-content\/uploads\/2017\/04\/85607.jpg","width":800,"height":800,"caption":"Lip Soothing Balm,10g-0"},{"@type":"BreadcrumbList","@id":"https:\/\/tiandeproducts.co.uk\/pl\/balsam-zmiekczajacy-usta10g\/#breadcrumb","itemListElement":[{"@type":"ListItem","position":1,"name":"Home","item":"https:\/\/tiandeproducts.co.uk\/pl\/"},{"@type":"ListItem","position":2,"name":"Shop","item":"https:\/\/tiandeproducts.co.uk\/pl\/shop-2\/"},{"@type":"ListItem","position":3,"name":"Balsam zmi\u0119kczaj\u0105cy usta,10g"}]},{"@type":"WebSite","@id":"https:\/\/tiandeproducts.co.uk\/#website","url":"https:\/\/tiandeproducts.co.uk\/","name":"TianDe Online Shop - Beauty & Health","description":"Traditional Chinese Medicine","potentialAction":[{"@type":"SearchAction","target":{"@type":"EntryPoint","urlTemplate":"https:\/\/tiandeproducts.co.uk\/?s={search_term_string}"},"query-input":{"@type":"PropertyValueSpecification","valueRequired":true,"valueName":"search_term_string"}}],"inLanguage":"pl-PL"}]}},"_links":{"self":[{"href":"https:\/\/tiandeproducts.co.uk\/pl\/wp-json\/wp\/v2\/product\/5569","targetHints":{"allow":["GET"]}}],"collection":[{"href":"https:\/\/tiandeproducts.co.uk\/pl\/wp-json\/wp\/v2\/product"}],"about":[{"href":"https:\/\/tiandeproducts.co.uk\/pl\/wp-json\/wp\/v2\/types\/product"}],"replies":[{"embeddable":true,"href":"https:\/\/tiandeproducts.co.uk\/pl\/wp-json\/wp\/v2\/comments?post=5569"}],"wp:featuredmedia":[{"embeddable":true,"href":"https:\/\/tiandeproducts.co.uk\/pl\/wp-json\/wp\/v2\/media\/1513"}],"wp:attachment":[{"href":"https:\/\/tiandeproducts.co.uk\/pl\/wp-json\/wp\/v2\/media?parent=5569"}],"wp:term":[{"taxonomy":"product_cat","embeddable":true,"href":"https:\/\/tiandeproducts.co.uk\/pl\/wp-json\/wp\/v2\/product_cat?post=5569"},{"taxonomy":"product_tag","embeddable":true,"href":"https:\/\/tiandeproducts.co.uk\/pl\/wp-json\/wp\/v2\/product_tag?post=5569"}],"curies":[{"name":"wp","href":"https:\/\/api.w.org\/{rel}","templated":true}]}}