{"id":5560,"date":"2017-04-01T10:58:26","date_gmt":"2017-04-01T09:58:26","guid":{"rendered":"https:\/\/www.tiandeproducts.co.uk\/sol-do-pielegnacji-ciala-z-wyciagiem-z-alg-morskich150g-2\/"},"modified":"2021-02-12T12:59:06","modified_gmt":"2021-02-12T12:59:06","slug":"sol-do-pielegnacji-ciala-z-wyciagiem-z-alg-morskich150g-2","status":"publish","type":"product","link":"https:\/\/tiandeproducts.co.uk\/pl\/sol-do-pielegnacji-ciala-z-wyciagiem-z-alg-morskich150g-2\/","title":{"rendered":"S\u00f3l do piel\u0119gnacji cia\u0142a z wyci\u0105giem z alg morskich,150g"},"content":{"rendered":"<div class=\"description\">\n<p><img decoding=\"async\" style=\"max-width: 16px; margin-right: 5px;\" src=\"https:\/\/tiandeproducts.co.uk\/wp-content\/uploads\/points-green.svg\" \/>\u00a0Earn 15 points worth \u00a30.75 when buying this product<\/p>\n<p>S\u00f3l do piel\u0119gnacji cia\u0142a z algami morskimi skutecznie oczyszcza i z\u0142uszcza sk\u00f3r\u0119, zwi\u0119ksza jej spr\u0119\u017cysto\u015b\u0107, nawil\u017ca, zmi\u0119kcza i od\u017cywia oraz utrzymuje r\u00f3wnowag\u0119 wodn\u0105 w sk\u00f3rze.<\/p>\n<p>Kosmetyk zawiera w swoim sk\u0142adzie morszczyn p\u0119cherzykowaty (glon wyst\u0119puj\u0105cy w Oceanie Spokojnym), kt\u00f3ry bardzo dobrze zachowuje wilgo\u0107 w sk\u00f3rze, dostarcza jej witamin, makro- i mikroelement\u00f3w.<\/p>\n<\/div>\n<div class=\"instruction\">\n<p><strong>ZASTOSOWANIE:<\/strong><\/p>\n<p>Niewielk\u0105 ilo\u015b\u0107 soli nanie\u015b\u0107 na mokr\u0105 sk\u00f3r\u0119 \u0142agodnymi okr\u0119\u017cnymi ruchami Po u\u017cyciu sp\u0142uka\u0107 wod\u0105.<\/p>\n<\/div>\n","protected":false},"excerpt":{"rendered":"<p>\u00a0Earn 15 points worth \u00a30.75 when buying this product S\u00f3l do piel\u0119gnacji cia\u0142a z algami morskimi skutecznie oczyszcza i z\u0142uszcza sk\u00f3r\u0119, zwi\u0119ksza jej spr\u0119\u017cysto\u015b\u0107, nawil\u017ca, zmi\u0119kcza i od\u017cywia oraz utrzymuje r\u00f3wnowag\u0119 wodn\u0105 w sk\u00f3rze. Kosmetyk zawiera w swoim sk\u0142adzie morszczyn p\u0119cherzykowaty (glon wyst\u0119puj\u0105cy w Oceanie Spokojnym), kt\u00f3ry bardzo dobrze zachowuje wilgo\u0107 w sk\u00f3rze, dostarcza jej [&#8230;]\n","protected":false},"featured_media":1561,"comment_status":"closed","ping_status":"closed","template":"","meta":[],"product_cat":[498,554,735],"product_tag":[],"class_list":{"0":"post-5560","1":"product","2":"type-product","3":"status-publish","4":"has-post-thumbnail","6":"product_cat-pielegnacja-ciala","7":"product_cat-hainan-tao-pl","8":"product_cat-kremy","10":"first","11":"instock","12":"shipping-taxable","13":"purchasable","14":"product-type-simple"},"yoast_head":"<!-- This site is optimized with the Yoast SEO plugin v23.6 - https:\/\/yoast.com\/wordpress\/plugins\/seo\/ -->\n<title>S\u00f3l do piel\u0119gnacji cia\u0142a z wyci\u0105giem z alg morskich,150g - TianDe Online Shop - Beauty &amp; Health<\/title>\n<meta name=\"robots\" content=\"index, follow, max-snippet:-1, max-image-preview:large, max-video-preview:-1\" \/>\n<link rel=\"canonical\" href=\"https:\/\/tiandeproducts.co.uk\/pl\/sol-do-pielegnacji-ciala-z-wyciagiem-z-alg-morskich150g-2\/\" \/>\n<meta property=\"og:locale\" content=\"pl_PL\" \/>\n<meta property=\"og:type\" content=\"article\" \/>\n<meta property=\"og:title\" content=\"S\u00f3l do piel\u0119gnacji cia\u0142a z wyci\u0105giem z alg morskich,150g - TianDe Online Shop - Beauty &amp; Health\" \/>\n<meta property=\"og:description\" content=\"\u00a0Earn 15 points worth \u00a30.75 when buying this product S\u00f3l do piel\u0119gnacji cia\u0142a z algami morskimi skutecznie oczyszcza i z\u0142uszcza sk\u00f3r\u0119, zwi\u0119ksza jej spr\u0119\u017cysto\u015b\u0107, nawil\u017ca, zmi\u0119kcza i od\u017cywia oraz utrzymuje r\u00f3wnowag\u0119 wodn\u0105 w sk\u00f3rze. Kosmetyk zawiera w swoim sk\u0142adzie morszczyn p\u0119cherzykowaty (glon wyst\u0119puj\u0105cy w Oceanie Spokojnym), kt\u00f3ry bardzo dobrze zachowuje wilgo\u0107 w sk\u00f3rze, dostarcza jej [...]\" \/>\n<meta property=\"og:url\" content=\"https:\/\/tiandeproducts.co.uk\/pl\/sol-do-pielegnacji-ciala-z-wyciagiem-z-alg-morskich150g-2\/\" \/>\n<meta property=\"og:site_name\" content=\"TianDe Online Shop - Beauty &amp; Health\" \/>\n<meta property=\"article:publisher\" content=\"https:\/\/www.facebook.com\/tiande.products.england\/\" \/>\n<meta property=\"article:modified_time\" content=\"2021-02-12T12:59:06+00:00\" \/>\n<meta property=\"og:image\" content=\"https:\/\/tiandeproducts.co.uk\/wp-content\/uploads\/2017\/04\/32620.jpg\" \/>\n\t<meta property=\"og:image:width\" content=\"800\" \/>\n\t<meta property=\"og:image:height\" content=\"800\" \/>\n\t<meta property=\"og:image:type\" content=\"image\/jpeg\" \/>\n<meta name=\"twitter:card\" content=\"summary_large_image\" \/>\n<script type=\"application\/ld+json\" class=\"yoast-schema-graph\">{\"@context\":\"https:\/\/schema.org\",\"@graph\":[{\"@type\":\"WebPage\",\"@id\":\"https:\/\/tiandeproducts.co.uk\/pl\/sol-do-pielegnacji-ciala-z-wyciagiem-z-alg-morskich150g-2\/\",\"url\":\"https:\/\/tiandeproducts.co.uk\/pl\/sol-do-pielegnacji-ciala-z-wyciagiem-z-alg-morskich150g-2\/\",\"name\":\"S\u00f3l do piel\u0119gnacji cia\u0142a z wyci\u0105giem z alg morskich,150g - TianDe Online Shop - Beauty &amp; Health\",\"isPartOf\":{\"@id\":\"https:\/\/tiandeproducts.co.uk\/#website\"},\"primaryImageOfPage\":{\"@id\":\"https:\/\/tiandeproducts.co.uk\/pl\/sol-do-pielegnacji-ciala-z-wyciagiem-z-alg-morskich150g-2\/#primaryimage\"},\"image\":{\"@id\":\"https:\/\/tiandeproducts.co.uk\/pl\/sol-do-pielegnacji-ciala-z-wyciagiem-z-alg-morskich150g-2\/#primaryimage\"},\"thumbnailUrl\":\"https:\/\/tiandeproducts.co.uk\/wp-content\/uploads\/2017\/04\/32620.jpg\",\"datePublished\":\"2017-04-01T09:58:26+00:00\",\"dateModified\":\"2021-02-12T12:59:06+00:00\",\"breadcrumb\":{\"@id\":\"https:\/\/tiandeproducts.co.uk\/pl\/sol-do-pielegnacji-ciala-z-wyciagiem-z-alg-morskich150g-2\/#breadcrumb\"},\"inLanguage\":\"pl-PL\",\"potentialAction\":[{\"@type\":\"ReadAction\",\"target\":[\"https:\/\/tiandeproducts.co.uk\/pl\/sol-do-pielegnacji-ciala-z-wyciagiem-z-alg-morskich150g-2\/\"]}]},{\"@type\":\"ImageObject\",\"inLanguage\":\"pl-PL\",\"@id\":\"https:\/\/tiandeproducts.co.uk\/pl\/sol-do-pielegnacji-ciala-z-wyciagiem-z-alg-morskich150g-2\/#primaryimage\",\"url\":\"https:\/\/tiandeproducts.co.uk\/wp-content\/uploads\/2017\/04\/32620.jpg\",\"contentUrl\":\"https:\/\/tiandeproducts.co.uk\/wp-content\/uploads\/2017\/04\/32620.jpg\",\"width\":800,\"height\":800,\"caption\":\"Rich Seaweed Body Cream,200g-0\"},{\"@type\":\"BreadcrumbList\",\"@id\":\"https:\/\/tiandeproducts.co.uk\/pl\/sol-do-pielegnacji-ciala-z-wyciagiem-z-alg-morskich150g-2\/#breadcrumb\",\"itemListElement\":[{\"@type\":\"ListItem\",\"position\":1,\"name\":\"Home\",\"item\":\"https:\/\/tiandeproducts.co.uk\/pl\/\"},{\"@type\":\"ListItem\",\"position\":2,\"name\":\"Shop\",\"item\":\"https:\/\/tiandeproducts.co.uk\/pl\/shop-2\/\"},{\"@type\":\"ListItem\",\"position\":3,\"name\":\"S\u00f3l do piel\u0119gnacji cia\u0142a z wyci\u0105giem z alg morskich,150g\"}]},{\"@type\":\"WebSite\",\"@id\":\"https:\/\/tiandeproducts.co.uk\/#website\",\"url\":\"https:\/\/tiandeproducts.co.uk\/\",\"name\":\"TianDe Online Shop - Beauty & Health\",\"description\":\"Traditional Chinese Medicine\",\"potentialAction\":[{\"@type\":\"SearchAction\",\"target\":{\"@type\":\"EntryPoint\",\"urlTemplate\":\"https:\/\/tiandeproducts.co.uk\/?s={search_term_string}\"},\"query-input\":{\"@type\":\"PropertyValueSpecification\",\"valueRequired\":true,\"valueName\":\"search_term_string\"}}],\"inLanguage\":\"pl-PL\"}]}<\/script>\n<!-- \/ Yoast SEO plugin. -->","yoast_head_json":{"title":"S\u00f3l do piel\u0119gnacji cia\u0142a z wyci\u0105giem z alg morskich,150g - TianDe Online Shop - Beauty &amp; Health","robots":{"index":"index","follow":"follow","max-snippet":"max-snippet:-1","max-image-preview":"max-image-preview:large","max-video-preview":"max-video-preview:-1"},"canonical":"https:\/\/tiandeproducts.co.uk\/pl\/sol-do-pielegnacji-ciala-z-wyciagiem-z-alg-morskich150g-2\/","og_locale":"pl_PL","og_type":"article","og_title":"S\u00f3l do piel\u0119gnacji cia\u0142a z wyci\u0105giem z alg morskich,150g - TianDe Online Shop - Beauty &amp; Health","og_description":"\u00a0Earn 15 points worth \u00a30.75 when buying this product S\u00f3l do piel\u0119gnacji cia\u0142a z algami morskimi skutecznie oczyszcza i z\u0142uszcza sk\u00f3r\u0119, zwi\u0119ksza jej spr\u0119\u017cysto\u015b\u0107, nawil\u017ca, zmi\u0119kcza i od\u017cywia oraz utrzymuje r\u00f3wnowag\u0119 wodn\u0105 w sk\u00f3rze. Kosmetyk zawiera w swoim sk\u0142adzie morszczyn p\u0119cherzykowaty (glon wyst\u0119puj\u0105cy w Oceanie Spokojnym), kt\u00f3ry bardzo dobrze zachowuje wilgo\u0107 w sk\u00f3rze, dostarcza jej [...]","og_url":"https:\/\/tiandeproducts.co.uk\/pl\/sol-do-pielegnacji-ciala-z-wyciagiem-z-alg-morskich150g-2\/","og_site_name":"TianDe Online Shop - Beauty &amp; Health","article_publisher":"https:\/\/www.facebook.com\/tiande.products.england\/","article_modified_time":"2021-02-12T12:59:06+00:00","og_image":[{"width":800,"height":800,"url":"https:\/\/tiandeproducts.co.uk\/wp-content\/uploads\/2017\/04\/32620.jpg","type":"image\/jpeg"}],"twitter_card":"summary_large_image","schema":{"@context":"https:\/\/schema.org","@graph":[{"@type":"WebPage","@id":"https:\/\/tiandeproducts.co.uk\/pl\/sol-do-pielegnacji-ciala-z-wyciagiem-z-alg-morskich150g-2\/","url":"https:\/\/tiandeproducts.co.uk\/pl\/sol-do-pielegnacji-ciala-z-wyciagiem-z-alg-morskich150g-2\/","name":"S\u00f3l do piel\u0119gnacji cia\u0142a z wyci\u0105giem z alg morskich,150g - TianDe Online Shop - Beauty &amp; Health","isPartOf":{"@id":"https:\/\/tiandeproducts.co.uk\/#website"},"primaryImageOfPage":{"@id":"https:\/\/tiandeproducts.co.uk\/pl\/sol-do-pielegnacji-ciala-z-wyciagiem-z-alg-morskich150g-2\/#primaryimage"},"image":{"@id":"https:\/\/tiandeproducts.co.uk\/pl\/sol-do-pielegnacji-ciala-z-wyciagiem-z-alg-morskich150g-2\/#primaryimage"},"thumbnailUrl":"https:\/\/tiandeproducts.co.uk\/wp-content\/uploads\/2017\/04\/32620.jpg","datePublished":"2017-04-01T09:58:26+00:00","dateModified":"2021-02-12T12:59:06+00:00","breadcrumb":{"@id":"https:\/\/tiandeproducts.co.uk\/pl\/sol-do-pielegnacji-ciala-z-wyciagiem-z-alg-morskich150g-2\/#breadcrumb"},"inLanguage":"pl-PL","potentialAction":[{"@type":"ReadAction","target":["https:\/\/tiandeproducts.co.uk\/pl\/sol-do-pielegnacji-ciala-z-wyciagiem-z-alg-morskich150g-2\/"]}]},{"@type":"ImageObject","inLanguage":"pl-PL","@id":"https:\/\/tiandeproducts.co.uk\/pl\/sol-do-pielegnacji-ciala-z-wyciagiem-z-alg-morskich150g-2\/#primaryimage","url":"https:\/\/tiandeproducts.co.uk\/wp-content\/uploads\/2017\/04\/32620.jpg","contentUrl":"https:\/\/tiandeproducts.co.uk\/wp-content\/uploads\/2017\/04\/32620.jpg","width":800,"height":800,"caption":"Rich Seaweed Body Cream,200g-0"},{"@type":"BreadcrumbList","@id":"https:\/\/tiandeproducts.co.uk\/pl\/sol-do-pielegnacji-ciala-z-wyciagiem-z-alg-morskich150g-2\/#breadcrumb","itemListElement":[{"@type":"ListItem","position":1,"name":"Home","item":"https:\/\/tiandeproducts.co.uk\/pl\/"},{"@type":"ListItem","position":2,"name":"Shop","item":"https:\/\/tiandeproducts.co.uk\/pl\/shop-2\/"},{"@type":"ListItem","position":3,"name":"S\u00f3l do piel\u0119gnacji cia\u0142a z wyci\u0105giem z alg morskich,150g"}]},{"@type":"WebSite","@id":"https:\/\/tiandeproducts.co.uk\/#website","url":"https:\/\/tiandeproducts.co.uk\/","name":"TianDe Online Shop - Beauty & Health","description":"Traditional Chinese Medicine","potentialAction":[{"@type":"SearchAction","target":{"@type":"EntryPoint","urlTemplate":"https:\/\/tiandeproducts.co.uk\/?s={search_term_string}"},"query-input":{"@type":"PropertyValueSpecification","valueRequired":true,"valueName":"search_term_string"}}],"inLanguage":"pl-PL"}]}},"_links":{"self":[{"href":"https:\/\/tiandeproducts.co.uk\/pl\/wp-json\/wp\/v2\/product\/5560","targetHints":{"allow":["GET"]}}],"collection":[{"href":"https:\/\/tiandeproducts.co.uk\/pl\/wp-json\/wp\/v2\/product"}],"about":[{"href":"https:\/\/tiandeproducts.co.uk\/pl\/wp-json\/wp\/v2\/types\/product"}],"replies":[{"embeddable":true,"href":"https:\/\/tiandeproducts.co.uk\/pl\/wp-json\/wp\/v2\/comments?post=5560"}],"wp:featuredmedia":[{"embeddable":true,"href":"https:\/\/tiandeproducts.co.uk\/pl\/wp-json\/wp\/v2\/media\/1561"}],"wp:attachment":[{"href":"https:\/\/tiandeproducts.co.uk\/pl\/wp-json\/wp\/v2\/media?parent=5560"}],"wp:term":[{"taxonomy":"product_cat","embeddable":true,"href":"https:\/\/tiandeproducts.co.uk\/pl\/wp-json\/wp\/v2\/product_cat?post=5560"},{"taxonomy":"product_tag","embeddable":true,"href":"https:\/\/tiandeproducts.co.uk\/pl\/wp-json\/wp\/v2\/product_tag?post=5560"}],"curies":[{"name":"wp","href":"https:\/\/api.w.org\/{rel}","templated":true}]}}