{"id":5555,"date":"2017-04-05T16:31:43","date_gmt":"2017-04-05T15:31:43","guid":{"rendered":"https:\/\/www.tiandeproducts.co.uk\/mleczko-do-opalania-spf-30200ml\/"},"modified":"2021-02-12T12:51:09","modified_gmt":"2021-02-12T12:51:09","slug":"mleczko-do-opalania-spf-30200ml","status":"publish","type":"product","link":"https:\/\/tiandeproducts.co.uk\/pl\/mleczko-do-opalania-spf-30200ml\/","title":{"rendered":"Mleczko do opalania SPF 30,200ml"},"content":{"rendered":"<div class=\"description\">\n<p><img decoding=\"async\" style=\"max-width: 16px; margin-right: 5px;\" src=\"https:\/\/tiandeproducts.co.uk\/wp-content\/uploads\/points-green.svg\" \/>\u00a0Earn 17 points worth \u00a30.85 when buying this product<\/p>\n<p>Lubisz opala\u0107 si\u0119 na s\u0142o\u0144cu? Chcesz mie\u0107 doskona\u0142\u0105 opalenizn\u0119? Spe\u0142nij swoje marzenie z TianDe bez szkody dla swojego zdrowia i pi\u0119kna!<\/p>\n<p>Nie jest tajemnic\u0105, \u017ce ultrafiolet prowadzi do fotostarzenia si\u0119 sk\u00f3ry i mo\u017ce sta\u0107 si\u0119 przyczyn\u0105 wielu problem\u00f3w zdrowotnych. Co zatem robi\u0107? Odpowied\u017a jest na wyci\u0105gni\u0119cie r\u0119ki \u2013 u\u017cywa\u0107 dobrej jako\u015bci kosmetyku ochronnego TianDe i zdrowo si\u0119 opala\u0107!<\/p>\n<p>Delikatne mleczko do opalania o topniej\u0105cej konsystencji b\u0119dzie os\u0142on\u0105 Twojej sk\u00f3ry podczas k\u0105pieli s\u0142onecznych! Kosmetyk ma wysoki faktor ochronny SPF 30, kt\u00f3ry zapewni Ci d\u0142ugie i bezpieczne przebywanie na s\u0142o\u0144cu, ochroni sk\u00f3r\u0119 przed promieniowaniem ultrafioletowym: UVA i UVB.<\/p>\n<p>Mleczko jest wodoodporne, a wi\u0119c po kontakcie z wod\u0105 \u2013 nie trzeba b\u0119dzie nanosi\u0107 go ponownie. Dzi\u0119ki aktywnym komponentom mleczko do opalania TianDe nie tylko zapewni ochron\u0119 Twojej sk\u00f3ry przed dzia\u0142aniem ultrafioletu, ale r\u00f3wnie\u017c jej pi\u0119kno i delikatno\u015b\u0107.<\/p>\n<\/div>\n<div class=\"instruction\">\n<p><strong>ZASTOSOWANIE:<\/strong><\/p>\n<p>Nanie\u015b\u0107 mleczko na sk\u00f3r\u0119 delikatnymi, masuj\u0105cymi ruchami przed wyj\u015bciem z domu.<\/p>\n<\/div>\n","protected":false},"excerpt":{"rendered":"<p>\u00a0Earn 17 points worth \u00a30.85 when buying this product Lubisz opala\u0107 si\u0119 na s\u0142o\u0144cu? Chcesz mie\u0107 doskona\u0142\u0105 opalenizn\u0119? Spe\u0142nij swoje marzenie z TianDe bez szkody dla swojego zdrowia i pi\u0119kna! Nie jest tajemnic\u0105, \u017ce ultrafiolet prowadzi do fotostarzenia si\u0119 sk\u00f3ry i mo\u017ce sta\u0107 si\u0119 przyczyn\u0105 wielu problem\u00f3w zdrowotnych. Co zatem robi\u0107? Odpowied\u017a jest na wyci\u0105gni\u0119cie [&#8230;]\n","protected":false},"featured_media":1611,"comment_status":"closed","ping_status":"closed","template":"","meta":[],"product_cat":[498,735],"product_tag":[],"class_list":{"0":"post-5555","1":"product","2":"type-product","3":"status-publish","4":"has-post-thumbnail","6":"product_cat-pielegnacja-ciala","7":"product_cat-kremy","9":"first","10":"instock","11":"shipping-taxable","12":"purchasable","13":"product-type-simple"},"yoast_head":"<!-- This site is optimized with the Yoast SEO plugin v23.6 - https:\/\/yoast.com\/wordpress\/plugins\/seo\/ -->\n<title>Mleczko do opalania SPF 30,200ml - TianDe Online Shop - Beauty &amp; Health<\/title>\n<meta name=\"robots\" content=\"index, follow, max-snippet:-1, max-image-preview:large, max-video-preview:-1\" \/>\n<link rel=\"canonical\" href=\"https:\/\/tiandeproducts.co.uk\/pl\/mleczko-do-opalania-spf-30200ml\/\" \/>\n<meta property=\"og:locale\" content=\"pl_PL\" \/>\n<meta property=\"og:type\" content=\"article\" \/>\n<meta property=\"og:title\" content=\"Mleczko do opalania SPF 30,200ml - TianDe Online Shop - Beauty &amp; Health\" \/>\n<meta property=\"og:description\" content=\"\u00a0Earn 17 points worth \u00a30.85 when buying this product Lubisz opala\u0107 si\u0119 na s\u0142o\u0144cu? Chcesz mie\u0107 doskona\u0142\u0105 opalenizn\u0119? Spe\u0142nij swoje marzenie z TianDe bez szkody dla swojego zdrowia i pi\u0119kna! Nie jest tajemnic\u0105, \u017ce ultrafiolet prowadzi do fotostarzenia si\u0119 sk\u00f3ry i mo\u017ce sta\u0107 si\u0119 przyczyn\u0105 wielu problem\u00f3w zdrowotnych. Co zatem robi\u0107? Odpowied\u017a jest na wyci\u0105gni\u0119cie [...]\" \/>\n<meta property=\"og:url\" content=\"https:\/\/tiandeproducts.co.uk\/pl\/mleczko-do-opalania-spf-30200ml\/\" \/>\n<meta property=\"og:site_name\" content=\"TianDe Online Shop - Beauty &amp; Health\" \/>\n<meta property=\"article:publisher\" content=\"https:\/\/www.facebook.com\/tiande.products.england\/\" \/>\n<meta property=\"article:modified_time\" content=\"2021-02-12T12:51:09+00:00\" \/>\n<meta property=\"og:image\" content=\"https:\/\/tiandeproducts.co.uk\/wp-content\/uploads\/2017\/04\/30139.jpg\" \/>\n\t<meta property=\"og:image:width\" content=\"800\" \/>\n\t<meta property=\"og:image:height\" content=\"800\" \/>\n\t<meta property=\"og:image:type\" content=\"image\/jpeg\" \/>\n<meta name=\"twitter:card\" content=\"summary_large_image\" \/>\n<meta name=\"twitter:label1\" content=\"Szacowany czas czytania\" \/>\n\t<meta name=\"twitter:data1\" content=\"1 minuta\" \/>\n<script type=\"application\/ld+json\" class=\"yoast-schema-graph\">{\"@context\":\"https:\/\/schema.org\",\"@graph\":[{\"@type\":\"WebPage\",\"@id\":\"https:\/\/tiandeproducts.co.uk\/pl\/mleczko-do-opalania-spf-30200ml\/\",\"url\":\"https:\/\/tiandeproducts.co.uk\/pl\/mleczko-do-opalania-spf-30200ml\/\",\"name\":\"Mleczko do opalania SPF 30,200ml - TianDe Online Shop - Beauty &amp; Health\",\"isPartOf\":{\"@id\":\"https:\/\/tiandeproducts.co.uk\/#website\"},\"primaryImageOfPage\":{\"@id\":\"https:\/\/tiandeproducts.co.uk\/pl\/mleczko-do-opalania-spf-30200ml\/#primaryimage\"},\"image\":{\"@id\":\"https:\/\/tiandeproducts.co.uk\/pl\/mleczko-do-opalania-spf-30200ml\/#primaryimage\"},\"thumbnailUrl\":\"https:\/\/tiandeproducts.co.uk\/wp-content\/uploads\/2017\/04\/30139.jpg\",\"datePublished\":\"2017-04-05T15:31:43+00:00\",\"dateModified\":\"2021-02-12T12:51:09+00:00\",\"breadcrumb\":{\"@id\":\"https:\/\/tiandeproducts.co.uk\/pl\/mleczko-do-opalania-spf-30200ml\/#breadcrumb\"},\"inLanguage\":\"pl-PL\",\"potentialAction\":[{\"@type\":\"ReadAction\",\"target\":[\"https:\/\/tiandeproducts.co.uk\/pl\/mleczko-do-opalania-spf-30200ml\/\"]}]},{\"@type\":\"ImageObject\",\"inLanguage\":\"pl-PL\",\"@id\":\"https:\/\/tiandeproducts.co.uk\/pl\/mleczko-do-opalania-spf-30200ml\/#primaryimage\",\"url\":\"https:\/\/tiandeproducts.co.uk\/wp-content\/uploads\/2017\/04\/30139.jpg\",\"contentUrl\":\"https:\/\/tiandeproducts.co.uk\/wp-content\/uploads\/2017\/04\/30139.jpg\",\"width\":800,\"height\":800,\"caption\":\"Sun Protection Body Milk SPF 30,200ml-0\"},{\"@type\":\"BreadcrumbList\",\"@id\":\"https:\/\/tiandeproducts.co.uk\/pl\/mleczko-do-opalania-spf-30200ml\/#breadcrumb\",\"itemListElement\":[{\"@type\":\"ListItem\",\"position\":1,\"name\":\"Home\",\"item\":\"https:\/\/tiandeproducts.co.uk\/pl\/\"},{\"@type\":\"ListItem\",\"position\":2,\"name\":\"Shop\",\"item\":\"https:\/\/tiandeproducts.co.uk\/pl\/shop-2\/\"},{\"@type\":\"ListItem\",\"position\":3,\"name\":\"Mleczko do opalania SPF 30,200ml\"}]},{\"@type\":\"WebSite\",\"@id\":\"https:\/\/tiandeproducts.co.uk\/#website\",\"url\":\"https:\/\/tiandeproducts.co.uk\/\",\"name\":\"TianDe Online Shop - Beauty & Health\",\"description\":\"Traditional Chinese Medicine\",\"potentialAction\":[{\"@type\":\"SearchAction\",\"target\":{\"@type\":\"EntryPoint\",\"urlTemplate\":\"https:\/\/tiandeproducts.co.uk\/?s={search_term_string}\"},\"query-input\":{\"@type\":\"PropertyValueSpecification\",\"valueRequired\":true,\"valueName\":\"search_term_string\"}}],\"inLanguage\":\"pl-PL\"}]}<\/script>\n<!-- \/ Yoast SEO plugin. -->","yoast_head_json":{"title":"Mleczko do opalania SPF 30,200ml - TianDe Online Shop - Beauty &amp; Health","robots":{"index":"index","follow":"follow","max-snippet":"max-snippet:-1","max-image-preview":"max-image-preview:large","max-video-preview":"max-video-preview:-1"},"canonical":"https:\/\/tiandeproducts.co.uk\/pl\/mleczko-do-opalania-spf-30200ml\/","og_locale":"pl_PL","og_type":"article","og_title":"Mleczko do opalania SPF 30,200ml - TianDe Online Shop - Beauty &amp; Health","og_description":"\u00a0Earn 17 points worth \u00a30.85 when buying this product Lubisz opala\u0107 si\u0119 na s\u0142o\u0144cu? Chcesz mie\u0107 doskona\u0142\u0105 opalenizn\u0119? Spe\u0142nij swoje marzenie z TianDe bez szkody dla swojego zdrowia i pi\u0119kna! Nie jest tajemnic\u0105, \u017ce ultrafiolet prowadzi do fotostarzenia si\u0119 sk\u00f3ry i mo\u017ce sta\u0107 si\u0119 przyczyn\u0105 wielu problem\u00f3w zdrowotnych. Co zatem robi\u0107? Odpowied\u017a jest na wyci\u0105gni\u0119cie [...]","og_url":"https:\/\/tiandeproducts.co.uk\/pl\/mleczko-do-opalania-spf-30200ml\/","og_site_name":"TianDe Online Shop - Beauty &amp; Health","article_publisher":"https:\/\/www.facebook.com\/tiande.products.england\/","article_modified_time":"2021-02-12T12:51:09+00:00","og_image":[{"width":800,"height":800,"url":"https:\/\/tiandeproducts.co.uk\/wp-content\/uploads\/2017\/04\/30139.jpg","type":"image\/jpeg"}],"twitter_card":"summary_large_image","twitter_misc":{"Szacowany czas czytania":"1 minuta"},"schema":{"@context":"https:\/\/schema.org","@graph":[{"@type":"WebPage","@id":"https:\/\/tiandeproducts.co.uk\/pl\/mleczko-do-opalania-spf-30200ml\/","url":"https:\/\/tiandeproducts.co.uk\/pl\/mleczko-do-opalania-spf-30200ml\/","name":"Mleczko do opalania SPF 30,200ml - TianDe Online Shop - Beauty &amp; Health","isPartOf":{"@id":"https:\/\/tiandeproducts.co.uk\/#website"},"primaryImageOfPage":{"@id":"https:\/\/tiandeproducts.co.uk\/pl\/mleczko-do-opalania-spf-30200ml\/#primaryimage"},"image":{"@id":"https:\/\/tiandeproducts.co.uk\/pl\/mleczko-do-opalania-spf-30200ml\/#primaryimage"},"thumbnailUrl":"https:\/\/tiandeproducts.co.uk\/wp-content\/uploads\/2017\/04\/30139.jpg","datePublished":"2017-04-05T15:31:43+00:00","dateModified":"2021-02-12T12:51:09+00:00","breadcrumb":{"@id":"https:\/\/tiandeproducts.co.uk\/pl\/mleczko-do-opalania-spf-30200ml\/#breadcrumb"},"inLanguage":"pl-PL","potentialAction":[{"@type":"ReadAction","target":["https:\/\/tiandeproducts.co.uk\/pl\/mleczko-do-opalania-spf-30200ml\/"]}]},{"@type":"ImageObject","inLanguage":"pl-PL","@id":"https:\/\/tiandeproducts.co.uk\/pl\/mleczko-do-opalania-spf-30200ml\/#primaryimage","url":"https:\/\/tiandeproducts.co.uk\/wp-content\/uploads\/2017\/04\/30139.jpg","contentUrl":"https:\/\/tiandeproducts.co.uk\/wp-content\/uploads\/2017\/04\/30139.jpg","width":800,"height":800,"caption":"Sun Protection Body Milk SPF 30,200ml-0"},{"@type":"BreadcrumbList","@id":"https:\/\/tiandeproducts.co.uk\/pl\/mleczko-do-opalania-spf-30200ml\/#breadcrumb","itemListElement":[{"@type":"ListItem","position":1,"name":"Home","item":"https:\/\/tiandeproducts.co.uk\/pl\/"},{"@type":"ListItem","position":2,"name":"Shop","item":"https:\/\/tiandeproducts.co.uk\/pl\/shop-2\/"},{"@type":"ListItem","position":3,"name":"Mleczko do opalania SPF 30,200ml"}]},{"@type":"WebSite","@id":"https:\/\/tiandeproducts.co.uk\/#website","url":"https:\/\/tiandeproducts.co.uk\/","name":"TianDe Online Shop - Beauty & Health","description":"Traditional Chinese Medicine","potentialAction":[{"@type":"SearchAction","target":{"@type":"EntryPoint","urlTemplate":"https:\/\/tiandeproducts.co.uk\/?s={search_term_string}"},"query-input":{"@type":"PropertyValueSpecification","valueRequired":true,"valueName":"search_term_string"}}],"inLanguage":"pl-PL"}]}},"_links":{"self":[{"href":"https:\/\/tiandeproducts.co.uk\/pl\/wp-json\/wp\/v2\/product\/5555","targetHints":{"allow":["GET"]}}],"collection":[{"href":"https:\/\/tiandeproducts.co.uk\/pl\/wp-json\/wp\/v2\/product"}],"about":[{"href":"https:\/\/tiandeproducts.co.uk\/pl\/wp-json\/wp\/v2\/types\/product"}],"replies":[{"embeddable":true,"href":"https:\/\/tiandeproducts.co.uk\/pl\/wp-json\/wp\/v2\/comments?post=5555"}],"wp:featuredmedia":[{"embeddable":true,"href":"https:\/\/tiandeproducts.co.uk\/pl\/wp-json\/wp\/v2\/media\/1611"}],"wp:attachment":[{"href":"https:\/\/tiandeproducts.co.uk\/pl\/wp-json\/wp\/v2\/media?parent=5555"}],"wp:term":[{"taxonomy":"product_cat","embeddable":true,"href":"https:\/\/tiandeproducts.co.uk\/pl\/wp-json\/wp\/v2\/product_cat?post=5555"},{"taxonomy":"product_tag","embeddable":true,"href":"https:\/\/tiandeproducts.co.uk\/pl\/wp-json\/wp\/v2\/product_tag?post=5555"}],"curies":[{"name":"wp","href":"https:\/\/api.w.org\/{rel}","templated":true}]}}