{"id":5482,"date":"2019-07-17T07:22:22","date_gmt":"2019-07-17T06:22:22","guid":{"rendered":"https:\/\/www.tiandeproducts.co.uk\/dd-podklad-korekcyjno-tonujacy-cushion15g\/"},"modified":"2021-11-28T08:25:18","modified_gmt":"2021-11-28T08:25:18","slug":"dd-podklad-korekcyjno-tonujacy-cushion15g","status":"publish","type":"product","link":"https:\/\/tiandeproducts.co.uk\/pl\/dd-podklad-korekcyjno-tonujacy-cushion15g\/","title":{"rendered":"DD podk\u0142ad korekcyjno-tonuj\u0105cy Cushion,15g"},"content":{"rendered":"<div class=\"description\">\n<p><img decoding=\"async\" style=\"max-width: 16px; margin-right: 5px;\" src=\"https:\/\/tiandeproducts.co.uk\/wp-content\/uploads\/points-green.svg\" \/>\u00a0Earn 37 points worth \u00a31.85 when buying this product<\/p>\n<p>Czy masz t\u0142ust\u0105 lub mieszan\u0105 sk\u00f3r\u0119 i na co dzie\u0144 borykasz si\u0119 z problemem wyboru preparatu tonuj\u0105cego? Nieestetyczny po\u0142ysk pojawia si\u0119 dos\u0142ownie w ci\u0105gu kilku godzin i odcie\u0144 sk\u00f3ry jakby znika\u0142 z twarzy? Je\u015bli te objawy s\u0105 Ci dobrze znane, nie wahaj si\u0119 si\u0119gn\u0105\u0107 po matuj\u0105cy podk\u0142ad typu cushion dla sk\u00f3ry t\u0142ustej firmy TianDe.<\/p>\n<p>Podk\u0142ad typu cushion dla sk\u00f3ry t\u0142ustej dzi\u0119ki absorbuj\u0105cym sk\u0142adnikom pomaga zachowa\u0107 stref\u0119 T pod kontrol\u0105, nie zatyka por\u00f3w i zadba o sk\u00f3r\u0119 przez ca\u0142y dzie\u0144!<\/p>\n<p>Preparat tonuj\u0105co-matuj\u0105cy DD stanowi:<br \/>\n&#8211; idealnie r\u00f3wnomierny i matowy odcie\u0144 sk\u00f3ry przez ca\u0142y dzie\u0144, nawet w strefie T;<br \/>\n&#8211; \u0142atw\u0105 aplikacj\u0119, doskona\u0142e dopasowanie do kolorytu sk\u00f3ry;<br \/>\n&#8211; 100% maskowanie niedoskona\u0142o\u015bci i drobnych zmarszczek;<br \/>\n&#8211; ochron\u0119 sk\u00f3ry przed niekorzystnym wp\u0142ywem \u015brodowiska.<\/p>\n<p>W sk\u0142adzie preparatu jest zawarta witamina E dla ochrony antyoksydacyjnej, kompleks nawil\u017caj\u0105cy do g\u0142\u0119bokiego nawil\u017cenia, filtr UV do ochrony i kompleks absorbent\u00f3w z aminokwasem lizyn\u0105 do ochrony przed t\u0142ustym po\u0142yskiem.<\/p>\n<p>Podk\u0142ad typu cushion dla sk\u00f3ry t\u0142ustej wygl\u0105da tak samo jak jego starszy brat \u2013 preparat tonuj\u0105co-matuj\u0105cy DD, kt\u00f3ry jest ju\u017c hitem w asortymencie firmy TianDe. To kompaktowe etui, w kt\u00f3rym znajduje si\u0119 wszystko do stworzenia idealnego kolorytu sk\u00f3ry! Wewn\u0105trz stylowego pude\u0142ka znajdziesz g\u0105beczk\u0119 nas\u0105czon\u0105 lekkim preparatem tonuj\u0105cym, specjalny aplikator do r\u00f3wnomiernego nanoszenia i kompaktowe lusterko, z pomoc\u0105 kt\u00f3rego b\u0119dziesz mog\u0142a w ka\u017cdej chwili poprawi\u0107 sw\u00f3j makija\u017c.<\/p>\n<\/div>\n<div class=\"instruction\">\n<p><strong>ZASTOSOWANIE:<\/strong><\/p>\n<p>We\u017a g\u0105bk\u0119 i lekko naci\u015bnij cushion \u2013 otrzymasz tyle preparatu, ile potrzeba do stworzenia doskona\u0142ej sk\u00f3ry. Nano\u015b na wyczyszczon\u0105 i nawil\u017con\u0105 sk\u00f3r\u0119 twarzy.<\/p>\n<\/div>\n","protected":false},"excerpt":{"rendered":"<p>\u00a0Earn 37 points worth \u00a31.85 when buying this product Czy masz t\u0142ust\u0105 lub mieszan\u0105 sk\u00f3r\u0119 i na co dzie\u0144 borykasz si\u0119 z problemem wyboru preparatu tonuj\u0105cego? Nieestetyczny po\u0142ysk pojawia si\u0119 dos\u0142ownie w ci\u0105gu kilku godzin i odcie\u0144 sk\u00f3ry jakby znika\u0142 z twarzy? Je\u015bli te objawy s\u0105 Ci dobrze znane, nie wahaj si\u0119 si\u0119gn\u0105\u0107 po matuj\u0105cy [&#8230;]\n","protected":false},"featured_media":2925,"comment_status":"closed","ping_status":"closed","template":"","meta":[],"product_cat":[896,816,711,891],"product_tag":[],"class_list":{"0":"post-5482","1":"product","2":"type-product","3":"status-publish","4":"has-post-thumbnail","6":"product_cat-kremowy-puder","7":"product_cat-makijaz-pl","8":"product_cat-pro-visage-pl-2","9":"product_cat-twarz","11":"first","12":"instock","13":"shipping-taxable","14":"purchasable","15":"product-type-simple"},"yoast_head":"<!-- This site is optimized with the Yoast SEO plugin v23.6 - https:\/\/yoast.com\/wordpress\/plugins\/seo\/ -->\n<title>DD podk\u0142ad korekcyjno-tonuj\u0105cy Cushion,15g - TianDe Online Shop - Beauty &amp; Health<\/title>\n<meta name=\"robots\" content=\"index, follow, max-snippet:-1, max-image-preview:large, max-video-preview:-1\" \/>\n<link rel=\"canonical\" href=\"https:\/\/tiandeproducts.co.uk\/pl\/dd-podklad-korekcyjno-tonujacy-cushion15g\/\" \/>\n<meta property=\"og:locale\" content=\"pl_PL\" \/>\n<meta property=\"og:type\" content=\"article\" \/>\n<meta property=\"og:title\" content=\"DD podk\u0142ad korekcyjno-tonuj\u0105cy Cushion,15g - TianDe Online Shop - Beauty &amp; Health\" \/>\n<meta property=\"og:description\" content=\"\u00a0Earn 37 points worth \u00a31.85 when buying this product Czy masz t\u0142ust\u0105 lub mieszan\u0105 sk\u00f3r\u0119 i na co dzie\u0144 borykasz si\u0119 z problemem wyboru preparatu tonuj\u0105cego? Nieestetyczny po\u0142ysk pojawia si\u0119 dos\u0142ownie w ci\u0105gu kilku godzin i odcie\u0144 sk\u00f3ry jakby znika\u0142 z twarzy? Je\u015bli te objawy s\u0105 Ci dobrze znane, nie wahaj si\u0119 si\u0119gn\u0105\u0107 po matuj\u0105cy [...]\" \/>\n<meta property=\"og:url\" content=\"https:\/\/tiandeproducts.co.uk\/pl\/dd-podklad-korekcyjno-tonujacy-cushion15g\/\" \/>\n<meta property=\"og:site_name\" content=\"TianDe Online Shop - Beauty &amp; Health\" \/>\n<meta property=\"article:publisher\" content=\"https:\/\/www.facebook.com\/tiande.products.england\/\" \/>\n<meta property=\"article:modified_time\" content=\"2021-11-28T08:25:18+00:00\" \/>\n<meta property=\"og:image\" content=\"https:\/\/tiandeproducts.co.uk\/wp-content\/uploads\/80913.png\" \/>\n\t<meta property=\"og:image:width\" content=\"700\" \/>\n\t<meta property=\"og:image:height\" content=\"700\" \/>\n\t<meta property=\"og:image:type\" content=\"image\/png\" \/>\n<meta name=\"twitter:card\" content=\"summary_large_image\" \/>\n<meta name=\"twitter:label1\" content=\"Szacowany czas czytania\" \/>\n\t<meta name=\"twitter:data1\" content=\"2 minuty\" \/>\n<script type=\"application\/ld+json\" class=\"yoast-schema-graph\">{\"@context\":\"https:\/\/schema.org\",\"@graph\":[{\"@type\":\"WebPage\",\"@id\":\"https:\/\/tiandeproducts.co.uk\/pl\/dd-podklad-korekcyjno-tonujacy-cushion15g\/\",\"url\":\"https:\/\/tiandeproducts.co.uk\/pl\/dd-podklad-korekcyjno-tonujacy-cushion15g\/\",\"name\":\"DD podk\u0142ad korekcyjno-tonuj\u0105cy Cushion,15g - TianDe Online Shop - Beauty &amp; Health\",\"isPartOf\":{\"@id\":\"https:\/\/tiandeproducts.co.uk\/#website\"},\"primaryImageOfPage\":{\"@id\":\"https:\/\/tiandeproducts.co.uk\/pl\/dd-podklad-korekcyjno-tonujacy-cushion15g\/#primaryimage\"},\"image\":{\"@id\":\"https:\/\/tiandeproducts.co.uk\/pl\/dd-podklad-korekcyjno-tonujacy-cushion15g\/#primaryimage\"},\"thumbnailUrl\":\"https:\/\/tiandeproducts.co.uk\/wp-content\/uploads\/80913.png\",\"datePublished\":\"2019-07-17T06:22:22+00:00\",\"dateModified\":\"2021-11-28T08:25:18+00:00\",\"breadcrumb\":{\"@id\":\"https:\/\/tiandeproducts.co.uk\/pl\/dd-podklad-korekcyjno-tonujacy-cushion15g\/#breadcrumb\"},\"inLanguage\":\"pl-PL\",\"potentialAction\":[{\"@type\":\"ReadAction\",\"target\":[\"https:\/\/tiandeproducts.co.uk\/pl\/dd-podklad-korekcyjno-tonujacy-cushion15g\/\"]}]},{\"@type\":\"ImageObject\",\"inLanguage\":\"pl-PL\",\"@id\":\"https:\/\/tiandeproducts.co.uk\/pl\/dd-podklad-korekcyjno-tonujacy-cushion15g\/#primaryimage\",\"url\":\"https:\/\/tiandeproducts.co.uk\/wp-content\/uploads\/80913.png\",\"contentUrl\":\"https:\/\/tiandeproducts.co.uk\/wp-content\/uploads\/80913.png\",\"width\":700,\"height\":700},{\"@type\":\"BreadcrumbList\",\"@id\":\"https:\/\/tiandeproducts.co.uk\/pl\/dd-podklad-korekcyjno-tonujacy-cushion15g\/#breadcrumb\",\"itemListElement\":[{\"@type\":\"ListItem\",\"position\":1,\"name\":\"Home\",\"item\":\"https:\/\/tiandeproducts.co.uk\/pl\/\"},{\"@type\":\"ListItem\",\"position\":2,\"name\":\"Shop\",\"item\":\"https:\/\/tiandeproducts.co.uk\/pl\/shop-2\/\"},{\"@type\":\"ListItem\",\"position\":3,\"name\":\"DD podk\u0142ad korekcyjno-tonuj\u0105cy Cushion,15g\"}]},{\"@type\":\"WebSite\",\"@id\":\"https:\/\/tiandeproducts.co.uk\/#website\",\"url\":\"https:\/\/tiandeproducts.co.uk\/\",\"name\":\"TianDe Online Shop - Beauty & Health\",\"description\":\"Traditional Chinese Medicine\",\"potentialAction\":[{\"@type\":\"SearchAction\",\"target\":{\"@type\":\"EntryPoint\",\"urlTemplate\":\"https:\/\/tiandeproducts.co.uk\/?s={search_term_string}\"},\"query-input\":{\"@type\":\"PropertyValueSpecification\",\"valueRequired\":true,\"valueName\":\"search_term_string\"}}],\"inLanguage\":\"pl-PL\"}]}<\/script>\n<!-- \/ Yoast SEO plugin. -->","yoast_head_json":{"title":"DD podk\u0142ad korekcyjno-tonuj\u0105cy Cushion,15g - TianDe Online Shop - Beauty &amp; Health","robots":{"index":"index","follow":"follow","max-snippet":"max-snippet:-1","max-image-preview":"max-image-preview:large","max-video-preview":"max-video-preview:-1"},"canonical":"https:\/\/tiandeproducts.co.uk\/pl\/dd-podklad-korekcyjno-tonujacy-cushion15g\/","og_locale":"pl_PL","og_type":"article","og_title":"DD podk\u0142ad korekcyjno-tonuj\u0105cy Cushion,15g - TianDe Online Shop - Beauty &amp; Health","og_description":"\u00a0Earn 37 points worth \u00a31.85 when buying this product Czy masz t\u0142ust\u0105 lub mieszan\u0105 sk\u00f3r\u0119 i na co dzie\u0144 borykasz si\u0119 z problemem wyboru preparatu tonuj\u0105cego? Nieestetyczny po\u0142ysk pojawia si\u0119 dos\u0142ownie w ci\u0105gu kilku godzin i odcie\u0144 sk\u00f3ry jakby znika\u0142 z twarzy? Je\u015bli te objawy s\u0105 Ci dobrze znane, nie wahaj si\u0119 si\u0119gn\u0105\u0107 po matuj\u0105cy [...]","og_url":"https:\/\/tiandeproducts.co.uk\/pl\/dd-podklad-korekcyjno-tonujacy-cushion15g\/","og_site_name":"TianDe Online Shop - Beauty &amp; Health","article_publisher":"https:\/\/www.facebook.com\/tiande.products.england\/","article_modified_time":"2021-11-28T08:25:18+00:00","og_image":[{"width":700,"height":700,"url":"https:\/\/tiandeproducts.co.uk\/wp-content\/uploads\/80913.png","type":"image\/png"}],"twitter_card":"summary_large_image","twitter_misc":{"Szacowany czas czytania":"2 minuty"},"schema":{"@context":"https:\/\/schema.org","@graph":[{"@type":"WebPage","@id":"https:\/\/tiandeproducts.co.uk\/pl\/dd-podklad-korekcyjno-tonujacy-cushion15g\/","url":"https:\/\/tiandeproducts.co.uk\/pl\/dd-podklad-korekcyjno-tonujacy-cushion15g\/","name":"DD podk\u0142ad korekcyjno-tonuj\u0105cy Cushion,15g - TianDe Online Shop - Beauty &amp; Health","isPartOf":{"@id":"https:\/\/tiandeproducts.co.uk\/#website"},"primaryImageOfPage":{"@id":"https:\/\/tiandeproducts.co.uk\/pl\/dd-podklad-korekcyjno-tonujacy-cushion15g\/#primaryimage"},"image":{"@id":"https:\/\/tiandeproducts.co.uk\/pl\/dd-podklad-korekcyjno-tonujacy-cushion15g\/#primaryimage"},"thumbnailUrl":"https:\/\/tiandeproducts.co.uk\/wp-content\/uploads\/80913.png","datePublished":"2019-07-17T06:22:22+00:00","dateModified":"2021-11-28T08:25:18+00:00","breadcrumb":{"@id":"https:\/\/tiandeproducts.co.uk\/pl\/dd-podklad-korekcyjno-tonujacy-cushion15g\/#breadcrumb"},"inLanguage":"pl-PL","potentialAction":[{"@type":"ReadAction","target":["https:\/\/tiandeproducts.co.uk\/pl\/dd-podklad-korekcyjno-tonujacy-cushion15g\/"]}]},{"@type":"ImageObject","inLanguage":"pl-PL","@id":"https:\/\/tiandeproducts.co.uk\/pl\/dd-podklad-korekcyjno-tonujacy-cushion15g\/#primaryimage","url":"https:\/\/tiandeproducts.co.uk\/wp-content\/uploads\/80913.png","contentUrl":"https:\/\/tiandeproducts.co.uk\/wp-content\/uploads\/80913.png","width":700,"height":700},{"@type":"BreadcrumbList","@id":"https:\/\/tiandeproducts.co.uk\/pl\/dd-podklad-korekcyjno-tonujacy-cushion15g\/#breadcrumb","itemListElement":[{"@type":"ListItem","position":1,"name":"Home","item":"https:\/\/tiandeproducts.co.uk\/pl\/"},{"@type":"ListItem","position":2,"name":"Shop","item":"https:\/\/tiandeproducts.co.uk\/pl\/shop-2\/"},{"@type":"ListItem","position":3,"name":"DD podk\u0142ad korekcyjno-tonuj\u0105cy Cushion,15g"}]},{"@type":"WebSite","@id":"https:\/\/tiandeproducts.co.uk\/#website","url":"https:\/\/tiandeproducts.co.uk\/","name":"TianDe Online Shop - Beauty & Health","description":"Traditional Chinese Medicine","potentialAction":[{"@type":"SearchAction","target":{"@type":"EntryPoint","urlTemplate":"https:\/\/tiandeproducts.co.uk\/?s={search_term_string}"},"query-input":{"@type":"PropertyValueSpecification","valueRequired":true,"valueName":"search_term_string"}}],"inLanguage":"pl-PL"}]}},"_links":{"self":[{"href":"https:\/\/tiandeproducts.co.uk\/pl\/wp-json\/wp\/v2\/product\/5482","targetHints":{"allow":["GET"]}}],"collection":[{"href":"https:\/\/tiandeproducts.co.uk\/pl\/wp-json\/wp\/v2\/product"}],"about":[{"href":"https:\/\/tiandeproducts.co.uk\/pl\/wp-json\/wp\/v2\/types\/product"}],"replies":[{"embeddable":true,"href":"https:\/\/tiandeproducts.co.uk\/pl\/wp-json\/wp\/v2\/comments?post=5482"}],"wp:featuredmedia":[{"embeddable":true,"href":"https:\/\/tiandeproducts.co.uk\/pl\/wp-json\/wp\/v2\/media\/2925"}],"wp:attachment":[{"href":"https:\/\/tiandeproducts.co.uk\/pl\/wp-json\/wp\/v2\/media?parent=5482"}],"wp:term":[{"taxonomy":"product_cat","embeddable":true,"href":"https:\/\/tiandeproducts.co.uk\/pl\/wp-json\/wp\/v2\/product_cat?post=5482"},{"taxonomy":"product_tag","embeddable":true,"href":"https:\/\/tiandeproducts.co.uk\/pl\/wp-json\/wp\/v2\/product_tag?post=5482"}],"curies":[{"name":"wp","href":"https:\/\/api.w.org\/{rel}","templated":true}]}}