{"id":5473,"date":"2019-07-17T12:45:34","date_gmt":"2019-07-17T11:45:34","guid":{"rendered":"https:\/\/www.tiandeproducts.co.uk\/zurawinowy-koktajl-mix-proteinowy-ze-slodzikiem300g\/"},"modified":"2021-02-12T11:13:59","modified_gmt":"2021-02-12T11:13:59","slug":"zurawinowy-koktajl-mix-proteinowy-ze-slodzikiem300g","status":"publish","type":"product","link":"https:\/\/tiandeproducts.co.uk\/pl\/zurawinowy-koktajl-mix-proteinowy-ze-slodzikiem300g\/","title":{"rendered":"\u017burawinowy koktajl-mix proteinowy ze s\u0142odzikiem,300g"},"content":{"rendered":"<div class=\"description\">\n<p><img decoding=\"async\" style=\"max-width: 16px; margin-right: 5px;\" src=\"https:\/\/tiandeproducts.co.uk\/wp-content\/uploads\/points-green.svg\" \/>\u00a0Earn 38 points worth \u00a31.90 when buying this product<\/p>\n<p>Jaki organ wewn\u0119trzny najcz\u0119\u015bciej odczuwa skutki nadwagi, aktywnego trybu \u017cycia i intensywnych trening\u00f3w? Serce! Aby wspom\u00f3c jego prac\u0119, u\u0142atwi\u0107 proces pozbywania si\u0119 nadwagi i osi\u0105gania znakomitych wynik\u00f3w sportowych, stworzyli\u015bmy \u017burawinowy koktajl-mix proteinowy.<\/p>\n<p>Koktajl zawiera dobrej jako\u015bci bia\u0142ko w idealnych proporcjach: 55% bia\u0142ka serwatkowego i 45% bia\u0142ka ze s\u0142onecznika.<\/p>\n<p>\u017burawinowy koktajl-mix proteinowy zosta\u0142 opracowany specjalnie dla os\u00f3b, kt\u00f3re musz\u0105 zredukowa\u0107 wag\u0119 oraz wspom\u00f3c prac\u0119 uk\u0142adu sercowo-naczyniowego. Jest niezast\u0105piony dla sportowc\u00f3w (zar\u00f3wno profesjonalist\u00f3w, jak i amator\u00f3w). Koktajl zawiera naturalne aminokwasy, w tym optymaln\u0105 ilo\u015b\u0107 najwa\u017cniejszych i potrzebnych do kszta\u0142towania sylwetki BCAA. Te aminokwasy to leucyna, izoleucyna i walina. To w\u0142a\u015bnie ten kompleks wspomaga organizm w czasie stresu i wysi\u0142ku. Aminokwasy BCAA s\u0105 paliwem podczas trening\u00f3w, a po nich pierwsze \u201eprzychodz\u0105 z pomoc\u0105\u201c, regeneruj\u0105c mi\u0119\u015bnie i zmniejszaj\u0105c uczucie zm\u0119czenia.<\/p>\n<p>Bez soi, glutenu, cukru, konserwant\u00f3w, barwnik\u00f3w i mieszanek syntetycznych &#8211; produkt zawiera maksymaln\u0105 ilo\u015b\u0107 naturalnych sk\u0142adnik\u00f3w, w tym r\u00f3wnie\u017c aminokwas\u00f3w. Sw\u00f3j dobry smak koktajl zawdzi\u0119cza naturalnemu s\u0142odzikowi &#8211; wyci\u0105gowi ze stewii oraz zawarto\u015bci zmielonych owoc\u00f3w i soku z \u017curawiny.<\/p>\n<p>W jednej porcji znajduje si\u0119 11 gram\u00f3w bia\u0142ka i zaledwie 50 kcal! Dzi\u0119ki temu koktajlowi Twoja waga b\u0119dzie w normie, a zdrowie na plus!<\/p>\n<\/div>\n<div class=\"instruction\">\n<p><strong>ZASTOSOWANIE:<\/strong><\/p>\n<p>2-2,5 \u0142y\u017ceczki (17-20 g) suchego produktu starannie wymiesza\u0107 w 200 ml odt\u0142uszczonego mleka o temperaturze pokojowej. Mo\u017cna u\u017cy\u0107 shakera lub blendera.<\/p>\n<\/div>\n","protected":false},"excerpt":{"rendered":"<p>\u00a0Earn 38 points worth \u00a31.90 when buying this product Jaki organ wewn\u0119trzny najcz\u0119\u015bciej odczuwa skutki nadwagi, aktywnego trybu \u017cycia i intensywnych trening\u00f3w? Serce! Aby wspom\u00f3c jego prac\u0119, u\u0142atwi\u0107 proces pozbywania si\u0119 nadwagi i osi\u0105gania znakomitych wynik\u00f3w sportowych, stworzyli\u015bmy \u017burawinowy koktajl-mix proteinowy. Koktajl zawiera dobrej jako\u015bci bia\u0142ko w idealnych proporcjach: 55% bia\u0142ka serwatkowego i 45% bia\u0142ka [&#8230;]\n","protected":false},"featured_media":3131,"comment_status":"closed","ping_status":"closed","template":"","meta":[],"product_cat":[721,833],"product_tag":[],"class_list":{"0":"post-5473","1":"product","2":"type-product","3":"status-publish","4":"has-post-thumbnail","6":"product_cat-active-life-pl","7":"product_cat-wellness-pl","9":"first","10":"outofstock","11":"shipping-taxable","12":"purchasable","13":"product-type-simple"},"yoast_head":"<!-- This site is optimized with the Yoast SEO plugin v23.6 - https:\/\/yoast.com\/wordpress\/plugins\/seo\/ -->\n<title>\u017burawinowy koktajl-mix proteinowy ze s\u0142odzikiem,300g - TianDe Online Shop - Beauty &amp; Health<\/title>\n<meta name=\"robots\" content=\"index, follow, max-snippet:-1, max-image-preview:large, max-video-preview:-1\" \/>\n<link rel=\"canonical\" href=\"https:\/\/tiandeproducts.co.uk\/pl\/zurawinowy-koktajl-mix-proteinowy-ze-slodzikiem300g\/\" \/>\n<meta property=\"og:locale\" content=\"pl_PL\" \/>\n<meta property=\"og:type\" content=\"article\" \/>\n<meta property=\"og:title\" content=\"\u017burawinowy koktajl-mix proteinowy ze s\u0142odzikiem,300g - TianDe Online Shop - Beauty &amp; Health\" \/>\n<meta property=\"og:description\" content=\"\u00a0Earn 38 points worth \u00a31.90 when buying this product Jaki organ wewn\u0119trzny najcz\u0119\u015bciej odczuwa skutki nadwagi, aktywnego trybu \u017cycia i intensywnych trening\u00f3w? Serce! Aby wspom\u00f3c jego prac\u0119, u\u0142atwi\u0107 proces pozbywania si\u0119 nadwagi i osi\u0105gania znakomitych wynik\u00f3w sportowych, stworzyli\u015bmy \u017burawinowy koktajl-mix proteinowy. Koktajl zawiera dobrej jako\u015bci bia\u0142ko w idealnych proporcjach: 55% bia\u0142ka serwatkowego i 45% bia\u0142ka [...]\" \/>\n<meta property=\"og:url\" content=\"https:\/\/tiandeproducts.co.uk\/pl\/zurawinowy-koktajl-mix-proteinowy-ze-slodzikiem300g\/\" \/>\n<meta property=\"og:site_name\" content=\"TianDe Online Shop - Beauty &amp; Health\" \/>\n<meta property=\"article:publisher\" content=\"https:\/\/www.facebook.com\/tiande.products.england\/\" \/>\n<meta property=\"article:modified_time\" content=\"2021-02-12T11:13:59+00:00\" \/>\n<meta property=\"og:image\" content=\"https:\/\/tiandeproducts.co.uk\/wp-content\/uploads\/195421.png\" \/>\n\t<meta property=\"og:image:width\" content=\"1772\" \/>\n\t<meta property=\"og:image:height\" content=\"1926\" \/>\n\t<meta property=\"og:image:type\" content=\"image\/png\" \/>\n<meta name=\"twitter:card\" content=\"summary_large_image\" \/>\n<meta name=\"twitter:label1\" content=\"Szacowany czas czytania\" \/>\n\t<meta name=\"twitter:data1\" content=\"1 minuta\" \/>\n<script type=\"application\/ld+json\" class=\"yoast-schema-graph\">{\"@context\":\"https:\/\/schema.org\",\"@graph\":[{\"@type\":\"WebPage\",\"@id\":\"https:\/\/tiandeproducts.co.uk\/pl\/zurawinowy-koktajl-mix-proteinowy-ze-slodzikiem300g\/\",\"url\":\"https:\/\/tiandeproducts.co.uk\/pl\/zurawinowy-koktajl-mix-proteinowy-ze-slodzikiem300g\/\",\"name\":\"\u017burawinowy koktajl-mix proteinowy ze s\u0142odzikiem,300g - TianDe Online Shop - Beauty &amp; Health\",\"isPartOf\":{\"@id\":\"https:\/\/tiandeproducts.co.uk\/#website\"},\"primaryImageOfPage\":{\"@id\":\"https:\/\/tiandeproducts.co.uk\/pl\/zurawinowy-koktajl-mix-proteinowy-ze-slodzikiem300g\/#primaryimage\"},\"image\":{\"@id\":\"https:\/\/tiandeproducts.co.uk\/pl\/zurawinowy-koktajl-mix-proteinowy-ze-slodzikiem300g\/#primaryimage\"},\"thumbnailUrl\":\"https:\/\/tiandeproducts.co.uk\/wp-content\/uploads\/195421.png\",\"datePublished\":\"2019-07-17T11:45:34+00:00\",\"dateModified\":\"2021-02-12T11:13:59+00:00\",\"breadcrumb\":{\"@id\":\"https:\/\/tiandeproducts.co.uk\/pl\/zurawinowy-koktajl-mix-proteinowy-ze-slodzikiem300g\/#breadcrumb\"},\"inLanguage\":\"pl-PL\",\"potentialAction\":[{\"@type\":\"ReadAction\",\"target\":[\"https:\/\/tiandeproducts.co.uk\/pl\/zurawinowy-koktajl-mix-proteinowy-ze-slodzikiem300g\/\"]}]},{\"@type\":\"ImageObject\",\"inLanguage\":\"pl-PL\",\"@id\":\"https:\/\/tiandeproducts.co.uk\/pl\/zurawinowy-koktajl-mix-proteinowy-ze-slodzikiem300g\/#primaryimage\",\"url\":\"https:\/\/tiandeproducts.co.uk\/wp-content\/uploads\/195421.png\",\"contentUrl\":\"https:\/\/tiandeproducts.co.uk\/wp-content\/uploads\/195421.png\",\"width\":1772,\"height\":1926},{\"@type\":\"BreadcrumbList\",\"@id\":\"https:\/\/tiandeproducts.co.uk\/pl\/zurawinowy-koktajl-mix-proteinowy-ze-slodzikiem300g\/#breadcrumb\",\"itemListElement\":[{\"@type\":\"ListItem\",\"position\":1,\"name\":\"Home\",\"item\":\"https:\/\/tiandeproducts.co.uk\/pl\/\"},{\"@type\":\"ListItem\",\"position\":2,\"name\":\"Shop\",\"item\":\"https:\/\/tiandeproducts.co.uk\/pl\/shop-2\/\"},{\"@type\":\"ListItem\",\"position\":3,\"name\":\"\u017burawinowy koktajl-mix proteinowy ze s\u0142odzikiem,300g\"}]},{\"@type\":\"WebSite\",\"@id\":\"https:\/\/tiandeproducts.co.uk\/#website\",\"url\":\"https:\/\/tiandeproducts.co.uk\/\",\"name\":\"TianDe Online Shop - Beauty & Health\",\"description\":\"Traditional Chinese Medicine\",\"potentialAction\":[{\"@type\":\"SearchAction\",\"target\":{\"@type\":\"EntryPoint\",\"urlTemplate\":\"https:\/\/tiandeproducts.co.uk\/?s={search_term_string}\"},\"query-input\":{\"@type\":\"PropertyValueSpecification\",\"valueRequired\":true,\"valueName\":\"search_term_string\"}}],\"inLanguage\":\"pl-PL\"}]}<\/script>\n<!-- \/ Yoast SEO plugin. -->","yoast_head_json":{"title":"\u017burawinowy koktajl-mix proteinowy ze s\u0142odzikiem,300g - TianDe Online Shop - Beauty &amp; Health","robots":{"index":"index","follow":"follow","max-snippet":"max-snippet:-1","max-image-preview":"max-image-preview:large","max-video-preview":"max-video-preview:-1"},"canonical":"https:\/\/tiandeproducts.co.uk\/pl\/zurawinowy-koktajl-mix-proteinowy-ze-slodzikiem300g\/","og_locale":"pl_PL","og_type":"article","og_title":"\u017burawinowy koktajl-mix proteinowy ze s\u0142odzikiem,300g - TianDe Online Shop - Beauty &amp; Health","og_description":"\u00a0Earn 38 points worth \u00a31.90 when buying this product Jaki organ wewn\u0119trzny najcz\u0119\u015bciej odczuwa skutki nadwagi, aktywnego trybu \u017cycia i intensywnych trening\u00f3w? Serce! Aby wspom\u00f3c jego prac\u0119, u\u0142atwi\u0107 proces pozbywania si\u0119 nadwagi i osi\u0105gania znakomitych wynik\u00f3w sportowych, stworzyli\u015bmy \u017burawinowy koktajl-mix proteinowy. Koktajl zawiera dobrej jako\u015bci bia\u0142ko w idealnych proporcjach: 55% bia\u0142ka serwatkowego i 45% bia\u0142ka [...]","og_url":"https:\/\/tiandeproducts.co.uk\/pl\/zurawinowy-koktajl-mix-proteinowy-ze-slodzikiem300g\/","og_site_name":"TianDe Online Shop - Beauty &amp; Health","article_publisher":"https:\/\/www.facebook.com\/tiande.products.england\/","article_modified_time":"2021-02-12T11:13:59+00:00","og_image":[{"width":1772,"height":1926,"url":"https:\/\/tiandeproducts.co.uk\/wp-content\/uploads\/195421.png","type":"image\/png"}],"twitter_card":"summary_large_image","twitter_misc":{"Szacowany czas czytania":"1 minuta"},"schema":{"@context":"https:\/\/schema.org","@graph":[{"@type":"WebPage","@id":"https:\/\/tiandeproducts.co.uk\/pl\/zurawinowy-koktajl-mix-proteinowy-ze-slodzikiem300g\/","url":"https:\/\/tiandeproducts.co.uk\/pl\/zurawinowy-koktajl-mix-proteinowy-ze-slodzikiem300g\/","name":"\u017burawinowy koktajl-mix proteinowy ze s\u0142odzikiem,300g - TianDe Online Shop - Beauty &amp; Health","isPartOf":{"@id":"https:\/\/tiandeproducts.co.uk\/#website"},"primaryImageOfPage":{"@id":"https:\/\/tiandeproducts.co.uk\/pl\/zurawinowy-koktajl-mix-proteinowy-ze-slodzikiem300g\/#primaryimage"},"image":{"@id":"https:\/\/tiandeproducts.co.uk\/pl\/zurawinowy-koktajl-mix-proteinowy-ze-slodzikiem300g\/#primaryimage"},"thumbnailUrl":"https:\/\/tiandeproducts.co.uk\/wp-content\/uploads\/195421.png","datePublished":"2019-07-17T11:45:34+00:00","dateModified":"2021-02-12T11:13:59+00:00","breadcrumb":{"@id":"https:\/\/tiandeproducts.co.uk\/pl\/zurawinowy-koktajl-mix-proteinowy-ze-slodzikiem300g\/#breadcrumb"},"inLanguage":"pl-PL","potentialAction":[{"@type":"ReadAction","target":["https:\/\/tiandeproducts.co.uk\/pl\/zurawinowy-koktajl-mix-proteinowy-ze-slodzikiem300g\/"]}]},{"@type":"ImageObject","inLanguage":"pl-PL","@id":"https:\/\/tiandeproducts.co.uk\/pl\/zurawinowy-koktajl-mix-proteinowy-ze-slodzikiem300g\/#primaryimage","url":"https:\/\/tiandeproducts.co.uk\/wp-content\/uploads\/195421.png","contentUrl":"https:\/\/tiandeproducts.co.uk\/wp-content\/uploads\/195421.png","width":1772,"height":1926},{"@type":"BreadcrumbList","@id":"https:\/\/tiandeproducts.co.uk\/pl\/zurawinowy-koktajl-mix-proteinowy-ze-slodzikiem300g\/#breadcrumb","itemListElement":[{"@type":"ListItem","position":1,"name":"Home","item":"https:\/\/tiandeproducts.co.uk\/pl\/"},{"@type":"ListItem","position":2,"name":"Shop","item":"https:\/\/tiandeproducts.co.uk\/pl\/shop-2\/"},{"@type":"ListItem","position":3,"name":"\u017burawinowy koktajl-mix proteinowy ze s\u0142odzikiem,300g"}]},{"@type":"WebSite","@id":"https:\/\/tiandeproducts.co.uk\/#website","url":"https:\/\/tiandeproducts.co.uk\/","name":"TianDe Online Shop - Beauty & Health","description":"Traditional Chinese Medicine","potentialAction":[{"@type":"SearchAction","target":{"@type":"EntryPoint","urlTemplate":"https:\/\/tiandeproducts.co.uk\/?s={search_term_string}"},"query-input":{"@type":"PropertyValueSpecification","valueRequired":true,"valueName":"search_term_string"}}],"inLanguage":"pl-PL"}]}},"_links":{"self":[{"href":"https:\/\/tiandeproducts.co.uk\/pl\/wp-json\/wp\/v2\/product\/5473","targetHints":{"allow":["GET"]}}],"collection":[{"href":"https:\/\/tiandeproducts.co.uk\/pl\/wp-json\/wp\/v2\/product"}],"about":[{"href":"https:\/\/tiandeproducts.co.uk\/pl\/wp-json\/wp\/v2\/types\/product"}],"replies":[{"embeddable":true,"href":"https:\/\/tiandeproducts.co.uk\/pl\/wp-json\/wp\/v2\/comments?post=5473"}],"wp:featuredmedia":[{"embeddable":true,"href":"https:\/\/tiandeproducts.co.uk\/pl\/wp-json\/wp\/v2\/media\/3131"}],"wp:attachment":[{"href":"https:\/\/tiandeproducts.co.uk\/pl\/wp-json\/wp\/v2\/media?parent=5473"}],"wp:term":[{"taxonomy":"product_cat","embeddable":true,"href":"https:\/\/tiandeproducts.co.uk\/pl\/wp-json\/wp\/v2\/product_cat?post=5473"},{"taxonomy":"product_tag","embeddable":true,"href":"https:\/\/tiandeproducts.co.uk\/pl\/wp-json\/wp\/v2\/product_tag?post=5473"}],"curies":[{"name":"wp","href":"https:\/\/api.w.org\/{rel}","templated":true}]}}