{"id":5472,"date":"2019-07-17T12:51:10","date_gmt":"2019-07-17T11:51:10","guid":{"rendered":"https:\/\/www.tiandeproducts.co.uk\/ziolowa-mieszanka-z-limonka-lukrecja-i-malinami-tiande\/"},"modified":"2021-02-12T11:13:13","modified_gmt":"2021-02-12T11:13:13","slug":"ziolowa-mieszanka-z-limonka-lukrecja-i-malinami-tiande","status":"publish","type":"product","link":"https:\/\/tiandeproducts.co.uk\/pl\/ziolowa-mieszanka-z-limonka-lukrecja-i-malinami-tiande\/","title":{"rendered":"Zio\u0142owa mieszanka z limonk\u0105, lukrecj\u0105 i malinami,30 torebek"},"content":{"rendered":"<p><img decoding=\"async\" style=\"max-width: 16px; margin-right: 5px;\" src=\"https:\/\/tiandeproducts.co.uk\/wp-content\/uploads\/points-green.svg\" \/>\u00a0Earn 10 points worth \u00a30.50 when buying this product<\/p>\n<p>Zio\u0142owa mieszanka wspieraj\u0105ca organizm w czasie zwi\u0119kszonego ryzyka przezi\u0119bienia. Zawiera zio\u0142a, kt\u00f3re maj\u0105 korzystny wp\u0142yw na organizm cz\u0142owieka. Zio\u0142a przyczyniaj\u0105 si\u0119 do prawid\u0142owego funkcjonowania dr\u00f3g oddechowych, wzmacniaj\u0105 uk\u0142ad odporno\u015bciowy wspieraj\u0105c naturalne mechanizmy obronne organizmu.<\/p>\n<p><strong>Zio\u0142owa mieszanka:<\/strong><br \/>\n&#8211; Wzmacnia uk\u0142ad odporno\u015bciowy<br \/>\n&#8211; Przyczynia si\u0119 do prawid\u0142owej czynno\u015bci uk\u0142adu oddechowego<\/p>\n<p><strong>Obejmuje:<\/strong><br \/>\nowoc r\u00f3\u017cy, li\u015b\u0107 mi\u0119ty pieprzowej, kwiat lipy, li\u015b\u0107 pokrzywy, owoc maliny, k\u0142\u0105cze i korze\u0144 lukrecji, kwiat rumianku, p\u0142atki hibiskusa<\/p>\n","protected":false},"excerpt":{"rendered":"<p>\u00a0Earn 10 points worth \u00a30.50 when buying this product Zio\u0142owa mieszanka wspieraj\u0105ca organizm w czasie zwi\u0119kszonego ryzyka przezi\u0119bienia. Zawiera zio\u0142a, kt\u00f3re maj\u0105 korzystny wp\u0142yw na organizm cz\u0142owieka. Zio\u0142a przyczyniaj\u0105 si\u0119 do prawid\u0142owego funkcjonowania dr\u00f3g oddechowych, wzmacniaj\u0105 uk\u0142ad odporno\u015bciowy wspieraj\u0105c naturalne mechanizmy obronne organizmu. Zio\u0142owa mieszanka: &#8211; Wzmacnia uk\u0142ad odporno\u015bciowy &#8211; Przyczynia si\u0119 do prawid\u0142owej czynno\u015bci [&#8230;]\n","protected":false},"featured_media":3136,"comment_status":"closed","ping_status":"closed","template":"","meta":[],"product_cat":[860,833],"product_tag":[],"class_list":{"0":"post-5472","1":"product","2":"type-product","3":"status-publish","4":"has-post-thumbnail","6":"product_cat-fito-herbaty","7":"product_cat-wellness-pl","9":"first","10":"outofstock","11":"shipping-taxable","12":"purchasable","13":"product-type-simple"},"yoast_head":"<!-- This site is optimized with the Yoast SEO plugin v23.6 - https:\/\/yoast.com\/wordpress\/plugins\/seo\/ -->\n<title>Zio\u0142owa mieszanka z limonk\u0105, lukrecj\u0105 i malinami,30 torebek - TianDe Online Shop - Beauty &amp; Health<\/title>\n<meta name=\"robots\" content=\"index, follow, max-snippet:-1, max-image-preview:large, max-video-preview:-1\" \/>\n<link rel=\"canonical\" href=\"https:\/\/tiandeproducts.co.uk\/pl\/ziolowa-mieszanka-z-limonka-lukrecja-i-malinami-tiande\/\" \/>\n<meta property=\"og:locale\" content=\"pl_PL\" \/>\n<meta property=\"og:type\" content=\"article\" \/>\n<meta property=\"og:title\" content=\"Zio\u0142owa mieszanka z limonk\u0105, lukrecj\u0105 i malinami,30 torebek - TianDe Online Shop - Beauty &amp; Health\" \/>\n<meta property=\"og:description\" content=\"\u00a0Earn 10 points worth \u00a30.50 when buying this product Zio\u0142owa mieszanka wspieraj\u0105ca organizm w czasie zwi\u0119kszonego ryzyka przezi\u0119bienia. Zawiera zio\u0142a, kt\u00f3re maj\u0105 korzystny wp\u0142yw na organizm cz\u0142owieka. Zio\u0142a przyczyniaj\u0105 si\u0119 do prawid\u0142owego funkcjonowania dr\u00f3g oddechowych, wzmacniaj\u0105 uk\u0142ad odporno\u015bciowy wspieraj\u0105c naturalne mechanizmy obronne organizmu. Zio\u0142owa mieszanka: &#8211; Wzmacnia uk\u0142ad odporno\u015bciowy &#8211; Przyczynia si\u0119 do prawid\u0142owej czynno\u015bci [...]\" \/>\n<meta property=\"og:url\" content=\"https:\/\/tiandeproducts.co.uk\/pl\/ziolowa-mieszanka-z-limonka-lukrecja-i-malinami-tiande\/\" \/>\n<meta property=\"og:site_name\" content=\"TianDe Online Shop - Beauty &amp; Health\" \/>\n<meta property=\"article:publisher\" content=\"https:\/\/www.facebook.com\/tiande.products.england\/\" \/>\n<meta property=\"article:modified_time\" content=\"2021-02-12T11:13:13+00:00\" \/>\n<meta property=\"og:image\" content=\"https:\/\/tiandeproducts.co.uk\/wp-content\/uploads\/123926.png\" \/>\n\t<meta property=\"og:image:width\" content=\"569\" \/>\n\t<meta property=\"og:image:height\" content=\"569\" \/>\n\t<meta property=\"og:image:type\" content=\"image\/png\" \/>\n<meta name=\"twitter:card\" content=\"summary_large_image\" \/>\n<script type=\"application\/ld+json\" class=\"yoast-schema-graph\">{\"@context\":\"https:\/\/schema.org\",\"@graph\":[{\"@type\":\"WebPage\",\"@id\":\"https:\/\/tiandeproducts.co.uk\/pl\/ziolowa-mieszanka-z-limonka-lukrecja-i-malinami-tiande\/\",\"url\":\"https:\/\/tiandeproducts.co.uk\/pl\/ziolowa-mieszanka-z-limonka-lukrecja-i-malinami-tiande\/\",\"name\":\"Zio\u0142owa mieszanka z limonk\u0105, lukrecj\u0105 i malinami,30 torebek - TianDe Online Shop - Beauty &amp; Health\",\"isPartOf\":{\"@id\":\"https:\/\/tiandeproducts.co.uk\/#website\"},\"primaryImageOfPage\":{\"@id\":\"https:\/\/tiandeproducts.co.uk\/pl\/ziolowa-mieszanka-z-limonka-lukrecja-i-malinami-tiande\/#primaryimage\"},\"image\":{\"@id\":\"https:\/\/tiandeproducts.co.uk\/pl\/ziolowa-mieszanka-z-limonka-lukrecja-i-malinami-tiande\/#primaryimage\"},\"thumbnailUrl\":\"https:\/\/tiandeproducts.co.uk\/wp-content\/uploads\/123926.png\",\"datePublished\":\"2019-07-17T11:51:10+00:00\",\"dateModified\":\"2021-02-12T11:13:13+00:00\",\"breadcrumb\":{\"@id\":\"https:\/\/tiandeproducts.co.uk\/pl\/ziolowa-mieszanka-z-limonka-lukrecja-i-malinami-tiande\/#breadcrumb\"},\"inLanguage\":\"pl-PL\",\"potentialAction\":[{\"@type\":\"ReadAction\",\"target\":[\"https:\/\/tiandeproducts.co.uk\/pl\/ziolowa-mieszanka-z-limonka-lukrecja-i-malinami-tiande\/\"]}]},{\"@type\":\"ImageObject\",\"inLanguage\":\"pl-PL\",\"@id\":\"https:\/\/tiandeproducts.co.uk\/pl\/ziolowa-mieszanka-z-limonka-lukrecja-i-malinami-tiande\/#primaryimage\",\"url\":\"https:\/\/tiandeproducts.co.uk\/wp-content\/uploads\/123926.png\",\"contentUrl\":\"https:\/\/tiandeproducts.co.uk\/wp-content\/uploads\/123926.png\",\"width\":569,\"height\":569},{\"@type\":\"BreadcrumbList\",\"@id\":\"https:\/\/tiandeproducts.co.uk\/pl\/ziolowa-mieszanka-z-limonka-lukrecja-i-malinami-tiande\/#breadcrumb\",\"itemListElement\":[{\"@type\":\"ListItem\",\"position\":1,\"name\":\"Home\",\"item\":\"https:\/\/tiandeproducts.co.uk\/pl\/\"},{\"@type\":\"ListItem\",\"position\":2,\"name\":\"Shop\",\"item\":\"https:\/\/tiandeproducts.co.uk\/pl\/shop-2\/\"},{\"@type\":\"ListItem\",\"position\":3,\"name\":\"Zio\u0142owa mieszanka z limonk\u0105, lukrecj\u0105 i malinami,30 torebek\"}]},{\"@type\":\"WebSite\",\"@id\":\"https:\/\/tiandeproducts.co.uk\/#website\",\"url\":\"https:\/\/tiandeproducts.co.uk\/\",\"name\":\"TianDe Online Shop - Beauty & Health\",\"description\":\"Traditional Chinese Medicine\",\"potentialAction\":[{\"@type\":\"SearchAction\",\"target\":{\"@type\":\"EntryPoint\",\"urlTemplate\":\"https:\/\/tiandeproducts.co.uk\/?s={search_term_string}\"},\"query-input\":{\"@type\":\"PropertyValueSpecification\",\"valueRequired\":true,\"valueName\":\"search_term_string\"}}],\"inLanguage\":\"pl-PL\"}]}<\/script>\n<!-- \/ Yoast SEO plugin. -->","yoast_head_json":{"title":"Zio\u0142owa mieszanka z limonk\u0105, lukrecj\u0105 i malinami,30 torebek - TianDe Online Shop - Beauty &amp; Health","robots":{"index":"index","follow":"follow","max-snippet":"max-snippet:-1","max-image-preview":"max-image-preview:large","max-video-preview":"max-video-preview:-1"},"canonical":"https:\/\/tiandeproducts.co.uk\/pl\/ziolowa-mieszanka-z-limonka-lukrecja-i-malinami-tiande\/","og_locale":"pl_PL","og_type":"article","og_title":"Zio\u0142owa mieszanka z limonk\u0105, lukrecj\u0105 i malinami,30 torebek - TianDe Online Shop - Beauty &amp; Health","og_description":"\u00a0Earn 10 points worth \u00a30.50 when buying this product Zio\u0142owa mieszanka wspieraj\u0105ca organizm w czasie zwi\u0119kszonego ryzyka przezi\u0119bienia. Zawiera zio\u0142a, kt\u00f3re maj\u0105 korzystny wp\u0142yw na organizm cz\u0142owieka. Zio\u0142a przyczyniaj\u0105 si\u0119 do prawid\u0142owego funkcjonowania dr\u00f3g oddechowych, wzmacniaj\u0105 uk\u0142ad odporno\u015bciowy wspieraj\u0105c naturalne mechanizmy obronne organizmu. Zio\u0142owa mieszanka: &#8211; Wzmacnia uk\u0142ad odporno\u015bciowy &#8211; Przyczynia si\u0119 do prawid\u0142owej czynno\u015bci [...]","og_url":"https:\/\/tiandeproducts.co.uk\/pl\/ziolowa-mieszanka-z-limonka-lukrecja-i-malinami-tiande\/","og_site_name":"TianDe Online Shop - Beauty &amp; Health","article_publisher":"https:\/\/www.facebook.com\/tiande.products.england\/","article_modified_time":"2021-02-12T11:13:13+00:00","og_image":[{"width":569,"height":569,"url":"https:\/\/tiandeproducts.co.uk\/wp-content\/uploads\/123926.png","type":"image\/png"}],"twitter_card":"summary_large_image","schema":{"@context":"https:\/\/schema.org","@graph":[{"@type":"WebPage","@id":"https:\/\/tiandeproducts.co.uk\/pl\/ziolowa-mieszanka-z-limonka-lukrecja-i-malinami-tiande\/","url":"https:\/\/tiandeproducts.co.uk\/pl\/ziolowa-mieszanka-z-limonka-lukrecja-i-malinami-tiande\/","name":"Zio\u0142owa mieszanka z limonk\u0105, lukrecj\u0105 i malinami,30 torebek - TianDe Online Shop - Beauty &amp; Health","isPartOf":{"@id":"https:\/\/tiandeproducts.co.uk\/#website"},"primaryImageOfPage":{"@id":"https:\/\/tiandeproducts.co.uk\/pl\/ziolowa-mieszanka-z-limonka-lukrecja-i-malinami-tiande\/#primaryimage"},"image":{"@id":"https:\/\/tiandeproducts.co.uk\/pl\/ziolowa-mieszanka-z-limonka-lukrecja-i-malinami-tiande\/#primaryimage"},"thumbnailUrl":"https:\/\/tiandeproducts.co.uk\/wp-content\/uploads\/123926.png","datePublished":"2019-07-17T11:51:10+00:00","dateModified":"2021-02-12T11:13:13+00:00","breadcrumb":{"@id":"https:\/\/tiandeproducts.co.uk\/pl\/ziolowa-mieszanka-z-limonka-lukrecja-i-malinami-tiande\/#breadcrumb"},"inLanguage":"pl-PL","potentialAction":[{"@type":"ReadAction","target":["https:\/\/tiandeproducts.co.uk\/pl\/ziolowa-mieszanka-z-limonka-lukrecja-i-malinami-tiande\/"]}]},{"@type":"ImageObject","inLanguage":"pl-PL","@id":"https:\/\/tiandeproducts.co.uk\/pl\/ziolowa-mieszanka-z-limonka-lukrecja-i-malinami-tiande\/#primaryimage","url":"https:\/\/tiandeproducts.co.uk\/wp-content\/uploads\/123926.png","contentUrl":"https:\/\/tiandeproducts.co.uk\/wp-content\/uploads\/123926.png","width":569,"height":569},{"@type":"BreadcrumbList","@id":"https:\/\/tiandeproducts.co.uk\/pl\/ziolowa-mieszanka-z-limonka-lukrecja-i-malinami-tiande\/#breadcrumb","itemListElement":[{"@type":"ListItem","position":1,"name":"Home","item":"https:\/\/tiandeproducts.co.uk\/pl\/"},{"@type":"ListItem","position":2,"name":"Shop","item":"https:\/\/tiandeproducts.co.uk\/pl\/shop-2\/"},{"@type":"ListItem","position":3,"name":"Zio\u0142owa mieszanka z limonk\u0105, lukrecj\u0105 i malinami,30 torebek"}]},{"@type":"WebSite","@id":"https:\/\/tiandeproducts.co.uk\/#website","url":"https:\/\/tiandeproducts.co.uk\/","name":"TianDe Online Shop - Beauty & Health","description":"Traditional Chinese Medicine","potentialAction":[{"@type":"SearchAction","target":{"@type":"EntryPoint","urlTemplate":"https:\/\/tiandeproducts.co.uk\/?s={search_term_string}"},"query-input":{"@type":"PropertyValueSpecification","valueRequired":true,"valueName":"search_term_string"}}],"inLanguage":"pl-PL"}]}},"_links":{"self":[{"href":"https:\/\/tiandeproducts.co.uk\/pl\/wp-json\/wp\/v2\/product\/5472","targetHints":{"allow":["GET"]}}],"collection":[{"href":"https:\/\/tiandeproducts.co.uk\/pl\/wp-json\/wp\/v2\/product"}],"about":[{"href":"https:\/\/tiandeproducts.co.uk\/pl\/wp-json\/wp\/v2\/types\/product"}],"replies":[{"embeddable":true,"href":"https:\/\/tiandeproducts.co.uk\/pl\/wp-json\/wp\/v2\/comments?post=5472"}],"wp:featuredmedia":[{"embeddable":true,"href":"https:\/\/tiandeproducts.co.uk\/pl\/wp-json\/wp\/v2\/media\/3136"}],"wp:attachment":[{"href":"https:\/\/tiandeproducts.co.uk\/pl\/wp-json\/wp\/v2\/media?parent=5472"}],"wp:term":[{"taxonomy":"product_cat","embeddable":true,"href":"https:\/\/tiandeproducts.co.uk\/pl\/wp-json\/wp\/v2\/product_cat?post=5472"},{"taxonomy":"product_tag","embeddable":true,"href":"https:\/\/tiandeproducts.co.uk\/pl\/wp-json\/wp\/v2\/product_tag?post=5472"}],"curies":[{"name":"wp","href":"https:\/\/api.w.org\/{rel}","templated":true}]}}