{"id":5468,"date":"2019-07-18T19:47:29","date_gmt":"2019-07-18T18:47:29","guid":{"rendered":"https:\/\/www.tiandeproducts.co.uk\/dla-zmeczonych-aktywny-biologicznie-kompleks-fu-sin\/"},"modified":"2021-02-05T18:36:54","modified_gmt":"2021-02-05T18:36:54","slug":"dla-zmeczonych-aktywny-biologicznie-kompleks-fu-sin","status":"publish","type":"product","link":"https:\/\/tiandeproducts.co.uk\/pl\/dla-zmeczonych-aktywny-biologicznie-kompleks-fu-sin\/","title":{"rendered":"Dla zm\u0119czonych aktywny biologicznie kompleks ,,Fu-Sin\u201d,30 kapsu\u0142e"},"content":{"rendered":"<p><img decoding=\"async\" style=\"max-width: 16px; margin-right: 5px;\" src=\"https:\/\/tiandeproducts.co.uk\/wp-content\/uploads\/points-green.svg\" \/>\u00a0Earn 23 points worth \u00a31.15 when buying this product<\/p>\n<p>Zawarte w kompleksie naturalne adaptogeny \u2013 wyci\u0105g z \u017ce\u0144-szenia, maczu\u017cnik chi\u0144ski, kwas bursztynowy, wyci\u0105g z zielonej herbaty i kompleks witamin oraz mikroelement\u00f3w jak selen i cynk- tonizuj\u0105 i pobudzaj\u0105 witalno\u015b\u0107, poprawiaj\u0105 zdolno\u015bci umys\u0142owe i fizyczne, pobudzaj\u0105 przemian\u0119 materii, poprawiaj\u0105 og\u00f3lny stan zdrowia.<\/p>\n<p>Maczu\u017cnik chi\u0144ski jest od wiek\u00f3w uznawany za jedn\u0105 z najcenniejszych ro\u015blin rosn\u0105cych na ziemi. Sk\u0142adniki w niej zawarte s\u0105 niezb\u0119dne dla znakomitego samopoczucia i wspania\u0142ego wygl\u0105du. Dodatkowo dobroczynnie wp\u0142ywaj\u0105 na stan sk\u00f3ry, w\u0142os\u00f3w i paznokci. Koloryt twarzy poprawia si\u0119, nabiera zdecydowanej \u015bwie\u017co\u015bci. W\u0142osy staj\u0105 si\u0119 mocniejsze, a sk\u00f3ra starzeje si\u0119 wolniej.<\/p>\n<p><strong>\u201eFu-sin\u201d jest stworzony dla ka\u017cdego kto chce pozby\u0107 si\u0119 zm\u0119czenia i znu\u017cenia, wytrzyma\u0107 du\u017cy stres fizyczny i psychiczny.\u00a0<\/strong>Stres pogarsza pami\u0119\u0107 i zwi\u0119ksza prawdopodobie\u0144stwo depresji; D\u0142ugotrwa\u0142y stres mo\u017ce powodowa\u0107 skurcz naczy\u0144 i zwi\u0119kszony poziom cholesterolu; stres zwi\u0119ksza prawdopodobie\u0144stwo zespo\u0142u jelita dra\u017cliwego i wrzod\u00f3w \u017co\u0142\u0105dka.<\/p>\n<p><strong><b>Sk\u0142ad:\u00a0<\/b><\/strong>\u2022 Ekstrakt z zielonej herbaty \u2022 Kwas bursztynowy \u2022 Witamina C \u2022 Witamina E \u2022 Nikotynamid \u2022 witamina B5, B12, B6, B1, B2, A \u2022 Kwas foliowy \u2022 Biotyna \u2022 Witamina D3 \u2022 Maczu\u017cnik chi\u0144ski \u2022 Wyci\u0105g z \u017ce\u0144-szenia<\/p>\n<p><b>SPOS\u00d3B U\u017bYCIA:\u00a0<\/b>Doro\u015bli 1 kapsu\u0142ka 1x dziennie. Czas kuracji 3-4 tygodnie. Przed zastosowaniem zaleca si\u0119 konsultacj\u0119 z lekarzem.<\/p>\n","protected":false},"excerpt":{"rendered":"<p>\u00a0Earn 23 points worth \u00a31.15 when buying this product Zawarte w kompleksie naturalne adaptogeny \u2013 wyci\u0105g z \u017ce\u0144-szenia, maczu\u017cnik chi\u0144ski, kwas bursztynowy, wyci\u0105g z zielonej herbaty i kompleks witamin oraz mikroelement\u00f3w jak selen i cynk- tonizuj\u0105 i pobudzaj\u0105 witalno\u015b\u0107, poprawiaj\u0105 zdolno\u015bci umys\u0142owe i fizyczne, pobudzaj\u0105 przemian\u0119 materii, poprawiaj\u0105 og\u00f3lny stan zdrowia. Maczu\u017cnik chi\u0144ski jest od [&#8230;]\n","protected":false},"featured_media":3449,"comment_status":"closed","ping_status":"closed","template":"","meta":[],"product_cat":[835,833],"product_tag":[],"class_list":{"0":"post-5468","1":"product","2":"type-product","3":"status-publish","4":"has-post-thumbnail","6":"product_cat-suplementy","7":"product_cat-wellness-pl","9":"first","10":"outofstock","11":"shipping-taxable","12":"purchasable","13":"product-type-simple"},"yoast_head":"<!-- This site is optimized with the Yoast SEO plugin v23.6 - https:\/\/yoast.com\/wordpress\/plugins\/seo\/ -->\n<title>Dla zm\u0119czonych aktywny biologicznie kompleks ,,Fu-Sin\u201d,30 kapsu\u0142e - TianDe Online Shop - Beauty &amp; Health<\/title>\n<meta name=\"robots\" content=\"index, follow, max-snippet:-1, max-image-preview:large, max-video-preview:-1\" \/>\n<link rel=\"canonical\" href=\"https:\/\/tiandeproducts.co.uk\/pl\/dla-zmeczonych-aktywny-biologicznie-kompleks-fu-sin\/\" \/>\n<meta property=\"og:locale\" content=\"pl_PL\" \/>\n<meta property=\"og:type\" content=\"article\" \/>\n<meta property=\"og:title\" content=\"Dla zm\u0119czonych aktywny biologicznie kompleks ,,Fu-Sin\u201d,30 kapsu\u0142e - TianDe Online Shop - Beauty &amp; Health\" \/>\n<meta property=\"og:description\" content=\"\u00a0Earn 23 points worth \u00a31.15 when buying this product Zawarte w kompleksie naturalne adaptogeny \u2013 wyci\u0105g z \u017ce\u0144-szenia, maczu\u017cnik chi\u0144ski, kwas bursztynowy, wyci\u0105g z zielonej herbaty i kompleks witamin oraz mikroelement\u00f3w jak selen i cynk- tonizuj\u0105 i pobudzaj\u0105 witalno\u015b\u0107, poprawiaj\u0105 zdolno\u015bci umys\u0142owe i fizyczne, pobudzaj\u0105 przemian\u0119 materii, poprawiaj\u0105 og\u00f3lny stan zdrowia. Maczu\u017cnik chi\u0144ski jest od [...]\" \/>\n<meta property=\"og:url\" content=\"https:\/\/tiandeproducts.co.uk\/pl\/dla-zmeczonych-aktywny-biologicznie-kompleks-fu-sin\/\" \/>\n<meta property=\"og:site_name\" content=\"TianDe Online Shop - Beauty &amp; Health\" \/>\n<meta property=\"article:publisher\" content=\"https:\/\/www.facebook.com\/tiande.products.england\/\" \/>\n<meta property=\"article:modified_time\" content=\"2021-02-05T18:36:54+00:00\" \/>\n<meta property=\"og:image\" content=\"https:\/\/tiandeproducts.co.uk\/wp-content\/uploads\/113008.png\" \/>\n\t<meta property=\"og:image:width\" content=\"700\" \/>\n\t<meta property=\"og:image:height\" content=\"700\" \/>\n\t<meta property=\"og:image:type\" content=\"image\/png\" \/>\n<meta name=\"twitter:card\" content=\"summary_large_image\" \/>\n<meta name=\"twitter:label1\" content=\"Szacowany czas czytania\" \/>\n\t<meta name=\"twitter:data1\" content=\"1 minuta\" \/>\n<script type=\"application\/ld+json\" class=\"yoast-schema-graph\">{\"@context\":\"https:\/\/schema.org\",\"@graph\":[{\"@type\":\"WebPage\",\"@id\":\"https:\/\/tiandeproducts.co.uk\/pl\/dla-zmeczonych-aktywny-biologicznie-kompleks-fu-sin\/\",\"url\":\"https:\/\/tiandeproducts.co.uk\/pl\/dla-zmeczonych-aktywny-biologicznie-kompleks-fu-sin\/\",\"name\":\"Dla zm\u0119czonych aktywny biologicznie kompleks ,,Fu-Sin\u201d,30 kapsu\u0142e - TianDe Online Shop - Beauty &amp; Health\",\"isPartOf\":{\"@id\":\"https:\/\/tiandeproducts.co.uk\/#website\"},\"primaryImageOfPage\":{\"@id\":\"https:\/\/tiandeproducts.co.uk\/pl\/dla-zmeczonych-aktywny-biologicznie-kompleks-fu-sin\/#primaryimage\"},\"image\":{\"@id\":\"https:\/\/tiandeproducts.co.uk\/pl\/dla-zmeczonych-aktywny-biologicznie-kompleks-fu-sin\/#primaryimage\"},\"thumbnailUrl\":\"https:\/\/tiandeproducts.co.uk\/wp-content\/uploads\/113008.png\",\"datePublished\":\"2019-07-18T18:47:29+00:00\",\"dateModified\":\"2021-02-05T18:36:54+00:00\",\"breadcrumb\":{\"@id\":\"https:\/\/tiandeproducts.co.uk\/pl\/dla-zmeczonych-aktywny-biologicznie-kompleks-fu-sin\/#breadcrumb\"},\"inLanguage\":\"pl-PL\",\"potentialAction\":[{\"@type\":\"ReadAction\",\"target\":[\"https:\/\/tiandeproducts.co.uk\/pl\/dla-zmeczonych-aktywny-biologicznie-kompleks-fu-sin\/\"]}]},{\"@type\":\"ImageObject\",\"inLanguage\":\"pl-PL\",\"@id\":\"https:\/\/tiandeproducts.co.uk\/pl\/dla-zmeczonych-aktywny-biologicznie-kompleks-fu-sin\/#primaryimage\",\"url\":\"https:\/\/tiandeproducts.co.uk\/wp-content\/uploads\/113008.png\",\"contentUrl\":\"https:\/\/tiandeproducts.co.uk\/wp-content\/uploads\/113008.png\",\"width\":700,\"height\":700},{\"@type\":\"BreadcrumbList\",\"@id\":\"https:\/\/tiandeproducts.co.uk\/pl\/dla-zmeczonych-aktywny-biologicznie-kompleks-fu-sin\/#breadcrumb\",\"itemListElement\":[{\"@type\":\"ListItem\",\"position\":1,\"name\":\"Home\",\"item\":\"https:\/\/tiandeproducts.co.uk\/pl\/\"},{\"@type\":\"ListItem\",\"position\":2,\"name\":\"Shop\",\"item\":\"https:\/\/tiandeproducts.co.uk\/pl\/shop-2\/\"},{\"@type\":\"ListItem\",\"position\":3,\"name\":\"Dla zm\u0119czonych aktywny biologicznie kompleks ,,Fu-Sin\u201d,30 kapsu\u0142e\"}]},{\"@type\":\"WebSite\",\"@id\":\"https:\/\/tiandeproducts.co.uk\/#website\",\"url\":\"https:\/\/tiandeproducts.co.uk\/\",\"name\":\"TianDe Online Shop - Beauty & Health\",\"description\":\"Traditional Chinese Medicine\",\"potentialAction\":[{\"@type\":\"SearchAction\",\"target\":{\"@type\":\"EntryPoint\",\"urlTemplate\":\"https:\/\/tiandeproducts.co.uk\/?s={search_term_string}\"},\"query-input\":{\"@type\":\"PropertyValueSpecification\",\"valueRequired\":true,\"valueName\":\"search_term_string\"}}],\"inLanguage\":\"pl-PL\"}]}<\/script>\n<!-- \/ Yoast SEO plugin. -->","yoast_head_json":{"title":"Dla zm\u0119czonych aktywny biologicznie kompleks ,,Fu-Sin\u201d,30 kapsu\u0142e - TianDe Online Shop - Beauty &amp; Health","robots":{"index":"index","follow":"follow","max-snippet":"max-snippet:-1","max-image-preview":"max-image-preview:large","max-video-preview":"max-video-preview:-1"},"canonical":"https:\/\/tiandeproducts.co.uk\/pl\/dla-zmeczonych-aktywny-biologicznie-kompleks-fu-sin\/","og_locale":"pl_PL","og_type":"article","og_title":"Dla zm\u0119czonych aktywny biologicznie kompleks ,,Fu-Sin\u201d,30 kapsu\u0142e - TianDe Online Shop - Beauty &amp; Health","og_description":"\u00a0Earn 23 points worth \u00a31.15 when buying this product Zawarte w kompleksie naturalne adaptogeny \u2013 wyci\u0105g z \u017ce\u0144-szenia, maczu\u017cnik chi\u0144ski, kwas bursztynowy, wyci\u0105g z zielonej herbaty i kompleks witamin oraz mikroelement\u00f3w jak selen i cynk- tonizuj\u0105 i pobudzaj\u0105 witalno\u015b\u0107, poprawiaj\u0105 zdolno\u015bci umys\u0142owe i fizyczne, pobudzaj\u0105 przemian\u0119 materii, poprawiaj\u0105 og\u00f3lny stan zdrowia. Maczu\u017cnik chi\u0144ski jest od [...]","og_url":"https:\/\/tiandeproducts.co.uk\/pl\/dla-zmeczonych-aktywny-biologicznie-kompleks-fu-sin\/","og_site_name":"TianDe Online Shop - Beauty &amp; Health","article_publisher":"https:\/\/www.facebook.com\/tiande.products.england\/","article_modified_time":"2021-02-05T18:36:54+00:00","og_image":[{"width":700,"height":700,"url":"https:\/\/tiandeproducts.co.uk\/wp-content\/uploads\/113008.png","type":"image\/png"}],"twitter_card":"summary_large_image","twitter_misc":{"Szacowany czas czytania":"1 minuta"},"schema":{"@context":"https:\/\/schema.org","@graph":[{"@type":"WebPage","@id":"https:\/\/tiandeproducts.co.uk\/pl\/dla-zmeczonych-aktywny-biologicznie-kompleks-fu-sin\/","url":"https:\/\/tiandeproducts.co.uk\/pl\/dla-zmeczonych-aktywny-biologicznie-kompleks-fu-sin\/","name":"Dla zm\u0119czonych aktywny biologicznie kompleks ,,Fu-Sin\u201d,30 kapsu\u0142e - TianDe Online Shop - Beauty &amp; Health","isPartOf":{"@id":"https:\/\/tiandeproducts.co.uk\/#website"},"primaryImageOfPage":{"@id":"https:\/\/tiandeproducts.co.uk\/pl\/dla-zmeczonych-aktywny-biologicznie-kompleks-fu-sin\/#primaryimage"},"image":{"@id":"https:\/\/tiandeproducts.co.uk\/pl\/dla-zmeczonych-aktywny-biologicznie-kompleks-fu-sin\/#primaryimage"},"thumbnailUrl":"https:\/\/tiandeproducts.co.uk\/wp-content\/uploads\/113008.png","datePublished":"2019-07-18T18:47:29+00:00","dateModified":"2021-02-05T18:36:54+00:00","breadcrumb":{"@id":"https:\/\/tiandeproducts.co.uk\/pl\/dla-zmeczonych-aktywny-biologicznie-kompleks-fu-sin\/#breadcrumb"},"inLanguage":"pl-PL","potentialAction":[{"@type":"ReadAction","target":["https:\/\/tiandeproducts.co.uk\/pl\/dla-zmeczonych-aktywny-biologicznie-kompleks-fu-sin\/"]}]},{"@type":"ImageObject","inLanguage":"pl-PL","@id":"https:\/\/tiandeproducts.co.uk\/pl\/dla-zmeczonych-aktywny-biologicznie-kompleks-fu-sin\/#primaryimage","url":"https:\/\/tiandeproducts.co.uk\/wp-content\/uploads\/113008.png","contentUrl":"https:\/\/tiandeproducts.co.uk\/wp-content\/uploads\/113008.png","width":700,"height":700},{"@type":"BreadcrumbList","@id":"https:\/\/tiandeproducts.co.uk\/pl\/dla-zmeczonych-aktywny-biologicznie-kompleks-fu-sin\/#breadcrumb","itemListElement":[{"@type":"ListItem","position":1,"name":"Home","item":"https:\/\/tiandeproducts.co.uk\/pl\/"},{"@type":"ListItem","position":2,"name":"Shop","item":"https:\/\/tiandeproducts.co.uk\/pl\/shop-2\/"},{"@type":"ListItem","position":3,"name":"Dla zm\u0119czonych aktywny biologicznie kompleks ,,Fu-Sin\u201d,30 kapsu\u0142e"}]},{"@type":"WebSite","@id":"https:\/\/tiandeproducts.co.uk\/#website","url":"https:\/\/tiandeproducts.co.uk\/","name":"TianDe Online Shop - Beauty & Health","description":"Traditional Chinese Medicine","potentialAction":[{"@type":"SearchAction","target":{"@type":"EntryPoint","urlTemplate":"https:\/\/tiandeproducts.co.uk\/?s={search_term_string}"},"query-input":{"@type":"PropertyValueSpecification","valueRequired":true,"valueName":"search_term_string"}}],"inLanguage":"pl-PL"}]}},"_links":{"self":[{"href":"https:\/\/tiandeproducts.co.uk\/pl\/wp-json\/wp\/v2\/product\/5468","targetHints":{"allow":["GET"]}}],"collection":[{"href":"https:\/\/tiandeproducts.co.uk\/pl\/wp-json\/wp\/v2\/product"}],"about":[{"href":"https:\/\/tiandeproducts.co.uk\/pl\/wp-json\/wp\/v2\/types\/product"}],"replies":[{"embeddable":true,"href":"https:\/\/tiandeproducts.co.uk\/pl\/wp-json\/wp\/v2\/comments?post=5468"}],"wp:featuredmedia":[{"embeddable":true,"href":"https:\/\/tiandeproducts.co.uk\/pl\/wp-json\/wp\/v2\/media\/3449"}],"wp:attachment":[{"href":"https:\/\/tiandeproducts.co.uk\/pl\/wp-json\/wp\/v2\/media?parent=5468"}],"wp:term":[{"taxonomy":"product_cat","embeddable":true,"href":"https:\/\/tiandeproducts.co.uk\/pl\/wp-json\/wp\/v2\/product_cat?post=5468"},{"taxonomy":"product_tag","embeddable":true,"href":"https:\/\/tiandeproducts.co.uk\/pl\/wp-json\/wp\/v2\/product_tag?post=5468"}],"curies":[{"name":"wp","href":"https:\/\/api.w.org\/{rel}","templated":true}]}}