{"id":5045,"date":"2018-05-15T09:57:56","date_gmt":"2018-05-15T08:57:56","guid":{"rendered":"https:\/\/tnd.ontesting.co.uk\/kredka-do-brwi\/"},"modified":"2021-02-12T12:11:47","modified_gmt":"2021-02-12T12:11:47","slug":"kredka-do-brwi","status":"publish","type":"product","link":"https:\/\/tiandeproducts.co.uk\/pl\/kredka-do-brwi\/","title":{"rendered":"Kredka do brwi,1 szt."},"content":{"rendered":"<div class=\"description\">\n<p><img decoding=\"async\" style=\"max-width: 16px; margin-right: 5px;\" src=\"https:\/\/tiandeproducts.co.uk\/wp-content\/uploads\/points-green.svg\" \/>\u00a0Earn 10 points worth \u00a30.50 when buying this product<\/p>\n<p>Zdaniem wiza\u017cyst\u00f3w pi\u0119kne i zadbane brwi to 90% idealnego makija\u017cu! Kredka od TianDe pomo\u017ce Ci stworzy\u0107 idealne brwi! Dzi\u0119ki trwa\u0142ej formule nie \u015bciera si\u0119 i nie rozmazuje w ci\u0105gu dnia. Zawiera wosk candelilla, kt\u00f3ry naturalnie \u201eutrwali\u201c prawid\u0142owy \u0142uk.<\/p>\n<p>Wygodny aplikator pozwoli na precyzyjne na\u0142o\u017cenie, a praktyczny \u201egrzebyk\u201c z drugiej strony z \u0142atwo\u015bci\u0105 doprowadzi brwi do porz\u0105dku, podkre\u015blaj\u0105c ich idealny kszta\u0142t.<\/p>\n<p>Kredka jest dost\u0119pna w dw\u00f3ch kolorach: br\u0105zowym i grafitowym.<\/p>\n<\/div>\n<div class=\"instruction\">\n<p><strong>ZASTOSOWANIE:<\/strong><\/p>\n<p>Podkre\u015bl brwi kredk\u0105, maluj\u0105c sk\u00f3r\u0119 mi\u0119dzy w\u0142oskami. Zmieniaj intensywno\u015b\u0107 koloru przez l\u017cejszy lub mocniejszy nacisk na aplikator.<\/p>\n<\/div>\n","protected":false},"excerpt":{"rendered":"<p>\u00a0Earn 10 points worth \u00a30.50 when buying this product Zdaniem wiza\u017cyst\u00f3w pi\u0119kne i zadbane brwi to 90% idealnego makija\u017cu! Kredka od TianDe pomo\u017ce Ci stworzy\u0107 idealne brwi! Dzi\u0119ki trwa\u0142ej formule nie \u015bciera si\u0119 i nie rozmazuje w ci\u0105gu dnia. Zawiera wosk candelilla, kt\u00f3ry naturalnie \u201eutrwali\u201c prawid\u0142owy \u0142uk. Wygodny aplikator pozwoli na precyzyjne na\u0142o\u017cenie, a praktyczny [&#8230;]\n","protected":false},"featured_media":1882,"comment_status":"closed","ping_status":"closed","template":"","meta":[],"product_cat":[890,816,882,711],"product_tag":[],"class_list":{"0":"post-5045","1":"product","2":"type-product","3":"status-publish","4":"has-post-thumbnail","6":"product_cat-kredka-pl","7":"product_cat-makijaz-pl","8":"product_cat-oczy","9":"product_cat-pro-visage-pl-2","11":"first","12":"instock","13":"sale","14":"shipping-taxable","15":"purchasable","16":"product-type-variable"},"yoast_head":"<!-- This site is optimized with the Yoast SEO plugin v23.6 - https:\/\/yoast.com\/wordpress\/plugins\/seo\/ -->\n<title>Kredka do brwi,1 szt. - TianDe Online Shop - Beauty &amp; Health<\/title>\n<meta name=\"robots\" content=\"index, follow, max-snippet:-1, max-image-preview:large, max-video-preview:-1\" \/>\n<link rel=\"canonical\" href=\"https:\/\/tiandeproducts.co.uk\/pl\/kredka-do-brwi\/\" \/>\n<meta property=\"og:locale\" content=\"pl_PL\" \/>\n<meta property=\"og:type\" content=\"article\" \/>\n<meta property=\"og:title\" content=\"Kredka do brwi,1 szt. - TianDe Online Shop - Beauty &amp; Health\" \/>\n<meta property=\"og:description\" content=\"\u00a0Earn 10 points worth \u00a30.50 when buying this product Zdaniem wiza\u017cyst\u00f3w pi\u0119kne i zadbane brwi to 90% idealnego makija\u017cu! Kredka od TianDe pomo\u017ce Ci stworzy\u0107 idealne brwi! Dzi\u0119ki trwa\u0142ej formule nie \u015bciera si\u0119 i nie rozmazuje w ci\u0105gu dnia. Zawiera wosk candelilla, kt\u00f3ry naturalnie \u201eutrwali\u201c prawid\u0142owy \u0142uk. Wygodny aplikator pozwoli na precyzyjne na\u0142o\u017cenie, a praktyczny [...]\" \/>\n<meta property=\"og:url\" content=\"https:\/\/tiandeproducts.co.uk\/pl\/kredka-do-brwi\/\" \/>\n<meta property=\"og:site_name\" content=\"TianDe Online Shop - Beauty &amp; Health\" \/>\n<meta property=\"article:publisher\" content=\"https:\/\/www.facebook.com\/tiande.products.england\/\" \/>\n<meta property=\"article:modified_time\" content=\"2021-02-12T12:11:47+00:00\" \/>\n<meta property=\"og:image\" content=\"https:\/\/tiandeproducts.co.uk\/wp-content\/uploads\/2018\/05\/80906.jpg\" \/>\n\t<meta property=\"og:image:width\" content=\"800\" \/>\n\t<meta property=\"og:image:height\" content=\"800\" \/>\n\t<meta property=\"og:image:type\" content=\"image\/jpeg\" \/>\n<meta name=\"twitter:card\" content=\"summary_large_image\" \/>\n<meta name=\"twitter:label1\" content=\"Szacowany czas czytania\" \/>\n\t<meta name=\"twitter:data1\" content=\"1 minuta\" \/>\n<script type=\"application\/ld+json\" class=\"yoast-schema-graph\">{\"@context\":\"https:\/\/schema.org\",\"@graph\":[{\"@type\":\"WebPage\",\"@id\":\"https:\/\/tiandeproducts.co.uk\/pl\/kredka-do-brwi\/\",\"url\":\"https:\/\/tiandeproducts.co.uk\/pl\/kredka-do-brwi\/\",\"name\":\"Kredka do brwi,1 szt. - TianDe Online Shop - Beauty &amp; Health\",\"isPartOf\":{\"@id\":\"https:\/\/tiandeproducts.co.uk\/#website\"},\"primaryImageOfPage\":{\"@id\":\"https:\/\/tiandeproducts.co.uk\/pl\/kredka-do-brwi\/#primaryimage\"},\"image\":{\"@id\":\"https:\/\/tiandeproducts.co.uk\/pl\/kredka-do-brwi\/#primaryimage\"},\"thumbnailUrl\":\"https:\/\/tiandeproducts.co.uk\/wp-content\/uploads\/2018\/05\/80906.jpg\",\"datePublished\":\"2018-05-15T08:57:56+00:00\",\"dateModified\":\"2021-02-12T12:11:47+00:00\",\"breadcrumb\":{\"@id\":\"https:\/\/tiandeproducts.co.uk\/pl\/kredka-do-brwi\/#breadcrumb\"},\"inLanguage\":\"pl-PL\",\"potentialAction\":[{\"@type\":\"ReadAction\",\"target\":[\"https:\/\/tiandeproducts.co.uk\/pl\/kredka-do-brwi\/\"]}]},{\"@type\":\"ImageObject\",\"inLanguage\":\"pl-PL\",\"@id\":\"https:\/\/tiandeproducts.co.uk\/pl\/kredka-do-brwi\/#primaryimage\",\"url\":\"https:\/\/tiandeproducts.co.uk\/wp-content\/uploads\/2018\/05\/80906.jpg\",\"contentUrl\":\"https:\/\/tiandeproducts.co.uk\/wp-content\/uploads\/2018\/05\/80906.jpg\",\"width\":800,\"height\":800,\"caption\":\"PRO Visage Eyebrow Pencil,0,35g-0\"},{\"@type\":\"BreadcrumbList\",\"@id\":\"https:\/\/tiandeproducts.co.uk\/pl\/kredka-do-brwi\/#breadcrumb\",\"itemListElement\":[{\"@type\":\"ListItem\",\"position\":1,\"name\":\"Home\",\"item\":\"https:\/\/tiandeproducts.co.uk\/pl\/\"},{\"@type\":\"ListItem\",\"position\":2,\"name\":\"Shop\",\"item\":\"https:\/\/tiandeproducts.co.uk\/pl\/shop-2\/\"},{\"@type\":\"ListItem\",\"position\":3,\"name\":\"Kredka do brwi,1 szt.\"}]},{\"@type\":\"WebSite\",\"@id\":\"https:\/\/tiandeproducts.co.uk\/#website\",\"url\":\"https:\/\/tiandeproducts.co.uk\/\",\"name\":\"TianDe Online Shop - Beauty & Health\",\"description\":\"Traditional Chinese Medicine\",\"potentialAction\":[{\"@type\":\"SearchAction\",\"target\":{\"@type\":\"EntryPoint\",\"urlTemplate\":\"https:\/\/tiandeproducts.co.uk\/?s={search_term_string}\"},\"query-input\":{\"@type\":\"PropertyValueSpecification\",\"valueRequired\":true,\"valueName\":\"search_term_string\"}}],\"inLanguage\":\"pl-PL\"}]}<\/script>\n<!-- \/ Yoast SEO plugin. -->","yoast_head_json":{"title":"Kredka do brwi,1 szt. - TianDe Online Shop - Beauty &amp; Health","robots":{"index":"index","follow":"follow","max-snippet":"max-snippet:-1","max-image-preview":"max-image-preview:large","max-video-preview":"max-video-preview:-1"},"canonical":"https:\/\/tiandeproducts.co.uk\/pl\/kredka-do-brwi\/","og_locale":"pl_PL","og_type":"article","og_title":"Kredka do brwi,1 szt. - TianDe Online Shop - Beauty &amp; Health","og_description":"\u00a0Earn 10 points worth \u00a30.50 when buying this product Zdaniem wiza\u017cyst\u00f3w pi\u0119kne i zadbane brwi to 90% idealnego makija\u017cu! Kredka od TianDe pomo\u017ce Ci stworzy\u0107 idealne brwi! Dzi\u0119ki trwa\u0142ej formule nie \u015bciera si\u0119 i nie rozmazuje w ci\u0105gu dnia. Zawiera wosk candelilla, kt\u00f3ry naturalnie \u201eutrwali\u201c prawid\u0142owy \u0142uk. Wygodny aplikator pozwoli na precyzyjne na\u0142o\u017cenie, a praktyczny [...]","og_url":"https:\/\/tiandeproducts.co.uk\/pl\/kredka-do-brwi\/","og_site_name":"TianDe Online Shop - Beauty &amp; Health","article_publisher":"https:\/\/www.facebook.com\/tiande.products.england\/","article_modified_time":"2021-02-12T12:11:47+00:00","og_image":[{"width":800,"height":800,"url":"https:\/\/tiandeproducts.co.uk\/wp-content\/uploads\/2018\/05\/80906.jpg","type":"image\/jpeg"}],"twitter_card":"summary_large_image","twitter_misc":{"Szacowany czas czytania":"1 minuta"},"schema":{"@context":"https:\/\/schema.org","@graph":[{"@type":"WebPage","@id":"https:\/\/tiandeproducts.co.uk\/pl\/kredka-do-brwi\/","url":"https:\/\/tiandeproducts.co.uk\/pl\/kredka-do-brwi\/","name":"Kredka do brwi,1 szt. - TianDe Online Shop - Beauty &amp; Health","isPartOf":{"@id":"https:\/\/tiandeproducts.co.uk\/#website"},"primaryImageOfPage":{"@id":"https:\/\/tiandeproducts.co.uk\/pl\/kredka-do-brwi\/#primaryimage"},"image":{"@id":"https:\/\/tiandeproducts.co.uk\/pl\/kredka-do-brwi\/#primaryimage"},"thumbnailUrl":"https:\/\/tiandeproducts.co.uk\/wp-content\/uploads\/2018\/05\/80906.jpg","datePublished":"2018-05-15T08:57:56+00:00","dateModified":"2021-02-12T12:11:47+00:00","breadcrumb":{"@id":"https:\/\/tiandeproducts.co.uk\/pl\/kredka-do-brwi\/#breadcrumb"},"inLanguage":"pl-PL","potentialAction":[{"@type":"ReadAction","target":["https:\/\/tiandeproducts.co.uk\/pl\/kredka-do-brwi\/"]}]},{"@type":"ImageObject","inLanguage":"pl-PL","@id":"https:\/\/tiandeproducts.co.uk\/pl\/kredka-do-brwi\/#primaryimage","url":"https:\/\/tiandeproducts.co.uk\/wp-content\/uploads\/2018\/05\/80906.jpg","contentUrl":"https:\/\/tiandeproducts.co.uk\/wp-content\/uploads\/2018\/05\/80906.jpg","width":800,"height":800,"caption":"PRO Visage Eyebrow Pencil,0,35g-0"},{"@type":"BreadcrumbList","@id":"https:\/\/tiandeproducts.co.uk\/pl\/kredka-do-brwi\/#breadcrumb","itemListElement":[{"@type":"ListItem","position":1,"name":"Home","item":"https:\/\/tiandeproducts.co.uk\/pl\/"},{"@type":"ListItem","position":2,"name":"Shop","item":"https:\/\/tiandeproducts.co.uk\/pl\/shop-2\/"},{"@type":"ListItem","position":3,"name":"Kredka do brwi,1 szt."}]},{"@type":"WebSite","@id":"https:\/\/tiandeproducts.co.uk\/#website","url":"https:\/\/tiandeproducts.co.uk\/","name":"TianDe Online Shop - Beauty & Health","description":"Traditional Chinese Medicine","potentialAction":[{"@type":"SearchAction","target":{"@type":"EntryPoint","urlTemplate":"https:\/\/tiandeproducts.co.uk\/?s={search_term_string}"},"query-input":{"@type":"PropertyValueSpecification","valueRequired":true,"valueName":"search_term_string"}}],"inLanguage":"pl-PL"}]}},"_links":{"self":[{"href":"https:\/\/tiandeproducts.co.uk\/pl\/wp-json\/wp\/v2\/product\/5045","targetHints":{"allow":["GET"]}}],"collection":[{"href":"https:\/\/tiandeproducts.co.uk\/pl\/wp-json\/wp\/v2\/product"}],"about":[{"href":"https:\/\/tiandeproducts.co.uk\/pl\/wp-json\/wp\/v2\/types\/product"}],"replies":[{"embeddable":true,"href":"https:\/\/tiandeproducts.co.uk\/pl\/wp-json\/wp\/v2\/comments?post=5045"}],"wp:featuredmedia":[{"embeddable":true,"href":"https:\/\/tiandeproducts.co.uk\/pl\/wp-json\/wp\/v2\/media\/1882"}],"wp:attachment":[{"href":"https:\/\/tiandeproducts.co.uk\/pl\/wp-json\/wp\/v2\/media?parent=5045"}],"wp:term":[{"taxonomy":"product_cat","embeddable":true,"href":"https:\/\/tiandeproducts.co.uk\/pl\/wp-json\/wp\/v2\/product_cat?post=5045"},{"taxonomy":"product_tag","embeddable":true,"href":"https:\/\/tiandeproducts.co.uk\/pl\/wp-json\/wp\/v2\/product_tag?post=5045"}],"curies":[{"name":"wp","href":"https:\/\/api.w.org\/{rel}","templated":true}]}}