{"id":5041,"date":"2018-05-30T11:51:06","date_gmt":"2018-05-30T10:51:06","guid":{"rendered":"https:\/\/tnd.ontesting.co.uk\/tusz-galaxy-volume-5d-11-5g\/"},"modified":"2023-07-04T07:13:28","modified_gmt":"2023-07-04T06:13:28","slug":"tusz-galaxy-volume-5d-11-5g","status":"publish","type":"product","link":"https:\/\/tiandeproducts.co.uk\/pl\/tusz-galaxy-volume-5d-11-5g\/","title":{"rendered":"Tusz Galaxy Volume 5D, 11.5g"},"content":{"rendered":"<div class=\"description\">\n<p><img decoding=\"async\" style=\"max-width: 16px; margin-right: 5px;\" src=\"https:\/\/tiandeproducts.co.uk\/wp-content\/uploads\/points-green.svg\" \/>\u00a0Earn 20 points worth \u00a31.00 when buying this product<\/p>\n<p>Wystarczy tylko spojrzenie, aby oczarowa\u0107 wzrokiem! Osza\u0142amiaj\u0105ce sukienki i wysokie obcasy te\u017c dzia\u0142aj\u0105, ale bez uwodzicielskicego spojrzenia to tylko powierzchowny dodatek. Nie wierzysz? Przypomnij sobie wschodnie \u015blicznotki, kt\u00f3re z kobiecych wdzi\u0119k\u00f3w eksponuj\u0105 tylko twarz, a najcz\u0119\u015bciej i tak wida\u0107 tylko oczy. Ale jak one potrafi\u0105 korzysta\u0107 z tego narz\u0119dzia do uwodzenia! Je\u015bli one mog\u0105, to mo\u017cesz i Ty!<\/p>\n<p>Tusz do rz\u0119s Galaxy Volume 5D pomo\u017ce Ci w ka\u017cdej sytuacji wygl\u0105da\u0107 w 100% idealnie! Pe\u0142ni on jednocze\u015bnie funkcje pi\u0119ciu produkt\u00f3w!<\/p>\n<p>Tusz Galaxy Volume 5D to:<br \/>\n&#8211; obj\u0119to\u015b\u0107 bez obci\u0105\u017cenia &#8211; nawet je\u015bli na\u0142o\u017cysz na rz\u0119sy dwie warstwy tuszu, nie b\u0119d\u0105 one wygl\u0105da\u0107 jak \u201en\u00f3\u017cki paj\u0105czka\u201c;<br \/>\n&#8211; idealne rozdzielenie &#8211; szczoteczka z twardymi w\u0142oskami rozdziela nawet najkr\u00f3tsze rz\u0119sy;<br \/>\n&#8211; trwa\u0142e podkr\u0119cenie &#8211; b\u0105d\u017a pewna, \u017ce Twoje rz\u0119sy b\u0119d\u0105 podkr\u0119cone przez ca\u0142y dzie\u0144!<br \/>\n&#8211; niewiarygodne wyd\u0142u\u017cenie &#8211; tusz wyd\u0142u\u017cy ka\u017cd\u0105 rz\u0119s\u0119, tworz\u0105c uwodzicielskie spojrzenie;<br \/>\n&#8211; staranna piel\u0119gnacja &#8211; Twoje rz\u0119sy wygl\u0105daj\u0105 wspaniale, s\u0105 mi\u0119kkie, lekkie i zadbane!<\/p>\n<\/div>\n<div class=\"instruction\">\n<p><strong>ZASTOSOWANIE:<\/strong><\/p>\n<p>Nanie\u015b\u0107 tusz na rz\u0119sy na ca\u0142ej ich d\u0142ugo\u015bci. W celu osi\u0105gni\u0119cia maksymalnej obj\u0119to\u015bci i podkre\u015blenia koloru nanosi\u0107 tusz w dw\u00f3ch warstwach.<\/p>\n<\/div>\n","protected":false},"excerpt":{"rendered":"<p>\u00a0Earn 20 points worth \u00a31.00 when buying this product Wystarczy tylko spojrzenie, aby oczarowa\u0107 wzrokiem! Osza\u0142amiaj\u0105ce sukienki i wysokie obcasy te\u017c dzia\u0142aj\u0105, ale bez uwodzicielskicego spojrzenia to tylko powierzchowny dodatek. Nie wierzysz? Przypomnij sobie wschodnie \u015blicznotki, kt\u00f3re z kobiecych wdzi\u0119k\u00f3w eksponuj\u0105 tylko twarz, a najcz\u0119\u015bciej i tak wida\u0107 tylko oczy. Ale jak one potrafi\u0105 korzysta\u0107 [&#8230;]\n","protected":false},"featured_media":1922,"comment_status":"closed","ping_status":"closed","template":"","meta":[],"product_cat":[816,882,888],"product_tag":[],"class_list":{"0":"post-5041","1":"product","2":"type-product","3":"status-publish","4":"has-post-thumbnail","6":"product_cat-makijaz-pl","7":"product_cat-oczy","8":"product_cat-tusz-do-rzes","10":"first","11":"outofstock","12":"shipping-taxable","13":"purchasable","14":"product-type-simple"},"yoast_head":"<!-- This site is optimized with the Yoast SEO plugin v23.6 - https:\/\/yoast.com\/wordpress\/plugins\/seo\/ -->\n<title>Tusz Galaxy Volume 5D, 11.5g - TianDe Online Shop - Beauty &amp; Health<\/title>\n<meta name=\"robots\" content=\"index, follow, max-snippet:-1, max-image-preview:large, max-video-preview:-1\" \/>\n<link rel=\"canonical\" href=\"https:\/\/tiandeproducts.co.uk\/pl\/tusz-galaxy-volume-5d-11-5g\/\" \/>\n<meta property=\"og:locale\" content=\"pl_PL\" \/>\n<meta property=\"og:type\" content=\"article\" \/>\n<meta property=\"og:title\" content=\"Tusz Galaxy Volume 5D, 11.5g - TianDe Online Shop - Beauty &amp; Health\" \/>\n<meta property=\"og:description\" content=\"\u00a0Earn 20 points worth \u00a31.00 when buying this product Wystarczy tylko spojrzenie, aby oczarowa\u0107 wzrokiem! Osza\u0142amiaj\u0105ce sukienki i wysokie obcasy te\u017c dzia\u0142aj\u0105, ale bez uwodzicielskicego spojrzenia to tylko powierzchowny dodatek. Nie wierzysz? Przypomnij sobie wschodnie \u015blicznotki, kt\u00f3re z kobiecych wdzi\u0119k\u00f3w eksponuj\u0105 tylko twarz, a najcz\u0119\u015bciej i tak wida\u0107 tylko oczy. Ale jak one potrafi\u0105 korzysta\u0107 [...]\" \/>\n<meta property=\"og:url\" content=\"https:\/\/tiandeproducts.co.uk\/pl\/tusz-galaxy-volume-5d-11-5g\/\" \/>\n<meta property=\"og:site_name\" content=\"TianDe Online Shop - Beauty &amp; Health\" \/>\n<meta property=\"article:publisher\" content=\"https:\/\/www.facebook.com\/tiande.products.england\/\" \/>\n<meta property=\"article:modified_time\" content=\"2023-07-04T06:13:28+00:00\" \/>\n<meta property=\"og:image\" content=\"https:\/\/tiandeproducts.co.uk\/wp-content\/uploads\/2018\/05\/80129.jpg\" \/>\n\t<meta property=\"og:image:width\" content=\"800\" \/>\n\t<meta property=\"og:image:height\" content=\"800\" \/>\n\t<meta property=\"og:image:type\" content=\"image\/jpeg\" \/>\n<meta name=\"twitter:card\" content=\"summary_large_image\" \/>\n<meta name=\"twitter:label1\" content=\"Szacowany czas czytania\" \/>\n\t<meta name=\"twitter:data1\" content=\"1 minuta\" \/>\n<script type=\"application\/ld+json\" class=\"yoast-schema-graph\">{\"@context\":\"https:\/\/schema.org\",\"@graph\":[{\"@type\":\"WebPage\",\"@id\":\"https:\/\/tiandeproducts.co.uk\/pl\/tusz-galaxy-volume-5d-11-5g\/\",\"url\":\"https:\/\/tiandeproducts.co.uk\/pl\/tusz-galaxy-volume-5d-11-5g\/\",\"name\":\"Tusz Galaxy Volume 5D, 11.5g - TianDe Online Shop - Beauty &amp; Health\",\"isPartOf\":{\"@id\":\"https:\/\/tiandeproducts.co.uk\/#website\"},\"primaryImageOfPage\":{\"@id\":\"https:\/\/tiandeproducts.co.uk\/pl\/tusz-galaxy-volume-5d-11-5g\/#primaryimage\"},\"image\":{\"@id\":\"https:\/\/tiandeproducts.co.uk\/pl\/tusz-galaxy-volume-5d-11-5g\/#primaryimage\"},\"thumbnailUrl\":\"https:\/\/tiandeproducts.co.uk\/wp-content\/uploads\/2018\/05\/80129.jpg\",\"datePublished\":\"2018-05-30T10:51:06+00:00\",\"dateModified\":\"2023-07-04T06:13:28+00:00\",\"breadcrumb\":{\"@id\":\"https:\/\/tiandeproducts.co.uk\/pl\/tusz-galaxy-volume-5d-11-5g\/#breadcrumb\"},\"inLanguage\":\"pl-PL\",\"potentialAction\":[{\"@type\":\"ReadAction\",\"target\":[\"https:\/\/tiandeproducts.co.uk\/pl\/tusz-galaxy-volume-5d-11-5g\/\"]}]},{\"@type\":\"ImageObject\",\"inLanguage\":\"pl-PL\",\"@id\":\"https:\/\/tiandeproducts.co.uk\/pl\/tusz-galaxy-volume-5d-11-5g\/#primaryimage\",\"url\":\"https:\/\/tiandeproducts.co.uk\/wp-content\/uploads\/2018\/05\/80129.jpg\",\"contentUrl\":\"https:\/\/tiandeproducts.co.uk\/wp-content\/uploads\/2018\/05\/80129.jpg\",\"width\":800,\"height\":800,\"caption\":\"TianDe Galaxy Volume 5D Effect Mascara,11.5g-0\"},{\"@type\":\"BreadcrumbList\",\"@id\":\"https:\/\/tiandeproducts.co.uk\/pl\/tusz-galaxy-volume-5d-11-5g\/#breadcrumb\",\"itemListElement\":[{\"@type\":\"ListItem\",\"position\":1,\"name\":\"Home\",\"item\":\"https:\/\/tiandeproducts.co.uk\/pl\/\"},{\"@type\":\"ListItem\",\"position\":2,\"name\":\"Shop\",\"item\":\"https:\/\/tiandeproducts.co.uk\/pl\/shop-2\/\"},{\"@type\":\"ListItem\",\"position\":3,\"name\":\"Tusz Galaxy Volume 5D, 11.5g\"}]},{\"@type\":\"WebSite\",\"@id\":\"https:\/\/tiandeproducts.co.uk\/#website\",\"url\":\"https:\/\/tiandeproducts.co.uk\/\",\"name\":\"TianDe Online Shop - Beauty & Health\",\"description\":\"Traditional Chinese Medicine\",\"potentialAction\":[{\"@type\":\"SearchAction\",\"target\":{\"@type\":\"EntryPoint\",\"urlTemplate\":\"https:\/\/tiandeproducts.co.uk\/?s={search_term_string}\"},\"query-input\":{\"@type\":\"PropertyValueSpecification\",\"valueRequired\":true,\"valueName\":\"search_term_string\"}}],\"inLanguage\":\"pl-PL\"}]}<\/script>\n<!-- \/ Yoast SEO plugin. -->","yoast_head_json":{"title":"Tusz Galaxy Volume 5D, 11.5g - TianDe Online Shop - Beauty &amp; Health","robots":{"index":"index","follow":"follow","max-snippet":"max-snippet:-1","max-image-preview":"max-image-preview:large","max-video-preview":"max-video-preview:-1"},"canonical":"https:\/\/tiandeproducts.co.uk\/pl\/tusz-galaxy-volume-5d-11-5g\/","og_locale":"pl_PL","og_type":"article","og_title":"Tusz Galaxy Volume 5D, 11.5g - TianDe Online Shop - Beauty &amp; Health","og_description":"\u00a0Earn 20 points worth \u00a31.00 when buying this product Wystarczy tylko spojrzenie, aby oczarowa\u0107 wzrokiem! Osza\u0142amiaj\u0105ce sukienki i wysokie obcasy te\u017c dzia\u0142aj\u0105, ale bez uwodzicielskicego spojrzenia to tylko powierzchowny dodatek. Nie wierzysz? Przypomnij sobie wschodnie \u015blicznotki, kt\u00f3re z kobiecych wdzi\u0119k\u00f3w eksponuj\u0105 tylko twarz, a najcz\u0119\u015bciej i tak wida\u0107 tylko oczy. Ale jak one potrafi\u0105 korzysta\u0107 [...]","og_url":"https:\/\/tiandeproducts.co.uk\/pl\/tusz-galaxy-volume-5d-11-5g\/","og_site_name":"TianDe Online Shop - Beauty &amp; Health","article_publisher":"https:\/\/www.facebook.com\/tiande.products.england\/","article_modified_time":"2023-07-04T06:13:28+00:00","og_image":[{"width":800,"height":800,"url":"https:\/\/tiandeproducts.co.uk\/wp-content\/uploads\/2018\/05\/80129.jpg","type":"image\/jpeg"}],"twitter_card":"summary_large_image","twitter_misc":{"Szacowany czas czytania":"1 minuta"},"schema":{"@context":"https:\/\/schema.org","@graph":[{"@type":"WebPage","@id":"https:\/\/tiandeproducts.co.uk\/pl\/tusz-galaxy-volume-5d-11-5g\/","url":"https:\/\/tiandeproducts.co.uk\/pl\/tusz-galaxy-volume-5d-11-5g\/","name":"Tusz Galaxy Volume 5D, 11.5g - TianDe Online Shop - Beauty &amp; Health","isPartOf":{"@id":"https:\/\/tiandeproducts.co.uk\/#website"},"primaryImageOfPage":{"@id":"https:\/\/tiandeproducts.co.uk\/pl\/tusz-galaxy-volume-5d-11-5g\/#primaryimage"},"image":{"@id":"https:\/\/tiandeproducts.co.uk\/pl\/tusz-galaxy-volume-5d-11-5g\/#primaryimage"},"thumbnailUrl":"https:\/\/tiandeproducts.co.uk\/wp-content\/uploads\/2018\/05\/80129.jpg","datePublished":"2018-05-30T10:51:06+00:00","dateModified":"2023-07-04T06:13:28+00:00","breadcrumb":{"@id":"https:\/\/tiandeproducts.co.uk\/pl\/tusz-galaxy-volume-5d-11-5g\/#breadcrumb"},"inLanguage":"pl-PL","potentialAction":[{"@type":"ReadAction","target":["https:\/\/tiandeproducts.co.uk\/pl\/tusz-galaxy-volume-5d-11-5g\/"]}]},{"@type":"ImageObject","inLanguage":"pl-PL","@id":"https:\/\/tiandeproducts.co.uk\/pl\/tusz-galaxy-volume-5d-11-5g\/#primaryimage","url":"https:\/\/tiandeproducts.co.uk\/wp-content\/uploads\/2018\/05\/80129.jpg","contentUrl":"https:\/\/tiandeproducts.co.uk\/wp-content\/uploads\/2018\/05\/80129.jpg","width":800,"height":800,"caption":"TianDe Galaxy Volume 5D Effect Mascara,11.5g-0"},{"@type":"BreadcrumbList","@id":"https:\/\/tiandeproducts.co.uk\/pl\/tusz-galaxy-volume-5d-11-5g\/#breadcrumb","itemListElement":[{"@type":"ListItem","position":1,"name":"Home","item":"https:\/\/tiandeproducts.co.uk\/pl\/"},{"@type":"ListItem","position":2,"name":"Shop","item":"https:\/\/tiandeproducts.co.uk\/pl\/shop-2\/"},{"@type":"ListItem","position":3,"name":"Tusz Galaxy Volume 5D, 11.5g"}]},{"@type":"WebSite","@id":"https:\/\/tiandeproducts.co.uk\/#website","url":"https:\/\/tiandeproducts.co.uk\/","name":"TianDe Online Shop - Beauty & Health","description":"Traditional Chinese Medicine","potentialAction":[{"@type":"SearchAction","target":{"@type":"EntryPoint","urlTemplate":"https:\/\/tiandeproducts.co.uk\/?s={search_term_string}"},"query-input":{"@type":"PropertyValueSpecification","valueRequired":true,"valueName":"search_term_string"}}],"inLanguage":"pl-PL"}]}},"_links":{"self":[{"href":"https:\/\/tiandeproducts.co.uk\/pl\/wp-json\/wp\/v2\/product\/5041","targetHints":{"allow":["GET"]}}],"collection":[{"href":"https:\/\/tiandeproducts.co.uk\/pl\/wp-json\/wp\/v2\/product"}],"about":[{"href":"https:\/\/tiandeproducts.co.uk\/pl\/wp-json\/wp\/v2\/types\/product"}],"replies":[{"embeddable":true,"href":"https:\/\/tiandeproducts.co.uk\/pl\/wp-json\/wp\/v2\/comments?post=5041"}],"wp:featuredmedia":[{"embeddable":true,"href":"https:\/\/tiandeproducts.co.uk\/pl\/wp-json\/wp\/v2\/media\/1922"}],"wp:attachment":[{"href":"https:\/\/tiandeproducts.co.uk\/pl\/wp-json\/wp\/v2\/media?parent=5041"}],"wp:term":[{"taxonomy":"product_cat","embeddable":true,"href":"https:\/\/tiandeproducts.co.uk\/pl\/wp-json\/wp\/v2\/product_cat?post=5041"},{"taxonomy":"product_tag","embeddable":true,"href":"https:\/\/tiandeproducts.co.uk\/pl\/wp-json\/wp\/v2\/product_tag?post=5041"}],"curies":[{"name":"wp","href":"https:\/\/api.w.org\/{rel}","templated":true}]}}