{"id":5036,"date":"2017-09-19T13:40:22","date_gmt":"2017-09-19T12:40:22","guid":{"rendered":"https:\/\/tnd.ontesting.co.uk\/krem-pielegnacyjny-na-popekane-piety40g\/"},"modified":"2021-02-12T12:38:07","modified_gmt":"2021-02-12T12:38:07","slug":"krem-pielegnacyjny-na-popekane-piety40g","status":"publish","type":"product","link":"https:\/\/tiandeproducts.co.uk\/pl\/krem-pielegnacyjny-na-popekane-piety40g\/","title":{"rendered":"Krem piel\u0119gnacyjny na pop\u0119kane pi\u0119ty,40g"},"content":{"rendered":"<p><img decoding=\"async\" style=\"max-width: 16px; margin-right: 5px;\" src=\"https:\/\/tiandeproducts.co.uk\/wp-content\/uploads\/points-green.svg\" \/>\u00a0Earn 8 points worth \u00a30.40 when buying this product<\/p>\n<p class=\"description\">Pop\u0119kane pi\u0119ty to du\u017ca niedogodno\u015b\u0107, nie m\u00f3wi\u0105c ju\u017c o tym, \u017ce wygl\u0105daj\u0105 przy tym bardzo nieestetycznie. Uczucie ci\u0105g\u0142ej sucho\u015bci, podra\u017cnienia sk\u00f3ry, b\u00f3l podczas chodzenia i zakaz noszenia but\u00f3w z odkrytymi pi\u0119tami to tylko cz\u0119\u015b\u0107 problem\u00f3w. Nie jest przyjemnie patrze\u0107 na takie stopy, a dotyka\u0107 je tym bardziej.<\/p>\n<p>Krem piel\u0119gnacyjny na pop\u0119kane pi\u0119ty od TianDe skutecznie nawil\u017ca i od\u017cywia sk\u00f3r\u0119. Z ka\u017cdym dniem stosowania pi\u0119ty, kt\u00f3re niedawno \u201ep\u0119ka\u0142y w szwach\u201c, staj\u0105 si\u0119 coraz bardziej mi\u0119kkie!<\/p>\n<p>W sk\u0142ad kremu wchodz\u0105 wyci\u0105gi i olejki ro\u015blinne, witaminy i sk\u0142adniki nawil\u017caj\u0105ce. Krem piel\u0119gnacyjny pomo\u017ce zapomnie\u0107 o p\u0119kni\u0119ciach, suchej i grubej sk\u00f3rze, pozwoli Ci cieszy\u0107 si\u0119 g\u0142adko\u015bci\u0105 i delikatno\u015bci\u0105 swoich pi\u0119t!<\/p>\n<div class=\"instruction\">\n<p><strong>ZASTOSOWANIE:<\/strong><\/p>\n<p>Nak\u0142adaj na czyst\u0105, such\u0105 sk\u00f3r\u0119 st\u00f3p rano i wieczorem.<\/p>\n<\/div>\n","protected":false},"excerpt":{"rendered":"<p>\u00a0Earn 8 points worth \u00a30.40 when buying this product Pop\u0119kane pi\u0119ty to du\u017ca niedogodno\u015b\u0107, nie m\u00f3wi\u0105c ju\u017c o tym, \u017ce wygl\u0105daj\u0105 przy tym bardzo nieestetycznie. Uczucie ci\u0105g\u0142ej sucho\u015bci, podra\u017cnienia sk\u00f3ry, b\u00f3l podczas chodzenia i zakaz noszenia but\u00f3w z odkrytymi pi\u0119tami to tylko cz\u0119\u015b\u0107 problem\u00f3w. Nie jest przyjemnie patrze\u0107 na takie stopy, a dotyka\u0107 je tym [&#8230;]\n","protected":false},"featured_media":1726,"comment_status":"closed","ping_status":"closed","template":"","meta":[],"product_cat":[498,739],"product_tag":[],"class_list":{"0":"post-5036","1":"product","2":"type-product","3":"status-publish","4":"has-post-thumbnail","6":"product_cat-pielegnacja-ciala","7":"product_cat-pielegnacja-stop","9":"first","10":"instock","11":"shipping-taxable","12":"purchasable","13":"product-type-simple"},"yoast_head":"<!-- This site is optimized with the Yoast SEO plugin v23.6 - https:\/\/yoast.com\/wordpress\/plugins\/seo\/ -->\n<title>Krem piel\u0119gnacyjny na pop\u0119kane pi\u0119ty,40g - TianDe Online Shop - Beauty &amp; Health<\/title>\n<meta name=\"robots\" content=\"index, follow, max-snippet:-1, max-image-preview:large, max-video-preview:-1\" \/>\n<link rel=\"canonical\" href=\"https:\/\/tiandeproducts.co.uk\/pl\/krem-pielegnacyjny-na-popekane-piety40g\/\" \/>\n<meta property=\"og:locale\" content=\"pl_PL\" \/>\n<meta property=\"og:type\" content=\"article\" \/>\n<meta property=\"og:title\" content=\"Krem piel\u0119gnacyjny na pop\u0119kane pi\u0119ty,40g - TianDe Online Shop - Beauty &amp; Health\" \/>\n<meta property=\"og:description\" content=\"\u00a0Earn 8 points worth \u00a30.40 when buying this product Pop\u0119kane pi\u0119ty to du\u017ca niedogodno\u015b\u0107, nie m\u00f3wi\u0105c ju\u017c o tym, \u017ce wygl\u0105daj\u0105 przy tym bardzo nieestetycznie. Uczucie ci\u0105g\u0142ej sucho\u015bci, podra\u017cnienia sk\u00f3ry, b\u00f3l podczas chodzenia i zakaz noszenia but\u00f3w z odkrytymi pi\u0119tami to tylko cz\u0119\u015b\u0107 problem\u00f3w. Nie jest przyjemnie patrze\u0107 na takie stopy, a dotyka\u0107 je tym [...]\" \/>\n<meta property=\"og:url\" content=\"https:\/\/tiandeproducts.co.uk\/pl\/krem-pielegnacyjny-na-popekane-piety40g\/\" \/>\n<meta property=\"og:site_name\" content=\"TianDe Online Shop - Beauty &amp; Health\" \/>\n<meta property=\"article:publisher\" content=\"https:\/\/www.facebook.com\/tiande.products.england\/\" \/>\n<meta property=\"article:modified_time\" content=\"2021-02-12T12:38:07+00:00\" \/>\n<meta property=\"og:image\" content=\"https:\/\/tiandeproducts.co.uk\/wp-content\/uploads\/2017\/09\/40120.jpg\" \/>\n\t<meta property=\"og:image:width\" content=\"800\" \/>\n\t<meta property=\"og:image:height\" content=\"800\" \/>\n\t<meta property=\"og:image:type\" content=\"image\/jpeg\" \/>\n<meta name=\"twitter:card\" content=\"summary_large_image\" \/>\n<meta name=\"twitter:label1\" content=\"Szacowany czas czytania\" \/>\n\t<meta name=\"twitter:data1\" content=\"1 minuta\" \/>\n<script type=\"application\/ld+json\" class=\"yoast-schema-graph\">{\"@context\":\"https:\/\/schema.org\",\"@graph\":[{\"@type\":\"WebPage\",\"@id\":\"https:\/\/tiandeproducts.co.uk\/pl\/krem-pielegnacyjny-na-popekane-piety40g\/\",\"url\":\"https:\/\/tiandeproducts.co.uk\/pl\/krem-pielegnacyjny-na-popekane-piety40g\/\",\"name\":\"Krem piel\u0119gnacyjny na pop\u0119kane pi\u0119ty,40g - TianDe Online Shop - Beauty &amp; Health\",\"isPartOf\":{\"@id\":\"https:\/\/tiandeproducts.co.uk\/#website\"},\"primaryImageOfPage\":{\"@id\":\"https:\/\/tiandeproducts.co.uk\/pl\/krem-pielegnacyjny-na-popekane-piety40g\/#primaryimage\"},\"image\":{\"@id\":\"https:\/\/tiandeproducts.co.uk\/pl\/krem-pielegnacyjny-na-popekane-piety40g\/#primaryimage\"},\"thumbnailUrl\":\"https:\/\/tiandeproducts.co.uk\/wp-content\/uploads\/2017\/09\/40120.jpg\",\"datePublished\":\"2017-09-19T12:40:22+00:00\",\"dateModified\":\"2021-02-12T12:38:07+00:00\",\"breadcrumb\":{\"@id\":\"https:\/\/tiandeproducts.co.uk\/pl\/krem-pielegnacyjny-na-popekane-piety40g\/#breadcrumb\"},\"inLanguage\":\"pl-PL\",\"potentialAction\":[{\"@type\":\"ReadAction\",\"target\":[\"https:\/\/tiandeproducts.co.uk\/pl\/krem-pielegnacyjny-na-popekane-piety40g\/\"]}]},{\"@type\":\"ImageObject\",\"inLanguage\":\"pl-PL\",\"@id\":\"https:\/\/tiandeproducts.co.uk\/pl\/krem-pielegnacyjny-na-popekane-piety40g\/#primaryimage\",\"url\":\"https:\/\/tiandeproducts.co.uk\/wp-content\/uploads\/2017\/09\/40120.jpg\",\"contentUrl\":\"https:\/\/tiandeproducts.co.uk\/wp-content\/uploads\/2017\/09\/40120.jpg\",\"width\":800,\"height\":800,\"caption\":\"\u0421racked Heels Cream,40g-0\"},{\"@type\":\"BreadcrumbList\",\"@id\":\"https:\/\/tiandeproducts.co.uk\/pl\/krem-pielegnacyjny-na-popekane-piety40g\/#breadcrumb\",\"itemListElement\":[{\"@type\":\"ListItem\",\"position\":1,\"name\":\"Home\",\"item\":\"https:\/\/tiandeproducts.co.uk\/pl\/\"},{\"@type\":\"ListItem\",\"position\":2,\"name\":\"Shop\",\"item\":\"https:\/\/tiandeproducts.co.uk\/pl\/shop-2\/\"},{\"@type\":\"ListItem\",\"position\":3,\"name\":\"Krem piel\u0119gnacyjny na pop\u0119kane pi\u0119ty,40g\"}]},{\"@type\":\"WebSite\",\"@id\":\"https:\/\/tiandeproducts.co.uk\/#website\",\"url\":\"https:\/\/tiandeproducts.co.uk\/\",\"name\":\"TianDe Online Shop - Beauty & Health\",\"description\":\"Traditional Chinese Medicine\",\"potentialAction\":[{\"@type\":\"SearchAction\",\"target\":{\"@type\":\"EntryPoint\",\"urlTemplate\":\"https:\/\/tiandeproducts.co.uk\/?s={search_term_string}\"},\"query-input\":{\"@type\":\"PropertyValueSpecification\",\"valueRequired\":true,\"valueName\":\"search_term_string\"}}],\"inLanguage\":\"pl-PL\"}]}<\/script>\n<!-- \/ Yoast SEO plugin. -->","yoast_head_json":{"title":"Krem piel\u0119gnacyjny na pop\u0119kane pi\u0119ty,40g - TianDe Online Shop - Beauty &amp; Health","robots":{"index":"index","follow":"follow","max-snippet":"max-snippet:-1","max-image-preview":"max-image-preview:large","max-video-preview":"max-video-preview:-1"},"canonical":"https:\/\/tiandeproducts.co.uk\/pl\/krem-pielegnacyjny-na-popekane-piety40g\/","og_locale":"pl_PL","og_type":"article","og_title":"Krem piel\u0119gnacyjny na pop\u0119kane pi\u0119ty,40g - TianDe Online Shop - Beauty &amp; Health","og_description":"\u00a0Earn 8 points worth \u00a30.40 when buying this product Pop\u0119kane pi\u0119ty to du\u017ca niedogodno\u015b\u0107, nie m\u00f3wi\u0105c ju\u017c o tym, \u017ce wygl\u0105daj\u0105 przy tym bardzo nieestetycznie. Uczucie ci\u0105g\u0142ej sucho\u015bci, podra\u017cnienia sk\u00f3ry, b\u00f3l podczas chodzenia i zakaz noszenia but\u00f3w z odkrytymi pi\u0119tami to tylko cz\u0119\u015b\u0107 problem\u00f3w. Nie jest przyjemnie patrze\u0107 na takie stopy, a dotyka\u0107 je tym [...]","og_url":"https:\/\/tiandeproducts.co.uk\/pl\/krem-pielegnacyjny-na-popekane-piety40g\/","og_site_name":"TianDe Online Shop - Beauty &amp; Health","article_publisher":"https:\/\/www.facebook.com\/tiande.products.england\/","article_modified_time":"2021-02-12T12:38:07+00:00","og_image":[{"width":800,"height":800,"url":"https:\/\/tiandeproducts.co.uk\/wp-content\/uploads\/2017\/09\/40120.jpg","type":"image\/jpeg"}],"twitter_card":"summary_large_image","twitter_misc":{"Szacowany czas czytania":"1 minuta"},"schema":{"@context":"https:\/\/schema.org","@graph":[{"@type":"WebPage","@id":"https:\/\/tiandeproducts.co.uk\/pl\/krem-pielegnacyjny-na-popekane-piety40g\/","url":"https:\/\/tiandeproducts.co.uk\/pl\/krem-pielegnacyjny-na-popekane-piety40g\/","name":"Krem piel\u0119gnacyjny na pop\u0119kane pi\u0119ty,40g - TianDe Online Shop - Beauty &amp; Health","isPartOf":{"@id":"https:\/\/tiandeproducts.co.uk\/#website"},"primaryImageOfPage":{"@id":"https:\/\/tiandeproducts.co.uk\/pl\/krem-pielegnacyjny-na-popekane-piety40g\/#primaryimage"},"image":{"@id":"https:\/\/tiandeproducts.co.uk\/pl\/krem-pielegnacyjny-na-popekane-piety40g\/#primaryimage"},"thumbnailUrl":"https:\/\/tiandeproducts.co.uk\/wp-content\/uploads\/2017\/09\/40120.jpg","datePublished":"2017-09-19T12:40:22+00:00","dateModified":"2021-02-12T12:38:07+00:00","breadcrumb":{"@id":"https:\/\/tiandeproducts.co.uk\/pl\/krem-pielegnacyjny-na-popekane-piety40g\/#breadcrumb"},"inLanguage":"pl-PL","potentialAction":[{"@type":"ReadAction","target":["https:\/\/tiandeproducts.co.uk\/pl\/krem-pielegnacyjny-na-popekane-piety40g\/"]}]},{"@type":"ImageObject","inLanguage":"pl-PL","@id":"https:\/\/tiandeproducts.co.uk\/pl\/krem-pielegnacyjny-na-popekane-piety40g\/#primaryimage","url":"https:\/\/tiandeproducts.co.uk\/wp-content\/uploads\/2017\/09\/40120.jpg","contentUrl":"https:\/\/tiandeproducts.co.uk\/wp-content\/uploads\/2017\/09\/40120.jpg","width":800,"height":800,"caption":"\u0421racked Heels Cream,40g-0"},{"@type":"BreadcrumbList","@id":"https:\/\/tiandeproducts.co.uk\/pl\/krem-pielegnacyjny-na-popekane-piety40g\/#breadcrumb","itemListElement":[{"@type":"ListItem","position":1,"name":"Home","item":"https:\/\/tiandeproducts.co.uk\/pl\/"},{"@type":"ListItem","position":2,"name":"Shop","item":"https:\/\/tiandeproducts.co.uk\/pl\/shop-2\/"},{"@type":"ListItem","position":3,"name":"Krem piel\u0119gnacyjny na pop\u0119kane pi\u0119ty,40g"}]},{"@type":"WebSite","@id":"https:\/\/tiandeproducts.co.uk\/#website","url":"https:\/\/tiandeproducts.co.uk\/","name":"TianDe Online Shop - Beauty & Health","description":"Traditional Chinese Medicine","potentialAction":[{"@type":"SearchAction","target":{"@type":"EntryPoint","urlTemplate":"https:\/\/tiandeproducts.co.uk\/?s={search_term_string}"},"query-input":{"@type":"PropertyValueSpecification","valueRequired":true,"valueName":"search_term_string"}}],"inLanguage":"pl-PL"}]}},"_links":{"self":[{"href":"https:\/\/tiandeproducts.co.uk\/pl\/wp-json\/wp\/v2\/product\/5036","targetHints":{"allow":["GET"]}}],"collection":[{"href":"https:\/\/tiandeproducts.co.uk\/pl\/wp-json\/wp\/v2\/product"}],"about":[{"href":"https:\/\/tiandeproducts.co.uk\/pl\/wp-json\/wp\/v2\/types\/product"}],"replies":[{"embeddable":true,"href":"https:\/\/tiandeproducts.co.uk\/pl\/wp-json\/wp\/v2\/comments?post=5036"}],"wp:featuredmedia":[{"embeddable":true,"href":"https:\/\/tiandeproducts.co.uk\/pl\/wp-json\/wp\/v2\/media\/1726"}],"wp:attachment":[{"href":"https:\/\/tiandeproducts.co.uk\/pl\/wp-json\/wp\/v2\/media?parent=5036"}],"wp:term":[{"taxonomy":"product_cat","embeddable":true,"href":"https:\/\/tiandeproducts.co.uk\/pl\/wp-json\/wp\/v2\/product_cat?post=5036"},{"taxonomy":"product_tag","embeddable":true,"href":"https:\/\/tiandeproducts.co.uk\/pl\/wp-json\/wp\/v2\/product_tag?post=5036"}],"curies":[{"name":"wp","href":"https:\/\/api.w.org\/{rel}","templated":true}]}}