{"id":5028,"date":"2017-12-09T18:39:54","date_gmt":"2017-12-09T18:39:54","guid":{"rendered":"https:\/\/tnd.ontesting.co.uk\/krem-do-twarzy-na-dzien-sensacja10ml\/"},"modified":"2021-02-12T12:29:08","modified_gmt":"2021-02-12T12:29:08","slug":"krem-do-twarzy-na-dzien-sensacja10ml","status":"publish","type":"product","link":"https:\/\/tiandeproducts.co.uk\/pl\/krem-do-twarzy-na-dzien-sensacja10ml\/","title":{"rendered":"Krem do twarzy na dzie\u0144 \u201eSensacja\u201d,10ml"},"content":{"rendered":"<div class=\"description\">\n<p><img decoding=\"async\" style=\"max-width: 16px; margin-right: 5px;\" src=\"https:\/\/tiandeproducts.co.uk\/wp-content\/uploads\/points-green.svg\" \/>\u00a0Earn 8 points worth \u00a30.40 when buying this product<\/p>\n<p>Chcesz wygl\u0105da\u0107 idealnie podczas szczeg\u00f3lnego wydarzenia? A mo\u017ce ka\u017cdego dnia chcesz cieszy\u0107 si\u0119 doskona\u0142ym odbiciem w lustrze? Zar\u00f3wno w pierwszym, jak i drugim przypadku Twoim najlepszym przyjacielem b\u0119dzie krem do twarzy na dzie\u0144 \u201eSensacja\u201c od TianDe! W d\u0105\u017ceniu do pi\u0119kna i m\u0142odo\u015bci nie b\u0119dziesz musia\u0142a si\u0119 po\u015bwi\u0119ca\u0107 &#8211; u\u017cywanie kremu \u201eSensacja\u201c jest \u0142atwe i przyjemne, a efekty s\u0105 widoczne natychmiast. Dzi\u0119ki efektowi powierzchniowego ultraliftingu krem szybko doprowadza do porz\u0105dku strefy wymagaj\u0105ce korekty. Wizualnie wyg\u0142adzi drobne zmarszczki i sprawi, \u017ce te g\u0142\u0119bsze stan\u0105 si\u0119 mniej widoczne.<\/p>\n<p>\u201eSensacja\u201c to kosmetyk 2 w 1. Krem znakomicie sprawdza si\u0119 jako kosmetyk koryguj\u0105cy na dzie\u0144 z efektem liftingu i jest idealn\u0105 baz\u0105 pod makija\u017c.<\/p>\n<p>Sk\u0142ad kremu zawiera innowacyjny kompleks peptydowy MATRIXYL\u00ae 3000, kt\u00f3ry uruchamia proces regeneracji i restrukturyzacji sk\u00f3ry. Dzia\u0142aj\u0105c w po\u0142\u0105czeniu z innymi sk\u0142adnikami aktywnymi sprawi, \u017ce ka\u017cde Twoje wyj\u015bcie b\u0119dzie sensacj\u0105, a Twoja sk\u00f3ra idealna nawet w \u015bwietle reflektor\u00f3w.<\/p>\n<p>Na\u0142\u00f3\u017c krem \u201eSensacja\u201c na twarz lub strefy wymagaj\u0105ce korekty, np. na szyj\u0119 i dekolt, i ciesz si\u0119 zachwyconymi spojrzeniami!<\/p>\n<\/div>\n<div class=\"instruction\">\n<p><strong>ZASTOSOWANIE:<\/strong><\/p>\n<p>Na\u0142\u00f3\u017c krem na strefy wymagaj\u0105ce korekty. Je\u015bli masz cer\u0119 normaln\u0105 lub sk\u0142onn\u0105 do przet\u0142uszczania si\u0119, to u\u017cyj samego kremu, je\u015bli Twoja cera jest sucha &#8211; przed zastosowaniem kremu \u201eSensacja\u201c na\u0142\u00f3\u017c krem nawil\u017caj\u0105cy.<\/p>\n<\/div>\n","protected":false},"excerpt":{"rendered":"<p>\u00a0Earn 8 points worth \u00a30.40 when buying this product Chcesz wygl\u0105da\u0107 idealnie podczas szczeg\u00f3lnego wydarzenia? A mo\u017ce ka\u017cdego dnia chcesz cieszy\u0107 si\u0119 doskona\u0142ym odbiciem w lustrze? Zar\u00f3wno w pierwszym, jak i drugim przypadku Twoim najlepszym przyjacielem b\u0119dzie krem do twarzy na dzie\u0144 \u201eSensacja\u201c od TianDe! W d\u0105\u017ceniu do pi\u0119kna i m\u0142odo\u015bci nie b\u0119dziesz musia\u0142a si\u0119 [&#8230;]\n","protected":false},"featured_media":1772,"comment_status":"closed","ping_status":"closed","template":"","meta":[],"product_cat":[746,753,588],"product_tag":[],"class_list":{"0":"post-5028","1":"product","2":"type-product","3":"status-publish","4":"has-post-thumbnail","6":"product_cat-do-twarzy","7":"product_cat-podnoszenie","8":"product_cat-pro-visage-pl","10":"first","11":"instock","12":"downloadable","13":"shipping-taxable","14":"purchasable","15":"product-type-simple"},"yoast_head":"<!-- This site is optimized with the Yoast SEO plugin v23.6 - https:\/\/yoast.com\/wordpress\/plugins\/seo\/ -->\n<title>Krem do twarzy na dzie\u0144 \u201eSensacja\u201d,10ml - TianDe Online Shop - Beauty &amp; Health<\/title>\n<meta name=\"robots\" content=\"index, follow, max-snippet:-1, max-image-preview:large, max-video-preview:-1\" \/>\n<link rel=\"canonical\" href=\"https:\/\/tiandeproducts.co.uk\/pl\/krem-do-twarzy-na-dzien-sensacja10ml\/\" \/>\n<meta property=\"og:locale\" content=\"pl_PL\" \/>\n<meta property=\"og:type\" content=\"article\" \/>\n<meta property=\"og:title\" content=\"Krem do twarzy na dzie\u0144 \u201eSensacja\u201d,10ml - TianDe Online Shop - Beauty &amp; Health\" \/>\n<meta property=\"og:description\" content=\"\u00a0Earn 8 points worth \u00a30.40 when buying this product Chcesz wygl\u0105da\u0107 idealnie podczas szczeg\u00f3lnego wydarzenia? A mo\u017ce ka\u017cdego dnia chcesz cieszy\u0107 si\u0119 doskona\u0142ym odbiciem w lustrze? Zar\u00f3wno w pierwszym, jak i drugim przypadku Twoim najlepszym przyjacielem b\u0119dzie krem do twarzy na dzie\u0144 \u201eSensacja\u201c od TianDe! W d\u0105\u017ceniu do pi\u0119kna i m\u0142odo\u015bci nie b\u0119dziesz musia\u0142a si\u0119 [...]\" \/>\n<meta property=\"og:url\" content=\"https:\/\/tiandeproducts.co.uk\/pl\/krem-do-twarzy-na-dzien-sensacja10ml\/\" \/>\n<meta property=\"og:site_name\" content=\"TianDe Online Shop - Beauty &amp; Health\" \/>\n<meta property=\"article:publisher\" content=\"https:\/\/www.facebook.com\/tiande.products.england\/\" \/>\n<meta property=\"article:modified_time\" content=\"2021-02-12T12:29:08+00:00\" \/>\n<meta property=\"og:image\" content=\"https:\/\/tiandeproducts.co.uk\/wp-content\/uploads\/2017\/12\/10105.jpg\" \/>\n\t<meta property=\"og:image:width\" content=\"800\" \/>\n\t<meta property=\"og:image:height\" content=\"800\" \/>\n\t<meta property=\"og:image:type\" content=\"image\/jpeg\" \/>\n<meta name=\"twitter:card\" content=\"summary_large_image\" \/>\n<meta name=\"twitter:label1\" content=\"Szacowany czas czytania\" \/>\n\t<meta name=\"twitter:data1\" content=\"1 minuta\" \/>\n<script type=\"application\/ld+json\" class=\"yoast-schema-graph\">{\"@context\":\"https:\/\/schema.org\",\"@graph\":[{\"@type\":\"WebPage\",\"@id\":\"https:\/\/tiandeproducts.co.uk\/pl\/krem-do-twarzy-na-dzien-sensacja10ml\/\",\"url\":\"https:\/\/tiandeproducts.co.uk\/pl\/krem-do-twarzy-na-dzien-sensacja10ml\/\",\"name\":\"Krem do twarzy na dzie\u0144 \u201eSensacja\u201d,10ml - TianDe Online Shop - Beauty &amp; Health\",\"isPartOf\":{\"@id\":\"https:\/\/tiandeproducts.co.uk\/#website\"},\"primaryImageOfPage\":{\"@id\":\"https:\/\/tiandeproducts.co.uk\/pl\/krem-do-twarzy-na-dzien-sensacja10ml\/#primaryimage\"},\"image\":{\"@id\":\"https:\/\/tiandeproducts.co.uk\/pl\/krem-do-twarzy-na-dzien-sensacja10ml\/#primaryimage\"},\"thumbnailUrl\":\"https:\/\/tiandeproducts.co.uk\/wp-content\/uploads\/2017\/12\/10105.jpg\",\"datePublished\":\"2017-12-09T18:39:54+00:00\",\"dateModified\":\"2021-02-12T12:29:08+00:00\",\"breadcrumb\":{\"@id\":\"https:\/\/tiandeproducts.co.uk\/pl\/krem-do-twarzy-na-dzien-sensacja10ml\/#breadcrumb\"},\"inLanguage\":\"pl-PL\",\"potentialAction\":[{\"@type\":\"ReadAction\",\"target\":[\"https:\/\/tiandeproducts.co.uk\/pl\/krem-do-twarzy-na-dzien-sensacja10ml\/\"]}]},{\"@type\":\"ImageObject\",\"inLanguage\":\"pl-PL\",\"@id\":\"https:\/\/tiandeproducts.co.uk\/pl\/krem-do-twarzy-na-dzien-sensacja10ml\/#primaryimage\",\"url\":\"https:\/\/tiandeproducts.co.uk\/wp-content\/uploads\/2017\/12\/10105.jpg\",\"contentUrl\":\"https:\/\/tiandeproducts.co.uk\/wp-content\/uploads\/2017\/12\/10105.jpg\",\"width\":800,\"height\":800,\"caption\":\"Sensation Facial Day Cream,Visual Lifting Effect,10ml-0\"},{\"@type\":\"BreadcrumbList\",\"@id\":\"https:\/\/tiandeproducts.co.uk\/pl\/krem-do-twarzy-na-dzien-sensacja10ml\/#breadcrumb\",\"itemListElement\":[{\"@type\":\"ListItem\",\"position\":1,\"name\":\"Home\",\"item\":\"https:\/\/tiandeproducts.co.uk\/pl\/\"},{\"@type\":\"ListItem\",\"position\":2,\"name\":\"Shop\",\"item\":\"https:\/\/tiandeproducts.co.uk\/pl\/shop-2\/\"},{\"@type\":\"ListItem\",\"position\":3,\"name\":\"Krem do twarzy na dzie\u0144 \u201eSensacja\u201d,10ml\"}]},{\"@type\":\"WebSite\",\"@id\":\"https:\/\/tiandeproducts.co.uk\/#website\",\"url\":\"https:\/\/tiandeproducts.co.uk\/\",\"name\":\"TianDe Online Shop - Beauty & Health\",\"description\":\"Traditional Chinese Medicine\",\"potentialAction\":[{\"@type\":\"SearchAction\",\"target\":{\"@type\":\"EntryPoint\",\"urlTemplate\":\"https:\/\/tiandeproducts.co.uk\/?s={search_term_string}\"},\"query-input\":{\"@type\":\"PropertyValueSpecification\",\"valueRequired\":true,\"valueName\":\"search_term_string\"}}],\"inLanguage\":\"pl-PL\"}]}<\/script>\n<!-- \/ Yoast SEO plugin. -->","yoast_head_json":{"title":"Krem do twarzy na dzie\u0144 \u201eSensacja\u201d,10ml - TianDe Online Shop - Beauty &amp; Health","robots":{"index":"index","follow":"follow","max-snippet":"max-snippet:-1","max-image-preview":"max-image-preview:large","max-video-preview":"max-video-preview:-1"},"canonical":"https:\/\/tiandeproducts.co.uk\/pl\/krem-do-twarzy-na-dzien-sensacja10ml\/","og_locale":"pl_PL","og_type":"article","og_title":"Krem do twarzy na dzie\u0144 \u201eSensacja\u201d,10ml - TianDe Online Shop - Beauty &amp; Health","og_description":"\u00a0Earn 8 points worth \u00a30.40 when buying this product Chcesz wygl\u0105da\u0107 idealnie podczas szczeg\u00f3lnego wydarzenia? A mo\u017ce ka\u017cdego dnia chcesz cieszy\u0107 si\u0119 doskona\u0142ym odbiciem w lustrze? Zar\u00f3wno w pierwszym, jak i drugim przypadku Twoim najlepszym przyjacielem b\u0119dzie krem do twarzy na dzie\u0144 \u201eSensacja\u201c od TianDe! W d\u0105\u017ceniu do pi\u0119kna i m\u0142odo\u015bci nie b\u0119dziesz musia\u0142a si\u0119 [...]","og_url":"https:\/\/tiandeproducts.co.uk\/pl\/krem-do-twarzy-na-dzien-sensacja10ml\/","og_site_name":"TianDe Online Shop - Beauty &amp; Health","article_publisher":"https:\/\/www.facebook.com\/tiande.products.england\/","article_modified_time":"2021-02-12T12:29:08+00:00","og_image":[{"width":800,"height":800,"url":"https:\/\/tiandeproducts.co.uk\/wp-content\/uploads\/2017\/12\/10105.jpg","type":"image\/jpeg"}],"twitter_card":"summary_large_image","twitter_misc":{"Szacowany czas czytania":"1 minuta"},"schema":{"@context":"https:\/\/schema.org","@graph":[{"@type":"WebPage","@id":"https:\/\/tiandeproducts.co.uk\/pl\/krem-do-twarzy-na-dzien-sensacja10ml\/","url":"https:\/\/tiandeproducts.co.uk\/pl\/krem-do-twarzy-na-dzien-sensacja10ml\/","name":"Krem do twarzy na dzie\u0144 \u201eSensacja\u201d,10ml - TianDe Online Shop - Beauty &amp; Health","isPartOf":{"@id":"https:\/\/tiandeproducts.co.uk\/#website"},"primaryImageOfPage":{"@id":"https:\/\/tiandeproducts.co.uk\/pl\/krem-do-twarzy-na-dzien-sensacja10ml\/#primaryimage"},"image":{"@id":"https:\/\/tiandeproducts.co.uk\/pl\/krem-do-twarzy-na-dzien-sensacja10ml\/#primaryimage"},"thumbnailUrl":"https:\/\/tiandeproducts.co.uk\/wp-content\/uploads\/2017\/12\/10105.jpg","datePublished":"2017-12-09T18:39:54+00:00","dateModified":"2021-02-12T12:29:08+00:00","breadcrumb":{"@id":"https:\/\/tiandeproducts.co.uk\/pl\/krem-do-twarzy-na-dzien-sensacja10ml\/#breadcrumb"},"inLanguage":"pl-PL","potentialAction":[{"@type":"ReadAction","target":["https:\/\/tiandeproducts.co.uk\/pl\/krem-do-twarzy-na-dzien-sensacja10ml\/"]}]},{"@type":"ImageObject","inLanguage":"pl-PL","@id":"https:\/\/tiandeproducts.co.uk\/pl\/krem-do-twarzy-na-dzien-sensacja10ml\/#primaryimage","url":"https:\/\/tiandeproducts.co.uk\/wp-content\/uploads\/2017\/12\/10105.jpg","contentUrl":"https:\/\/tiandeproducts.co.uk\/wp-content\/uploads\/2017\/12\/10105.jpg","width":800,"height":800,"caption":"Sensation Facial Day Cream,Visual Lifting Effect,10ml-0"},{"@type":"BreadcrumbList","@id":"https:\/\/tiandeproducts.co.uk\/pl\/krem-do-twarzy-na-dzien-sensacja10ml\/#breadcrumb","itemListElement":[{"@type":"ListItem","position":1,"name":"Home","item":"https:\/\/tiandeproducts.co.uk\/pl\/"},{"@type":"ListItem","position":2,"name":"Shop","item":"https:\/\/tiandeproducts.co.uk\/pl\/shop-2\/"},{"@type":"ListItem","position":3,"name":"Krem do twarzy na dzie\u0144 \u201eSensacja\u201d,10ml"}]},{"@type":"WebSite","@id":"https:\/\/tiandeproducts.co.uk\/#website","url":"https:\/\/tiandeproducts.co.uk\/","name":"TianDe Online Shop - Beauty & Health","description":"Traditional Chinese Medicine","potentialAction":[{"@type":"SearchAction","target":{"@type":"EntryPoint","urlTemplate":"https:\/\/tiandeproducts.co.uk\/?s={search_term_string}"},"query-input":{"@type":"PropertyValueSpecification","valueRequired":true,"valueName":"search_term_string"}}],"inLanguage":"pl-PL"}]}},"_links":{"self":[{"href":"https:\/\/tiandeproducts.co.uk\/pl\/wp-json\/wp\/v2\/product\/5028","targetHints":{"allow":["GET"]}}],"collection":[{"href":"https:\/\/tiandeproducts.co.uk\/pl\/wp-json\/wp\/v2\/product"}],"about":[{"href":"https:\/\/tiandeproducts.co.uk\/pl\/wp-json\/wp\/v2\/types\/product"}],"replies":[{"embeddable":true,"href":"https:\/\/tiandeproducts.co.uk\/pl\/wp-json\/wp\/v2\/comments?post=5028"}],"wp:featuredmedia":[{"embeddable":true,"href":"https:\/\/tiandeproducts.co.uk\/pl\/wp-json\/wp\/v2\/media\/1772"}],"wp:attachment":[{"href":"https:\/\/tiandeproducts.co.uk\/pl\/wp-json\/wp\/v2\/media?parent=5028"}],"wp:term":[{"taxonomy":"product_cat","embeddable":true,"href":"https:\/\/tiandeproducts.co.uk\/pl\/wp-json\/wp\/v2\/product_cat?post=5028"},{"taxonomy":"product_tag","embeddable":true,"href":"https:\/\/tiandeproducts.co.uk\/pl\/wp-json\/wp\/v2\/product_tag?post=5028"}],"curies":[{"name":"wp","href":"https:\/\/api.w.org\/{rel}","templated":true}]}}