{"id":4970,"date":"2018-05-15T09:34:59","date_gmt":"2018-05-15T08:34:59","guid":{"rendered":"https:\/\/tnd.ontesting.co.uk\/dwustronna-kredka-do-ust\/"},"modified":"2021-02-12T12:13:32","modified_gmt":"2021-02-12T12:13:32","slug":"dwustronna-kredka-do-ust","status":"publish","type":"product","link":"https:\/\/tiandeproducts.co.uk\/pl\/dwustronna-kredka-do-ust\/","title":{"rendered":"Dwustronna kredka do ust,1 szt."},"content":{"rendered":"<div class=\"description\">\n<p><img decoding=\"async\" style=\"max-width: 16px; margin-right: 5px;\" src=\"https:\/\/tiandeproducts.co.uk\/wp-content\/uploads\/points-green.svg\" \/>\u00a0Earn 4 points worth \u00a30.20 when buying this product<\/p>\n<p>Lubisz eksperymentowa\u0107 z makija\u017cem? Za pomoc\u0105 nowych dwustronnych kredek do ust od TianDe ka\u017cdego dnia mo\u017cesz by\u0107 inna!<\/p>\n<p>Wybierz to, co bardziej Ci pasuje \u2013 delikatne pastelowe kolory czy nasycone \u201erockowe\u201c odcienie? Za pomoc\u0105 wyrazistej kredki Alizarine_Sangria mo\u017cesz uzyska\u0107 modny efekt ombre, doda\u0107 iskr\u0119 do wieczorowego makija\u017cu i rozstawi\u0107 akcenty.<\/p>\n<p>Odcienie Pink_Beige Rose b\u0119d\u0105 odpowiednie dla naturalnego dziennego makija\u017cu.<\/p>\n<p>Dwustronne kredki od TianDe to nasycone kolory i \u0142atwe nak\u0142adanie.<\/p>\n<p>Naturalne sk\u0142adniki zawarte w kredce zadbaj\u0105 o delikatno\u015b\u0107 Twoich ust, a trwa\u0142a formu\u0142a nie pozwoli liniom si\u0119 \u201erozp\u0142yn\u0105\u0107\u201c.<\/p>\n<\/div>\n<p>01 Alizarine &amp; Sangria | 02 Pink &amp; Beige Rose<\/p>\n<div class=\"instruction\">\n<p><strong>ZASTOSOWANIE:<\/strong><\/p>\n<p>Naostrz kredk\u0119 specjaln\u0105 temper\u00f3wk\u0105, obrysuj kontur ust, wyko\u0144cz makija\u017c pomadk\u0105 w ulubionym kolorze.<\/p>\n<\/div>\n","protected":false},"excerpt":{"rendered":"<p>\u00a0Earn 4 points worth \u00a30.20 when buying this product Lubisz eksperymentowa\u0107 z makija\u017cem? Za pomoc\u0105 nowych dwustronnych kredek do ust od TianDe ka\u017cdego dnia mo\u017cesz by\u0107 inna! Wybierz to, co bardziej Ci pasuje \u2013 delikatne pastelowe kolory czy nasycone \u201erockowe\u201c odcienie? Za pomoc\u0105 wyrazistej kredki Alizarine_Sangria mo\u017cesz uzyska\u0107 modny efekt ombre, doda\u0107 iskr\u0119 do wieczorowego [&#8230;]\n","protected":false},"featured_media":1872,"comment_status":"closed","ping_status":"closed","template":"","meta":[],"product_cat":[823,816,711,898],"product_tag":[],"class_list":{"0":"post-4970","1":"product","2":"type-product","3":"status-publish","4":"has-post-thumbnail","6":"product_cat-kredka","7":"product_cat-makijaz-pl","8":"product_cat-pro-visage-pl-2","9":"product_cat-usta-pl","11":"first","12":"instock","13":"shipping-taxable","14":"purchasable","15":"product-type-variable"},"yoast_head":"<!-- This site is optimized with the Yoast SEO plugin v23.6 - https:\/\/yoast.com\/wordpress\/plugins\/seo\/ -->\n<title>Dwustronna kredka do ust,1 szt. - TianDe Online Shop - Beauty &amp; Health<\/title>\n<meta name=\"robots\" content=\"index, follow, max-snippet:-1, max-image-preview:large, max-video-preview:-1\" \/>\n<link rel=\"canonical\" href=\"https:\/\/tiandeproducts.co.uk\/pl\/dwustronna-kredka-do-ust\/\" \/>\n<meta property=\"og:locale\" content=\"pl_PL\" \/>\n<meta property=\"og:type\" content=\"article\" \/>\n<meta property=\"og:title\" content=\"Dwustronna kredka do ust,1 szt. - TianDe Online Shop - Beauty &amp; Health\" \/>\n<meta property=\"og:description\" content=\"\u00a0Earn 4 points worth \u00a30.20 when buying this product Lubisz eksperymentowa\u0107 z makija\u017cem? Za pomoc\u0105 nowych dwustronnych kredek do ust od TianDe ka\u017cdego dnia mo\u017cesz by\u0107 inna! Wybierz to, co bardziej Ci pasuje \u2013 delikatne pastelowe kolory czy nasycone \u201erockowe\u201c odcienie? Za pomoc\u0105 wyrazistej kredki Alizarine_Sangria mo\u017cesz uzyska\u0107 modny efekt ombre, doda\u0107 iskr\u0119 do wieczorowego [...]\" \/>\n<meta property=\"og:url\" content=\"https:\/\/tiandeproducts.co.uk\/pl\/dwustronna-kredka-do-ust\/\" \/>\n<meta property=\"og:site_name\" content=\"TianDe Online Shop - Beauty &amp; Health\" \/>\n<meta property=\"article:publisher\" content=\"https:\/\/www.facebook.com\/tiande.products.england\/\" \/>\n<meta property=\"article:modified_time\" content=\"2021-02-12T12:13:32+00:00\" \/>\n<meta property=\"og:image\" content=\"https:\/\/tiandeproducts.co.uk\/wp-content\/uploads\/2018\/05\/80910_01.jpg\" \/>\n\t<meta property=\"og:image:width\" content=\"800\" \/>\n\t<meta property=\"og:image:height\" content=\"800\" \/>\n\t<meta property=\"og:image:type\" content=\"image\/jpeg\" \/>\n<meta name=\"twitter:card\" content=\"summary_large_image\" \/>\n<meta name=\"twitter:label1\" content=\"Szacowany czas czytania\" \/>\n\t<meta name=\"twitter:data1\" content=\"1 minuta\" \/>\n<script type=\"application\/ld+json\" class=\"yoast-schema-graph\">{\"@context\":\"https:\/\/schema.org\",\"@graph\":[{\"@type\":\"WebPage\",\"@id\":\"https:\/\/tiandeproducts.co.uk\/pl\/dwustronna-kredka-do-ust\/\",\"url\":\"https:\/\/tiandeproducts.co.uk\/pl\/dwustronna-kredka-do-ust\/\",\"name\":\"Dwustronna kredka do ust,1 szt. - TianDe Online Shop - Beauty &amp; Health\",\"isPartOf\":{\"@id\":\"https:\/\/tiandeproducts.co.uk\/#website\"},\"primaryImageOfPage\":{\"@id\":\"https:\/\/tiandeproducts.co.uk\/pl\/dwustronna-kredka-do-ust\/#primaryimage\"},\"image\":{\"@id\":\"https:\/\/tiandeproducts.co.uk\/pl\/dwustronna-kredka-do-ust\/#primaryimage\"},\"thumbnailUrl\":\"https:\/\/tiandeproducts.co.uk\/wp-content\/uploads\/2018\/05\/80910_01.jpg\",\"datePublished\":\"2018-05-15T08:34:59+00:00\",\"dateModified\":\"2021-02-12T12:13:32+00:00\",\"breadcrumb\":{\"@id\":\"https:\/\/tiandeproducts.co.uk\/pl\/dwustronna-kredka-do-ust\/#breadcrumb\"},\"inLanguage\":\"pl-PL\",\"potentialAction\":[{\"@type\":\"ReadAction\",\"target\":[\"https:\/\/tiandeproducts.co.uk\/pl\/dwustronna-kredka-do-ust\/\"]}]},{\"@type\":\"ImageObject\",\"inLanguage\":\"pl-PL\",\"@id\":\"https:\/\/tiandeproducts.co.uk\/pl\/dwustronna-kredka-do-ust\/#primaryimage\",\"url\":\"https:\/\/tiandeproducts.co.uk\/wp-content\/uploads\/2018\/05\/80910_01.jpg\",\"contentUrl\":\"https:\/\/tiandeproducts.co.uk\/wp-content\/uploads\/2018\/05\/80910_01.jpg\",\"width\":800,\"height\":800,\"caption\":\"PRO VIsage Lip Crayon (double-sided),1pc-0\"},{\"@type\":\"BreadcrumbList\",\"@id\":\"https:\/\/tiandeproducts.co.uk\/pl\/dwustronna-kredka-do-ust\/#breadcrumb\",\"itemListElement\":[{\"@type\":\"ListItem\",\"position\":1,\"name\":\"Home\",\"item\":\"https:\/\/tiandeproducts.co.uk\/pl\/\"},{\"@type\":\"ListItem\",\"position\":2,\"name\":\"Shop\",\"item\":\"https:\/\/tiandeproducts.co.uk\/pl\/shop-2\/\"},{\"@type\":\"ListItem\",\"position\":3,\"name\":\"Dwustronna kredka do ust,1 szt.\"}]},{\"@type\":\"WebSite\",\"@id\":\"https:\/\/tiandeproducts.co.uk\/#website\",\"url\":\"https:\/\/tiandeproducts.co.uk\/\",\"name\":\"TianDe Online Shop - Beauty & Health\",\"description\":\"Traditional Chinese Medicine\",\"potentialAction\":[{\"@type\":\"SearchAction\",\"target\":{\"@type\":\"EntryPoint\",\"urlTemplate\":\"https:\/\/tiandeproducts.co.uk\/?s={search_term_string}\"},\"query-input\":{\"@type\":\"PropertyValueSpecification\",\"valueRequired\":true,\"valueName\":\"search_term_string\"}}],\"inLanguage\":\"pl-PL\"}]}<\/script>\n<!-- \/ Yoast SEO plugin. -->","yoast_head_json":{"title":"Dwustronna kredka do ust,1 szt. - TianDe Online Shop - Beauty &amp; Health","robots":{"index":"index","follow":"follow","max-snippet":"max-snippet:-1","max-image-preview":"max-image-preview:large","max-video-preview":"max-video-preview:-1"},"canonical":"https:\/\/tiandeproducts.co.uk\/pl\/dwustronna-kredka-do-ust\/","og_locale":"pl_PL","og_type":"article","og_title":"Dwustronna kredka do ust,1 szt. - TianDe Online Shop - Beauty &amp; Health","og_description":"\u00a0Earn 4 points worth \u00a30.20 when buying this product Lubisz eksperymentowa\u0107 z makija\u017cem? Za pomoc\u0105 nowych dwustronnych kredek do ust od TianDe ka\u017cdego dnia mo\u017cesz by\u0107 inna! Wybierz to, co bardziej Ci pasuje \u2013 delikatne pastelowe kolory czy nasycone \u201erockowe\u201c odcienie? Za pomoc\u0105 wyrazistej kredki Alizarine_Sangria mo\u017cesz uzyska\u0107 modny efekt ombre, doda\u0107 iskr\u0119 do wieczorowego [...]","og_url":"https:\/\/tiandeproducts.co.uk\/pl\/dwustronna-kredka-do-ust\/","og_site_name":"TianDe Online Shop - Beauty &amp; Health","article_publisher":"https:\/\/www.facebook.com\/tiande.products.england\/","article_modified_time":"2021-02-12T12:13:32+00:00","og_image":[{"width":800,"height":800,"url":"https:\/\/tiandeproducts.co.uk\/wp-content\/uploads\/2018\/05\/80910_01.jpg","type":"image\/jpeg"}],"twitter_card":"summary_large_image","twitter_misc":{"Szacowany czas czytania":"1 minuta"},"schema":{"@context":"https:\/\/schema.org","@graph":[{"@type":"WebPage","@id":"https:\/\/tiandeproducts.co.uk\/pl\/dwustronna-kredka-do-ust\/","url":"https:\/\/tiandeproducts.co.uk\/pl\/dwustronna-kredka-do-ust\/","name":"Dwustronna kredka do ust,1 szt. - TianDe Online Shop - Beauty &amp; Health","isPartOf":{"@id":"https:\/\/tiandeproducts.co.uk\/#website"},"primaryImageOfPage":{"@id":"https:\/\/tiandeproducts.co.uk\/pl\/dwustronna-kredka-do-ust\/#primaryimage"},"image":{"@id":"https:\/\/tiandeproducts.co.uk\/pl\/dwustronna-kredka-do-ust\/#primaryimage"},"thumbnailUrl":"https:\/\/tiandeproducts.co.uk\/wp-content\/uploads\/2018\/05\/80910_01.jpg","datePublished":"2018-05-15T08:34:59+00:00","dateModified":"2021-02-12T12:13:32+00:00","breadcrumb":{"@id":"https:\/\/tiandeproducts.co.uk\/pl\/dwustronna-kredka-do-ust\/#breadcrumb"},"inLanguage":"pl-PL","potentialAction":[{"@type":"ReadAction","target":["https:\/\/tiandeproducts.co.uk\/pl\/dwustronna-kredka-do-ust\/"]}]},{"@type":"ImageObject","inLanguage":"pl-PL","@id":"https:\/\/tiandeproducts.co.uk\/pl\/dwustronna-kredka-do-ust\/#primaryimage","url":"https:\/\/tiandeproducts.co.uk\/wp-content\/uploads\/2018\/05\/80910_01.jpg","contentUrl":"https:\/\/tiandeproducts.co.uk\/wp-content\/uploads\/2018\/05\/80910_01.jpg","width":800,"height":800,"caption":"PRO VIsage Lip Crayon (double-sided),1pc-0"},{"@type":"BreadcrumbList","@id":"https:\/\/tiandeproducts.co.uk\/pl\/dwustronna-kredka-do-ust\/#breadcrumb","itemListElement":[{"@type":"ListItem","position":1,"name":"Home","item":"https:\/\/tiandeproducts.co.uk\/pl\/"},{"@type":"ListItem","position":2,"name":"Shop","item":"https:\/\/tiandeproducts.co.uk\/pl\/shop-2\/"},{"@type":"ListItem","position":3,"name":"Dwustronna kredka do ust,1 szt."}]},{"@type":"WebSite","@id":"https:\/\/tiandeproducts.co.uk\/#website","url":"https:\/\/tiandeproducts.co.uk\/","name":"TianDe Online Shop - Beauty & Health","description":"Traditional Chinese Medicine","potentialAction":[{"@type":"SearchAction","target":{"@type":"EntryPoint","urlTemplate":"https:\/\/tiandeproducts.co.uk\/?s={search_term_string}"},"query-input":{"@type":"PropertyValueSpecification","valueRequired":true,"valueName":"search_term_string"}}],"inLanguage":"pl-PL"}]}},"_links":{"self":[{"href":"https:\/\/tiandeproducts.co.uk\/pl\/wp-json\/wp\/v2\/product\/4970","targetHints":{"allow":["GET"]}}],"collection":[{"href":"https:\/\/tiandeproducts.co.uk\/pl\/wp-json\/wp\/v2\/product"}],"about":[{"href":"https:\/\/tiandeproducts.co.uk\/pl\/wp-json\/wp\/v2\/types\/product"}],"replies":[{"embeddable":true,"href":"https:\/\/tiandeproducts.co.uk\/pl\/wp-json\/wp\/v2\/comments?post=4970"}],"wp:featuredmedia":[{"embeddable":true,"href":"https:\/\/tiandeproducts.co.uk\/pl\/wp-json\/wp\/v2\/media\/1872"}],"wp:attachment":[{"href":"https:\/\/tiandeproducts.co.uk\/pl\/wp-json\/wp\/v2\/media?parent=4970"}],"wp:term":[{"taxonomy":"product_cat","embeddable":true,"href":"https:\/\/tiandeproducts.co.uk\/pl\/wp-json\/wp\/v2\/product_cat?post=4970"},{"taxonomy":"product_tag","embeddable":true,"href":"https:\/\/tiandeproducts.co.uk\/pl\/wp-json\/wp\/v2\/product_tag?post=4970"}],"curies":[{"name":"wp","href":"https:\/\/api.w.org\/{rel}","templated":true}]}}