{"id":4963,"date":"2018-11-13T13:24:41","date_gmt":"2018-11-13T13:24:41","guid":{"rendered":"https:\/\/tnd.ontesting.co.uk\/balsam-odzywka-receptura-starozytnych-chin220g\/"},"modified":"2021-02-12T11:42:56","modified_gmt":"2021-02-12T11:42:56","slug":"balsam-odzywka-receptura-starozytnych-chin220g","status":"publish","type":"product","link":"https:\/\/tiandeproducts.co.uk\/pl\/balsam-odzywka-receptura-starozytnych-chin220g\/","title":{"rendered":"Balsam-od\u017cywka \u201eReceptura Staro\u017cytnych Chin\u201d,220g"},"content":{"rendered":"<div class=\"description\">\n<p><img decoding=\"async\" style=\"max-width: 16px; margin-right: 5px;\" src=\"https:\/\/tiandeproducts.co.uk\/wp-content\/uploads\/points-green.svg\" \/>\u00a0Earn 10 points worth \u00a30.50 when buying this product<\/p>\n<p>Silne, pi\u0119kne i jedwabiste &#8211; w\u0142osy Chinek zawsze by\u0142y uznawane za wz\u00f3r. Szkopu\u0142 le\u017cy w prawid\u0142owej piel\u0119gnacji i naturalnych sk\u0142adnikach, kt\u00f3re od wiek\u00f3w s\u0105 u\u017cywane przez wschodnie pi\u0119kno\u015bci do piel\u0119gnacji swoich w\u0142os\u00f3w.<\/p>\n<p>Ujawniamy kolejny spos\u00f3b na pi\u0119kne w\u0142osy &#8211; kosmetyki stworzone na bazie wyj\u0105tkowego kompleksu wzmacniaj\u0105cego z wyci\u0105g\u00f3w legendarnych ro\u015blin Wschodu!<\/p>\n<p>Je\u015bli chcesz, aby w\u0142osy po umyciu \u0142atwo si\u0119 rozczesywa\u0142y, l\u015bni\u0142y i by\u0142y jedwabiste w dotyku, to po ka\u017cdym u\u017cyciu szamponu pami\u0119taj o balsamie-od\u017cywce!<\/p>\n<p>Od\u017cywka \u201eReceptura Staro\u017cytnych Chin\u201c od TianDe to podstawa pi\u0119kna i naturalnej si\u0142y Twoich w\u0142os\u00f3w! Dzi\u0119ki zawarto\u015bci wyci\u0105gu z korzenia fo-ti od\u017cywka pomo\u017ce zapobiec wczesnemu siwieniu w\u0142os\u00f3w. Niech \u017cyje naturalny wyrazisty kolor w\u0142os\u00f3w! A propos, nazwa poligonii (fo-ti) w t\u0142umaczeniu to \u201eg\u0142owa starca w kolorze wroniego skrzyd\u0142a\u201c. Zgodnie z chi\u0144sk\u0105 legend\u0105 siwy m\u0105dry starzec za pomoc\u0105 tej ro\u015bliny zregenerowa\u0142 swoje w\u0142osy, przywracaj\u0105c im g\u0142\u0119boki kolor.<\/p>\n<p>Wyci\u0105gi z korzeni chi\u0144skich ro\u015blin wspomagaj\u0105 kr\u0105\u017cenie w sk\u00f3rze g\u0142owy. Twoje w\u0142osy s\u0105 bardziej od\u017cywione, a co za tym idzie szybciej rosn\u0105. Aktywny sk\u0142ad zauwa\u017calnie wzmacnia korzenie w\u0142os\u00f3w, kt\u00f3re s\u0105 zdrowe i jedwabiste w dotyku.<\/p>\n<p>U\u017cyj balsamu-od\u017cywki w po\u0142\u0105czeniu z szamponem \u201eReceptura Staro\u017cytnych Chin\u201c. Kosmetyki te idealnie si\u0119 uzupe\u0142niaj\u0105, wzmacniaj\u0105c efekt regularnego stosowania.<\/p>\n<\/div>\n<div class=\"instruction\">\n<p><strong>ZASTOSOWANIE:<\/strong><\/p>\n<p>Na\u0142\u00f3\u017c na umyte mokre w\u0142osy, wmasuj i dok\u0142adnie sp\u0142ucz.<\/p>\n<\/div>\n","protected":false},"excerpt":{"rendered":"<p>\u00a0Earn 10 points worth \u00a30.50 when buying this product Silne, pi\u0119kne i jedwabiste &#8211; w\u0142osy Chinek zawsze by\u0142y uznawane za wz\u00f3r. Szkopu\u0142 le\u017cy w prawid\u0142owej piel\u0119gnacji i naturalnych sk\u0142adnikach, kt\u00f3re od wiek\u00f3w s\u0105 u\u017cywane przez wschodnie pi\u0119kno\u015bci do piel\u0119gnacji swoich w\u0142os\u00f3w. Ujawniamy kolejny spos\u00f3b na pi\u0119kne w\u0142osy &#8211; kosmetyki stworzone na bazie wyj\u0105tkowego kompleksu wzmacniaj\u0105cego [&#8230;]\n","protected":false},"featured_media":2082,"comment_status":"closed","ping_status":"closed","template":"","meta":[],"product_cat":[795,843],"product_tag":[],"class_list":{"0":"post-4963","1":"product","2":"type-product","3":"status-publish","4":"has-post-thumbnail","6":"product_cat-balsamy","7":"product_cat-do-wlosow","9":"first","10":"outofstock","11":"shipping-taxable","12":"purchasable","13":"product-type-simple"},"yoast_head":"<!-- This site is optimized with the Yoast SEO plugin v23.6 - https:\/\/yoast.com\/wordpress\/plugins\/seo\/ -->\n<title>Balsam-od\u017cywka \u201eReceptura Staro\u017cytnych Chin\u201d,220g - TianDe Online Shop - Beauty &amp; Health<\/title>\n<meta name=\"robots\" content=\"index, follow, max-snippet:-1, max-image-preview:large, max-video-preview:-1\" \/>\n<link rel=\"canonical\" href=\"https:\/\/tiandeproducts.co.uk\/pl\/balsam-odzywka-receptura-starozytnych-chin220g\/\" \/>\n<meta property=\"og:locale\" content=\"pl_PL\" \/>\n<meta property=\"og:type\" content=\"article\" \/>\n<meta property=\"og:title\" content=\"Balsam-od\u017cywka \u201eReceptura Staro\u017cytnych Chin\u201d,220g - TianDe Online Shop - Beauty &amp; Health\" \/>\n<meta property=\"og:description\" content=\"\u00a0Earn 10 points worth \u00a30.50 when buying this product Silne, pi\u0119kne i jedwabiste &#8211; w\u0142osy Chinek zawsze by\u0142y uznawane za wz\u00f3r. Szkopu\u0142 le\u017cy w prawid\u0142owej piel\u0119gnacji i naturalnych sk\u0142adnikach, kt\u00f3re od wiek\u00f3w s\u0105 u\u017cywane przez wschodnie pi\u0119kno\u015bci do piel\u0119gnacji swoich w\u0142os\u00f3w. Ujawniamy kolejny spos\u00f3b na pi\u0119kne w\u0142osy &#8211; kosmetyki stworzone na bazie wyj\u0105tkowego kompleksu wzmacniaj\u0105cego [...]\" \/>\n<meta property=\"og:url\" content=\"https:\/\/tiandeproducts.co.uk\/pl\/balsam-odzywka-receptura-starozytnych-chin220g\/\" \/>\n<meta property=\"og:site_name\" content=\"TianDe Online Shop - Beauty &amp; Health\" \/>\n<meta property=\"article:publisher\" content=\"https:\/\/www.facebook.com\/tiande.products.england\/\" \/>\n<meta property=\"article:modified_time\" content=\"2021-02-12T11:42:56+00:00\" \/>\n<meta property=\"og:image\" content=\"https:\/\/tiandeproducts.co.uk\/wp-content\/uploads\/2018\/11\/20147.jpg\" \/>\n\t<meta property=\"og:image:width\" content=\"700\" \/>\n\t<meta property=\"og:image:height\" content=\"700\" \/>\n\t<meta property=\"og:image:type\" content=\"image\/jpeg\" \/>\n<meta name=\"twitter:card\" content=\"summary_large_image\" \/>\n<meta name=\"twitter:label1\" content=\"Szacowany czas czytania\" \/>\n\t<meta name=\"twitter:data1\" content=\"1 minuta\" \/>\n<script type=\"application\/ld+json\" class=\"yoast-schema-graph\">{\"@context\":\"https:\/\/schema.org\",\"@graph\":[{\"@type\":\"WebPage\",\"@id\":\"https:\/\/tiandeproducts.co.uk\/pl\/balsam-odzywka-receptura-starozytnych-chin220g\/\",\"url\":\"https:\/\/tiandeproducts.co.uk\/pl\/balsam-odzywka-receptura-starozytnych-chin220g\/\",\"name\":\"Balsam-od\u017cywka \u201eReceptura Staro\u017cytnych Chin\u201d,220g - TianDe Online Shop - Beauty &amp; Health\",\"isPartOf\":{\"@id\":\"https:\/\/tiandeproducts.co.uk\/#website\"},\"primaryImageOfPage\":{\"@id\":\"https:\/\/tiandeproducts.co.uk\/pl\/balsam-odzywka-receptura-starozytnych-chin220g\/#primaryimage\"},\"image\":{\"@id\":\"https:\/\/tiandeproducts.co.uk\/pl\/balsam-odzywka-receptura-starozytnych-chin220g\/#primaryimage\"},\"thumbnailUrl\":\"https:\/\/tiandeproducts.co.uk\/wp-content\/uploads\/2018\/11\/20147.jpg\",\"datePublished\":\"2018-11-13T13:24:41+00:00\",\"dateModified\":\"2021-02-12T11:42:56+00:00\",\"breadcrumb\":{\"@id\":\"https:\/\/tiandeproducts.co.uk\/pl\/balsam-odzywka-receptura-starozytnych-chin220g\/#breadcrumb\"},\"inLanguage\":\"pl-PL\",\"potentialAction\":[{\"@type\":\"ReadAction\",\"target\":[\"https:\/\/tiandeproducts.co.uk\/pl\/balsam-odzywka-receptura-starozytnych-chin220g\/\"]}]},{\"@type\":\"ImageObject\",\"inLanguage\":\"pl-PL\",\"@id\":\"https:\/\/tiandeproducts.co.uk\/pl\/balsam-odzywka-receptura-starozytnych-chin220g\/#primaryimage\",\"url\":\"https:\/\/tiandeproducts.co.uk\/wp-content\/uploads\/2018\/11\/20147.jpg\",\"contentUrl\":\"https:\/\/tiandeproducts.co.uk\/wp-content\/uploads\/2018\/11\/20147.jpg\",\"width\":700,\"height\":700,\"caption\":\"Ancient China Recipe Hair Balm-Conditioner,220g-0\"},{\"@type\":\"BreadcrumbList\",\"@id\":\"https:\/\/tiandeproducts.co.uk\/pl\/balsam-odzywka-receptura-starozytnych-chin220g\/#breadcrumb\",\"itemListElement\":[{\"@type\":\"ListItem\",\"position\":1,\"name\":\"Home\",\"item\":\"https:\/\/tiandeproducts.co.uk\/pl\/\"},{\"@type\":\"ListItem\",\"position\":2,\"name\":\"Shop\",\"item\":\"https:\/\/tiandeproducts.co.uk\/pl\/shop-2\/\"},{\"@type\":\"ListItem\",\"position\":3,\"name\":\"Balsam-od\u017cywka \u201eReceptura Staro\u017cytnych Chin\u201d,220g\"}]},{\"@type\":\"WebSite\",\"@id\":\"https:\/\/tiandeproducts.co.uk\/#website\",\"url\":\"https:\/\/tiandeproducts.co.uk\/\",\"name\":\"TianDe Online Shop - Beauty & Health\",\"description\":\"Traditional Chinese Medicine\",\"potentialAction\":[{\"@type\":\"SearchAction\",\"target\":{\"@type\":\"EntryPoint\",\"urlTemplate\":\"https:\/\/tiandeproducts.co.uk\/?s={search_term_string}\"},\"query-input\":{\"@type\":\"PropertyValueSpecification\",\"valueRequired\":true,\"valueName\":\"search_term_string\"}}],\"inLanguage\":\"pl-PL\"}]}<\/script>\n<!-- \/ Yoast SEO plugin. -->","yoast_head_json":{"title":"Balsam-od\u017cywka \u201eReceptura Staro\u017cytnych Chin\u201d,220g - TianDe Online Shop - Beauty &amp; Health","robots":{"index":"index","follow":"follow","max-snippet":"max-snippet:-1","max-image-preview":"max-image-preview:large","max-video-preview":"max-video-preview:-1"},"canonical":"https:\/\/tiandeproducts.co.uk\/pl\/balsam-odzywka-receptura-starozytnych-chin220g\/","og_locale":"pl_PL","og_type":"article","og_title":"Balsam-od\u017cywka \u201eReceptura Staro\u017cytnych Chin\u201d,220g - TianDe Online Shop - Beauty &amp; Health","og_description":"\u00a0Earn 10 points worth \u00a30.50 when buying this product Silne, pi\u0119kne i jedwabiste &#8211; w\u0142osy Chinek zawsze by\u0142y uznawane za wz\u00f3r. Szkopu\u0142 le\u017cy w prawid\u0142owej piel\u0119gnacji i naturalnych sk\u0142adnikach, kt\u00f3re od wiek\u00f3w s\u0105 u\u017cywane przez wschodnie pi\u0119kno\u015bci do piel\u0119gnacji swoich w\u0142os\u00f3w. Ujawniamy kolejny spos\u00f3b na pi\u0119kne w\u0142osy &#8211; kosmetyki stworzone na bazie wyj\u0105tkowego kompleksu wzmacniaj\u0105cego [...]","og_url":"https:\/\/tiandeproducts.co.uk\/pl\/balsam-odzywka-receptura-starozytnych-chin220g\/","og_site_name":"TianDe Online Shop - Beauty &amp; Health","article_publisher":"https:\/\/www.facebook.com\/tiande.products.england\/","article_modified_time":"2021-02-12T11:42:56+00:00","og_image":[{"width":700,"height":700,"url":"https:\/\/tiandeproducts.co.uk\/wp-content\/uploads\/2018\/11\/20147.jpg","type":"image\/jpeg"}],"twitter_card":"summary_large_image","twitter_misc":{"Szacowany czas czytania":"1 minuta"},"schema":{"@context":"https:\/\/schema.org","@graph":[{"@type":"WebPage","@id":"https:\/\/tiandeproducts.co.uk\/pl\/balsam-odzywka-receptura-starozytnych-chin220g\/","url":"https:\/\/tiandeproducts.co.uk\/pl\/balsam-odzywka-receptura-starozytnych-chin220g\/","name":"Balsam-od\u017cywka \u201eReceptura Staro\u017cytnych Chin\u201d,220g - TianDe Online Shop - Beauty &amp; Health","isPartOf":{"@id":"https:\/\/tiandeproducts.co.uk\/#website"},"primaryImageOfPage":{"@id":"https:\/\/tiandeproducts.co.uk\/pl\/balsam-odzywka-receptura-starozytnych-chin220g\/#primaryimage"},"image":{"@id":"https:\/\/tiandeproducts.co.uk\/pl\/balsam-odzywka-receptura-starozytnych-chin220g\/#primaryimage"},"thumbnailUrl":"https:\/\/tiandeproducts.co.uk\/wp-content\/uploads\/2018\/11\/20147.jpg","datePublished":"2018-11-13T13:24:41+00:00","dateModified":"2021-02-12T11:42:56+00:00","breadcrumb":{"@id":"https:\/\/tiandeproducts.co.uk\/pl\/balsam-odzywka-receptura-starozytnych-chin220g\/#breadcrumb"},"inLanguage":"pl-PL","potentialAction":[{"@type":"ReadAction","target":["https:\/\/tiandeproducts.co.uk\/pl\/balsam-odzywka-receptura-starozytnych-chin220g\/"]}]},{"@type":"ImageObject","inLanguage":"pl-PL","@id":"https:\/\/tiandeproducts.co.uk\/pl\/balsam-odzywka-receptura-starozytnych-chin220g\/#primaryimage","url":"https:\/\/tiandeproducts.co.uk\/wp-content\/uploads\/2018\/11\/20147.jpg","contentUrl":"https:\/\/tiandeproducts.co.uk\/wp-content\/uploads\/2018\/11\/20147.jpg","width":700,"height":700,"caption":"Ancient China Recipe Hair Balm-Conditioner,220g-0"},{"@type":"BreadcrumbList","@id":"https:\/\/tiandeproducts.co.uk\/pl\/balsam-odzywka-receptura-starozytnych-chin220g\/#breadcrumb","itemListElement":[{"@type":"ListItem","position":1,"name":"Home","item":"https:\/\/tiandeproducts.co.uk\/pl\/"},{"@type":"ListItem","position":2,"name":"Shop","item":"https:\/\/tiandeproducts.co.uk\/pl\/shop-2\/"},{"@type":"ListItem","position":3,"name":"Balsam-od\u017cywka \u201eReceptura Staro\u017cytnych Chin\u201d,220g"}]},{"@type":"WebSite","@id":"https:\/\/tiandeproducts.co.uk\/#website","url":"https:\/\/tiandeproducts.co.uk\/","name":"TianDe Online Shop - Beauty & Health","description":"Traditional Chinese Medicine","potentialAction":[{"@type":"SearchAction","target":{"@type":"EntryPoint","urlTemplate":"https:\/\/tiandeproducts.co.uk\/?s={search_term_string}"},"query-input":{"@type":"PropertyValueSpecification","valueRequired":true,"valueName":"search_term_string"}}],"inLanguage":"pl-PL"}]}},"_links":{"self":[{"href":"https:\/\/tiandeproducts.co.uk\/pl\/wp-json\/wp\/v2\/product\/4963","targetHints":{"allow":["GET"]}}],"collection":[{"href":"https:\/\/tiandeproducts.co.uk\/pl\/wp-json\/wp\/v2\/product"}],"about":[{"href":"https:\/\/tiandeproducts.co.uk\/pl\/wp-json\/wp\/v2\/types\/product"}],"replies":[{"embeddable":true,"href":"https:\/\/tiandeproducts.co.uk\/pl\/wp-json\/wp\/v2\/comments?post=4963"}],"wp:featuredmedia":[{"embeddable":true,"href":"https:\/\/tiandeproducts.co.uk\/pl\/wp-json\/wp\/v2\/media\/2082"}],"wp:attachment":[{"href":"https:\/\/tiandeproducts.co.uk\/pl\/wp-json\/wp\/v2\/media?parent=4963"}],"wp:term":[{"taxonomy":"product_cat","embeddable":true,"href":"https:\/\/tiandeproducts.co.uk\/pl\/wp-json\/wp\/v2\/product_cat?post=4963"},{"taxonomy":"product_tag","embeddable":true,"href":"https:\/\/tiandeproducts.co.uk\/pl\/wp-json\/wp\/v2\/product_tag?post=4963"}],"curies":[{"name":"wp","href":"https:\/\/api.w.org\/{rel}","templated":true}]}}