{"id":4960,"date":"2018-11-13T13:39:33","date_gmt":"2018-11-13T13:39:33","guid":{"rendered":"https:\/\/tnd.ontesting.co.uk\/oczyszczajaca-zlota-maska-foliowa-do-twarzy130ml\/"},"modified":"2021-02-12T11:41:25","modified_gmt":"2021-02-12T11:41:25","slug":"oczyszczajaca-zlota-maska-foliowa-do-twarzy130ml","status":"publish","type":"product","link":"https:\/\/tiandeproducts.co.uk\/pl\/oczyszczajaca-zlota-maska-foliowa-do-twarzy130ml\/","title":{"rendered":"Oczyszczaj\u0105ca z\u0142ota maska foliowa do twarzy,130ml"},"content":{"rendered":"<div class=\"description\">\n<p><img decoding=\"async\" style=\"max-width: 16px; margin-right: 5px;\" src=\"https:\/\/tiandeproducts.co.uk\/wp-content\/uploads\/points-green.svg\" \/>\u00a0Earn 13 points worth \u00a30.65 when buying this product<\/p>\n<p>Dawno ju\u017c nie zafundowa\u0142a\u015b sobie nic specjalnego? Podaruj swojej sk\u00f3rze luksusow\u0105 piel\u0119gnacj\u0119 w postaci oczyszczaj\u0105cej z\u0142otej maski foliowej do twarzy! Dzi\u0119ki strukturze folii maska natychmiast napina sk\u00f3r\u0119, a jej sk\u0142adniki aktywne nadaj\u0105 cerze \u015bwie\u017cy, l\u015bni\u0105cy kolor i d\u0142ugotrwa\u0142e nawil\u017cenie.<\/p>\n<p>Oczyszczaj\u0105ca z\u0142ota maska foliowa do twarzy to:<br \/>\n&#8211; \u0142agodne usuwanie zrogowacia\u0142ych kom\u00f3rek i g\u0142\u0119bokie oczyszczanie sk\u00f3ry;<br \/>\n&#8211; natychmiastowy lifting i efekt odm\u0142adzaj\u0105cy;<br \/>\n&#8211; \u015bwie\u017cy, l\u015bni\u0105cy kolor cery i d\u0142ugotrwa\u0142e nawil\u017cenie.<\/p>\n<p>Stosuj mask\u0119 jako kuracj\u0119 sk\u0142adaj\u0105c\u0105 si\u0119 z 10-15 zabieg\u00f3w, a zapewnisz swojej sk\u00f3rze luksusow\u0105, kompleksow\u0105 piel\u0119gnacj\u0119. Mask\u0119 mo\u017cesz te\u017c stosowa\u0107 jako kosmetyk do ekspresowej metamorfozy &#8211; na\u0142\u00f3\u017c j\u0105 na twarz tu\u017c przed wa\u017cnym wydarzeniem i zyskaj natychmiastowe rezultaty.<\/p>\n<p>Skuteczno\u015b\u0107 ka\u017cdego kosmetyku jest wyznaczana przez warto\u015b\u0107 jego sk\u0142adnik\u00f3w. Z\u0142ota maska zawiera prawdziwe \u201erarytasy\u201c, na kt\u00f3re z przyjemno\u015bci\u0105 po\u0142asi si\u0119 Twoja sk\u00f3ra! Maska zawiera wyci\u0105g z jask\u00f3\u0142czego gniazda, sole mineralne oraz silne naturalne substancje nawil\u017caj\u0105ce &#8211; hialuronian sodu, betain\u0119 i glicyryzynian potasu.<\/p>\n<\/div>\n<div class=\"instruction\">\n<p><strong>ZASTOSOWANIE:<\/strong><\/p>\n<p>Na czyst\u0105 osuszon\u0105 sk\u00f3r\u0119 na\u0142o\u017cy\u0107 grub\u0105 warstw\u0119 maski, omijaj\u0105c okolice brwi, sk\u00f3r\u0119 wok\u00f3\u0142 oczu i ust. Pozostawi\u0107 na 20-30 minut, dop\u00f3ki maska nie wyschnie tworz\u0105c cienk\u0105 foli\u0119, a nast\u0119pnie ostro\u017cnie \u015bci\u0105gn\u0105\u0107.<\/p>\n<\/div>\n","protected":false},"excerpt":{"rendered":"<p>\u00a0Earn 13 points worth \u00a30.65 when buying this product Dawno ju\u017c nie zafundowa\u0142a\u015b sobie nic specjalnego? Podaruj swojej sk\u00f3rze luksusow\u0105 piel\u0119gnacj\u0119 w postaci oczyszczaj\u0105cej z\u0142otej maski foliowej do twarzy! Dzi\u0119ki strukturze folii maska natychmiast napina sk\u00f3r\u0119, a jej sk\u0142adniki aktywne nadaj\u0105 cerze \u015bwie\u017cy, l\u015bni\u0105cy kolor i d\u0142ugotrwa\u0142e nawil\u017cenie. Oczyszczaj\u0105ca z\u0142ota maska foliowa do twarzy to: [&#8230;]\n","protected":false},"featured_media":2092,"comment_status":"closed","ping_status":"closed","template":"","meta":[],"product_cat":[746,864,769,754,901,750,758],"product_tag":[],"class_list":{"0":"post-4960","1":"product","2":"type-product","3":"status-publish","4":"has-post-thumbnail","6":"product_cat-do-twarzy","7":"product_cat-jedrnosc-i-elastycznosc","8":"product_cat-maseczki-na-twarz","9":"product_cat-nawilzajacy","10":"product_cat-nawodnienie-i-odzywienie","11":"product_cat-odwodniona-skora","12":"product_cat-problematyczna-skora","14":"first","15":"instock","16":"shipping-taxable","17":"purchasable","18":"product-type-simple"},"yoast_head":"<!-- This site is optimized with the Yoast SEO plugin v23.6 - https:\/\/yoast.com\/wordpress\/plugins\/seo\/ -->\n<title>Oczyszczaj\u0105ca z\u0142ota maska foliowa do twarzy,130ml - TianDe Online Shop - Beauty &amp; Health<\/title>\n<meta name=\"robots\" content=\"index, follow, max-snippet:-1, max-image-preview:large, max-video-preview:-1\" \/>\n<link rel=\"canonical\" href=\"https:\/\/tiandeproducts.co.uk\/pl\/oczyszczajaca-zlota-maska-foliowa-do-twarzy130ml\/\" \/>\n<meta property=\"og:locale\" content=\"pl_PL\" \/>\n<meta property=\"og:type\" content=\"article\" \/>\n<meta property=\"og:title\" content=\"Oczyszczaj\u0105ca z\u0142ota maska foliowa do twarzy,130ml - TianDe Online Shop - Beauty &amp; Health\" \/>\n<meta property=\"og:description\" content=\"\u00a0Earn 13 points worth \u00a30.65 when buying this product Dawno ju\u017c nie zafundowa\u0142a\u015b sobie nic specjalnego? Podaruj swojej sk\u00f3rze luksusow\u0105 piel\u0119gnacj\u0119 w postaci oczyszczaj\u0105cej z\u0142otej maski foliowej do twarzy! Dzi\u0119ki strukturze folii maska natychmiast napina sk\u00f3r\u0119, a jej sk\u0142adniki aktywne nadaj\u0105 cerze \u015bwie\u017cy, l\u015bni\u0105cy kolor i d\u0142ugotrwa\u0142e nawil\u017cenie. Oczyszczaj\u0105ca z\u0142ota maska foliowa do twarzy to: [...]\" \/>\n<meta property=\"og:url\" content=\"https:\/\/tiandeproducts.co.uk\/pl\/oczyszczajaca-zlota-maska-foliowa-do-twarzy130ml\/\" \/>\n<meta property=\"og:site_name\" content=\"TianDe Online Shop - Beauty &amp; Health\" \/>\n<meta property=\"article:publisher\" content=\"https:\/\/www.facebook.com\/tiande.products.england\/\" \/>\n<meta property=\"article:modified_time\" content=\"2021-02-12T11:41:25+00:00\" \/>\n<meta property=\"og:image\" content=\"https:\/\/tiandeproducts.co.uk\/wp-content\/uploads\/2018\/11\/50116.jpg\" \/>\n\t<meta property=\"og:image:width\" content=\"700\" \/>\n\t<meta property=\"og:image:height\" content=\"700\" \/>\n\t<meta property=\"og:image:type\" content=\"image\/jpeg\" \/>\n<meta name=\"twitter:card\" content=\"summary_large_image\" \/>\n<meta name=\"twitter:label1\" content=\"Szacowany czas czytania\" \/>\n\t<meta name=\"twitter:data1\" content=\"1 minuta\" \/>\n<script type=\"application\/ld+json\" class=\"yoast-schema-graph\">{\"@context\":\"https:\/\/schema.org\",\"@graph\":[{\"@type\":\"WebPage\",\"@id\":\"https:\/\/tiandeproducts.co.uk\/pl\/oczyszczajaca-zlota-maska-foliowa-do-twarzy130ml\/\",\"url\":\"https:\/\/tiandeproducts.co.uk\/pl\/oczyszczajaca-zlota-maska-foliowa-do-twarzy130ml\/\",\"name\":\"Oczyszczaj\u0105ca z\u0142ota maska foliowa do twarzy,130ml - TianDe Online Shop - Beauty &amp; Health\",\"isPartOf\":{\"@id\":\"https:\/\/tiandeproducts.co.uk\/#website\"},\"primaryImageOfPage\":{\"@id\":\"https:\/\/tiandeproducts.co.uk\/pl\/oczyszczajaca-zlota-maska-foliowa-do-twarzy130ml\/#primaryimage\"},\"image\":{\"@id\":\"https:\/\/tiandeproducts.co.uk\/pl\/oczyszczajaca-zlota-maska-foliowa-do-twarzy130ml\/#primaryimage\"},\"thumbnailUrl\":\"https:\/\/tiandeproducts.co.uk\/wp-content\/uploads\/2018\/11\/50116.jpg\",\"datePublished\":\"2018-11-13T13:39:33+00:00\",\"dateModified\":\"2021-02-12T11:41:25+00:00\",\"breadcrumb\":{\"@id\":\"https:\/\/tiandeproducts.co.uk\/pl\/oczyszczajaca-zlota-maska-foliowa-do-twarzy130ml\/#breadcrumb\"},\"inLanguage\":\"pl-PL\",\"potentialAction\":[{\"@type\":\"ReadAction\",\"target\":[\"https:\/\/tiandeproducts.co.uk\/pl\/oczyszczajaca-zlota-maska-foliowa-do-twarzy130ml\/\"]}]},{\"@type\":\"ImageObject\",\"inLanguage\":\"pl-PL\",\"@id\":\"https:\/\/tiandeproducts.co.uk\/pl\/oczyszczajaca-zlota-maska-foliowa-do-twarzy130ml\/#primaryimage\",\"url\":\"https:\/\/tiandeproducts.co.uk\/wp-content\/uploads\/2018\/11\/50116.jpg\",\"contentUrl\":\"https:\/\/tiandeproducts.co.uk\/wp-content\/uploads\/2018\/11\/50116.jpg\",\"width\":700,\"height\":700,\"caption\":\"Gold Purifying Face Film Mask,130ml-0\"},{\"@type\":\"BreadcrumbList\",\"@id\":\"https:\/\/tiandeproducts.co.uk\/pl\/oczyszczajaca-zlota-maska-foliowa-do-twarzy130ml\/#breadcrumb\",\"itemListElement\":[{\"@type\":\"ListItem\",\"position\":1,\"name\":\"Home\",\"item\":\"https:\/\/tiandeproducts.co.uk\/pl\/\"},{\"@type\":\"ListItem\",\"position\":2,\"name\":\"Shop\",\"item\":\"https:\/\/tiandeproducts.co.uk\/pl\/shop-2\/\"},{\"@type\":\"ListItem\",\"position\":3,\"name\":\"Oczyszczaj\u0105ca z\u0142ota maska foliowa do twarzy,130ml\"}]},{\"@type\":\"WebSite\",\"@id\":\"https:\/\/tiandeproducts.co.uk\/#website\",\"url\":\"https:\/\/tiandeproducts.co.uk\/\",\"name\":\"TianDe Online Shop - Beauty & Health\",\"description\":\"Traditional Chinese Medicine\",\"potentialAction\":[{\"@type\":\"SearchAction\",\"target\":{\"@type\":\"EntryPoint\",\"urlTemplate\":\"https:\/\/tiandeproducts.co.uk\/?s={search_term_string}\"},\"query-input\":{\"@type\":\"PropertyValueSpecification\",\"valueRequired\":true,\"valueName\":\"search_term_string\"}}],\"inLanguage\":\"pl-PL\"}]}<\/script>\n<!-- \/ Yoast SEO plugin. -->","yoast_head_json":{"title":"Oczyszczaj\u0105ca z\u0142ota maska foliowa do twarzy,130ml - TianDe Online Shop - Beauty &amp; Health","robots":{"index":"index","follow":"follow","max-snippet":"max-snippet:-1","max-image-preview":"max-image-preview:large","max-video-preview":"max-video-preview:-1"},"canonical":"https:\/\/tiandeproducts.co.uk\/pl\/oczyszczajaca-zlota-maska-foliowa-do-twarzy130ml\/","og_locale":"pl_PL","og_type":"article","og_title":"Oczyszczaj\u0105ca z\u0142ota maska foliowa do twarzy,130ml - TianDe Online Shop - Beauty &amp; Health","og_description":"\u00a0Earn 13 points worth \u00a30.65 when buying this product Dawno ju\u017c nie zafundowa\u0142a\u015b sobie nic specjalnego? Podaruj swojej sk\u00f3rze luksusow\u0105 piel\u0119gnacj\u0119 w postaci oczyszczaj\u0105cej z\u0142otej maski foliowej do twarzy! Dzi\u0119ki strukturze folii maska natychmiast napina sk\u00f3r\u0119, a jej sk\u0142adniki aktywne nadaj\u0105 cerze \u015bwie\u017cy, l\u015bni\u0105cy kolor i d\u0142ugotrwa\u0142e nawil\u017cenie. Oczyszczaj\u0105ca z\u0142ota maska foliowa do twarzy to: [...]","og_url":"https:\/\/tiandeproducts.co.uk\/pl\/oczyszczajaca-zlota-maska-foliowa-do-twarzy130ml\/","og_site_name":"TianDe Online Shop - Beauty &amp; Health","article_publisher":"https:\/\/www.facebook.com\/tiande.products.england\/","article_modified_time":"2021-02-12T11:41:25+00:00","og_image":[{"width":700,"height":700,"url":"https:\/\/tiandeproducts.co.uk\/wp-content\/uploads\/2018\/11\/50116.jpg","type":"image\/jpeg"}],"twitter_card":"summary_large_image","twitter_misc":{"Szacowany czas czytania":"1 minuta"},"schema":{"@context":"https:\/\/schema.org","@graph":[{"@type":"WebPage","@id":"https:\/\/tiandeproducts.co.uk\/pl\/oczyszczajaca-zlota-maska-foliowa-do-twarzy130ml\/","url":"https:\/\/tiandeproducts.co.uk\/pl\/oczyszczajaca-zlota-maska-foliowa-do-twarzy130ml\/","name":"Oczyszczaj\u0105ca z\u0142ota maska foliowa do twarzy,130ml - TianDe Online Shop - Beauty &amp; Health","isPartOf":{"@id":"https:\/\/tiandeproducts.co.uk\/#website"},"primaryImageOfPage":{"@id":"https:\/\/tiandeproducts.co.uk\/pl\/oczyszczajaca-zlota-maska-foliowa-do-twarzy130ml\/#primaryimage"},"image":{"@id":"https:\/\/tiandeproducts.co.uk\/pl\/oczyszczajaca-zlota-maska-foliowa-do-twarzy130ml\/#primaryimage"},"thumbnailUrl":"https:\/\/tiandeproducts.co.uk\/wp-content\/uploads\/2018\/11\/50116.jpg","datePublished":"2018-11-13T13:39:33+00:00","dateModified":"2021-02-12T11:41:25+00:00","breadcrumb":{"@id":"https:\/\/tiandeproducts.co.uk\/pl\/oczyszczajaca-zlota-maska-foliowa-do-twarzy130ml\/#breadcrumb"},"inLanguage":"pl-PL","potentialAction":[{"@type":"ReadAction","target":["https:\/\/tiandeproducts.co.uk\/pl\/oczyszczajaca-zlota-maska-foliowa-do-twarzy130ml\/"]}]},{"@type":"ImageObject","inLanguage":"pl-PL","@id":"https:\/\/tiandeproducts.co.uk\/pl\/oczyszczajaca-zlota-maska-foliowa-do-twarzy130ml\/#primaryimage","url":"https:\/\/tiandeproducts.co.uk\/wp-content\/uploads\/2018\/11\/50116.jpg","contentUrl":"https:\/\/tiandeproducts.co.uk\/wp-content\/uploads\/2018\/11\/50116.jpg","width":700,"height":700,"caption":"Gold Purifying Face Film Mask,130ml-0"},{"@type":"BreadcrumbList","@id":"https:\/\/tiandeproducts.co.uk\/pl\/oczyszczajaca-zlota-maska-foliowa-do-twarzy130ml\/#breadcrumb","itemListElement":[{"@type":"ListItem","position":1,"name":"Home","item":"https:\/\/tiandeproducts.co.uk\/pl\/"},{"@type":"ListItem","position":2,"name":"Shop","item":"https:\/\/tiandeproducts.co.uk\/pl\/shop-2\/"},{"@type":"ListItem","position":3,"name":"Oczyszczaj\u0105ca z\u0142ota maska foliowa do twarzy,130ml"}]},{"@type":"WebSite","@id":"https:\/\/tiandeproducts.co.uk\/#website","url":"https:\/\/tiandeproducts.co.uk\/","name":"TianDe Online Shop - Beauty & Health","description":"Traditional Chinese Medicine","potentialAction":[{"@type":"SearchAction","target":{"@type":"EntryPoint","urlTemplate":"https:\/\/tiandeproducts.co.uk\/?s={search_term_string}"},"query-input":{"@type":"PropertyValueSpecification","valueRequired":true,"valueName":"search_term_string"}}],"inLanguage":"pl-PL"}]}},"_links":{"self":[{"href":"https:\/\/tiandeproducts.co.uk\/pl\/wp-json\/wp\/v2\/product\/4960","targetHints":{"allow":["GET"]}}],"collection":[{"href":"https:\/\/tiandeproducts.co.uk\/pl\/wp-json\/wp\/v2\/product"}],"about":[{"href":"https:\/\/tiandeproducts.co.uk\/pl\/wp-json\/wp\/v2\/types\/product"}],"replies":[{"embeddable":true,"href":"https:\/\/tiandeproducts.co.uk\/pl\/wp-json\/wp\/v2\/comments?post=4960"}],"wp:featuredmedia":[{"embeddable":true,"href":"https:\/\/tiandeproducts.co.uk\/pl\/wp-json\/wp\/v2\/media\/2092"}],"wp:attachment":[{"href":"https:\/\/tiandeproducts.co.uk\/pl\/wp-json\/wp\/v2\/media?parent=4960"}],"wp:term":[{"taxonomy":"product_cat","embeddable":true,"href":"https:\/\/tiandeproducts.co.uk\/pl\/wp-json\/wp\/v2\/product_cat?post=4960"},{"taxonomy":"product_tag","embeddable":true,"href":"https:\/\/tiandeproducts.co.uk\/pl\/wp-json\/wp\/v2\/product_tag?post=4960"}],"curies":[{"name":"wp","href":"https:\/\/api.w.org\/{rel}","templated":true}]}}