{"id":4958,"date":"2018-10-02T11:58:32","date_gmt":"2018-10-02T10:58:32","guid":{"rendered":"https:\/\/tnd.ontesting.co.uk\/hydrozelowe-platki-do-powiek-peptydowy-miks\/"},"modified":"2021-02-12T11:45:12","modified_gmt":"2021-02-12T11:45:12","slug":"hydrozelowe-platki-do-powiek-peptydowy-miks","status":"publish","type":"product","link":"https:\/\/tiandeproducts.co.uk\/pl\/hydrozelowe-platki-do-powiek-peptydowy-miks\/","title":{"rendered":"Hydro\u017celowe p\u0142atki do powiek \u201ePeptydowy miks\u201c,2 szt."},"content":{"rendered":"<div class=\"description\">\n<p><img decoding=\"async\" style=\"max-width: 16px; margin-right: 5px;\" src=\"https:\/\/tiandeproducts.co.uk\/wp-content\/uploads\/points-green.svg\" \/>\u00a0Earn 4 points worth \u00a30.20 when buying this product<\/p>\n<p>Pod\u0105\u017casz za trendami mody w sferze urody? Hydro\u017celowe p\u0142atki do powiek \u201ePeptydowy miks\u201c to jest to, czego Ci trzeba! P\u0142atki zawieraj\u0105 sk\u0142adniki najnowszej generacji &#8211; peptydy, kt\u00f3re nie dzia\u0142aj\u0105 na skutek problemu (tj. zmarszczki), a na jego przyczyn\u0119.<\/p>\n<p>W organizmie peptydy s\u0105 \u201eno\u015bnikami informacji\u201c &#8211; przenosz\u0105 informacj\u0119 biologiczn\u0105 z jednej kom\u00f3rki do innej po to, aby w organizmie wszystko funkcjonowa\u0142o prawid\u0142owo. M\u00f3wi\u0105c kr\u00f3tko, peptydy zmuszaj\u0105 kom\u00f3rki sk\u00f3ry do wykonywania swoich funkcji na 100% jak w czasach m\u0142odo\u015bci. W rezultacie zmarszczki zostaj\u0105 wyg\u0142adzone, a Ty widzisz l\u015bni\u0105c\u0105 sk\u00f3r\u0119.<\/p>\n<p>Hydro\u017celowe p\u0142atki do powiek \u201ePeptydowy miks\u201c:<br \/>\n&#8211; zmniejszaj\u0105, \u0142agodnie koryguj\u0105 zmarszczki mimiczne;<br \/>\n&#8211; wzmacniaj\u0105 struktur\u0119 sk\u00f3ry, poprawiaj\u0105 jej elastyczno\u015b\u0107 i spr\u0119\u017cysto\u015b\u0107;<br \/>\n&#8211; idealne do piel\u0119gnacji sk\u00f3ry o mniejszej spr\u0119\u017cysto\u015bci spowodowanej wiekiem i uszkodzonej przez s\u0142o\u0144ce.<\/p>\n<p>Ciesz si\u0119 spr\u0119\u017cyst\u0105 i elastyczn\u0105 sk\u00f3r\u0105 bez widocznych oznak starzenia!<\/p>\n<\/div>\n<div class=\"instruction\">\n<p><strong>ZASTOSOWANIE:<\/strong><\/p>\n<p>P\u0142atki na\u0142o\u017cy\u0107 na oczyszczon\u0105 sk\u00f3r\u0119 pod oczami. Usun\u0105\u0107 po up\u0142ywie 15-20 minut. Nale\u017cy u\u017cy\u0107 p\u0142atk\u00f3w od razu po otwarciu opakowania.<\/p>\n<\/div>\n","protected":false},"excerpt":{"rendered":"<p>\u00a0Earn 4 points worth \u00a30.20 when buying this product Pod\u0105\u017casz za trendami mody w sferze urody? Hydro\u017celowe p\u0142atki do powiek \u201ePeptydowy miks\u201c to jest to, czego Ci trzeba! P\u0142atki zawieraj\u0105 sk\u0142adniki najnowszej generacji &#8211; peptydy, kt\u00f3re nie dzia\u0142aj\u0105 na skutek problemu (tj. zmarszczki), a na jego przyczyn\u0119. W organizmie peptydy s\u0105 \u201eno\u015bnikami informacji\u201c &#8211; przenosz\u0105 [&#8230;]\n","protected":false},"featured_media":2062,"comment_status":"closed","ping_status":"closed","template":"","meta":[],"product_cat":[746,870,871],"product_tag":[],"class_list":{"0":"post-4958","1":"product","2":"type-product","3":"status-publish","4":"has-post-thumbnail","6":"product_cat-do-twarzy","7":"product_cat-pielegnacja-skory-wokol-oczu","8":"product_cat-pielegnacja-skory-wokol-oczu-pl","10":"first","11":"instock","12":"shipping-taxable","13":"purchasable","14":"product-type-simple"},"yoast_head":"<!-- This site is optimized with the Yoast SEO plugin v23.6 - https:\/\/yoast.com\/wordpress\/plugins\/seo\/ -->\n<title>Hydro\u017celowe p\u0142atki do powiek \u201ePeptydowy miks\u201c,2 szt. - TianDe Online Shop - Beauty &amp; Health<\/title>\n<meta name=\"robots\" content=\"index, follow, max-snippet:-1, max-image-preview:large, max-video-preview:-1\" \/>\n<link rel=\"canonical\" href=\"https:\/\/tiandeproducts.co.uk\/pl\/hydrozelowe-platki-do-powiek-peptydowy-miks\/\" \/>\n<meta property=\"og:locale\" content=\"pl_PL\" \/>\n<meta property=\"og:type\" content=\"article\" \/>\n<meta property=\"og:title\" content=\"Hydro\u017celowe p\u0142atki do powiek \u201ePeptydowy miks\u201c,2 szt. - TianDe Online Shop - Beauty &amp; Health\" \/>\n<meta property=\"og:description\" content=\"\u00a0Earn 4 points worth \u00a30.20 when buying this product Pod\u0105\u017casz za trendami mody w sferze urody? Hydro\u017celowe p\u0142atki do powiek \u201ePeptydowy miks\u201c to jest to, czego Ci trzeba! P\u0142atki zawieraj\u0105 sk\u0142adniki najnowszej generacji &#8211; peptydy, kt\u00f3re nie dzia\u0142aj\u0105 na skutek problemu (tj. zmarszczki), a na jego przyczyn\u0119. W organizmie peptydy s\u0105 \u201eno\u015bnikami informacji\u201c &#8211; przenosz\u0105 [...]\" \/>\n<meta property=\"og:url\" content=\"https:\/\/tiandeproducts.co.uk\/pl\/hydrozelowe-platki-do-powiek-peptydowy-miks\/\" \/>\n<meta property=\"og:site_name\" content=\"TianDe Online Shop - Beauty &amp; Health\" \/>\n<meta property=\"article:publisher\" content=\"https:\/\/www.facebook.com\/tiande.products.england\/\" \/>\n<meta property=\"article:modified_time\" content=\"2021-02-12T11:45:12+00:00\" \/>\n<meta property=\"og:image\" content=\"https:\/\/tiandeproducts.co.uk\/wp-content\/uploads\/2018\/10\/50114.jpg\" \/>\n\t<meta property=\"og:image:width\" content=\"700\" \/>\n\t<meta property=\"og:image:height\" content=\"700\" \/>\n\t<meta property=\"og:image:type\" content=\"image\/jpeg\" \/>\n<meta name=\"twitter:card\" content=\"summary_large_image\" \/>\n<meta name=\"twitter:label1\" content=\"Szacowany czas czytania\" \/>\n\t<meta name=\"twitter:data1\" content=\"1 minuta\" \/>\n<script type=\"application\/ld+json\" class=\"yoast-schema-graph\">{\"@context\":\"https:\/\/schema.org\",\"@graph\":[{\"@type\":\"WebPage\",\"@id\":\"https:\/\/tiandeproducts.co.uk\/pl\/hydrozelowe-platki-do-powiek-peptydowy-miks\/\",\"url\":\"https:\/\/tiandeproducts.co.uk\/pl\/hydrozelowe-platki-do-powiek-peptydowy-miks\/\",\"name\":\"Hydro\u017celowe p\u0142atki do powiek \u201ePeptydowy miks\u201c,2 szt. - TianDe Online Shop - Beauty &amp; Health\",\"isPartOf\":{\"@id\":\"https:\/\/tiandeproducts.co.uk\/#website\"},\"primaryImageOfPage\":{\"@id\":\"https:\/\/tiandeproducts.co.uk\/pl\/hydrozelowe-platki-do-powiek-peptydowy-miks\/#primaryimage\"},\"image\":{\"@id\":\"https:\/\/tiandeproducts.co.uk\/pl\/hydrozelowe-platki-do-powiek-peptydowy-miks\/#primaryimage\"},\"thumbnailUrl\":\"https:\/\/tiandeproducts.co.uk\/wp-content\/uploads\/2018\/10\/50114.jpg\",\"datePublished\":\"2018-10-02T10:58:32+00:00\",\"dateModified\":\"2021-02-12T11:45:12+00:00\",\"breadcrumb\":{\"@id\":\"https:\/\/tiandeproducts.co.uk\/pl\/hydrozelowe-platki-do-powiek-peptydowy-miks\/#breadcrumb\"},\"inLanguage\":\"pl-PL\",\"potentialAction\":[{\"@type\":\"ReadAction\",\"target\":[\"https:\/\/tiandeproducts.co.uk\/pl\/hydrozelowe-platki-do-powiek-peptydowy-miks\/\"]}]},{\"@type\":\"ImageObject\",\"inLanguage\":\"pl-PL\",\"@id\":\"https:\/\/tiandeproducts.co.uk\/pl\/hydrozelowe-platki-do-powiek-peptydowy-miks\/#primaryimage\",\"url\":\"https:\/\/tiandeproducts.co.uk\/wp-content\/uploads\/2018\/10\/50114.jpg\",\"contentUrl\":\"https:\/\/tiandeproducts.co.uk\/wp-content\/uploads\/2018\/10\/50114.jpg\",\"width\":700,\"height\":700,\"caption\":\"Peptide Mix Hydrogel Eye Patches,2pcs-0\"},{\"@type\":\"BreadcrumbList\",\"@id\":\"https:\/\/tiandeproducts.co.uk\/pl\/hydrozelowe-platki-do-powiek-peptydowy-miks\/#breadcrumb\",\"itemListElement\":[{\"@type\":\"ListItem\",\"position\":1,\"name\":\"Home\",\"item\":\"https:\/\/tiandeproducts.co.uk\/pl\/\"},{\"@type\":\"ListItem\",\"position\":2,\"name\":\"Shop\",\"item\":\"https:\/\/tiandeproducts.co.uk\/pl\/shop-2\/\"},{\"@type\":\"ListItem\",\"position\":3,\"name\":\"Hydro\u017celowe p\u0142atki do powiek \u201ePeptydowy miks\u201c,2 szt.\"}]},{\"@type\":\"WebSite\",\"@id\":\"https:\/\/tiandeproducts.co.uk\/#website\",\"url\":\"https:\/\/tiandeproducts.co.uk\/\",\"name\":\"TianDe Online Shop - Beauty & Health\",\"description\":\"Traditional Chinese Medicine\",\"potentialAction\":[{\"@type\":\"SearchAction\",\"target\":{\"@type\":\"EntryPoint\",\"urlTemplate\":\"https:\/\/tiandeproducts.co.uk\/?s={search_term_string}\"},\"query-input\":{\"@type\":\"PropertyValueSpecification\",\"valueRequired\":true,\"valueName\":\"search_term_string\"}}],\"inLanguage\":\"pl-PL\"}]}<\/script>\n<!-- \/ Yoast SEO plugin. -->","yoast_head_json":{"title":"Hydro\u017celowe p\u0142atki do powiek \u201ePeptydowy miks\u201c,2 szt. - TianDe Online Shop - Beauty &amp; Health","robots":{"index":"index","follow":"follow","max-snippet":"max-snippet:-1","max-image-preview":"max-image-preview:large","max-video-preview":"max-video-preview:-1"},"canonical":"https:\/\/tiandeproducts.co.uk\/pl\/hydrozelowe-platki-do-powiek-peptydowy-miks\/","og_locale":"pl_PL","og_type":"article","og_title":"Hydro\u017celowe p\u0142atki do powiek \u201ePeptydowy miks\u201c,2 szt. - TianDe Online Shop - Beauty &amp; Health","og_description":"\u00a0Earn 4 points worth \u00a30.20 when buying this product Pod\u0105\u017casz za trendami mody w sferze urody? Hydro\u017celowe p\u0142atki do powiek \u201ePeptydowy miks\u201c to jest to, czego Ci trzeba! P\u0142atki zawieraj\u0105 sk\u0142adniki najnowszej generacji &#8211; peptydy, kt\u00f3re nie dzia\u0142aj\u0105 na skutek problemu (tj. zmarszczki), a na jego przyczyn\u0119. W organizmie peptydy s\u0105 \u201eno\u015bnikami informacji\u201c &#8211; przenosz\u0105 [...]","og_url":"https:\/\/tiandeproducts.co.uk\/pl\/hydrozelowe-platki-do-powiek-peptydowy-miks\/","og_site_name":"TianDe Online Shop - Beauty &amp; Health","article_publisher":"https:\/\/www.facebook.com\/tiande.products.england\/","article_modified_time":"2021-02-12T11:45:12+00:00","og_image":[{"width":700,"height":700,"url":"https:\/\/tiandeproducts.co.uk\/wp-content\/uploads\/2018\/10\/50114.jpg","type":"image\/jpeg"}],"twitter_card":"summary_large_image","twitter_misc":{"Szacowany czas czytania":"1 minuta"},"schema":{"@context":"https:\/\/schema.org","@graph":[{"@type":"WebPage","@id":"https:\/\/tiandeproducts.co.uk\/pl\/hydrozelowe-platki-do-powiek-peptydowy-miks\/","url":"https:\/\/tiandeproducts.co.uk\/pl\/hydrozelowe-platki-do-powiek-peptydowy-miks\/","name":"Hydro\u017celowe p\u0142atki do powiek \u201ePeptydowy miks\u201c,2 szt. - TianDe Online Shop - Beauty &amp; Health","isPartOf":{"@id":"https:\/\/tiandeproducts.co.uk\/#website"},"primaryImageOfPage":{"@id":"https:\/\/tiandeproducts.co.uk\/pl\/hydrozelowe-platki-do-powiek-peptydowy-miks\/#primaryimage"},"image":{"@id":"https:\/\/tiandeproducts.co.uk\/pl\/hydrozelowe-platki-do-powiek-peptydowy-miks\/#primaryimage"},"thumbnailUrl":"https:\/\/tiandeproducts.co.uk\/wp-content\/uploads\/2018\/10\/50114.jpg","datePublished":"2018-10-02T10:58:32+00:00","dateModified":"2021-02-12T11:45:12+00:00","breadcrumb":{"@id":"https:\/\/tiandeproducts.co.uk\/pl\/hydrozelowe-platki-do-powiek-peptydowy-miks\/#breadcrumb"},"inLanguage":"pl-PL","potentialAction":[{"@type":"ReadAction","target":["https:\/\/tiandeproducts.co.uk\/pl\/hydrozelowe-platki-do-powiek-peptydowy-miks\/"]}]},{"@type":"ImageObject","inLanguage":"pl-PL","@id":"https:\/\/tiandeproducts.co.uk\/pl\/hydrozelowe-platki-do-powiek-peptydowy-miks\/#primaryimage","url":"https:\/\/tiandeproducts.co.uk\/wp-content\/uploads\/2018\/10\/50114.jpg","contentUrl":"https:\/\/tiandeproducts.co.uk\/wp-content\/uploads\/2018\/10\/50114.jpg","width":700,"height":700,"caption":"Peptide Mix Hydrogel Eye Patches,2pcs-0"},{"@type":"BreadcrumbList","@id":"https:\/\/tiandeproducts.co.uk\/pl\/hydrozelowe-platki-do-powiek-peptydowy-miks\/#breadcrumb","itemListElement":[{"@type":"ListItem","position":1,"name":"Home","item":"https:\/\/tiandeproducts.co.uk\/pl\/"},{"@type":"ListItem","position":2,"name":"Shop","item":"https:\/\/tiandeproducts.co.uk\/pl\/shop-2\/"},{"@type":"ListItem","position":3,"name":"Hydro\u017celowe p\u0142atki do powiek \u201ePeptydowy miks\u201c,2 szt."}]},{"@type":"WebSite","@id":"https:\/\/tiandeproducts.co.uk\/#website","url":"https:\/\/tiandeproducts.co.uk\/","name":"TianDe Online Shop - Beauty & Health","description":"Traditional Chinese Medicine","potentialAction":[{"@type":"SearchAction","target":{"@type":"EntryPoint","urlTemplate":"https:\/\/tiandeproducts.co.uk\/?s={search_term_string}"},"query-input":{"@type":"PropertyValueSpecification","valueRequired":true,"valueName":"search_term_string"}}],"inLanguage":"pl-PL"}]}},"_links":{"self":[{"href":"https:\/\/tiandeproducts.co.uk\/pl\/wp-json\/wp\/v2\/product\/4958","targetHints":{"allow":["GET"]}}],"collection":[{"href":"https:\/\/tiandeproducts.co.uk\/pl\/wp-json\/wp\/v2\/product"}],"about":[{"href":"https:\/\/tiandeproducts.co.uk\/pl\/wp-json\/wp\/v2\/types\/product"}],"replies":[{"embeddable":true,"href":"https:\/\/tiandeproducts.co.uk\/pl\/wp-json\/wp\/v2\/comments?post=4958"}],"wp:featuredmedia":[{"embeddable":true,"href":"https:\/\/tiandeproducts.co.uk\/pl\/wp-json\/wp\/v2\/media\/2062"}],"wp:attachment":[{"href":"https:\/\/tiandeproducts.co.uk\/pl\/wp-json\/wp\/v2\/media?parent=4958"}],"wp:term":[{"taxonomy":"product_cat","embeddable":true,"href":"https:\/\/tiandeproducts.co.uk\/pl\/wp-json\/wp\/v2\/product_cat?post=4958"},{"taxonomy":"product_tag","embeddable":true,"href":"https:\/\/tiandeproducts.co.uk\/pl\/wp-json\/wp\/v2\/product_tag?post=4958"}],"curies":[{"name":"wp","href":"https:\/\/api.w.org\/{rel}","templated":true}]}}