{"id":4956,"date":"2018-10-02T12:05:37","date_gmt":"2018-10-02T11:05:37","guid":{"rendered":"https:\/\/tnd.ontesting.co.uk\/hydrozelowe-platki-do-powiek-algi-organiczne\/"},"modified":"2021-02-12T11:44:27","modified_gmt":"2021-02-12T11:44:27","slug":"hydrozelowe-platki-do-powiek-algi-organiczne","status":"publish","type":"product","link":"https:\/\/tiandeproducts.co.uk\/pl\/hydrozelowe-platki-do-powiek-algi-organiczne\/","title":{"rendered":"Hydro\u017celowe p\u0142atki do powiek \u201eAlgi organiczne\u201c,2 szt."},"content":{"rendered":"<div class=\"description\">\n<p><img decoding=\"async\" style=\"max-width: 16px; margin-right: 5px;\" src=\"https:\/\/tiandeproducts.co.uk\/wp-content\/uploads\/points-green.svg\" \/>\u00a0Earn 4 points worth \u00a30.20 when buying this product<\/p>\n<p>Wed\u0142ug statystyki prawie 80% kobiet po 25 roku \u017cycia nie jest zadowolonych ze swojego wygl\u0105du w pierwszych godzinach po przebudzeniu! G\u0142\u00f3wn\u0105 przyczyn\u0105 niezadowolenia s\u0105 worki i obrz\u0119ki pod oczami, kt\u00f3re postarzaj\u0105 i sprawiaj\u0105, \u017ce wygl\u0105damy na zm\u0119czone.<\/p>\n<p>Chcesz, aby ranek rozpoczyna\u0142 si\u0119 od pi\u0119knego wygl\u0105du i znakomitego samopoczucia? Wypr\u00f3buj hydro\u017celowe p\u0142atki do powiek \u201eAlgi organiczne\u201c. P\u0142atki pomog\u0105 Ci napi\u0105\u0107 delikatn\u0105 sk\u00f3r\u0119 powiek i sprawi\u0105, \u017ce b\u0119dzie bardziej spr\u0119\u017cysta. Dzi\u0119ki sk\u0142adnikom aktywnym p\u0142atki w kilka minut odmieni\u0105 Twoje spojrzenie.<\/p>\n<p>To kosmetyk o natychmiastowym dzia\u0142aniu, kt\u00f3ry dzia\u0142a jednocze\u015bnie w kilku kierunkach:<br \/>\n&#8211; pomaga zmniejszy\u0107 obrz\u0119ki i opuchlizn\u0119 pod oczami oraz szybko przywraca sk\u00f3rze \u015bwie\u017cy wygl\u0105d;<br \/>\n&#8211; nawil\u017ca, napina sk\u00f3r\u0119, poprawia kontur dolnych powiek;<br \/>\n&#8211; likwiduje \u015blady zm\u0119czenia, o\u017cywia such\u0105 i cienk\u0105 sk\u00f3r\u0119 powiek;<br \/>\n&#8211; sprzyja wyg\u0142adzeniu zmarszczek mimicznych.<\/p>\n<p>Za ka\u017cdym razem, kiedy si\u0119 u\u015bmiechasz, od k\u0105cik\u00f3w oczu rozchodzi si\u0119 cienka siateczka zmarszczek? P\u0142atki hydro\u017celowe sprawi\u0105, \u017ce b\u0119dzie mniej widoczna.<\/p>\n<p>Produkt zawiera polisacharydy chrz\u0105stnicy k\u0119dzierzawej i brunatnicy mozuku, hydrolizowany kolagen, aminokwasy bia\u0142ka kukurydzianego i alantoin\u0119. A propos, chrz\u0105stnica k\u0119dzierzawa jest r\u00f3wnie\u017c nazywana czerwonym mchem. W\u015br\u00f3d specjalist\u00f3w kosmetologii chrz\u0105stnica k\u0119dzierzawa zdoby\u0142a miano ro\u015blinnego \u201esilikonu\u201c, chroni\u0105cego sk\u00f3r\u0119 przed odwodnieniem i oddzia\u0142ywaniem czynnik\u00f3w zewn\u0119trznych.<\/p>\n<\/div>\n<div class=\"instruction\">\n<p><strong>ZASTOSOWANIE:<\/strong><\/p>\n<p>P\u0142atki na\u0142o\u017cy\u0107 na oczyszczon\u0105 sk\u00f3r\u0119 pod oczami. Usun\u0105\u0107 po up\u0142ywie 15-20 minut. Nale\u017cy u\u017cy\u0107 p\u0142atk\u00f3w od razu po otwarciu opakowania.<\/p>\n<\/div>\n","protected":false},"excerpt":{"rendered":"<p>\u00a0Earn 4 points worth \u00a30.20 when buying this product Wed\u0142ug statystyki prawie 80% kobiet po 25 roku \u017cycia nie jest zadowolonych ze swojego wygl\u0105du w pierwszych godzinach po przebudzeniu! G\u0142\u00f3wn\u0105 przyczyn\u0105 niezadowolenia s\u0105 worki i obrz\u0119ki pod oczami, kt\u00f3re postarzaj\u0105 i sprawiaj\u0105, \u017ce wygl\u0105damy na zm\u0119czone. Chcesz, aby ranek rozpoczyna\u0142 si\u0119 od pi\u0119knego wygl\u0105du i [&#8230;]\n","protected":false},"featured_media":2067,"comment_status":"closed","ping_status":"closed","template":"","meta":[],"product_cat":[746,870,871],"product_tag":[],"class_list":{"0":"post-4956","1":"product","2":"type-product","3":"status-publish","4":"has-post-thumbnail","6":"product_cat-do-twarzy","7":"product_cat-pielegnacja-skory-wokol-oczu","8":"product_cat-pielegnacja-skory-wokol-oczu-pl","10":"first","11":"instock","12":"shipping-taxable","13":"purchasable","14":"product-type-simple"},"yoast_head":"<!-- This site is optimized with the Yoast SEO plugin v23.6 - https:\/\/yoast.com\/wordpress\/plugins\/seo\/ -->\n<title>Hydro\u017celowe p\u0142atki do powiek \u201eAlgi organiczne\u201c,2 szt. - TianDe Online Shop - Beauty &amp; Health<\/title>\n<meta name=\"robots\" content=\"index, follow, max-snippet:-1, max-image-preview:large, max-video-preview:-1\" \/>\n<link rel=\"canonical\" href=\"https:\/\/tiandeproducts.co.uk\/pl\/hydrozelowe-platki-do-powiek-algi-organiczne\/\" \/>\n<meta property=\"og:locale\" content=\"pl_PL\" \/>\n<meta property=\"og:type\" content=\"article\" \/>\n<meta property=\"og:title\" content=\"Hydro\u017celowe p\u0142atki do powiek \u201eAlgi organiczne\u201c,2 szt. - TianDe Online Shop - Beauty &amp; Health\" \/>\n<meta property=\"og:description\" content=\"\u00a0Earn 4 points worth \u00a30.20 when buying this product Wed\u0142ug statystyki prawie 80% kobiet po 25 roku \u017cycia nie jest zadowolonych ze swojego wygl\u0105du w pierwszych godzinach po przebudzeniu! G\u0142\u00f3wn\u0105 przyczyn\u0105 niezadowolenia s\u0105 worki i obrz\u0119ki pod oczami, kt\u00f3re postarzaj\u0105 i sprawiaj\u0105, \u017ce wygl\u0105damy na zm\u0119czone. Chcesz, aby ranek rozpoczyna\u0142 si\u0119 od pi\u0119knego wygl\u0105du i [...]\" \/>\n<meta property=\"og:url\" content=\"https:\/\/tiandeproducts.co.uk\/pl\/hydrozelowe-platki-do-powiek-algi-organiczne\/\" \/>\n<meta property=\"og:site_name\" content=\"TianDe Online Shop - Beauty &amp; Health\" \/>\n<meta property=\"article:publisher\" content=\"https:\/\/www.facebook.com\/tiande.products.england\/\" \/>\n<meta property=\"article:modified_time\" content=\"2021-02-12T11:44:27+00:00\" \/>\n<meta property=\"og:image\" content=\"https:\/\/tiandeproducts.co.uk\/wp-content\/uploads\/2018\/10\/50115.jpg\" \/>\n\t<meta property=\"og:image:width\" content=\"700\" \/>\n\t<meta property=\"og:image:height\" content=\"700\" \/>\n\t<meta property=\"og:image:type\" content=\"image\/jpeg\" \/>\n<meta name=\"twitter:card\" content=\"summary_large_image\" \/>\n<meta name=\"twitter:label1\" content=\"Szacowany czas czytania\" \/>\n\t<meta name=\"twitter:data1\" content=\"1 minuta\" \/>\n<script type=\"application\/ld+json\" class=\"yoast-schema-graph\">{\"@context\":\"https:\/\/schema.org\",\"@graph\":[{\"@type\":\"WebPage\",\"@id\":\"https:\/\/tiandeproducts.co.uk\/pl\/hydrozelowe-platki-do-powiek-algi-organiczne\/\",\"url\":\"https:\/\/tiandeproducts.co.uk\/pl\/hydrozelowe-platki-do-powiek-algi-organiczne\/\",\"name\":\"Hydro\u017celowe p\u0142atki do powiek \u201eAlgi organiczne\u201c,2 szt. - TianDe Online Shop - Beauty &amp; Health\",\"isPartOf\":{\"@id\":\"https:\/\/tiandeproducts.co.uk\/#website\"},\"primaryImageOfPage\":{\"@id\":\"https:\/\/tiandeproducts.co.uk\/pl\/hydrozelowe-platki-do-powiek-algi-organiczne\/#primaryimage\"},\"image\":{\"@id\":\"https:\/\/tiandeproducts.co.uk\/pl\/hydrozelowe-platki-do-powiek-algi-organiczne\/#primaryimage\"},\"thumbnailUrl\":\"https:\/\/tiandeproducts.co.uk\/wp-content\/uploads\/2018\/10\/50115.jpg\",\"datePublished\":\"2018-10-02T11:05:37+00:00\",\"dateModified\":\"2021-02-12T11:44:27+00:00\",\"breadcrumb\":{\"@id\":\"https:\/\/tiandeproducts.co.uk\/pl\/hydrozelowe-platki-do-powiek-algi-organiczne\/#breadcrumb\"},\"inLanguage\":\"pl-PL\",\"potentialAction\":[{\"@type\":\"ReadAction\",\"target\":[\"https:\/\/tiandeproducts.co.uk\/pl\/hydrozelowe-platki-do-powiek-algi-organiczne\/\"]}]},{\"@type\":\"ImageObject\",\"inLanguage\":\"pl-PL\",\"@id\":\"https:\/\/tiandeproducts.co.uk\/pl\/hydrozelowe-platki-do-powiek-algi-organiczne\/#primaryimage\",\"url\":\"https:\/\/tiandeproducts.co.uk\/wp-content\/uploads\/2018\/10\/50115.jpg\",\"contentUrl\":\"https:\/\/tiandeproducts.co.uk\/wp-content\/uploads\/2018\/10\/50115.jpg\",\"width\":700,\"height\":700,\"caption\":\"Organic Seaweed Hydrogel Eye Patches,2pcs-0\"},{\"@type\":\"BreadcrumbList\",\"@id\":\"https:\/\/tiandeproducts.co.uk\/pl\/hydrozelowe-platki-do-powiek-algi-organiczne\/#breadcrumb\",\"itemListElement\":[{\"@type\":\"ListItem\",\"position\":1,\"name\":\"Home\",\"item\":\"https:\/\/tiandeproducts.co.uk\/pl\/\"},{\"@type\":\"ListItem\",\"position\":2,\"name\":\"Shop\",\"item\":\"https:\/\/tiandeproducts.co.uk\/pl\/shop-2\/\"},{\"@type\":\"ListItem\",\"position\":3,\"name\":\"Hydro\u017celowe p\u0142atki do powiek \u201eAlgi organiczne\u201c,2 szt.\"}]},{\"@type\":\"WebSite\",\"@id\":\"https:\/\/tiandeproducts.co.uk\/#website\",\"url\":\"https:\/\/tiandeproducts.co.uk\/\",\"name\":\"TianDe Online Shop - Beauty & Health\",\"description\":\"Traditional Chinese Medicine\",\"potentialAction\":[{\"@type\":\"SearchAction\",\"target\":{\"@type\":\"EntryPoint\",\"urlTemplate\":\"https:\/\/tiandeproducts.co.uk\/?s={search_term_string}\"},\"query-input\":{\"@type\":\"PropertyValueSpecification\",\"valueRequired\":true,\"valueName\":\"search_term_string\"}}],\"inLanguage\":\"pl-PL\"}]}<\/script>\n<!-- \/ Yoast SEO plugin. -->","yoast_head_json":{"title":"Hydro\u017celowe p\u0142atki do powiek \u201eAlgi organiczne\u201c,2 szt. - TianDe Online Shop - Beauty &amp; Health","robots":{"index":"index","follow":"follow","max-snippet":"max-snippet:-1","max-image-preview":"max-image-preview:large","max-video-preview":"max-video-preview:-1"},"canonical":"https:\/\/tiandeproducts.co.uk\/pl\/hydrozelowe-platki-do-powiek-algi-organiczne\/","og_locale":"pl_PL","og_type":"article","og_title":"Hydro\u017celowe p\u0142atki do powiek \u201eAlgi organiczne\u201c,2 szt. - TianDe Online Shop - Beauty &amp; Health","og_description":"\u00a0Earn 4 points worth \u00a30.20 when buying this product Wed\u0142ug statystyki prawie 80% kobiet po 25 roku \u017cycia nie jest zadowolonych ze swojego wygl\u0105du w pierwszych godzinach po przebudzeniu! G\u0142\u00f3wn\u0105 przyczyn\u0105 niezadowolenia s\u0105 worki i obrz\u0119ki pod oczami, kt\u00f3re postarzaj\u0105 i sprawiaj\u0105, \u017ce wygl\u0105damy na zm\u0119czone. Chcesz, aby ranek rozpoczyna\u0142 si\u0119 od pi\u0119knego wygl\u0105du i [...]","og_url":"https:\/\/tiandeproducts.co.uk\/pl\/hydrozelowe-platki-do-powiek-algi-organiczne\/","og_site_name":"TianDe Online Shop - Beauty &amp; Health","article_publisher":"https:\/\/www.facebook.com\/tiande.products.england\/","article_modified_time":"2021-02-12T11:44:27+00:00","og_image":[{"width":700,"height":700,"url":"https:\/\/tiandeproducts.co.uk\/wp-content\/uploads\/2018\/10\/50115.jpg","type":"image\/jpeg"}],"twitter_card":"summary_large_image","twitter_misc":{"Szacowany czas czytania":"1 minuta"},"schema":{"@context":"https:\/\/schema.org","@graph":[{"@type":"WebPage","@id":"https:\/\/tiandeproducts.co.uk\/pl\/hydrozelowe-platki-do-powiek-algi-organiczne\/","url":"https:\/\/tiandeproducts.co.uk\/pl\/hydrozelowe-platki-do-powiek-algi-organiczne\/","name":"Hydro\u017celowe p\u0142atki do powiek \u201eAlgi organiczne\u201c,2 szt. - TianDe Online Shop - Beauty &amp; Health","isPartOf":{"@id":"https:\/\/tiandeproducts.co.uk\/#website"},"primaryImageOfPage":{"@id":"https:\/\/tiandeproducts.co.uk\/pl\/hydrozelowe-platki-do-powiek-algi-organiczne\/#primaryimage"},"image":{"@id":"https:\/\/tiandeproducts.co.uk\/pl\/hydrozelowe-platki-do-powiek-algi-organiczne\/#primaryimage"},"thumbnailUrl":"https:\/\/tiandeproducts.co.uk\/wp-content\/uploads\/2018\/10\/50115.jpg","datePublished":"2018-10-02T11:05:37+00:00","dateModified":"2021-02-12T11:44:27+00:00","breadcrumb":{"@id":"https:\/\/tiandeproducts.co.uk\/pl\/hydrozelowe-platki-do-powiek-algi-organiczne\/#breadcrumb"},"inLanguage":"pl-PL","potentialAction":[{"@type":"ReadAction","target":["https:\/\/tiandeproducts.co.uk\/pl\/hydrozelowe-platki-do-powiek-algi-organiczne\/"]}]},{"@type":"ImageObject","inLanguage":"pl-PL","@id":"https:\/\/tiandeproducts.co.uk\/pl\/hydrozelowe-platki-do-powiek-algi-organiczne\/#primaryimage","url":"https:\/\/tiandeproducts.co.uk\/wp-content\/uploads\/2018\/10\/50115.jpg","contentUrl":"https:\/\/tiandeproducts.co.uk\/wp-content\/uploads\/2018\/10\/50115.jpg","width":700,"height":700,"caption":"Organic Seaweed Hydrogel Eye Patches,2pcs-0"},{"@type":"BreadcrumbList","@id":"https:\/\/tiandeproducts.co.uk\/pl\/hydrozelowe-platki-do-powiek-algi-organiczne\/#breadcrumb","itemListElement":[{"@type":"ListItem","position":1,"name":"Home","item":"https:\/\/tiandeproducts.co.uk\/pl\/"},{"@type":"ListItem","position":2,"name":"Shop","item":"https:\/\/tiandeproducts.co.uk\/pl\/shop-2\/"},{"@type":"ListItem","position":3,"name":"Hydro\u017celowe p\u0142atki do powiek \u201eAlgi organiczne\u201c,2 szt."}]},{"@type":"WebSite","@id":"https:\/\/tiandeproducts.co.uk\/#website","url":"https:\/\/tiandeproducts.co.uk\/","name":"TianDe Online Shop - Beauty & Health","description":"Traditional Chinese Medicine","potentialAction":[{"@type":"SearchAction","target":{"@type":"EntryPoint","urlTemplate":"https:\/\/tiandeproducts.co.uk\/?s={search_term_string}"},"query-input":{"@type":"PropertyValueSpecification","valueRequired":true,"valueName":"search_term_string"}}],"inLanguage":"pl-PL"}]}},"_links":{"self":[{"href":"https:\/\/tiandeproducts.co.uk\/pl\/wp-json\/wp\/v2\/product\/4956","targetHints":{"allow":["GET"]}}],"collection":[{"href":"https:\/\/tiandeproducts.co.uk\/pl\/wp-json\/wp\/v2\/product"}],"about":[{"href":"https:\/\/tiandeproducts.co.uk\/pl\/wp-json\/wp\/v2\/types\/product"}],"replies":[{"embeddable":true,"href":"https:\/\/tiandeproducts.co.uk\/pl\/wp-json\/wp\/v2\/comments?post=4956"}],"wp:featuredmedia":[{"embeddable":true,"href":"https:\/\/tiandeproducts.co.uk\/pl\/wp-json\/wp\/v2\/media\/2067"}],"wp:attachment":[{"href":"https:\/\/tiandeproducts.co.uk\/pl\/wp-json\/wp\/v2\/media?parent=4956"}],"wp:term":[{"taxonomy":"product_cat","embeddable":true,"href":"https:\/\/tiandeproducts.co.uk\/pl\/wp-json\/wp\/v2\/product_cat?post=4956"},{"taxonomy":"product_tag","embeddable":true,"href":"https:\/\/tiandeproducts.co.uk\/pl\/wp-json\/wp\/v2\/product_tag?post=4956"}],"curies":[{"name":"wp","href":"https:\/\/api.w.org\/{rel}","templated":true}]}}