{"id":4953,"date":"2018-09-06T16:34:31","date_gmt":"2018-09-06T15:34:31","guid":{"rendered":"https:\/\/tnd.ontesting.co.uk\/balsam-do-ust4-5g\/"},"modified":"2021-02-12T11:50:19","modified_gmt":"2021-02-12T11:50:19","slug":"balsam-do-ust4-5g","status":"publish","type":"product","link":"https:\/\/tiandeproducts.co.uk\/pl\/balsam-do-ust4-5g\/","title":{"rendered":"Balsam do ust,4.5g"},"content":{"rendered":"<div class=\"description\">\n<p><img decoding=\"async\" style=\"max-width: 16px; margin-right: 5px;\" src=\"https:\/\/tiandeproducts.co.uk\/wp-content\/uploads\/points-green.svg\" \/>\u00a0Earn 6 points worth \u00a30.30 when buying this product<\/p>\n<p>Nasze usta zar\u00f3wno zim\u0105, jak i latem s\u0105 nara\u017cone na wiatr, promienie s\u0142oneczne i r\u00f3\u017cnic\u0119 temperatur&#8230; Rezultatem tego s\u0105 suche i spierzchni\u0119te wargi. Mo\u017cesz ochroni\u0107 usta przed dowoln\u0105 niepogod\u0105!<\/p>\n<p>Balsam do ust Pro Botanic otula je woalk\u0105 starannej piel\u0119gnacji. Wzbogacony naturalnymi olejkami idealnie nawil\u017ca i zmi\u0119kcza usta, likwiduj\u0105c uczucie sucho\u015bci i \u015bci\u0105gni\u0119cia.<\/p>\n<p>To pierwsza pomoc dla suchych i spierzchni\u0119tych ust. Balsam:<br \/>\n&#8211; chroni przed niekorzystnymi warunkami otoczenia;<br \/>\n&#8211; sprzyja gojeniu p\u0119kni\u0119\u0107, walczy z sucho\u015bci\u0105 ust.<\/p>\n<p>Nak\u0142adaj na usta przed ka\u017cdym wyj\u015bciem z domu, a zapomnisz o problemach ze sk\u00f3r\u0105 warg! Je\u015bli Twoje wargi ucierpia\u0142y podczas spotkania z wiatrem i zimnem, pojawi\u0142y si\u0119 na nich p\u0119kni\u0119cia, to balsam szybko je zagoi i doprowadzi do porz\u0105dku, przywracaj\u0105c sk\u00f3rze mi\u0119kko\u015b\u0107 i delikatno\u015b\u0107.<\/p>\n<p>Szczeg\u00f3ln\u0105 zalet\u0105 balsamu jest lekki efekt ch\u0142odz\u0105cy, dzi\u0119ki zawarto\u015bci mentolu. Poczuj ch\u0142\u00f3d na ustach! Nadaj swoim ustom tonus!<\/p>\n<\/div>\n<div class=\"instruction\">\n<p><strong>ZASTOSOWANIE:<\/strong><\/p>\n<p>Na\u0142\u00f3\u017c na sk\u00f3r\u0119 warg przed ka\u017cdym wyj\u015bciem z domu, a tak\u017ce je\u015bli odczuwasz sucho\u015b\u0107 i \u015bci\u0105gni\u0119cie.<\/p>\n<\/div>\n","protected":false},"excerpt":{"rendered":"<p>\u00a0Earn 6 points worth \u00a30.30 when buying this product Nasze usta zar\u00f3wno zim\u0105, jak i latem s\u0105 nara\u017cone na wiatr, promienie s\u0142oneczne i r\u00f3\u017cnic\u0119 temperatur&#8230; Rezultatem tego s\u0105 suche i spierzchni\u0119te wargi. Mo\u017cesz ochroni\u0107 usta przed dowoln\u0105 niepogod\u0105! Balsam do ust Pro Botanic otula je woalk\u0105 starannej piel\u0119gnacji. Wzbogacony naturalnymi olejkami idealnie nawil\u017ca i zmi\u0119kcza [&#8230;]\n","protected":false},"featured_media":2007,"comment_status":"closed","ping_status":"closed","template":"","meta":[],"product_cat":[858,816,898],"product_tag":[],"class_list":{"0":"post-4953","1":"product","2":"type-product","3":"status-publish","4":"has-post-thumbnail","6":"product_cat-balsamy-do-ust","7":"product_cat-makijaz-pl","8":"product_cat-usta-pl","10":"first","11":"outofstock","12":"shipping-taxable","13":"purchasable","14":"product-type-simple"},"yoast_head":"<!-- This site is optimized with the Yoast SEO plugin v23.6 - https:\/\/yoast.com\/wordpress\/plugins\/seo\/ -->\n<title>Balsam do ust,4.5g - TianDe Online Shop - Beauty &amp; Health<\/title>\n<meta name=\"robots\" content=\"index, follow, max-snippet:-1, max-image-preview:large, max-video-preview:-1\" \/>\n<link rel=\"canonical\" href=\"https:\/\/tiandeproducts.co.uk\/pl\/balsam-do-ust4-5g\/\" \/>\n<meta property=\"og:locale\" content=\"pl_PL\" \/>\n<meta property=\"og:type\" content=\"article\" \/>\n<meta property=\"og:title\" content=\"Balsam do ust,4.5g - TianDe Online Shop - Beauty &amp; Health\" \/>\n<meta property=\"og:description\" content=\"\u00a0Earn 6 points worth \u00a30.30 when buying this product Nasze usta zar\u00f3wno zim\u0105, jak i latem s\u0105 nara\u017cone na wiatr, promienie s\u0142oneczne i r\u00f3\u017cnic\u0119 temperatur&#8230; Rezultatem tego s\u0105 suche i spierzchni\u0119te wargi. Mo\u017cesz ochroni\u0107 usta przed dowoln\u0105 niepogod\u0105! Balsam do ust Pro Botanic otula je woalk\u0105 starannej piel\u0119gnacji. Wzbogacony naturalnymi olejkami idealnie nawil\u017ca i zmi\u0119kcza [...]\" \/>\n<meta property=\"og:url\" content=\"https:\/\/tiandeproducts.co.uk\/pl\/balsam-do-ust4-5g\/\" \/>\n<meta property=\"og:site_name\" content=\"TianDe Online Shop - Beauty &amp; Health\" \/>\n<meta property=\"article:publisher\" content=\"https:\/\/www.facebook.com\/tiande.products.england\/\" \/>\n<meta property=\"article:modified_time\" content=\"2021-02-12T11:50:19+00:00\" \/>\n<meta property=\"og:image\" content=\"https:\/\/tiandeproducts.co.uk\/wp-content\/uploads\/2018\/09\/84713.jpg\" \/>\n\t<meta property=\"og:image:width\" content=\"700\" \/>\n\t<meta property=\"og:image:height\" content=\"700\" \/>\n\t<meta property=\"og:image:type\" content=\"image\/jpeg\" \/>\n<meta name=\"twitter:card\" content=\"summary_large_image\" \/>\n<meta name=\"twitter:label1\" content=\"Szacowany czas czytania\" \/>\n\t<meta name=\"twitter:data1\" content=\"1 minuta\" \/>\n<script type=\"application\/ld+json\" class=\"yoast-schema-graph\">{\"@context\":\"https:\/\/schema.org\",\"@graph\":[{\"@type\":\"WebPage\",\"@id\":\"https:\/\/tiandeproducts.co.uk\/pl\/balsam-do-ust4-5g\/\",\"url\":\"https:\/\/tiandeproducts.co.uk\/pl\/balsam-do-ust4-5g\/\",\"name\":\"Balsam do ust,4.5g - TianDe Online Shop - Beauty &amp; Health\",\"isPartOf\":{\"@id\":\"https:\/\/tiandeproducts.co.uk\/#website\"},\"primaryImageOfPage\":{\"@id\":\"https:\/\/tiandeproducts.co.uk\/pl\/balsam-do-ust4-5g\/#primaryimage\"},\"image\":{\"@id\":\"https:\/\/tiandeproducts.co.uk\/pl\/balsam-do-ust4-5g\/#primaryimage\"},\"thumbnailUrl\":\"https:\/\/tiandeproducts.co.uk\/wp-content\/uploads\/2018\/09\/84713.jpg\",\"datePublished\":\"2018-09-06T15:34:31+00:00\",\"dateModified\":\"2021-02-12T11:50:19+00:00\",\"breadcrumb\":{\"@id\":\"https:\/\/tiandeproducts.co.uk\/pl\/balsam-do-ust4-5g\/#breadcrumb\"},\"inLanguage\":\"pl-PL\",\"potentialAction\":[{\"@type\":\"ReadAction\",\"target\":[\"https:\/\/tiandeproducts.co.uk\/pl\/balsam-do-ust4-5g\/\"]}]},{\"@type\":\"ImageObject\",\"inLanguage\":\"pl-PL\",\"@id\":\"https:\/\/tiandeproducts.co.uk\/pl\/balsam-do-ust4-5g\/#primaryimage\",\"url\":\"https:\/\/tiandeproducts.co.uk\/wp-content\/uploads\/2018\/09\/84713.jpg\",\"contentUrl\":\"https:\/\/tiandeproducts.co.uk\/wp-content\/uploads\/2018\/09\/84713.jpg\",\"width\":700,\"height\":700,\"caption\":\"\\\"Pro Botanic\\\" Lip Balm, 4.5g-0\"},{\"@type\":\"BreadcrumbList\",\"@id\":\"https:\/\/tiandeproducts.co.uk\/pl\/balsam-do-ust4-5g\/#breadcrumb\",\"itemListElement\":[{\"@type\":\"ListItem\",\"position\":1,\"name\":\"Home\",\"item\":\"https:\/\/tiandeproducts.co.uk\/pl\/\"},{\"@type\":\"ListItem\",\"position\":2,\"name\":\"Shop\",\"item\":\"https:\/\/tiandeproducts.co.uk\/pl\/shop-2\/\"},{\"@type\":\"ListItem\",\"position\":3,\"name\":\"Balsam do ust,4.5g\"}]},{\"@type\":\"WebSite\",\"@id\":\"https:\/\/tiandeproducts.co.uk\/#website\",\"url\":\"https:\/\/tiandeproducts.co.uk\/\",\"name\":\"TianDe Online Shop - Beauty & Health\",\"description\":\"Traditional Chinese Medicine\",\"potentialAction\":[{\"@type\":\"SearchAction\",\"target\":{\"@type\":\"EntryPoint\",\"urlTemplate\":\"https:\/\/tiandeproducts.co.uk\/?s={search_term_string}\"},\"query-input\":{\"@type\":\"PropertyValueSpecification\",\"valueRequired\":true,\"valueName\":\"search_term_string\"}}],\"inLanguage\":\"pl-PL\"}]}<\/script>\n<!-- \/ Yoast SEO plugin. -->","yoast_head_json":{"title":"Balsam do ust,4.5g - TianDe Online Shop - Beauty &amp; Health","robots":{"index":"index","follow":"follow","max-snippet":"max-snippet:-1","max-image-preview":"max-image-preview:large","max-video-preview":"max-video-preview:-1"},"canonical":"https:\/\/tiandeproducts.co.uk\/pl\/balsam-do-ust4-5g\/","og_locale":"pl_PL","og_type":"article","og_title":"Balsam do ust,4.5g - TianDe Online Shop - Beauty &amp; Health","og_description":"\u00a0Earn 6 points worth \u00a30.30 when buying this product Nasze usta zar\u00f3wno zim\u0105, jak i latem s\u0105 nara\u017cone na wiatr, promienie s\u0142oneczne i r\u00f3\u017cnic\u0119 temperatur&#8230; Rezultatem tego s\u0105 suche i spierzchni\u0119te wargi. Mo\u017cesz ochroni\u0107 usta przed dowoln\u0105 niepogod\u0105! Balsam do ust Pro Botanic otula je woalk\u0105 starannej piel\u0119gnacji. Wzbogacony naturalnymi olejkami idealnie nawil\u017ca i zmi\u0119kcza [...]","og_url":"https:\/\/tiandeproducts.co.uk\/pl\/balsam-do-ust4-5g\/","og_site_name":"TianDe Online Shop - Beauty &amp; Health","article_publisher":"https:\/\/www.facebook.com\/tiande.products.england\/","article_modified_time":"2021-02-12T11:50:19+00:00","og_image":[{"width":700,"height":700,"url":"https:\/\/tiandeproducts.co.uk\/wp-content\/uploads\/2018\/09\/84713.jpg","type":"image\/jpeg"}],"twitter_card":"summary_large_image","twitter_misc":{"Szacowany czas czytania":"1 minuta"},"schema":{"@context":"https:\/\/schema.org","@graph":[{"@type":"WebPage","@id":"https:\/\/tiandeproducts.co.uk\/pl\/balsam-do-ust4-5g\/","url":"https:\/\/tiandeproducts.co.uk\/pl\/balsam-do-ust4-5g\/","name":"Balsam do ust,4.5g - TianDe Online Shop - Beauty &amp; Health","isPartOf":{"@id":"https:\/\/tiandeproducts.co.uk\/#website"},"primaryImageOfPage":{"@id":"https:\/\/tiandeproducts.co.uk\/pl\/balsam-do-ust4-5g\/#primaryimage"},"image":{"@id":"https:\/\/tiandeproducts.co.uk\/pl\/balsam-do-ust4-5g\/#primaryimage"},"thumbnailUrl":"https:\/\/tiandeproducts.co.uk\/wp-content\/uploads\/2018\/09\/84713.jpg","datePublished":"2018-09-06T15:34:31+00:00","dateModified":"2021-02-12T11:50:19+00:00","breadcrumb":{"@id":"https:\/\/tiandeproducts.co.uk\/pl\/balsam-do-ust4-5g\/#breadcrumb"},"inLanguage":"pl-PL","potentialAction":[{"@type":"ReadAction","target":["https:\/\/tiandeproducts.co.uk\/pl\/balsam-do-ust4-5g\/"]}]},{"@type":"ImageObject","inLanguage":"pl-PL","@id":"https:\/\/tiandeproducts.co.uk\/pl\/balsam-do-ust4-5g\/#primaryimage","url":"https:\/\/tiandeproducts.co.uk\/wp-content\/uploads\/2018\/09\/84713.jpg","contentUrl":"https:\/\/tiandeproducts.co.uk\/wp-content\/uploads\/2018\/09\/84713.jpg","width":700,"height":700,"caption":"\"Pro Botanic\" Lip Balm, 4.5g-0"},{"@type":"BreadcrumbList","@id":"https:\/\/tiandeproducts.co.uk\/pl\/balsam-do-ust4-5g\/#breadcrumb","itemListElement":[{"@type":"ListItem","position":1,"name":"Home","item":"https:\/\/tiandeproducts.co.uk\/pl\/"},{"@type":"ListItem","position":2,"name":"Shop","item":"https:\/\/tiandeproducts.co.uk\/pl\/shop-2\/"},{"@type":"ListItem","position":3,"name":"Balsam do ust,4.5g"}]},{"@type":"WebSite","@id":"https:\/\/tiandeproducts.co.uk\/#website","url":"https:\/\/tiandeproducts.co.uk\/","name":"TianDe Online Shop - Beauty & Health","description":"Traditional Chinese Medicine","potentialAction":[{"@type":"SearchAction","target":{"@type":"EntryPoint","urlTemplate":"https:\/\/tiandeproducts.co.uk\/?s={search_term_string}"},"query-input":{"@type":"PropertyValueSpecification","valueRequired":true,"valueName":"search_term_string"}}],"inLanguage":"pl-PL"}]}},"_links":{"self":[{"href":"https:\/\/tiandeproducts.co.uk\/pl\/wp-json\/wp\/v2\/product\/4953","targetHints":{"allow":["GET"]}}],"collection":[{"href":"https:\/\/tiandeproducts.co.uk\/pl\/wp-json\/wp\/v2\/product"}],"about":[{"href":"https:\/\/tiandeproducts.co.uk\/pl\/wp-json\/wp\/v2\/types\/product"}],"replies":[{"embeddable":true,"href":"https:\/\/tiandeproducts.co.uk\/pl\/wp-json\/wp\/v2\/comments?post=4953"}],"wp:featuredmedia":[{"embeddable":true,"href":"https:\/\/tiandeproducts.co.uk\/pl\/wp-json\/wp\/v2\/media\/2007"}],"wp:attachment":[{"href":"https:\/\/tiandeproducts.co.uk\/pl\/wp-json\/wp\/v2\/media?parent=4953"}],"wp:term":[{"taxonomy":"product_cat","embeddable":true,"href":"https:\/\/tiandeproducts.co.uk\/pl\/wp-json\/wp\/v2\/product_cat?post=4953"},{"taxonomy":"product_tag","embeddable":true,"href":"https:\/\/tiandeproducts.co.uk\/pl\/wp-json\/wp\/v2\/product_tag?post=4953"}],"curies":[{"name":"wp","href":"https:\/\/api.w.org\/{rel}","templated":true}]}}