{"id":4944,"date":"2016-04-21T18:21:00","date_gmt":"2016-04-21T17:21:00","guid":{"rendered":"https:\/\/tnd.ontesting.co.uk\/ekstra-nawilzajacy-przeciwzmarszczkowy-zel-eliksir-do-twarzy-botoluxe40g\/"},"modified":"2021-02-25T12:22:08","modified_gmt":"2021-02-25T12:22:08","slug":"ekstra-nawilzajacy-przeciwzmarszczkowy-zel-eliksir-do-twarzy-botoluxe40g","status":"publish","type":"product","link":"https:\/\/tiandeproducts.co.uk\/pl\/ekstra-nawilzajacy-przeciwzmarszczkowy-zel-eliksir-do-twarzy-botoluxe40g\/","title":{"rendered":"Ekstra-nawil\u017caj\u0105cy przeciwzmarszczkowy \u017cel- eliksir do twarzy \u201cBotoluxe\u201d,40g"},"content":{"rendered":"<div class=\"description\">\n<p><img decoding=\"async\" style=\"max-width: 16px; margin-right: 5px;\" src=\"https:\/\/tiandeproducts.co.uk\/wp-content\/uploads\/points-green.svg\" \/>\u00a0Earn 18 points worth \u00a30.90 when buying this product<\/p>\n<p>\u017bel posiada wysokie st\u0119\u017cenie sk\u0142adnik\u00f3w nawil\u017caj\u0105cych i piel\u0119gnuj\u0105cych, kt\u00f3re znajduj\u0105 si\u0119 zar\u00f3wno w samym \u017celu (witaminy E i B3, trehaloza, hialuronian sodu), jak i we w\u0142\u00f3knach nawil\u017caj\u0105cych (wyci\u0105g z jedwabiu, aloes, portulaka, trehaloza).<\/p>\n<p>Dlatego te\u017c eliksir TianDe zapewnia sk\u00f3rze twarzy d\u0142ugotrwa\u0142e, intensywne nawil\u017cenie i wzmacnia p\u0142aszcz hydrolipidowy, a tak\u017ce regeneruje jej mikrostruktur\u0119. Wype\u0142niaj\u0105c przestrze\u0144 w kom\u00f3rkach sk\u00f3ry, aktywne sk\u0142adniki \u017celu &#8222;wypychaj\u0105&#8221; zmarszczki od wewn\u0105trz, czyni\u0105c j\u0105 g\u0142adk\u0105, spr\u0119\u017cyst\u0105 i elastyczn\u0105.<\/p>\n<p>Dodatkowo, srebrne mikrocz\u0105steczki \u017celu nadaj\u0105 sk\u00f3rze twarzy promienny blask, rozpraszaj\u0105c padaj\u0105ce na ni\u0105 \u015bwiat\u0142o.<\/p>\n<\/div>\n<div class=\"instruction\">\n<p><strong>ZASTOSOWANIE:<\/strong><\/p>\n<p>Okr\u0119\u017cnymi ruchami na\u0142o\u017cy\u0107 niewielk\u0105 ilo\u015b\u0107 kremu na oczyszczon\u0105 sk\u00f3r\u0119 twarzy i szyi, omijaj\u0105c okolice oczu.<\/p>\n<\/div>\n","protected":false},"excerpt":{"rendered":"<p>\u00a0Earn 18 points worth \u00a30.90 when buying this product \u017bel posiada wysokie st\u0119\u017cenie sk\u0142adnik\u00f3w nawil\u017caj\u0105cych i piel\u0119gnuj\u0105cych, kt\u00f3re znajduj\u0105 si\u0119 zar\u00f3wno w samym \u017celu (witaminy E i B3, trehaloza, hialuronian sodu), jak i we w\u0142\u00f3knach nawil\u017caj\u0105cych (wyci\u0105g z jedwabiu, aloes, portulaka, trehaloza). Dlatego te\u017c eliksir TianDe zapewnia sk\u00f3rze twarzy d\u0142ugotrwa\u0142e, intensywne nawil\u017cenie i wzmacnia p\u0142aszcz [&#8230;]\n","protected":false},"featured_media":1243,"comment_status":"closed","ping_status":"closed","template":"","meta":[],"product_cat":[530,746,754,901,750],"product_tag":[],"class_list":{"0":"post-4944","1":"product","2":"type-product","3":"status-publish","4":"has-post-thumbnail","6":"product_cat-botoluxe-pl","7":"product_cat-do-twarzy","8":"product_cat-nawilzajacy","9":"product_cat-nawodnienie-i-odzywienie","10":"product_cat-odwodniona-skora","12":"first","13":"instock","14":"shipping-taxable","15":"purchasable","16":"product-type-simple"},"yoast_head":"<!-- This site is optimized with the Yoast SEO plugin v23.6 - https:\/\/yoast.com\/wordpress\/plugins\/seo\/ -->\n<title>Ekstra-nawil\u017caj\u0105cy przeciwzmarszczkowy \u017cel- eliksir do twarzy \u201cBotoluxe\u201d,40g - TianDe Online Shop - Beauty &amp; Health<\/title>\n<meta name=\"robots\" content=\"index, follow, max-snippet:-1, max-image-preview:large, max-video-preview:-1\" \/>\n<link rel=\"canonical\" href=\"https:\/\/tiandeproducts.co.uk\/pl\/ekstra-nawilzajacy-przeciwzmarszczkowy-zel-eliksir-do-twarzy-botoluxe40g\/\" \/>\n<meta property=\"og:locale\" content=\"pl_PL\" \/>\n<meta property=\"og:type\" content=\"article\" \/>\n<meta property=\"og:title\" content=\"Ekstra-nawil\u017caj\u0105cy przeciwzmarszczkowy \u017cel- eliksir do twarzy \u201cBotoluxe\u201d,40g - TianDe Online Shop - Beauty &amp; Health\" \/>\n<meta property=\"og:description\" content=\"\u00a0Earn 18 points worth \u00a30.90 when buying this product \u017bel posiada wysokie st\u0119\u017cenie sk\u0142adnik\u00f3w nawil\u017caj\u0105cych i piel\u0119gnuj\u0105cych, kt\u00f3re znajduj\u0105 si\u0119 zar\u00f3wno w samym \u017celu (witaminy E i B3, trehaloza, hialuronian sodu), jak i we w\u0142\u00f3knach nawil\u017caj\u0105cych (wyci\u0105g z jedwabiu, aloes, portulaka, trehaloza). Dlatego te\u017c eliksir TianDe zapewnia sk\u00f3rze twarzy d\u0142ugotrwa\u0142e, intensywne nawil\u017cenie i wzmacnia p\u0142aszcz [...]\" \/>\n<meta property=\"og:url\" content=\"https:\/\/tiandeproducts.co.uk\/pl\/ekstra-nawilzajacy-przeciwzmarszczkowy-zel-eliksir-do-twarzy-botoluxe40g\/\" \/>\n<meta property=\"og:site_name\" content=\"TianDe Online Shop - Beauty &amp; Health\" \/>\n<meta property=\"article:publisher\" content=\"https:\/\/www.facebook.com\/tiande.products.england\/\" \/>\n<meta property=\"article:modified_time\" content=\"2021-02-25T12:22:08+00:00\" \/>\n<meta property=\"og:image\" content=\"https:\/\/tiandeproducts.co.uk\/wp-content\/uploads\/2016\/04\/14803.png\" \/>\n\t<meta property=\"og:image:width\" content=\"700\" \/>\n\t<meta property=\"og:image:height\" content=\"700\" \/>\n\t<meta property=\"og:image:type\" content=\"image\/png\" \/>\n<meta name=\"twitter:card\" content=\"summary_large_image\" \/>\n<meta name=\"twitter:label1\" content=\"Szacowany czas czytania\" \/>\n\t<meta name=\"twitter:data1\" content=\"1 minuta\" \/>\n<script type=\"application\/ld+json\" class=\"yoast-schema-graph\">{\"@context\":\"https:\/\/schema.org\",\"@graph\":[{\"@type\":\"WebPage\",\"@id\":\"https:\/\/tiandeproducts.co.uk\/pl\/ekstra-nawilzajacy-przeciwzmarszczkowy-zel-eliksir-do-twarzy-botoluxe40g\/\",\"url\":\"https:\/\/tiandeproducts.co.uk\/pl\/ekstra-nawilzajacy-przeciwzmarszczkowy-zel-eliksir-do-twarzy-botoluxe40g\/\",\"name\":\"Ekstra-nawil\u017caj\u0105cy przeciwzmarszczkowy \u017cel- eliksir do twarzy \u201cBotoluxe\u201d,40g - TianDe Online Shop - Beauty &amp; Health\",\"isPartOf\":{\"@id\":\"https:\/\/tiandeproducts.co.uk\/#website\"},\"primaryImageOfPage\":{\"@id\":\"https:\/\/tiandeproducts.co.uk\/pl\/ekstra-nawilzajacy-przeciwzmarszczkowy-zel-eliksir-do-twarzy-botoluxe40g\/#primaryimage\"},\"image\":{\"@id\":\"https:\/\/tiandeproducts.co.uk\/pl\/ekstra-nawilzajacy-przeciwzmarszczkowy-zel-eliksir-do-twarzy-botoluxe40g\/#primaryimage\"},\"thumbnailUrl\":\"https:\/\/tiandeproducts.co.uk\/wp-content\/uploads\/2016\/04\/14803.png\",\"datePublished\":\"2016-04-21T17:21:00+00:00\",\"dateModified\":\"2021-02-25T12:22:08+00:00\",\"breadcrumb\":{\"@id\":\"https:\/\/tiandeproducts.co.uk\/pl\/ekstra-nawilzajacy-przeciwzmarszczkowy-zel-eliksir-do-twarzy-botoluxe40g\/#breadcrumb\"},\"inLanguage\":\"pl-PL\",\"potentialAction\":[{\"@type\":\"ReadAction\",\"target\":[\"https:\/\/tiandeproducts.co.uk\/pl\/ekstra-nawilzajacy-przeciwzmarszczkowy-zel-eliksir-do-twarzy-botoluxe40g\/\"]}]},{\"@type\":\"ImageObject\",\"inLanguage\":\"pl-PL\",\"@id\":\"https:\/\/tiandeproducts.co.uk\/pl\/ekstra-nawilzajacy-przeciwzmarszczkowy-zel-eliksir-do-twarzy-botoluxe40g\/#primaryimage\",\"url\":\"https:\/\/tiandeproducts.co.uk\/wp-content\/uploads\/2016\/04\/14803.png\",\"contentUrl\":\"https:\/\/tiandeproducts.co.uk\/wp-content\/uploads\/2016\/04\/14803.png\",\"width\":700,\"height\":700,\"caption\":\"Extra-Moisturizing Anti-Wrinkle Face Gel-Elixir,40g-0\"},{\"@type\":\"BreadcrumbList\",\"@id\":\"https:\/\/tiandeproducts.co.uk\/pl\/ekstra-nawilzajacy-przeciwzmarszczkowy-zel-eliksir-do-twarzy-botoluxe40g\/#breadcrumb\",\"itemListElement\":[{\"@type\":\"ListItem\",\"position\":1,\"name\":\"Home\",\"item\":\"https:\/\/tiandeproducts.co.uk\/pl\/\"},{\"@type\":\"ListItem\",\"position\":2,\"name\":\"Shop\",\"item\":\"https:\/\/tiandeproducts.co.uk\/pl\/shop-2\/\"},{\"@type\":\"ListItem\",\"position\":3,\"name\":\"Ekstra-nawil\u017caj\u0105cy przeciwzmarszczkowy \u017cel- eliksir do twarzy \u201cBotoluxe\u201d,40g\"}]},{\"@type\":\"WebSite\",\"@id\":\"https:\/\/tiandeproducts.co.uk\/#website\",\"url\":\"https:\/\/tiandeproducts.co.uk\/\",\"name\":\"TianDe Online Shop - Beauty & Health\",\"description\":\"Traditional Chinese Medicine\",\"potentialAction\":[{\"@type\":\"SearchAction\",\"target\":{\"@type\":\"EntryPoint\",\"urlTemplate\":\"https:\/\/tiandeproducts.co.uk\/?s={search_term_string}\"},\"query-input\":{\"@type\":\"PropertyValueSpecification\",\"valueRequired\":true,\"valueName\":\"search_term_string\"}}],\"inLanguage\":\"pl-PL\"}]}<\/script>\n<!-- \/ Yoast SEO plugin. -->","yoast_head_json":{"title":"Ekstra-nawil\u017caj\u0105cy przeciwzmarszczkowy \u017cel- eliksir do twarzy \u201cBotoluxe\u201d,40g - TianDe Online Shop - Beauty &amp; Health","robots":{"index":"index","follow":"follow","max-snippet":"max-snippet:-1","max-image-preview":"max-image-preview:large","max-video-preview":"max-video-preview:-1"},"canonical":"https:\/\/tiandeproducts.co.uk\/pl\/ekstra-nawilzajacy-przeciwzmarszczkowy-zel-eliksir-do-twarzy-botoluxe40g\/","og_locale":"pl_PL","og_type":"article","og_title":"Ekstra-nawil\u017caj\u0105cy przeciwzmarszczkowy \u017cel- eliksir do twarzy \u201cBotoluxe\u201d,40g - TianDe Online Shop - Beauty &amp; Health","og_description":"\u00a0Earn 18 points worth \u00a30.90 when buying this product \u017bel posiada wysokie st\u0119\u017cenie sk\u0142adnik\u00f3w nawil\u017caj\u0105cych i piel\u0119gnuj\u0105cych, kt\u00f3re znajduj\u0105 si\u0119 zar\u00f3wno w samym \u017celu (witaminy E i B3, trehaloza, hialuronian sodu), jak i we w\u0142\u00f3knach nawil\u017caj\u0105cych (wyci\u0105g z jedwabiu, aloes, portulaka, trehaloza). Dlatego te\u017c eliksir TianDe zapewnia sk\u00f3rze twarzy d\u0142ugotrwa\u0142e, intensywne nawil\u017cenie i wzmacnia p\u0142aszcz [...]","og_url":"https:\/\/tiandeproducts.co.uk\/pl\/ekstra-nawilzajacy-przeciwzmarszczkowy-zel-eliksir-do-twarzy-botoluxe40g\/","og_site_name":"TianDe Online Shop - Beauty &amp; Health","article_publisher":"https:\/\/www.facebook.com\/tiande.products.england\/","article_modified_time":"2021-02-25T12:22:08+00:00","og_image":[{"width":700,"height":700,"url":"https:\/\/tiandeproducts.co.uk\/wp-content\/uploads\/2016\/04\/14803.png","type":"image\/png"}],"twitter_card":"summary_large_image","twitter_misc":{"Szacowany czas czytania":"1 minuta"},"schema":{"@context":"https:\/\/schema.org","@graph":[{"@type":"WebPage","@id":"https:\/\/tiandeproducts.co.uk\/pl\/ekstra-nawilzajacy-przeciwzmarszczkowy-zel-eliksir-do-twarzy-botoluxe40g\/","url":"https:\/\/tiandeproducts.co.uk\/pl\/ekstra-nawilzajacy-przeciwzmarszczkowy-zel-eliksir-do-twarzy-botoluxe40g\/","name":"Ekstra-nawil\u017caj\u0105cy przeciwzmarszczkowy \u017cel- eliksir do twarzy \u201cBotoluxe\u201d,40g - TianDe Online Shop - Beauty &amp; Health","isPartOf":{"@id":"https:\/\/tiandeproducts.co.uk\/#website"},"primaryImageOfPage":{"@id":"https:\/\/tiandeproducts.co.uk\/pl\/ekstra-nawilzajacy-przeciwzmarszczkowy-zel-eliksir-do-twarzy-botoluxe40g\/#primaryimage"},"image":{"@id":"https:\/\/tiandeproducts.co.uk\/pl\/ekstra-nawilzajacy-przeciwzmarszczkowy-zel-eliksir-do-twarzy-botoluxe40g\/#primaryimage"},"thumbnailUrl":"https:\/\/tiandeproducts.co.uk\/wp-content\/uploads\/2016\/04\/14803.png","datePublished":"2016-04-21T17:21:00+00:00","dateModified":"2021-02-25T12:22:08+00:00","breadcrumb":{"@id":"https:\/\/tiandeproducts.co.uk\/pl\/ekstra-nawilzajacy-przeciwzmarszczkowy-zel-eliksir-do-twarzy-botoluxe40g\/#breadcrumb"},"inLanguage":"pl-PL","potentialAction":[{"@type":"ReadAction","target":["https:\/\/tiandeproducts.co.uk\/pl\/ekstra-nawilzajacy-przeciwzmarszczkowy-zel-eliksir-do-twarzy-botoluxe40g\/"]}]},{"@type":"ImageObject","inLanguage":"pl-PL","@id":"https:\/\/tiandeproducts.co.uk\/pl\/ekstra-nawilzajacy-przeciwzmarszczkowy-zel-eliksir-do-twarzy-botoluxe40g\/#primaryimage","url":"https:\/\/tiandeproducts.co.uk\/wp-content\/uploads\/2016\/04\/14803.png","contentUrl":"https:\/\/tiandeproducts.co.uk\/wp-content\/uploads\/2016\/04\/14803.png","width":700,"height":700,"caption":"Extra-Moisturizing Anti-Wrinkle Face Gel-Elixir,40g-0"},{"@type":"BreadcrumbList","@id":"https:\/\/tiandeproducts.co.uk\/pl\/ekstra-nawilzajacy-przeciwzmarszczkowy-zel-eliksir-do-twarzy-botoluxe40g\/#breadcrumb","itemListElement":[{"@type":"ListItem","position":1,"name":"Home","item":"https:\/\/tiandeproducts.co.uk\/pl\/"},{"@type":"ListItem","position":2,"name":"Shop","item":"https:\/\/tiandeproducts.co.uk\/pl\/shop-2\/"},{"@type":"ListItem","position":3,"name":"Ekstra-nawil\u017caj\u0105cy przeciwzmarszczkowy \u017cel- eliksir do twarzy \u201cBotoluxe\u201d,40g"}]},{"@type":"WebSite","@id":"https:\/\/tiandeproducts.co.uk\/#website","url":"https:\/\/tiandeproducts.co.uk\/","name":"TianDe Online Shop - Beauty & Health","description":"Traditional Chinese Medicine","potentialAction":[{"@type":"SearchAction","target":{"@type":"EntryPoint","urlTemplate":"https:\/\/tiandeproducts.co.uk\/?s={search_term_string}"},"query-input":{"@type":"PropertyValueSpecification","valueRequired":true,"valueName":"search_term_string"}}],"inLanguage":"pl-PL"}]}},"_links":{"self":[{"href":"https:\/\/tiandeproducts.co.uk\/pl\/wp-json\/wp\/v2\/product\/4944","targetHints":{"allow":["GET"]}}],"collection":[{"href":"https:\/\/tiandeproducts.co.uk\/pl\/wp-json\/wp\/v2\/product"}],"about":[{"href":"https:\/\/tiandeproducts.co.uk\/pl\/wp-json\/wp\/v2\/types\/product"}],"replies":[{"embeddable":true,"href":"https:\/\/tiandeproducts.co.uk\/pl\/wp-json\/wp\/v2\/comments?post=4944"}],"wp:featuredmedia":[{"embeddable":true,"href":"https:\/\/tiandeproducts.co.uk\/pl\/wp-json\/wp\/v2\/media\/1243"}],"wp:attachment":[{"href":"https:\/\/tiandeproducts.co.uk\/pl\/wp-json\/wp\/v2\/media?parent=4944"}],"wp:term":[{"taxonomy":"product_cat","embeddable":true,"href":"https:\/\/tiandeproducts.co.uk\/pl\/wp-json\/wp\/v2\/product_cat?post=4944"},{"taxonomy":"product_tag","embeddable":true,"href":"https:\/\/tiandeproducts.co.uk\/pl\/wp-json\/wp\/v2\/product_tag?post=4944"}],"curies":[{"name":"wp","href":"https:\/\/api.w.org\/{rel}","templated":true}]}}