{"id":4937,"date":"2017-04-01T13:40:59","date_gmt":"2017-04-01T12:40:59","guid":{"rendered":"https:\/\/tnd.ontesting.co.uk\/ultradelikatny-zel-czyszczacy\/"},"modified":"2021-02-12T12:54:21","modified_gmt":"2021-02-12T12:54:21","slug":"ultradelikatny-zel-czyszczacy","status":"publish","type":"product","link":"https:\/\/tiandeproducts.co.uk\/pl\/ultradelikatny-zel-czyszczacy\/","title":{"rendered":"Ultradelikatny \u017cel czyszcz\u0105cy,120g"},"content":{"rendered":"<div class=\"description\">\n<p><img decoding=\"async\" style=\"max-width: 16px; margin-right: 5px;\" src=\"https:\/\/tiandeproducts.co.uk\/wp-content\/uploads\/points-green.svg\" \/>\u00a0Earn 8 points worth \u00a30.40 when buying this product<\/p>\n<p>\u017bel skutecznie oczyszcza cer\u0119, usuwa zanieczyszczenia i t\u0142usty po\u0142ysk, dzia\u0142a przy tym delikatnie, nie pozostawiaj\u0105c uczucia \u015bci\u0105gni\u0119cia i sucho\u015bci.<\/p>\n<p>Wyci\u0105g z li\u015bci chi\u0144skiej kamelii w sk\u0142adzie kosmetyku jako naturalny sk\u0142adnik poch\u0142aniaj\u0105cy promieniowanie UV chroni kom\u00f3rki przed negatywnym oddzia\u0142ywaniem promieni s\u0142onecznych i zapewnia ochron\u0119 przed utlenianiem.<\/p>\n<p>Mo\u017cna stosowa\u0107 do wszystkich typ\u00f3w cery.<\/p>\n<\/div>\n<div class=\"instruction\">\n<p><strong>ZASTOSOWANIE:<\/strong><\/p>\n<p>Niewielk\u0105 ilo\u015b\u0107 \u017celu zmiesza\u0107 w d\u0142oniach z ciep\u0142\u0105 wod\u0105. Nanie\u015b\u0107 na twarz masuj\u0105cymi ruchami i dok\u0142adnie zmy\u0107.<\/p>\n<\/div>\n","protected":false},"excerpt":{"rendered":"<p>\u00a0Earn 8 points worth \u00a30.40 when buying this product \u017bel skutecznie oczyszcza cer\u0119, usuwa zanieczyszczenia i t\u0142usty po\u0142ysk, dzia\u0142a przy tym delikatnie, nie pozostawiaj\u0105c uczucia \u015bci\u0105gni\u0119cia i sucho\u015bci. Wyci\u0105g z li\u015bci chi\u0144skiej kamelii w sk\u0142adzie kosmetyku jako naturalny sk\u0142adnik poch\u0142aniaj\u0105cy promieniowanie UV chroni kom\u00f3rki przed negatywnym oddzia\u0142ywaniem promieni s\u0142onecznych i zapewnia ochron\u0119 przed utlenianiem. Mo\u017cna [&#8230;]\n","protected":false},"featured_media":1591,"comment_status":"closed","ping_status":"closed","template":"","meta":[],"product_cat":[746,901,581,830,770],"product_tag":[],"class_list":{"0":"post-4937","1":"product","2":"type-product","3":"status-publish","4":"has-post-thumbnail","6":"product_cat-do-twarzy","7":"product_cat-nawodnienie-i-odzywienie","8":"product_cat-phytocode-pl","9":"product_cat-promocje","10":"product_cat-przeciwutleniacze","12":"first","13":"instock","14":"sale","15":"shipping-taxable","16":"purchasable","17":"product-type-simple"},"yoast_head":"<!-- This site is optimized with the Yoast SEO plugin v23.6 - https:\/\/yoast.com\/wordpress\/plugins\/seo\/ -->\n<title>Ultradelikatny \u017cel czyszcz\u0105cy,120g - TianDe Online Shop - Beauty &amp; Health<\/title>\n<meta name=\"robots\" content=\"index, follow, max-snippet:-1, max-image-preview:large, max-video-preview:-1\" \/>\n<link rel=\"canonical\" href=\"https:\/\/tiandeproducts.co.uk\/pl\/ultradelikatny-zel-czyszczacy\/\" \/>\n<meta property=\"og:locale\" content=\"pl_PL\" \/>\n<meta property=\"og:type\" content=\"article\" \/>\n<meta property=\"og:title\" content=\"Ultradelikatny \u017cel czyszcz\u0105cy,120g - TianDe Online Shop - Beauty &amp; Health\" \/>\n<meta property=\"og:description\" content=\"\u00a0Earn 8 points worth \u00a30.40 when buying this product \u017bel skutecznie oczyszcza cer\u0119, usuwa zanieczyszczenia i t\u0142usty po\u0142ysk, dzia\u0142a przy tym delikatnie, nie pozostawiaj\u0105c uczucia \u015bci\u0105gni\u0119cia i sucho\u015bci. Wyci\u0105g z li\u015bci chi\u0144skiej kamelii w sk\u0142adzie kosmetyku jako naturalny sk\u0142adnik poch\u0142aniaj\u0105cy promieniowanie UV chroni kom\u00f3rki przed negatywnym oddzia\u0142ywaniem promieni s\u0142onecznych i zapewnia ochron\u0119 przed utlenianiem. Mo\u017cna [...]\" \/>\n<meta property=\"og:url\" content=\"https:\/\/tiandeproducts.co.uk\/pl\/ultradelikatny-zel-czyszczacy\/\" \/>\n<meta property=\"og:site_name\" content=\"TianDe Online Shop - Beauty &amp; Health\" \/>\n<meta property=\"article:publisher\" content=\"https:\/\/www.facebook.com\/tiande.products.england\/\" \/>\n<meta property=\"article:modified_time\" content=\"2021-02-12T12:54:21+00:00\" \/>\n<meta property=\"og:image\" content=\"https:\/\/tiandeproducts.co.uk\/wp-content\/uploads\/2017\/04\/15204.jpg\" \/>\n\t<meta property=\"og:image:width\" content=\"800\" \/>\n\t<meta property=\"og:image:height\" content=\"800\" \/>\n\t<meta property=\"og:image:type\" content=\"image\/jpeg\" \/>\n<meta name=\"twitter:card\" content=\"summary_large_image\" \/>\n<script type=\"application\/ld+json\" class=\"yoast-schema-graph\">{\"@context\":\"https:\/\/schema.org\",\"@graph\":[{\"@type\":\"WebPage\",\"@id\":\"https:\/\/tiandeproducts.co.uk\/pl\/ultradelikatny-zel-czyszczacy\/\",\"url\":\"https:\/\/tiandeproducts.co.uk\/pl\/ultradelikatny-zel-czyszczacy\/\",\"name\":\"Ultradelikatny \u017cel czyszcz\u0105cy,120g - TianDe Online Shop - Beauty &amp; Health\",\"isPartOf\":{\"@id\":\"https:\/\/tiandeproducts.co.uk\/#website\"},\"primaryImageOfPage\":{\"@id\":\"https:\/\/tiandeproducts.co.uk\/pl\/ultradelikatny-zel-czyszczacy\/#primaryimage\"},\"image\":{\"@id\":\"https:\/\/tiandeproducts.co.uk\/pl\/ultradelikatny-zel-czyszczacy\/#primaryimage\"},\"thumbnailUrl\":\"https:\/\/tiandeproducts.co.uk\/wp-content\/uploads\/2017\/04\/15204.jpg\",\"datePublished\":\"2017-04-01T12:40:59+00:00\",\"dateModified\":\"2021-02-12T12:54:21+00:00\",\"breadcrumb\":{\"@id\":\"https:\/\/tiandeproducts.co.uk\/pl\/ultradelikatny-zel-czyszczacy\/#breadcrumb\"},\"inLanguage\":\"pl-PL\",\"potentialAction\":[{\"@type\":\"ReadAction\",\"target\":[\"https:\/\/tiandeproducts.co.uk\/pl\/ultradelikatny-zel-czyszczacy\/\"]}]},{\"@type\":\"ImageObject\",\"inLanguage\":\"pl-PL\",\"@id\":\"https:\/\/tiandeproducts.co.uk\/pl\/ultradelikatny-zel-czyszczacy\/#primaryimage\",\"url\":\"https:\/\/tiandeproducts.co.uk\/wp-content\/uploads\/2017\/04\/15204.jpg\",\"contentUrl\":\"https:\/\/tiandeproducts.co.uk\/wp-content\/uploads\/2017\/04\/15204.jpg\",\"width\":800,\"height\":800,\"caption\":\"\\\"Phytocode\\\" Ultra Gentle Cleanser,Effectively Removes Skin Dirt,120g-0\"},{\"@type\":\"BreadcrumbList\",\"@id\":\"https:\/\/tiandeproducts.co.uk\/pl\/ultradelikatny-zel-czyszczacy\/#breadcrumb\",\"itemListElement\":[{\"@type\":\"ListItem\",\"position\":1,\"name\":\"Home\",\"item\":\"https:\/\/tiandeproducts.co.uk\/pl\/\"},{\"@type\":\"ListItem\",\"position\":2,\"name\":\"Shop\",\"item\":\"https:\/\/tiandeproducts.co.uk\/pl\/shop-2\/\"},{\"@type\":\"ListItem\",\"position\":3,\"name\":\"Ultradelikatny \u017cel czyszcz\u0105cy,120g\"}]},{\"@type\":\"WebSite\",\"@id\":\"https:\/\/tiandeproducts.co.uk\/#website\",\"url\":\"https:\/\/tiandeproducts.co.uk\/\",\"name\":\"TianDe Online Shop - Beauty & Health\",\"description\":\"Traditional Chinese Medicine\",\"potentialAction\":[{\"@type\":\"SearchAction\",\"target\":{\"@type\":\"EntryPoint\",\"urlTemplate\":\"https:\/\/tiandeproducts.co.uk\/?s={search_term_string}\"},\"query-input\":{\"@type\":\"PropertyValueSpecification\",\"valueRequired\":true,\"valueName\":\"search_term_string\"}}],\"inLanguage\":\"pl-PL\"}]}<\/script>\n<!-- \/ Yoast SEO plugin. -->","yoast_head_json":{"title":"Ultradelikatny \u017cel czyszcz\u0105cy,120g - TianDe Online Shop - Beauty &amp; Health","robots":{"index":"index","follow":"follow","max-snippet":"max-snippet:-1","max-image-preview":"max-image-preview:large","max-video-preview":"max-video-preview:-1"},"canonical":"https:\/\/tiandeproducts.co.uk\/pl\/ultradelikatny-zel-czyszczacy\/","og_locale":"pl_PL","og_type":"article","og_title":"Ultradelikatny \u017cel czyszcz\u0105cy,120g - TianDe Online Shop - Beauty &amp; Health","og_description":"\u00a0Earn 8 points worth \u00a30.40 when buying this product \u017bel skutecznie oczyszcza cer\u0119, usuwa zanieczyszczenia i t\u0142usty po\u0142ysk, dzia\u0142a przy tym delikatnie, nie pozostawiaj\u0105c uczucia \u015bci\u0105gni\u0119cia i sucho\u015bci. Wyci\u0105g z li\u015bci chi\u0144skiej kamelii w sk\u0142adzie kosmetyku jako naturalny sk\u0142adnik poch\u0142aniaj\u0105cy promieniowanie UV chroni kom\u00f3rki przed negatywnym oddzia\u0142ywaniem promieni s\u0142onecznych i zapewnia ochron\u0119 przed utlenianiem. Mo\u017cna [...]","og_url":"https:\/\/tiandeproducts.co.uk\/pl\/ultradelikatny-zel-czyszczacy\/","og_site_name":"TianDe Online Shop - Beauty &amp; Health","article_publisher":"https:\/\/www.facebook.com\/tiande.products.england\/","article_modified_time":"2021-02-12T12:54:21+00:00","og_image":[{"width":800,"height":800,"url":"https:\/\/tiandeproducts.co.uk\/wp-content\/uploads\/2017\/04\/15204.jpg","type":"image\/jpeg"}],"twitter_card":"summary_large_image","schema":{"@context":"https:\/\/schema.org","@graph":[{"@type":"WebPage","@id":"https:\/\/tiandeproducts.co.uk\/pl\/ultradelikatny-zel-czyszczacy\/","url":"https:\/\/tiandeproducts.co.uk\/pl\/ultradelikatny-zel-czyszczacy\/","name":"Ultradelikatny \u017cel czyszcz\u0105cy,120g - TianDe Online Shop - Beauty &amp; Health","isPartOf":{"@id":"https:\/\/tiandeproducts.co.uk\/#website"},"primaryImageOfPage":{"@id":"https:\/\/tiandeproducts.co.uk\/pl\/ultradelikatny-zel-czyszczacy\/#primaryimage"},"image":{"@id":"https:\/\/tiandeproducts.co.uk\/pl\/ultradelikatny-zel-czyszczacy\/#primaryimage"},"thumbnailUrl":"https:\/\/tiandeproducts.co.uk\/wp-content\/uploads\/2017\/04\/15204.jpg","datePublished":"2017-04-01T12:40:59+00:00","dateModified":"2021-02-12T12:54:21+00:00","breadcrumb":{"@id":"https:\/\/tiandeproducts.co.uk\/pl\/ultradelikatny-zel-czyszczacy\/#breadcrumb"},"inLanguage":"pl-PL","potentialAction":[{"@type":"ReadAction","target":["https:\/\/tiandeproducts.co.uk\/pl\/ultradelikatny-zel-czyszczacy\/"]}]},{"@type":"ImageObject","inLanguage":"pl-PL","@id":"https:\/\/tiandeproducts.co.uk\/pl\/ultradelikatny-zel-czyszczacy\/#primaryimage","url":"https:\/\/tiandeproducts.co.uk\/wp-content\/uploads\/2017\/04\/15204.jpg","contentUrl":"https:\/\/tiandeproducts.co.uk\/wp-content\/uploads\/2017\/04\/15204.jpg","width":800,"height":800,"caption":"\"Phytocode\" Ultra Gentle Cleanser,Effectively Removes Skin Dirt,120g-0"},{"@type":"BreadcrumbList","@id":"https:\/\/tiandeproducts.co.uk\/pl\/ultradelikatny-zel-czyszczacy\/#breadcrumb","itemListElement":[{"@type":"ListItem","position":1,"name":"Home","item":"https:\/\/tiandeproducts.co.uk\/pl\/"},{"@type":"ListItem","position":2,"name":"Shop","item":"https:\/\/tiandeproducts.co.uk\/pl\/shop-2\/"},{"@type":"ListItem","position":3,"name":"Ultradelikatny \u017cel czyszcz\u0105cy,120g"}]},{"@type":"WebSite","@id":"https:\/\/tiandeproducts.co.uk\/#website","url":"https:\/\/tiandeproducts.co.uk\/","name":"TianDe Online Shop - Beauty & Health","description":"Traditional Chinese Medicine","potentialAction":[{"@type":"SearchAction","target":{"@type":"EntryPoint","urlTemplate":"https:\/\/tiandeproducts.co.uk\/?s={search_term_string}"},"query-input":{"@type":"PropertyValueSpecification","valueRequired":true,"valueName":"search_term_string"}}],"inLanguage":"pl-PL"}]}},"_links":{"self":[{"href":"https:\/\/tiandeproducts.co.uk\/pl\/wp-json\/wp\/v2\/product\/4937","targetHints":{"allow":["GET"]}}],"collection":[{"href":"https:\/\/tiandeproducts.co.uk\/pl\/wp-json\/wp\/v2\/product"}],"about":[{"href":"https:\/\/tiandeproducts.co.uk\/pl\/wp-json\/wp\/v2\/types\/product"}],"replies":[{"embeddable":true,"href":"https:\/\/tiandeproducts.co.uk\/pl\/wp-json\/wp\/v2\/comments?post=4937"}],"wp:featuredmedia":[{"embeddable":true,"href":"https:\/\/tiandeproducts.co.uk\/pl\/wp-json\/wp\/v2\/media\/1591"}],"wp:attachment":[{"href":"https:\/\/tiandeproducts.co.uk\/pl\/wp-json\/wp\/v2\/media?parent=4937"}],"wp:term":[{"taxonomy":"product_cat","embeddable":true,"href":"https:\/\/tiandeproducts.co.uk\/pl\/wp-json\/wp\/v2\/product_cat?post=4937"},{"taxonomy":"product_tag","embeddable":true,"href":"https:\/\/tiandeproducts.co.uk\/pl\/wp-json\/wp\/v2\/product_tag?post=4937"}],"curies":[{"name":"wp","href":"https:\/\/api.w.org\/{rel}","templated":true}]}}