{"id":4933,"date":"2017-04-01T13:57:29","date_gmt":"2017-04-01T12:57:29","guid":{"rendered":"https:\/\/tnd.ontesting.co.uk\/krem-do-twarzy-z-olejkiem-arganowym50g\/"},"modified":"2021-02-12T12:52:44","modified_gmt":"2021-02-12T12:52:44","slug":"krem-do-twarzy-z-olejkiem-arganowym50g","status":"publish","type":"product","link":"https:\/\/tiandeproducts.co.uk\/pl\/krem-do-twarzy-z-olejkiem-arganowym50g\/","title":{"rendered":"Krem do twarzy z olejkiem arganowym,50g"},"content":{"rendered":"<div class=\"description\">\n<p><img decoding=\"async\" style=\"max-width: 16px; margin-right: 5px;\" src=\"https:\/\/tiandeproducts.co.uk\/wp-content\/uploads\/points-green.svg\" \/>\u00a0Earn 14 points worth \u00a30.70 when buying this product<\/p>\n<p>Krem z serii Phyto Code utrzymuje naturalny poziom nawil\u017cenia sk\u00f3ry, hamuje pojawianie si\u0119 uczucia sucho\u015bci, \u015bci\u0105gni\u0119cia i \u0142uszczenie sk\u00f3ry. Bogaty przeciwutleniaj\u0105cy kompleks wzmacnia funkcje ochronne sk\u00f3ry w warunkach stresu, z\u0142ej ekologii, hamuje powstawanie zmarszczek.<\/p>\n<p>Filtry UV w sk\u0142adzie kosmetyku chroni\u0105 sk\u00f3r\u0119 przed negatywnym wp\u0142ywem promieni s\u0142onecznych, blokuj\u0105c do 85% promieni UV.<\/p>\n<p>Formu\u0142a kremu jest wzbogacona wyci\u0105gami ro\u015blinnymi, witaminami, substancjami nawil\u017caj\u0105cymi podobnymi do tych znajduj\u0105cych si\u0119 w sk\u00f3rze, kt\u00f3re zapewniaj\u0105 jej skuteczn\u0105 codzienn\u0105 piel\u0119gnacj\u0119 i zachowanie m\u0142odego wygl\u0105du. Sk\u0142ad nie zawiera paraben\u00f3w i barwnik\u00f3w.<\/p>\n<\/div>\n<div class=\"instruction\">\n<p><strong>ZASTOSOWANIE:<\/strong><\/p>\n<p>Okr\u0119\u017cnymi ruchami nanie\u015b\u0107 niewielk\u0105 ilo\u015b\u0107 kremu na wcze\u015bniej oczyszczon\u0105 sk\u00f3r\u0119 twarzy i szyi, omijaj\u0105c okolice wok\u00f3\u0142 oczu. Zaleca si\u0119 stosowanie na dzie\u0144 i na noc.<\/p>\n<\/div>\n","protected":false},"excerpt":{"rendered":"<p>\u00a0Earn 14 points worth \u00a30.70 when buying this product Krem z serii Phyto Code utrzymuje naturalny poziom nawil\u017cenia sk\u00f3ry, hamuje pojawianie si\u0119 uczucia sucho\u015bci, \u015bci\u0105gni\u0119cia i \u0142uszczenie sk\u00f3ry. Bogaty przeciwutleniaj\u0105cy kompleks wzmacnia funkcje ochronne sk\u00f3ry w warunkach stresu, z\u0142ej ekologii, hamuje powstawanie zmarszczek. Filtry UV w sk\u0142adzie kosmetyku chroni\u0105 sk\u00f3r\u0119 przed negatywnym wp\u0142ywem promieni s\u0142onecznych, [&#8230;]\n","protected":false},"featured_media":1601,"comment_status":"closed","ping_status":"closed","template":"","meta":[],"product_cat":[746,754,901,581,876,770],"product_tag":[],"class_list":{"0":"post-4933","1":"product","2":"type-product","3":"status-publish","4":"has-post-thumbnail","6":"product_cat-do-twarzy","7":"product_cat-nawilzajacy","8":"product_cat-nawodnienie-i-odzywienie","9":"product_cat-phytocode-pl","10":"product_cat-pielegnacja-anti-aging","11":"product_cat-przeciwutleniacze","13":"first","14":"outofstock","15":"shipping-taxable","16":"purchasable","17":"product-type-simple"},"yoast_head":"<!-- This site is optimized with the Yoast SEO plugin v23.6 - https:\/\/yoast.com\/wordpress\/plugins\/seo\/ -->\n<title>Krem do twarzy z olejkiem arganowym,50g - TianDe Online Shop - Beauty &amp; Health<\/title>\n<meta name=\"robots\" content=\"index, follow, max-snippet:-1, max-image-preview:large, max-video-preview:-1\" \/>\n<link rel=\"canonical\" href=\"https:\/\/tiandeproducts.co.uk\/pl\/krem-do-twarzy-z-olejkiem-arganowym50g\/\" \/>\n<meta property=\"og:locale\" content=\"pl_PL\" \/>\n<meta property=\"og:type\" content=\"article\" \/>\n<meta property=\"og:title\" content=\"Krem do twarzy z olejkiem arganowym,50g - TianDe Online Shop - Beauty &amp; Health\" \/>\n<meta property=\"og:description\" content=\"\u00a0Earn 14 points worth \u00a30.70 when buying this product Krem z serii Phyto Code utrzymuje naturalny poziom nawil\u017cenia sk\u00f3ry, hamuje pojawianie si\u0119 uczucia sucho\u015bci, \u015bci\u0105gni\u0119cia i \u0142uszczenie sk\u00f3ry. Bogaty przeciwutleniaj\u0105cy kompleks wzmacnia funkcje ochronne sk\u00f3ry w warunkach stresu, z\u0142ej ekologii, hamuje powstawanie zmarszczek. Filtry UV w sk\u0142adzie kosmetyku chroni\u0105 sk\u00f3r\u0119 przed negatywnym wp\u0142ywem promieni s\u0142onecznych, [...]\" \/>\n<meta property=\"og:url\" content=\"https:\/\/tiandeproducts.co.uk\/pl\/krem-do-twarzy-z-olejkiem-arganowym50g\/\" \/>\n<meta property=\"og:site_name\" content=\"TianDe Online Shop - Beauty &amp; Health\" \/>\n<meta property=\"article:publisher\" content=\"https:\/\/www.facebook.com\/tiande.products.england\/\" \/>\n<meta property=\"article:modified_time\" content=\"2021-02-12T12:52:44+00:00\" \/>\n<meta property=\"og:image\" content=\"https:\/\/tiandeproducts.co.uk\/wp-content\/uploads\/2017\/04\/15202.jpg\" \/>\n\t<meta property=\"og:image:width\" content=\"800\" \/>\n\t<meta property=\"og:image:height\" content=\"800\" \/>\n\t<meta property=\"og:image:type\" content=\"image\/jpeg\" \/>\n<meta name=\"twitter:card\" content=\"summary_large_image\" \/>\n<meta name=\"twitter:label1\" content=\"Szacowany czas czytania\" \/>\n\t<meta name=\"twitter:data1\" content=\"1 minuta\" \/>\n<script type=\"application\/ld+json\" class=\"yoast-schema-graph\">{\"@context\":\"https:\/\/schema.org\",\"@graph\":[{\"@type\":\"WebPage\",\"@id\":\"https:\/\/tiandeproducts.co.uk\/pl\/krem-do-twarzy-z-olejkiem-arganowym50g\/\",\"url\":\"https:\/\/tiandeproducts.co.uk\/pl\/krem-do-twarzy-z-olejkiem-arganowym50g\/\",\"name\":\"Krem do twarzy z olejkiem arganowym,50g - TianDe Online Shop - Beauty &amp; Health\",\"isPartOf\":{\"@id\":\"https:\/\/tiandeproducts.co.uk\/#website\"},\"primaryImageOfPage\":{\"@id\":\"https:\/\/tiandeproducts.co.uk\/pl\/krem-do-twarzy-z-olejkiem-arganowym50g\/#primaryimage\"},\"image\":{\"@id\":\"https:\/\/tiandeproducts.co.uk\/pl\/krem-do-twarzy-z-olejkiem-arganowym50g\/#primaryimage\"},\"thumbnailUrl\":\"https:\/\/tiandeproducts.co.uk\/wp-content\/uploads\/2017\/04\/15202.jpg\",\"datePublished\":\"2017-04-01T12:57:29+00:00\",\"dateModified\":\"2021-02-12T12:52:44+00:00\",\"breadcrumb\":{\"@id\":\"https:\/\/tiandeproducts.co.uk\/pl\/krem-do-twarzy-z-olejkiem-arganowym50g\/#breadcrumb\"},\"inLanguage\":\"pl-PL\",\"potentialAction\":[{\"@type\":\"ReadAction\",\"target\":[\"https:\/\/tiandeproducts.co.uk\/pl\/krem-do-twarzy-z-olejkiem-arganowym50g\/\"]}]},{\"@type\":\"ImageObject\",\"inLanguage\":\"pl-PL\",\"@id\":\"https:\/\/tiandeproducts.co.uk\/pl\/krem-do-twarzy-z-olejkiem-arganowym50g\/#primaryimage\",\"url\":\"https:\/\/tiandeproducts.co.uk\/wp-content\/uploads\/2017\/04\/15202.jpg\",\"contentUrl\":\"https:\/\/tiandeproducts.co.uk\/wp-content\/uploads\/2017\/04\/15202.jpg\",\"width\":800,\"height\":800,\"caption\":\"\\\"Phytocode\\\" Argan Oil Face Cream 45+ ,SPF 9,2,50g-0\"},{\"@type\":\"BreadcrumbList\",\"@id\":\"https:\/\/tiandeproducts.co.uk\/pl\/krem-do-twarzy-z-olejkiem-arganowym50g\/#breadcrumb\",\"itemListElement\":[{\"@type\":\"ListItem\",\"position\":1,\"name\":\"Home\",\"item\":\"https:\/\/tiandeproducts.co.uk\/pl\/\"},{\"@type\":\"ListItem\",\"position\":2,\"name\":\"Shop\",\"item\":\"https:\/\/tiandeproducts.co.uk\/pl\/shop-2\/\"},{\"@type\":\"ListItem\",\"position\":3,\"name\":\"Krem do twarzy z olejkiem arganowym,50g\"}]},{\"@type\":\"WebSite\",\"@id\":\"https:\/\/tiandeproducts.co.uk\/#website\",\"url\":\"https:\/\/tiandeproducts.co.uk\/\",\"name\":\"TianDe Online Shop - Beauty & Health\",\"description\":\"Traditional Chinese Medicine\",\"potentialAction\":[{\"@type\":\"SearchAction\",\"target\":{\"@type\":\"EntryPoint\",\"urlTemplate\":\"https:\/\/tiandeproducts.co.uk\/?s={search_term_string}\"},\"query-input\":{\"@type\":\"PropertyValueSpecification\",\"valueRequired\":true,\"valueName\":\"search_term_string\"}}],\"inLanguage\":\"pl-PL\"}]}<\/script>\n<!-- \/ Yoast SEO plugin. -->","yoast_head_json":{"title":"Krem do twarzy z olejkiem arganowym,50g - TianDe Online Shop - Beauty &amp; Health","robots":{"index":"index","follow":"follow","max-snippet":"max-snippet:-1","max-image-preview":"max-image-preview:large","max-video-preview":"max-video-preview:-1"},"canonical":"https:\/\/tiandeproducts.co.uk\/pl\/krem-do-twarzy-z-olejkiem-arganowym50g\/","og_locale":"pl_PL","og_type":"article","og_title":"Krem do twarzy z olejkiem arganowym,50g - TianDe Online Shop - Beauty &amp; Health","og_description":"\u00a0Earn 14 points worth \u00a30.70 when buying this product Krem z serii Phyto Code utrzymuje naturalny poziom nawil\u017cenia sk\u00f3ry, hamuje pojawianie si\u0119 uczucia sucho\u015bci, \u015bci\u0105gni\u0119cia i \u0142uszczenie sk\u00f3ry. Bogaty przeciwutleniaj\u0105cy kompleks wzmacnia funkcje ochronne sk\u00f3ry w warunkach stresu, z\u0142ej ekologii, hamuje powstawanie zmarszczek. Filtry UV w sk\u0142adzie kosmetyku chroni\u0105 sk\u00f3r\u0119 przed negatywnym wp\u0142ywem promieni s\u0142onecznych, [...]","og_url":"https:\/\/tiandeproducts.co.uk\/pl\/krem-do-twarzy-z-olejkiem-arganowym50g\/","og_site_name":"TianDe Online Shop - Beauty &amp; Health","article_publisher":"https:\/\/www.facebook.com\/tiande.products.england\/","article_modified_time":"2021-02-12T12:52:44+00:00","og_image":[{"width":800,"height":800,"url":"https:\/\/tiandeproducts.co.uk\/wp-content\/uploads\/2017\/04\/15202.jpg","type":"image\/jpeg"}],"twitter_card":"summary_large_image","twitter_misc":{"Szacowany czas czytania":"1 minuta"},"schema":{"@context":"https:\/\/schema.org","@graph":[{"@type":"WebPage","@id":"https:\/\/tiandeproducts.co.uk\/pl\/krem-do-twarzy-z-olejkiem-arganowym50g\/","url":"https:\/\/tiandeproducts.co.uk\/pl\/krem-do-twarzy-z-olejkiem-arganowym50g\/","name":"Krem do twarzy z olejkiem arganowym,50g - TianDe Online Shop - Beauty &amp; Health","isPartOf":{"@id":"https:\/\/tiandeproducts.co.uk\/#website"},"primaryImageOfPage":{"@id":"https:\/\/tiandeproducts.co.uk\/pl\/krem-do-twarzy-z-olejkiem-arganowym50g\/#primaryimage"},"image":{"@id":"https:\/\/tiandeproducts.co.uk\/pl\/krem-do-twarzy-z-olejkiem-arganowym50g\/#primaryimage"},"thumbnailUrl":"https:\/\/tiandeproducts.co.uk\/wp-content\/uploads\/2017\/04\/15202.jpg","datePublished":"2017-04-01T12:57:29+00:00","dateModified":"2021-02-12T12:52:44+00:00","breadcrumb":{"@id":"https:\/\/tiandeproducts.co.uk\/pl\/krem-do-twarzy-z-olejkiem-arganowym50g\/#breadcrumb"},"inLanguage":"pl-PL","potentialAction":[{"@type":"ReadAction","target":["https:\/\/tiandeproducts.co.uk\/pl\/krem-do-twarzy-z-olejkiem-arganowym50g\/"]}]},{"@type":"ImageObject","inLanguage":"pl-PL","@id":"https:\/\/tiandeproducts.co.uk\/pl\/krem-do-twarzy-z-olejkiem-arganowym50g\/#primaryimage","url":"https:\/\/tiandeproducts.co.uk\/wp-content\/uploads\/2017\/04\/15202.jpg","contentUrl":"https:\/\/tiandeproducts.co.uk\/wp-content\/uploads\/2017\/04\/15202.jpg","width":800,"height":800,"caption":"\"Phytocode\" Argan Oil Face Cream 45+ ,SPF 9,2,50g-0"},{"@type":"BreadcrumbList","@id":"https:\/\/tiandeproducts.co.uk\/pl\/krem-do-twarzy-z-olejkiem-arganowym50g\/#breadcrumb","itemListElement":[{"@type":"ListItem","position":1,"name":"Home","item":"https:\/\/tiandeproducts.co.uk\/pl\/"},{"@type":"ListItem","position":2,"name":"Shop","item":"https:\/\/tiandeproducts.co.uk\/pl\/shop-2\/"},{"@type":"ListItem","position":3,"name":"Krem do twarzy z olejkiem arganowym,50g"}]},{"@type":"WebSite","@id":"https:\/\/tiandeproducts.co.uk\/#website","url":"https:\/\/tiandeproducts.co.uk\/","name":"TianDe Online Shop - Beauty & Health","description":"Traditional Chinese Medicine","potentialAction":[{"@type":"SearchAction","target":{"@type":"EntryPoint","urlTemplate":"https:\/\/tiandeproducts.co.uk\/?s={search_term_string}"},"query-input":{"@type":"PropertyValueSpecification","valueRequired":true,"valueName":"search_term_string"}}],"inLanguage":"pl-PL"}]}},"_links":{"self":[{"href":"https:\/\/tiandeproducts.co.uk\/pl\/wp-json\/wp\/v2\/product\/4933","targetHints":{"allow":["GET"]}}],"collection":[{"href":"https:\/\/tiandeproducts.co.uk\/pl\/wp-json\/wp\/v2\/product"}],"about":[{"href":"https:\/\/tiandeproducts.co.uk\/pl\/wp-json\/wp\/v2\/types\/product"}],"replies":[{"embeddable":true,"href":"https:\/\/tiandeproducts.co.uk\/pl\/wp-json\/wp\/v2\/comments?post=4933"}],"wp:featuredmedia":[{"embeddable":true,"href":"https:\/\/tiandeproducts.co.uk\/pl\/wp-json\/wp\/v2\/media\/1601"}],"wp:attachment":[{"href":"https:\/\/tiandeproducts.co.uk\/pl\/wp-json\/wp\/v2\/media?parent=4933"}],"wp:term":[{"taxonomy":"product_cat","embeddable":true,"href":"https:\/\/tiandeproducts.co.uk\/pl\/wp-json\/wp\/v2\/product_cat?post=4933"},{"taxonomy":"product_tag","embeddable":true,"href":"https:\/\/tiandeproducts.co.uk\/pl\/wp-json\/wp\/v2\/product_tag?post=4933"}],"curies":[{"name":"wp","href":"https:\/\/api.w.org\/{rel}","templated":true}]}}