{"id":4927,"date":"2017-04-01T10:04:03","date_gmt":"2017-04-01T09:04:03","guid":{"rendered":"https:\/\/tnd.ontesting.co.uk\/kremowa-odmladzajaca-maseczka-na-twarz-szyje-i-dekolt80g\/"},"modified":"2021-02-12T12:59:56","modified_gmt":"2021-02-12T12:59:56","slug":"kremowa-odmladzajaca-maseczka-na-twarz-szyje-i-dekolt80g","status":"publish","type":"product","link":"https:\/\/tiandeproducts.co.uk\/pl\/kremowa-odmladzajaca-maseczka-na-twarz-szyje-i-dekolt80g\/","title":{"rendered":"Kremowa odm\u0142adzaj\u0105ca maseczka na twarz, szyj\u0119 i dekolt,80g"},"content":{"rendered":"<div class=\"description\">\n<p><img decoding=\"async\" style=\"max-width: 16px; margin-right: 5px;\" src=\"https:\/\/tiandeproducts.co.uk\/wp-content\/uploads\/points-green.svg\" \/>\u00a0Earn 17 points worth \u00a30.85 when buying this product<\/p>\n<p>Rozpie\u015b\u0107 swoj\u0105 sk\u00f3r\u0119 kremow\u0105 \u015bmietankow\u0105 konsystencj\u0105 przepe\u0142nion\u0105 od\u017cywczymi i odm\u0142adzaj\u0105cymi sk\u0142adnikami&#8230; Rozpie\u015b\u0107 j\u0105 now\u0105 mask\u0105 do twarzy i dekoltu z serii Fucoidan! W zamian podaruje Ci pi\u0119kno i m\u0142odo\u015b\u0107, \u015bwie\u017co\u015b\u0107 i blask, kt\u00f3re b\u0119d\u0105 widoczne bez \u201emaskowania\u201c!<\/p>\n<p>W\u0142\u0105cz przyjemn\u0105 dla ucha muzyk\u0119, na\u0142\u00f3\u017c odm\u0142adzaj\u0105c\u0105 kremow\u0105 mask\u0119, zamknij oczy, zrelaksuj si\u0119 i pozw\u00f3l aktywnym sk\u0142adnikom robi\u0107 swoje! Sk\u0142adniki te wspaniale nawil\u017c\u0105 sk\u00f3r\u0119, odczuwalnie zwi\u0119ksz\u0105 jej tonus i zmniejsz\u0105 widoczno\u015b\u0107 zmarszczek mimicznych.<\/p>\n<p>Gotowe! Po tym zabiegu mo\u017cesz cieszy\u0107 si\u0119 swoim odbiciem lustrze!<\/p>\n<\/div>\n<div class=\"instruction\">\n<p><strong>ZASTOSOWANIE:<\/strong><\/p>\n<p>Na\u0142\u00f3\u017c kremow\u0105 mask\u0119 na oczyszczon\u0105 sk\u00f3r\u0119 twarzy, szyi i dekoltu, omijaj\u0105c okolice oczu. Po 20 minutach usu\u0144 pozosta\u0142o\u015bci maski chusteczk\u0105.<\/p>\n<\/div>\n","protected":false},"excerpt":{"rendered":"<p>\u00a0Earn 17 points worth \u00a30.85 when buying this product Rozpie\u015b\u0107 swoj\u0105 sk\u00f3r\u0119 kremow\u0105 \u015bmietankow\u0105 konsystencj\u0105 przepe\u0142nion\u0105 od\u017cywczymi i odm\u0142adzaj\u0105cymi sk\u0142adnikami&#8230; Rozpie\u015b\u0107 j\u0105 now\u0105 mask\u0105 do twarzy i dekoltu z serii Fucoidan! W zamian podaruje Ci pi\u0119kno i m\u0142odo\u015b\u0107, \u015bwie\u017co\u015b\u0107 i blask, kt\u00f3re b\u0119d\u0105 widoczne bez \u201emaskowania\u201c! W\u0142\u0105cz przyjemn\u0105 dla ucha muzyk\u0119, na\u0142\u00f3\u017c odm\u0142adzaj\u0105c\u0105 kremow\u0105 mask\u0119, [&#8230;]\n","protected":false},"featured_media":1551,"comment_status":"closed","ping_status":"closed","template":"","meta":[],"product_cat":[746,565,866,769,901,753],"product_tag":[],"class_list":{"0":"post-4927","1":"product","2":"type-product","3":"status-publish","4":"has-post-thumbnail","6":"product_cat-do-twarzy","7":"product_cat-fucoidan-pl","8":"product_cat-korekcja-zmarszczek","9":"product_cat-maseczki-na-twarz","10":"product_cat-nawodnienie-i-odzywienie","11":"product_cat-podnoszenie","13":"first","14":"instock","15":"shipping-taxable","16":"purchasable","17":"product-type-simple"},"yoast_head":"<!-- This site is optimized with the Yoast SEO plugin v23.6 - https:\/\/yoast.com\/wordpress\/plugins\/seo\/ -->\n<title>Kremowa odm\u0142adzaj\u0105ca maseczka na twarz, szyj\u0119 i dekolt,80g - TianDe Online Shop - Beauty &amp; Health<\/title>\n<meta name=\"robots\" content=\"index, follow, max-snippet:-1, max-image-preview:large, max-video-preview:-1\" \/>\n<link rel=\"canonical\" href=\"https:\/\/tiandeproducts.co.uk\/pl\/kremowa-odmladzajaca-maseczka-na-twarz-szyje-i-dekolt80g\/\" \/>\n<meta property=\"og:locale\" content=\"pl_PL\" \/>\n<meta property=\"og:type\" content=\"article\" \/>\n<meta property=\"og:title\" content=\"Kremowa odm\u0142adzaj\u0105ca maseczka na twarz, szyj\u0119 i dekolt,80g - TianDe Online Shop - Beauty &amp; Health\" \/>\n<meta property=\"og:description\" content=\"\u00a0Earn 17 points worth \u00a30.85 when buying this product Rozpie\u015b\u0107 swoj\u0105 sk\u00f3r\u0119 kremow\u0105 \u015bmietankow\u0105 konsystencj\u0105 przepe\u0142nion\u0105 od\u017cywczymi i odm\u0142adzaj\u0105cymi sk\u0142adnikami&#8230; Rozpie\u015b\u0107 j\u0105 now\u0105 mask\u0105 do twarzy i dekoltu z serii Fucoidan! W zamian podaruje Ci pi\u0119kno i m\u0142odo\u015b\u0107, \u015bwie\u017co\u015b\u0107 i blask, kt\u00f3re b\u0119d\u0105 widoczne bez \u201emaskowania\u201c! W\u0142\u0105cz przyjemn\u0105 dla ucha muzyk\u0119, na\u0142\u00f3\u017c odm\u0142adzaj\u0105c\u0105 kremow\u0105 mask\u0119, [...]\" \/>\n<meta property=\"og:url\" content=\"https:\/\/tiandeproducts.co.uk\/pl\/kremowa-odmladzajaca-maseczka-na-twarz-szyje-i-dekolt80g\/\" \/>\n<meta property=\"og:site_name\" content=\"TianDe Online Shop - Beauty &amp; Health\" \/>\n<meta property=\"article:publisher\" content=\"https:\/\/www.facebook.com\/tiande.products.england\/\" \/>\n<meta property=\"article:modified_time\" content=\"2021-02-12T12:59:56+00:00\" \/>\n<meta property=\"og:image\" content=\"https:\/\/tiandeproducts.co.uk\/wp-content\/uploads\/2017\/04\/55605.jpg\" \/>\n\t<meta property=\"og:image:width\" content=\"800\" \/>\n\t<meta property=\"og:image:height\" content=\"800\" \/>\n\t<meta property=\"og:image:type\" content=\"image\/jpeg\" \/>\n<meta name=\"twitter:card\" content=\"summary_large_image\" \/>\n<meta name=\"twitter:label1\" content=\"Szacowany czas czytania\" \/>\n\t<meta name=\"twitter:data1\" content=\"1 minuta\" \/>\n<script type=\"application\/ld+json\" class=\"yoast-schema-graph\">{\"@context\":\"https:\/\/schema.org\",\"@graph\":[{\"@type\":\"WebPage\",\"@id\":\"https:\/\/tiandeproducts.co.uk\/pl\/kremowa-odmladzajaca-maseczka-na-twarz-szyje-i-dekolt80g\/\",\"url\":\"https:\/\/tiandeproducts.co.uk\/pl\/kremowa-odmladzajaca-maseczka-na-twarz-szyje-i-dekolt80g\/\",\"name\":\"Kremowa odm\u0142adzaj\u0105ca maseczka na twarz, szyj\u0119 i dekolt,80g - TianDe Online Shop - Beauty &amp; Health\",\"isPartOf\":{\"@id\":\"https:\/\/tiandeproducts.co.uk\/#website\"},\"primaryImageOfPage\":{\"@id\":\"https:\/\/tiandeproducts.co.uk\/pl\/kremowa-odmladzajaca-maseczka-na-twarz-szyje-i-dekolt80g\/#primaryimage\"},\"image\":{\"@id\":\"https:\/\/tiandeproducts.co.uk\/pl\/kremowa-odmladzajaca-maseczka-na-twarz-szyje-i-dekolt80g\/#primaryimage\"},\"thumbnailUrl\":\"https:\/\/tiandeproducts.co.uk\/wp-content\/uploads\/2017\/04\/55605.jpg\",\"datePublished\":\"2017-04-01T09:04:03+00:00\",\"dateModified\":\"2021-02-12T12:59:56+00:00\",\"breadcrumb\":{\"@id\":\"https:\/\/tiandeproducts.co.uk\/pl\/kremowa-odmladzajaca-maseczka-na-twarz-szyje-i-dekolt80g\/#breadcrumb\"},\"inLanguage\":\"pl-PL\",\"potentialAction\":[{\"@type\":\"ReadAction\",\"target\":[\"https:\/\/tiandeproducts.co.uk\/pl\/kremowa-odmladzajaca-maseczka-na-twarz-szyje-i-dekolt80g\/\"]}]},{\"@type\":\"ImageObject\",\"inLanguage\":\"pl-PL\",\"@id\":\"https:\/\/tiandeproducts.co.uk\/pl\/kremowa-odmladzajaca-maseczka-na-twarz-szyje-i-dekolt80g\/#primaryimage\",\"url\":\"https:\/\/tiandeproducts.co.uk\/wp-content\/uploads\/2017\/04\/55605.jpg\",\"contentUrl\":\"https:\/\/tiandeproducts.co.uk\/wp-content\/uploads\/2017\/04\/55605.jpg\",\"width\":800,\"height\":800,\"caption\":\"Face, Neck and D\u00e9colletage Rejuvenating Cream Mask,80 g-0\"},{\"@type\":\"BreadcrumbList\",\"@id\":\"https:\/\/tiandeproducts.co.uk\/pl\/kremowa-odmladzajaca-maseczka-na-twarz-szyje-i-dekolt80g\/#breadcrumb\",\"itemListElement\":[{\"@type\":\"ListItem\",\"position\":1,\"name\":\"Home\",\"item\":\"https:\/\/tiandeproducts.co.uk\/pl\/\"},{\"@type\":\"ListItem\",\"position\":2,\"name\":\"Shop\",\"item\":\"https:\/\/tiandeproducts.co.uk\/pl\/shop-2\/\"},{\"@type\":\"ListItem\",\"position\":3,\"name\":\"Kremowa odm\u0142adzaj\u0105ca maseczka na twarz, szyj\u0119 i dekolt,80g\"}]},{\"@type\":\"WebSite\",\"@id\":\"https:\/\/tiandeproducts.co.uk\/#website\",\"url\":\"https:\/\/tiandeproducts.co.uk\/\",\"name\":\"TianDe Online Shop - Beauty & Health\",\"description\":\"Traditional Chinese Medicine\",\"potentialAction\":[{\"@type\":\"SearchAction\",\"target\":{\"@type\":\"EntryPoint\",\"urlTemplate\":\"https:\/\/tiandeproducts.co.uk\/?s={search_term_string}\"},\"query-input\":{\"@type\":\"PropertyValueSpecification\",\"valueRequired\":true,\"valueName\":\"search_term_string\"}}],\"inLanguage\":\"pl-PL\"}]}<\/script>\n<!-- \/ Yoast SEO plugin. -->","yoast_head_json":{"title":"Kremowa odm\u0142adzaj\u0105ca maseczka na twarz, szyj\u0119 i dekolt,80g - TianDe Online Shop - Beauty &amp; Health","robots":{"index":"index","follow":"follow","max-snippet":"max-snippet:-1","max-image-preview":"max-image-preview:large","max-video-preview":"max-video-preview:-1"},"canonical":"https:\/\/tiandeproducts.co.uk\/pl\/kremowa-odmladzajaca-maseczka-na-twarz-szyje-i-dekolt80g\/","og_locale":"pl_PL","og_type":"article","og_title":"Kremowa odm\u0142adzaj\u0105ca maseczka na twarz, szyj\u0119 i dekolt,80g - TianDe Online Shop - Beauty &amp; Health","og_description":"\u00a0Earn 17 points worth \u00a30.85 when buying this product Rozpie\u015b\u0107 swoj\u0105 sk\u00f3r\u0119 kremow\u0105 \u015bmietankow\u0105 konsystencj\u0105 przepe\u0142nion\u0105 od\u017cywczymi i odm\u0142adzaj\u0105cymi sk\u0142adnikami&#8230; Rozpie\u015b\u0107 j\u0105 now\u0105 mask\u0105 do twarzy i dekoltu z serii Fucoidan! W zamian podaruje Ci pi\u0119kno i m\u0142odo\u015b\u0107, \u015bwie\u017co\u015b\u0107 i blask, kt\u00f3re b\u0119d\u0105 widoczne bez \u201emaskowania\u201c! W\u0142\u0105cz przyjemn\u0105 dla ucha muzyk\u0119, na\u0142\u00f3\u017c odm\u0142adzaj\u0105c\u0105 kremow\u0105 mask\u0119, [...]","og_url":"https:\/\/tiandeproducts.co.uk\/pl\/kremowa-odmladzajaca-maseczka-na-twarz-szyje-i-dekolt80g\/","og_site_name":"TianDe Online Shop - Beauty &amp; Health","article_publisher":"https:\/\/www.facebook.com\/tiande.products.england\/","article_modified_time":"2021-02-12T12:59:56+00:00","og_image":[{"width":800,"height":800,"url":"https:\/\/tiandeproducts.co.uk\/wp-content\/uploads\/2017\/04\/55605.jpg","type":"image\/jpeg"}],"twitter_card":"summary_large_image","twitter_misc":{"Szacowany czas czytania":"1 minuta"},"schema":{"@context":"https:\/\/schema.org","@graph":[{"@type":"WebPage","@id":"https:\/\/tiandeproducts.co.uk\/pl\/kremowa-odmladzajaca-maseczka-na-twarz-szyje-i-dekolt80g\/","url":"https:\/\/tiandeproducts.co.uk\/pl\/kremowa-odmladzajaca-maseczka-na-twarz-szyje-i-dekolt80g\/","name":"Kremowa odm\u0142adzaj\u0105ca maseczka na twarz, szyj\u0119 i dekolt,80g - TianDe Online Shop - Beauty &amp; Health","isPartOf":{"@id":"https:\/\/tiandeproducts.co.uk\/#website"},"primaryImageOfPage":{"@id":"https:\/\/tiandeproducts.co.uk\/pl\/kremowa-odmladzajaca-maseczka-na-twarz-szyje-i-dekolt80g\/#primaryimage"},"image":{"@id":"https:\/\/tiandeproducts.co.uk\/pl\/kremowa-odmladzajaca-maseczka-na-twarz-szyje-i-dekolt80g\/#primaryimage"},"thumbnailUrl":"https:\/\/tiandeproducts.co.uk\/wp-content\/uploads\/2017\/04\/55605.jpg","datePublished":"2017-04-01T09:04:03+00:00","dateModified":"2021-02-12T12:59:56+00:00","breadcrumb":{"@id":"https:\/\/tiandeproducts.co.uk\/pl\/kremowa-odmladzajaca-maseczka-na-twarz-szyje-i-dekolt80g\/#breadcrumb"},"inLanguage":"pl-PL","potentialAction":[{"@type":"ReadAction","target":["https:\/\/tiandeproducts.co.uk\/pl\/kremowa-odmladzajaca-maseczka-na-twarz-szyje-i-dekolt80g\/"]}]},{"@type":"ImageObject","inLanguage":"pl-PL","@id":"https:\/\/tiandeproducts.co.uk\/pl\/kremowa-odmladzajaca-maseczka-na-twarz-szyje-i-dekolt80g\/#primaryimage","url":"https:\/\/tiandeproducts.co.uk\/wp-content\/uploads\/2017\/04\/55605.jpg","contentUrl":"https:\/\/tiandeproducts.co.uk\/wp-content\/uploads\/2017\/04\/55605.jpg","width":800,"height":800,"caption":"Face, Neck and D\u00e9colletage Rejuvenating Cream Mask,80 g-0"},{"@type":"BreadcrumbList","@id":"https:\/\/tiandeproducts.co.uk\/pl\/kremowa-odmladzajaca-maseczka-na-twarz-szyje-i-dekolt80g\/#breadcrumb","itemListElement":[{"@type":"ListItem","position":1,"name":"Home","item":"https:\/\/tiandeproducts.co.uk\/pl\/"},{"@type":"ListItem","position":2,"name":"Shop","item":"https:\/\/tiandeproducts.co.uk\/pl\/shop-2\/"},{"@type":"ListItem","position":3,"name":"Kremowa odm\u0142adzaj\u0105ca maseczka na twarz, szyj\u0119 i dekolt,80g"}]},{"@type":"WebSite","@id":"https:\/\/tiandeproducts.co.uk\/#website","url":"https:\/\/tiandeproducts.co.uk\/","name":"TianDe Online Shop - Beauty & Health","description":"Traditional Chinese Medicine","potentialAction":[{"@type":"SearchAction","target":{"@type":"EntryPoint","urlTemplate":"https:\/\/tiandeproducts.co.uk\/?s={search_term_string}"},"query-input":{"@type":"PropertyValueSpecification","valueRequired":true,"valueName":"search_term_string"}}],"inLanguage":"pl-PL"}]}},"_links":{"self":[{"href":"https:\/\/tiandeproducts.co.uk\/pl\/wp-json\/wp\/v2\/product\/4927","targetHints":{"allow":["GET"]}}],"collection":[{"href":"https:\/\/tiandeproducts.co.uk\/pl\/wp-json\/wp\/v2\/product"}],"about":[{"href":"https:\/\/tiandeproducts.co.uk\/pl\/wp-json\/wp\/v2\/types\/product"}],"replies":[{"embeddable":true,"href":"https:\/\/tiandeproducts.co.uk\/pl\/wp-json\/wp\/v2\/comments?post=4927"}],"wp:featuredmedia":[{"embeddable":true,"href":"https:\/\/tiandeproducts.co.uk\/pl\/wp-json\/wp\/v2\/media\/1551"}],"wp:attachment":[{"href":"https:\/\/tiandeproducts.co.uk\/pl\/wp-json\/wp\/v2\/media?parent=4927"}],"wp:term":[{"taxonomy":"product_cat","embeddable":true,"href":"https:\/\/tiandeproducts.co.uk\/pl\/wp-json\/wp\/v2\/product_cat?post=4927"},{"taxonomy":"product_tag","embeddable":true,"href":"https:\/\/tiandeproducts.co.uk\/pl\/wp-json\/wp\/v2\/product_tag?post=4927"}],"curies":[{"name":"wp","href":"https:\/\/api.w.org\/{rel}","templated":true}]}}