{"id":4925,"date":"2017-04-01T09:59:49","date_gmt":"2017-04-01T08:59:49","guid":{"rendered":"https:\/\/tnd.ontesting.co.uk\/krem-cc40g\/"},"modified":"2026-02-26T21:24:27","modified_gmt":"2026-02-26T21:24:27","slug":"krem-cc40g","status":"publish","type":"product","link":"https:\/\/tiandeproducts.co.uk\/pl\/krem-cc40g\/","title":{"rendered":"Krem CC,40g"},"content":{"rendered":"<div class=\"description\">\n<p><img decoding=\"async\" style=\"max-width: 16px; margin-right: 5px;\" src=\"https:\/\/tiandeproducts.co.uk\/wp-content\/uploads\/points-green.svg\" \/>\u00a0Earn 20 points worth \u00a31.00 when buying this product<\/p>\n<p>Niedoskona\u0142o\u015bci sk\u00f3ry psuj\u0105 Ci nastr\u00f3j, a warstwa fluidu sprawia, \u017ce odczuwasz dyskomfort? Zapomnij o \u201ewielowarsywowym ubraniu\u201c dla swojej sk\u00f3ry. Nowy krem CC od TianDe ma wszystko co potrzeba, aby sk\u00f3ra by\u0142a doskona\u0142a!<\/p>\n<p>Krem CC to prawdziwa magiczna r\u00f3\u017cd\u017cka w \u015bwiecie kosmetologii. Zdaje si\u0119, \u017ce krem ten mo\u017ce wszystko: wyr\u00f3wna\u0107 odcie\u0144 cery, ukry\u0107 niedoskona\u0142o\u015bci sk\u00f3ry, ochroni\u0107 przed s\u0142o\u0144cem, a do tego jeszcze nawil\u017cy\u0107. TianDe posz\u0142a o krok dalej &#8211; teraz krem CC nie tylko piel\u0119gnuje i nawil\u017ca, ale te\u017c aktywnie odm\u0142adza sk\u00f3r\u0119 dzi\u0119ki zawarto\u015bci fukozy i innych sk\u0142adnik\u00f3w aktywnych.<\/p>\n<p>Nie b\u0119dziesz musia\u0142a dobiera\u0107 koloru kosmetyku &#8211; \u201einteligentny\u201c krem od TianDe idealnie dostosuje si\u0119 do Twojego odcienia sk\u00f3ry i zleje si\u0119 z nim, nie powoduj\u0105c efektu \u201emaski\u201c.<\/p>\n<p>Lekkie i niezawodne tuszowanie niedoskona\u0142o\u015bci, wyr\u00f3wnany kolor i mikrostruktura sk\u00f3ry, nawil\u017cenie i efekt anti-age &#8211; to wszystko dla Ciebie w jednym kremie CC Fucoidan!<\/p>\n<\/div>\n<div class=\"instruction\">\n<p><strong>ZASTOSOWANIE:<\/strong><\/p>\n<p>Rozprowad\u017a krem CC \u0142agodnymi ruchami na uprzednio oczyszczonej sk\u00f3rze twarzy.<\/p>\n<\/div>\n","protected":false},"excerpt":{"rendered":"<p>\u00a0Earn 20 points worth \u00a31.00 when buying this product Niedoskona\u0142o\u015bci sk\u00f3ry psuj\u0105 Ci nastr\u00f3j, a warstwa fluidu sprawia, \u017ce odczuwasz dyskomfort? Zapomnij o \u201ewielowarsywowym ubraniu\u201c dla swojej sk\u00f3ry. Nowy krem CC od TianDe ma wszystko co potrzeba, aby sk\u00f3ra by\u0142a doskona\u0142a! Krem CC to prawdziwa magiczna r\u00f3\u017cd\u017cka w \u015bwiecie kosmetologii. Zdaje si\u0119, \u017ce krem ten [&#8230;]\n","protected":false},"featured_media":1538,"comment_status":"closed","ping_status":"closed","template":"","meta":[],"product_cat":[565,896,816,762,891],"product_tag":[],"class_list":{"0":"post-4925","1":"product","2":"type-product","3":"status-publish","4":"has-post-thumbnail","6":"product_cat-fucoidan-pl","7":"product_cat-kremowy-puder","8":"product_cat-makijaz-pl","9":"product_cat-mloda-skora","10":"product_cat-twarz","12":"first","13":"outofstock","14":"shipping-taxable","15":"purchasable","16":"product-type-simple"},"yoast_head":"<!-- This site is optimized with the Yoast SEO plugin v23.6 - https:\/\/yoast.com\/wordpress\/plugins\/seo\/ -->\n<title>Krem CC,40g - TianDe Online Shop - Beauty &amp; Health<\/title>\n<meta name=\"robots\" content=\"index, follow, max-snippet:-1, max-image-preview:large, max-video-preview:-1\" \/>\n<link rel=\"canonical\" href=\"https:\/\/tiandeproducts.co.uk\/pl\/krem-cc40g\/\" \/>\n<meta property=\"og:locale\" content=\"pl_PL\" \/>\n<meta property=\"og:type\" content=\"article\" \/>\n<meta property=\"og:title\" content=\"Krem CC,40g - TianDe Online Shop - Beauty &amp; Health\" \/>\n<meta property=\"og:description\" content=\"\u00a0Earn 20 points worth \u00a31.00 when buying this product Niedoskona\u0142o\u015bci sk\u00f3ry psuj\u0105 Ci nastr\u00f3j, a warstwa fluidu sprawia, \u017ce odczuwasz dyskomfort? Zapomnij o \u201ewielowarsywowym ubraniu\u201c dla swojej sk\u00f3ry. Nowy krem CC od TianDe ma wszystko co potrzeba, aby sk\u00f3ra by\u0142a doskona\u0142a! Krem CC to prawdziwa magiczna r\u00f3\u017cd\u017cka w \u015bwiecie kosmetologii. Zdaje si\u0119, \u017ce krem ten [...]\" \/>\n<meta property=\"og:url\" content=\"https:\/\/tiandeproducts.co.uk\/pl\/krem-cc40g\/\" \/>\n<meta property=\"og:site_name\" content=\"TianDe Online Shop - Beauty &amp; Health\" \/>\n<meta property=\"article:publisher\" content=\"https:\/\/www.facebook.com\/tiande.products.england\/\" \/>\n<meta property=\"article:modified_time\" content=\"2026-02-26T21:24:27+00:00\" \/>\n<meta property=\"og:image\" content=\"https:\/\/tiandeproducts.co.uk\/wp-content\/uploads\/2017\/04\/15606.jpg\" \/>\n\t<meta property=\"og:image:width\" content=\"800\" \/>\n\t<meta property=\"og:image:height\" content=\"800\" \/>\n\t<meta property=\"og:image:type\" content=\"image\/jpeg\" \/>\n<meta name=\"twitter:card\" content=\"summary_large_image\" \/>\n<meta name=\"twitter:label1\" content=\"Szacowany czas czytania\" \/>\n\t<meta name=\"twitter:data1\" content=\"1 minuta\" \/>\n<script type=\"application\/ld+json\" class=\"yoast-schema-graph\">{\"@context\":\"https:\/\/schema.org\",\"@graph\":[{\"@type\":\"WebPage\",\"@id\":\"https:\/\/tiandeproducts.co.uk\/pl\/krem-cc40g\/\",\"url\":\"https:\/\/tiandeproducts.co.uk\/pl\/krem-cc40g\/\",\"name\":\"Krem CC,40g - TianDe Online Shop - Beauty &amp; Health\",\"isPartOf\":{\"@id\":\"https:\/\/tiandeproducts.co.uk\/#website\"},\"primaryImageOfPage\":{\"@id\":\"https:\/\/tiandeproducts.co.uk\/pl\/krem-cc40g\/#primaryimage\"},\"image\":{\"@id\":\"https:\/\/tiandeproducts.co.uk\/pl\/krem-cc40g\/#primaryimage\"},\"thumbnailUrl\":\"https:\/\/tiandeproducts.co.uk\/wp-content\/uploads\/2017\/04\/15606.jpg\",\"datePublished\":\"2017-04-01T08:59:49+00:00\",\"dateModified\":\"2026-02-26T21:24:27+00:00\",\"breadcrumb\":{\"@id\":\"https:\/\/tiandeproducts.co.uk\/pl\/krem-cc40g\/#breadcrumb\"},\"inLanguage\":\"pl-PL\",\"potentialAction\":[{\"@type\":\"ReadAction\",\"target\":[\"https:\/\/tiandeproducts.co.uk\/pl\/krem-cc40g\/\"]}]},{\"@type\":\"ImageObject\",\"inLanguage\":\"pl-PL\",\"@id\":\"https:\/\/tiandeproducts.co.uk\/pl\/krem-cc40g\/#primaryimage\",\"url\":\"https:\/\/tiandeproducts.co.uk\/wp-content\/uploads\/2017\/04\/15606.jpg\",\"contentUrl\":\"https:\/\/tiandeproducts.co.uk\/wp-content\/uploads\/2017\/04\/15606.jpg\",\"width\":800,\"height\":800,\"caption\":\"CC cream,40 g-0\"},{\"@type\":\"BreadcrumbList\",\"@id\":\"https:\/\/tiandeproducts.co.uk\/pl\/krem-cc40g\/#breadcrumb\",\"itemListElement\":[{\"@type\":\"ListItem\",\"position\":1,\"name\":\"Home\",\"item\":\"https:\/\/tiandeproducts.co.uk\/pl\/\"},{\"@type\":\"ListItem\",\"position\":2,\"name\":\"Shop\",\"item\":\"https:\/\/tiandeproducts.co.uk\/pl\/shop-2\/\"},{\"@type\":\"ListItem\",\"position\":3,\"name\":\"Krem CC,40g\"}]},{\"@type\":\"WebSite\",\"@id\":\"https:\/\/tiandeproducts.co.uk\/#website\",\"url\":\"https:\/\/tiandeproducts.co.uk\/\",\"name\":\"TianDe Online Shop - Beauty & Health\",\"description\":\"Traditional Chinese Medicine\",\"potentialAction\":[{\"@type\":\"SearchAction\",\"target\":{\"@type\":\"EntryPoint\",\"urlTemplate\":\"https:\/\/tiandeproducts.co.uk\/?s={search_term_string}\"},\"query-input\":{\"@type\":\"PropertyValueSpecification\",\"valueRequired\":true,\"valueName\":\"search_term_string\"}}],\"inLanguage\":\"pl-PL\"}]}<\/script>\n<!-- \/ Yoast SEO plugin. -->","yoast_head_json":{"title":"Krem CC,40g - TianDe Online Shop - Beauty &amp; Health","robots":{"index":"index","follow":"follow","max-snippet":"max-snippet:-1","max-image-preview":"max-image-preview:large","max-video-preview":"max-video-preview:-1"},"canonical":"https:\/\/tiandeproducts.co.uk\/pl\/krem-cc40g\/","og_locale":"pl_PL","og_type":"article","og_title":"Krem CC,40g - TianDe Online Shop - Beauty &amp; Health","og_description":"\u00a0Earn 20 points worth \u00a31.00 when buying this product Niedoskona\u0142o\u015bci sk\u00f3ry psuj\u0105 Ci nastr\u00f3j, a warstwa fluidu sprawia, \u017ce odczuwasz dyskomfort? Zapomnij o \u201ewielowarsywowym ubraniu\u201c dla swojej sk\u00f3ry. Nowy krem CC od TianDe ma wszystko co potrzeba, aby sk\u00f3ra by\u0142a doskona\u0142a! Krem CC to prawdziwa magiczna r\u00f3\u017cd\u017cka w \u015bwiecie kosmetologii. Zdaje si\u0119, \u017ce krem ten [...]","og_url":"https:\/\/tiandeproducts.co.uk\/pl\/krem-cc40g\/","og_site_name":"TianDe Online Shop - Beauty &amp; Health","article_publisher":"https:\/\/www.facebook.com\/tiande.products.england\/","article_modified_time":"2026-02-26T21:24:27+00:00","og_image":[{"width":800,"height":800,"url":"https:\/\/tiandeproducts.co.uk\/wp-content\/uploads\/2017\/04\/15606.jpg","type":"image\/jpeg"}],"twitter_card":"summary_large_image","twitter_misc":{"Szacowany czas czytania":"1 minuta"},"schema":{"@context":"https:\/\/schema.org","@graph":[{"@type":"WebPage","@id":"https:\/\/tiandeproducts.co.uk\/pl\/krem-cc40g\/","url":"https:\/\/tiandeproducts.co.uk\/pl\/krem-cc40g\/","name":"Krem CC,40g - TianDe Online Shop - Beauty &amp; Health","isPartOf":{"@id":"https:\/\/tiandeproducts.co.uk\/#website"},"primaryImageOfPage":{"@id":"https:\/\/tiandeproducts.co.uk\/pl\/krem-cc40g\/#primaryimage"},"image":{"@id":"https:\/\/tiandeproducts.co.uk\/pl\/krem-cc40g\/#primaryimage"},"thumbnailUrl":"https:\/\/tiandeproducts.co.uk\/wp-content\/uploads\/2017\/04\/15606.jpg","datePublished":"2017-04-01T08:59:49+00:00","dateModified":"2026-02-26T21:24:27+00:00","breadcrumb":{"@id":"https:\/\/tiandeproducts.co.uk\/pl\/krem-cc40g\/#breadcrumb"},"inLanguage":"pl-PL","potentialAction":[{"@type":"ReadAction","target":["https:\/\/tiandeproducts.co.uk\/pl\/krem-cc40g\/"]}]},{"@type":"ImageObject","inLanguage":"pl-PL","@id":"https:\/\/tiandeproducts.co.uk\/pl\/krem-cc40g\/#primaryimage","url":"https:\/\/tiandeproducts.co.uk\/wp-content\/uploads\/2017\/04\/15606.jpg","contentUrl":"https:\/\/tiandeproducts.co.uk\/wp-content\/uploads\/2017\/04\/15606.jpg","width":800,"height":800,"caption":"CC cream,40 g-0"},{"@type":"BreadcrumbList","@id":"https:\/\/tiandeproducts.co.uk\/pl\/krem-cc40g\/#breadcrumb","itemListElement":[{"@type":"ListItem","position":1,"name":"Home","item":"https:\/\/tiandeproducts.co.uk\/pl\/"},{"@type":"ListItem","position":2,"name":"Shop","item":"https:\/\/tiandeproducts.co.uk\/pl\/shop-2\/"},{"@type":"ListItem","position":3,"name":"Krem CC,40g"}]},{"@type":"WebSite","@id":"https:\/\/tiandeproducts.co.uk\/#website","url":"https:\/\/tiandeproducts.co.uk\/","name":"TianDe Online Shop - Beauty & Health","description":"Traditional Chinese Medicine","potentialAction":[{"@type":"SearchAction","target":{"@type":"EntryPoint","urlTemplate":"https:\/\/tiandeproducts.co.uk\/?s={search_term_string}"},"query-input":{"@type":"PropertyValueSpecification","valueRequired":true,"valueName":"search_term_string"}}],"inLanguage":"pl-PL"}]}},"_links":{"self":[{"href":"https:\/\/tiandeproducts.co.uk\/pl\/wp-json\/wp\/v2\/product\/4925","targetHints":{"allow":["GET"]}}],"collection":[{"href":"https:\/\/tiandeproducts.co.uk\/pl\/wp-json\/wp\/v2\/product"}],"about":[{"href":"https:\/\/tiandeproducts.co.uk\/pl\/wp-json\/wp\/v2\/types\/product"}],"replies":[{"embeddable":true,"href":"https:\/\/tiandeproducts.co.uk\/pl\/wp-json\/wp\/v2\/comments?post=4925"}],"wp:featuredmedia":[{"embeddable":true,"href":"https:\/\/tiandeproducts.co.uk\/pl\/wp-json\/wp\/v2\/media\/1538"}],"wp:attachment":[{"href":"https:\/\/tiandeproducts.co.uk\/pl\/wp-json\/wp\/v2\/media?parent=4925"}],"wp:term":[{"taxonomy":"product_cat","embeddable":true,"href":"https:\/\/tiandeproducts.co.uk\/pl\/wp-json\/wp\/v2\/product_cat?post=4925"},{"taxonomy":"product_tag","embeddable":true,"href":"https:\/\/tiandeproducts.co.uk\/pl\/wp-json\/wp\/v2\/product_tag?post=4925"}],"curies":[{"name":"wp","href":"https:\/\/api.w.org\/{rel}","templated":true}]}}