{"id":4923,"date":"2017-04-01T09:37:25","date_gmt":"2017-04-01T08:37:25","guid":{"rendered":"https:\/\/tnd.ontesting.co.uk\/oczyszczajace-mleczko-do-twarzy-i-na-dekolt100g\/"},"modified":"2021-02-12T13:04:06","modified_gmt":"2021-02-12T13:04:06","slug":"oczyszczajace-mleczko-do-twarzy-i-na-dekolt100g","status":"publish","type":"product","link":"https:\/\/tiandeproducts.co.uk\/pl\/oczyszczajace-mleczko-do-twarzy-i-na-dekolt100g\/","title":{"rendered":"Oczyszczaj\u0105ce mleczko do twarzy i na dekolt,100g"},"content":{"rendered":"<div class=\"description\">\n<p><img decoding=\"async\" style=\"max-width: 16px; margin-right: 5px;\" src=\"https:\/\/tiandeproducts.co.uk\/wp-content\/uploads\/points-green.svg\" \/>\u00a0Earn 14 points worth \u00a30.70 when buying this product<\/p>\n<p>Codzienne oczyszczanie sk\u00f3ry to podstawa skutecznej piel\u0119gnacji i nieprzemijaj\u0105cego pi\u0119kna. Od tego w du\u017cej mierze zale\u017c\u0105 rezultaty kolejnych zabieg\u00f3w.<\/p>\n<p>Zacznij piel\u0119gnacj\u0119 sk\u00f3ry od \u201eprawid\u0142owego\u201c kosmetyku! Mleczko do mycia i oczyszczania strefy dekoltu Fucoidan od TianDe \u0142agodnie i dok\u0142adnie usunie zanieczyszczenia, pozostawiaj\u0105c przyjemne uczucie nawil\u017cenia i komfortu.<\/p>\n<p>Mleczko Fucoidan dzia\u0142a maksymalnie delikatnie, zawiera naturalne sk\u0142adniki powierzchniowo czynne na bazie kwas\u00f3w oleju kokosowego. Dzi\u0119ki zawartej w produkcie legendarnej fukozie wzmocnionej nawil\u017caj\u0105cymi sk\u0142adnikami ju\u017c podczas oczyszczania zaczniesz pe\u0142nowarto\u015bciow\u0105 piel\u0119gnacj\u0119 anti-age!<\/p>\n<p>Delikatna konsystencja, skuteczne odm\u0142adzanie, brak paraben\u00f3w i olej\u00f3w mineralnych &#8211; mleczko do mycia i oczyszczania strefy dekoltu spodoba si\u0119 w\u0142a\u015bcicielkom najbardziej wymagaj\u0105cej sk\u00f3ry.<\/p>\n<\/div>\n<div class=\"instruction\">\n<p><strong>ZASTOSOWANIE:<\/strong><\/p>\n<p>Spie\u0144 mleczko w d\u0142oniach przy u\u017cyciu ciep\u0142ej wody. Nanie\u015b na twarz i stref\u0119 dekoltu masuj\u0105c, dok\u0142adnie zmyj wod\u0105.<\/p>\n<\/div>\n","protected":false},"excerpt":{"rendered":"<p>\u00a0Earn 14 points worth \u00a30.70 when buying this product Codzienne oczyszczanie sk\u00f3ry to podstawa skutecznej piel\u0119gnacji i nieprzemijaj\u0105cego pi\u0119kna. Od tego w du\u017cej mierze zale\u017c\u0105 rezultaty kolejnych zabieg\u00f3w. Zacznij piel\u0119gnacj\u0119 sk\u00f3ry od \u201eprawid\u0142owego\u201c kosmetyku! Mleczko do mycia i oczyszczania strefy dekoltu Fucoidan od TianDe \u0142agodnie i dok\u0142adnie usunie zanieczyszczenia, pozostawiaj\u0105c przyjemne uczucie nawil\u017cenia i komfortu. [&#8230;]\n","protected":false},"featured_media":1518,"comment_status":"closed","ping_status":"closed","template":"","meta":[],"product_cat":[746,565,877],"product_tag":[],"class_list":{"0":"post-4923","1":"product","2":"type-product","3":"status-publish","4":"has-post-thumbnail","6":"product_cat-do-twarzy","7":"product_cat-fucoidan-pl","8":"product_cat-mycie-twarzy-i-peelingi","10":"first","11":"instock","12":"shipping-taxable","13":"purchasable","14":"product-type-simple"},"yoast_head":"<!-- This site is optimized with the Yoast SEO plugin v23.6 - https:\/\/yoast.com\/wordpress\/plugins\/seo\/ -->\n<title>Oczyszczaj\u0105ce mleczko do twarzy i na dekolt,100g - TianDe Online Shop - Beauty &amp; Health<\/title>\n<meta name=\"robots\" content=\"index, follow, max-snippet:-1, max-image-preview:large, max-video-preview:-1\" \/>\n<link rel=\"canonical\" href=\"https:\/\/tiandeproducts.co.uk\/pl\/oczyszczajace-mleczko-do-twarzy-i-na-dekolt100g\/\" \/>\n<meta property=\"og:locale\" content=\"pl_PL\" \/>\n<meta property=\"og:type\" content=\"article\" \/>\n<meta property=\"og:title\" content=\"Oczyszczaj\u0105ce mleczko do twarzy i na dekolt,100g - TianDe Online Shop - Beauty &amp; Health\" \/>\n<meta property=\"og:description\" content=\"\u00a0Earn 14 points worth \u00a30.70 when buying this product Codzienne oczyszczanie sk\u00f3ry to podstawa skutecznej piel\u0119gnacji i nieprzemijaj\u0105cego pi\u0119kna. Od tego w du\u017cej mierze zale\u017c\u0105 rezultaty kolejnych zabieg\u00f3w. Zacznij piel\u0119gnacj\u0119 sk\u00f3ry od \u201eprawid\u0142owego\u201c kosmetyku! Mleczko do mycia i oczyszczania strefy dekoltu Fucoidan od TianDe \u0142agodnie i dok\u0142adnie usunie zanieczyszczenia, pozostawiaj\u0105c przyjemne uczucie nawil\u017cenia i komfortu. [...]\" \/>\n<meta property=\"og:url\" content=\"https:\/\/tiandeproducts.co.uk\/pl\/oczyszczajace-mleczko-do-twarzy-i-na-dekolt100g\/\" \/>\n<meta property=\"og:site_name\" content=\"TianDe Online Shop - Beauty &amp; Health\" \/>\n<meta property=\"article:publisher\" content=\"https:\/\/www.facebook.com\/tiande.products.england\/\" \/>\n<meta property=\"article:modified_time\" content=\"2021-02-12T13:04:06+00:00\" \/>\n<meta property=\"og:image\" content=\"https:\/\/tiandeproducts.co.uk\/wp-content\/uploads\/2017\/04\/15601.jpg\" \/>\n\t<meta property=\"og:image:width\" content=\"800\" \/>\n\t<meta property=\"og:image:height\" content=\"800\" \/>\n\t<meta property=\"og:image:type\" content=\"image\/jpeg\" \/>\n<meta name=\"twitter:card\" content=\"summary_large_image\" \/>\n<meta name=\"twitter:label1\" content=\"Szacowany czas czytania\" \/>\n\t<meta name=\"twitter:data1\" content=\"1 minuta\" \/>\n<script type=\"application\/ld+json\" class=\"yoast-schema-graph\">{\"@context\":\"https:\/\/schema.org\",\"@graph\":[{\"@type\":\"WebPage\",\"@id\":\"https:\/\/tiandeproducts.co.uk\/pl\/oczyszczajace-mleczko-do-twarzy-i-na-dekolt100g\/\",\"url\":\"https:\/\/tiandeproducts.co.uk\/pl\/oczyszczajace-mleczko-do-twarzy-i-na-dekolt100g\/\",\"name\":\"Oczyszczaj\u0105ce mleczko do twarzy i na dekolt,100g - TianDe Online Shop - Beauty &amp; Health\",\"isPartOf\":{\"@id\":\"https:\/\/tiandeproducts.co.uk\/#website\"},\"primaryImageOfPage\":{\"@id\":\"https:\/\/tiandeproducts.co.uk\/pl\/oczyszczajace-mleczko-do-twarzy-i-na-dekolt100g\/#primaryimage\"},\"image\":{\"@id\":\"https:\/\/tiandeproducts.co.uk\/pl\/oczyszczajace-mleczko-do-twarzy-i-na-dekolt100g\/#primaryimage\"},\"thumbnailUrl\":\"https:\/\/tiandeproducts.co.uk\/wp-content\/uploads\/2017\/04\/15601.jpg\",\"datePublished\":\"2017-04-01T08:37:25+00:00\",\"dateModified\":\"2021-02-12T13:04:06+00:00\",\"breadcrumb\":{\"@id\":\"https:\/\/tiandeproducts.co.uk\/pl\/oczyszczajace-mleczko-do-twarzy-i-na-dekolt100g\/#breadcrumb\"},\"inLanguage\":\"pl-PL\",\"potentialAction\":[{\"@type\":\"ReadAction\",\"target\":[\"https:\/\/tiandeproducts.co.uk\/pl\/oczyszczajace-mleczko-do-twarzy-i-na-dekolt100g\/\"]}]},{\"@type\":\"ImageObject\",\"inLanguage\":\"pl-PL\",\"@id\":\"https:\/\/tiandeproducts.co.uk\/pl\/oczyszczajace-mleczko-do-twarzy-i-na-dekolt100g\/#primaryimage\",\"url\":\"https:\/\/tiandeproducts.co.uk\/wp-content\/uploads\/2017\/04\/15601.jpg\",\"contentUrl\":\"https:\/\/tiandeproducts.co.uk\/wp-content\/uploads\/2017\/04\/15601.jpg\",\"width\":800,\"height\":800,\"caption\":\"Facial Cleansing and D\u00e9colletage Purifying Milk,100 g-0\"},{\"@type\":\"BreadcrumbList\",\"@id\":\"https:\/\/tiandeproducts.co.uk\/pl\/oczyszczajace-mleczko-do-twarzy-i-na-dekolt100g\/#breadcrumb\",\"itemListElement\":[{\"@type\":\"ListItem\",\"position\":1,\"name\":\"Home\",\"item\":\"https:\/\/tiandeproducts.co.uk\/pl\/\"},{\"@type\":\"ListItem\",\"position\":2,\"name\":\"Shop\",\"item\":\"https:\/\/tiandeproducts.co.uk\/pl\/shop-2\/\"},{\"@type\":\"ListItem\",\"position\":3,\"name\":\"Oczyszczaj\u0105ce mleczko do twarzy i na dekolt,100g\"}]},{\"@type\":\"WebSite\",\"@id\":\"https:\/\/tiandeproducts.co.uk\/#website\",\"url\":\"https:\/\/tiandeproducts.co.uk\/\",\"name\":\"TianDe Online Shop - Beauty & Health\",\"description\":\"Traditional Chinese Medicine\",\"potentialAction\":[{\"@type\":\"SearchAction\",\"target\":{\"@type\":\"EntryPoint\",\"urlTemplate\":\"https:\/\/tiandeproducts.co.uk\/?s={search_term_string}\"},\"query-input\":{\"@type\":\"PropertyValueSpecification\",\"valueRequired\":true,\"valueName\":\"search_term_string\"}}],\"inLanguage\":\"pl-PL\"}]}<\/script>\n<!-- \/ Yoast SEO plugin. -->","yoast_head_json":{"title":"Oczyszczaj\u0105ce mleczko do twarzy i na dekolt,100g - TianDe Online Shop - Beauty &amp; Health","robots":{"index":"index","follow":"follow","max-snippet":"max-snippet:-1","max-image-preview":"max-image-preview:large","max-video-preview":"max-video-preview:-1"},"canonical":"https:\/\/tiandeproducts.co.uk\/pl\/oczyszczajace-mleczko-do-twarzy-i-na-dekolt100g\/","og_locale":"pl_PL","og_type":"article","og_title":"Oczyszczaj\u0105ce mleczko do twarzy i na dekolt,100g - TianDe Online Shop - Beauty &amp; Health","og_description":"\u00a0Earn 14 points worth \u00a30.70 when buying this product Codzienne oczyszczanie sk\u00f3ry to podstawa skutecznej piel\u0119gnacji i nieprzemijaj\u0105cego pi\u0119kna. Od tego w du\u017cej mierze zale\u017c\u0105 rezultaty kolejnych zabieg\u00f3w. Zacznij piel\u0119gnacj\u0119 sk\u00f3ry od \u201eprawid\u0142owego\u201c kosmetyku! Mleczko do mycia i oczyszczania strefy dekoltu Fucoidan od TianDe \u0142agodnie i dok\u0142adnie usunie zanieczyszczenia, pozostawiaj\u0105c przyjemne uczucie nawil\u017cenia i komfortu. [...]","og_url":"https:\/\/tiandeproducts.co.uk\/pl\/oczyszczajace-mleczko-do-twarzy-i-na-dekolt100g\/","og_site_name":"TianDe Online Shop - Beauty &amp; Health","article_publisher":"https:\/\/www.facebook.com\/tiande.products.england\/","article_modified_time":"2021-02-12T13:04:06+00:00","og_image":[{"width":800,"height":800,"url":"https:\/\/tiandeproducts.co.uk\/wp-content\/uploads\/2017\/04\/15601.jpg","type":"image\/jpeg"}],"twitter_card":"summary_large_image","twitter_misc":{"Szacowany czas czytania":"1 minuta"},"schema":{"@context":"https:\/\/schema.org","@graph":[{"@type":"WebPage","@id":"https:\/\/tiandeproducts.co.uk\/pl\/oczyszczajace-mleczko-do-twarzy-i-na-dekolt100g\/","url":"https:\/\/tiandeproducts.co.uk\/pl\/oczyszczajace-mleczko-do-twarzy-i-na-dekolt100g\/","name":"Oczyszczaj\u0105ce mleczko do twarzy i na dekolt,100g - TianDe Online Shop - Beauty &amp; Health","isPartOf":{"@id":"https:\/\/tiandeproducts.co.uk\/#website"},"primaryImageOfPage":{"@id":"https:\/\/tiandeproducts.co.uk\/pl\/oczyszczajace-mleczko-do-twarzy-i-na-dekolt100g\/#primaryimage"},"image":{"@id":"https:\/\/tiandeproducts.co.uk\/pl\/oczyszczajace-mleczko-do-twarzy-i-na-dekolt100g\/#primaryimage"},"thumbnailUrl":"https:\/\/tiandeproducts.co.uk\/wp-content\/uploads\/2017\/04\/15601.jpg","datePublished":"2017-04-01T08:37:25+00:00","dateModified":"2021-02-12T13:04:06+00:00","breadcrumb":{"@id":"https:\/\/tiandeproducts.co.uk\/pl\/oczyszczajace-mleczko-do-twarzy-i-na-dekolt100g\/#breadcrumb"},"inLanguage":"pl-PL","potentialAction":[{"@type":"ReadAction","target":["https:\/\/tiandeproducts.co.uk\/pl\/oczyszczajace-mleczko-do-twarzy-i-na-dekolt100g\/"]}]},{"@type":"ImageObject","inLanguage":"pl-PL","@id":"https:\/\/tiandeproducts.co.uk\/pl\/oczyszczajace-mleczko-do-twarzy-i-na-dekolt100g\/#primaryimage","url":"https:\/\/tiandeproducts.co.uk\/wp-content\/uploads\/2017\/04\/15601.jpg","contentUrl":"https:\/\/tiandeproducts.co.uk\/wp-content\/uploads\/2017\/04\/15601.jpg","width":800,"height":800,"caption":"Facial Cleansing and D\u00e9colletage Purifying Milk,100 g-0"},{"@type":"BreadcrumbList","@id":"https:\/\/tiandeproducts.co.uk\/pl\/oczyszczajace-mleczko-do-twarzy-i-na-dekolt100g\/#breadcrumb","itemListElement":[{"@type":"ListItem","position":1,"name":"Home","item":"https:\/\/tiandeproducts.co.uk\/pl\/"},{"@type":"ListItem","position":2,"name":"Shop","item":"https:\/\/tiandeproducts.co.uk\/pl\/shop-2\/"},{"@type":"ListItem","position":3,"name":"Oczyszczaj\u0105ce mleczko do twarzy i na dekolt,100g"}]},{"@type":"WebSite","@id":"https:\/\/tiandeproducts.co.uk\/#website","url":"https:\/\/tiandeproducts.co.uk\/","name":"TianDe Online Shop - Beauty & Health","description":"Traditional Chinese Medicine","potentialAction":[{"@type":"SearchAction","target":{"@type":"EntryPoint","urlTemplate":"https:\/\/tiandeproducts.co.uk\/?s={search_term_string}"},"query-input":{"@type":"PropertyValueSpecification","valueRequired":true,"valueName":"search_term_string"}}],"inLanguage":"pl-PL"}]}},"_links":{"self":[{"href":"https:\/\/tiandeproducts.co.uk\/pl\/wp-json\/wp\/v2\/product\/4923","targetHints":{"allow":["GET"]}}],"collection":[{"href":"https:\/\/tiandeproducts.co.uk\/pl\/wp-json\/wp\/v2\/product"}],"about":[{"href":"https:\/\/tiandeproducts.co.uk\/pl\/wp-json\/wp\/v2\/types\/product"}],"replies":[{"embeddable":true,"href":"https:\/\/tiandeproducts.co.uk\/pl\/wp-json\/wp\/v2\/comments?post=4923"}],"wp:featuredmedia":[{"embeddable":true,"href":"https:\/\/tiandeproducts.co.uk\/pl\/wp-json\/wp\/v2\/media\/1518"}],"wp:attachment":[{"href":"https:\/\/tiandeproducts.co.uk\/pl\/wp-json\/wp\/v2\/media?parent=4923"}],"wp:term":[{"taxonomy":"product_cat","embeddable":true,"href":"https:\/\/tiandeproducts.co.uk\/pl\/wp-json\/wp\/v2\/product_cat?post=4923"},{"taxonomy":"product_tag","embeddable":true,"href":"https:\/\/tiandeproducts.co.uk\/pl\/wp-json\/wp\/v2\/product_tag?post=4923"}],"curies":[{"name":"wp","href":"https:\/\/api.w.org\/{rel}","templated":true}]}}