{"id":4921,"date":"2017-04-01T09:51:40","date_gmt":"2017-04-01T08:51:40","guid":{"rendered":"https:\/\/tnd.ontesting.co.uk\/regenerujacy-krem-do-twarzy-anti-aging55g\/"},"modified":"2022-08-20T09:20:50","modified_gmt":"2022-08-20T08:20:50","slug":"regenerujacy-krem-do-twarzy-anti-aging55g","status":"publish","type":"product","link":"https:\/\/tiandeproducts.co.uk\/pl\/regenerujacy-krem-do-twarzy-anti-aging55g\/","title":{"rendered":"Regeneruj\u0105cy krem do twarzy Anti-aging,55g"},"content":{"rendered":"<div class=\"description\">\n<p><img decoding=\"async\" style=\"max-width: 16px; margin-right: 5px;\" src=\"https:\/\/tiandeproducts.co.uk\/wp-content\/uploads\/points-green.svg\" \/>\u00a0Earn 17 points worth \u00a30.85 when buying this product<\/p>\n<p>Krem na dzie\u0144 i na noc w jednym s\u0142oiczku to marzenie ka\u017cdej kobiety! TianDe spe\u0142nia to marzenie! Teraz na Twojej toaletce na sta\u0142e zago\u015bci nowy krem z serii Fucoidan.<\/p>\n<p>Regeneruj\u0105cy krem przeciw starzeniu do twarzy z serii Fucoidan o lekkiej topniej\u0105cej konsystencji dzia\u0142a od razu w kilku kierunkach. To prawdziwy wielofunkcyjny kosmetyk! Intensywne od\u017cywianie i g\u0142\u0119bokie nawil\u017cenie s\u0105 po\u0142\u0105czone z odm\u0142adzaj\u0105cym i regeneruj\u0105cym dzia\u0142aniem.<\/p>\n<p>Regularnie stosuj krem regeneruj\u0105cy w po\u0142\u0105czeniu z produktami z serii Fucouidan, a zobaczysz pora\u017caj\u0105ce efekty!<\/p>\n<p>Twoj sk\u00f3ra b\u0119dzie do\u015bwiadcza\u0107 pi\u0119kna i m\u0142odo\u015bci, zmarszczki stan\u0105 si\u0119 mniej widoczne, a nowe nie pojawi\u0105 si\u0119 jeszcze przez d\u0142ugi czas.<\/p>\n<p>Je\u015bli Twoja sk\u00f3ra jest wra\u017cliwa lub znajduje si\u0119 w stanie stresu, \u015bmia\u0142o kupuj regeneruj\u0105cy krem do twarzy anti-age z serii Fucoidan. Jest odpowiedni do wszystkich typ\u00f3w sk\u00f3ry i sprawia, \u017ce staje si\u0119 ona nieprawdopodobnie elastyczna i pi\u0119kna.<\/p>\n<\/div>\n<div class=\"instruction\">\n<p><strong>ZASTOSOWANIE:<\/strong><\/p>\n<p>Okr\u0119\u017cnymi ruchami nanie\u015b\u0107 niewielk\u0105 ilo\u015b\u0107 kremu na wcze\u015bniej oczyszczon\u0105 sk\u00f3r\u0119 twarzy i szyi, omijaj\u0105c okolice wok\u00f3\u0142 oczu.<\/p>\n<\/div>\n","protected":false},"excerpt":{"rendered":"<p>\u00a0Earn 17 points worth \u00a30.85 when buying this product Krem na dzie\u0144 i na noc w jednym s\u0142oiczku to marzenie ka\u017cdej kobiety! TianDe spe\u0142nia to marzenie! Teraz na Twojej toaletce na sta\u0142e zago\u015bci nowy krem z serii Fucoidan. Regeneruj\u0105cy krem przeciw starzeniu do twarzy z serii Fucoidan o lekkiej topniej\u0105cej konsystencji dzia\u0142a od razu w [&#8230;]\n","protected":false},"featured_media":1528,"comment_status":"closed","ping_status":"closed","template":"","meta":[],"product_cat":[746,565,866,874,876],"product_tag":[],"class_list":{"0":"post-4921","1":"product","2":"type-product","3":"status-publish","4":"has-post-thumbnail","6":"product_cat-do-twarzy","7":"product_cat-fucoidan-pl","8":"product_cat-korekcja-zmarszczek","9":"product_cat-opieki-dla-skory-wrazliwej","10":"product_cat-pielegnacja-anti-aging","12":"first","13":"instock","14":"shipping-taxable","15":"purchasable","16":"product-type-simple"},"yoast_head":"<!-- This site is optimized with the Yoast SEO plugin v23.6 - https:\/\/yoast.com\/wordpress\/plugins\/seo\/ -->\n<title>Regeneruj\u0105cy krem do twarzy Anti-aging,55g - TianDe Online Shop - Beauty &amp; Health<\/title>\n<meta name=\"robots\" content=\"index, follow, max-snippet:-1, max-image-preview:large, max-video-preview:-1\" \/>\n<link rel=\"canonical\" href=\"https:\/\/tiandeproducts.co.uk\/pl\/regenerujacy-krem-do-twarzy-anti-aging55g\/\" \/>\n<meta property=\"og:locale\" content=\"pl_PL\" \/>\n<meta property=\"og:type\" content=\"article\" \/>\n<meta property=\"og:title\" content=\"Regeneruj\u0105cy krem do twarzy Anti-aging,55g - TianDe Online Shop - Beauty &amp; Health\" \/>\n<meta property=\"og:description\" content=\"\u00a0Earn 17 points worth \u00a30.85 when buying this product Krem na dzie\u0144 i na noc w jednym s\u0142oiczku to marzenie ka\u017cdej kobiety! TianDe spe\u0142nia to marzenie! Teraz na Twojej toaletce na sta\u0142e zago\u015bci nowy krem z serii Fucoidan. Regeneruj\u0105cy krem przeciw starzeniu do twarzy z serii Fucoidan o lekkiej topniej\u0105cej konsystencji dzia\u0142a od razu w [...]\" \/>\n<meta property=\"og:url\" content=\"https:\/\/tiandeproducts.co.uk\/pl\/regenerujacy-krem-do-twarzy-anti-aging55g\/\" \/>\n<meta property=\"og:site_name\" content=\"TianDe Online Shop - Beauty &amp; Health\" \/>\n<meta property=\"article:publisher\" content=\"https:\/\/www.facebook.com\/tiande.products.england\/\" \/>\n<meta property=\"article:modified_time\" content=\"2022-08-20T08:20:50+00:00\" \/>\n<meta property=\"og:image\" content=\"https:\/\/tiandeproducts.co.uk\/wp-content\/uploads\/2017\/04\/15603.jpg\" \/>\n\t<meta property=\"og:image:width\" content=\"800\" \/>\n\t<meta property=\"og:image:height\" content=\"800\" \/>\n\t<meta property=\"og:image:type\" content=\"image\/jpeg\" \/>\n<meta name=\"twitter:card\" content=\"summary_large_image\" \/>\n<meta name=\"twitter:label1\" content=\"Szacowany czas czytania\" \/>\n\t<meta name=\"twitter:data1\" content=\"1 minuta\" \/>\n<script type=\"application\/ld+json\" class=\"yoast-schema-graph\">{\"@context\":\"https:\/\/schema.org\",\"@graph\":[{\"@type\":\"WebPage\",\"@id\":\"https:\/\/tiandeproducts.co.uk\/pl\/regenerujacy-krem-do-twarzy-anti-aging55g\/\",\"url\":\"https:\/\/tiandeproducts.co.uk\/pl\/regenerujacy-krem-do-twarzy-anti-aging55g\/\",\"name\":\"Regeneruj\u0105cy krem do twarzy Anti-aging,55g - TianDe Online Shop - Beauty &amp; Health\",\"isPartOf\":{\"@id\":\"https:\/\/tiandeproducts.co.uk\/#website\"},\"primaryImageOfPage\":{\"@id\":\"https:\/\/tiandeproducts.co.uk\/pl\/regenerujacy-krem-do-twarzy-anti-aging55g\/#primaryimage\"},\"image\":{\"@id\":\"https:\/\/tiandeproducts.co.uk\/pl\/regenerujacy-krem-do-twarzy-anti-aging55g\/#primaryimage\"},\"thumbnailUrl\":\"https:\/\/tiandeproducts.co.uk\/wp-content\/uploads\/2017\/04\/15603.jpg\",\"datePublished\":\"2017-04-01T08:51:40+00:00\",\"dateModified\":\"2022-08-20T08:20:50+00:00\",\"breadcrumb\":{\"@id\":\"https:\/\/tiandeproducts.co.uk\/pl\/regenerujacy-krem-do-twarzy-anti-aging55g\/#breadcrumb\"},\"inLanguage\":\"pl-PL\",\"potentialAction\":[{\"@type\":\"ReadAction\",\"target\":[\"https:\/\/tiandeproducts.co.uk\/pl\/regenerujacy-krem-do-twarzy-anti-aging55g\/\"]}]},{\"@type\":\"ImageObject\",\"inLanguage\":\"pl-PL\",\"@id\":\"https:\/\/tiandeproducts.co.uk\/pl\/regenerujacy-krem-do-twarzy-anti-aging55g\/#primaryimage\",\"url\":\"https:\/\/tiandeproducts.co.uk\/wp-content\/uploads\/2017\/04\/15603.jpg\",\"contentUrl\":\"https:\/\/tiandeproducts.co.uk\/wp-content\/uploads\/2017\/04\/15603.jpg\",\"width\":800,\"height\":800,\"caption\":\"Revitalizing Anti-Age Facial Cream,55g-0\"},{\"@type\":\"BreadcrumbList\",\"@id\":\"https:\/\/tiandeproducts.co.uk\/pl\/regenerujacy-krem-do-twarzy-anti-aging55g\/#breadcrumb\",\"itemListElement\":[{\"@type\":\"ListItem\",\"position\":1,\"name\":\"Home\",\"item\":\"https:\/\/tiandeproducts.co.uk\/pl\/\"},{\"@type\":\"ListItem\",\"position\":2,\"name\":\"Shop\",\"item\":\"https:\/\/tiandeproducts.co.uk\/pl\/shop-2\/\"},{\"@type\":\"ListItem\",\"position\":3,\"name\":\"Regeneruj\u0105cy krem do twarzy Anti-aging,55g\"}]},{\"@type\":\"WebSite\",\"@id\":\"https:\/\/tiandeproducts.co.uk\/#website\",\"url\":\"https:\/\/tiandeproducts.co.uk\/\",\"name\":\"TianDe Online Shop - Beauty & Health\",\"description\":\"Traditional Chinese Medicine\",\"potentialAction\":[{\"@type\":\"SearchAction\",\"target\":{\"@type\":\"EntryPoint\",\"urlTemplate\":\"https:\/\/tiandeproducts.co.uk\/?s={search_term_string}\"},\"query-input\":{\"@type\":\"PropertyValueSpecification\",\"valueRequired\":true,\"valueName\":\"search_term_string\"}}],\"inLanguage\":\"pl-PL\"}]}<\/script>\n<!-- \/ Yoast SEO plugin. -->","yoast_head_json":{"title":"Regeneruj\u0105cy krem do twarzy Anti-aging,55g - TianDe Online Shop - Beauty &amp; Health","robots":{"index":"index","follow":"follow","max-snippet":"max-snippet:-1","max-image-preview":"max-image-preview:large","max-video-preview":"max-video-preview:-1"},"canonical":"https:\/\/tiandeproducts.co.uk\/pl\/regenerujacy-krem-do-twarzy-anti-aging55g\/","og_locale":"pl_PL","og_type":"article","og_title":"Regeneruj\u0105cy krem do twarzy Anti-aging,55g - TianDe Online Shop - Beauty &amp; Health","og_description":"\u00a0Earn 17 points worth \u00a30.85 when buying this product Krem na dzie\u0144 i na noc w jednym s\u0142oiczku to marzenie ka\u017cdej kobiety! TianDe spe\u0142nia to marzenie! Teraz na Twojej toaletce na sta\u0142e zago\u015bci nowy krem z serii Fucoidan. Regeneruj\u0105cy krem przeciw starzeniu do twarzy z serii Fucoidan o lekkiej topniej\u0105cej konsystencji dzia\u0142a od razu w [...]","og_url":"https:\/\/tiandeproducts.co.uk\/pl\/regenerujacy-krem-do-twarzy-anti-aging55g\/","og_site_name":"TianDe Online Shop - Beauty &amp; Health","article_publisher":"https:\/\/www.facebook.com\/tiande.products.england\/","article_modified_time":"2022-08-20T08:20:50+00:00","og_image":[{"width":800,"height":800,"url":"https:\/\/tiandeproducts.co.uk\/wp-content\/uploads\/2017\/04\/15603.jpg","type":"image\/jpeg"}],"twitter_card":"summary_large_image","twitter_misc":{"Szacowany czas czytania":"1 minuta"},"schema":{"@context":"https:\/\/schema.org","@graph":[{"@type":"WebPage","@id":"https:\/\/tiandeproducts.co.uk\/pl\/regenerujacy-krem-do-twarzy-anti-aging55g\/","url":"https:\/\/tiandeproducts.co.uk\/pl\/regenerujacy-krem-do-twarzy-anti-aging55g\/","name":"Regeneruj\u0105cy krem do twarzy Anti-aging,55g - TianDe Online Shop - Beauty &amp; Health","isPartOf":{"@id":"https:\/\/tiandeproducts.co.uk\/#website"},"primaryImageOfPage":{"@id":"https:\/\/tiandeproducts.co.uk\/pl\/regenerujacy-krem-do-twarzy-anti-aging55g\/#primaryimage"},"image":{"@id":"https:\/\/tiandeproducts.co.uk\/pl\/regenerujacy-krem-do-twarzy-anti-aging55g\/#primaryimage"},"thumbnailUrl":"https:\/\/tiandeproducts.co.uk\/wp-content\/uploads\/2017\/04\/15603.jpg","datePublished":"2017-04-01T08:51:40+00:00","dateModified":"2022-08-20T08:20:50+00:00","breadcrumb":{"@id":"https:\/\/tiandeproducts.co.uk\/pl\/regenerujacy-krem-do-twarzy-anti-aging55g\/#breadcrumb"},"inLanguage":"pl-PL","potentialAction":[{"@type":"ReadAction","target":["https:\/\/tiandeproducts.co.uk\/pl\/regenerujacy-krem-do-twarzy-anti-aging55g\/"]}]},{"@type":"ImageObject","inLanguage":"pl-PL","@id":"https:\/\/tiandeproducts.co.uk\/pl\/regenerujacy-krem-do-twarzy-anti-aging55g\/#primaryimage","url":"https:\/\/tiandeproducts.co.uk\/wp-content\/uploads\/2017\/04\/15603.jpg","contentUrl":"https:\/\/tiandeproducts.co.uk\/wp-content\/uploads\/2017\/04\/15603.jpg","width":800,"height":800,"caption":"Revitalizing Anti-Age Facial Cream,55g-0"},{"@type":"BreadcrumbList","@id":"https:\/\/tiandeproducts.co.uk\/pl\/regenerujacy-krem-do-twarzy-anti-aging55g\/#breadcrumb","itemListElement":[{"@type":"ListItem","position":1,"name":"Home","item":"https:\/\/tiandeproducts.co.uk\/pl\/"},{"@type":"ListItem","position":2,"name":"Shop","item":"https:\/\/tiandeproducts.co.uk\/pl\/shop-2\/"},{"@type":"ListItem","position":3,"name":"Regeneruj\u0105cy krem do twarzy Anti-aging,55g"}]},{"@type":"WebSite","@id":"https:\/\/tiandeproducts.co.uk\/#website","url":"https:\/\/tiandeproducts.co.uk\/","name":"TianDe Online Shop - Beauty & Health","description":"Traditional Chinese Medicine","potentialAction":[{"@type":"SearchAction","target":{"@type":"EntryPoint","urlTemplate":"https:\/\/tiandeproducts.co.uk\/?s={search_term_string}"},"query-input":{"@type":"PropertyValueSpecification","valueRequired":true,"valueName":"search_term_string"}}],"inLanguage":"pl-PL"}]}},"_links":{"self":[{"href":"https:\/\/tiandeproducts.co.uk\/pl\/wp-json\/wp\/v2\/product\/4921","targetHints":{"allow":["GET"]}}],"collection":[{"href":"https:\/\/tiandeproducts.co.uk\/pl\/wp-json\/wp\/v2\/product"}],"about":[{"href":"https:\/\/tiandeproducts.co.uk\/pl\/wp-json\/wp\/v2\/types\/product"}],"replies":[{"embeddable":true,"href":"https:\/\/tiandeproducts.co.uk\/pl\/wp-json\/wp\/v2\/comments?post=4921"}],"wp:featuredmedia":[{"embeddable":true,"href":"https:\/\/tiandeproducts.co.uk\/pl\/wp-json\/wp\/v2\/media\/1528"}],"wp:attachment":[{"href":"https:\/\/tiandeproducts.co.uk\/pl\/wp-json\/wp\/v2\/media?parent=4921"}],"wp:term":[{"taxonomy":"product_cat","embeddable":true,"href":"https:\/\/tiandeproducts.co.uk\/pl\/wp-json\/wp\/v2\/product_cat?post=4921"},{"taxonomy":"product_tag","embeddable":true,"href":"https:\/\/tiandeproducts.co.uk\/pl\/wp-json\/wp\/v2\/product_tag?post=4921"}],"curies":[{"name":"wp","href":"https:\/\/api.w.org\/{rel}","templated":true}]}}