{"id":4898,"date":"2016-04-04T19:26:51","date_gmt":"2016-04-04T18:26:51","guid":{"rendered":"https:\/\/tnd.ontesting.co.uk\/rekawiczka-spa\/"},"modified":"2020-02-07T10:13:13","modified_gmt":"2020-02-07T10:13:13","slug":"rekawiczka-spa","status":"publish","type":"product","link":"https:\/\/tiandeproducts.co.uk\/pl\/rekawiczka-spa\/","title":{"rendered":"R\u0119kawiczka SPA,1 szt."},"content":{"rendered":"<div class=\"description\">\n<p>Specjalny \u201eziarnisty\u201c splot r\u0119kawiczki czyni j\u0105 prawdziwym wielofunkcyjnym \u015brodkiem, kt\u00f3ry dok\u0142adnie usuwa zrogowacia\u0142\u0105 warstw\u0119 nask\u00f3rka, zapewnia efekt masa\u017cu, zmniejsza objawy \u201epomara\u0144czowej sk\u00f3rki\u201c, przygotowuje sk\u00f3r\u0119 do opalania.<\/p>\n<p>Po zabiegu peelingu sk\u00f3ra staje si\u0119 nieskazitelnie g\u0142adka, spr\u0119\u017cysta, jedwabista w dotyku, \u0142atwiej oddycha, a stosowane do dalszej piel\u0119gnacji preparaty kosmetyczne dzia\u0142aj\u0105 ze zdwojon\u0105 si\u0142\u0105.<\/p>\n<p>R\u0119kawiczka SPA aktywuje naturalne procesy nawil\u017cania. Peeling przyspiesza odnow\u0119 keratynocyt\u00f3w, na powierzchni kt\u00f3rych znajduje si\u0119 kompleks cz\u0105steczek naturalnego czynnika nawil\u017caj\u0105cego (NMF). Przyci\u0105gaj\u0105 one i zatrzymuj\u0105 wod\u0119 z powietrza, tworz\u0105c wodn\u0105 \u201epoduszk\u0119\u201c, z kt\u00f3rej w razie konieczno\u015bci mo\u017ce \u201epi\u0107\u201c nasza sk\u00f3ra.<\/p>\n<p>R\u0119kawiczka SPA od TianDe jest wykonana z celulozy. Elastyczny \u015bci\u0105gacz utrzymuje r\u0119kawiczk\u0119 na nadgarstku, aby wykonanie peelingu by\u0142o maksymalnie wygodne.<\/p>\n<\/div>\n<div class=\"instruction\">\n<p><strong>ZASTOSOWANIE:<\/strong><\/p>\n<p>Peeling cia\u0142a nale\u017cy wykonywa\u0107 od do\u0142u w g\u00f3r\u0119: ruchami masuj\u0105cymi w kierunku od d\u0142oni do ramion i od st\u00f3p do miednicy, a nast\u0119pnie masowa\u0107 pier\u015b, brzuch i plecy. Szczeg\u00f3lnie delikatne fragmenty wymagaj\u0105 delikatnego traktowania. Zabieg peelingu zaleca si\u0119 wykonywa\u0107 nie cz\u0119\u015bciej 1 raz w tygodniu.<\/p>\n<\/div>\n","protected":false},"excerpt":{"rendered":"<p>Specjalny \u201eziarnisty\u201c splot r\u0119kawiczki czyni j\u0105 prawdziwym wielofunkcyjnym \u015brodkiem, kt\u00f3ry dok\u0142adnie usuwa zrogowacia\u0142\u0105 warstw\u0119 nask\u00f3rka, zapewnia efekt masa\u017cu, zmniejsza objawy \u201epomara\u0144czowej sk\u00f3rki\u201c, przygotowuje sk\u00f3r\u0119 do opalania. Po zabiegu peelingu sk\u00f3ra staje si\u0119 nieskazitelnie g\u0142adka, spr\u0119\u017cysta, jedwabista w dotyku, \u0142atwiej oddycha, a stosowane do dalszej piel\u0119gnacji preparaty kosmetyczne dzia\u0142aj\u0105 ze zdwojon\u0105 si\u0142\u0105. R\u0119kawiczka SPA aktywuje naturalne [&#8230;]\n","protected":false},"featured_media":3544,"comment_status":"closed","ping_status":"closed","template":"","meta":[],"product_cat":[462,733,498,489,736],"product_tag":[],"class_list":{"0":"post-4898","1":"product","2":"type-product","3":"status-publish","4":"has-post-thumbnail","6":"product_cat-akcesoria","7":"product_cat-antycelulitowe","8":"product_cat-pielegnacja-ciala","9":"product_cat-oczyszczanie-skory","10":"product_cat-zel-do-mycia-ciala","12":"first","13":"instock","14":"shipping-taxable","15":"purchasable","16":"product-type-simple"},"yoast_head":"<!-- This site is optimized with the Yoast SEO plugin v23.6 - https:\/\/yoast.com\/wordpress\/plugins\/seo\/ -->\n<title>R\u0119kawiczka SPA,1 szt. - TianDe Online Shop - Beauty &amp; Health<\/title>\n<meta name=\"robots\" content=\"index, follow, max-snippet:-1, max-image-preview:large, max-video-preview:-1\" \/>\n<link rel=\"canonical\" href=\"https:\/\/tiandeproducts.co.uk\/pl\/rekawiczka-spa\/\" \/>\n<meta property=\"og:locale\" content=\"pl_PL\" \/>\n<meta property=\"og:type\" content=\"article\" \/>\n<meta property=\"og:title\" content=\"R\u0119kawiczka SPA,1 szt. - TianDe Online Shop - Beauty &amp; Health\" \/>\n<meta property=\"og:description\" content=\"Specjalny \u201eziarnisty\u201c splot r\u0119kawiczki czyni j\u0105 prawdziwym wielofunkcyjnym \u015brodkiem, kt\u00f3ry dok\u0142adnie usuwa zrogowacia\u0142\u0105 warstw\u0119 nask\u00f3rka, zapewnia efekt masa\u017cu, zmniejsza objawy \u201epomara\u0144czowej sk\u00f3rki\u201c, przygotowuje sk\u00f3r\u0119 do opalania. Po zabiegu peelingu sk\u00f3ra staje si\u0119 nieskazitelnie g\u0142adka, spr\u0119\u017cysta, jedwabista w dotyku, \u0142atwiej oddycha, a stosowane do dalszej piel\u0119gnacji preparaty kosmetyczne dzia\u0142aj\u0105 ze zdwojon\u0105 si\u0142\u0105. R\u0119kawiczka SPA aktywuje naturalne [...]\" \/>\n<meta property=\"og:url\" content=\"https:\/\/tiandeproducts.co.uk\/pl\/rekawiczka-spa\/\" \/>\n<meta property=\"og:site_name\" content=\"TianDe Online Shop - Beauty &amp; Health\" \/>\n<meta property=\"article:publisher\" content=\"https:\/\/www.facebook.com\/tiande.products.england\/\" \/>\n<meta property=\"article:modified_time\" content=\"2020-02-07T10:13:13+00:00\" \/>\n<meta property=\"og:image\" content=\"https:\/\/tiandeproducts.co.uk\/wp-content\/uploads\/90155.png\" \/>\n\t<meta property=\"og:image:width\" content=\"700\" \/>\n\t<meta property=\"og:image:height\" content=\"700\" \/>\n\t<meta property=\"og:image:type\" content=\"image\/png\" \/>\n<meta name=\"twitter:card\" content=\"summary_large_image\" \/>\n<meta name=\"twitter:label1\" content=\"Szacowany czas czytania\" \/>\n\t<meta name=\"twitter:data1\" content=\"1 minuta\" \/>\n<script type=\"application\/ld+json\" class=\"yoast-schema-graph\">{\"@context\":\"https:\/\/schema.org\",\"@graph\":[{\"@type\":\"WebPage\",\"@id\":\"https:\/\/tiandeproducts.co.uk\/pl\/rekawiczka-spa\/\",\"url\":\"https:\/\/tiandeproducts.co.uk\/pl\/rekawiczka-spa\/\",\"name\":\"R\u0119kawiczka SPA,1 szt. - TianDe Online Shop - Beauty &amp; Health\",\"isPartOf\":{\"@id\":\"https:\/\/tiandeproducts.co.uk\/#website\"},\"primaryImageOfPage\":{\"@id\":\"https:\/\/tiandeproducts.co.uk\/pl\/rekawiczka-spa\/#primaryimage\"},\"image\":{\"@id\":\"https:\/\/tiandeproducts.co.uk\/pl\/rekawiczka-spa\/#primaryimage\"},\"thumbnailUrl\":\"https:\/\/tiandeproducts.co.uk\/wp-content\/uploads\/90155.png\",\"datePublished\":\"2016-04-04T18:26:51+00:00\",\"dateModified\":\"2020-02-07T10:13:13+00:00\",\"breadcrumb\":{\"@id\":\"https:\/\/tiandeproducts.co.uk\/pl\/rekawiczka-spa\/#breadcrumb\"},\"inLanguage\":\"pl-PL\",\"potentialAction\":[{\"@type\":\"ReadAction\",\"target\":[\"https:\/\/tiandeproducts.co.uk\/pl\/rekawiczka-spa\/\"]}]},{\"@type\":\"ImageObject\",\"inLanguage\":\"pl-PL\",\"@id\":\"https:\/\/tiandeproducts.co.uk\/pl\/rekawiczka-spa\/#primaryimage\",\"url\":\"https:\/\/tiandeproducts.co.uk\/wp-content\/uploads\/90155.png\",\"contentUrl\":\"https:\/\/tiandeproducts.co.uk\/wp-content\/uploads\/90155.png\",\"width\":700,\"height\":700},{\"@type\":\"BreadcrumbList\",\"@id\":\"https:\/\/tiandeproducts.co.uk\/pl\/rekawiczka-spa\/#breadcrumb\",\"itemListElement\":[{\"@type\":\"ListItem\",\"position\":1,\"name\":\"Home\",\"item\":\"https:\/\/tiandeproducts.co.uk\/pl\/\"},{\"@type\":\"ListItem\",\"position\":2,\"name\":\"Shop\",\"item\":\"https:\/\/tiandeproducts.co.uk\/pl\/shop-2\/\"},{\"@type\":\"ListItem\",\"position\":3,\"name\":\"R\u0119kawiczka SPA,1 szt.\"}]},{\"@type\":\"WebSite\",\"@id\":\"https:\/\/tiandeproducts.co.uk\/#website\",\"url\":\"https:\/\/tiandeproducts.co.uk\/\",\"name\":\"TianDe Online Shop - Beauty & Health\",\"description\":\"Traditional Chinese Medicine\",\"potentialAction\":[{\"@type\":\"SearchAction\",\"target\":{\"@type\":\"EntryPoint\",\"urlTemplate\":\"https:\/\/tiandeproducts.co.uk\/?s={search_term_string}\"},\"query-input\":{\"@type\":\"PropertyValueSpecification\",\"valueRequired\":true,\"valueName\":\"search_term_string\"}}],\"inLanguage\":\"pl-PL\"}]}<\/script>\n<!-- \/ Yoast SEO plugin. -->","yoast_head_json":{"title":"R\u0119kawiczka SPA,1 szt. - TianDe Online Shop - Beauty &amp; Health","robots":{"index":"index","follow":"follow","max-snippet":"max-snippet:-1","max-image-preview":"max-image-preview:large","max-video-preview":"max-video-preview:-1"},"canonical":"https:\/\/tiandeproducts.co.uk\/pl\/rekawiczka-spa\/","og_locale":"pl_PL","og_type":"article","og_title":"R\u0119kawiczka SPA,1 szt. - TianDe Online Shop - Beauty &amp; Health","og_description":"Specjalny \u201eziarnisty\u201c splot r\u0119kawiczki czyni j\u0105 prawdziwym wielofunkcyjnym \u015brodkiem, kt\u00f3ry dok\u0142adnie usuwa zrogowacia\u0142\u0105 warstw\u0119 nask\u00f3rka, zapewnia efekt masa\u017cu, zmniejsza objawy \u201epomara\u0144czowej sk\u00f3rki\u201c, przygotowuje sk\u00f3r\u0119 do opalania. Po zabiegu peelingu sk\u00f3ra staje si\u0119 nieskazitelnie g\u0142adka, spr\u0119\u017cysta, jedwabista w dotyku, \u0142atwiej oddycha, a stosowane do dalszej piel\u0119gnacji preparaty kosmetyczne dzia\u0142aj\u0105 ze zdwojon\u0105 si\u0142\u0105. R\u0119kawiczka SPA aktywuje naturalne [...]","og_url":"https:\/\/tiandeproducts.co.uk\/pl\/rekawiczka-spa\/","og_site_name":"TianDe Online Shop - Beauty &amp; Health","article_publisher":"https:\/\/www.facebook.com\/tiande.products.england\/","article_modified_time":"2020-02-07T10:13:13+00:00","og_image":[{"width":700,"height":700,"url":"https:\/\/tiandeproducts.co.uk\/wp-content\/uploads\/90155.png","type":"image\/png"}],"twitter_card":"summary_large_image","twitter_misc":{"Szacowany czas czytania":"1 minuta"},"schema":{"@context":"https:\/\/schema.org","@graph":[{"@type":"WebPage","@id":"https:\/\/tiandeproducts.co.uk\/pl\/rekawiczka-spa\/","url":"https:\/\/tiandeproducts.co.uk\/pl\/rekawiczka-spa\/","name":"R\u0119kawiczka SPA,1 szt. - TianDe Online Shop - Beauty &amp; Health","isPartOf":{"@id":"https:\/\/tiandeproducts.co.uk\/#website"},"primaryImageOfPage":{"@id":"https:\/\/tiandeproducts.co.uk\/pl\/rekawiczka-spa\/#primaryimage"},"image":{"@id":"https:\/\/tiandeproducts.co.uk\/pl\/rekawiczka-spa\/#primaryimage"},"thumbnailUrl":"https:\/\/tiandeproducts.co.uk\/wp-content\/uploads\/90155.png","datePublished":"2016-04-04T18:26:51+00:00","dateModified":"2020-02-07T10:13:13+00:00","breadcrumb":{"@id":"https:\/\/tiandeproducts.co.uk\/pl\/rekawiczka-spa\/#breadcrumb"},"inLanguage":"pl-PL","potentialAction":[{"@type":"ReadAction","target":["https:\/\/tiandeproducts.co.uk\/pl\/rekawiczka-spa\/"]}]},{"@type":"ImageObject","inLanguage":"pl-PL","@id":"https:\/\/tiandeproducts.co.uk\/pl\/rekawiczka-spa\/#primaryimage","url":"https:\/\/tiandeproducts.co.uk\/wp-content\/uploads\/90155.png","contentUrl":"https:\/\/tiandeproducts.co.uk\/wp-content\/uploads\/90155.png","width":700,"height":700},{"@type":"BreadcrumbList","@id":"https:\/\/tiandeproducts.co.uk\/pl\/rekawiczka-spa\/#breadcrumb","itemListElement":[{"@type":"ListItem","position":1,"name":"Home","item":"https:\/\/tiandeproducts.co.uk\/pl\/"},{"@type":"ListItem","position":2,"name":"Shop","item":"https:\/\/tiandeproducts.co.uk\/pl\/shop-2\/"},{"@type":"ListItem","position":3,"name":"R\u0119kawiczka SPA,1 szt."}]},{"@type":"WebSite","@id":"https:\/\/tiandeproducts.co.uk\/#website","url":"https:\/\/tiandeproducts.co.uk\/","name":"TianDe Online Shop - Beauty & Health","description":"Traditional Chinese Medicine","potentialAction":[{"@type":"SearchAction","target":{"@type":"EntryPoint","urlTemplate":"https:\/\/tiandeproducts.co.uk\/?s={search_term_string}"},"query-input":{"@type":"PropertyValueSpecification","valueRequired":true,"valueName":"search_term_string"}}],"inLanguage":"pl-PL"}]}},"_links":{"self":[{"href":"https:\/\/tiandeproducts.co.uk\/pl\/wp-json\/wp\/v2\/product\/4898","targetHints":{"allow":["GET"]}}],"collection":[{"href":"https:\/\/tiandeproducts.co.uk\/pl\/wp-json\/wp\/v2\/product"}],"about":[{"href":"https:\/\/tiandeproducts.co.uk\/pl\/wp-json\/wp\/v2\/types\/product"}],"replies":[{"embeddable":true,"href":"https:\/\/tiandeproducts.co.uk\/pl\/wp-json\/wp\/v2\/comments?post=4898"}],"wp:featuredmedia":[{"embeddable":true,"href":"https:\/\/tiandeproducts.co.uk\/pl\/wp-json\/wp\/v2\/media\/3544"}],"wp:attachment":[{"href":"https:\/\/tiandeproducts.co.uk\/pl\/wp-json\/wp\/v2\/media?parent=4898"}],"wp:term":[{"taxonomy":"product_cat","embeddable":true,"href":"https:\/\/tiandeproducts.co.uk\/pl\/wp-json\/wp\/v2\/product_cat?post=4898"},{"taxonomy":"product_tag","embeddable":true,"href":"https:\/\/tiandeproducts.co.uk\/pl\/wp-json\/wp\/v2\/product_tag?post=4898"}],"curies":[{"name":"wp","href":"https:\/\/api.w.org\/{rel}","templated":true}]}}