{"id":4889,"date":"2018-05-30T10:55:34","date_gmt":"2018-05-30T09:55:34","guid":{"rendered":"https:\/\/tnd.ontesting.co.uk\/patyczki-higieniczne-z-bambusa\/"},"modified":"2021-02-12T12:07:59","modified_gmt":"2021-02-12T12:07:59","slug":"patyczki-higieniczne-z-bambusa","status":"publish","type":"product","link":"https:\/\/tiandeproducts.co.uk\/pl\/patyczki-higieniczne-z-bambusa\/","title":{"rendered":"Patyczki higieniczne z bambusa,100 szt."},"content":{"rendered":"<p><img decoding=\"async\" style=\"max-width: 16px; margin-right: 5px;\" src=\"https:\/\/tiandeproducts.co.uk\/wp-content\/uploads\/points-green.svg\" \/>\u00a0Earn 2 points worth \u00a30.10 when buying this product<\/p>\n<p>Patyczki higieniczne to przedmiot, kt\u00f3ry znajdziemy, chyba w ka\u017cdym domu. Czym patyczki od TianDe r\u00f3\u017cni\u0105 si\u0119 od wszystkich innych oferowanych na rynku? Stworzyli\u015bmy produkt, kt\u00f3ry jest w 100% zgodny z normami jako\u015bci ekologicznej! Nasze patyczki higieniczne s\u0105 w 100% biodegradowalne, gdy\u017c s\u0105 stworzone wy\u0142\u0105cznie z materia\u0142\u00f3w naturalnych! \u017badnego tworzywa sztucznego &#8211; tylko bawe\u0142na i bambus. Je\u015bli zdrowa ekologia nie jest dla Ciebie pust\u0105 fraz\u0105, b\u0119dziesz wyznawa\u0107 zasad\u0119 \u201ezdrowych\u201c produkt\u00f3w nawet w przypadku drobnostek!<\/p>\n<p>Bambus jest w 100% rozk\u0142adany przez mikroorganizmy i mo\u017cna go spali\u0107, nie zanieczyszczaj\u0105c \u015brodowiska. Ponadto bambus jest zasobem odnawialnym. Ro\u015bnie bardzo szybko, potrzebuje niewielkich ilo\u015bci wody i nie wymaga \u017cadnych nawoz\u00f3w. Wybieraj\u0105c bambus opowiadamy si\u0119 przeciw nadmiernemu zu\u017cyciu drewna, a co za tym idzie &#8211; przeciw wyr\u0119bowi las\u00f3w.<\/p>\n<p>Patyczki higieniczne z bambusa &#8211; niezb\u0119dna rzecz w kosmetyczce, apteczce i na p\u00f3\u0142ce w \u0142azience!<\/p>\n<p>&#8211; Do zabieg\u00f3w higienicznych<br \/>\n&#8211; Do poprawek makija\u017cu<br \/>\n&#8211; Do nak\u0142adania preparat\u00f3w leczniczych<\/p>\n","protected":false},"excerpt":{"rendered":"<p>\u00a0Earn 2 points worth \u00a30.10 when buying this product Patyczki higieniczne to przedmiot, kt\u00f3ry znajdziemy, chyba w ka\u017cdym domu. Czym patyczki od TianDe r\u00f3\u017cni\u0105 si\u0119 od wszystkich innych oferowanych na rynku? Stworzyli\u015bmy produkt, kt\u00f3ry jest w 100% zgodny z normami jako\u015bci ekologicznej! Nasze patyczki higieniczne s\u0105 w 100% biodegradowalne, gdy\u017c s\u0105 stworzone wy\u0142\u0105cznie z materia\u0142\u00f3w [&#8230;]\n","protected":false},"featured_media":1902,"comment_status":"closed","ping_status":"closed","template":"","meta":[],"product_cat":[462,468],"product_tag":[],"class_list":{"0":"post-4889","1":"product","2":"type-product","3":"status-publish","4":"has-post-thumbnail","6":"product_cat-akcesoria","7":"product_cat-akcesoria-kosmetyczne","9":"first","10":"instock","11":"shipping-taxable","12":"purchasable","13":"product-type-simple"},"yoast_head":"<!-- This site is optimized with the Yoast SEO plugin v23.6 - https:\/\/yoast.com\/wordpress\/plugins\/seo\/ -->\n<title>Patyczki higieniczne z bambusa,100 szt. - TianDe Online Shop - Beauty &amp; Health<\/title>\n<meta name=\"robots\" content=\"index, follow, max-snippet:-1, max-image-preview:large, max-video-preview:-1\" \/>\n<link rel=\"canonical\" href=\"https:\/\/tiandeproducts.co.uk\/pl\/patyczki-higieniczne-z-bambusa\/\" \/>\n<meta property=\"og:locale\" content=\"pl_PL\" \/>\n<meta property=\"og:type\" content=\"article\" \/>\n<meta property=\"og:title\" content=\"Patyczki higieniczne z bambusa,100 szt. - TianDe Online Shop - Beauty &amp; Health\" \/>\n<meta property=\"og:description\" content=\"\u00a0Earn 2 points worth \u00a30.10 when buying this product Patyczki higieniczne to przedmiot, kt\u00f3ry znajdziemy, chyba w ka\u017cdym domu. Czym patyczki od TianDe r\u00f3\u017cni\u0105 si\u0119 od wszystkich innych oferowanych na rynku? Stworzyli\u015bmy produkt, kt\u00f3ry jest w 100% zgodny z normami jako\u015bci ekologicznej! Nasze patyczki higieniczne s\u0105 w 100% biodegradowalne, gdy\u017c s\u0105 stworzone wy\u0142\u0105cznie z materia\u0142\u00f3w [...]\" \/>\n<meta property=\"og:url\" content=\"https:\/\/tiandeproducts.co.uk\/pl\/patyczki-higieniczne-z-bambusa\/\" \/>\n<meta property=\"og:site_name\" content=\"TianDe Online Shop - Beauty &amp; Health\" \/>\n<meta property=\"article:publisher\" content=\"https:\/\/www.facebook.com\/tiande.products.england\/\" \/>\n<meta property=\"article:modified_time\" content=\"2021-02-12T12:07:59+00:00\" \/>\n<meta property=\"og:image\" content=\"https:\/\/tiandeproducts.co.uk\/wp-content\/uploads\/2018\/05\/90168.jpg\" \/>\n\t<meta property=\"og:image:width\" content=\"800\" \/>\n\t<meta property=\"og:image:height\" content=\"800\" \/>\n\t<meta property=\"og:image:type\" content=\"image\/jpeg\" \/>\n<meta name=\"twitter:card\" content=\"summary_large_image\" \/>\n<meta name=\"twitter:label1\" content=\"Szacowany czas czytania\" \/>\n\t<meta name=\"twitter:data1\" content=\"1 minuta\" \/>\n<script type=\"application\/ld+json\" class=\"yoast-schema-graph\">{\"@context\":\"https:\/\/schema.org\",\"@graph\":[{\"@type\":\"WebPage\",\"@id\":\"https:\/\/tiandeproducts.co.uk\/pl\/patyczki-higieniczne-z-bambusa\/\",\"url\":\"https:\/\/tiandeproducts.co.uk\/pl\/patyczki-higieniczne-z-bambusa\/\",\"name\":\"Patyczki higieniczne z bambusa,100 szt. - TianDe Online Shop - Beauty &amp; Health\",\"isPartOf\":{\"@id\":\"https:\/\/tiandeproducts.co.uk\/#website\"},\"primaryImageOfPage\":{\"@id\":\"https:\/\/tiandeproducts.co.uk\/pl\/patyczki-higieniczne-z-bambusa\/#primaryimage\"},\"image\":{\"@id\":\"https:\/\/tiandeproducts.co.uk\/pl\/patyczki-higieniczne-z-bambusa\/#primaryimage\"},\"thumbnailUrl\":\"https:\/\/tiandeproducts.co.uk\/wp-content\/uploads\/2018\/05\/90168.jpg\",\"datePublished\":\"2018-05-30T09:55:34+00:00\",\"dateModified\":\"2021-02-12T12:07:59+00:00\",\"breadcrumb\":{\"@id\":\"https:\/\/tiandeproducts.co.uk\/pl\/patyczki-higieniczne-z-bambusa\/#breadcrumb\"},\"inLanguage\":\"pl-PL\",\"potentialAction\":[{\"@type\":\"ReadAction\",\"target\":[\"https:\/\/tiandeproducts.co.uk\/pl\/patyczki-higieniczne-z-bambusa\/\"]}]},{\"@type\":\"ImageObject\",\"inLanguage\":\"pl-PL\",\"@id\":\"https:\/\/tiandeproducts.co.uk\/pl\/patyczki-higieniczne-z-bambusa\/#primaryimage\",\"url\":\"https:\/\/tiandeproducts.co.uk\/wp-content\/uploads\/2018\/05\/90168.jpg\",\"contentUrl\":\"https:\/\/tiandeproducts.co.uk\/wp-content\/uploads\/2018\/05\/90168.jpg\",\"width\":800,\"height\":800,\"caption\":\"Bamboo Cotton Buds,100pc-0\"},{\"@type\":\"BreadcrumbList\",\"@id\":\"https:\/\/tiandeproducts.co.uk\/pl\/patyczki-higieniczne-z-bambusa\/#breadcrumb\",\"itemListElement\":[{\"@type\":\"ListItem\",\"position\":1,\"name\":\"Home\",\"item\":\"https:\/\/tiandeproducts.co.uk\/pl\/\"},{\"@type\":\"ListItem\",\"position\":2,\"name\":\"Shop\",\"item\":\"https:\/\/tiandeproducts.co.uk\/pl\/shop-2\/\"},{\"@type\":\"ListItem\",\"position\":3,\"name\":\"Patyczki higieniczne z bambusa,100 szt.\"}]},{\"@type\":\"WebSite\",\"@id\":\"https:\/\/tiandeproducts.co.uk\/#website\",\"url\":\"https:\/\/tiandeproducts.co.uk\/\",\"name\":\"TianDe Online Shop - Beauty & Health\",\"description\":\"Traditional Chinese Medicine\",\"potentialAction\":[{\"@type\":\"SearchAction\",\"target\":{\"@type\":\"EntryPoint\",\"urlTemplate\":\"https:\/\/tiandeproducts.co.uk\/?s={search_term_string}\"},\"query-input\":{\"@type\":\"PropertyValueSpecification\",\"valueRequired\":true,\"valueName\":\"search_term_string\"}}],\"inLanguage\":\"pl-PL\"}]}<\/script>\n<!-- \/ Yoast SEO plugin. -->","yoast_head_json":{"title":"Patyczki higieniczne z bambusa,100 szt. - TianDe Online Shop - Beauty &amp; Health","robots":{"index":"index","follow":"follow","max-snippet":"max-snippet:-1","max-image-preview":"max-image-preview:large","max-video-preview":"max-video-preview:-1"},"canonical":"https:\/\/tiandeproducts.co.uk\/pl\/patyczki-higieniczne-z-bambusa\/","og_locale":"pl_PL","og_type":"article","og_title":"Patyczki higieniczne z bambusa,100 szt. - TianDe Online Shop - Beauty &amp; Health","og_description":"\u00a0Earn 2 points worth \u00a30.10 when buying this product Patyczki higieniczne to przedmiot, kt\u00f3ry znajdziemy, chyba w ka\u017cdym domu. Czym patyczki od TianDe r\u00f3\u017cni\u0105 si\u0119 od wszystkich innych oferowanych na rynku? Stworzyli\u015bmy produkt, kt\u00f3ry jest w 100% zgodny z normami jako\u015bci ekologicznej! Nasze patyczki higieniczne s\u0105 w 100% biodegradowalne, gdy\u017c s\u0105 stworzone wy\u0142\u0105cznie z materia\u0142\u00f3w [...]","og_url":"https:\/\/tiandeproducts.co.uk\/pl\/patyczki-higieniczne-z-bambusa\/","og_site_name":"TianDe Online Shop - Beauty &amp; Health","article_publisher":"https:\/\/www.facebook.com\/tiande.products.england\/","article_modified_time":"2021-02-12T12:07:59+00:00","og_image":[{"width":800,"height":800,"url":"https:\/\/tiandeproducts.co.uk\/wp-content\/uploads\/2018\/05\/90168.jpg","type":"image\/jpeg"}],"twitter_card":"summary_large_image","twitter_misc":{"Szacowany czas czytania":"1 minuta"},"schema":{"@context":"https:\/\/schema.org","@graph":[{"@type":"WebPage","@id":"https:\/\/tiandeproducts.co.uk\/pl\/patyczki-higieniczne-z-bambusa\/","url":"https:\/\/tiandeproducts.co.uk\/pl\/patyczki-higieniczne-z-bambusa\/","name":"Patyczki higieniczne z bambusa,100 szt. - TianDe Online Shop - Beauty &amp; Health","isPartOf":{"@id":"https:\/\/tiandeproducts.co.uk\/#website"},"primaryImageOfPage":{"@id":"https:\/\/tiandeproducts.co.uk\/pl\/patyczki-higieniczne-z-bambusa\/#primaryimage"},"image":{"@id":"https:\/\/tiandeproducts.co.uk\/pl\/patyczki-higieniczne-z-bambusa\/#primaryimage"},"thumbnailUrl":"https:\/\/tiandeproducts.co.uk\/wp-content\/uploads\/2018\/05\/90168.jpg","datePublished":"2018-05-30T09:55:34+00:00","dateModified":"2021-02-12T12:07:59+00:00","breadcrumb":{"@id":"https:\/\/tiandeproducts.co.uk\/pl\/patyczki-higieniczne-z-bambusa\/#breadcrumb"},"inLanguage":"pl-PL","potentialAction":[{"@type":"ReadAction","target":["https:\/\/tiandeproducts.co.uk\/pl\/patyczki-higieniczne-z-bambusa\/"]}]},{"@type":"ImageObject","inLanguage":"pl-PL","@id":"https:\/\/tiandeproducts.co.uk\/pl\/patyczki-higieniczne-z-bambusa\/#primaryimage","url":"https:\/\/tiandeproducts.co.uk\/wp-content\/uploads\/2018\/05\/90168.jpg","contentUrl":"https:\/\/tiandeproducts.co.uk\/wp-content\/uploads\/2018\/05\/90168.jpg","width":800,"height":800,"caption":"Bamboo Cotton Buds,100pc-0"},{"@type":"BreadcrumbList","@id":"https:\/\/tiandeproducts.co.uk\/pl\/patyczki-higieniczne-z-bambusa\/#breadcrumb","itemListElement":[{"@type":"ListItem","position":1,"name":"Home","item":"https:\/\/tiandeproducts.co.uk\/pl\/"},{"@type":"ListItem","position":2,"name":"Shop","item":"https:\/\/tiandeproducts.co.uk\/pl\/shop-2\/"},{"@type":"ListItem","position":3,"name":"Patyczki higieniczne z bambusa,100 szt."}]},{"@type":"WebSite","@id":"https:\/\/tiandeproducts.co.uk\/#website","url":"https:\/\/tiandeproducts.co.uk\/","name":"TianDe Online Shop - Beauty & Health","description":"Traditional Chinese Medicine","potentialAction":[{"@type":"SearchAction","target":{"@type":"EntryPoint","urlTemplate":"https:\/\/tiandeproducts.co.uk\/?s={search_term_string}"},"query-input":{"@type":"PropertyValueSpecification","valueRequired":true,"valueName":"search_term_string"}}],"inLanguage":"pl-PL"}]}},"_links":{"self":[{"href":"https:\/\/tiandeproducts.co.uk\/pl\/wp-json\/wp\/v2\/product\/4889","targetHints":{"allow":["GET"]}}],"collection":[{"href":"https:\/\/tiandeproducts.co.uk\/pl\/wp-json\/wp\/v2\/product"}],"about":[{"href":"https:\/\/tiandeproducts.co.uk\/pl\/wp-json\/wp\/v2\/types\/product"}],"replies":[{"embeddable":true,"href":"https:\/\/tiandeproducts.co.uk\/pl\/wp-json\/wp\/v2\/comments?post=4889"}],"wp:featuredmedia":[{"embeddable":true,"href":"https:\/\/tiandeproducts.co.uk\/pl\/wp-json\/wp\/v2\/media\/1902"}],"wp:attachment":[{"href":"https:\/\/tiandeproducts.co.uk\/pl\/wp-json\/wp\/v2\/media?parent=4889"}],"wp:term":[{"taxonomy":"product_cat","embeddable":true,"href":"https:\/\/tiandeproducts.co.uk\/pl\/wp-json\/wp\/v2\/product_cat?post=4889"},{"taxonomy":"product_tag","embeddable":true,"href":"https:\/\/tiandeproducts.co.uk\/pl\/wp-json\/wp\/v2\/product_tag?post=4889"}],"curies":[{"name":"wp","href":"https:\/\/api.w.org\/{rel}","templated":true}]}}