{"id":4884,"date":"2018-11-13T13:13:17","date_gmt":"2018-11-13T13:13:17","guid":{"rendered":"https:\/\/tnd.ontesting.co.uk\/miara-z-funkcja-obliczania\/"},"modified":"2021-02-12T11:43:43","modified_gmt":"2021-02-12T11:43:43","slug":"miara-z-funkcja-obliczania","status":"publish","type":"product","link":"https:\/\/tiandeproducts.co.uk\/pl\/miara-z-funkcja-obliczania\/","title":{"rendered":"Miara z funkcj\u0105 obliczania,1 szt."},"content":{"rendered":"<div class=\"description\">\n<p><img decoding=\"async\" style=\"max-width: 16px; margin-right: 5px;\" src=\"https:\/\/tiandeproducts.co.uk\/wp-content\/uploads\/points-green.svg\" \/>\u00a0Earn 6 points worth \u00a30.30 when buying this product<\/p>\n<p>Metr ze wska\u017anikiem masy cia\u0142a firmy TianDe jest kompletnym centrum diagnostycznym w Twojej torebce lub szufladzie sto\u0142u. To prosty, mobilny, stylowy i kompaktowy pomocnik, kt\u00f3ry umo\u017cliwi Ci trzyma\u0107 w ryzach swoje wymiary.<\/p>\n<p>Metr od TianDe pomo\u017ce Ci:<br \/>\n&#8211; po prostu zmierzy\u0107 obw\u00f3d pasa (jasny wska\u017anik, kt\u00f3ry mo\u017ce zwr\u00f3ci\u0107 uwag\u0119 na problemy ze zdrowiem);<br \/>\n&#8211; szybko zmierzy\u0107 wska\u017anik masy cia\u0142a (BMI, parametr uznawany przez dietetyk\u00f3w w celu okre\u015blenia idealnej wagi). Wszystko, co musisz zrobi\u0107, to wybra\u0107 na skali swoj\u0105 wag\u0119 i sw\u00f3j wzrost, a metr wy\u015bwietli Twoje BMI;<br \/>\n&#8211; mie\u0107 ogl\u0105d swojego sukcesu na drodze do doskona\u0142ej figury.<\/p>\n<p>Na metrze znajduj\u0105 si\u0119 praktyczne podpowiedzi. Jest podzielony na strefy: zielona \u2013 twoja talia jest standardowa, pomara\u0144czowa \u2013 po\u015bwi\u0119\u0107 swojej tali wi\u0119cej uwagi, zanim b\u0119dzie za p\u00f3\u017ano, czerwona \u2013 aktywnie po\u015bwi\u0119\u0107 si\u0119 swojemu zdrowiu.<\/p>\n<p>Metr jest dwustronny do pomiaru obwodu talii u kobiet i m\u0119\u017cczyzn. Wygodna stabilizacja pozwoli Ci umocowa\u0107 metr tak, aby m\u00f3g\u0142 z maksymaln\u0105 dok\u0142adno\u015bci\u0105 zmierzy\u0107 obw\u00f3d. W celu zwini\u0119cia metra wystarczy wcisn\u0105\u0107 przycisk.<\/p>\n<\/div>\n<div class=\"instruction\">\n<p><strong>ZASTOSOWANIE:<\/strong><\/p>\n<p>Na zielonej skali (pier\u015bcie\u0144 obrotowy) wybierz sw\u00f3j wzrost. Na skali bia\u0142ej (korpus metra) wybierz swoj\u0105 wag\u0119. Obracaj\u0105c zielonym k\u00f3\u0142kiem po\u0142\u0105cz te dwa wska\u017aniki. W polu BMI wska\u017anik wy\u015bwietli Tw\u00f3j indeks masy cia\u0142a.<\/p>\n<\/div>\n","protected":false},"excerpt":{"rendered":"<p>\u00a0Earn 6 points worth \u00a30.30 when buying this product Metr ze wska\u017anikiem masy cia\u0142a firmy TianDe jest kompletnym centrum diagnostycznym w Twojej torebce lub szufladzie sto\u0142u. To prosty, mobilny, stylowy i kompaktowy pomocnik, kt\u00f3ry umo\u017cliwi Ci trzyma\u0107 w ryzach swoje wymiary. Metr od TianDe pomo\u017ce Ci: &#8211; po prostu zmierzy\u0107 obw\u00f3d pasa (jasny wska\u017anik, kt\u00f3ry [&#8230;]\n","protected":false},"featured_media":2072,"comment_status":"closed","ping_status":"closed","template":"","meta":[],"product_cat":[721,462,733,498,492],"product_tag":[],"class_list":{"0":"post-4884","1":"product","2":"type-product","3":"status-publish","4":"has-post-thumbnail","6":"product_cat-active-life-pl","7":"product_cat-akcesoria","8":"product_cat-antycelulitowe","9":"product_cat-pielegnacja-ciala","10":"product_cat-pamiatki","12":"first","13":"instock","14":"shipping-taxable","15":"purchasable","16":"product-type-simple"},"yoast_head":"<!-- This site is optimized with the Yoast SEO plugin v23.6 - https:\/\/yoast.com\/wordpress\/plugins\/seo\/ -->\n<title>Miara z funkcj\u0105 obliczania,1 szt. - TianDe Online Shop - Beauty &amp; Health<\/title>\n<meta name=\"robots\" content=\"index, follow, max-snippet:-1, max-image-preview:large, max-video-preview:-1\" \/>\n<link rel=\"canonical\" href=\"https:\/\/tiandeproducts.co.uk\/pl\/miara-z-funkcja-obliczania\/\" \/>\n<meta property=\"og:locale\" content=\"pl_PL\" \/>\n<meta property=\"og:type\" content=\"article\" \/>\n<meta property=\"og:title\" content=\"Miara z funkcj\u0105 obliczania,1 szt. - TianDe Online Shop - Beauty &amp; Health\" \/>\n<meta property=\"og:description\" content=\"\u00a0Earn 6 points worth \u00a30.30 when buying this product Metr ze wska\u017anikiem masy cia\u0142a firmy TianDe jest kompletnym centrum diagnostycznym w Twojej torebce lub szufladzie sto\u0142u. To prosty, mobilny, stylowy i kompaktowy pomocnik, kt\u00f3ry umo\u017cliwi Ci trzyma\u0107 w ryzach swoje wymiary. Metr od TianDe pomo\u017ce Ci: &#8211; po prostu zmierzy\u0107 obw\u00f3d pasa (jasny wska\u017anik, kt\u00f3ry [...]\" \/>\n<meta property=\"og:url\" content=\"https:\/\/tiandeproducts.co.uk\/pl\/miara-z-funkcja-obliczania\/\" \/>\n<meta property=\"og:site_name\" content=\"TianDe Online Shop - Beauty &amp; Health\" \/>\n<meta property=\"article:publisher\" content=\"https:\/\/www.facebook.com\/tiande.products.england\/\" \/>\n<meta property=\"article:modified_time\" content=\"2021-02-12T11:43:43+00:00\" \/>\n<meta property=\"og:image\" content=\"https:\/\/tiandeproducts.co.uk\/wp-content\/uploads\/2018\/11\/90176.jpg\" \/>\n\t<meta property=\"og:image:width\" content=\"700\" \/>\n\t<meta property=\"og:image:height\" content=\"700\" \/>\n\t<meta property=\"og:image:type\" content=\"image\/jpeg\" \/>\n<meta name=\"twitter:card\" content=\"summary_large_image\" \/>\n<meta name=\"twitter:label1\" content=\"Szacowany czas czytania\" \/>\n\t<meta name=\"twitter:data1\" content=\"1 minuta\" \/>\n<script type=\"application\/ld+json\" class=\"yoast-schema-graph\">{\"@context\":\"https:\/\/schema.org\",\"@graph\":[{\"@type\":\"WebPage\",\"@id\":\"https:\/\/tiandeproducts.co.uk\/pl\/miara-z-funkcja-obliczania\/\",\"url\":\"https:\/\/tiandeproducts.co.uk\/pl\/miara-z-funkcja-obliczania\/\",\"name\":\"Miara z funkcj\u0105 obliczania,1 szt. - TianDe Online Shop - Beauty &amp; Health\",\"isPartOf\":{\"@id\":\"https:\/\/tiandeproducts.co.uk\/#website\"},\"primaryImageOfPage\":{\"@id\":\"https:\/\/tiandeproducts.co.uk\/pl\/miara-z-funkcja-obliczania\/#primaryimage\"},\"image\":{\"@id\":\"https:\/\/tiandeproducts.co.uk\/pl\/miara-z-funkcja-obliczania\/#primaryimage\"},\"thumbnailUrl\":\"https:\/\/tiandeproducts.co.uk\/wp-content\/uploads\/2018\/11\/90176.jpg\",\"datePublished\":\"2018-11-13T13:13:17+00:00\",\"dateModified\":\"2021-02-12T11:43:43+00:00\",\"breadcrumb\":{\"@id\":\"https:\/\/tiandeproducts.co.uk\/pl\/miara-z-funkcja-obliczania\/#breadcrumb\"},\"inLanguage\":\"pl-PL\",\"potentialAction\":[{\"@type\":\"ReadAction\",\"target\":[\"https:\/\/tiandeproducts.co.uk\/pl\/miara-z-funkcja-obliczania\/\"]}]},{\"@type\":\"ImageObject\",\"inLanguage\":\"pl-PL\",\"@id\":\"https:\/\/tiandeproducts.co.uk\/pl\/miara-z-funkcja-obliczania\/#primaryimage\",\"url\":\"https:\/\/tiandeproducts.co.uk\/wp-content\/uploads\/2018\/11\/90176.jpg\",\"contentUrl\":\"https:\/\/tiandeproducts.co.uk\/wp-content\/uploads\/2018\/11\/90176.jpg\",\"width\":700,\"height\":700,\"caption\":\"Tiande Centimetre With Body Mass Index,1pc-0\"},{\"@type\":\"BreadcrumbList\",\"@id\":\"https:\/\/tiandeproducts.co.uk\/pl\/miara-z-funkcja-obliczania\/#breadcrumb\",\"itemListElement\":[{\"@type\":\"ListItem\",\"position\":1,\"name\":\"Home\",\"item\":\"https:\/\/tiandeproducts.co.uk\/pl\/\"},{\"@type\":\"ListItem\",\"position\":2,\"name\":\"Shop\",\"item\":\"https:\/\/tiandeproducts.co.uk\/pl\/shop-2\/\"},{\"@type\":\"ListItem\",\"position\":3,\"name\":\"Miara z funkcj\u0105 obliczania,1 szt.\"}]},{\"@type\":\"WebSite\",\"@id\":\"https:\/\/tiandeproducts.co.uk\/#website\",\"url\":\"https:\/\/tiandeproducts.co.uk\/\",\"name\":\"TianDe Online Shop - Beauty & Health\",\"description\":\"Traditional Chinese Medicine\",\"potentialAction\":[{\"@type\":\"SearchAction\",\"target\":{\"@type\":\"EntryPoint\",\"urlTemplate\":\"https:\/\/tiandeproducts.co.uk\/?s={search_term_string}\"},\"query-input\":{\"@type\":\"PropertyValueSpecification\",\"valueRequired\":true,\"valueName\":\"search_term_string\"}}],\"inLanguage\":\"pl-PL\"}]}<\/script>\n<!-- \/ Yoast SEO plugin. -->","yoast_head_json":{"title":"Miara z funkcj\u0105 obliczania,1 szt. - TianDe Online Shop - Beauty &amp; Health","robots":{"index":"index","follow":"follow","max-snippet":"max-snippet:-1","max-image-preview":"max-image-preview:large","max-video-preview":"max-video-preview:-1"},"canonical":"https:\/\/tiandeproducts.co.uk\/pl\/miara-z-funkcja-obliczania\/","og_locale":"pl_PL","og_type":"article","og_title":"Miara z funkcj\u0105 obliczania,1 szt. - TianDe Online Shop - Beauty &amp; Health","og_description":"\u00a0Earn 6 points worth \u00a30.30 when buying this product Metr ze wska\u017anikiem masy cia\u0142a firmy TianDe jest kompletnym centrum diagnostycznym w Twojej torebce lub szufladzie sto\u0142u. To prosty, mobilny, stylowy i kompaktowy pomocnik, kt\u00f3ry umo\u017cliwi Ci trzyma\u0107 w ryzach swoje wymiary. Metr od TianDe pomo\u017ce Ci: &#8211; po prostu zmierzy\u0107 obw\u00f3d pasa (jasny wska\u017anik, kt\u00f3ry [...]","og_url":"https:\/\/tiandeproducts.co.uk\/pl\/miara-z-funkcja-obliczania\/","og_site_name":"TianDe Online Shop - Beauty &amp; Health","article_publisher":"https:\/\/www.facebook.com\/tiande.products.england\/","article_modified_time":"2021-02-12T11:43:43+00:00","og_image":[{"width":700,"height":700,"url":"https:\/\/tiandeproducts.co.uk\/wp-content\/uploads\/2018\/11\/90176.jpg","type":"image\/jpeg"}],"twitter_card":"summary_large_image","twitter_misc":{"Szacowany czas czytania":"1 minuta"},"schema":{"@context":"https:\/\/schema.org","@graph":[{"@type":"WebPage","@id":"https:\/\/tiandeproducts.co.uk\/pl\/miara-z-funkcja-obliczania\/","url":"https:\/\/tiandeproducts.co.uk\/pl\/miara-z-funkcja-obliczania\/","name":"Miara z funkcj\u0105 obliczania,1 szt. - TianDe Online Shop - Beauty &amp; Health","isPartOf":{"@id":"https:\/\/tiandeproducts.co.uk\/#website"},"primaryImageOfPage":{"@id":"https:\/\/tiandeproducts.co.uk\/pl\/miara-z-funkcja-obliczania\/#primaryimage"},"image":{"@id":"https:\/\/tiandeproducts.co.uk\/pl\/miara-z-funkcja-obliczania\/#primaryimage"},"thumbnailUrl":"https:\/\/tiandeproducts.co.uk\/wp-content\/uploads\/2018\/11\/90176.jpg","datePublished":"2018-11-13T13:13:17+00:00","dateModified":"2021-02-12T11:43:43+00:00","breadcrumb":{"@id":"https:\/\/tiandeproducts.co.uk\/pl\/miara-z-funkcja-obliczania\/#breadcrumb"},"inLanguage":"pl-PL","potentialAction":[{"@type":"ReadAction","target":["https:\/\/tiandeproducts.co.uk\/pl\/miara-z-funkcja-obliczania\/"]}]},{"@type":"ImageObject","inLanguage":"pl-PL","@id":"https:\/\/tiandeproducts.co.uk\/pl\/miara-z-funkcja-obliczania\/#primaryimage","url":"https:\/\/tiandeproducts.co.uk\/wp-content\/uploads\/2018\/11\/90176.jpg","contentUrl":"https:\/\/tiandeproducts.co.uk\/wp-content\/uploads\/2018\/11\/90176.jpg","width":700,"height":700,"caption":"Tiande Centimetre With Body Mass Index,1pc-0"},{"@type":"BreadcrumbList","@id":"https:\/\/tiandeproducts.co.uk\/pl\/miara-z-funkcja-obliczania\/#breadcrumb","itemListElement":[{"@type":"ListItem","position":1,"name":"Home","item":"https:\/\/tiandeproducts.co.uk\/pl\/"},{"@type":"ListItem","position":2,"name":"Shop","item":"https:\/\/tiandeproducts.co.uk\/pl\/shop-2\/"},{"@type":"ListItem","position":3,"name":"Miara z funkcj\u0105 obliczania,1 szt."}]},{"@type":"WebSite","@id":"https:\/\/tiandeproducts.co.uk\/#website","url":"https:\/\/tiandeproducts.co.uk\/","name":"TianDe Online Shop - Beauty & Health","description":"Traditional Chinese Medicine","potentialAction":[{"@type":"SearchAction","target":{"@type":"EntryPoint","urlTemplate":"https:\/\/tiandeproducts.co.uk\/?s={search_term_string}"},"query-input":{"@type":"PropertyValueSpecification","valueRequired":true,"valueName":"search_term_string"}}],"inLanguage":"pl-PL"}]}},"_links":{"self":[{"href":"https:\/\/tiandeproducts.co.uk\/pl\/wp-json\/wp\/v2\/product\/4884","targetHints":{"allow":["GET"]}}],"collection":[{"href":"https:\/\/tiandeproducts.co.uk\/pl\/wp-json\/wp\/v2\/product"}],"about":[{"href":"https:\/\/tiandeproducts.co.uk\/pl\/wp-json\/wp\/v2\/types\/product"}],"replies":[{"embeddable":true,"href":"https:\/\/tiandeproducts.co.uk\/pl\/wp-json\/wp\/v2\/comments?post=4884"}],"wp:featuredmedia":[{"embeddable":true,"href":"https:\/\/tiandeproducts.co.uk\/pl\/wp-json\/wp\/v2\/media\/2072"}],"wp:attachment":[{"href":"https:\/\/tiandeproducts.co.uk\/pl\/wp-json\/wp\/v2\/media?parent=4884"}],"wp:term":[{"taxonomy":"product_cat","embeddable":true,"href":"https:\/\/tiandeproducts.co.uk\/pl\/wp-json\/wp\/v2\/product_cat?post=4884"},{"taxonomy":"product_tag","embeddable":true,"href":"https:\/\/tiandeproducts.co.uk\/pl\/wp-json\/wp\/v2\/product_tag?post=4884"}],"curies":[{"name":"wp","href":"https:\/\/api.w.org\/{rel}","templated":true}]}}