{"id":4877,"date":"2018-06-02T11:09:57","date_gmt":"2018-06-02T10:09:57","guid":{"rendered":"https:\/\/tnd.ontesting.co.uk\/urzadzenie-do-kompleksowej-koloroterapii-i-terapii-ultradzwiekami\/"},"modified":"2021-02-12T12:03:00","modified_gmt":"2021-02-12T12:03:00","slug":"urzadzenie-do-kompleksowej-koloroterapii-i-terapii-ultradzwiekami","status":"publish","type":"product","link":"https:\/\/tiandeproducts.co.uk\/pl\/urzadzenie-do-kompleksowej-koloroterapii-i-terapii-ultradzwiekami\/","title":{"rendered":"Urz\u0105dzenie do kompleksowej koloroterapii i terapii ultrad\u017awi\u0119kami,1 szt."},"content":{"rendered":"<div class=\"description\">\n<p><img decoding=\"async\" style=\"max-width: 16px; margin-right: 5px;\" src=\"https:\/\/tiandeproducts.co.uk\/wp-content\/uploads\/points-green.svg\" \/>\u00a0Earn 131 points worth \u00a36.55 when buying this product<\/p>\n<p>3D Photoner &#8211; przeno\u015bny aparat do kompleksowego oddzia\u0142ywania fotochromowego i ultrad\u017awi\u0119kowego stworzony do u\u017cytku domowego i przeznaczony do regularnych zabieg\u00f3w kosmetologicznych.<\/p>\n<p>Przyrz\u0105d \u0142\u0105czy w sobie skuteczn\u0105 metod\u0119 mikromasa\u017cu ultrad\u017awi\u0119kami i \u0142agodnego oddzia\u0142ywania fotochromowego (kolorowym \u015bwiat\u0142em) falami elektromagnetycznymi o r\u00f3\u017cnej d\u0142ugo\u015bci (kolor czerwony, niebieski, zielony).<\/p>\n<p>&#8211; oddzia\u0142ywanie ultrad\u017awi\u0119kami. Inna nazwa metody &#8211; sonoderma (z j\u0119zyka greckiego: sonic &#8211; \u201ed\u017awi\u0119k\u201c, derma &#8211; \u201esk\u00f3ra\u201c. Ultrad\u017awi\u0119ki to drgania mechaniczne &#8211; masa\u017c wibracyjny.<br \/>\n&#8211; oddzia\u0142ywanie fotochromowe (kolorowym \u015bwiat\u0142em) dobroczynnie wp\u0142ywa na stan sk\u00f3ry.<\/p>\n<p>Zastosowanie 3D Photoner w po\u0142\u0105czeniu z kosmetykami korporacji zauwa\u017calnie zwi\u0119ksza skuteczno\u015b\u0107 zabiegu dzi\u0119ki zwi\u0119kszonemu przenikaniu sk\u0142adnik\u00f3w aktywnych zawartych w produktach.<\/p>\n<p>Metody fotochromowego i ultrad\u017awi\u0119kowego oddzia\u0142ywania b\u0119d\u0105 odpowiednie dla sk\u00f3ry dojrza\u0142ej z oznakami wi\u0119dni\u0119cia, sk\u00f3ry suchej, sk\u00f3ry ze zmarszczkami i nier\u00f3wno\u015bciami, przebarwieniami i piegami, bliznami potr\u0105dzikowymi, bliznami po urazach itd.<\/p>\n<\/div>\n<div class=\"instruction\">\n<p><strong>ZASTOSOWANIE:<\/strong><\/p>\n<p>1. Dok\u0142adnie oczy\u015bci\u0107 twarz.<br \/>\n2. Pod\u0142\u0105czy\u0107 zasilacz sieciowy, w\u0142\u0105czy\u0107 zasilanie.<br \/>\n3. Na\u0142o\u017cy\u0107 grub\u0105 warstw\u0119 aktywnego kremu TianDe* na stref\u0119 twarzy, kt\u00f3ra b\u0119dzie poddana zabiegowi.<br \/>\n4. Zwr\u00f3ci\u0107 uwag\u0119 na to, aby element na\u015bwietlaj\u0105cy przyrz\u0105du dok\u0142adnie przylega\u0142 do sk\u00f3ry podczas zabiegu.<br \/>\n5. Czas zabiegu wynosi 10-15 minut. Uwaga! Podczas zabiegu nale\u017cy chroni\u0107 oczy.<\/p>\n<p>Nie zaleca si\u0119 kierowania elementu na\u015bwietlaj\u0105cego przyrz\u0105du na fragmenty sk\u00f3ry z egzem\u0105, tr\u0105dzikiem, oparzeniami i przebarwieniami s\u0142onecznymi. Przy wykonywaniu zabiegu nale\u017cy oddzia\u0142ywa\u0107 na odcinki sk\u00f3ry znajduj\u0105ce si\u0119 obok siebie.<\/p>\n<p>* Przyrz\u0105d jest skonstruowany w taki spos\u00f3b, aby mo\u017cliwe by\u0142o jego u\u017cycie wraz z odpowiednimi dla typu sk\u00f3ry kosmetykami w celu wzmocnienia efektu zabiegu. Przed wykonaniem zabiegu mo\u017cesz wi\u0119c na\u0142o\u017cy\u0107 krem nawil\u017caj\u0105cy lub liftinguj\u0105cy, \u017cel lub serum TianDe i cieszy\u0107 si\u0119 jeszcze lepszymi rezultatami!<\/p>\n<\/div>\n","protected":false},"excerpt":{"rendered":"<p>\u00a0Earn 131 points worth \u00a36.55 when buying this product 3D Photoner &#8211; przeno\u015bny aparat do kompleksowego oddzia\u0142ywania fotochromowego i ultrad\u017awi\u0119kowego stworzony do u\u017cytku domowego i przeznaczony do regularnych zabieg\u00f3w kosmetologicznych. Przyrz\u0105d \u0142\u0105czy w sobie skuteczn\u0105 metod\u0119 mikromasa\u017cu ultrad\u017awi\u0119kami i \u0142agodnego oddzia\u0142ywania fotochromowego (kolorowym \u015bwiat\u0142em) falami elektromagnetycznymi o r\u00f3\u017cnej d\u0142ugo\u015bci (kolor czerwony, niebieski, zielony). &#8211; oddzia\u0142ywanie [&#8230;]\n","protected":false},"featured_media":1927,"comment_status":"closed","ping_status":"closed","template":"","meta":[],"product_cat":[462,468,746,483,762,868],"product_tag":[],"class_list":{"0":"post-4877","1":"product","2":"type-product","3":"status-publish","4":"has-post-thumbnail","6":"product_cat-akcesoria","7":"product_cat-akcesoria-kosmetyczne","8":"product_cat-do-twarzy","9":"product_cat-masaz","10":"product_cat-mloda-skora","11":"product_cat-produkty-specjalistyczne","13":"first","14":"instock","15":"shipping-taxable","16":"purchasable","17":"product-type-simple"},"yoast_head":"<!-- This site is optimized with the Yoast SEO plugin v23.6 - https:\/\/yoast.com\/wordpress\/plugins\/seo\/ -->\n<title>Urz\u0105dzenie do kompleksowej koloroterapii i terapii ultrad\u017awi\u0119kami,1 szt. - TianDe Online Shop - Beauty &amp; Health<\/title>\n<meta name=\"robots\" content=\"index, follow, max-snippet:-1, max-image-preview:large, max-video-preview:-1\" \/>\n<link rel=\"canonical\" href=\"https:\/\/tiandeproducts.co.uk\/pl\/urzadzenie-do-kompleksowej-koloroterapii-i-terapii-ultradzwiekami\/\" \/>\n<meta property=\"og:locale\" content=\"pl_PL\" \/>\n<meta property=\"og:type\" content=\"article\" \/>\n<meta property=\"og:title\" content=\"Urz\u0105dzenie do kompleksowej koloroterapii i terapii ultrad\u017awi\u0119kami,1 szt. - TianDe Online Shop - Beauty &amp; Health\" \/>\n<meta property=\"og:description\" content=\"\u00a0Earn 131 points worth \u00a36.55 when buying this product 3D Photoner &#8211; przeno\u015bny aparat do kompleksowego oddzia\u0142ywania fotochromowego i ultrad\u017awi\u0119kowego stworzony do u\u017cytku domowego i przeznaczony do regularnych zabieg\u00f3w kosmetologicznych. Przyrz\u0105d \u0142\u0105czy w sobie skuteczn\u0105 metod\u0119 mikromasa\u017cu ultrad\u017awi\u0119kami i \u0142agodnego oddzia\u0142ywania fotochromowego (kolorowym \u015bwiat\u0142em) falami elektromagnetycznymi o r\u00f3\u017cnej d\u0142ugo\u015bci (kolor czerwony, niebieski, zielony). &#8211; oddzia\u0142ywanie [...]\" \/>\n<meta property=\"og:url\" content=\"https:\/\/tiandeproducts.co.uk\/pl\/urzadzenie-do-kompleksowej-koloroterapii-i-terapii-ultradzwiekami\/\" \/>\n<meta property=\"og:site_name\" content=\"TianDe Online Shop - Beauty &amp; Health\" \/>\n<meta property=\"article:publisher\" content=\"https:\/\/www.facebook.com\/tiande.products.england\/\" \/>\n<meta property=\"article:modified_time\" content=\"2021-02-12T12:03:00+00:00\" \/>\n<meta property=\"og:image\" content=\"https:\/\/tiandeproducts.co.uk\/wp-content\/uploads\/2018\/06\/90149.jpg\" \/>\n\t<meta property=\"og:image:width\" content=\"700\" \/>\n\t<meta property=\"og:image:height\" content=\"700\" \/>\n\t<meta property=\"og:image:type\" content=\"image\/jpeg\" \/>\n<meta name=\"twitter:card\" content=\"summary_large_image\" \/>\n<meta name=\"twitter:label1\" content=\"Szacowany czas czytania\" \/>\n\t<meta name=\"twitter:data1\" content=\"2 minuty\" \/>\n<script type=\"application\/ld+json\" class=\"yoast-schema-graph\">{\"@context\":\"https:\/\/schema.org\",\"@graph\":[{\"@type\":\"WebPage\",\"@id\":\"https:\/\/tiandeproducts.co.uk\/pl\/urzadzenie-do-kompleksowej-koloroterapii-i-terapii-ultradzwiekami\/\",\"url\":\"https:\/\/tiandeproducts.co.uk\/pl\/urzadzenie-do-kompleksowej-koloroterapii-i-terapii-ultradzwiekami\/\",\"name\":\"Urz\u0105dzenie do kompleksowej koloroterapii i terapii ultrad\u017awi\u0119kami,1 szt. - TianDe Online Shop - Beauty &amp; Health\",\"isPartOf\":{\"@id\":\"https:\/\/tiandeproducts.co.uk\/#website\"},\"primaryImageOfPage\":{\"@id\":\"https:\/\/tiandeproducts.co.uk\/pl\/urzadzenie-do-kompleksowej-koloroterapii-i-terapii-ultradzwiekami\/#primaryimage\"},\"image\":{\"@id\":\"https:\/\/tiandeproducts.co.uk\/pl\/urzadzenie-do-kompleksowej-koloroterapii-i-terapii-ultradzwiekami\/#primaryimage\"},\"thumbnailUrl\":\"https:\/\/tiandeproducts.co.uk\/wp-content\/uploads\/2018\/06\/90149.jpg\",\"datePublished\":\"2018-06-02T10:09:57+00:00\",\"dateModified\":\"2021-02-12T12:03:00+00:00\",\"breadcrumb\":{\"@id\":\"https:\/\/tiandeproducts.co.uk\/pl\/urzadzenie-do-kompleksowej-koloroterapii-i-terapii-ultradzwiekami\/#breadcrumb\"},\"inLanguage\":\"pl-PL\",\"potentialAction\":[{\"@type\":\"ReadAction\",\"target\":[\"https:\/\/tiandeproducts.co.uk\/pl\/urzadzenie-do-kompleksowej-koloroterapii-i-terapii-ultradzwiekami\/\"]}]},{\"@type\":\"ImageObject\",\"inLanguage\":\"pl-PL\",\"@id\":\"https:\/\/tiandeproducts.co.uk\/pl\/urzadzenie-do-kompleksowej-koloroterapii-i-terapii-ultradzwiekami\/#primaryimage\",\"url\":\"https:\/\/tiandeproducts.co.uk\/wp-content\/uploads\/2018\/06\/90149.jpg\",\"contentUrl\":\"https:\/\/tiandeproducts.co.uk\/wp-content\/uploads\/2018\/06\/90149.jpg\",\"width\":700,\"height\":700,\"caption\":\"Device for complex exposure to photochromic and ultrasound energy,1pc-0\"},{\"@type\":\"BreadcrumbList\",\"@id\":\"https:\/\/tiandeproducts.co.uk\/pl\/urzadzenie-do-kompleksowej-koloroterapii-i-terapii-ultradzwiekami\/#breadcrumb\",\"itemListElement\":[{\"@type\":\"ListItem\",\"position\":1,\"name\":\"Home\",\"item\":\"https:\/\/tiandeproducts.co.uk\/pl\/\"},{\"@type\":\"ListItem\",\"position\":2,\"name\":\"Shop\",\"item\":\"https:\/\/tiandeproducts.co.uk\/pl\/shop-2\/\"},{\"@type\":\"ListItem\",\"position\":3,\"name\":\"Urz\u0105dzenie do kompleksowej koloroterapii i terapii ultrad\u017awi\u0119kami,1 szt.\"}]},{\"@type\":\"WebSite\",\"@id\":\"https:\/\/tiandeproducts.co.uk\/#website\",\"url\":\"https:\/\/tiandeproducts.co.uk\/\",\"name\":\"TianDe Online Shop - Beauty & Health\",\"description\":\"Traditional Chinese Medicine\",\"potentialAction\":[{\"@type\":\"SearchAction\",\"target\":{\"@type\":\"EntryPoint\",\"urlTemplate\":\"https:\/\/tiandeproducts.co.uk\/?s={search_term_string}\"},\"query-input\":{\"@type\":\"PropertyValueSpecification\",\"valueRequired\":true,\"valueName\":\"search_term_string\"}}],\"inLanguage\":\"pl-PL\"}]}<\/script>\n<!-- \/ Yoast SEO plugin. -->","yoast_head_json":{"title":"Urz\u0105dzenie do kompleksowej koloroterapii i terapii ultrad\u017awi\u0119kami,1 szt. - TianDe Online Shop - Beauty &amp; Health","robots":{"index":"index","follow":"follow","max-snippet":"max-snippet:-1","max-image-preview":"max-image-preview:large","max-video-preview":"max-video-preview:-1"},"canonical":"https:\/\/tiandeproducts.co.uk\/pl\/urzadzenie-do-kompleksowej-koloroterapii-i-terapii-ultradzwiekami\/","og_locale":"pl_PL","og_type":"article","og_title":"Urz\u0105dzenie do kompleksowej koloroterapii i terapii ultrad\u017awi\u0119kami,1 szt. - TianDe Online Shop - Beauty &amp; Health","og_description":"\u00a0Earn 131 points worth \u00a36.55 when buying this product 3D Photoner &#8211; przeno\u015bny aparat do kompleksowego oddzia\u0142ywania fotochromowego i ultrad\u017awi\u0119kowego stworzony do u\u017cytku domowego i przeznaczony do regularnych zabieg\u00f3w kosmetologicznych. Przyrz\u0105d \u0142\u0105czy w sobie skuteczn\u0105 metod\u0119 mikromasa\u017cu ultrad\u017awi\u0119kami i \u0142agodnego oddzia\u0142ywania fotochromowego (kolorowym \u015bwiat\u0142em) falami elektromagnetycznymi o r\u00f3\u017cnej d\u0142ugo\u015bci (kolor czerwony, niebieski, zielony). &#8211; oddzia\u0142ywanie [...]","og_url":"https:\/\/tiandeproducts.co.uk\/pl\/urzadzenie-do-kompleksowej-koloroterapii-i-terapii-ultradzwiekami\/","og_site_name":"TianDe Online Shop - Beauty &amp; Health","article_publisher":"https:\/\/www.facebook.com\/tiande.products.england\/","article_modified_time":"2021-02-12T12:03:00+00:00","og_image":[{"width":700,"height":700,"url":"https:\/\/tiandeproducts.co.uk\/wp-content\/uploads\/2018\/06\/90149.jpg","type":"image\/jpeg"}],"twitter_card":"summary_large_image","twitter_misc":{"Szacowany czas czytania":"2 minuty"},"schema":{"@context":"https:\/\/schema.org","@graph":[{"@type":"WebPage","@id":"https:\/\/tiandeproducts.co.uk\/pl\/urzadzenie-do-kompleksowej-koloroterapii-i-terapii-ultradzwiekami\/","url":"https:\/\/tiandeproducts.co.uk\/pl\/urzadzenie-do-kompleksowej-koloroterapii-i-terapii-ultradzwiekami\/","name":"Urz\u0105dzenie do kompleksowej koloroterapii i terapii ultrad\u017awi\u0119kami,1 szt. - TianDe Online Shop - Beauty &amp; Health","isPartOf":{"@id":"https:\/\/tiandeproducts.co.uk\/#website"},"primaryImageOfPage":{"@id":"https:\/\/tiandeproducts.co.uk\/pl\/urzadzenie-do-kompleksowej-koloroterapii-i-terapii-ultradzwiekami\/#primaryimage"},"image":{"@id":"https:\/\/tiandeproducts.co.uk\/pl\/urzadzenie-do-kompleksowej-koloroterapii-i-terapii-ultradzwiekami\/#primaryimage"},"thumbnailUrl":"https:\/\/tiandeproducts.co.uk\/wp-content\/uploads\/2018\/06\/90149.jpg","datePublished":"2018-06-02T10:09:57+00:00","dateModified":"2021-02-12T12:03:00+00:00","breadcrumb":{"@id":"https:\/\/tiandeproducts.co.uk\/pl\/urzadzenie-do-kompleksowej-koloroterapii-i-terapii-ultradzwiekami\/#breadcrumb"},"inLanguage":"pl-PL","potentialAction":[{"@type":"ReadAction","target":["https:\/\/tiandeproducts.co.uk\/pl\/urzadzenie-do-kompleksowej-koloroterapii-i-terapii-ultradzwiekami\/"]}]},{"@type":"ImageObject","inLanguage":"pl-PL","@id":"https:\/\/tiandeproducts.co.uk\/pl\/urzadzenie-do-kompleksowej-koloroterapii-i-terapii-ultradzwiekami\/#primaryimage","url":"https:\/\/tiandeproducts.co.uk\/wp-content\/uploads\/2018\/06\/90149.jpg","contentUrl":"https:\/\/tiandeproducts.co.uk\/wp-content\/uploads\/2018\/06\/90149.jpg","width":700,"height":700,"caption":"Device for complex exposure to photochromic and ultrasound energy,1pc-0"},{"@type":"BreadcrumbList","@id":"https:\/\/tiandeproducts.co.uk\/pl\/urzadzenie-do-kompleksowej-koloroterapii-i-terapii-ultradzwiekami\/#breadcrumb","itemListElement":[{"@type":"ListItem","position":1,"name":"Home","item":"https:\/\/tiandeproducts.co.uk\/pl\/"},{"@type":"ListItem","position":2,"name":"Shop","item":"https:\/\/tiandeproducts.co.uk\/pl\/shop-2\/"},{"@type":"ListItem","position":3,"name":"Urz\u0105dzenie do kompleksowej koloroterapii i terapii ultrad\u017awi\u0119kami,1 szt."}]},{"@type":"WebSite","@id":"https:\/\/tiandeproducts.co.uk\/#website","url":"https:\/\/tiandeproducts.co.uk\/","name":"TianDe Online Shop - Beauty & Health","description":"Traditional Chinese Medicine","potentialAction":[{"@type":"SearchAction","target":{"@type":"EntryPoint","urlTemplate":"https:\/\/tiandeproducts.co.uk\/?s={search_term_string}"},"query-input":{"@type":"PropertyValueSpecification","valueRequired":true,"valueName":"search_term_string"}}],"inLanguage":"pl-PL"}]}},"_links":{"self":[{"href":"https:\/\/tiandeproducts.co.uk\/pl\/wp-json\/wp\/v2\/product\/4877","targetHints":{"allow":["GET"]}}],"collection":[{"href":"https:\/\/tiandeproducts.co.uk\/pl\/wp-json\/wp\/v2\/product"}],"about":[{"href":"https:\/\/tiandeproducts.co.uk\/pl\/wp-json\/wp\/v2\/types\/product"}],"replies":[{"embeddable":true,"href":"https:\/\/tiandeproducts.co.uk\/pl\/wp-json\/wp\/v2\/comments?post=4877"}],"wp:featuredmedia":[{"embeddable":true,"href":"https:\/\/tiandeproducts.co.uk\/pl\/wp-json\/wp\/v2\/media\/1927"}],"wp:attachment":[{"href":"https:\/\/tiandeproducts.co.uk\/pl\/wp-json\/wp\/v2\/media?parent=4877"}],"wp:term":[{"taxonomy":"product_cat","embeddable":true,"href":"https:\/\/tiandeproducts.co.uk\/pl\/wp-json\/wp\/v2\/product_cat?post=4877"},{"taxonomy":"product_tag","embeddable":true,"href":"https:\/\/tiandeproducts.co.uk\/pl\/wp-json\/wp\/v2\/product_tag?post=4877"}],"curies":[{"name":"wp","href":"https:\/\/api.w.org\/{rel}","templated":true}]}}