{"id":4870,"date":"2017-12-09T19:08:36","date_gmt":"2017-12-09T19:08:36","guid":{"rendered":"https:\/\/tnd.ontesting.co.uk\/gabka-do-mycia-i-masazu-twarzy\/"},"modified":"2024-02-28T09:17:26","modified_gmt":"2024-02-28T09:17:26","slug":"gabka-do-mycia-i-masazu-twarzy","status":"publish","type":"product","link":"https:\/\/tiandeproducts.co.uk\/pl\/gabka-do-mycia-i-masazu-twarzy\/","title":{"rendered":"G\u0105bka do mycia i masa\u017cu twarzy,1 szt."},"content":{"rendered":"<div class=\"description\">\n<p>G\u0105bka do mycia i masa\u017cu na pewno b\u0119dzie Twoim ulubionym przyborem! Tylko sobie wyobra\u017a: dzi\u0119ki niej mo\u017cesz wielokrotnie zwi\u0119kszy\u0107 skuteczno\u015b\u0107 codziennych zabieg\u00f3w! Przekonasz si\u0119, \u017ce Tw\u00f3j ulubiony \u017cel do mycia od TianDe mo\u017ce wi\u0119cej. Czyste pory, delikatna sk\u00f3ra i l\u015bni\u0105cy kolor &#8211; dzi\u0119ki modnemu gad\u017cetowi do piel\u0119gnacji urody rozwi\u0105\u017cesz jednocze\u015bnie kilka zada\u0144.<\/p>\n<p>Dzi\u0119ki g\u0142\u0119bokiemu oczyszczaniu sk\u00f3ry z cz\u0105steczek py\u0142u, pozosta\u0142o\u015bci kosmetyk\u00f3w i wydzieliny gruczo\u0142\u00f3w \u0142ojowych, g\u0105bka pomo\u017ce Ci w walce z zask\u00f3rnikami. \u0141agodny masa\u017c przy jej u\u017cyciu mo\u017cna por\u00f3wna\u0107 z delikatnym peelingiem, kt\u00f3ry poprawia kr\u0105\u017cenie krwi. Rezultat: kolor twarzy poprawia si\u0119, sk\u00f3ra staje si\u0119 delikatna i g\u0142adka.<\/p>\n<p>Na roboczej powierzchni g\u0105bki znajduj\u0105 si\u0119 liczne mi\u0119kkie i bardzo przyjemne w dotyku wypustki. Te \u201epaluszki\u201c znakomicie z\u0142uszczaj\u0105 sk\u00f3r\u0119, jednocze\u015bnie nie powoduj\u0105c jej uszkodze\u0144. Dodatkowo pozwalaj\u0105 dobrze spieni\u0107 ka\u017cdy kosmetyk oczyszczaj\u0105cy. Na odwrotnej stronie g\u0105bki znajduje si\u0119 niewielka przyssawka, pozwalaj\u0105ca na przymocowanie gad\u017cetu do lustra w \u0142azience. Mo\u017ce s\u0142u\u017cy\u0107 jako uchwyt g\u0105bki podczas zabieg\u00f3w kosmetycznych.<\/p>\n<p>Silikon, z kt\u00f3rego zosta\u0142a zrobiona g\u0105bka, to trwa\u0142y materia\u0142, kt\u00f3ry nawet przy regularnym u\u017cywaniu pos\u0142u\u017cy bardzo d\u0142ugo.<\/p>\n<p>Kompaktowa i mobilna g\u0105bka stanie si\u0119 Twoim wiernym towarzyszem w podr\u00f3\u017cy &#8211; na urlopie te\u017c warto pami\u0119ta\u0107 o piel\u0119gnacji sk\u00f3ry. Po\u0142\u0105cz \u0142agodny masa\u017c z delikatn\u0105 eksfoliacj\u0105 i podaruj swojej sk\u00f3rze trosk\u0119 bez specjalnego wysi\u0142ku.<\/p>\n<\/div>\n<div class=\"instruction\">\n<p><strong>ZASTOSOWANIE:<\/strong><\/p>\n<p>Na\u0142\u00f3\u017c oczyszczaj\u0105cy kosmetyk na twarz i masuj sk\u00f3r\u0119 g\u0105bk\u0105, omijaj\u0105c okolice oczu. Nast\u0119pnie zmyj z twarzy pozosta\u0142o\u015bci kosmetyku do mycia, a sam\u0105 g\u0105bk\u0119 przemyj bie\u017c\u0105c\u0105 wod\u0105.<\/p>\n<\/div>\n","protected":false},"excerpt":{"rendered":"<p>G\u0105bka do mycia i masa\u017cu na pewno b\u0119dzie Twoim ulubionym przyborem! Tylko sobie wyobra\u017a: dzi\u0119ki niej mo\u017cesz wielokrotnie zwi\u0119kszy\u0107 skuteczno\u015b\u0107 codziennych zabieg\u00f3w! Przekonasz si\u0119, \u017ce Tw\u00f3j ulubiony \u017cel do mycia od TianDe mo\u017ce wi\u0119cej. Czyste pory, delikatna sk\u00f3ra i l\u015bni\u0105cy kolor &#8211; dzi\u0119ki modnemu gad\u017cetowi do piel\u0119gnacji urody rozwi\u0105\u017cesz jednocze\u015bnie kilka zada\u0144. Dzi\u0119ki g\u0142\u0119bokiemu oczyszczaniu [&#8230;]\n","protected":false},"featured_media":1777,"comment_status":"closed","ping_status":"closed","template":"","meta":[],"product_cat":[462,468,746,483,877,489],"product_tag":[],"class_list":{"0":"post-4870","1":"product","2":"type-product","3":"status-publish","4":"has-post-thumbnail","6":"product_cat-akcesoria","7":"product_cat-akcesoria-kosmetyczne","8":"product_cat-do-twarzy","9":"product_cat-masaz","10":"product_cat-mycie-twarzy-i-peelingi","11":"product_cat-oczyszczanie-skory","13":"first","14":"instock","15":"shipping-taxable","16":"purchasable","17":"product-type-variable"},"yoast_head":"<!-- This site is optimized with the Yoast SEO plugin v23.6 - https:\/\/yoast.com\/wordpress\/plugins\/seo\/ -->\n<title>G\u0105bka do mycia i masa\u017cu twarzy,1 szt. - TianDe Online Shop - Beauty &amp; Health<\/title>\n<meta name=\"robots\" content=\"index, follow, max-snippet:-1, max-image-preview:large, max-video-preview:-1\" \/>\n<link rel=\"canonical\" href=\"https:\/\/tiandeproducts.co.uk\/pl\/gabka-do-mycia-i-masazu-twarzy\/\" \/>\n<meta property=\"og:locale\" content=\"pl_PL\" \/>\n<meta property=\"og:type\" content=\"article\" \/>\n<meta property=\"og:title\" content=\"G\u0105bka do mycia i masa\u017cu twarzy,1 szt. - TianDe Online Shop - Beauty &amp; Health\" \/>\n<meta property=\"og:description\" content=\"G\u0105bka do mycia i masa\u017cu na pewno b\u0119dzie Twoim ulubionym przyborem! Tylko sobie wyobra\u017a: dzi\u0119ki niej mo\u017cesz wielokrotnie zwi\u0119kszy\u0107 skuteczno\u015b\u0107 codziennych zabieg\u00f3w! Przekonasz si\u0119, \u017ce Tw\u00f3j ulubiony \u017cel do mycia od TianDe mo\u017ce wi\u0119cej. Czyste pory, delikatna sk\u00f3ra i l\u015bni\u0105cy kolor &#8211; dzi\u0119ki modnemu gad\u017cetowi do piel\u0119gnacji urody rozwi\u0105\u017cesz jednocze\u015bnie kilka zada\u0144. Dzi\u0119ki g\u0142\u0119bokiemu oczyszczaniu [...]\" \/>\n<meta property=\"og:url\" content=\"https:\/\/tiandeproducts.co.uk\/pl\/gabka-do-mycia-i-masazu-twarzy\/\" \/>\n<meta property=\"og:site_name\" content=\"TianDe Online Shop - Beauty &amp; Health\" \/>\n<meta property=\"article:publisher\" content=\"https:\/\/www.facebook.com\/tiande.products.england\/\" \/>\n<meta property=\"article:modified_time\" content=\"2024-02-28T09:17:26+00:00\" \/>\n<meta property=\"og:image\" content=\"https:\/\/tiandeproducts.co.uk\/wp-content\/uploads\/2017\/12\/90165_01_02.jpg\" \/>\n\t<meta property=\"og:image:width\" content=\"700\" \/>\n\t<meta property=\"og:image:height\" content=\"700\" \/>\n\t<meta property=\"og:image:type\" content=\"image\/jpeg\" \/>\n<meta name=\"twitter:card\" content=\"summary_large_image\" \/>\n<meta name=\"twitter:label1\" content=\"Szacowany czas czytania\" \/>\n\t<meta name=\"twitter:data1\" content=\"2 minuty\" \/>\n<script type=\"application\/ld+json\" class=\"yoast-schema-graph\">{\"@context\":\"https:\/\/schema.org\",\"@graph\":[{\"@type\":\"WebPage\",\"@id\":\"https:\/\/tiandeproducts.co.uk\/pl\/gabka-do-mycia-i-masazu-twarzy\/\",\"url\":\"https:\/\/tiandeproducts.co.uk\/pl\/gabka-do-mycia-i-masazu-twarzy\/\",\"name\":\"G\u0105bka do mycia i masa\u017cu twarzy,1 szt. - TianDe Online Shop - Beauty &amp; Health\",\"isPartOf\":{\"@id\":\"https:\/\/tiandeproducts.co.uk\/#website\"},\"primaryImageOfPage\":{\"@id\":\"https:\/\/tiandeproducts.co.uk\/pl\/gabka-do-mycia-i-masazu-twarzy\/#primaryimage\"},\"image\":{\"@id\":\"https:\/\/tiandeproducts.co.uk\/pl\/gabka-do-mycia-i-masazu-twarzy\/#primaryimage\"},\"thumbnailUrl\":\"https:\/\/tiandeproducts.co.uk\/wp-content\/uploads\/2017\/12\/90165_01_02.jpg\",\"datePublished\":\"2017-12-09T19:08:36+00:00\",\"dateModified\":\"2024-02-28T09:17:26+00:00\",\"breadcrumb\":{\"@id\":\"https:\/\/tiandeproducts.co.uk\/pl\/gabka-do-mycia-i-masazu-twarzy\/#breadcrumb\"},\"inLanguage\":\"pl-PL\",\"potentialAction\":[{\"@type\":\"ReadAction\",\"target\":[\"https:\/\/tiandeproducts.co.uk\/pl\/gabka-do-mycia-i-masazu-twarzy\/\"]}]},{\"@type\":\"ImageObject\",\"inLanguage\":\"pl-PL\",\"@id\":\"https:\/\/tiandeproducts.co.uk\/pl\/gabka-do-mycia-i-masazu-twarzy\/#primaryimage\",\"url\":\"https:\/\/tiandeproducts.co.uk\/wp-content\/uploads\/2017\/12\/90165_01_02.jpg\",\"contentUrl\":\"https:\/\/tiandeproducts.co.uk\/wp-content\/uploads\/2017\/12\/90165_01_02.jpg\",\"width\":700,\"height\":700,\"caption\":\"Cleansing & Massaging Face Sponge,Ideally Clean Skin,1pc-0\"},{\"@type\":\"BreadcrumbList\",\"@id\":\"https:\/\/tiandeproducts.co.uk\/pl\/gabka-do-mycia-i-masazu-twarzy\/#breadcrumb\",\"itemListElement\":[{\"@type\":\"ListItem\",\"position\":1,\"name\":\"Home\",\"item\":\"https:\/\/tiandeproducts.co.uk\/pl\/\"},{\"@type\":\"ListItem\",\"position\":2,\"name\":\"Shop\",\"item\":\"https:\/\/tiandeproducts.co.uk\/pl\/shop-2\/\"},{\"@type\":\"ListItem\",\"position\":3,\"name\":\"G\u0105bka do mycia i masa\u017cu twarzy,1 szt.\"}]},{\"@type\":\"WebSite\",\"@id\":\"https:\/\/tiandeproducts.co.uk\/#website\",\"url\":\"https:\/\/tiandeproducts.co.uk\/\",\"name\":\"TianDe Online Shop - Beauty & Health\",\"description\":\"Traditional Chinese Medicine\",\"potentialAction\":[{\"@type\":\"SearchAction\",\"target\":{\"@type\":\"EntryPoint\",\"urlTemplate\":\"https:\/\/tiandeproducts.co.uk\/?s={search_term_string}\"},\"query-input\":{\"@type\":\"PropertyValueSpecification\",\"valueRequired\":true,\"valueName\":\"search_term_string\"}}],\"inLanguage\":\"pl-PL\"}]}<\/script>\n<!-- \/ Yoast SEO plugin. -->","yoast_head_json":{"title":"G\u0105bka do mycia i masa\u017cu twarzy,1 szt. - TianDe Online Shop - Beauty &amp; Health","robots":{"index":"index","follow":"follow","max-snippet":"max-snippet:-1","max-image-preview":"max-image-preview:large","max-video-preview":"max-video-preview:-1"},"canonical":"https:\/\/tiandeproducts.co.uk\/pl\/gabka-do-mycia-i-masazu-twarzy\/","og_locale":"pl_PL","og_type":"article","og_title":"G\u0105bka do mycia i masa\u017cu twarzy,1 szt. - TianDe Online Shop - Beauty &amp; Health","og_description":"G\u0105bka do mycia i masa\u017cu na pewno b\u0119dzie Twoim ulubionym przyborem! Tylko sobie wyobra\u017a: dzi\u0119ki niej mo\u017cesz wielokrotnie zwi\u0119kszy\u0107 skuteczno\u015b\u0107 codziennych zabieg\u00f3w! Przekonasz si\u0119, \u017ce Tw\u00f3j ulubiony \u017cel do mycia od TianDe mo\u017ce wi\u0119cej. Czyste pory, delikatna sk\u00f3ra i l\u015bni\u0105cy kolor &#8211; dzi\u0119ki modnemu gad\u017cetowi do piel\u0119gnacji urody rozwi\u0105\u017cesz jednocze\u015bnie kilka zada\u0144. Dzi\u0119ki g\u0142\u0119bokiemu oczyszczaniu [...]","og_url":"https:\/\/tiandeproducts.co.uk\/pl\/gabka-do-mycia-i-masazu-twarzy\/","og_site_name":"TianDe Online Shop - Beauty &amp; Health","article_publisher":"https:\/\/www.facebook.com\/tiande.products.england\/","article_modified_time":"2024-02-28T09:17:26+00:00","og_image":[{"width":700,"height":700,"url":"https:\/\/tiandeproducts.co.uk\/wp-content\/uploads\/2017\/12\/90165_01_02.jpg","type":"image\/jpeg"}],"twitter_card":"summary_large_image","twitter_misc":{"Szacowany czas czytania":"2 minuty"},"schema":{"@context":"https:\/\/schema.org","@graph":[{"@type":"WebPage","@id":"https:\/\/tiandeproducts.co.uk\/pl\/gabka-do-mycia-i-masazu-twarzy\/","url":"https:\/\/tiandeproducts.co.uk\/pl\/gabka-do-mycia-i-masazu-twarzy\/","name":"G\u0105bka do mycia i masa\u017cu twarzy,1 szt. - TianDe Online Shop - Beauty &amp; Health","isPartOf":{"@id":"https:\/\/tiandeproducts.co.uk\/#website"},"primaryImageOfPage":{"@id":"https:\/\/tiandeproducts.co.uk\/pl\/gabka-do-mycia-i-masazu-twarzy\/#primaryimage"},"image":{"@id":"https:\/\/tiandeproducts.co.uk\/pl\/gabka-do-mycia-i-masazu-twarzy\/#primaryimage"},"thumbnailUrl":"https:\/\/tiandeproducts.co.uk\/wp-content\/uploads\/2017\/12\/90165_01_02.jpg","datePublished":"2017-12-09T19:08:36+00:00","dateModified":"2024-02-28T09:17:26+00:00","breadcrumb":{"@id":"https:\/\/tiandeproducts.co.uk\/pl\/gabka-do-mycia-i-masazu-twarzy\/#breadcrumb"},"inLanguage":"pl-PL","potentialAction":[{"@type":"ReadAction","target":["https:\/\/tiandeproducts.co.uk\/pl\/gabka-do-mycia-i-masazu-twarzy\/"]}]},{"@type":"ImageObject","inLanguage":"pl-PL","@id":"https:\/\/tiandeproducts.co.uk\/pl\/gabka-do-mycia-i-masazu-twarzy\/#primaryimage","url":"https:\/\/tiandeproducts.co.uk\/wp-content\/uploads\/2017\/12\/90165_01_02.jpg","contentUrl":"https:\/\/tiandeproducts.co.uk\/wp-content\/uploads\/2017\/12\/90165_01_02.jpg","width":700,"height":700,"caption":"Cleansing & Massaging Face Sponge,Ideally Clean Skin,1pc-0"},{"@type":"BreadcrumbList","@id":"https:\/\/tiandeproducts.co.uk\/pl\/gabka-do-mycia-i-masazu-twarzy\/#breadcrumb","itemListElement":[{"@type":"ListItem","position":1,"name":"Home","item":"https:\/\/tiandeproducts.co.uk\/pl\/"},{"@type":"ListItem","position":2,"name":"Shop","item":"https:\/\/tiandeproducts.co.uk\/pl\/shop-2\/"},{"@type":"ListItem","position":3,"name":"G\u0105bka do mycia i masa\u017cu twarzy,1 szt."}]},{"@type":"WebSite","@id":"https:\/\/tiandeproducts.co.uk\/#website","url":"https:\/\/tiandeproducts.co.uk\/","name":"TianDe Online Shop - Beauty & Health","description":"Traditional Chinese Medicine","potentialAction":[{"@type":"SearchAction","target":{"@type":"EntryPoint","urlTemplate":"https:\/\/tiandeproducts.co.uk\/?s={search_term_string}"},"query-input":{"@type":"PropertyValueSpecification","valueRequired":true,"valueName":"search_term_string"}}],"inLanguage":"pl-PL"}]}},"_links":{"self":[{"href":"https:\/\/tiandeproducts.co.uk\/pl\/wp-json\/wp\/v2\/product\/4870","targetHints":{"allow":["GET"]}}],"collection":[{"href":"https:\/\/tiandeproducts.co.uk\/pl\/wp-json\/wp\/v2\/product"}],"about":[{"href":"https:\/\/tiandeproducts.co.uk\/pl\/wp-json\/wp\/v2\/types\/product"}],"replies":[{"embeddable":true,"href":"https:\/\/tiandeproducts.co.uk\/pl\/wp-json\/wp\/v2\/comments?post=4870"}],"wp:featuredmedia":[{"embeddable":true,"href":"https:\/\/tiandeproducts.co.uk\/pl\/wp-json\/wp\/v2\/media\/1777"}],"wp:attachment":[{"href":"https:\/\/tiandeproducts.co.uk\/pl\/wp-json\/wp\/v2\/media?parent=4870"}],"wp:term":[{"taxonomy":"product_cat","embeddable":true,"href":"https:\/\/tiandeproducts.co.uk\/pl\/wp-json\/wp\/v2\/product_cat?post=4870"},{"taxonomy":"product_tag","embeddable":true,"href":"https:\/\/tiandeproducts.co.uk\/pl\/wp-json\/wp\/v2\/product_tag?post=4870"}],"curies":[{"name":"wp","href":"https:\/\/api.w.org\/{rel}","templated":true}]}}